{"id":23197,"date":"2024-06-27T02:45:57","date_gmt":"2024-06-27T00:45:57","guid":{"rendered":"https:\/\/aquaforest.eu\/products\/sem%20categoria\/component-c\/"},"modified":"2025-07-14T14:38:42","modified_gmt":"2025-07-14T12:38:42","slug":"component-c","status":"publish","type":"product","link":"https:\/\/aquaforest.eu\/pt\/products\/seawater-pt\/water-treatment-pt\/component-c\/","title":{"rendered":"Component C"},"content":{"rendered":"<p>O Component C foi desenvolvido para complementar pequenas defici\u00eancias de iodo e fl\u00faor em aqu\u00e1rios marinhos. Skimmers e m\u00eddias de filtragem tendem a remover oligoelementos da \u00e1gua em sistemas fechados, tornando a suplementa\u00e7\u00e3o de micronutrientes necess\u00e1ria. Em aqu\u00e1rios marinhos, o iodo \u00e9 essencial para o funcionamento geral das c\u00e9lulas e para o transporte de nutrientes. J\u00e1 o fl\u00faor participa do processo de calcifica\u00e7\u00e3o e contribui para o desenvolvimento do tecido esquel\u00e9tico.<br \/>\nO uso do Component C garante que os n\u00edveis de iodo e fl\u00faor se mantenham similares aos da \u00e1gua do mar natural. Devido ao equil\u00edbrio ideal entre os dois elementos, o Componente C real\u00e7a a colora\u00e7\u00e3o dos corais duros, intensificando as tonalidades azul e violeta, al\u00e9m de destacar o branco em corais SPS.<br \/>\nA concentra\u00e7\u00e3o segura do produto minimiza o risco de overdose de micronutrientes, tornando-o adequado tamb\u00e9m para aquaristas iniciantes.<\/p>\n<p>&nbsp;<\/p>\n<hr \/>\n<p>&nbsp;<\/p>\n<p><strong>Dosagem:<\/strong>\u00a0Em aqu\u00e1rios de recife mistos, aplicar 5 ml por 100 l de \u00e1gua uma vez por semana. A dose tamb\u00e9m pode ser ajustada de acordo com o consumo de c\u00e1lcio: 1 ml para cada 20 ppm\/100 l de \u00e1gua. Em sistemas que utilizam o m\u00e9todo Balling: 20 ml para cada 1 litro da solu\u00e7\u00e3o de KH Buffer. Ao utilizar os Component A, B e C, deve-se respeitar um intervalo de 5 minutos entre cada dosagem.<\/p>\n<p>&nbsp;<\/p>\n<hr \/>\n<p>&nbsp;<\/p>\n<p><strong>Importante:<\/strong>N\u00e3o misture nem armazene os componentes em um \u00fanico recipiente. Produto destinado exclusivamente ao uso em aqu\u00e1rios. Armazenar em local fresco e protegido da luz. Manter fora do alcance de crian\u00e7as.<\/p>\n","protected":false},"excerpt":{"rendered":"<p>Desenvolvido para complementar defici\u00eancias leves de iodo e fl\u00faor em aqu\u00e1rios marinhos<\/p>\n","protected":false},"featured_media":23198,"template":"","meta":{"_acf_changed":false,"content-type":""},"product_brand":[],"product_cat":[1651],"product_tag":[1671,1652,1658,1657],"class_list":{"0":"post-23197","1":"product","2":"type-product","3":"status-publish","4":"has-post-thumbnail","6":"product_cat-water-treatment-pt","7":"product_tag-aquaforest-pt","8":"product_tag-seawater-aquatic-pt","9":"product_tag-variable-pt","10":"product_tag-water-treatment-pt","12":"first","13":"instock","14":"taxable","15":"shipping-taxable","16":"purchasable","17":"product-type-variable","18":"has-default-attributes"},"acf":[],"yoast_head":"<!-- This site is optimized with the Yoast SEO plugin v27.1.1 - https:\/\/yoast.com\/product\/yoast-seo-wordpress\/ -->\n<title>Component C - Aquaforest<\/title>\n<meta name=\"description\" content=\"Component C by Aquaforest: advanced preparation for maintaining optimal carbonate levels in the aquarium. Reliable formula for pH stabilization and healthy coral growth.\" \/>\n<meta name=\"robots\" content=\"index, follow, max-snippet:-1, max-image-preview:large, max-video-preview:-1\" \/>\n<link rel=\"canonical\" href=\"https:\/\/aquaforest.eu\/pt\/products\/seawater-pt\/water-treatment-pt\/component-c\/\" \/>\n<meta property=\"og:locale\" content=\"pt_PT\" \/>\n<meta property=\"og:type\" content=\"article\" \/>\n<meta property=\"og:title\" content=\"Component C - Aquaforest\" \/>\n<meta property=\"og:description\" content=\"Component C by Aquaforest: advanced preparation for maintaining optimal carbonate levels in the aquarium. Reliable formula for pH stabilization and healthy coral growth.\" \/>\n<meta property=\"og:url\" content=\"https:\/\/aquaforest.eu\/pt\/products\/seawater-pt\/water-treatment-pt\/component-c\/\" \/>\n<meta property=\"og:site_name\" content=\"Aquaforest\" \/>\n<meta property=\"article:publisher\" content=\"https:\/\/www.facebook.com\/Aquaforest\/\" \/>\n<meta property=\"article:modified_time\" content=\"2025-07-14T12:38:42+00:00\" \/>\n<meta property=\"og:image\" content=\"https:\/\/aquaforest.eu\/wp-content\/uploads\/2024\/06\/Component-C-250ml.png\" \/>\n\t<meta property=\"og:image:width\" content=\"381\" \/>\n\t<meta property=\"og:image:height\" content=\"650\" \/>\n\t<meta property=\"og:image:type\" content=\"image\/png\" \/>\n<meta name=\"twitter:card\" content=\"summary_large_image\" \/>\n<meta name=\"twitter:label1\" content=\"Tempo estimado de leitura\" \/>\n\t<meta name=\"twitter:data1\" content=\"2 minutos\" \/>\n<script type=\"application\/ld+json\" class=\"yoast-schema-graph\">{\"@context\":\"https:\/\/schema.org\",\"@graph\":[{\"@type\":\"WebPage\",\"@id\":\"https:\/\/aquaforest.eu\/pt\/products\/seawater-pt\/water-treatment-pt\/component-c\/\",\"url\":\"https:\/\/aquaforest.eu\/pt\/products\/seawater-pt\/water-treatment-pt\/component-c\/\",\"name\":\"Component C - Aquaforest\",\"isPartOf\":{\"@id\":\"https:\/\/aquaforest.eu\/pt\/#website\"},\"primaryImageOfPage\":{\"@id\":\"https:\/\/aquaforest.eu\/pt\/products\/seawater-pt\/water-treatment-pt\/component-c\/#primaryimage\"},\"image\":{\"@id\":\"https:\/\/aquaforest.eu\/pt\/products\/seawater-pt\/water-treatment-pt\/component-c\/#primaryimage\"},\"thumbnailUrl\":\"https:\/\/aquaforest.eu\/wp-content\/uploads\/2024\/06\/Component-C-250ml.png\",\"datePublished\":\"2024-06-27T00:45:57+00:00\",\"dateModified\":\"2025-07-14T12:38:42+00:00\",\"description\":\"Component C by Aquaforest: advanced preparation for maintaining optimal carbonate levels in the aquarium. Reliable formula for pH stabilization and healthy coral growth.\",\"breadcrumb\":{\"@id\":\"https:\/\/aquaforest.eu\/pt\/products\/seawater-pt\/water-treatment-pt\/component-c\/#breadcrumb\"},\"inLanguage\":\"pt-PT\",\"potentialAction\":[{\"@type\":\"ReadAction\",\"target\":[\"https:\/\/aquaforest.eu\/pt\/products\/seawater-pt\/water-treatment-pt\/component-c\/\"]}]},{\"@type\":\"ImageObject\",\"inLanguage\":\"pt-PT\",\"@id\":\"https:\/\/aquaforest.eu\/pt\/products\/seawater-pt\/water-treatment-pt\/component-c\/#primaryimage\",\"url\":\"https:\/\/aquaforest.eu\/wp-content\/uploads\/2024\/06\/Component-C-250ml.png\",\"contentUrl\":\"https:\/\/aquaforest.eu\/wp-content\/uploads\/2024\/06\/Component-C-250ml.png\",\"width\":381,\"height\":650},{\"@type\":\"BreadcrumbList\",\"@id\":\"https:\/\/aquaforest.eu\/pt\/products\/seawater-pt\/water-treatment-pt\/component-c\/#breadcrumb\",\"itemListElement\":[{\"@type\":\"ListItem\",\"position\":1,\"name\":\"Home\",\"item\":\"https:\/\/aquaforest.eu\/pt\/\"},{\"@type\":\"ListItem\",\"position\":2,\"name\":\"Produtos\",\"item\":\"https:\/\/aquaforest.eu\/pt\/produtos\/\"},{\"@type\":\"ListItem\",\"position\":3,\"name\":\"Component C\"}]},{\"@type\":\"WebSite\",\"@id\":\"https:\/\/aquaforest.eu\/pt\/#website\",\"url\":\"https:\/\/aquaforest.eu\/pt\/\",\"name\":\"Aquaforest\",\"description\":\"\",\"publisher\":{\"@id\":\"https:\/\/aquaforest.eu\/pt\/#organization\"},\"potentialAction\":[{\"@type\":\"SearchAction\",\"target\":{\"@type\":\"EntryPoint\",\"urlTemplate\":\"https:\/\/aquaforest.eu\/pt\/?s={search_term_string}\"},\"query-input\":{\"@type\":\"PropertyValueSpecification\",\"valueRequired\":true,\"valueName\":\"search_term_string\"}}],\"inLanguage\":\"pt-PT\"},{\"@type\":\"Organization\",\"@id\":\"https:\/\/aquaforest.eu\/pt\/#organization\",\"name\":\"Aquaforest\",\"url\":\"https:\/\/aquaforest.eu\/pt\/\",\"logo\":{\"@type\":\"ImageObject\",\"inLanguage\":\"pt-PT\",\"@id\":\"https:\/\/aquaforest.eu\/pt\/#\/schema\/logo\/image\/\",\"url\":\"https:\/\/aquaforest.eu\/wp-content\/uploads\/2024\/05\/logotyp-aquaforest.svg\",\"contentUrl\":\"https:\/\/aquaforest.eu\/wp-content\/uploads\/2024\/05\/logotyp-aquaforest.svg\",\"width\":170,\"height\":22,\"caption\":\"Aquaforest\"},\"image\":{\"@id\":\"https:\/\/aquaforest.eu\/pt\/#\/schema\/logo\/image\/\"},\"sameAs\":[\"https:\/\/www.facebook.com\/Aquaforest\/\",\"https:\/\/www.instagram.com\/aquaforest.eu\/\"]}]}<\/script>\n<!-- \/ Yoast SEO plugin. -->","yoast_head_json":{"title":"Component C - Aquaforest","description":"Component C by Aquaforest: advanced preparation for maintaining optimal carbonate levels in the aquarium. Reliable formula for pH stabilization and healthy coral growth.","robots":{"index":"index","follow":"follow","max-snippet":"max-snippet:-1","max-image-preview":"max-image-preview:large","max-video-preview":"max-video-preview:-1"},"canonical":"https:\/\/aquaforest.eu\/pt\/products\/seawater-pt\/water-treatment-pt\/component-c\/","og_locale":"pt_PT","og_type":"article","og_title":"Component C - Aquaforest","og_description":"Component C by Aquaforest: advanced preparation for maintaining optimal carbonate levels in the aquarium. Reliable formula for pH stabilization and healthy coral growth.","og_url":"https:\/\/aquaforest.eu\/pt\/products\/seawater-pt\/water-treatment-pt\/component-c\/","og_site_name":"Aquaforest","article_publisher":"https:\/\/www.facebook.com\/Aquaforest\/","article_modified_time":"2025-07-14T12:38:42+00:00","og_image":[{"width":381,"height":650,"url":"https:\/\/aquaforest.eu\/wp-content\/uploads\/2024\/06\/Component-C-250ml.png","type":"image\/png"}],"twitter_card":"summary_large_image","twitter_misc":{"Tempo estimado de leitura":"2 minutos"},"schema":{"@context":"https:\/\/schema.org","@graph":[{"@type":"WebPage","@id":"https:\/\/aquaforest.eu\/pt\/products\/seawater-pt\/water-treatment-pt\/component-c\/","url":"https:\/\/aquaforest.eu\/pt\/products\/seawater-pt\/water-treatment-pt\/component-c\/","name":"Component C - Aquaforest","isPartOf":{"@id":"https:\/\/aquaforest.eu\/pt\/#website"},"primaryImageOfPage":{"@id":"https:\/\/aquaforest.eu\/pt\/products\/seawater-pt\/water-treatment-pt\/component-c\/#primaryimage"},"image":{"@id":"https:\/\/aquaforest.eu\/pt\/products\/seawater-pt\/water-treatment-pt\/component-c\/#primaryimage"},"thumbnailUrl":"https:\/\/aquaforest.eu\/wp-content\/uploads\/2024\/06\/Component-C-250ml.png","datePublished":"2024-06-27T00:45:57+00:00","dateModified":"2025-07-14T12:38:42+00:00","description":"Component C by Aquaforest: advanced preparation for maintaining optimal carbonate levels in the aquarium. Reliable formula for pH stabilization and healthy coral growth.","breadcrumb":{"@id":"https:\/\/aquaforest.eu\/pt\/products\/seawater-pt\/water-treatment-pt\/component-c\/#breadcrumb"},"inLanguage":"pt-PT","potentialAction":[{"@type":"ReadAction","target":["https:\/\/aquaforest.eu\/pt\/products\/seawater-pt\/water-treatment-pt\/component-c\/"]}]},{"@type":"ImageObject","inLanguage":"pt-PT","@id":"https:\/\/aquaforest.eu\/pt\/products\/seawater-pt\/water-treatment-pt\/component-c\/#primaryimage","url":"https:\/\/aquaforest.eu\/wp-content\/uploads\/2024\/06\/Component-C-250ml.png","contentUrl":"https:\/\/aquaforest.eu\/wp-content\/uploads\/2024\/06\/Component-C-250ml.png","width":381,"height":650},{"@type":"BreadcrumbList","@id":"https:\/\/aquaforest.eu\/pt\/products\/seawater-pt\/water-treatment-pt\/component-c\/#breadcrumb","itemListElement":[{"@type":"ListItem","position":1,"name":"Home","item":"https:\/\/aquaforest.eu\/pt\/"},{"@type":"ListItem","position":2,"name":"Produtos","item":"https:\/\/aquaforest.eu\/pt\/produtos\/"},{"@type":"ListItem","position":3,"name":"Component C"}]},{"@type":"WebSite","@id":"https:\/\/aquaforest.eu\/pt\/#website","url":"https:\/\/aquaforest.eu\/pt\/","name":"Aquaforest","description":"","publisher":{"@id":"https:\/\/aquaforest.eu\/pt\/#organization"},"potentialAction":[{"@type":"SearchAction","target":{"@type":"EntryPoint","urlTemplate":"https:\/\/aquaforest.eu\/pt\/?s={search_term_string}"},"query-input":{"@type":"PropertyValueSpecification","valueRequired":true,"valueName":"search_term_string"}}],"inLanguage":"pt-PT"},{"@type":"Organization","@id":"https:\/\/aquaforest.eu\/pt\/#organization","name":"Aquaforest","url":"https:\/\/aquaforest.eu\/pt\/","logo":{"@type":"ImageObject","inLanguage":"pt-PT","@id":"https:\/\/aquaforest.eu\/pt\/#\/schema\/logo\/image\/","url":"https:\/\/aquaforest.eu\/wp-content\/uploads\/2024\/05\/logotyp-aquaforest.svg","contentUrl":"https:\/\/aquaforest.eu\/wp-content\/uploads\/2024\/05\/logotyp-aquaforest.svg","width":170,"height":22,"caption":"Aquaforest"},"image":{"@id":"https:\/\/aquaforest.eu\/pt\/#\/schema\/logo\/image\/"},"sameAs":["https:\/\/www.facebook.com\/Aquaforest\/","https:\/\/www.instagram.com\/aquaforest.eu\/"]}]}},"_links":{"self":[{"href":"https:\/\/aquaforest.eu\/pt\/wp-json\/wp\/v2\/product\/23197","targetHints":{"allow":["GET"]}}],"collection":[{"href":"https:\/\/aquaforest.eu\/pt\/wp-json\/wp\/v2\/product"}],"about":[{"href":"https:\/\/aquaforest.eu\/pt\/wp-json\/wp\/v2\/types\/product"}],"version-history":[{"count":1,"href":"https:\/\/aquaforest.eu\/pt\/wp-json\/wp\/v2\/product\/23197\/revisions"}],"predecessor-version":[{"id":23969,"href":"https:\/\/aquaforest.eu\/pt\/wp-json\/wp\/v2\/product\/23197\/revisions\/23969"}],"wp:featuredmedia":[{"embeddable":true,"href":"https:\/\/aquaforest.eu\/pt\/wp-json\/wp\/v2\/media\/23198"}],"wp:attachment":[{"href":"https:\/\/aquaforest.eu\/pt\/wp-json\/wp\/v2\/media?parent=23197"}],"wp:term":[{"taxonomy":"product_brand","embeddable":true,"href":"https:\/\/aquaforest.eu\/pt\/wp-json\/wp\/v2\/product_brand?post=23197"},{"taxonomy":"product_cat","embeddable":true,"href":"https:\/\/aquaforest.eu\/pt\/wp-json\/wp\/v2\/product_cat?post=23197"},{"taxonomy":"product_tag","embeddable":true,"href":"https:\/\/aquaforest.eu\/pt\/wp-json\/wp\/v2\/product_tag?post=23197"}],"curies":[{"name":"wp","href":"https:\/\/api.w.org\/{rel}","templated":true}]}}