{"id":23202,"date":"2024-06-27T02:42:24","date_gmt":"2024-06-27T00:42:24","guid":{"rendered":"https:\/\/aquaforest.eu\/products\/sem%20categoria\/components-strong\/"},"modified":"2026-05-04T11:09:25","modified_gmt":"2026-05-04T09:09:25","slug":"components-strong","status":"publish","type":"product","link":"https:\/\/aquaforest.eu\/pt\/products\/seawater-pt\/water-treatment-pt\/components-strong\/","title":{"rendered":"Components Strong"},"content":{"rendered":"<h3 class=\"fusion-responsive-typography-calculated\" data-fontsize=\"22\" data-lineheight=\"27.5px\"><strong><span style=\"color: #000000;\">Elementos tra\u00e7o concentrados para aqu\u00e1rios de recife<\/span><\/strong><\/h3>\n<p><span style=\"color: #000000;\">Components Strong cont\u00e9m oligoelementos concentrados destinados ao uso em aqu\u00e1rios de recife. Juntamente com Calcium, Magnesium, KH Buffer e Reef Mineral Salt, formam um conjunto completo desenvolvido para manter aqu\u00e1rios de recife pelo m\u00e9todo proposto por H. W. Balling. Por isso, esses produtos devem ser usados em conjunto.<br \/>\nComo os oligoelementos s\u00e3o consumidos em propor\u00e7\u00e3o com os macroelementos no aqu\u00e1rio, as concentra\u00e7\u00f5es de Components Strong foram ajustadas com base nesses valores. Somente o uso completo da linha de produtos Aquaforest garante a efic\u00e1cia e o equil\u00edbrio qu\u00edmico no aqu\u00e1rio. A quantidade de oligoelementos fornecida depende das necessidades espec\u00edficas de c\u00e1lcio e magn\u00e9sio do aqu\u00e1rio.<br \/>\n<\/span><\/p>\n<p><span style=\"color: #000000;\">Components Strong s\u00e3o vendidos em conjunto e n\u00e3o podem ser adquiridos separadamente.<\/span><\/p>\n<hr \/>\n<h3 class=\"fusion-responsive-typography-calculated\" data-fontsize=\"22\" data-lineheight=\"27.5px\"><strong><span style=\"color: #000000;\">Conjunto:<\/span><\/strong><\/h3>\n<h3 class=\"fusion-responsive-typography-calculated\" data-fontsize=\"16.38\" data-lineheight=\"27.846px\"><span style=\"color: #000000;\"><strong>Component A \u2013 estr\u00f4ncio e b\u00e1rio concentrados<\/strong><br \/>\n<\/span><\/h3>\n<p><span style=\"color: #000000;\">Cont\u00e9m estr\u00f4ncio e b\u00e1rio concentrados. A quantidade depende das necessidades de c\u00e1lcio e magn\u00e9sio. Adicionar 5 ml para cada litro da solu\u00e7\u00e3o pronta de cloreto de c\u00e1lcio. Recomenda-se o uso com os produtos de c\u00e1lcio da Aquaforest. Capacidade: frasco de 75 ml.<br \/>\nEUA: adicionar 19 ml por gal\u00e3o.<\/span><br \/>\n<span style=\"color: #000000;\">US:19ml should be added to 1 US gal.<\/span><\/p>\n<hr \/>\n<h3 class=\"fusion-responsive-typography-calculated\" data-fontsize=\"16.38\" data-lineheight=\"27.846px\"><strong><span style=\"color: #000000;\">Component B \u2013 metais pesados concentrados<\/span><\/strong><\/h3>\n<p><span style=\"color: #000000;\">Cont\u00e9m metais pesados concentrados. A dosagem depende das necessidades de c\u00e1lcio e magn\u00e9sio. Adicionar 5 ml para cada litro da solu\u00e7\u00e3o pronta de cloreto de c\u00e1lcio. Uso recomendado com produtos de c\u00e1lcio da Aquaforest. Capacidade: 75 ml.<br \/>\nEUA: adicionar 19 ml por gal\u00e3o.<\/span><br \/>\n<span style=\"color: #000000;\">US:19ml should be added to 1 US gal.<\/span><\/p>\n<hr \/>\n<h3 class=\"fusion-responsive-typography-calculated\" data-fontsize=\"16.38\" data-lineheight=\"27.846px\"><strong><span style=\"color: #000000;\">Component C \u2013 iodeto e fluoreto concentrados<\/span><\/strong><\/h3>\n<p><span style=\"color: #000000;\">Cont\u00e9m iodeto e fluoreto concentrados. A quantidade depende das necessidades de c\u00e1lcio. Adicionar 5 ml para cada litro da solu\u00e7\u00e3o pronta de bicarbonato de s\u00f3dio. Uso recomendado com o produto KH Buffer da Aquaforest. Capacidade: 75 ml.<br \/>\nEUA: adicionar 19 ml por gal\u00e3o.<\/span><br \/>\n<span style=\"color: #000000;\">US:19ml should be added to 1 US gal.<\/span><\/p>\n<hr \/>\n<h3 class=\"fusion-responsive-typography-calculated\" data-fontsize=\"16.38\" data-lineheight=\"27.846px\"><strong><span style=\"color: #000000;\">Component K \u2013 pot\u00e1ssio concentrado<\/span><\/strong><\/h3>\n<p><span style=\"color: #000000;\">Cont\u00e9m pot\u00e1ssio concentrado. A quantidade depende das necessidades de magn\u00e9sio e c\u00e1lcio. Adicionar 5 ml para cada litro da solu\u00e7\u00e3o pronta de cloreto de magn\u00e9sio e sal mineral. Uso recomendado com os produtos Magnesium e Reef Mineral Salt da Aquaforest. Capacidade: 75 ml.<br \/>\nEUA: adicionar 19 ml por gal\u00e3o.<br \/>\n<\/span><br \/>\n<span style=\"color: #000000;\">US:19ml should be added to 1 US gal.<\/span><\/p>\n","protected":false},"excerpt":{"rendered":"<p>Oligoelementos concentrados para aqu\u00e1rios de recife<\/p>\n","protected":false},"featured_media":23203,"template":"","meta":{"_acf_changed":false,"content-type":""},"product_brand":[],"product_cat":[1651],"product_tag":[1671,1652,1658,1657],"class_list":{"0":"post-23202","1":"product","2":"type-product","3":"status-publish","4":"has-post-thumbnail","6":"product_cat-water-treatment-pt","7":"product_tag-aquaforest-pt","8":"product_tag-seawater-aquatic-pt","9":"product_tag-variable-pt","10":"product_tag-water-treatment-pt","12":"first","13":"instock","14":"taxable","15":"shipping-taxable","16":"purchasable","17":"product-type-variable","18":"has-default-attributes"},"acf":[],"yoast_head":"<!-- This site is optimized with the Yoast SEO plugin v27.1.1 - https:\/\/yoast.com\/product\/yoast-seo-wordpress\/ -->\n<title>Components Strong - Aquaforest<\/title>\n<meta name=\"description\" content=\"Components Strong by Aquaforest: advanced set of ingredients for precise management of calcium, magnesium and carbonate hardness levels in the aquarium. Unique formula for healthy corals and stable water conditions.\" \/>\n<meta name=\"robots\" content=\"index, follow, max-snippet:-1, max-image-preview:large, max-video-preview:-1\" \/>\n<link rel=\"canonical\" href=\"https:\/\/aquaforest.eu\/pt\/products\/seawater-pt\/water-treatment-pt\/components-strong\/\" \/>\n<meta property=\"og:locale\" content=\"pt_PT\" \/>\n<meta property=\"og:type\" content=\"article\" \/>\n<meta property=\"og:title\" content=\"Components Strong - Aquaforest\" \/>\n<meta property=\"og:description\" content=\"Components Strong by Aquaforest: advanced set of ingredients for precise management of calcium, magnesium and carbonate hardness levels in the aquarium. Unique formula for healthy corals and stable water conditions.\" \/>\n<meta property=\"og:url\" content=\"https:\/\/aquaforest.eu\/pt\/products\/seawater-pt\/water-treatment-pt\/components-strong\/\" \/>\n<meta property=\"og:site_name\" content=\"Aquaforest\" \/>\n<meta property=\"article:publisher\" content=\"https:\/\/www.facebook.com\/Aquaforest\/\" \/>\n<meta property=\"article:modified_time\" content=\"2026-05-04T09:09:25+00:00\" \/>\n<meta property=\"og:image\" content=\"https:\/\/aquaforest.eu\/wp-content\/uploads\/2024\/06\/Components-Strong_4x75-ml.png\" \/>\n\t<meta property=\"og:image:width\" content=\"520\" \/>\n\t<meta property=\"og:image:height\" content=\"600\" \/>\n\t<meta property=\"og:image:type\" content=\"image\/png\" \/>\n<meta name=\"twitter:card\" content=\"summary_large_image\" \/>\n<meta name=\"twitter:label1\" content=\"Tempo estimado de leitura\" \/>\n\t<meta name=\"twitter:data1\" content=\"2 minutos\" \/>\n<script type=\"application\/ld+json\" class=\"yoast-schema-graph\">{\"@context\":\"https:\/\/schema.org\",\"@graph\":[{\"@type\":\"WebPage\",\"@id\":\"https:\/\/aquaforest.eu\/pt\/products\/seawater-pt\/water-treatment-pt\/components-strong\/\",\"url\":\"https:\/\/aquaforest.eu\/pt\/products\/seawater-pt\/water-treatment-pt\/components-strong\/\",\"name\":\"Components Strong - Aquaforest\",\"isPartOf\":{\"@id\":\"https:\/\/aquaforest.eu\/pt\/#website\"},\"primaryImageOfPage\":{\"@id\":\"https:\/\/aquaforest.eu\/pt\/products\/seawater-pt\/water-treatment-pt\/components-strong\/#primaryimage\"},\"image\":{\"@id\":\"https:\/\/aquaforest.eu\/pt\/products\/seawater-pt\/water-treatment-pt\/components-strong\/#primaryimage\"},\"thumbnailUrl\":\"https:\/\/aquaforest.eu\/wp-content\/uploads\/2024\/06\/Components-Strong_4x75-ml.png\",\"datePublished\":\"2024-06-27T00:42:24+00:00\",\"dateModified\":\"2026-05-04T09:09:25+00:00\",\"description\":\"Components Strong by Aquaforest: advanced set of ingredients for precise management of calcium, magnesium and carbonate hardness levels in the aquarium. Unique formula for healthy corals and stable water conditions.\",\"breadcrumb\":{\"@id\":\"https:\/\/aquaforest.eu\/pt\/products\/seawater-pt\/water-treatment-pt\/components-strong\/#breadcrumb\"},\"inLanguage\":\"pt-PT\",\"potentialAction\":[{\"@type\":\"ReadAction\",\"target\":[\"https:\/\/aquaforest.eu\/pt\/products\/seawater-pt\/water-treatment-pt\/components-strong\/\"]}]},{\"@type\":\"ImageObject\",\"inLanguage\":\"pt-PT\",\"@id\":\"https:\/\/aquaforest.eu\/pt\/products\/seawater-pt\/water-treatment-pt\/components-strong\/#primaryimage\",\"url\":\"https:\/\/aquaforest.eu\/wp-content\/uploads\/2024\/06\/Components-Strong_4x75-ml.png\",\"contentUrl\":\"https:\/\/aquaforest.eu\/wp-content\/uploads\/2024\/06\/Components-Strong_4x75-ml.png\",\"width\":520,\"height\":600,\"caption\":\"Aquaforest product, Component 1+2+3+. Developed based on the Balling Method\"},{\"@type\":\"BreadcrumbList\",\"@id\":\"https:\/\/aquaforest.eu\/pt\/products\/seawater-pt\/water-treatment-pt\/components-strong\/#breadcrumb\",\"itemListElement\":[{\"@type\":\"ListItem\",\"position\":1,\"name\":\"Home\",\"item\":\"https:\/\/aquaforest.eu\/pt\/\"},{\"@type\":\"ListItem\",\"position\":2,\"name\":\"Produtos\",\"item\":\"https:\/\/aquaforest.eu\/pt\/produtos\/\"},{\"@type\":\"ListItem\",\"position\":3,\"name\":\"Components Strong\"}]},{\"@type\":\"WebSite\",\"@id\":\"https:\/\/aquaforest.eu\/pt\/#website\",\"url\":\"https:\/\/aquaforest.eu\/pt\/\",\"name\":\"Aquaforest\",\"description\":\"\",\"publisher\":{\"@id\":\"https:\/\/aquaforest.eu\/pt\/#organization\"},\"potentialAction\":[{\"@type\":\"SearchAction\",\"target\":{\"@type\":\"EntryPoint\",\"urlTemplate\":\"https:\/\/aquaforest.eu\/pt\/?s={search_term_string}\"},\"query-input\":{\"@type\":\"PropertyValueSpecification\",\"valueRequired\":true,\"valueName\":\"search_term_string\"}}],\"inLanguage\":\"pt-PT\"},{\"@type\":\"Organization\",\"@id\":\"https:\/\/aquaforest.eu\/pt\/#organization\",\"name\":\"Aquaforest\",\"url\":\"https:\/\/aquaforest.eu\/pt\/\",\"logo\":{\"@type\":\"ImageObject\",\"inLanguage\":\"pt-PT\",\"@id\":\"https:\/\/aquaforest.eu\/pt\/#\/schema\/logo\/image\/\",\"url\":\"https:\/\/aquaforest.eu\/wp-content\/uploads\/2024\/05\/logotyp-aquaforest.svg\",\"contentUrl\":\"https:\/\/aquaforest.eu\/wp-content\/uploads\/2024\/05\/logotyp-aquaforest.svg\",\"width\":170,\"height\":22,\"caption\":\"Aquaforest\"},\"image\":{\"@id\":\"https:\/\/aquaforest.eu\/pt\/#\/schema\/logo\/image\/\"},\"sameAs\":[\"https:\/\/www.facebook.com\/Aquaforest\/\",\"https:\/\/www.instagram.com\/aquaforest.eu\/\"]}]}<\/script>\n<!-- \/ Yoast SEO plugin. -->","yoast_head_json":{"title":"Components Strong - Aquaforest","description":"Components Strong by Aquaforest: advanced set of ingredients for precise management of calcium, magnesium and carbonate hardness levels in the aquarium. Unique formula for healthy corals and stable water conditions.","robots":{"index":"index","follow":"follow","max-snippet":"max-snippet:-1","max-image-preview":"max-image-preview:large","max-video-preview":"max-video-preview:-1"},"canonical":"https:\/\/aquaforest.eu\/pt\/products\/seawater-pt\/water-treatment-pt\/components-strong\/","og_locale":"pt_PT","og_type":"article","og_title":"Components Strong - Aquaforest","og_description":"Components Strong by Aquaforest: advanced set of ingredients for precise management of calcium, magnesium and carbonate hardness levels in the aquarium. Unique formula for healthy corals and stable water conditions.","og_url":"https:\/\/aquaforest.eu\/pt\/products\/seawater-pt\/water-treatment-pt\/components-strong\/","og_site_name":"Aquaforest","article_publisher":"https:\/\/www.facebook.com\/Aquaforest\/","article_modified_time":"2026-05-04T09:09:25+00:00","og_image":[{"width":520,"height":600,"url":"https:\/\/aquaforest.eu\/wp-content\/uploads\/2024\/06\/Components-Strong_4x75-ml.png","type":"image\/png"}],"twitter_card":"summary_large_image","twitter_misc":{"Tempo estimado de leitura":"2 minutos"},"schema":{"@context":"https:\/\/schema.org","@graph":[{"@type":"WebPage","@id":"https:\/\/aquaforest.eu\/pt\/products\/seawater-pt\/water-treatment-pt\/components-strong\/","url":"https:\/\/aquaforest.eu\/pt\/products\/seawater-pt\/water-treatment-pt\/components-strong\/","name":"Components Strong - Aquaforest","isPartOf":{"@id":"https:\/\/aquaforest.eu\/pt\/#website"},"primaryImageOfPage":{"@id":"https:\/\/aquaforest.eu\/pt\/products\/seawater-pt\/water-treatment-pt\/components-strong\/#primaryimage"},"image":{"@id":"https:\/\/aquaforest.eu\/pt\/products\/seawater-pt\/water-treatment-pt\/components-strong\/#primaryimage"},"thumbnailUrl":"https:\/\/aquaforest.eu\/wp-content\/uploads\/2024\/06\/Components-Strong_4x75-ml.png","datePublished":"2024-06-27T00:42:24+00:00","dateModified":"2026-05-04T09:09:25+00:00","description":"Components Strong by Aquaforest: advanced set of ingredients for precise management of calcium, magnesium and carbonate hardness levels in the aquarium. Unique formula for healthy corals and stable water conditions.","breadcrumb":{"@id":"https:\/\/aquaforest.eu\/pt\/products\/seawater-pt\/water-treatment-pt\/components-strong\/#breadcrumb"},"inLanguage":"pt-PT","potentialAction":[{"@type":"ReadAction","target":["https:\/\/aquaforest.eu\/pt\/products\/seawater-pt\/water-treatment-pt\/components-strong\/"]}]},{"@type":"ImageObject","inLanguage":"pt-PT","@id":"https:\/\/aquaforest.eu\/pt\/products\/seawater-pt\/water-treatment-pt\/components-strong\/#primaryimage","url":"https:\/\/aquaforest.eu\/wp-content\/uploads\/2024\/06\/Components-Strong_4x75-ml.png","contentUrl":"https:\/\/aquaforest.eu\/wp-content\/uploads\/2024\/06\/Components-Strong_4x75-ml.png","width":520,"height":600,"caption":"Aquaforest product, Component 1+2+3+. Developed based on the Balling Method"},{"@type":"BreadcrumbList","@id":"https:\/\/aquaforest.eu\/pt\/products\/seawater-pt\/water-treatment-pt\/components-strong\/#breadcrumb","itemListElement":[{"@type":"ListItem","position":1,"name":"Home","item":"https:\/\/aquaforest.eu\/pt\/"},{"@type":"ListItem","position":2,"name":"Produtos","item":"https:\/\/aquaforest.eu\/pt\/produtos\/"},{"@type":"ListItem","position":3,"name":"Components Strong"}]},{"@type":"WebSite","@id":"https:\/\/aquaforest.eu\/pt\/#website","url":"https:\/\/aquaforest.eu\/pt\/","name":"Aquaforest","description":"","publisher":{"@id":"https:\/\/aquaforest.eu\/pt\/#organization"},"potentialAction":[{"@type":"SearchAction","target":{"@type":"EntryPoint","urlTemplate":"https:\/\/aquaforest.eu\/pt\/?s={search_term_string}"},"query-input":{"@type":"PropertyValueSpecification","valueRequired":true,"valueName":"search_term_string"}}],"inLanguage":"pt-PT"},{"@type":"Organization","@id":"https:\/\/aquaforest.eu\/pt\/#organization","name":"Aquaforest","url":"https:\/\/aquaforest.eu\/pt\/","logo":{"@type":"ImageObject","inLanguage":"pt-PT","@id":"https:\/\/aquaforest.eu\/pt\/#\/schema\/logo\/image\/","url":"https:\/\/aquaforest.eu\/wp-content\/uploads\/2024\/05\/logotyp-aquaforest.svg","contentUrl":"https:\/\/aquaforest.eu\/wp-content\/uploads\/2024\/05\/logotyp-aquaforest.svg","width":170,"height":22,"caption":"Aquaforest"},"image":{"@id":"https:\/\/aquaforest.eu\/pt\/#\/schema\/logo\/image\/"},"sameAs":["https:\/\/www.facebook.com\/Aquaforest\/","https:\/\/www.instagram.com\/aquaforest.eu\/"]}]}},"_links":{"self":[{"href":"https:\/\/aquaforest.eu\/pt\/wp-json\/wp\/v2\/product\/23202","targetHints":{"allow":["GET"]}}],"collection":[{"href":"https:\/\/aquaforest.eu\/pt\/wp-json\/wp\/v2\/product"}],"about":[{"href":"https:\/\/aquaforest.eu\/pt\/wp-json\/wp\/v2\/types\/product"}],"version-history":[{"count":3,"href":"https:\/\/aquaforest.eu\/pt\/wp-json\/wp\/v2\/product\/23202\/revisions"}],"predecessor-version":[{"id":31405,"href":"https:\/\/aquaforest.eu\/pt\/wp-json\/wp\/v2\/product\/23202\/revisions\/31405"}],"wp:featuredmedia":[{"embeddable":true,"href":"https:\/\/aquaforest.eu\/pt\/wp-json\/wp\/v2\/media\/23203"}],"wp:attachment":[{"href":"https:\/\/aquaforest.eu\/pt\/wp-json\/wp\/v2\/media?parent=23202"}],"wp:term":[{"taxonomy":"product_brand","embeddable":true,"href":"https:\/\/aquaforest.eu\/pt\/wp-json\/wp\/v2\/product_brand?post=23202"},{"taxonomy":"product_cat","embeddable":true,"href":"https:\/\/aquaforest.eu\/pt\/wp-json\/wp\/v2\/product_cat?post=23202"},{"taxonomy":"product_tag","embeddable":true,"href":"https:\/\/aquaforest.eu\/pt\/wp-json\/wp\/v2\/product_tag?post=23202"}],"curies":[{"name":"wp","href":"https:\/\/api.w.org\/{rel}","templated":true}]}}