{"id":23234,"date":"2024-06-27T02:14:22","date_gmt":"2024-06-27T00:14:22","guid":{"rendered":"https:\/\/aquaforest.eu\/products\/sem%20categoria\/af-nitraphos-minus\/"},"modified":"2026-05-04T12:49:46","modified_gmt":"2026-05-04T10:49:46","slug":"af-nitraphos-minus","status":"publish","type":"product","link":"https:\/\/aquaforest.eu\/pt\/products\/seawater-pt\/probiotic-method-pt\/af-nitraphos-minus\/","title":{"rendered":"AF Nitraphos Minus"},"content":{"rendered":"<h3 class=\"fusion-responsive-typography-calculated\" data-fontsize=\"22\" data-lineheight=\"27.5px\"><strong>Remova o excesso de nitrato, nitrito e fosfato da \u00e1gua marinha<\/strong><\/h3>\n<p>NitraPhos Minus \u00e9 uma f\u00f3rmula \u00fanica desenvolvida para remover biologicamente nitrato, nitrito e fosfato do aqu\u00e1rio. Ele ativa o metabolismo de diversos tipos de bact\u00e9rias respons\u00e1veis pelo gerenciamento e elimina\u00e7\u00e3o do excesso de nutrientes.<\/p>\n<h3 class=\"fusion-responsive-typography-calculated\" data-fontsize=\"22\" data-lineheight=\"27.5px\"><strong>Composi\u00e7\u00e3o especial para promover o crescimento dos corais<\/strong><\/h3>\n<p>Gra\u00e7as \u00e0 sua composi\u00e7\u00e3o especial, com m\u00faltiplas formas de carbono org\u00e2nico, amino\u00e1cidos e vitaminas, todas as altera\u00e7\u00f5es bioqu\u00edmicas ocorrem sem problemas e as bact\u00e9rias absorvem facilmente os compostos, convertendo-os em biomassa. Essa biomassa se torna um alimento valioso para os corais, enquanto o excesso e os res\u00edduos s\u00e3o removidos da \u00e1gua pelo filtro ou skimmer. NitraPhos Minus melhora a condi\u00e7\u00e3o geral dos corais, intensifica a colora\u00e7\u00e3o e favorece o crescimento. Ao manter o equil\u00edbrio biol\u00f3gico do sistema, ajuda a prevenir o surgimento de algas verdes indesejadas e o desenvolvimento de cianobact\u00e9rias.<\/p>\n<h3><strong>Caracter\u00edsticas do produto:<\/strong><\/h3>\n<ul>\n<li>Remove eficazmente o excesso de nitrato e fosfato<\/li>\n<li>Promove o equil\u00edbrio qu\u00edmico<\/li>\n<li>Reduz rapidamente algas indesejadas<\/li>\n<li>Estimula a colora\u00e7\u00e3o e o crescimento dos corais<\/li>\n<\/ul>\n<h3 class=\"fusion-responsive-typography-calculated\" data-fontsize=\"22\" data-lineheight=\"27.5px\"><strong>Melhora a sa\u00fade dos corais e real\u00e7a sua colora\u00e7\u00e3o<\/strong><\/h3>\n<h3><strong>Dosagem:<\/strong><\/h3>\n<p>Recomenda-se iniciar com metade da dose indicada de NitraPhos Minus. \u00c9 aconselh\u00e1vel monitorar os n\u00edveis de NO3 e PO4 uma ou duas vezes por semana. A dosagem di\u00e1ria recomendada est\u00e1 indicada na embalagem ou em gr\u00e1fico espec\u00edfico.<\/p>\n<p><img fetchpriority=\"high\" decoding=\"async\" class=\"alignnone wp-image-3512 size-full\" src=\"https:\/\/aquaforest.eu\/wp-content\/uploads\/2024\/06\/NPM_dosage-768x322-1-600x252-1.png\" alt=\"\" width=\"600\" height=\"252\" srcset=\"https:\/\/aquaforest.eu\/wp-content\/uploads\/2024\/06\/NPM_dosage-768x322-1-600x252-1.png 600w, https:\/\/aquaforest.eu\/wp-content\/uploads\/2024\/06\/NPM_dosage-768x322-1-600x252-1-300x126.png 300w\" sizes=\"(max-width: 600px) 100vw, 600px\" \/><\/p>\n<h3><strong>Importante saber:<br \/>\n<\/strong><\/h3>\n<ul>\n<li>N\u00edveis baixos de nitrato e fosfato exigem suplementa\u00e7\u00e3o rica para os corais<\/li>\n<li>Filtragem ineficaz pode ser a causa de altos n\u00edveis de nitrato e fosfato<\/li>\n<li>Excesso de alimento ou suplementos tamb\u00e9m pode contribuir para o aumento dos n\u00edveis de nutrientes<\/li>\n<li>Uma queda brusca nos n\u00edveis de nitrato e fosfato pode destruir as zooxantelas e causar a morte dos corais<\/li>\n<li>NitraPhos Minus foi desenvolvido para remo\u00e7\u00e3o r\u00e1pida de altos n\u00edveis de nitrato e fosfato. Pode ser usado junto com Pro Bio S. N\u00e3o \u00e9 necess\u00e1rio usar -NP Pro ao dosar NitraPhos Minus, pois ele j\u00e1 fornece o alimento necess\u00e1rio para as bact\u00e9rias<\/li>\n<\/ul>\n","protected":false},"excerpt":{"rendered":"<p>Agente especializado para reduzir os n\u00edveis de nutrientes. Remove biologicamente nitrato, nitrito e fosfato do aqu\u00e1rio.<\/p>\n","protected":false},"featured_media":23236,"template":"","meta":{"_acf_changed":false,"content-type":""},"product_brand":[],"product_cat":[1686],"product_tag":[1671,1687,1652,1658],"class_list":{"0":"post-23234","1":"product","2":"type-product","3":"status-publish","4":"has-post-thumbnail","6":"product_cat-probiotic-method-pt","7":"product_tag-aquaforest-pt","8":"product_tag-probiotic-method-pt","9":"product_tag-seawater-aquatic-pt","10":"product_tag-variable-pt","12":"first","13":"instock","14":"taxable","15":"shipping-taxable","16":"purchasable","17":"product-type-variable","18":"has-default-attributes"},"acf":[],"yoast_head":"<!-- This site is optimized with the Yoast SEO plugin v27.1.1 - https:\/\/yoast.com\/product\/yoast-seo-wordpress\/ -->\n<title>AF Nitraphos Minus - Aquaforest<\/title>\n<meta name=\"description\" content=\"NitraPhos Minus: removes excess nitrates, nitrites and phosphates from the marine aquarium, supports coral growth and prevents algae.\" \/>\n<meta name=\"robots\" content=\"index, follow, max-snippet:-1, max-image-preview:large, max-video-preview:-1\" \/>\n<link rel=\"canonical\" href=\"https:\/\/aquaforest.eu\/pt\/products\/seawater-pt\/probiotic-method-pt\/af-nitraphos-minus\/\" \/>\n<meta property=\"og:locale\" content=\"pt_PT\" \/>\n<meta property=\"og:type\" content=\"article\" \/>\n<meta property=\"og:title\" content=\"AF Nitraphos Minus - Aquaforest\" \/>\n<meta property=\"og:description\" content=\"NitraPhos Minus: removes excess nitrates, nitrites and phosphates from the marine aquarium, supports coral growth and prevents algae.\" \/>\n<meta property=\"og:url\" content=\"https:\/\/aquaforest.eu\/pt\/products\/seawater-pt\/probiotic-method-pt\/af-nitraphos-minus\/\" \/>\n<meta property=\"og:site_name\" content=\"Aquaforest\" \/>\n<meta property=\"article:publisher\" content=\"https:\/\/www.facebook.com\/Aquaforest\/\" \/>\n<meta property=\"article:modified_time\" content=\"2026-05-04T10:49:46+00:00\" \/>\n<meta property=\"og:image\" content=\"https:\/\/aquaforest.eu\/wp-content\/uploads\/2024\/06\/NitraPhos-Minus-250ml.png\" \/>\n\t<meta property=\"og:image:width\" content=\"368\" \/>\n\t<meta property=\"og:image:height\" content=\"600\" \/>\n\t<meta property=\"og:image:type\" content=\"image\/png\" \/>\n<meta name=\"twitter:card\" content=\"summary_large_image\" \/>\n<meta name=\"twitter:label1\" content=\"Tempo estimado de leitura\" \/>\n\t<meta name=\"twitter:data1\" content=\"2 minutos\" \/>\n<script type=\"application\/ld+json\" class=\"yoast-schema-graph\">{\"@context\":\"https:\/\/schema.org\",\"@graph\":[{\"@type\":\"WebPage\",\"@id\":\"https:\/\/aquaforest.eu\/pt\/products\/seawater-pt\/probiotic-method-pt\/af-nitraphos-minus\/\",\"url\":\"https:\/\/aquaforest.eu\/pt\/products\/seawater-pt\/probiotic-method-pt\/af-nitraphos-minus\/\",\"name\":\"AF Nitraphos Minus - Aquaforest\",\"isPartOf\":{\"@id\":\"https:\/\/aquaforest.eu\/pt\/#website\"},\"primaryImageOfPage\":{\"@id\":\"https:\/\/aquaforest.eu\/pt\/products\/seawater-pt\/probiotic-method-pt\/af-nitraphos-minus\/#primaryimage\"},\"image\":{\"@id\":\"https:\/\/aquaforest.eu\/pt\/products\/seawater-pt\/probiotic-method-pt\/af-nitraphos-minus\/#primaryimage\"},\"thumbnailUrl\":\"https:\/\/aquaforest.eu\/wp-content\/uploads\/2024\/06\/NitraPhos-Minus-250ml.png\",\"datePublished\":\"2024-06-27T00:14:22+00:00\",\"dateModified\":\"2026-05-04T10:49:46+00:00\",\"description\":\"NitraPhos Minus: removes excess nitrates, nitrites and phosphates from the marine aquarium, supports coral growth and prevents algae.\",\"breadcrumb\":{\"@id\":\"https:\/\/aquaforest.eu\/pt\/products\/seawater-pt\/probiotic-method-pt\/af-nitraphos-minus\/#breadcrumb\"},\"inLanguage\":\"pt-PT\",\"potentialAction\":[{\"@type\":\"ReadAction\",\"target\":[\"https:\/\/aquaforest.eu\/pt\/products\/seawater-pt\/probiotic-method-pt\/af-nitraphos-minus\/\"]}]},{\"@type\":\"ImageObject\",\"inLanguage\":\"pt-PT\",\"@id\":\"https:\/\/aquaforest.eu\/pt\/products\/seawater-pt\/probiotic-method-pt\/af-nitraphos-minus\/#primaryimage\",\"url\":\"https:\/\/aquaforest.eu\/wp-content\/uploads\/2024\/06\/NitraPhos-Minus-250ml.png\",\"contentUrl\":\"https:\/\/aquaforest.eu\/wp-content\/uploads\/2024\/06\/NitraPhos-Minus-250ml.png\",\"width\":368,\"height\":600},{\"@type\":\"BreadcrumbList\",\"@id\":\"https:\/\/aquaforest.eu\/pt\/products\/seawater-pt\/probiotic-method-pt\/af-nitraphos-minus\/#breadcrumb\",\"itemListElement\":[{\"@type\":\"ListItem\",\"position\":1,\"name\":\"Home\",\"item\":\"https:\/\/aquaforest.eu\/pt\/\"},{\"@type\":\"ListItem\",\"position\":2,\"name\":\"Produtos\",\"item\":\"https:\/\/aquaforest.eu\/pt\/produtos\/\"},{\"@type\":\"ListItem\",\"position\":3,\"name\":\"AF Nitraphos Minus\"}]},{\"@type\":\"WebSite\",\"@id\":\"https:\/\/aquaforest.eu\/pt\/#website\",\"url\":\"https:\/\/aquaforest.eu\/pt\/\",\"name\":\"Aquaforest\",\"description\":\"\",\"publisher\":{\"@id\":\"https:\/\/aquaforest.eu\/pt\/#organization\"},\"potentialAction\":[{\"@type\":\"SearchAction\",\"target\":{\"@type\":\"EntryPoint\",\"urlTemplate\":\"https:\/\/aquaforest.eu\/pt\/?s={search_term_string}\"},\"query-input\":{\"@type\":\"PropertyValueSpecification\",\"valueRequired\":true,\"valueName\":\"search_term_string\"}}],\"inLanguage\":\"pt-PT\"},{\"@type\":\"Organization\",\"@id\":\"https:\/\/aquaforest.eu\/pt\/#organization\",\"name\":\"Aquaforest\",\"url\":\"https:\/\/aquaforest.eu\/pt\/\",\"logo\":{\"@type\":\"ImageObject\",\"inLanguage\":\"pt-PT\",\"@id\":\"https:\/\/aquaforest.eu\/pt\/#\/schema\/logo\/image\/\",\"url\":\"https:\/\/aquaforest.eu\/wp-content\/uploads\/2024\/05\/logotyp-aquaforest.svg\",\"contentUrl\":\"https:\/\/aquaforest.eu\/wp-content\/uploads\/2024\/05\/logotyp-aquaforest.svg\",\"width\":170,\"height\":22,\"caption\":\"Aquaforest\"},\"image\":{\"@id\":\"https:\/\/aquaforest.eu\/pt\/#\/schema\/logo\/image\/\"},\"sameAs\":[\"https:\/\/www.facebook.com\/Aquaforest\/\",\"https:\/\/www.instagram.com\/aquaforest.eu\/\"]}]}<\/script>\n<!-- \/ Yoast SEO plugin. -->","yoast_head_json":{"title":"AF Nitraphos Minus - Aquaforest","description":"NitraPhos Minus: removes excess nitrates, nitrites and phosphates from the marine aquarium, supports coral growth and prevents algae.","robots":{"index":"index","follow":"follow","max-snippet":"max-snippet:-1","max-image-preview":"max-image-preview:large","max-video-preview":"max-video-preview:-1"},"canonical":"https:\/\/aquaforest.eu\/pt\/products\/seawater-pt\/probiotic-method-pt\/af-nitraphos-minus\/","og_locale":"pt_PT","og_type":"article","og_title":"AF Nitraphos Minus - Aquaforest","og_description":"NitraPhos Minus: removes excess nitrates, nitrites and phosphates from the marine aquarium, supports coral growth and prevents algae.","og_url":"https:\/\/aquaforest.eu\/pt\/products\/seawater-pt\/probiotic-method-pt\/af-nitraphos-minus\/","og_site_name":"Aquaforest","article_publisher":"https:\/\/www.facebook.com\/Aquaforest\/","article_modified_time":"2026-05-04T10:49:46+00:00","og_image":[{"width":368,"height":600,"url":"https:\/\/aquaforest.eu\/wp-content\/uploads\/2024\/06\/NitraPhos-Minus-250ml.png","type":"image\/png"}],"twitter_card":"summary_large_image","twitter_misc":{"Tempo estimado de leitura":"2 minutos"},"schema":{"@context":"https:\/\/schema.org","@graph":[{"@type":"WebPage","@id":"https:\/\/aquaforest.eu\/pt\/products\/seawater-pt\/probiotic-method-pt\/af-nitraphos-minus\/","url":"https:\/\/aquaforest.eu\/pt\/products\/seawater-pt\/probiotic-method-pt\/af-nitraphos-minus\/","name":"AF Nitraphos Minus - Aquaforest","isPartOf":{"@id":"https:\/\/aquaforest.eu\/pt\/#website"},"primaryImageOfPage":{"@id":"https:\/\/aquaforest.eu\/pt\/products\/seawater-pt\/probiotic-method-pt\/af-nitraphos-minus\/#primaryimage"},"image":{"@id":"https:\/\/aquaforest.eu\/pt\/products\/seawater-pt\/probiotic-method-pt\/af-nitraphos-minus\/#primaryimage"},"thumbnailUrl":"https:\/\/aquaforest.eu\/wp-content\/uploads\/2024\/06\/NitraPhos-Minus-250ml.png","datePublished":"2024-06-27T00:14:22+00:00","dateModified":"2026-05-04T10:49:46+00:00","description":"NitraPhos Minus: removes excess nitrates, nitrites and phosphates from the marine aquarium, supports coral growth and prevents algae.","breadcrumb":{"@id":"https:\/\/aquaforest.eu\/pt\/products\/seawater-pt\/probiotic-method-pt\/af-nitraphos-minus\/#breadcrumb"},"inLanguage":"pt-PT","potentialAction":[{"@type":"ReadAction","target":["https:\/\/aquaforest.eu\/pt\/products\/seawater-pt\/probiotic-method-pt\/af-nitraphos-minus\/"]}]},{"@type":"ImageObject","inLanguage":"pt-PT","@id":"https:\/\/aquaforest.eu\/pt\/products\/seawater-pt\/probiotic-method-pt\/af-nitraphos-minus\/#primaryimage","url":"https:\/\/aquaforest.eu\/wp-content\/uploads\/2024\/06\/NitraPhos-Minus-250ml.png","contentUrl":"https:\/\/aquaforest.eu\/wp-content\/uploads\/2024\/06\/NitraPhos-Minus-250ml.png","width":368,"height":600},{"@type":"BreadcrumbList","@id":"https:\/\/aquaforest.eu\/pt\/products\/seawater-pt\/probiotic-method-pt\/af-nitraphos-minus\/#breadcrumb","itemListElement":[{"@type":"ListItem","position":1,"name":"Home","item":"https:\/\/aquaforest.eu\/pt\/"},{"@type":"ListItem","position":2,"name":"Produtos","item":"https:\/\/aquaforest.eu\/pt\/produtos\/"},{"@type":"ListItem","position":3,"name":"AF Nitraphos Minus"}]},{"@type":"WebSite","@id":"https:\/\/aquaforest.eu\/pt\/#website","url":"https:\/\/aquaforest.eu\/pt\/","name":"Aquaforest","description":"","publisher":{"@id":"https:\/\/aquaforest.eu\/pt\/#organization"},"potentialAction":[{"@type":"SearchAction","target":{"@type":"EntryPoint","urlTemplate":"https:\/\/aquaforest.eu\/pt\/?s={search_term_string}"},"query-input":{"@type":"PropertyValueSpecification","valueRequired":true,"valueName":"search_term_string"}}],"inLanguage":"pt-PT"},{"@type":"Organization","@id":"https:\/\/aquaforest.eu\/pt\/#organization","name":"Aquaforest","url":"https:\/\/aquaforest.eu\/pt\/","logo":{"@type":"ImageObject","inLanguage":"pt-PT","@id":"https:\/\/aquaforest.eu\/pt\/#\/schema\/logo\/image\/","url":"https:\/\/aquaforest.eu\/wp-content\/uploads\/2024\/05\/logotyp-aquaforest.svg","contentUrl":"https:\/\/aquaforest.eu\/wp-content\/uploads\/2024\/05\/logotyp-aquaforest.svg","width":170,"height":22,"caption":"Aquaforest"},"image":{"@id":"https:\/\/aquaforest.eu\/pt\/#\/schema\/logo\/image\/"},"sameAs":["https:\/\/www.facebook.com\/Aquaforest\/","https:\/\/www.instagram.com\/aquaforest.eu\/"]}]}},"_links":{"self":[{"href":"https:\/\/aquaforest.eu\/pt\/wp-json\/wp\/v2\/product\/23234","targetHints":{"allow":["GET"]}}],"collection":[{"href":"https:\/\/aquaforest.eu\/pt\/wp-json\/wp\/v2\/product"}],"about":[{"href":"https:\/\/aquaforest.eu\/pt\/wp-json\/wp\/v2\/types\/product"}],"version-history":[{"count":3,"href":"https:\/\/aquaforest.eu\/pt\/wp-json\/wp\/v2\/product\/23234\/revisions"}],"predecessor-version":[{"id":31452,"href":"https:\/\/aquaforest.eu\/pt\/wp-json\/wp\/v2\/product\/23234\/revisions\/31452"}],"wp:featuredmedia":[{"embeddable":true,"href":"https:\/\/aquaforest.eu\/pt\/wp-json\/wp\/v2\/media\/23236"}],"wp:attachment":[{"href":"https:\/\/aquaforest.eu\/pt\/wp-json\/wp\/v2\/media?parent=23234"}],"wp:term":[{"taxonomy":"product_brand","embeddable":true,"href":"https:\/\/aquaforest.eu\/pt\/wp-json\/wp\/v2\/product_brand?post=23234"},{"taxonomy":"product_cat","embeddable":true,"href":"https:\/\/aquaforest.eu\/pt\/wp-json\/wp\/v2\/product_cat?post=23234"},{"taxonomy":"product_tag","embeddable":true,"href":"https:\/\/aquaforest.eu\/pt\/wp-json\/wp\/v2\/product_tag?post=23234"}],"curies":[{"name":"wp","href":"https:\/\/api.w.org\/{rel}","templated":true}]}}