{"id":23240,"date":"2024-06-27T02:09:14","date_gmt":"2024-06-27T00:09:14","guid":{"rendered":"https:\/\/aquaforest.eu\/products\/sem%20categoria\/pro-bio-s\/"},"modified":"2026-05-04T12:54:38","modified_gmt":"2026-05-04T10:54:38","slug":"pro-bio-s","status":"publish","type":"product","link":"https:\/\/aquaforest.eu\/pt\/products\/seawater-pt\/probiotic-method-pt\/pro-bio-s\/","title":{"rendered":"Pro Bio S"},"content":{"rendered":"<h3 class=\"fusion-responsive-typography-calculated\" data-fontsize=\"22\" data-lineheight=\"27.5px\"><strong><span style=\"color: #000000;\">Decomposi\u00e7\u00e3o acelerada da mat\u00e9ria org\u00e2nica<\/span><\/strong><\/h3>\n<p>Uma composi\u00e7\u00e3o \u00fanica de cepas bacterianas probi\u00f3ticas especialmente selecionadas, desenvolvida para acelerar a decomposi\u00e7\u00e3o da mat\u00e9ria org\u00e2nica. Decomp\u00f5e subst\u00e2ncias t\u00f3xicas para os peixes e, ao liberar macro e micronutrientes, aumenta sua disponibilidade. Pro Bio S \u00e9 especialmente recomendado para aqu\u00e1rios grandes, exigentes e com alta carga biol\u00f3gica. As bact\u00e9rias presentes no Pro Bio S iniciam o processo de redu\u00e7\u00e3o de nitratos e fosfatos nocivos, que s\u00e3o posteriormente removidos da \u00e1gua pelo skimmer de prote\u00ednas.<\/p>\n<h3 class=\"fusion-responsive-typography-calculated\" data-fontsize=\"22\" data-lineheight=\"27.5px\"><strong><span style=\"color: #000000;\">Filtro biol\u00f3gico natural<\/span><\/strong><\/h3>\n<p>O Pro Bio S cria um filtro biol\u00f3gico natural, dificultando o desenvolvimento de microflora patog\u00eanica. O uso de bact\u00e9rias probi\u00f3ticas reduz significativamente o risco de doen\u00e7as nos habitantes do aqu\u00e1rio e aumenta sua resist\u00eancia ao estresse. As bact\u00e9rias tamb\u00e9m s\u00e3o uma excelente fonte de bacteriopl\u00e2ncton \u2013 o alimento mais importante para os corais. Para manter as bact\u00e9rias probi\u00f3ticas em boas condi\u00e7\u00f5es, recomendamos o uso do -NP Pro como solu\u00e7\u00e3o nutritiva. Pode se formar um precipitado natural na superf\u00edcie do produto, o que n\u00e3o afeta sua qualidade ou efic\u00e1cia.<\/p>\n<h3 class=\"fusion-responsive-typography-calculated\" data-fontsize=\"22\" data-lineheight=\"27.5px\"><strong><span style=\"color: #000000;\">Reduz o risco de doen\u00e7as nos habitantes do aqu\u00e1rio<\/span><\/strong><\/h3>\n<h3><strong>Dosagem:<\/strong><\/h3>\n<p>1 gota por 100 litros de \u00e1gua diariamente. Ap\u00f3s aberto, armazenar na geladeira se a temperatura ultrapassar 24\u00b0C (75\u00b0F). Recomendamos o uso juntamente com -NP Pro. Agite bem antes de usar.<\/p>\n<h3><strong>Importante saber:<\/strong><\/h3>\n<p>N\u00e3o aperte demais a tampa, pois ela pode ser danificada<\/p>\n","protected":false},"excerpt":{"rendered":"<p>Probi\u00f3ticos para reduzir nitrato e fosfato. Acelera a decomposi\u00e7\u00e3o da mat\u00e9ria org\u00e2nica.<\/p>\n","protected":false},"featured_media":23241,"template":"","meta":{"_acf_changed":false,"content-type":""},"product_brand":[],"product_cat":[1686],"product_tag":[1671,1687,1652,1658],"class_list":{"0":"post-23240","1":"product","2":"type-product","3":"status-publish","4":"has-post-thumbnail","6":"product_cat-probiotic-method-pt","7":"product_tag-aquaforest-pt","8":"product_tag-probiotic-method-pt","9":"product_tag-seawater-aquatic-pt","10":"product_tag-variable-pt","12":"first","13":"instock","14":"taxable","15":"shipping-taxable","16":"purchasable","17":"product-type-variable","18":"has-default-attributes"},"acf":[],"yoast_head":"<!-- This site is optimized with the Yoast SEO plugin v27.1.1 - https:\/\/yoast.com\/product\/yoast-seo-wordpress\/ -->\n<title>Pro Bio S - Aquaforest<\/title>\n<meta name=\"description\" content=\"Pro Bio S: probiotic bacteria that accelerate the decomposition of organic matter, reducing nitrates and phosphates. Increases the availability of elements and improves water quality in large aquariums.\" \/>\n<meta name=\"robots\" content=\"index, follow, max-snippet:-1, max-image-preview:large, max-video-preview:-1\" \/>\n<link rel=\"canonical\" href=\"https:\/\/aquaforest.eu\/pt\/products\/seawater-pt\/probiotic-method-pt\/pro-bio-s\/\" \/>\n<meta property=\"og:locale\" content=\"pt_PT\" \/>\n<meta property=\"og:type\" content=\"article\" \/>\n<meta property=\"og:title\" content=\"Pro Bio S - Aquaforest\" \/>\n<meta property=\"og:description\" content=\"Pro Bio S: probiotic bacteria that accelerate the decomposition of organic matter, reducing nitrates and phosphates. Increases the availability of elements and improves water quality in large aquariums.\" \/>\n<meta property=\"og:url\" content=\"https:\/\/aquaforest.eu\/pt\/products\/seawater-pt\/probiotic-method-pt\/pro-bio-s\/\" \/>\n<meta property=\"og:site_name\" content=\"Aquaforest\" \/>\n<meta property=\"article:publisher\" content=\"https:\/\/www.facebook.com\/Aquaforest\/\" \/>\n<meta property=\"article:modified_time\" content=\"2026-05-04T10:54:38+00:00\" \/>\n<meta property=\"og:image\" content=\"https:\/\/aquaforest.eu\/wp-content\/uploads\/2024\/06\/Pro-Bio-S_10-ml.png\" \/>\n\t<meta property=\"og:image:width\" content=\"277\" \/>\n\t<meta property=\"og:image:height\" content=\"600\" \/>\n\t<meta property=\"og:image:type\" content=\"image\/png\" \/>\n<meta name=\"twitter:card\" content=\"summary_large_image\" \/>\n<meta name=\"twitter:label1\" content=\"Tempo estimado de leitura\" \/>\n\t<meta name=\"twitter:data1\" content=\"2 minutos\" \/>\n<script type=\"application\/ld+json\" class=\"yoast-schema-graph\">{\"@context\":\"https:\/\/schema.org\",\"@graph\":[{\"@type\":\"WebPage\",\"@id\":\"https:\/\/aquaforest.eu\/pt\/products\/seawater-pt\/probiotic-method-pt\/pro-bio-s\/\",\"url\":\"https:\/\/aquaforest.eu\/pt\/products\/seawater-pt\/probiotic-method-pt\/pro-bio-s\/\",\"name\":\"Pro Bio S - Aquaforest\",\"isPartOf\":{\"@id\":\"https:\/\/aquaforest.eu\/pt\/#website\"},\"primaryImageOfPage\":{\"@id\":\"https:\/\/aquaforest.eu\/pt\/products\/seawater-pt\/probiotic-method-pt\/pro-bio-s\/#primaryimage\"},\"image\":{\"@id\":\"https:\/\/aquaforest.eu\/pt\/products\/seawater-pt\/probiotic-method-pt\/pro-bio-s\/#primaryimage\"},\"thumbnailUrl\":\"https:\/\/aquaforest.eu\/wp-content\/uploads\/2024\/06\/Pro-Bio-S_10-ml.png\",\"datePublished\":\"2024-06-27T00:09:14+00:00\",\"dateModified\":\"2026-05-04T10:54:38+00:00\",\"description\":\"Pro Bio S: probiotic bacteria that accelerate the decomposition of organic matter, reducing nitrates and phosphates. Increases the availability of elements and improves water quality in large aquariums.\",\"breadcrumb\":{\"@id\":\"https:\/\/aquaforest.eu\/pt\/products\/seawater-pt\/probiotic-method-pt\/pro-bio-s\/#breadcrumb\"},\"inLanguage\":\"pt-PT\",\"potentialAction\":[{\"@type\":\"ReadAction\",\"target\":[\"https:\/\/aquaforest.eu\/pt\/products\/seawater-pt\/probiotic-method-pt\/pro-bio-s\/\"]}]},{\"@type\":\"ImageObject\",\"inLanguage\":\"pt-PT\",\"@id\":\"https:\/\/aquaforest.eu\/pt\/products\/seawater-pt\/probiotic-method-pt\/pro-bio-s\/#primaryimage\",\"url\":\"https:\/\/aquaforest.eu\/wp-content\/uploads\/2024\/06\/Pro-Bio-S_10-ml.png\",\"contentUrl\":\"https:\/\/aquaforest.eu\/wp-content\/uploads\/2024\/06\/Pro-Bio-S_10-ml.png\",\"width\":277,\"height\":600},{\"@type\":\"BreadcrumbList\",\"@id\":\"https:\/\/aquaforest.eu\/pt\/products\/seawater-pt\/probiotic-method-pt\/pro-bio-s\/#breadcrumb\",\"itemListElement\":[{\"@type\":\"ListItem\",\"position\":1,\"name\":\"Home\",\"item\":\"https:\/\/aquaforest.eu\/pt\/\"},{\"@type\":\"ListItem\",\"position\":2,\"name\":\"Produtos\",\"item\":\"https:\/\/aquaforest.eu\/pt\/produtos\/\"},{\"@type\":\"ListItem\",\"position\":3,\"name\":\"Pro Bio S\"}]},{\"@type\":\"WebSite\",\"@id\":\"https:\/\/aquaforest.eu\/pt\/#website\",\"url\":\"https:\/\/aquaforest.eu\/pt\/\",\"name\":\"Aquaforest\",\"description\":\"\",\"publisher\":{\"@id\":\"https:\/\/aquaforest.eu\/pt\/#organization\"},\"potentialAction\":[{\"@type\":\"SearchAction\",\"target\":{\"@type\":\"EntryPoint\",\"urlTemplate\":\"https:\/\/aquaforest.eu\/pt\/?s={search_term_string}\"},\"query-input\":{\"@type\":\"PropertyValueSpecification\",\"valueRequired\":true,\"valueName\":\"search_term_string\"}}],\"inLanguage\":\"pt-PT\"},{\"@type\":\"Organization\",\"@id\":\"https:\/\/aquaforest.eu\/pt\/#organization\",\"name\":\"Aquaforest\",\"url\":\"https:\/\/aquaforest.eu\/pt\/\",\"logo\":{\"@type\":\"ImageObject\",\"inLanguage\":\"pt-PT\",\"@id\":\"https:\/\/aquaforest.eu\/pt\/#\/schema\/logo\/image\/\",\"url\":\"https:\/\/aquaforest.eu\/wp-content\/uploads\/2024\/05\/logotyp-aquaforest.svg\",\"contentUrl\":\"https:\/\/aquaforest.eu\/wp-content\/uploads\/2024\/05\/logotyp-aquaforest.svg\",\"width\":170,\"height\":22,\"caption\":\"Aquaforest\"},\"image\":{\"@id\":\"https:\/\/aquaforest.eu\/pt\/#\/schema\/logo\/image\/\"},\"sameAs\":[\"https:\/\/www.facebook.com\/Aquaforest\/\",\"https:\/\/www.instagram.com\/aquaforest.eu\/\"]}]}<\/script>\n<!-- \/ Yoast SEO plugin. -->","yoast_head_json":{"title":"Pro Bio S - Aquaforest","description":"Pro Bio S: probiotic bacteria that accelerate the decomposition of organic matter, reducing nitrates and phosphates. Increases the availability of elements and improves water quality in large aquariums.","robots":{"index":"index","follow":"follow","max-snippet":"max-snippet:-1","max-image-preview":"max-image-preview:large","max-video-preview":"max-video-preview:-1"},"canonical":"https:\/\/aquaforest.eu\/pt\/products\/seawater-pt\/probiotic-method-pt\/pro-bio-s\/","og_locale":"pt_PT","og_type":"article","og_title":"Pro Bio S - Aquaforest","og_description":"Pro Bio S: probiotic bacteria that accelerate the decomposition of organic matter, reducing nitrates and phosphates. Increases the availability of elements and improves water quality in large aquariums.","og_url":"https:\/\/aquaforest.eu\/pt\/products\/seawater-pt\/probiotic-method-pt\/pro-bio-s\/","og_site_name":"Aquaforest","article_publisher":"https:\/\/www.facebook.com\/Aquaforest\/","article_modified_time":"2026-05-04T10:54:38+00:00","og_image":[{"width":277,"height":600,"url":"https:\/\/aquaforest.eu\/wp-content\/uploads\/2024\/06\/Pro-Bio-S_10-ml.png","type":"image\/png"}],"twitter_card":"summary_large_image","twitter_misc":{"Tempo estimado de leitura":"2 minutos"},"schema":{"@context":"https:\/\/schema.org","@graph":[{"@type":"WebPage","@id":"https:\/\/aquaforest.eu\/pt\/products\/seawater-pt\/probiotic-method-pt\/pro-bio-s\/","url":"https:\/\/aquaforest.eu\/pt\/products\/seawater-pt\/probiotic-method-pt\/pro-bio-s\/","name":"Pro Bio S - Aquaforest","isPartOf":{"@id":"https:\/\/aquaforest.eu\/pt\/#website"},"primaryImageOfPage":{"@id":"https:\/\/aquaforest.eu\/pt\/products\/seawater-pt\/probiotic-method-pt\/pro-bio-s\/#primaryimage"},"image":{"@id":"https:\/\/aquaforest.eu\/pt\/products\/seawater-pt\/probiotic-method-pt\/pro-bio-s\/#primaryimage"},"thumbnailUrl":"https:\/\/aquaforest.eu\/wp-content\/uploads\/2024\/06\/Pro-Bio-S_10-ml.png","datePublished":"2024-06-27T00:09:14+00:00","dateModified":"2026-05-04T10:54:38+00:00","description":"Pro Bio S: probiotic bacteria that accelerate the decomposition of organic matter, reducing nitrates and phosphates. Increases the availability of elements and improves water quality in large aquariums.","breadcrumb":{"@id":"https:\/\/aquaforest.eu\/pt\/products\/seawater-pt\/probiotic-method-pt\/pro-bio-s\/#breadcrumb"},"inLanguage":"pt-PT","potentialAction":[{"@type":"ReadAction","target":["https:\/\/aquaforest.eu\/pt\/products\/seawater-pt\/probiotic-method-pt\/pro-bio-s\/"]}]},{"@type":"ImageObject","inLanguage":"pt-PT","@id":"https:\/\/aquaforest.eu\/pt\/products\/seawater-pt\/probiotic-method-pt\/pro-bio-s\/#primaryimage","url":"https:\/\/aquaforest.eu\/wp-content\/uploads\/2024\/06\/Pro-Bio-S_10-ml.png","contentUrl":"https:\/\/aquaforest.eu\/wp-content\/uploads\/2024\/06\/Pro-Bio-S_10-ml.png","width":277,"height":600},{"@type":"BreadcrumbList","@id":"https:\/\/aquaforest.eu\/pt\/products\/seawater-pt\/probiotic-method-pt\/pro-bio-s\/#breadcrumb","itemListElement":[{"@type":"ListItem","position":1,"name":"Home","item":"https:\/\/aquaforest.eu\/pt\/"},{"@type":"ListItem","position":2,"name":"Produtos","item":"https:\/\/aquaforest.eu\/pt\/produtos\/"},{"@type":"ListItem","position":3,"name":"Pro Bio S"}]},{"@type":"WebSite","@id":"https:\/\/aquaforest.eu\/pt\/#website","url":"https:\/\/aquaforest.eu\/pt\/","name":"Aquaforest","description":"","publisher":{"@id":"https:\/\/aquaforest.eu\/pt\/#organization"},"potentialAction":[{"@type":"SearchAction","target":{"@type":"EntryPoint","urlTemplate":"https:\/\/aquaforest.eu\/pt\/?s={search_term_string}"},"query-input":{"@type":"PropertyValueSpecification","valueRequired":true,"valueName":"search_term_string"}}],"inLanguage":"pt-PT"},{"@type":"Organization","@id":"https:\/\/aquaforest.eu\/pt\/#organization","name":"Aquaforest","url":"https:\/\/aquaforest.eu\/pt\/","logo":{"@type":"ImageObject","inLanguage":"pt-PT","@id":"https:\/\/aquaforest.eu\/pt\/#\/schema\/logo\/image\/","url":"https:\/\/aquaforest.eu\/wp-content\/uploads\/2024\/05\/logotyp-aquaforest.svg","contentUrl":"https:\/\/aquaforest.eu\/wp-content\/uploads\/2024\/05\/logotyp-aquaforest.svg","width":170,"height":22,"caption":"Aquaforest"},"image":{"@id":"https:\/\/aquaforest.eu\/pt\/#\/schema\/logo\/image\/"},"sameAs":["https:\/\/www.facebook.com\/Aquaforest\/","https:\/\/www.instagram.com\/aquaforest.eu\/"]}]}},"_links":{"self":[{"href":"https:\/\/aquaforest.eu\/pt\/wp-json\/wp\/v2\/product\/23240","targetHints":{"allow":["GET"]}}],"collection":[{"href":"https:\/\/aquaforest.eu\/pt\/wp-json\/wp\/v2\/product"}],"about":[{"href":"https:\/\/aquaforest.eu\/pt\/wp-json\/wp\/v2\/types\/product"}],"version-history":[{"count":2,"href":"https:\/\/aquaforest.eu\/pt\/wp-json\/wp\/v2\/product\/23240\/revisions"}],"predecessor-version":[{"id":31456,"href":"https:\/\/aquaforest.eu\/pt\/wp-json\/wp\/v2\/product\/23240\/revisions\/31456"}],"wp:featuredmedia":[{"embeddable":true,"href":"https:\/\/aquaforest.eu\/pt\/wp-json\/wp\/v2\/media\/23241"}],"wp:attachment":[{"href":"https:\/\/aquaforest.eu\/pt\/wp-json\/wp\/v2\/media?parent=23240"}],"wp:term":[{"taxonomy":"product_brand","embeddable":true,"href":"https:\/\/aquaforest.eu\/pt\/wp-json\/wp\/v2\/product_brand?post=23240"},{"taxonomy":"product_cat","embeddable":true,"href":"https:\/\/aquaforest.eu\/pt\/wp-json\/wp\/v2\/product_cat?post=23240"},{"taxonomy":"product_tag","embeddable":true,"href":"https:\/\/aquaforest.eu\/pt\/wp-json\/wp\/v2\/product_tag?post=23240"}],"curies":[{"name":"wp","href":"https:\/\/api.w.org\/{rel}","templated":true}]}}