{"id":23245,"date":"2024-06-27T02:08:51","date_gmt":"2024-06-27T00:08:51","guid":{"rendered":"https:\/\/aquaforest.eu\/products\/sem%20categoria\/bio-s\/"},"modified":"2025-07-14T14:09:16","modified_gmt":"2025-07-14T12:09:16","slug":"bio-s","status":"publish","type":"product","link":"https:\/\/aquaforest.eu\/pt\/products\/seawater-pt\/probiotic-method-pt\/bio-s\/","title":{"rendered":"Bio S"},"content":{"rendered":"<h4 class=\"fusion-responsive-typography-calculated\" data-fontsize=\"22\" data-lineheight=\"27.5px\">Elimina\u00e7\u00e3o r\u00e1pida e eficaz de am\u00f4nia e compostos nitrogenados<br \/>\n<\/h4>\n<p> F\u00f3rmula especializada criada para a elimina\u00e7\u00e3o r\u00e1pida e eficaz de am\u00f4nia e compostos de nitrog\u00eanio no aqu\u00e1rio. O Bio S cont\u00e9m cepas bacterianas especialmente selecionadas que criam um ambiente ideal para a multiplica\u00e7\u00e3o das bact\u00e9rias Nitrospirae e Nitrobacteraceae, respons\u00e1veis pelo ciclo do nitrog\u00eanio.<\/p>\n<h4 class=\"fusion-responsive-typography-calculated\" data-fontsize=\"22\" data-lineheight=\"27.5px\">Acelera o processo de nitrifica\u00e7\u00e3o<\/h4>\n<p> Durante o processo de nitrifica\u00e7\u00e3o, as bact\u00e9rias removem compostos como am\u00f4nia e nitrito da \u00e1gua. O Bio S \u00e9 especialmente recomendado nos primeiros dias ap\u00f3s a montagem de um novo aqu\u00e1rio para iniciar e acelerar a nitrifica\u00e7\u00e3o. Tamb\u00e9m \u00e9 ideal para colonizar a m\u00eddia de filtragem em aqu\u00e1rios rec\u00e9m-instalados. Em aqu\u00e1rios maduros, acelera a decomposi\u00e7\u00e3o de restos de alimentos, compostos org\u00e2nicos e sedimentos. Melhora a clareza da \u00e1gua e auxilia na limpeza do substrato. Bio S tamb\u00e9m pode ser utilizado em sistemas de filtragem baseados em bact\u00e9rias probi\u00f3ticas.<\/p>\n<h4 class=\"fusion-responsive-typography-calculated\" data-fontsize=\"22\" data-lineheight=\"27.5px\">Melhora a clareza da \u00e1gua<br \/>\n<\/h4>\n<p><strong>Dosagem:<\/strong>\u00a01 gota para cada 100 litros de \u00e1gua todos os dias durante as primeiras 2 semanas. Em aqu\u00e1rios j\u00e1 em funcionamento, o Bio S deve ser usado ap\u00f3s trocas de \u00e1gua. Agite antes de usar.<\/p>\n","protected":false},"excerpt":{"rendered":"<p>Bact\u00e9rias nitrificantes para acelerar a matura\u00e7\u00e3o. Cont\u00e9m cepas bacterianas especialmente selecionadas.<\/p>\n","protected":false},"featured_media":23246,"template":"","meta":{"_acf_changed":false,"content-type":""},"product_brand":[],"product_cat":[1686],"product_tag":[1671,1687,1652,1658],"class_list":{"0":"post-23245","1":"product","2":"type-product","3":"status-publish","4":"has-post-thumbnail","6":"product_cat-probiotic-method-pt","7":"product_tag-aquaforest-pt","8":"product_tag-probiotic-method-pt","9":"product_tag-seawater-aquatic-pt","10":"product_tag-variable-pt","12":"first","13":"instock","14":"taxable","15":"shipping-taxable","16":"purchasable","17":"product-type-variable","18":"has-default-attributes"},"acf":[],"yoast_head":"<!-- This site is optimized with the Yoast SEO plugin v27.1.1 - https:\/\/yoast.com\/product\/yoast-seo-wordpress\/ -->\n<title>Bio S - Aquaforest<\/title>\n<meta name=\"description\" content=\"Bio S: a specialist formula for the fast and effective elimination of ammonia and nitrogen from the aquarium. Contains strains of Nitrospirae and Nitrobacteraceae bacteria, supporting the nitrogen cycle.\" \/>\n<meta name=\"robots\" content=\"index, follow, max-snippet:-1, max-image-preview:large, max-video-preview:-1\" \/>\n<link rel=\"canonical\" href=\"https:\/\/aquaforest.eu\/pt\/products\/seawater-pt\/probiotic-method-pt\/bio-s\/\" \/>\n<meta property=\"og:locale\" content=\"pt_PT\" \/>\n<meta property=\"og:type\" content=\"article\" \/>\n<meta property=\"og:title\" content=\"Bio S - Aquaforest\" \/>\n<meta property=\"og:description\" content=\"Bio S: a specialist formula for the fast and effective elimination of ammonia and nitrogen from the aquarium. Contains strains of Nitrospirae and Nitrobacteraceae bacteria, supporting the nitrogen cycle.\" \/>\n<meta property=\"og:url\" content=\"https:\/\/aquaforest.eu\/pt\/products\/seawater-pt\/probiotic-method-pt\/bio-s\/\" \/>\n<meta property=\"og:site_name\" content=\"Aquaforest\" \/>\n<meta property=\"article:publisher\" content=\"https:\/\/www.facebook.com\/Aquaforest\/\" \/>\n<meta property=\"article:modified_time\" content=\"2025-07-14T12:09:16+00:00\" \/>\n<meta property=\"og:image\" content=\"https:\/\/aquaforest.eu\/wp-content\/uploads\/2024\/06\/Bio-S-10-ml.png\" \/>\n\t<meta property=\"og:image:width\" content=\"277\" \/>\n\t<meta property=\"og:image:height\" content=\"600\" \/>\n\t<meta property=\"og:image:type\" content=\"image\/png\" \/>\n<meta name=\"twitter:card\" content=\"summary_large_image\" \/>\n<meta name=\"twitter:label1\" content=\"Tempo estimado de leitura\" \/>\n\t<meta name=\"twitter:data1\" content=\"2 minutos\" \/>\n<script type=\"application\/ld+json\" class=\"yoast-schema-graph\">{\"@context\":\"https:\/\/schema.org\",\"@graph\":[{\"@type\":\"WebPage\",\"@id\":\"https:\/\/aquaforest.eu\/pt\/products\/seawater-pt\/probiotic-method-pt\/bio-s\/\",\"url\":\"https:\/\/aquaforest.eu\/pt\/products\/seawater-pt\/probiotic-method-pt\/bio-s\/\",\"name\":\"Bio S - Aquaforest\",\"isPartOf\":{\"@id\":\"https:\/\/aquaforest.eu\/pt\/#website\"},\"primaryImageOfPage\":{\"@id\":\"https:\/\/aquaforest.eu\/pt\/products\/seawater-pt\/probiotic-method-pt\/bio-s\/#primaryimage\"},\"image\":{\"@id\":\"https:\/\/aquaforest.eu\/pt\/products\/seawater-pt\/probiotic-method-pt\/bio-s\/#primaryimage\"},\"thumbnailUrl\":\"https:\/\/aquaforest.eu\/wp-content\/uploads\/2024\/06\/Bio-S-10-ml.png\",\"datePublished\":\"2024-06-27T00:08:51+00:00\",\"dateModified\":\"2025-07-14T12:09:16+00:00\",\"description\":\"Bio S: a specialist formula for the fast and effective elimination of ammonia and nitrogen from the aquarium. Contains strains of Nitrospirae and Nitrobacteraceae bacteria, supporting the nitrogen cycle.\",\"breadcrumb\":{\"@id\":\"https:\/\/aquaforest.eu\/pt\/products\/seawater-pt\/probiotic-method-pt\/bio-s\/#breadcrumb\"},\"inLanguage\":\"pt-PT\",\"potentialAction\":[{\"@type\":\"ReadAction\",\"target\":[\"https:\/\/aquaforest.eu\/pt\/products\/seawater-pt\/probiotic-method-pt\/bio-s\/\"]}]},{\"@type\":\"ImageObject\",\"inLanguage\":\"pt-PT\",\"@id\":\"https:\/\/aquaforest.eu\/pt\/products\/seawater-pt\/probiotic-method-pt\/bio-s\/#primaryimage\",\"url\":\"https:\/\/aquaforest.eu\/wp-content\/uploads\/2024\/06\/Bio-S-10-ml.png\",\"contentUrl\":\"https:\/\/aquaforest.eu\/wp-content\/uploads\/2024\/06\/Bio-S-10-ml.png\",\"width\":277,\"height\":600},{\"@type\":\"BreadcrumbList\",\"@id\":\"https:\/\/aquaforest.eu\/pt\/products\/seawater-pt\/probiotic-method-pt\/bio-s\/#breadcrumb\",\"itemListElement\":[{\"@type\":\"ListItem\",\"position\":1,\"name\":\"Home\",\"item\":\"https:\/\/aquaforest.eu\/pt\/\"},{\"@type\":\"ListItem\",\"position\":2,\"name\":\"Produtos\",\"item\":\"https:\/\/aquaforest.eu\/pt\/produtos\/\"},{\"@type\":\"ListItem\",\"position\":3,\"name\":\"Bio S\"}]},{\"@type\":\"WebSite\",\"@id\":\"https:\/\/aquaforest.eu\/pt\/#website\",\"url\":\"https:\/\/aquaforest.eu\/pt\/\",\"name\":\"Aquaforest\",\"description\":\"\",\"publisher\":{\"@id\":\"https:\/\/aquaforest.eu\/pt\/#organization\"},\"potentialAction\":[{\"@type\":\"SearchAction\",\"target\":{\"@type\":\"EntryPoint\",\"urlTemplate\":\"https:\/\/aquaforest.eu\/pt\/?s={search_term_string}\"},\"query-input\":{\"@type\":\"PropertyValueSpecification\",\"valueRequired\":true,\"valueName\":\"search_term_string\"}}],\"inLanguage\":\"pt-PT\"},{\"@type\":\"Organization\",\"@id\":\"https:\/\/aquaforest.eu\/pt\/#organization\",\"name\":\"Aquaforest\",\"url\":\"https:\/\/aquaforest.eu\/pt\/\",\"logo\":{\"@type\":\"ImageObject\",\"inLanguage\":\"pt-PT\",\"@id\":\"https:\/\/aquaforest.eu\/pt\/#\/schema\/logo\/image\/\",\"url\":\"https:\/\/aquaforest.eu\/wp-content\/uploads\/2024\/05\/logotyp-aquaforest.svg\",\"contentUrl\":\"https:\/\/aquaforest.eu\/wp-content\/uploads\/2024\/05\/logotyp-aquaforest.svg\",\"width\":170,\"height\":22,\"caption\":\"Aquaforest\"},\"image\":{\"@id\":\"https:\/\/aquaforest.eu\/pt\/#\/schema\/logo\/image\/\"},\"sameAs\":[\"https:\/\/www.facebook.com\/Aquaforest\/\",\"https:\/\/www.instagram.com\/aquaforest.eu\/\"]}]}<\/script>\n<!-- \/ Yoast SEO plugin. -->","yoast_head_json":{"title":"Bio S - Aquaforest","description":"Bio S: a specialist formula for the fast and effective elimination of ammonia and nitrogen from the aquarium. Contains strains of Nitrospirae and Nitrobacteraceae bacteria, supporting the nitrogen cycle.","robots":{"index":"index","follow":"follow","max-snippet":"max-snippet:-1","max-image-preview":"max-image-preview:large","max-video-preview":"max-video-preview:-1"},"canonical":"https:\/\/aquaforest.eu\/pt\/products\/seawater-pt\/probiotic-method-pt\/bio-s\/","og_locale":"pt_PT","og_type":"article","og_title":"Bio S - Aquaforest","og_description":"Bio S: a specialist formula for the fast and effective elimination of ammonia and nitrogen from the aquarium. Contains strains of Nitrospirae and Nitrobacteraceae bacteria, supporting the nitrogen cycle.","og_url":"https:\/\/aquaforest.eu\/pt\/products\/seawater-pt\/probiotic-method-pt\/bio-s\/","og_site_name":"Aquaforest","article_publisher":"https:\/\/www.facebook.com\/Aquaforest\/","article_modified_time":"2025-07-14T12:09:16+00:00","og_image":[{"width":277,"height":600,"url":"https:\/\/aquaforest.eu\/wp-content\/uploads\/2024\/06\/Bio-S-10-ml.png","type":"image\/png"}],"twitter_card":"summary_large_image","twitter_misc":{"Tempo estimado de leitura":"2 minutos"},"schema":{"@context":"https:\/\/schema.org","@graph":[{"@type":"WebPage","@id":"https:\/\/aquaforest.eu\/pt\/products\/seawater-pt\/probiotic-method-pt\/bio-s\/","url":"https:\/\/aquaforest.eu\/pt\/products\/seawater-pt\/probiotic-method-pt\/bio-s\/","name":"Bio S - Aquaforest","isPartOf":{"@id":"https:\/\/aquaforest.eu\/pt\/#website"},"primaryImageOfPage":{"@id":"https:\/\/aquaforest.eu\/pt\/products\/seawater-pt\/probiotic-method-pt\/bio-s\/#primaryimage"},"image":{"@id":"https:\/\/aquaforest.eu\/pt\/products\/seawater-pt\/probiotic-method-pt\/bio-s\/#primaryimage"},"thumbnailUrl":"https:\/\/aquaforest.eu\/wp-content\/uploads\/2024\/06\/Bio-S-10-ml.png","datePublished":"2024-06-27T00:08:51+00:00","dateModified":"2025-07-14T12:09:16+00:00","description":"Bio S: a specialist formula for the fast and effective elimination of ammonia and nitrogen from the aquarium. Contains strains of Nitrospirae and Nitrobacteraceae bacteria, supporting the nitrogen cycle.","breadcrumb":{"@id":"https:\/\/aquaforest.eu\/pt\/products\/seawater-pt\/probiotic-method-pt\/bio-s\/#breadcrumb"},"inLanguage":"pt-PT","potentialAction":[{"@type":"ReadAction","target":["https:\/\/aquaforest.eu\/pt\/products\/seawater-pt\/probiotic-method-pt\/bio-s\/"]}]},{"@type":"ImageObject","inLanguage":"pt-PT","@id":"https:\/\/aquaforest.eu\/pt\/products\/seawater-pt\/probiotic-method-pt\/bio-s\/#primaryimage","url":"https:\/\/aquaforest.eu\/wp-content\/uploads\/2024\/06\/Bio-S-10-ml.png","contentUrl":"https:\/\/aquaforest.eu\/wp-content\/uploads\/2024\/06\/Bio-S-10-ml.png","width":277,"height":600},{"@type":"BreadcrumbList","@id":"https:\/\/aquaforest.eu\/pt\/products\/seawater-pt\/probiotic-method-pt\/bio-s\/#breadcrumb","itemListElement":[{"@type":"ListItem","position":1,"name":"Home","item":"https:\/\/aquaforest.eu\/pt\/"},{"@type":"ListItem","position":2,"name":"Produtos","item":"https:\/\/aquaforest.eu\/pt\/produtos\/"},{"@type":"ListItem","position":3,"name":"Bio S"}]},{"@type":"WebSite","@id":"https:\/\/aquaforest.eu\/pt\/#website","url":"https:\/\/aquaforest.eu\/pt\/","name":"Aquaforest","description":"","publisher":{"@id":"https:\/\/aquaforest.eu\/pt\/#organization"},"potentialAction":[{"@type":"SearchAction","target":{"@type":"EntryPoint","urlTemplate":"https:\/\/aquaforest.eu\/pt\/?s={search_term_string}"},"query-input":{"@type":"PropertyValueSpecification","valueRequired":true,"valueName":"search_term_string"}}],"inLanguage":"pt-PT"},{"@type":"Organization","@id":"https:\/\/aquaforest.eu\/pt\/#organization","name":"Aquaforest","url":"https:\/\/aquaforest.eu\/pt\/","logo":{"@type":"ImageObject","inLanguage":"pt-PT","@id":"https:\/\/aquaforest.eu\/pt\/#\/schema\/logo\/image\/","url":"https:\/\/aquaforest.eu\/wp-content\/uploads\/2024\/05\/logotyp-aquaforest.svg","contentUrl":"https:\/\/aquaforest.eu\/wp-content\/uploads\/2024\/05\/logotyp-aquaforest.svg","width":170,"height":22,"caption":"Aquaforest"},"image":{"@id":"https:\/\/aquaforest.eu\/pt\/#\/schema\/logo\/image\/"},"sameAs":["https:\/\/www.facebook.com\/Aquaforest\/","https:\/\/www.instagram.com\/aquaforest.eu\/"]}]}},"_links":{"self":[{"href":"https:\/\/aquaforest.eu\/pt\/wp-json\/wp\/v2\/product\/23245","targetHints":{"allow":["GET"]}}],"collection":[{"href":"https:\/\/aquaforest.eu\/pt\/wp-json\/wp\/v2\/product"}],"about":[{"href":"https:\/\/aquaforest.eu\/pt\/wp-json\/wp\/v2\/types\/product"}],"version-history":[{"count":2,"href":"https:\/\/aquaforest.eu\/pt\/wp-json\/wp\/v2\/product\/23245\/revisions"}],"predecessor-version":[{"id":23930,"href":"https:\/\/aquaforest.eu\/pt\/wp-json\/wp\/v2\/product\/23245\/revisions\/23930"}],"wp:featuredmedia":[{"embeddable":true,"href":"https:\/\/aquaforest.eu\/pt\/wp-json\/wp\/v2\/media\/23246"}],"wp:attachment":[{"href":"https:\/\/aquaforest.eu\/pt\/wp-json\/wp\/v2\/media?parent=23245"}],"wp:term":[{"taxonomy":"product_brand","embeddable":true,"href":"https:\/\/aquaforest.eu\/pt\/wp-json\/wp\/v2\/product_brand?post=23245"},{"taxonomy":"product_cat","embeddable":true,"href":"https:\/\/aquaforest.eu\/pt\/wp-json\/wp\/v2\/product_cat?post=23245"},{"taxonomy":"product_tag","embeddable":true,"href":"https:\/\/aquaforest.eu\/pt\/wp-json\/wp\/v2\/product_tag?post=23245"}],"curies":[{"name":"wp","href":"https:\/\/api.w.org\/{rel}","templated":true}]}}