{"id":23250,"date":"2024-06-27T02:05:22","date_gmt":"2024-06-27T00:05:22","guid":{"rendered":"https:\/\/aquaforest.eu\/products\/sem%20categoria\/mg-plus-2\/"},"modified":"2025-07-14T15:07:32","modified_gmt":"2025-07-14T13:07:32","slug":"mg-plus-2","status":"publish","type":"product","link":"https:\/\/aquaforest.eu\/pt\/products\/seawater-pt\/water-treatment-pt\/mg-plus-2\/","title":{"rendered":"Mg Plus"},"content":{"rendered":"<p><span style=\"color: #000000;\">F\u00f3rmula altamente concentrada para aumentar os n\u00edveis de magn\u00e9sio em aqu\u00e1rios marinhos. O Mg Plus foi desenvolvido para corrigir defici\u00eancias e quedas repentinas nos n\u00edveis de magn\u00e9sio. O magn\u00e9sio \u00e9 essencial para o crescimento saud\u00e1vel e equilibrado dos corais. Um n\u00edvel adequado de magn\u00e9sio na \u00e1gua do aqu\u00e1rio melhora a absor\u00e7\u00e3o de c\u00e1lcio pelos corais. N\u00edveis baixos de magn\u00e9sio podem dificultar a manuten\u00e7\u00e3o de n\u00edveis corretos de c\u00e1lcio e reduzir o pH. O n\u00edvel recomendado de magn\u00e9sio em aqu\u00e1rios de recife \u00e9 de 1180\u20131460 mg\/l (ppm).<\/span><\/p>\n<p>&nbsp;<\/p>\n<hr \/>\n<p>&nbsp;<\/p>\n<p><span style=\"color: #000000;\"><strong>Dosagem:<\/strong>\u00a0110 ml da solu\u00e7\u00e3o de magn\u00e9sio aumentam o n\u00edvel de magn\u00e9sio em 7,5 mg\/l (ppm) por cada 100 litros (27 gal\u00f5es americanos) de \u00e1gua. A dosagem deve ser ajustada com base em testes da \u00e1gua e no consumo di\u00e1rio dos corais. Antes de usar o Mg Plus, recomenda-se medir o n\u00edvel de magn\u00e9sio da \u00e1gua. N\u00e3o recomendamos aumentar o magn\u00e9sio em mais de 50 ppm por dia. Certifique-se de que os n\u00edveis de magn\u00e9sio estejam dentro da faixa recomendada antes de ajustar os n\u00edveis de c\u00e1lcio e alcalinidade.<br \/>\n<\/span><\/p>\n<p>&nbsp;<\/p>\n<hr \/>\n<p>&nbsp;<\/p>\n<p><span style=\"color: #000000;\"><strong>Importante:<\/strong>Produto de uso exclusivo em aqu\u00e1rios. N\u00e3o \u00e9 apropriado para consumo humano. Mantenha fora do alcance de crian\u00e7as.<\/span><\/p>\n","protected":false},"excerpt":{"rendered":"<p>F\u00f3rmula altamente concentrada para aumentar os n\u00edveis de magn\u00e9sio em aqu\u00e1rios marinhos.<\/p>\n","protected":false},"featured_media":29909,"template":"","meta":{"_acf_changed":false,"content-type":""},"product_brand":[],"product_cat":[1651],"product_tag":[1671,1652,1658,1657],"class_list":{"0":"post-23250","1":"product","2":"type-product","3":"status-publish","4":"has-post-thumbnail","6":"product_cat-water-treatment-pt","7":"product_tag-aquaforest-pt","8":"product_tag-seawater-aquatic-pt","9":"product_tag-variable-pt","10":"product_tag-water-treatment-pt","12":"first","13":"instock","14":"taxable","15":"shipping-taxable","16":"purchasable","17":"product-type-variable","18":"has-default-attributes"},"acf":[],"yoast_head":"<!-- This site is optimized with the Yoast SEO plugin v27.1.1 - https:\/\/yoast.com\/product\/yoast-seo-wordpress\/ -->\n<title>Mg Plus - Aquaforest<\/title>\n<meta name=\"description\" content=\"Mg Plus: highly concentrated solution for raising magnesium levels in marine aquariums. Ensures proper coral development and more effective calcium absorption.\" \/>\n<meta name=\"robots\" content=\"index, follow, max-snippet:-1, max-image-preview:large, max-video-preview:-1\" \/>\n<link rel=\"canonical\" href=\"https:\/\/aquaforest.eu\/pt\/products\/seawater-pt\/water-treatment-pt\/mg-plus-2\/\" \/>\n<meta property=\"og:locale\" content=\"pt_PT\" \/>\n<meta property=\"og:type\" content=\"article\" \/>\n<meta property=\"og:title\" content=\"Mg Plus - Aquaforest\" \/>\n<meta property=\"og:description\" content=\"Mg Plus: highly concentrated solution for raising magnesium levels in marine aquariums. Ensures proper coral development and more effective calcium absorption.\" \/>\n<meta property=\"og:url\" content=\"https:\/\/aquaforest.eu\/pt\/products\/seawater-pt\/water-treatment-pt\/mg-plus-2\/\" \/>\n<meta property=\"og:site_name\" content=\"Aquaforest\" \/>\n<meta property=\"article:publisher\" content=\"https:\/\/www.facebook.com\/Aquaforest\/\" \/>\n<meta property=\"article:modified_time\" content=\"2025-07-14T13:07:32+00:00\" \/>\n<meta property=\"og:image\" content=\"https:\/\/aquaforest.eu\/wp-content\/uploads\/2024\/06\/Mg-Plus-250ml.png\" \/>\n\t<meta property=\"og:image:width\" content=\"322\" \/>\n\t<meta property=\"og:image:height\" content=\"600\" \/>\n\t<meta property=\"og:image:type\" content=\"image\/png\" \/>\n<meta name=\"twitter:card\" content=\"summary_large_image\" \/>\n<meta name=\"twitter:label1\" content=\"Tempo estimado de leitura\" \/>\n\t<meta name=\"twitter:data1\" content=\"1 minuto\" \/>\n<script type=\"application\/ld+json\" class=\"yoast-schema-graph\">{\"@context\":\"https:\/\/schema.org\",\"@graph\":[{\"@type\":\"WebPage\",\"@id\":\"https:\/\/aquaforest.eu\/pt\/products\/seawater-pt\/water-treatment-pt\/mg-plus-2\/\",\"url\":\"https:\/\/aquaforest.eu\/pt\/products\/seawater-pt\/water-treatment-pt\/mg-plus-2\/\",\"name\":\"Mg Plus - Aquaforest\",\"isPartOf\":{\"@id\":\"https:\/\/aquaforest.eu\/pt\/#website\"},\"primaryImageOfPage\":{\"@id\":\"https:\/\/aquaforest.eu\/pt\/products\/seawater-pt\/water-treatment-pt\/mg-plus-2\/#primaryimage\"},\"image\":{\"@id\":\"https:\/\/aquaforest.eu\/pt\/products\/seawater-pt\/water-treatment-pt\/mg-plus-2\/#primaryimage\"},\"thumbnailUrl\":\"https:\/\/aquaforest.eu\/wp-content\/uploads\/2024\/06\/mg-plus-250.png\",\"datePublished\":\"2024-06-27T00:05:22+00:00\",\"dateModified\":\"2025-07-14T13:07:32+00:00\",\"description\":\"Mg Plus: highly concentrated solution for raising magnesium levels in marine aquariums. Ensures proper coral development and more effective calcium absorption.\",\"breadcrumb\":{\"@id\":\"https:\/\/aquaforest.eu\/pt\/products\/seawater-pt\/water-treatment-pt\/mg-plus-2\/#breadcrumb\"},\"inLanguage\":\"pt-PT\",\"potentialAction\":[{\"@type\":\"ReadAction\",\"target\":[\"https:\/\/aquaforest.eu\/pt\/products\/seawater-pt\/water-treatment-pt\/mg-plus-2\/\"]}]},{\"@type\":\"ImageObject\",\"inLanguage\":\"pt-PT\",\"@id\":\"https:\/\/aquaforest.eu\/pt\/products\/seawater-pt\/water-treatment-pt\/mg-plus-2\/#primaryimage\",\"url\":\"https:\/\/aquaforest.eu\/wp-content\/uploads\/2024\/06\/mg-plus-250.png\",\"contentUrl\":\"https:\/\/aquaforest.eu\/wp-content\/uploads\/2024\/06\/mg-plus-250.png\",\"width\":268,\"height\":600},{\"@type\":\"BreadcrumbList\",\"@id\":\"https:\/\/aquaforest.eu\/pt\/products\/seawater-pt\/water-treatment-pt\/mg-plus-2\/#breadcrumb\",\"itemListElement\":[{\"@type\":\"ListItem\",\"position\":1,\"name\":\"Home\",\"item\":\"https:\/\/aquaforest.eu\/pt\/\"},{\"@type\":\"ListItem\",\"position\":2,\"name\":\"Produtos\",\"item\":\"https:\/\/aquaforest.eu\/pt\/produtos\/\"},{\"@type\":\"ListItem\",\"position\":3,\"name\":\"Mg Plus\"}]},{\"@type\":\"WebSite\",\"@id\":\"https:\/\/aquaforest.eu\/pt\/#website\",\"url\":\"https:\/\/aquaforest.eu\/pt\/\",\"name\":\"Aquaforest\",\"description\":\"\",\"publisher\":{\"@id\":\"https:\/\/aquaforest.eu\/pt\/#organization\"},\"potentialAction\":[{\"@type\":\"SearchAction\",\"target\":{\"@type\":\"EntryPoint\",\"urlTemplate\":\"https:\/\/aquaforest.eu\/pt\/?s={search_term_string}\"},\"query-input\":{\"@type\":\"PropertyValueSpecification\",\"valueRequired\":true,\"valueName\":\"search_term_string\"}}],\"inLanguage\":\"pt-PT\"},{\"@type\":\"Organization\",\"@id\":\"https:\/\/aquaforest.eu\/pt\/#organization\",\"name\":\"Aquaforest\",\"url\":\"https:\/\/aquaforest.eu\/pt\/\",\"logo\":{\"@type\":\"ImageObject\",\"inLanguage\":\"pt-PT\",\"@id\":\"https:\/\/aquaforest.eu\/pt\/#\/schema\/logo\/image\/\",\"url\":\"https:\/\/aquaforest.eu\/wp-content\/uploads\/2024\/05\/logotyp-aquaforest.svg\",\"contentUrl\":\"https:\/\/aquaforest.eu\/wp-content\/uploads\/2024\/05\/logotyp-aquaforest.svg\",\"width\":170,\"height\":22,\"caption\":\"Aquaforest\"},\"image\":{\"@id\":\"https:\/\/aquaforest.eu\/pt\/#\/schema\/logo\/image\/\"},\"sameAs\":[\"https:\/\/www.facebook.com\/Aquaforest\/\",\"https:\/\/www.instagram.com\/aquaforest.eu\/\"]}]}<\/script>\n<!-- \/ Yoast SEO plugin. -->","yoast_head_json":{"title":"Mg Plus - Aquaforest","description":"Mg Plus: highly concentrated solution for raising magnesium levels in marine aquariums. Ensures proper coral development and more effective calcium absorption.","robots":{"index":"index","follow":"follow","max-snippet":"max-snippet:-1","max-image-preview":"max-image-preview:large","max-video-preview":"max-video-preview:-1"},"canonical":"https:\/\/aquaforest.eu\/pt\/products\/seawater-pt\/water-treatment-pt\/mg-plus-2\/","og_locale":"pt_PT","og_type":"article","og_title":"Mg Plus - Aquaforest","og_description":"Mg Plus: highly concentrated solution for raising magnesium levels in marine aquariums. Ensures proper coral development and more effective calcium absorption.","og_url":"https:\/\/aquaforest.eu\/pt\/products\/seawater-pt\/water-treatment-pt\/mg-plus-2\/","og_site_name":"Aquaforest","article_publisher":"https:\/\/www.facebook.com\/Aquaforest\/","article_modified_time":"2025-07-14T13:07:32+00:00","og_image":[{"width":322,"height":600,"url":"https:\/\/aquaforest.eu\/wp-content\/uploads\/2024\/06\/Mg-Plus-250ml.png","type":"image\/png"}],"twitter_card":"summary_large_image","twitter_misc":{"Tempo estimado de leitura":"1 minuto"},"schema":{"@context":"https:\/\/schema.org","@graph":[{"@type":"WebPage","@id":"https:\/\/aquaforest.eu\/pt\/products\/seawater-pt\/water-treatment-pt\/mg-plus-2\/","url":"https:\/\/aquaforest.eu\/pt\/products\/seawater-pt\/water-treatment-pt\/mg-plus-2\/","name":"Mg Plus - Aquaforest","isPartOf":{"@id":"https:\/\/aquaforest.eu\/pt\/#website"},"primaryImageOfPage":{"@id":"https:\/\/aquaforest.eu\/pt\/products\/seawater-pt\/water-treatment-pt\/mg-plus-2\/#primaryimage"},"image":{"@id":"https:\/\/aquaforest.eu\/pt\/products\/seawater-pt\/water-treatment-pt\/mg-plus-2\/#primaryimage"},"thumbnailUrl":"https:\/\/aquaforest.eu\/wp-content\/uploads\/2024\/06\/mg-plus-250.png","datePublished":"2024-06-27T00:05:22+00:00","dateModified":"2025-07-14T13:07:32+00:00","description":"Mg Plus: highly concentrated solution for raising magnesium levels in marine aquariums. Ensures proper coral development and more effective calcium absorption.","breadcrumb":{"@id":"https:\/\/aquaforest.eu\/pt\/products\/seawater-pt\/water-treatment-pt\/mg-plus-2\/#breadcrumb"},"inLanguage":"pt-PT","potentialAction":[{"@type":"ReadAction","target":["https:\/\/aquaforest.eu\/pt\/products\/seawater-pt\/water-treatment-pt\/mg-plus-2\/"]}]},{"@type":"ImageObject","inLanguage":"pt-PT","@id":"https:\/\/aquaforest.eu\/pt\/products\/seawater-pt\/water-treatment-pt\/mg-plus-2\/#primaryimage","url":"https:\/\/aquaforest.eu\/wp-content\/uploads\/2024\/06\/mg-plus-250.png","contentUrl":"https:\/\/aquaforest.eu\/wp-content\/uploads\/2024\/06\/mg-plus-250.png","width":268,"height":600},{"@type":"BreadcrumbList","@id":"https:\/\/aquaforest.eu\/pt\/products\/seawater-pt\/water-treatment-pt\/mg-plus-2\/#breadcrumb","itemListElement":[{"@type":"ListItem","position":1,"name":"Home","item":"https:\/\/aquaforest.eu\/pt\/"},{"@type":"ListItem","position":2,"name":"Produtos","item":"https:\/\/aquaforest.eu\/pt\/produtos\/"},{"@type":"ListItem","position":3,"name":"Mg Plus"}]},{"@type":"WebSite","@id":"https:\/\/aquaforest.eu\/pt\/#website","url":"https:\/\/aquaforest.eu\/pt\/","name":"Aquaforest","description":"","publisher":{"@id":"https:\/\/aquaforest.eu\/pt\/#organization"},"potentialAction":[{"@type":"SearchAction","target":{"@type":"EntryPoint","urlTemplate":"https:\/\/aquaforest.eu\/pt\/?s={search_term_string}"},"query-input":{"@type":"PropertyValueSpecification","valueRequired":true,"valueName":"search_term_string"}}],"inLanguage":"pt-PT"},{"@type":"Organization","@id":"https:\/\/aquaforest.eu\/pt\/#organization","name":"Aquaforest","url":"https:\/\/aquaforest.eu\/pt\/","logo":{"@type":"ImageObject","inLanguage":"pt-PT","@id":"https:\/\/aquaforest.eu\/pt\/#\/schema\/logo\/image\/","url":"https:\/\/aquaforest.eu\/wp-content\/uploads\/2024\/05\/logotyp-aquaforest.svg","contentUrl":"https:\/\/aquaforest.eu\/wp-content\/uploads\/2024\/05\/logotyp-aquaforest.svg","width":170,"height":22,"caption":"Aquaforest"},"image":{"@id":"https:\/\/aquaforest.eu\/pt\/#\/schema\/logo\/image\/"},"sameAs":["https:\/\/www.facebook.com\/Aquaforest\/","https:\/\/www.instagram.com\/aquaforest.eu\/"]}]}},"_links":{"self":[{"href":"https:\/\/aquaforest.eu\/pt\/wp-json\/wp\/v2\/product\/23250","targetHints":{"allow":["GET"]}}],"collection":[{"href":"https:\/\/aquaforest.eu\/pt\/wp-json\/wp\/v2\/product"}],"about":[{"href":"https:\/\/aquaforest.eu\/pt\/wp-json\/wp\/v2\/types\/product"}],"version-history":[{"count":2,"href":"https:\/\/aquaforest.eu\/pt\/wp-json\/wp\/v2\/product\/23250\/revisions"}],"predecessor-version":[{"id":24057,"href":"https:\/\/aquaforest.eu\/pt\/wp-json\/wp\/v2\/product\/23250\/revisions\/24057"}],"wp:featuredmedia":[{"embeddable":true,"href":"https:\/\/aquaforest.eu\/pt\/wp-json\/wp\/v2\/media\/29909"}],"wp:attachment":[{"href":"https:\/\/aquaforest.eu\/pt\/wp-json\/wp\/v2\/media?parent=23250"}],"wp:term":[{"taxonomy":"product_brand","embeddable":true,"href":"https:\/\/aquaforest.eu\/pt\/wp-json\/wp\/v2\/product_brand?post=23250"},{"taxonomy":"product_cat","embeddable":true,"href":"https:\/\/aquaforest.eu\/pt\/wp-json\/wp\/v2\/product_cat?post=23250"},{"taxonomy":"product_tag","embeddable":true,"href":"https:\/\/aquaforest.eu\/pt\/wp-json\/wp\/v2\/product_tag?post=23250"}],"curies":[{"name":"wp","href":"https:\/\/api.w.org\/{rel}","templated":true}]}}