{"id":23268,"date":"2024-06-27T01:56:13","date_gmt":"2024-06-26T23:56:13","guid":{"rendered":"https:\/\/aquaforest.eu\/products\/sem%20categoria\/reef-mineral-salt\/"},"modified":"2025-07-14T15:15:55","modified_gmt":"2025-07-14T13:15:55","slug":"reef-mineral-salt","status":"publish","type":"product","link":"https:\/\/aquaforest.eu\/pt\/products\/seawater-pt\/water-treatment-pt\/reef-mineral-salt\/","title":{"rendered":"Reef Mineral Salt"},"content":{"rendered":"<h4 class=\"fusion-responsive-typography-calculated\" data-fontsize=\"22\" data-lineheight=\"27.5px\"><span style=\"color: #000000;\">Um agente para manter n\u00edveis constantes de minerais em aqu\u00e1rios de recife<\/span><\/h4>\n<p><span style=\"color: #000000;\">O uso do Reef Mineral Salt \u00e9 um dos elementos mais importantes durante a suplementa\u00e7\u00e3o de cloreto de c\u00e1lcio e bicarbonato de s\u00f3dio (ou seja, o M\u00e9todo Balling). A falta de suplementa\u00e7\u00e3o com Reef Mineral Salt leva a defici\u00eancias perigosas de minerais. A escassez prolongada de micro e macronutrientes causa desacelera\u00e7\u00e3o no crescimento dos corais e colora\u00e7\u00e3o p\u00e1lida e incorreta.<\/span><\/p>\n<p>&nbsp;<\/p>\n<hr \/>\n<p>&nbsp;<\/p>\n<p><span style=\"color: #000000;\"><strong>Dosagem:<\/strong>\u00a0dissolver 25 g em 1000 ml de \u00e1gua RODI. Para manter o equil\u00edbrio i\u00f4nico, recomenda-se tamb\u00e9m aplicar: Calcium, KH Buffer e Magnesium, com dosagens definidas com base em testes de \u00e1gua e no consumo di\u00e1rio dos corais. Reef Mineral Salt pode ser combinado com Calcium ou Magnesium em uma \u00fanica solu\u00e7\u00e3o. A solu\u00e7\u00e3o de Reef Mineral Salt deve ser dosada nas mesmas quantidades l\u00edquidas que as solu\u00e7\u00f5es de Calcium e KH Buffer.<\/span><\/p>\n<p>&nbsp;<\/p>\n<hr \/>\n<p>&nbsp;<\/p>\n<p><span style=\"color: #000000;\"><strong>Importante:\u00a0<\/strong>A dosagem de Reef Mineral Salt n\u00e3o substitui trocas de \u00e1gua regulares, que continuam sendo necess\u00e1rias.<\/span><\/p>\n<div><span style=\"color: #000000;\">Aquaforest Reef Mineral Salt \u00e9 um sal marinho sem cloreto de s\u00f3dio (NaCl). Ele cont\u00e9m todos os demais componentes b\u00e1sicos presentes na \u00e1gua do mar natural, como Magn\u00e9sio, C\u00e1lcio, Pot\u00e1ssio, Bromo, Fl\u00faor, B\u00e1rio, Iodo e elementos tra\u00e7o.<\/span><\/div>\n<div><span style=\"color: #000000;\">O sal sem NaCl \u00e9 um dos componentes mais importantes do m\u00e9todo Balling e desempenha um papel essencial quando se usa cloreto de c\u00e1lcio e bicarbonato de s\u00f3dio..<\/span><\/div>\n<div><\/div>\n<div><span style=\"color: #000000;\">\u00c9 um equ\u00edvoco comum entre os aquaristas achar que o sal sem NaCl serve principalmente para repor elementos tra\u00e7o. Sua principal fun\u00e7\u00e3o \u00e9 manter o equil\u00edbrio i\u00f4nico da \u00e1gua do aqu\u00e1rio.<\/span><\/div>\n<div><span style=\"color: #000000;\">Essa pr\u00e1tica se baseia na descoberta do Prof. William Dittmar, analista qu\u00edmico, e na \u201cregra das propor\u00e7\u00f5es constantes\u201d. Ele analisou amostras de \u00e1gua de oceanos e mares ao redor do mundo e documentou que a composi\u00e7\u00e3o da \u00e1gua do mar natural permanece constante, mesmo com varia\u00e7\u00f5es na salinidade.<\/span><\/div>\n<div><span style=\"color: #000000;\">Mas qual \u00e9 a import\u00e2ncia de adicionar sal sem NaCl ao administrar cloreto de c\u00e1lcio e bicarbonato de s\u00f3dio? Muitos organismos marinhos (como os corais duros) precisam de carbonato de c\u00e1lcio (CaCO\u2083) para formar suas estruturas calc\u00e1rias. Essa subst\u00e2ncia essencial \u00e9 insol\u00favel na \u00e1gua do mar natural, ent\u00e3o uma forma de contornar esse problema \u00e9 fornecer Ca++ e HCO\u2083 sob a forma de cloreto de c\u00e1lcio e bicarbonato de s\u00f3dio sol\u00faveis em \u00e1gua. Essa abordagem, no entanto, produz cloreto de s\u00f3dio como subproduto indesejado:<\/span><\/div>\n<div><\/div>\n<div><span style=\"color: #000000;\">CaCl\u2082 + 2NaHCO\u2083 \u2192 CaCO\u2083 + 2NaCl + H\u2082O + CO\u2082<\/span><\/div>\n<div><\/div>\n<div><span style=\"color: #000000;\">Muitas pessoas acham que a presen\u00e7a adicional de NaCl n\u00e3o causa problemas, desde que a salinidade esteja controlada. No entanto, a salinidade n\u00e3o mede apenas o sal de cozinha em \u00e1gua. Compostos como sulfato de magn\u00e9sio, cloreto de pot\u00e1ssio, sulfato de c\u00e1lcio, entre outros, tamb\u00e9m influenciam. Assim, quando os n\u00edveis de s\u00f3dio e cloreto aumentam, o equil\u00edbrio dos elementos principais \u00e9 alterado. A salinidade pode parecer est\u00e1vel, mas apenas por causa do excesso de NaCl. Em um sistema fechado como o aqu\u00e1rio, isso pode causar impacto significativo.<\/span><\/div>\n<div><\/div>\n<div><span style=\"color: #000000;\">Alguns acreditam que esse problema pode ser resolvido com trocas regulares de \u00e1gua. Mas para restaurar os par\u00e2metros originais seria necess\u00e1rio trocar 100% da \u00e1gua, e quase ningu\u00e9m troca mais de 10% por semana.<\/span><\/div>\n<div><\/div>\n<div><span style=\"color: #000000;\">O uso de sal sem NaCl est\u00e1 se tornando menos comum, e o m\u00e9todo Balling \u00e9 frequentemente limitado a dois ou tr\u00eas de seus componentes principais. Isso pode n\u00e3o causar problemas por semanas ou meses, mas, com o tempo, leva \u00e0 defici\u00eancia de elementos tra\u00e7o.<\/span><\/div>\n<div><\/div>\n<div><span style=\"color: #000000;\">O Balling \u201cTwo Part\u201d ou \u201cLight\u201d est\u00e1 ganhando popularidade, mas a vers\u00e3o original \u2014 embora mais antiga \u2014 \u00e9 muito mais eficaz na manuten\u00e7\u00e3o de par\u00e2metros est\u00e1veis. O uso regular de sal sem NaCl \u00e9 altamente recomendado para prevenir desequil\u00edbrios i\u00f4nicos a longo prazo.<br \/>\n<\/span><\/div>\n","protected":false},"excerpt":{"rendered":"<p>Sais minerais para proporcionar condi\u00e7\u00f5es ideais e equil\u00edbrio i\u00f4nico. Sal sem cloreto de s\u00f3dio (NaCl).<\/p>\n","protected":false},"featured_media":23269,"template":"","meta":{"_acf_changed":false,"content-type":""},"product_brand":[],"product_cat":[1651],"product_tag":[1671,1652,1658,1657],"class_list":{"0":"post-23268","1":"product","2":"type-product","3":"status-publish","4":"has-post-thumbnail","6":"product_cat-water-treatment-pt","7":"product_tag-aquaforest-pt","8":"product_tag-seawater-aquatic-pt","9":"product_tag-variable-pt","10":"product_tag-water-treatment-pt","12":"first","13":"instock","14":"taxable","15":"shipping-taxable","16":"purchasable","17":"product-type-variable","18":"has-default-attributes"},"acf":[],"yoast_head":"<!-- This site is optimized with the Yoast SEO plugin v27.1.1 - https:\/\/yoast.com\/product\/yoast-seo-wordpress\/ -->\n<title>Reef Mineral Salt - Aquaforest<\/title>\n<meta name=\"description\" content=\"Reef Mineral Salt: key to maintaining a constant level of minerals in reef aquariums. Prevents mineral deficiencies and supports the growth and coloration of corals, especially when supplementing with calcium chloride and sodium bicarbonate.\" \/>\n<meta name=\"robots\" content=\"index, follow, max-snippet:-1, max-image-preview:large, max-video-preview:-1\" \/>\n<link rel=\"canonical\" href=\"https:\/\/aquaforest.eu\/pt\/products\/seawater-pt\/water-treatment-pt\/reef-mineral-salt\/\" \/>\n<meta property=\"og:locale\" content=\"pt_PT\" \/>\n<meta property=\"og:type\" content=\"article\" \/>\n<meta property=\"og:title\" content=\"Reef Mineral Salt - Aquaforest\" \/>\n<meta property=\"og:description\" content=\"Reef Mineral Salt: key to maintaining a constant level of minerals in reef aquariums. Prevents mineral deficiencies and supports the growth and coloration of corals, especially when supplementing with calcium chloride and sodium bicarbonate.\" \/>\n<meta property=\"og:url\" content=\"https:\/\/aquaforest.eu\/pt\/products\/seawater-pt\/water-treatment-pt\/reef-mineral-salt\/\" \/>\n<meta property=\"og:site_name\" content=\"Aquaforest\" \/>\n<meta property=\"article:publisher\" content=\"https:\/\/www.facebook.com\/Aquaforest\/\" \/>\n<meta property=\"article:modified_time\" content=\"2025-07-14T13:15:55+00:00\" \/>\n<meta property=\"og:image\" content=\"https:\/\/aquaforest.eu\/wp-content\/uploads\/2024\/06\/Reef-Mineral-Salt-1-kg.png\" \/>\n\t<meta property=\"og:image:width\" content=\"431\" \/>\n\t<meta property=\"og:image:height\" content=\"600\" \/>\n\t<meta property=\"og:image:type\" content=\"image\/png\" \/>\n<meta name=\"twitter:card\" content=\"summary_large_image\" \/>\n<meta name=\"twitter:label1\" content=\"Tempo estimado de leitura\" \/>\n\t<meta name=\"twitter:data1\" content=\"4 minutos\" \/>\n<script type=\"application\/ld+json\" class=\"yoast-schema-graph\">{\"@context\":\"https:\/\/schema.org\",\"@graph\":[{\"@type\":\"WebPage\",\"@id\":\"https:\/\/aquaforest.eu\/pt\/products\/seawater-pt\/water-treatment-pt\/reef-mineral-salt\/\",\"url\":\"https:\/\/aquaforest.eu\/pt\/products\/seawater-pt\/water-treatment-pt\/reef-mineral-salt\/\",\"name\":\"Reef Mineral Salt - Aquaforest\",\"isPartOf\":{\"@id\":\"https:\/\/aquaforest.eu\/pt\/#website\"},\"primaryImageOfPage\":{\"@id\":\"https:\/\/aquaforest.eu\/pt\/products\/seawater-pt\/water-treatment-pt\/reef-mineral-salt\/#primaryimage\"},\"image\":{\"@id\":\"https:\/\/aquaforest.eu\/pt\/products\/seawater-pt\/water-treatment-pt\/reef-mineral-salt\/#primaryimage\"},\"thumbnailUrl\":\"https:\/\/aquaforest.eu\/wp-content\/uploads\/2024\/06\/Reef-Mineral-Salt-1-kg.png\",\"datePublished\":\"2024-06-26T23:56:13+00:00\",\"dateModified\":\"2025-07-14T13:15:55+00:00\",\"description\":\"Reef Mineral Salt: key to maintaining a constant level of minerals in reef aquariums. Prevents mineral deficiencies and supports the growth and coloration of corals, especially when supplementing with calcium chloride and sodium bicarbonate.\",\"breadcrumb\":{\"@id\":\"https:\/\/aquaforest.eu\/pt\/products\/seawater-pt\/water-treatment-pt\/reef-mineral-salt\/#breadcrumb\"},\"inLanguage\":\"pt-PT\",\"potentialAction\":[{\"@type\":\"ReadAction\",\"target\":[\"https:\/\/aquaforest.eu\/pt\/products\/seawater-pt\/water-treatment-pt\/reef-mineral-salt\/\"]}]},{\"@type\":\"ImageObject\",\"inLanguage\":\"pt-PT\",\"@id\":\"https:\/\/aquaforest.eu\/pt\/products\/seawater-pt\/water-treatment-pt\/reef-mineral-salt\/#primaryimage\",\"url\":\"https:\/\/aquaforest.eu\/wp-content\/uploads\/2024\/06\/Reef-Mineral-Salt-1-kg.png\",\"contentUrl\":\"https:\/\/aquaforest.eu\/wp-content\/uploads\/2024\/06\/Reef-Mineral-Salt-1-kg.png\",\"width\":431,\"height\":600},{\"@type\":\"BreadcrumbList\",\"@id\":\"https:\/\/aquaforest.eu\/pt\/products\/seawater-pt\/water-treatment-pt\/reef-mineral-salt\/#breadcrumb\",\"itemListElement\":[{\"@type\":\"ListItem\",\"position\":1,\"name\":\"Home\",\"item\":\"https:\/\/aquaforest.eu\/pt\/\"},{\"@type\":\"ListItem\",\"position\":2,\"name\":\"Produtos\",\"item\":\"https:\/\/aquaforest.eu\/pt\/produtos\/\"},{\"@type\":\"ListItem\",\"position\":3,\"name\":\"Reef Mineral Salt\"}]},{\"@type\":\"WebSite\",\"@id\":\"https:\/\/aquaforest.eu\/pt\/#website\",\"url\":\"https:\/\/aquaforest.eu\/pt\/\",\"name\":\"Aquaforest\",\"description\":\"\",\"publisher\":{\"@id\":\"https:\/\/aquaforest.eu\/pt\/#organization\"},\"potentialAction\":[{\"@type\":\"SearchAction\",\"target\":{\"@type\":\"EntryPoint\",\"urlTemplate\":\"https:\/\/aquaforest.eu\/pt\/?s={search_term_string}\"},\"query-input\":{\"@type\":\"PropertyValueSpecification\",\"valueRequired\":true,\"valueName\":\"search_term_string\"}}],\"inLanguage\":\"pt-PT\"},{\"@type\":\"Organization\",\"@id\":\"https:\/\/aquaforest.eu\/pt\/#organization\",\"name\":\"Aquaforest\",\"url\":\"https:\/\/aquaforest.eu\/pt\/\",\"logo\":{\"@type\":\"ImageObject\",\"inLanguage\":\"pt-PT\",\"@id\":\"https:\/\/aquaforest.eu\/pt\/#\/schema\/logo\/image\/\",\"url\":\"https:\/\/aquaforest.eu\/wp-content\/uploads\/2024\/05\/logotyp-aquaforest.svg\",\"contentUrl\":\"https:\/\/aquaforest.eu\/wp-content\/uploads\/2024\/05\/logotyp-aquaforest.svg\",\"width\":170,\"height\":22,\"caption\":\"Aquaforest\"},\"image\":{\"@id\":\"https:\/\/aquaforest.eu\/pt\/#\/schema\/logo\/image\/\"},\"sameAs\":[\"https:\/\/www.facebook.com\/Aquaforest\/\",\"https:\/\/www.instagram.com\/aquaforest.eu\/\"]}]}<\/script>\n<!-- \/ Yoast SEO plugin. -->","yoast_head_json":{"title":"Reef Mineral Salt - Aquaforest","description":"Reef Mineral Salt: key to maintaining a constant level of minerals in reef aquariums. Prevents mineral deficiencies and supports the growth and coloration of corals, especially when supplementing with calcium chloride and sodium bicarbonate.","robots":{"index":"index","follow":"follow","max-snippet":"max-snippet:-1","max-image-preview":"max-image-preview:large","max-video-preview":"max-video-preview:-1"},"canonical":"https:\/\/aquaforest.eu\/pt\/products\/seawater-pt\/water-treatment-pt\/reef-mineral-salt\/","og_locale":"pt_PT","og_type":"article","og_title":"Reef Mineral Salt - Aquaforest","og_description":"Reef Mineral Salt: key to maintaining a constant level of minerals in reef aquariums. Prevents mineral deficiencies and supports the growth and coloration of corals, especially when supplementing with calcium chloride and sodium bicarbonate.","og_url":"https:\/\/aquaforest.eu\/pt\/products\/seawater-pt\/water-treatment-pt\/reef-mineral-salt\/","og_site_name":"Aquaforest","article_publisher":"https:\/\/www.facebook.com\/Aquaforest\/","article_modified_time":"2025-07-14T13:15:55+00:00","og_image":[{"width":431,"height":600,"url":"https:\/\/aquaforest.eu\/wp-content\/uploads\/2024\/06\/Reef-Mineral-Salt-1-kg.png","type":"image\/png"}],"twitter_card":"summary_large_image","twitter_misc":{"Tempo estimado de leitura":"4 minutos"},"schema":{"@context":"https:\/\/schema.org","@graph":[{"@type":"WebPage","@id":"https:\/\/aquaforest.eu\/pt\/products\/seawater-pt\/water-treatment-pt\/reef-mineral-salt\/","url":"https:\/\/aquaforest.eu\/pt\/products\/seawater-pt\/water-treatment-pt\/reef-mineral-salt\/","name":"Reef Mineral Salt - Aquaforest","isPartOf":{"@id":"https:\/\/aquaforest.eu\/pt\/#website"},"primaryImageOfPage":{"@id":"https:\/\/aquaforest.eu\/pt\/products\/seawater-pt\/water-treatment-pt\/reef-mineral-salt\/#primaryimage"},"image":{"@id":"https:\/\/aquaforest.eu\/pt\/products\/seawater-pt\/water-treatment-pt\/reef-mineral-salt\/#primaryimage"},"thumbnailUrl":"https:\/\/aquaforest.eu\/wp-content\/uploads\/2024\/06\/Reef-Mineral-Salt-1-kg.png","datePublished":"2024-06-26T23:56:13+00:00","dateModified":"2025-07-14T13:15:55+00:00","description":"Reef Mineral Salt: key to maintaining a constant level of minerals in reef aquariums. Prevents mineral deficiencies and supports the growth and coloration of corals, especially when supplementing with calcium chloride and sodium bicarbonate.","breadcrumb":{"@id":"https:\/\/aquaforest.eu\/pt\/products\/seawater-pt\/water-treatment-pt\/reef-mineral-salt\/#breadcrumb"},"inLanguage":"pt-PT","potentialAction":[{"@type":"ReadAction","target":["https:\/\/aquaforest.eu\/pt\/products\/seawater-pt\/water-treatment-pt\/reef-mineral-salt\/"]}]},{"@type":"ImageObject","inLanguage":"pt-PT","@id":"https:\/\/aquaforest.eu\/pt\/products\/seawater-pt\/water-treatment-pt\/reef-mineral-salt\/#primaryimage","url":"https:\/\/aquaforest.eu\/wp-content\/uploads\/2024\/06\/Reef-Mineral-Salt-1-kg.png","contentUrl":"https:\/\/aquaforest.eu\/wp-content\/uploads\/2024\/06\/Reef-Mineral-Salt-1-kg.png","width":431,"height":600},{"@type":"BreadcrumbList","@id":"https:\/\/aquaforest.eu\/pt\/products\/seawater-pt\/water-treatment-pt\/reef-mineral-salt\/#breadcrumb","itemListElement":[{"@type":"ListItem","position":1,"name":"Home","item":"https:\/\/aquaforest.eu\/pt\/"},{"@type":"ListItem","position":2,"name":"Produtos","item":"https:\/\/aquaforest.eu\/pt\/produtos\/"},{"@type":"ListItem","position":3,"name":"Reef Mineral Salt"}]},{"@type":"WebSite","@id":"https:\/\/aquaforest.eu\/pt\/#website","url":"https:\/\/aquaforest.eu\/pt\/","name":"Aquaforest","description":"","publisher":{"@id":"https:\/\/aquaforest.eu\/pt\/#organization"},"potentialAction":[{"@type":"SearchAction","target":{"@type":"EntryPoint","urlTemplate":"https:\/\/aquaforest.eu\/pt\/?s={search_term_string}"},"query-input":{"@type":"PropertyValueSpecification","valueRequired":true,"valueName":"search_term_string"}}],"inLanguage":"pt-PT"},{"@type":"Organization","@id":"https:\/\/aquaforest.eu\/pt\/#organization","name":"Aquaforest","url":"https:\/\/aquaforest.eu\/pt\/","logo":{"@type":"ImageObject","inLanguage":"pt-PT","@id":"https:\/\/aquaforest.eu\/pt\/#\/schema\/logo\/image\/","url":"https:\/\/aquaforest.eu\/wp-content\/uploads\/2024\/05\/logotyp-aquaforest.svg","contentUrl":"https:\/\/aquaforest.eu\/wp-content\/uploads\/2024\/05\/logotyp-aquaforest.svg","width":170,"height":22,"caption":"Aquaforest"},"image":{"@id":"https:\/\/aquaforest.eu\/pt\/#\/schema\/logo\/image\/"},"sameAs":["https:\/\/www.facebook.com\/Aquaforest\/","https:\/\/www.instagram.com\/aquaforest.eu\/"]}]}},"_links":{"self":[{"href":"https:\/\/aquaforest.eu\/pt\/wp-json\/wp\/v2\/product\/23268","targetHints":{"allow":["GET"]}}],"collection":[{"href":"https:\/\/aquaforest.eu\/pt\/wp-json\/wp\/v2\/product"}],"about":[{"href":"https:\/\/aquaforest.eu\/pt\/wp-json\/wp\/v2\/types\/product"}],"version-history":[{"count":2,"href":"https:\/\/aquaforest.eu\/pt\/wp-json\/wp\/v2\/product\/23268\/revisions"}],"predecessor-version":[{"id":24086,"href":"https:\/\/aquaforest.eu\/pt\/wp-json\/wp\/v2\/product\/23268\/revisions\/24086"}],"wp:featuredmedia":[{"embeddable":true,"href":"https:\/\/aquaforest.eu\/pt\/wp-json\/wp\/v2\/media\/23269"}],"wp:attachment":[{"href":"https:\/\/aquaforest.eu\/pt\/wp-json\/wp\/v2\/media?parent=23268"}],"wp:term":[{"taxonomy":"product_brand","embeddable":true,"href":"https:\/\/aquaforest.eu\/pt\/wp-json\/wp\/v2\/product_brand?post=23268"},{"taxonomy":"product_cat","embeddable":true,"href":"https:\/\/aquaforest.eu\/pt\/wp-json\/wp\/v2\/product_cat?post=23268"},{"taxonomy":"product_tag","embeddable":true,"href":"https:\/\/aquaforest.eu\/pt\/wp-json\/wp\/v2\/product_tag?post=23268"}],"curies":[{"name":"wp","href":"https:\/\/api.w.org\/{rel}","templated":true}]}}