{"id":23287,"date":"2024-06-27T01:39:17","date_gmt":"2024-06-26T23:39:17","guid":{"rendered":"https:\/\/aquaforest.eu\/products\/sem%20categoria\/reef-salt-plus\/"},"modified":"2025-07-14T15:17:52","modified_gmt":"2025-07-14T13:17:52","slug":"reef-salt-plus","status":"publish","type":"product","link":"https:\/\/aquaforest.eu\/pt\/products\/seawater-pt\/marine-salts-pt\/reef-salt-plus\/","title":{"rendered":"Reef Salt Plus"},"content":{"rendered":"<p><span style=\"font-weight: 400; color: #000000;\">Reef Salt+ \u00e9 uma revolu\u00e7\u00e3o no mundo das salinidades para aqu\u00e1rios, desenvolvido para os aquaristas mais exigentes. \u00c9 um produto de alt\u00edssima qualidade, resultado de anos de pesquisa sobre o crescimento de corais. Destaca\u2011se por sua composi\u00e7\u00e3o altamente concentrada, contendo propor\u00e7\u00f5es perfeitamente balanceadas de macro\u2011 e micronutrientes cruciais para o crescimento e colora\u00e7\u00e3o dos corais. Essa alta concentra\u00e7\u00e3o proporciona condi\u00e7\u00f5es ideais para o desenvolvimento coralino.<\/span><\/p>\n<p><span style=\"font-weight: 400; color: #000000;\">Ao contr\u00e1rio do ambiente natural, um aqu\u00e1rio \u00e9 um ecossistema fechado onde os componentes valiosos s\u00e3o constantemente consumidos. Garantir acesso cont\u00ednuo a macronutrientes \u00e9 essencial em um aqu\u00e1rio reef. Reef Salt+ cont\u00e9m concentra\u00e7\u00f5es elevadas de macronutrientes em propor\u00e7\u00f5es ideais, assim as trocas regulares de \u00e1gua fornecem micronutrientes valiosos para crescimento e colora\u00e7\u00e3o coralinos, al\u00e9m de manter o equil\u00edbrio adequado dos elementos principais.<\/span><\/p>\n<p>&nbsp;<\/p>\n<hr \/>\n<p>&nbsp;<\/p>\n<h3><span style=\"color: #000000;\"><strong>O que torna o Reef Salt+ \u00fanico?<\/strong><\/span><\/h3>\n<p><span style=\"color: #000000;\">A f\u00f3rmula exclusiva foi desenvolvida ap\u00f3s anos de pesquisa sobre o crescimento de corais em diferentes par\u00e2metros e tamanhos de col\u00f4nia. Baseados em nossas observa\u00e7\u00f5es, criamos este produto para aqu\u00e1rios densamente povoados que visam atender \u00e0s necessidades completas dos corais.<br \/>\n<\/span><\/p>\n<ul>\n<li><span style=\"color: #000000;\">Projetado para aqu\u00e1rios com alta densidade de corais LPS e\/ou SPS<br \/>\n<\/span><\/li>\n<li><span style=\"color: #000000;\">Teores elevados de alcalinidade, c\u00e1lcio e magn\u00e9sio<\/span><\/li>\n<li><span style=\"color: #000000;\">Composi\u00e7\u00e3o rica em oligoelementos que reduz a necessidade de suplementa\u00e7\u00e3o adicional<\/span><\/li>\n<\/ul>\n<p><span style=\"font-weight: 400; color: #000000;\">Trocas regulares de \u00e1gua com Reef Salt+ fornecem aos corais micronutrientes essenciais, promovendo crescimento saud\u00e1vel e apar\u00eancia vibrante. A composi\u00e7\u00e3o rica da salinidade permite reduzir suplementa\u00e7\u00f5es adicionais, simplificando muito os cuidados com o aqu\u00e1rio.<\/span><\/p>\n<p><span style=\"font-weight: 400; color: #000000;\">Reef Salt+ n\u00e3o \u00e9 apenas garantia de corais saud\u00e1veis e bonitos, mas tamb\u00e9m de par\u00e2metros de \u00e1gua est\u00e1veis. Ele cria condi\u00e7\u00f5es ideais para o desenvolvimento dos corais, ajuda na constru\u00e7\u00e3o dos esqueletos, facilita a colora\u00e7\u00e3o e apoia o processo de fotoss\u00edntese.<\/span><\/p>\n<p><span style=\"font-weight: 400; color: #000000;\">Para garantir a mais alta qualidade e precis\u00e3o, cada lote do Reef Salt+ \u00e9 testado em dois espectr\u00f4metros ICP-OES. Um espectr\u00f4metro analisa a concentra\u00e7\u00e3o de micronutrientes e o outro verifica a concentra\u00e7\u00e3o de macronutrientes. Os resultados anal\u00edticos est\u00e3o dispon\u00edveis online para cada cliente, garantindo total transpar\u00eancia e composi\u00e7\u00e3o consistente.\u00a0<\/span><\/p>\n<p>&nbsp;<\/p>\n<hr \/>\n<p>&nbsp;<\/p>\n<h3><span style=\"color: #000000;\"><strong>Como usar o Aquaforest Reef Salt +<\/strong><\/span><\/h3>\n<ol>\n<li><span style=\"font-weight: 400; color: #000000;\">Comece com \u00e1gua RODI a aproximadamente 24\u202f\u00b0C (75\u202f\u00b0F).\n<p><\/span><\/li>\n<li><span style=\"font-weight: 400; color: #000000;\">Para salinidade de 33\u202fppt (1.025\u202fSG), adicione cerca de 390\u202fg (13,75\u202foz) de sal para cada 10\u202fL (2,7\u202fgal EUA) de \u00e1gua.<\/span><\/li>\n<li><span style=\"color: #000000;\">Agite vigorosamente por cerca de 15 minutos at\u00e9 o sal se dissolver totalmente e a \u00e1gua ficar clara.<\/span><\/li>\n<li><span style=\"font-weight: 400; color: #000000;\">Verifique a salinidade com um refrat\u00f4metro antes de usar.<\/span><\/li>\n<li><span style=\"font-weight: 400; color: #000000;\">Pronto! A \u00e1gua salgada est\u00e1 pronta para uso.<\/span><\/li>\n<\/ol>\n<p>&nbsp;<\/p>\n<p><span style=\"font-weight: 400; color: #000000;\">Armazene o sal em local seco e escuro.<br \/>\n<\/span><\/p>\n<p><span style=\"font-weight: 400; color: #000000;\">Ap\u00f3s dissolver, use em at\u00e9 3 dias.<br \/>\n<\/span><\/p>\n<p><span style=\"font-weight: 400; color: #000000;\"> A evapora\u00e7\u00e3o pode alterar os par\u00e2metros da \u00e1gua, portanto, guarde-a em recipiente bem vedado se n\u00e3o for usar imediatamente.<\/span><\/p>\n<p><span style=\"font-weight: 400; color: #000000;\">Se armazenar por v\u00e1rios dias, confira novamente a salinidade antes de usar.<br \/>\n<\/span><\/p>\n<p><span style=\"font-weight: 400; color: #000000;\"> Ficha de seguran\u00e7a dispon\u00edvel mediante solicita\u00e7\u00e3o.<br \/>\n<\/span><\/p>\n<h4><b>Como testamos nossas salinidades?<\/b><\/h4>\n<p><span style=\"font-weight: 400;\">Misturamos o sal e retiramos 3 amostras de cada lote de 600\u202fkg para an\u00e1lise. Cada amostra \u00e9 dissolvida em 15\u202fL de \u00e1gua RO. Nossa equipe verifica a uniformidade e aus\u00eancia de contaminantes atrav\u00e9s de an\u00e1lise ICP\u2011OES. A precis\u00e3o dos resultados \u00e9 garantida por dois espectr\u00f4metros de \u00faltima gera\u00e7\u00e3o calibrados individualmente.<br \/>\n Os resultados est\u00e3o dispon\u00edveis imediatamente em nosso site.<\/span><\/p>\n<p><span style=\"font-weight: 400;\">Os resultados dos testes de cada lote de sal est\u00e3o dispon\u00edveis imediatamente em nosso site.<\/span><a href=\"http:\/\/aquaforest.eu\/icp-oes\"><span style=\"font-weight: 400;\">here<\/span><\/a><span style=\"font-weight: 400;\">.<\/span><\/p>\n<p>&nbsp;<\/p>\n<hr \/>\n<p>&nbsp;<\/p>\n<p><strong>Salinidade recomendada para diferentes tipos de aqu\u00e1rios:<\/strong><\/p>\n<p><img fetchpriority=\"high\" decoding=\"async\" class=\"alignnone wp-image-3485 size-full\" src=\"https:\/\/aquaforest.eu\/wp-content\/uploads\/2024\/06\/Reef-Salt_tabelka_1_709x200.png\" alt=\"\" width=\"709\" height=\"218\" srcset=\"https:\/\/aquaforest.eu\/wp-content\/uploads\/2024\/06\/Reef-Salt_tabelka_1_709x200.png 709w, https:\/\/aquaforest.eu\/wp-content\/uploads\/2024\/06\/Reef-Salt_tabelka_1_709x200-300x92.png 300w, https:\/\/aquaforest.eu\/wp-content\/uploads\/2024\/06\/Reef-Salt_tabelka_1_709x200-600x184.png 600w\" sizes=\"(max-width: 709px) 100vw, 709px\" \/><\/p>\n<p><strong>Os elementos macro e micro na \u00e1gua apresentam n\u00edveis diferentes dependendo da salinidade:<\/strong><\/p>\n<p><img decoding=\"async\" class=\"alignnone wp-image-3484 size-full\" src=\"https:\/\/aquaforest.eu\/wp-content\/uploads\/2024\/06\/Reef-Salt_tabelka_2_709x200.png\" alt=\"\" width=\"709\" height=\"218\" srcset=\"https:\/\/aquaforest.eu\/wp-content\/uploads\/2024\/06\/Reef-Salt_tabelka_2_709x200.png 709w, https:\/\/aquaforest.eu\/wp-content\/uploads\/2024\/06\/Reef-Salt_tabelka_2_709x200-300x92.png 300w, https:\/\/aquaforest.eu\/wp-content\/uploads\/2024\/06\/Reef-Salt_tabelka_2_709x200-600x184.png 600w\" sizes=\"(max-width: 709px) 100vw, 709px\" \/><\/p>\n<p><strong>Compara\u00e7\u00e3o<\/strong><\/p>\n<p><img decoding=\"async\" class=\"alignnone wp-image-3486 size-full\" src=\"https:\/\/aquaforest.eu\/wp-content\/uploads\/2024\/06\/tabelka-nowe-sole-768x268-1.png\" alt=\"\" width=\"768\" height=\"268\" srcset=\"https:\/\/aquaforest.eu\/wp-content\/uploads\/2024\/06\/tabelka-nowe-sole-768x268-1.png 768w, https:\/\/aquaforest.eu\/wp-content\/uploads\/2024\/06\/tabelka-nowe-sole-768x268-1-300x105.png 300w, https:\/\/aquaforest.eu\/wp-content\/uploads\/2024\/06\/tabelka-nowe-sole-768x268-1-600x209.png 600w\" sizes=\"(max-width: 768px) 100vw, 768px\" \/><\/p>\n","protected":false},"excerpt":{"rendered":"<p>Sal com n\u00edveis elevados de macronutrientes equilibrados ionicamente, como alcalinidade, c\u00e1lcio e magn\u00e9sio<\/p>\n","protected":false},"featured_media":23289,"template":"","meta":{"_acf_changed":false,"content-type":""},"product_brand":[],"product_cat":[1704],"product_tag":[1671,1705,1652,1658],"class_list":{"0":"post-23287","1":"product","2":"type-product","3":"status-publish","4":"has-post-thumbnail","6":"product_cat-marine-salts-pt","7":"product_tag-aquaforest-pt","8":"product_tag-marine-salts-pt","9":"product_tag-seawater-aquatic-pt","10":"product_tag-variable-pt","12":"first","13":"instock","14":"taxable","15":"shipping-taxable","16":"purchasable","17":"product-type-variable","18":"has-default-attributes"},"acf":[],"yoast_head":"<!-- This site is optimized with the Yoast SEO plugin v27.1.1 - https:\/\/yoast.com\/product\/yoast-seo-wordpress\/ -->\n<title>Reef Salt Plus - Aquaforest<\/title>\n<meta name=\"description\" content=\"Reef Salt+: the highest quality salt for coral aquariums, providing ideal concentrations of macroelements for rapid colony growth.\" \/>\n<meta name=\"robots\" content=\"index, follow, max-snippet:-1, max-image-preview:large, max-video-preview:-1\" \/>\n<link rel=\"canonical\" href=\"https:\/\/aquaforest.eu\/pt\/products\/seawater-pt\/marine-salts-pt\/reef-salt-plus\/\" \/>\n<meta property=\"og:locale\" content=\"pt_PT\" \/>\n<meta property=\"og:type\" content=\"article\" \/>\n<meta property=\"og:title\" content=\"Reef Salt Plus - Aquaforest\" \/>\n<meta property=\"og:description\" content=\"Reef Salt+: the highest quality salt for coral aquariums, providing ideal concentrations of macroelements for rapid colony growth.\" \/>\n<meta property=\"og:url\" content=\"https:\/\/aquaforest.eu\/pt\/products\/seawater-pt\/marine-salts-pt\/reef-salt-plus\/\" \/>\n<meta property=\"og:site_name\" content=\"Aquaforest\" \/>\n<meta property=\"article:publisher\" content=\"https:\/\/www.facebook.com\/Aquaforest\/\" \/>\n<meta property=\"article:modified_time\" content=\"2025-07-14T13:17:52+00:00\" \/>\n<meta property=\"og:image\" content=\"https:\/\/aquaforest.eu\/wp-content\/uploads\/2024\/06\/Reef-Salt-22kg-1.png\" \/>\n\t<meta property=\"og:image:width\" content=\"1800\" \/>\n\t<meta property=\"og:image:height\" content=\"1800\" \/>\n\t<meta property=\"og:image:type\" content=\"image\/png\" \/>\n<meta name=\"twitter:card\" content=\"summary_large_image\" \/>\n<meta name=\"twitter:label1\" content=\"Tempo estimado de leitura\" \/>\n\t<meta name=\"twitter:data1\" content=\"4 minutos\" \/>\n<script type=\"application\/ld+json\" class=\"yoast-schema-graph\">{\"@context\":\"https:\/\/schema.org\",\"@graph\":[{\"@type\":\"WebPage\",\"@id\":\"https:\/\/aquaforest.eu\/pt\/products\/seawater-pt\/marine-salts-pt\/reef-salt-plus\/\",\"url\":\"https:\/\/aquaforest.eu\/pt\/products\/seawater-pt\/marine-salts-pt\/reef-salt-plus\/\",\"name\":\"Reef Salt Plus - Aquaforest\",\"isPartOf\":{\"@id\":\"https:\/\/aquaforest.eu\/pt\/#website\"},\"primaryImageOfPage\":{\"@id\":\"https:\/\/aquaforest.eu\/pt\/products\/seawater-pt\/marine-salts-pt\/reef-salt-plus\/#primaryimage\"},\"image\":{\"@id\":\"https:\/\/aquaforest.eu\/pt\/products\/seawater-pt\/marine-salts-pt\/reef-salt-plus\/#primaryimage\"},\"thumbnailUrl\":\"https:\/\/aquaforest.eu\/wp-content\/uploads\/2024\/06\/Reef-Salt-22kg-1.png\",\"datePublished\":\"2024-06-26T23:39:17+00:00\",\"dateModified\":\"2025-07-14T13:17:52+00:00\",\"description\":\"Reef Salt+: the highest quality salt for coral aquariums, providing ideal concentrations of macroelements for rapid colony growth.\",\"breadcrumb\":{\"@id\":\"https:\/\/aquaforest.eu\/pt\/products\/seawater-pt\/marine-salts-pt\/reef-salt-plus\/#breadcrumb\"},\"inLanguage\":\"pt-PT\",\"potentialAction\":[{\"@type\":\"ReadAction\",\"target\":[\"https:\/\/aquaforest.eu\/pt\/products\/seawater-pt\/marine-salts-pt\/reef-salt-plus\/\"]}]},{\"@type\":\"ImageObject\",\"inLanguage\":\"pt-PT\",\"@id\":\"https:\/\/aquaforest.eu\/pt\/products\/seawater-pt\/marine-salts-pt\/reef-salt-plus\/#primaryimage\",\"url\":\"https:\/\/aquaforest.eu\/wp-content\/uploads\/2024\/06\/Reef-Salt-22kg-1.png\",\"contentUrl\":\"https:\/\/aquaforest.eu\/wp-content\/uploads\/2024\/06\/Reef-Salt-22kg-1.png\",\"width\":1800,\"height\":1800},{\"@type\":\"BreadcrumbList\",\"@id\":\"https:\/\/aquaforest.eu\/pt\/products\/seawater-pt\/marine-salts-pt\/reef-salt-plus\/#breadcrumb\",\"itemListElement\":[{\"@type\":\"ListItem\",\"position\":1,\"name\":\"Home\",\"item\":\"https:\/\/aquaforest.eu\/pt\/\"},{\"@type\":\"ListItem\",\"position\":2,\"name\":\"Produtos\",\"item\":\"https:\/\/aquaforest.eu\/pt\/produtos\/\"},{\"@type\":\"ListItem\",\"position\":3,\"name\":\"Reef Salt Plus\"}]},{\"@type\":\"WebSite\",\"@id\":\"https:\/\/aquaforest.eu\/pt\/#website\",\"url\":\"https:\/\/aquaforest.eu\/pt\/\",\"name\":\"Aquaforest\",\"description\":\"\",\"publisher\":{\"@id\":\"https:\/\/aquaforest.eu\/pt\/#organization\"},\"potentialAction\":[{\"@type\":\"SearchAction\",\"target\":{\"@type\":\"EntryPoint\",\"urlTemplate\":\"https:\/\/aquaforest.eu\/pt\/?s={search_term_string}\"},\"query-input\":{\"@type\":\"PropertyValueSpecification\",\"valueRequired\":true,\"valueName\":\"search_term_string\"}}],\"inLanguage\":\"pt-PT\"},{\"@type\":\"Organization\",\"@id\":\"https:\/\/aquaforest.eu\/pt\/#organization\",\"name\":\"Aquaforest\",\"url\":\"https:\/\/aquaforest.eu\/pt\/\",\"logo\":{\"@type\":\"ImageObject\",\"inLanguage\":\"pt-PT\",\"@id\":\"https:\/\/aquaforest.eu\/pt\/#\/schema\/logo\/image\/\",\"url\":\"https:\/\/aquaforest.eu\/wp-content\/uploads\/2024\/05\/logotyp-aquaforest.svg\",\"contentUrl\":\"https:\/\/aquaforest.eu\/wp-content\/uploads\/2024\/05\/logotyp-aquaforest.svg\",\"width\":170,\"height\":22,\"caption\":\"Aquaforest\"},\"image\":{\"@id\":\"https:\/\/aquaforest.eu\/pt\/#\/schema\/logo\/image\/\"},\"sameAs\":[\"https:\/\/www.facebook.com\/Aquaforest\/\",\"https:\/\/www.instagram.com\/aquaforest.eu\/\"]}]}<\/script>\n<!-- \/ Yoast SEO plugin. -->","yoast_head_json":{"title":"Reef Salt Plus - Aquaforest","description":"Reef Salt+: the highest quality salt for coral aquariums, providing ideal concentrations of macroelements for rapid colony growth.","robots":{"index":"index","follow":"follow","max-snippet":"max-snippet:-1","max-image-preview":"max-image-preview:large","max-video-preview":"max-video-preview:-1"},"canonical":"https:\/\/aquaforest.eu\/pt\/products\/seawater-pt\/marine-salts-pt\/reef-salt-plus\/","og_locale":"pt_PT","og_type":"article","og_title":"Reef Salt Plus - Aquaforest","og_description":"Reef Salt+: the highest quality salt for coral aquariums, providing ideal concentrations of macroelements for rapid colony growth.","og_url":"https:\/\/aquaforest.eu\/pt\/products\/seawater-pt\/marine-salts-pt\/reef-salt-plus\/","og_site_name":"Aquaforest","article_publisher":"https:\/\/www.facebook.com\/Aquaforest\/","article_modified_time":"2025-07-14T13:17:52+00:00","og_image":[{"width":1800,"height":1800,"url":"https:\/\/aquaforest.eu\/wp-content\/uploads\/2024\/06\/Reef-Salt-22kg-1.png","type":"image\/png"}],"twitter_card":"summary_large_image","twitter_misc":{"Tempo estimado de leitura":"4 minutos"},"schema":{"@context":"https:\/\/schema.org","@graph":[{"@type":"WebPage","@id":"https:\/\/aquaforest.eu\/pt\/products\/seawater-pt\/marine-salts-pt\/reef-salt-plus\/","url":"https:\/\/aquaforest.eu\/pt\/products\/seawater-pt\/marine-salts-pt\/reef-salt-plus\/","name":"Reef Salt Plus - Aquaforest","isPartOf":{"@id":"https:\/\/aquaforest.eu\/pt\/#website"},"primaryImageOfPage":{"@id":"https:\/\/aquaforest.eu\/pt\/products\/seawater-pt\/marine-salts-pt\/reef-salt-plus\/#primaryimage"},"image":{"@id":"https:\/\/aquaforest.eu\/pt\/products\/seawater-pt\/marine-salts-pt\/reef-salt-plus\/#primaryimage"},"thumbnailUrl":"https:\/\/aquaforest.eu\/wp-content\/uploads\/2024\/06\/Reef-Salt-22kg-1.png","datePublished":"2024-06-26T23:39:17+00:00","dateModified":"2025-07-14T13:17:52+00:00","description":"Reef Salt+: the highest quality salt for coral aquariums, providing ideal concentrations of macroelements for rapid colony growth.","breadcrumb":{"@id":"https:\/\/aquaforest.eu\/pt\/products\/seawater-pt\/marine-salts-pt\/reef-salt-plus\/#breadcrumb"},"inLanguage":"pt-PT","potentialAction":[{"@type":"ReadAction","target":["https:\/\/aquaforest.eu\/pt\/products\/seawater-pt\/marine-salts-pt\/reef-salt-plus\/"]}]},{"@type":"ImageObject","inLanguage":"pt-PT","@id":"https:\/\/aquaforest.eu\/pt\/products\/seawater-pt\/marine-salts-pt\/reef-salt-plus\/#primaryimage","url":"https:\/\/aquaforest.eu\/wp-content\/uploads\/2024\/06\/Reef-Salt-22kg-1.png","contentUrl":"https:\/\/aquaforest.eu\/wp-content\/uploads\/2024\/06\/Reef-Salt-22kg-1.png","width":1800,"height":1800},{"@type":"BreadcrumbList","@id":"https:\/\/aquaforest.eu\/pt\/products\/seawater-pt\/marine-salts-pt\/reef-salt-plus\/#breadcrumb","itemListElement":[{"@type":"ListItem","position":1,"name":"Home","item":"https:\/\/aquaforest.eu\/pt\/"},{"@type":"ListItem","position":2,"name":"Produtos","item":"https:\/\/aquaforest.eu\/pt\/produtos\/"},{"@type":"ListItem","position":3,"name":"Reef Salt Plus"}]},{"@type":"WebSite","@id":"https:\/\/aquaforest.eu\/pt\/#website","url":"https:\/\/aquaforest.eu\/pt\/","name":"Aquaforest","description":"","publisher":{"@id":"https:\/\/aquaforest.eu\/pt\/#organization"},"potentialAction":[{"@type":"SearchAction","target":{"@type":"EntryPoint","urlTemplate":"https:\/\/aquaforest.eu\/pt\/?s={search_term_string}"},"query-input":{"@type":"PropertyValueSpecification","valueRequired":true,"valueName":"search_term_string"}}],"inLanguage":"pt-PT"},{"@type":"Organization","@id":"https:\/\/aquaforest.eu\/pt\/#organization","name":"Aquaforest","url":"https:\/\/aquaforest.eu\/pt\/","logo":{"@type":"ImageObject","inLanguage":"pt-PT","@id":"https:\/\/aquaforest.eu\/pt\/#\/schema\/logo\/image\/","url":"https:\/\/aquaforest.eu\/wp-content\/uploads\/2024\/05\/logotyp-aquaforest.svg","contentUrl":"https:\/\/aquaforest.eu\/wp-content\/uploads\/2024\/05\/logotyp-aquaforest.svg","width":170,"height":22,"caption":"Aquaforest"},"image":{"@id":"https:\/\/aquaforest.eu\/pt\/#\/schema\/logo\/image\/"},"sameAs":["https:\/\/www.facebook.com\/Aquaforest\/","https:\/\/www.instagram.com\/aquaforest.eu\/"]}]}},"_links":{"self":[{"href":"https:\/\/aquaforest.eu\/pt\/wp-json\/wp\/v2\/product\/23287","targetHints":{"allow":["GET"]}}],"collection":[{"href":"https:\/\/aquaforest.eu\/pt\/wp-json\/wp\/v2\/product"}],"about":[{"href":"https:\/\/aquaforest.eu\/pt\/wp-json\/wp\/v2\/types\/product"}],"version-history":[{"count":2,"href":"https:\/\/aquaforest.eu\/pt\/wp-json\/wp\/v2\/product\/23287\/revisions"}],"predecessor-version":[{"id":24096,"href":"https:\/\/aquaforest.eu\/pt\/wp-json\/wp\/v2\/product\/23287\/revisions\/24096"}],"wp:featuredmedia":[{"embeddable":true,"href":"https:\/\/aquaforest.eu\/pt\/wp-json\/wp\/v2\/media\/23289"}],"wp:attachment":[{"href":"https:\/\/aquaforest.eu\/pt\/wp-json\/wp\/v2\/media?parent=23287"}],"wp:term":[{"taxonomy":"product_brand","embeddable":true,"href":"https:\/\/aquaforest.eu\/pt\/wp-json\/wp\/v2\/product_brand?post=23287"},{"taxonomy":"product_cat","embeddable":true,"href":"https:\/\/aquaforest.eu\/pt\/wp-json\/wp\/v2\/product_cat?post=23287"},{"taxonomy":"product_tag","embeddable":true,"href":"https:\/\/aquaforest.eu\/pt\/wp-json\/wp\/v2\/product_tag?post=23287"}],"curies":[{"name":"wp","href":"https:\/\/api.w.org\/{rel}","templated":true}]}}