{"id":23293,"date":"2024-06-27T01:37:03","date_gmt":"2024-06-26T23:37:03","guid":{"rendered":"https:\/\/aquaforest.eu\/products\/sem%20categoria\/sea-salt\/"},"modified":"2025-11-14T16:12:47","modified_gmt":"2025-11-14T15:12:47","slug":"sea-salt","status":"publish","type":"product","link":"https:\/\/aquaforest.eu\/pt\/products\/seawater-pt\/marine-salts-pt\/sea-salt\/","title":{"rendered":"Sea Salt"},"content":{"rendered":"<h1 class=\"fusion-responsive-typography-calculated\" data-fontsize=\"22\" data-lineheight=\"27.5px\"><span style=\"color: #000000;\">Sal marinho produzido em laborat\u00f3rio para aqu\u00e1rios com peixes e corais e invertebrados menos exigentes<\/span><\/h1>\n<p><span style=\"font-weight: 400; color: #000000;\">Aquaforest Sea Salt \u00e9 um produto de alta qualidade desenvolvido para fornecer condi\u00e7\u00f5es ideais de vida para peixes, corais e invertebrados no seu aqu\u00e1rio. A f\u00f3rmula do sal foi criada com base em anos de pesquisa e experi\u00eancia, bem como na an\u00e1lise da \u00e1gua do mar natural, a fim de se assemelhar ao m\u00e1ximo ao habitat natural da flora subaqu\u00e1tica. Aquaforest Sea Salt \u00e9 segura para peixes e corais menos exigentes, como corais moles. \u00c9 f\u00e1cil de dissolver e preparar. \u00c9 ideal para aqu\u00e1rios &#8220;somente peixes&#8221;, ou seja, aqu\u00e1rios onde apenas peixes s\u00e3o mantidos.<\/span><\/p>\n<p>&nbsp;<\/p>\n<hr \/>\n<h4 class=\"fusion-responsive-typography-calculated\" data-fontsize=\"22\" data-lineheight=\"27.5px\"><\/h4>\n<h3><span style=\"color: #000000;\"><strong>Como usar Aquaforest Sea Salt<\/strong><\/span><\/h3>\n<ol>\n<li><span style=\"font-weight: 400; color: #000000;\"> Comece com \u00e1gua RODI a uma temperatura de cerca de 24\u202f\u00b0C (75\u202f\u00b0F).<\/span><\/li>\n<li><span style=\"font-weight: 400; color: #000000;\">Para uma salinidade de 30 ppt (1.022 SG), adicione cerca de 345\u202fg (12,17 oz) de sal para cada 10\u202fL (2,7 gal EUA) de \u00e1gua.<\/span><\/li>\n<\/ol>\n<p><span style=\"font-weight: 400; color: #000000;\">3.Mexa vigorosamente por cerca de 15 minutos at\u00e9 o sal dissolver completamente e a \u00e1gua ficar clara.<\/span><\/p>\n<ol start=\"4\">\n<li><span style=\"font-weight: 400; color: #000000;\">Verifique a salinidade com um refrat\u00f4metro antes de usar.\u00a0<\/span><\/li>\n<li><span style=\"font-weight: 400; color: #000000;\">Pronto! A \u00e1gua salgada est\u00e1 pronta para uso.<\/span><\/li>\n<\/ol>\n<p>&nbsp;<\/p>\n<p><span style=\"font-weight: 400; color: #000000;\">Lembre-se de armazenar o sal em local seco e escuro.<\/span><\/p>\n<p><span style=\"font-weight: 400; color: #000000;\">Ap\u00f3s dissolver, a salmoura deve ser usada em at\u00e9 3 dias.<br \/>\n<\/span><\/p>\n<p><span style=\"font-weight: 400; color: #000000;\"> A evapora\u00e7\u00e3o pode alterar os par\u00e2metros da \u00e1gua, portanto, guarde a \u00e1gua salgada em um recipiente bem fechado se n\u00e3o for us\u00e1-la imediatamente.<\/span><\/p>\n<p><span style=\"font-weight: 400; color: #000000;\"> Se for armazenar por alguns dias, verifique novamente a salinidade antes de usar.<br \/>\n<\/span><\/p>\n<p><span style=\"font-weight: 400; color: #000000;\"> Ficha de seguran\u00e7a dispon\u00edvel mediante solicita\u00e7\u00e3o.<br \/>\n<\/span><\/p>\n<p>&nbsp;<\/p>\n<hr \/>\n<h4 data-fontsize=\"22\" data-lineheight=\"27.5px\"><\/h4>\n<h4 class=\"fusion-responsive-typography-calculated\" data-fontsize=\"22\" data-lineheight=\"27.5px\"><span style=\"color: #000000;\">Importante saber<\/span><\/h4>\n<p><span style=\"font-weight: 400; color: #000000;\"> O sal \u00e9 produzido na Uni\u00e3o Europeia sob rigorosa supervis\u00e3o laboratorial, atendendo aos mais altos padr\u00f5es de qualidade. A nova f\u00f3rmula oferece ainda mais qualidade. Ingredientes de alt\u00edssima pureza e livres de contaminantes garantem seguran\u00e7a para os habitantes do aqu\u00e1rio. Cada lote \u00e9 rigorosamente analisado com dois espectr\u00f4metros ICP-OES \u2013 um para macronutrientes e outro para micronutrientes \u2013 garantindo consist\u00eancia, qualidade e seguran\u00e7a. Os resultados est\u00e3o dispon\u00edveis online para todos os clientes.<\/span><\/p>\n<p>&nbsp;<\/p>\n<p><span style=\"font-weight: 400; color: #000000;\">O sal \u00e9 ideal para aqu\u00e1rios com peixes, corais simples e invertebrados, proporcionando condi\u00e7\u00f5es \u00f3timas de vida e crescimento. Ao escolher Aquaforest Sea Salt, voc\u00ea oferece aos seus animais um ambiente saud\u00e1vel e confort\u00e1vel e garante um aqu\u00e1rio bonito e equilibrado. <\/span><\/p>\n<p>&nbsp;<\/p>\n<hr \/>\n<h4 data-fontsize=\"22\" data-lineheight=\"27.5px\"><\/h4>\n<h3 class=\"fusion-responsive-typography-calculated\" data-fontsize=\"22\" data-lineheight=\"27.5px\"><span style=\"color: #000000;\">Como testamos nossos sais marinhos?<\/span><\/h3>\n<p><span style=\"font-weight: 400;\"> Misturamos o sal e retiramos 3 amostras de cada lote de 600 kg para testes. Cada amostra \u00e9 dissolvida em 15\u202flitros de \u00e1gua RO. Nossa equipe verifica a uniformidade da composi\u00e7\u00e3o e a aus\u00eancia de contaminantes por meio de an\u00e1lise ICP-OES. A precis\u00e3o dos resultados \u00e9 garantida por dois espectr\u00f4metros de \u00faltima gera\u00e7\u00e3o calibrados individualmente.<br \/>\nOs resultados est\u00e3o dispon\u00edveis imediatamente em nosso site.<\/span><\/p>\n<p><span style=\"font-weight: 400;\">Salinidade recomendada para diferentes tipos de aqu\u00e1rios:<br \/>\n<\/span><a href=\"https:\/\/aquaforest.eu\/pt\/verifique-o-seu-sal\/\"><span style=\"font-weight: 400;\">here<\/span><\/a><span style=\"font-weight: 400;\">.<\/span><\/p>\n<p>&nbsp;<\/p>\n<hr \/>\n<p>&nbsp;<\/p>\n<p><strong><span style=\"color: #000000;\">Salinidade recomendada para diferentes tipos de aqu\u00e1rios:<\/span><br \/>\n<\/strong><\/p>\n<p>&nbsp;<\/p>\n<p><img fetchpriority=\"high\" decoding=\"async\" class=\"alignnone wp-image-3481 size-full\" src=\"https:\/\/aquaforest.eu\/wp-content\/uploads\/2024\/06\/SS_aquarium-types.png\" alt=\"\" width=\"709\" height=\"202\" srcset=\"https:\/\/aquaforest.eu\/wp-content\/uploads\/2024\/06\/SS_aquarium-types.png 709w, https:\/\/aquaforest.eu\/wp-content\/uploads\/2024\/06\/SS_aquarium-types-300x85.png 300w, https:\/\/aquaforest.eu\/wp-content\/uploads\/2024\/06\/SS_aquarium-types-600x171.png 600w\" sizes=\"(max-width: 709px) 100vw, 709px\" \/><\/p>\n<p>&nbsp;<\/p>\n<p><strong><span style=\"color: #000000;\">Os n\u00edveis de macro e micronutrientes variam conforme a salinidade:<br \/>\n<\/span><br \/>\n<\/strong><\/p>\n<p>&nbsp;<\/p>\n<p><img decoding=\"async\" class=\"alignnone wp-image-3480 size-full\" src=\"https:\/\/aquaforest.eu\/wp-content\/uploads\/2024\/06\/SS_micromacro.png\" alt=\"\" width=\"709\" height=\"202\" srcset=\"https:\/\/aquaforest.eu\/wp-content\/uploads\/2024\/06\/SS_micromacro.png 709w, https:\/\/aquaforest.eu\/wp-content\/uploads\/2024\/06\/SS_micromacro-300x85.png 300w, https:\/\/aquaforest.eu\/wp-content\/uploads\/2024\/06\/SS_micromacro-600x171.png 600w\" sizes=\"(max-width: 709px) 100vw, 709px\" \/><\/p>\n","protected":false},"excerpt":{"rendered":"<p>Sal marinho b\u00e1sico ideal para aqu\u00e1rios com peixes e corais e invertebrados menos delicados.<\/p>\n","protected":false},"featured_media":23295,"template":"","meta":{"_acf_changed":false,"content-type":""},"product_brand":[],"product_cat":[1704],"product_tag":[1671,1705,1652,1658],"class_list":{"0":"post-23293","1":"product","2":"type-product","3":"status-publish","4":"has-post-thumbnail","6":"product_cat-marine-salts-pt","7":"product_tag-aquaforest-pt","8":"product_tag-marine-salts-pt","9":"product_tag-seawater-aquatic-pt","10":"product_tag-variable-pt","12":"first","13":"instock","14":"taxable","15":"shipping-taxable","16":"purchasable","17":"product-type-variable","18":"has-default-attributes"},"acf":[],"yoast_head":"<!-- This site is optimized with the Yoast SEO plugin v27.1.1 - https:\/\/yoast.com\/product\/yoast-seo-wordpress\/ -->\n<title>Sea Salt - Aquaforest<\/title>\n<meta name=\"description\" content=\"Aquaforest Sea Salt: the highest quality product, ideal for aquariums with fish, corals and invertebrates. Guarantees excellent marine conditions, and you can use freshly prepared water immediately for water changes.\" \/>\n<meta name=\"robots\" content=\"index, follow, max-snippet:-1, max-image-preview:large, max-video-preview:-1\" \/>\n<link rel=\"canonical\" href=\"https:\/\/aquaforest.eu\/pt\/products\/seawater-pt\/marine-salts-pt\/sea-salt\/\" \/>\n<meta property=\"og:locale\" content=\"pt_PT\" \/>\n<meta property=\"og:type\" content=\"article\" \/>\n<meta property=\"og:title\" content=\"Sea Salt - Aquaforest\" \/>\n<meta property=\"og:description\" content=\"Aquaforest Sea Salt: the highest quality product, ideal for aquariums with fish, corals and invertebrates. Guarantees excellent marine conditions, and you can use freshly prepared water immediately for water changes.\" \/>\n<meta property=\"og:url\" content=\"https:\/\/aquaforest.eu\/pt\/products\/seawater-pt\/marine-salts-pt\/sea-salt\/\" \/>\n<meta property=\"og:site_name\" content=\"Aquaforest\" \/>\n<meta property=\"article:publisher\" content=\"https:\/\/www.facebook.com\/Aquaforest\/\" \/>\n<meta property=\"article:modified_time\" content=\"2025-11-14T15:12:47+00:00\" \/>\n<meta property=\"og:image\" content=\"https:\/\/aquaforest.eu\/wp-content\/uploads\/2024\/06\/Sea-Salt-7.5kg.png\" \/>\n\t<meta property=\"og:image:width\" content=\"1800\" \/>\n\t<meta property=\"og:image:height\" content=\"1800\" \/>\n\t<meta property=\"og:image:type\" content=\"image\/png\" \/>\n<meta name=\"twitter:card\" content=\"summary_large_image\" \/>\n<meta name=\"twitter:label1\" content=\"Tempo estimado de leitura\" \/>\n\t<meta name=\"twitter:data1\" content=\"3 minutos\" \/>\n<script type=\"application\/ld+json\" class=\"yoast-schema-graph\">{\"@context\":\"https:\/\/schema.org\",\"@graph\":[{\"@type\":\"WebPage\",\"@id\":\"https:\/\/aquaforest.eu\/pt\/products\/seawater-pt\/marine-salts-pt\/sea-salt\/\",\"url\":\"https:\/\/aquaforest.eu\/pt\/products\/seawater-pt\/marine-salts-pt\/sea-salt\/\",\"name\":\"Sea Salt - Aquaforest\",\"isPartOf\":{\"@id\":\"https:\/\/aquaforest.eu\/pt\/#website\"},\"primaryImageOfPage\":{\"@id\":\"https:\/\/aquaforest.eu\/pt\/products\/seawater-pt\/marine-salts-pt\/sea-salt\/#primaryimage\"},\"image\":{\"@id\":\"https:\/\/aquaforest.eu\/pt\/products\/seawater-pt\/marine-salts-pt\/sea-salt\/#primaryimage\"},\"thumbnailUrl\":\"https:\/\/aquaforest.eu\/wp-content\/uploads\/2024\/06\/Sea-Salt-7.5kg.png\",\"datePublished\":\"2024-06-26T23:37:03+00:00\",\"dateModified\":\"2025-11-14T15:12:47+00:00\",\"description\":\"Aquaforest Sea Salt: the highest quality product, ideal for aquariums with fish, corals and invertebrates. Guarantees excellent marine conditions, and you can use freshly prepared water immediately for water changes.\",\"breadcrumb\":{\"@id\":\"https:\/\/aquaforest.eu\/pt\/products\/seawater-pt\/marine-salts-pt\/sea-salt\/#breadcrumb\"},\"inLanguage\":\"pt-PT\",\"potentialAction\":[{\"@type\":\"ReadAction\",\"target\":[\"https:\/\/aquaforest.eu\/pt\/products\/seawater-pt\/marine-salts-pt\/sea-salt\/\"]}]},{\"@type\":\"ImageObject\",\"inLanguage\":\"pt-PT\",\"@id\":\"https:\/\/aquaforest.eu\/pt\/products\/seawater-pt\/marine-salts-pt\/sea-salt\/#primaryimage\",\"url\":\"https:\/\/aquaforest.eu\/wp-content\/uploads\/2024\/06\/Sea-Salt-7.5kg.png\",\"contentUrl\":\"https:\/\/aquaforest.eu\/wp-content\/uploads\/2024\/06\/Sea-Salt-7.5kg.png\",\"width\":1800,\"height\":1800},{\"@type\":\"BreadcrumbList\",\"@id\":\"https:\/\/aquaforest.eu\/pt\/products\/seawater-pt\/marine-salts-pt\/sea-salt\/#breadcrumb\",\"itemListElement\":[{\"@type\":\"ListItem\",\"position\":1,\"name\":\"Home\",\"item\":\"https:\/\/aquaforest.eu\/pt\/\"},{\"@type\":\"ListItem\",\"position\":2,\"name\":\"Produtos\",\"item\":\"https:\/\/aquaforest.eu\/pt\/produtos\/\"},{\"@type\":\"ListItem\",\"position\":3,\"name\":\"Sea Salt\"}]},{\"@type\":\"WebSite\",\"@id\":\"https:\/\/aquaforest.eu\/pt\/#website\",\"url\":\"https:\/\/aquaforest.eu\/pt\/\",\"name\":\"Aquaforest\",\"description\":\"\",\"publisher\":{\"@id\":\"https:\/\/aquaforest.eu\/pt\/#organization\"},\"potentialAction\":[{\"@type\":\"SearchAction\",\"target\":{\"@type\":\"EntryPoint\",\"urlTemplate\":\"https:\/\/aquaforest.eu\/pt\/?s={search_term_string}\"},\"query-input\":{\"@type\":\"PropertyValueSpecification\",\"valueRequired\":true,\"valueName\":\"search_term_string\"}}],\"inLanguage\":\"pt-PT\"},{\"@type\":\"Organization\",\"@id\":\"https:\/\/aquaforest.eu\/pt\/#organization\",\"name\":\"Aquaforest\",\"url\":\"https:\/\/aquaforest.eu\/pt\/\",\"logo\":{\"@type\":\"ImageObject\",\"inLanguage\":\"pt-PT\",\"@id\":\"https:\/\/aquaforest.eu\/pt\/#\/schema\/logo\/image\/\",\"url\":\"https:\/\/aquaforest.eu\/wp-content\/uploads\/2024\/05\/logotyp-aquaforest.svg\",\"contentUrl\":\"https:\/\/aquaforest.eu\/wp-content\/uploads\/2024\/05\/logotyp-aquaforest.svg\",\"width\":170,\"height\":22,\"caption\":\"Aquaforest\"},\"image\":{\"@id\":\"https:\/\/aquaforest.eu\/pt\/#\/schema\/logo\/image\/\"},\"sameAs\":[\"https:\/\/www.facebook.com\/Aquaforest\/\",\"https:\/\/www.instagram.com\/aquaforest.eu\/\"]}]}<\/script>\n<!-- \/ Yoast SEO plugin. -->","yoast_head_json":{"title":"Sea Salt - Aquaforest","description":"Aquaforest Sea Salt: the highest quality product, ideal for aquariums with fish, corals and invertebrates. Guarantees excellent marine conditions, and you can use freshly prepared water immediately for water changes.","robots":{"index":"index","follow":"follow","max-snippet":"max-snippet:-1","max-image-preview":"max-image-preview:large","max-video-preview":"max-video-preview:-1"},"canonical":"https:\/\/aquaforest.eu\/pt\/products\/seawater-pt\/marine-salts-pt\/sea-salt\/","og_locale":"pt_PT","og_type":"article","og_title":"Sea Salt - Aquaforest","og_description":"Aquaforest Sea Salt: the highest quality product, ideal for aquariums with fish, corals and invertebrates. Guarantees excellent marine conditions, and you can use freshly prepared water immediately for water changes.","og_url":"https:\/\/aquaforest.eu\/pt\/products\/seawater-pt\/marine-salts-pt\/sea-salt\/","og_site_name":"Aquaforest","article_publisher":"https:\/\/www.facebook.com\/Aquaforest\/","article_modified_time":"2025-11-14T15:12:47+00:00","og_image":[{"width":1800,"height":1800,"url":"https:\/\/aquaforest.eu\/wp-content\/uploads\/2024\/06\/Sea-Salt-7.5kg.png","type":"image\/png"}],"twitter_card":"summary_large_image","twitter_misc":{"Tempo estimado de leitura":"3 minutos"},"schema":{"@context":"https:\/\/schema.org","@graph":[{"@type":"WebPage","@id":"https:\/\/aquaforest.eu\/pt\/products\/seawater-pt\/marine-salts-pt\/sea-salt\/","url":"https:\/\/aquaforest.eu\/pt\/products\/seawater-pt\/marine-salts-pt\/sea-salt\/","name":"Sea Salt - Aquaforest","isPartOf":{"@id":"https:\/\/aquaforest.eu\/pt\/#website"},"primaryImageOfPage":{"@id":"https:\/\/aquaforest.eu\/pt\/products\/seawater-pt\/marine-salts-pt\/sea-salt\/#primaryimage"},"image":{"@id":"https:\/\/aquaforest.eu\/pt\/products\/seawater-pt\/marine-salts-pt\/sea-salt\/#primaryimage"},"thumbnailUrl":"https:\/\/aquaforest.eu\/wp-content\/uploads\/2024\/06\/Sea-Salt-7.5kg.png","datePublished":"2024-06-26T23:37:03+00:00","dateModified":"2025-11-14T15:12:47+00:00","description":"Aquaforest Sea Salt: the highest quality product, ideal for aquariums with fish, corals and invertebrates. Guarantees excellent marine conditions, and you can use freshly prepared water immediately for water changes.","breadcrumb":{"@id":"https:\/\/aquaforest.eu\/pt\/products\/seawater-pt\/marine-salts-pt\/sea-salt\/#breadcrumb"},"inLanguage":"pt-PT","potentialAction":[{"@type":"ReadAction","target":["https:\/\/aquaforest.eu\/pt\/products\/seawater-pt\/marine-salts-pt\/sea-salt\/"]}]},{"@type":"ImageObject","inLanguage":"pt-PT","@id":"https:\/\/aquaforest.eu\/pt\/products\/seawater-pt\/marine-salts-pt\/sea-salt\/#primaryimage","url":"https:\/\/aquaforest.eu\/wp-content\/uploads\/2024\/06\/Sea-Salt-7.5kg.png","contentUrl":"https:\/\/aquaforest.eu\/wp-content\/uploads\/2024\/06\/Sea-Salt-7.5kg.png","width":1800,"height":1800},{"@type":"BreadcrumbList","@id":"https:\/\/aquaforest.eu\/pt\/products\/seawater-pt\/marine-salts-pt\/sea-salt\/#breadcrumb","itemListElement":[{"@type":"ListItem","position":1,"name":"Home","item":"https:\/\/aquaforest.eu\/pt\/"},{"@type":"ListItem","position":2,"name":"Produtos","item":"https:\/\/aquaforest.eu\/pt\/produtos\/"},{"@type":"ListItem","position":3,"name":"Sea Salt"}]},{"@type":"WebSite","@id":"https:\/\/aquaforest.eu\/pt\/#website","url":"https:\/\/aquaforest.eu\/pt\/","name":"Aquaforest","description":"","publisher":{"@id":"https:\/\/aquaforest.eu\/pt\/#organization"},"potentialAction":[{"@type":"SearchAction","target":{"@type":"EntryPoint","urlTemplate":"https:\/\/aquaforest.eu\/pt\/?s={search_term_string}"},"query-input":{"@type":"PropertyValueSpecification","valueRequired":true,"valueName":"search_term_string"}}],"inLanguage":"pt-PT"},{"@type":"Organization","@id":"https:\/\/aquaforest.eu\/pt\/#organization","name":"Aquaforest","url":"https:\/\/aquaforest.eu\/pt\/","logo":{"@type":"ImageObject","inLanguage":"pt-PT","@id":"https:\/\/aquaforest.eu\/pt\/#\/schema\/logo\/image\/","url":"https:\/\/aquaforest.eu\/wp-content\/uploads\/2024\/05\/logotyp-aquaforest.svg","contentUrl":"https:\/\/aquaforest.eu\/wp-content\/uploads\/2024\/05\/logotyp-aquaforest.svg","width":170,"height":22,"caption":"Aquaforest"},"image":{"@id":"https:\/\/aquaforest.eu\/pt\/#\/schema\/logo\/image\/"},"sameAs":["https:\/\/www.facebook.com\/Aquaforest\/","https:\/\/www.instagram.com\/aquaforest.eu\/"]}]}},"_links":{"self":[{"href":"https:\/\/aquaforest.eu\/pt\/wp-json\/wp\/v2\/product\/23293","targetHints":{"allow":["GET"]}}],"collection":[{"href":"https:\/\/aquaforest.eu\/pt\/wp-json\/wp\/v2\/product"}],"about":[{"href":"https:\/\/aquaforest.eu\/pt\/wp-json\/wp\/v2\/types\/product"}],"version-history":[{"count":2,"href":"https:\/\/aquaforest.eu\/pt\/wp-json\/wp\/v2\/product\/23293\/revisions"}],"predecessor-version":[{"id":26812,"href":"https:\/\/aquaforest.eu\/pt\/wp-json\/wp\/v2\/product\/23293\/revisions\/26812"}],"wp:featuredmedia":[{"embeddable":true,"href":"https:\/\/aquaforest.eu\/pt\/wp-json\/wp\/v2\/media\/23295"}],"wp:attachment":[{"href":"https:\/\/aquaforest.eu\/pt\/wp-json\/wp\/v2\/media?parent=23293"}],"wp:term":[{"taxonomy":"product_brand","embeddable":true,"href":"https:\/\/aquaforest.eu\/pt\/wp-json\/wp\/v2\/product_brand?post=23293"},{"taxonomy":"product_cat","embeddable":true,"href":"https:\/\/aquaforest.eu\/pt\/wp-json\/wp\/v2\/product_cat?post=23293"},{"taxonomy":"product_tag","embeddable":true,"href":"https:\/\/aquaforest.eu\/pt\/wp-json\/wp\/v2\/product_tag?post=23293"}],"curies":[{"name":"wp","href":"https:\/\/api.w.org\/{rel}","templated":true}]}}