{"id":23301,"date":"2024-06-27T01:33:52","date_gmt":"2024-06-26T23:33:52","guid":{"rendered":"https:\/\/aquaforest.eu\/products\/sem%20categoria\/zeo-mix\/"},"modified":"2025-07-14T15:30:27","modified_gmt":"2025-07-14T13:30:27","slug":"zeo-mix","status":"publish","type":"product","link":"https:\/\/aquaforest.eu\/pt\/products\/seawater-pt\/water-treatment-pt\/zeo-mix\/","title":{"rendered":"Zeo Mix"},"content":{"rendered":"<h4 class=\"fusion-responsive-typography-calculated\" data-fontsize=\"22\" data-lineheight=\"27.5px\"><span style=\"color: #000000;\">Uma mistura de ze\u00f3litas especialmente selecionadas para aqu\u00e1rios exigentes<\/span><\/h4>\n<p><span style=\"color: #000000;\">Mistura especialmente selecionada de ze\u00f3litas, particularmente recomendada para aqu\u00e1rios com grande quantidade de habitantes ou para sistemas com nutrientes ultra baixos (ULNS). Gra\u00e7as \u00e0 sua composi\u00e7\u00e3o cuidadosamente projetada, o Zeo Mix \u00e9 um meio de filtragem completo e multifuncional. O Zeo Mix absorve perfeitamente am\u00f4nia e \u00edons de am\u00f4nio na fase inicial, inibindo assim o aumento das concentra\u00e7\u00f5es de nitrato. Al\u00e9m disso, liga fen\u00f3is e metais pesados. Zeo Mix \u00e9 especialmente recomendado para aqu\u00e1rios marinhos exigentes.<\/span><\/p>\n<p>&nbsp;<\/p>\n<hr \/>\n<h4 data-fontsize=\"22\" data-lineheight=\"27.5px\"><\/h4>\n<h4 class=\"fusion-responsive-typography-calculated\" data-fontsize=\"22\" data-lineheight=\"27.5px\"><span style=\"color: #000000;\">Inibe o aumento da concentra\u00e7\u00e3o de nitratos<\/span><\/h4>\n<p><span style=\"color: #000000;\"><strong>Dosagem:<\/strong>\u00a0100 ml para cada 100 litros de \u00e1gua do aqu\u00e1rio. Antes de usar o Zeo Mix, recomendamos enxagu\u00e1-lo em \u00e1gua RODI. Pode ser usado em reator de m\u00eddia, bem como em bolsa de malha ou meia de filtragem. As ze\u00f3litas n\u00e3o precisam ser agitadas \u2013 podem ser colocadas em filtro fluidizado. O fluxo recomendado atrav\u00e9s do leito \u00e9 de 300-500 l\/h. O Zeo Mix deve ser substitu\u00eddo a cada 6 semanas. Zeo Mix n\u00e3o reduz o n\u00edvel de pot\u00e1ssio na \u00e1gua. Devido \u00e0 alt\u00edssima capacidade de adsor\u00e7\u00e3o das ze\u00f3litas, Zeo Mix deve ser usado apenas por aquaristas experientes em aqu\u00e1rios de recife.<br \/>\n<\/span><\/p>\n","protected":false},"excerpt":{"rendered":"<p>Uma mistura de ze\u00f3litas especialmente selecionadas, recomendada para aqu\u00e1rios com grande quantidade de organismos ou sistemas ULNS.<\/p>\n","protected":false},"featured_media":23302,"template":"","meta":{"_acf_changed":false,"content-type":""},"product_brand":[],"product_cat":[1651],"product_tag":[1671,1652,1658,1657],"class_list":{"0":"post-23301","1":"product","2":"type-product","3":"status-publish","4":"has-post-thumbnail","6":"product_cat-water-treatment-pt","7":"product_tag-aquaforest-pt","8":"product_tag-seawater-aquatic-pt","9":"product_tag-variable-pt","10":"product_tag-water-treatment-pt","12":"first","13":"instock","14":"taxable","15":"shipping-taxable","16":"purchasable","17":"product-type-variable","18":"has-default-attributes"},"acf":[],"yoast_head":"<!-- This site is optimized with the Yoast SEO plugin v27.1.1 - https:\/\/yoast.com\/product\/yoast-seo-wordpress\/ -->\n<title>Zeo Mix - Aquaforest<\/title>\n<meta name=\"description\" content=\"A mixture of specially selected zeolites, especially recommended for aquariums heavily planted with fish and ULNS systems.\" \/>\n<meta name=\"robots\" content=\"index, follow, max-snippet:-1, max-image-preview:large, max-video-preview:-1\" \/>\n<link rel=\"canonical\" href=\"https:\/\/aquaforest.eu\/pt\/products\/seawater-pt\/water-treatment-pt\/zeo-mix\/\" \/>\n<meta property=\"og:locale\" content=\"pt_PT\" \/>\n<meta property=\"og:type\" content=\"article\" \/>\n<meta property=\"og:title\" content=\"Zeo Mix - Aquaforest\" \/>\n<meta property=\"og:description\" content=\"A mixture of specially selected zeolites, especially recommended for aquariums heavily planted with fish and ULNS systems.\" \/>\n<meta property=\"og:url\" content=\"https:\/\/aquaforest.eu\/pt\/products\/seawater-pt\/water-treatment-pt\/zeo-mix\/\" \/>\n<meta property=\"og:site_name\" content=\"Aquaforest\" \/>\n<meta property=\"article:publisher\" content=\"https:\/\/www.facebook.com\/Aquaforest\/\" \/>\n<meta property=\"article:modified_time\" content=\"2025-07-14T13:30:27+00:00\" \/>\n<meta property=\"og:image\" content=\"https:\/\/aquaforest.eu\/wp-content\/uploads\/2024\/06\/Zeo-Mix-1.png\" \/>\n\t<meta property=\"og:image:width\" content=\"436\" \/>\n\t<meta property=\"og:image:height\" content=\"600\" \/>\n\t<meta property=\"og:image:type\" content=\"image\/png\" \/>\n<meta name=\"twitter:card\" content=\"summary_large_image\" \/>\n<meta name=\"twitter:label1\" content=\"Tempo estimado de leitura\" \/>\n\t<meta name=\"twitter:data1\" content=\"1 minuto\" \/>\n<script type=\"application\/ld+json\" class=\"yoast-schema-graph\">{\"@context\":\"https:\/\/schema.org\",\"@graph\":[{\"@type\":\"WebPage\",\"@id\":\"https:\/\/aquaforest.eu\/pt\/products\/seawater-pt\/water-treatment-pt\/zeo-mix\/\",\"url\":\"https:\/\/aquaforest.eu\/pt\/products\/seawater-pt\/water-treatment-pt\/zeo-mix\/\",\"name\":\"Zeo Mix - Aquaforest\",\"isPartOf\":{\"@id\":\"https:\/\/aquaforest.eu\/pt\/#website\"},\"primaryImageOfPage\":{\"@id\":\"https:\/\/aquaforest.eu\/pt\/products\/seawater-pt\/water-treatment-pt\/zeo-mix\/#primaryimage\"},\"image\":{\"@id\":\"https:\/\/aquaforest.eu\/pt\/products\/seawater-pt\/water-treatment-pt\/zeo-mix\/#primaryimage\"},\"thumbnailUrl\":\"https:\/\/aquaforest.eu\/wp-content\/uploads\/2024\/06\/Zeo-Mix-1.png\",\"datePublished\":\"2024-06-26T23:33:52+00:00\",\"dateModified\":\"2025-07-14T13:30:27+00:00\",\"description\":\"A mixture of specially selected zeolites, especially recommended for aquariums heavily planted with fish and ULNS systems.\",\"breadcrumb\":{\"@id\":\"https:\/\/aquaforest.eu\/pt\/products\/seawater-pt\/water-treatment-pt\/zeo-mix\/#breadcrumb\"},\"inLanguage\":\"pt-PT\",\"potentialAction\":[{\"@type\":\"ReadAction\",\"target\":[\"https:\/\/aquaforest.eu\/pt\/products\/seawater-pt\/water-treatment-pt\/zeo-mix\/\"]}]},{\"@type\":\"ImageObject\",\"inLanguage\":\"pt-PT\",\"@id\":\"https:\/\/aquaforest.eu\/pt\/products\/seawater-pt\/water-treatment-pt\/zeo-mix\/#primaryimage\",\"url\":\"https:\/\/aquaforest.eu\/wp-content\/uploads\/2024\/06\/Zeo-Mix-1.png\",\"contentUrl\":\"https:\/\/aquaforest.eu\/wp-content\/uploads\/2024\/06\/Zeo-Mix-1.png\",\"width\":436,\"height\":600},{\"@type\":\"BreadcrumbList\",\"@id\":\"https:\/\/aquaforest.eu\/pt\/products\/seawater-pt\/water-treatment-pt\/zeo-mix\/#breadcrumb\",\"itemListElement\":[{\"@type\":\"ListItem\",\"position\":1,\"name\":\"Home\",\"item\":\"https:\/\/aquaforest.eu\/pt\/\"},{\"@type\":\"ListItem\",\"position\":2,\"name\":\"Produtos\",\"item\":\"https:\/\/aquaforest.eu\/pt\/produtos\/\"},{\"@type\":\"ListItem\",\"position\":3,\"name\":\"Zeo Mix\"}]},{\"@type\":\"WebSite\",\"@id\":\"https:\/\/aquaforest.eu\/pt\/#website\",\"url\":\"https:\/\/aquaforest.eu\/pt\/\",\"name\":\"Aquaforest\",\"description\":\"\",\"publisher\":{\"@id\":\"https:\/\/aquaforest.eu\/pt\/#organization\"},\"potentialAction\":[{\"@type\":\"SearchAction\",\"target\":{\"@type\":\"EntryPoint\",\"urlTemplate\":\"https:\/\/aquaforest.eu\/pt\/?s={search_term_string}\"},\"query-input\":{\"@type\":\"PropertyValueSpecification\",\"valueRequired\":true,\"valueName\":\"search_term_string\"}}],\"inLanguage\":\"pt-PT\"},{\"@type\":\"Organization\",\"@id\":\"https:\/\/aquaforest.eu\/pt\/#organization\",\"name\":\"Aquaforest\",\"url\":\"https:\/\/aquaforest.eu\/pt\/\",\"logo\":{\"@type\":\"ImageObject\",\"inLanguage\":\"pt-PT\",\"@id\":\"https:\/\/aquaforest.eu\/pt\/#\/schema\/logo\/image\/\",\"url\":\"https:\/\/aquaforest.eu\/wp-content\/uploads\/2024\/05\/logotyp-aquaforest.svg\",\"contentUrl\":\"https:\/\/aquaforest.eu\/wp-content\/uploads\/2024\/05\/logotyp-aquaforest.svg\",\"width\":170,\"height\":22,\"caption\":\"Aquaforest\"},\"image\":{\"@id\":\"https:\/\/aquaforest.eu\/pt\/#\/schema\/logo\/image\/\"},\"sameAs\":[\"https:\/\/www.facebook.com\/Aquaforest\/\",\"https:\/\/www.instagram.com\/aquaforest.eu\/\"]}]}<\/script>\n<!-- \/ Yoast SEO plugin. -->","yoast_head_json":{"title":"Zeo Mix - Aquaforest","description":"A mixture of specially selected zeolites, especially recommended for aquariums heavily planted with fish and ULNS systems.","robots":{"index":"index","follow":"follow","max-snippet":"max-snippet:-1","max-image-preview":"max-image-preview:large","max-video-preview":"max-video-preview:-1"},"canonical":"https:\/\/aquaforest.eu\/pt\/products\/seawater-pt\/water-treatment-pt\/zeo-mix\/","og_locale":"pt_PT","og_type":"article","og_title":"Zeo Mix - Aquaforest","og_description":"A mixture of specially selected zeolites, especially recommended for aquariums heavily planted with fish and ULNS systems.","og_url":"https:\/\/aquaforest.eu\/pt\/products\/seawater-pt\/water-treatment-pt\/zeo-mix\/","og_site_name":"Aquaforest","article_publisher":"https:\/\/www.facebook.com\/Aquaforest\/","article_modified_time":"2025-07-14T13:30:27+00:00","og_image":[{"width":436,"height":600,"url":"https:\/\/aquaforest.eu\/wp-content\/uploads\/2024\/06\/Zeo-Mix-1.png","type":"image\/png"}],"twitter_card":"summary_large_image","twitter_misc":{"Tempo estimado de leitura":"1 minuto"},"schema":{"@context":"https:\/\/schema.org","@graph":[{"@type":"WebPage","@id":"https:\/\/aquaforest.eu\/pt\/products\/seawater-pt\/water-treatment-pt\/zeo-mix\/","url":"https:\/\/aquaforest.eu\/pt\/products\/seawater-pt\/water-treatment-pt\/zeo-mix\/","name":"Zeo Mix - Aquaforest","isPartOf":{"@id":"https:\/\/aquaforest.eu\/pt\/#website"},"primaryImageOfPage":{"@id":"https:\/\/aquaforest.eu\/pt\/products\/seawater-pt\/water-treatment-pt\/zeo-mix\/#primaryimage"},"image":{"@id":"https:\/\/aquaforest.eu\/pt\/products\/seawater-pt\/water-treatment-pt\/zeo-mix\/#primaryimage"},"thumbnailUrl":"https:\/\/aquaforest.eu\/wp-content\/uploads\/2024\/06\/Zeo-Mix-1.png","datePublished":"2024-06-26T23:33:52+00:00","dateModified":"2025-07-14T13:30:27+00:00","description":"A mixture of specially selected zeolites, especially recommended for aquariums heavily planted with fish and ULNS systems.","breadcrumb":{"@id":"https:\/\/aquaforest.eu\/pt\/products\/seawater-pt\/water-treatment-pt\/zeo-mix\/#breadcrumb"},"inLanguage":"pt-PT","potentialAction":[{"@type":"ReadAction","target":["https:\/\/aquaforest.eu\/pt\/products\/seawater-pt\/water-treatment-pt\/zeo-mix\/"]}]},{"@type":"ImageObject","inLanguage":"pt-PT","@id":"https:\/\/aquaforest.eu\/pt\/products\/seawater-pt\/water-treatment-pt\/zeo-mix\/#primaryimage","url":"https:\/\/aquaforest.eu\/wp-content\/uploads\/2024\/06\/Zeo-Mix-1.png","contentUrl":"https:\/\/aquaforest.eu\/wp-content\/uploads\/2024\/06\/Zeo-Mix-1.png","width":436,"height":600},{"@type":"BreadcrumbList","@id":"https:\/\/aquaforest.eu\/pt\/products\/seawater-pt\/water-treatment-pt\/zeo-mix\/#breadcrumb","itemListElement":[{"@type":"ListItem","position":1,"name":"Home","item":"https:\/\/aquaforest.eu\/pt\/"},{"@type":"ListItem","position":2,"name":"Produtos","item":"https:\/\/aquaforest.eu\/pt\/produtos\/"},{"@type":"ListItem","position":3,"name":"Zeo Mix"}]},{"@type":"WebSite","@id":"https:\/\/aquaforest.eu\/pt\/#website","url":"https:\/\/aquaforest.eu\/pt\/","name":"Aquaforest","description":"","publisher":{"@id":"https:\/\/aquaforest.eu\/pt\/#organization"},"potentialAction":[{"@type":"SearchAction","target":{"@type":"EntryPoint","urlTemplate":"https:\/\/aquaforest.eu\/pt\/?s={search_term_string}"},"query-input":{"@type":"PropertyValueSpecification","valueRequired":true,"valueName":"search_term_string"}}],"inLanguage":"pt-PT"},{"@type":"Organization","@id":"https:\/\/aquaforest.eu\/pt\/#organization","name":"Aquaforest","url":"https:\/\/aquaforest.eu\/pt\/","logo":{"@type":"ImageObject","inLanguage":"pt-PT","@id":"https:\/\/aquaforest.eu\/pt\/#\/schema\/logo\/image\/","url":"https:\/\/aquaforest.eu\/wp-content\/uploads\/2024\/05\/logotyp-aquaforest.svg","contentUrl":"https:\/\/aquaforest.eu\/wp-content\/uploads\/2024\/05\/logotyp-aquaforest.svg","width":170,"height":22,"caption":"Aquaforest"},"image":{"@id":"https:\/\/aquaforest.eu\/pt\/#\/schema\/logo\/image\/"},"sameAs":["https:\/\/www.facebook.com\/Aquaforest\/","https:\/\/www.instagram.com\/aquaforest.eu\/"]}]}},"_links":{"self":[{"href":"https:\/\/aquaforest.eu\/pt\/wp-json\/wp\/v2\/product\/23301","targetHints":{"allow":["GET"]}}],"collection":[{"href":"https:\/\/aquaforest.eu\/pt\/wp-json\/wp\/v2\/product"}],"about":[{"href":"https:\/\/aquaforest.eu\/pt\/wp-json\/wp\/v2\/types\/product"}],"version-history":[{"count":2,"href":"https:\/\/aquaforest.eu\/pt\/wp-json\/wp\/v2\/product\/23301\/revisions"}],"predecessor-version":[{"id":24125,"href":"https:\/\/aquaforest.eu\/pt\/wp-json\/wp\/v2\/product\/23301\/revisions\/24125"}],"wp:featuredmedia":[{"embeddable":true,"href":"https:\/\/aquaforest.eu\/pt\/wp-json\/wp\/v2\/media\/23302"}],"wp:attachment":[{"href":"https:\/\/aquaforest.eu\/pt\/wp-json\/wp\/v2\/media?parent=23301"}],"wp:term":[{"taxonomy":"product_brand","embeddable":true,"href":"https:\/\/aquaforest.eu\/pt\/wp-json\/wp\/v2\/product_brand?post=23301"},{"taxonomy":"product_cat","embeddable":true,"href":"https:\/\/aquaforest.eu\/pt\/wp-json\/wp\/v2\/product_cat?post=23301"},{"taxonomy":"product_tag","embeddable":true,"href":"https:\/\/aquaforest.eu\/pt\/wp-json\/wp\/v2\/product_tag?post=23301"}],"curies":[{"name":"wp","href":"https:\/\/api.w.org\/{rel}","templated":true}]}}