{"id":23308,"date":"2024-06-27T00:21:57","date_gmt":"2024-06-26T22:21:57","guid":{"rendered":"https:\/\/aquaforest.eu\/products\/sem%20categoria\/hybrid-pro-salt\/"},"modified":"2026-05-04T14:05:13","modified_gmt":"2026-05-04T12:05:13","slug":"hybrid-pro-salt","status":"publish","type":"product","link":"https:\/\/aquaforest.eu\/pt\/products\/seawater-pt\/probiotic-method-pt\/hybrid-pro-salt\/","title":{"rendered":"Hybrid Pro Salt"},"content":{"rendered":"<h3 class=\"fusion-responsive-typography-calculated\" data-fontsize=\"22\" data-lineheight=\"27.5px\"><strong><span style=\"color: #000000;\">O sal mais avan\u00e7ado da Aquaforest para recifes<\/span><\/strong><\/h3>\n<p><span style=\"font-weight: 400;\">Aquaforest Hybrid Pro Salt \u00e9 o sal marinho mais avan\u00e7ado, desenvolvido para os aqu\u00e1rios marinhos mais exigentes. Sua f\u00f3rmula \u00fanica o torna um produto incompar\u00e1vel no mercado. Inspirado em anos de observa\u00e7\u00e3o de aqu\u00e1rios montados tanto com \u00e1gua-do-mar natural quanto com sal de laborat\u00f3rio puro, o Hybrid Pro Salt combina o melhor dos dois.\u00a0<\/span><\/p>\n<p><span style=\"font-weight: 400;\">De um lado, usamos sal de laborat\u00f3rio quimicamente puro, garantindo estabilidade e previsibilidade dos par\u00e2metros da \u00e1gua. Do outro, adicionamos flocos de sal natural extra\u00eddo das \u00e1guas mais limpas do Atl\u00e2ntico, agregando micronutrientes valiosos. Al\u00e9m disso, o sal \u00e9 enriquecido com bact\u00e9rias probi\u00f3ticas, que mant\u00eam a \u00e1gua limpa, controlam nitratos e fosfatos, e promovem crescimento e colora\u00e7\u00e3o saud\u00e1veis nos corais mais exigentes, como SPS.<br \/>\nHybrid Pro Salt vai al\u00e9m de um simples sal: \u00e9 uma f\u00f3rmula completa que oferece aos corais tudo que precisam para seu desenvolvimento di\u00e1rio. Cont\u00e9m micro e macro elementos nas propor\u00e7\u00f5es corretas, al\u00e9m de amino\u00e1cidos e vitamina C para garantir a sa\u00fade da fauna marinha.<\/span><\/p>\n<hr \/>\n<h3 class=\"fusion-responsive-typography-calculated\" data-fontsize=\"22\" data-lineheight=\"27.5px\"><strong><span style=\"color: #000000;\">F\u00f3rmula h\u00edbrida \u00fanica criada por especialistas<\/span><\/strong><\/h3>\n<p><span style=\"font-weight: 400;\">Hybrid Pro Salt \u00e9 resultado de anos de pesquisa. Coletamos e analisamos amostras de \u00e1gua de recifes no Egito, Qu\u00eania, Indon\u00e9sia e Fiji, confirmando que os par\u00e2metros p\u00f3s-dissolu\u00e7\u00e3o da sal s\u00e3o adequados at\u00e9 para corais mais sens\u00edveis. Em aqu\u00e1rios fechados, o consumo de certos elementos \u00e9 mais r\u00e1pido, ent\u00e3o elevamos micronutrientes como estr\u00f4ncio e iodo para manter o desenvolvimento ideal.<\/span><\/p>\n<p>&nbsp;<\/p>\n<p><img fetchpriority=\"high\" decoding=\"async\" class=\"alignnone wp-image-2818 size-full\" src=\"https:\/\/aquaforest.eu\/wp-content\/uploads\/2024\/06\/tabelka-nowe-sole-600x210-1.png\" alt=\"\" width=\"600\" height=\"210\" srcset=\"https:\/\/aquaforest.eu\/wp-content\/uploads\/2024\/06\/tabelka-nowe-sole-600x210-1.png 600w, https:\/\/aquaforest.eu\/wp-content\/uploads\/2024\/06\/tabelka-nowe-sole-600x210-1-300x105.png 300w\" sizes=\"(max-width: 600px) 100vw, 600px\" \/><\/p>\n<hr \/>\n<h3 class=\"fusion-responsive-typography-calculated\" data-fontsize=\"22\" data-lineheight=\"27.5px\"><strong><span style=\"color: #000000;\">Diferenciais do Hybrid Pro Salt<\/span><\/strong><\/h3>\n<ul>\n<li>Combina\u00e7\u00e3o de sal de laborat\u00f3rio puro + flocos de sal natural do Atl\u00e2ntico Norte<\/li>\n<li>Mistura propriet\u00e1ria de bact\u00e9rias probi\u00f3ticas que reduzem nitrato\/fosfato e aprimoram cor e crescimento.<\/li>\n<li>Enriquecido com diversos elementos tra\u00e7o, amino\u00e1cidos e vitaminas para suporte imunol\u00f3gico e metab\u00f3lico.<\/li>\n<\/ul>\n<p><span style=\"font-weight: 400;\">Cada lote \u00e9 testado via ICP\u2011OES (um para micro, outro para macroelementos) em laborat\u00f3rio. Os resultados est\u00e3o dispon\u00edveis online.<\/span><\/p>\n<h3><strong>Como testamos o sal<br \/>\n<\/strong><\/h3>\n<p><span style=\"font-weight: 400;\"> Misturamos o sal e coletamos tr\u00eas amostras de cada lote de 600\u202fkg, dissolvidas em 15\u202fl de \u00e1gua RO, garantindo uniformidade e aus\u00eancia de contaminantes.<\/span><\/p>\n<hr \/>\n<h3><strong>Como usar o Aquaforest Hybrid Pro Salt<\/strong><\/h3>\n<h3><span style=\"font-weight: 400; font-size: 16px;\">1. <\/span><span style=\"font-weight: 400; font-size: 16px;\">Use \u00e1gua RODI em torno de 24\u202f\u00b0C.<br \/>\n<\/span><\/h3>\n<h3><span style=\"font-weight: 400; font-size: 16px;\">2. F<\/span><span style=\"font-weight: 400; font-size: 16px;\">Para salinidade de 33\u202fppt (1.025 SG), adicione cerca de 390\u202fg de sal para cada 10\u202fl de \u00e1gua.<\/span><\/h3>\n<p>3. Agite vigorosamente por 15\u202fmin at\u00e9 ficar cristalino.<\/p>\n<p><span style=\"font-weight: 400;\">4. Verifique a salinidade com refrat\u00f4metro antes de usar.<br \/>\n<\/span><\/p>\n<p>5.Pronto! A \u00e1gua salgada est\u00e1 preparada<\/p>\n<p>&nbsp;<\/p>\n<p><span style=\"font-weight: 400;\">Armazene em local seco e escuro.<\/span><\/p>\n<p><span style=\"font-weight: 400;\">Utilize a \u00e1gua preparada em at\u00e9 3 dias.<br \/>\n<\/span><\/p>\n<p><span style=\"font-weight: 400;\">Caso ocorra evapora\u00e7\u00e3o, guarde em recipiente fechado e verifique salinidade antes de usar.<br \/>\n<\/span><\/p>\n<p><span style=\"font-weight: 400;\">Ficha de seguran\u00e7a dispon\u00edvel mediante solicita\u00e7\u00e3o.<\/span><\/p>\n<hr \/>\n<h3><strong>DICAS<\/strong><\/h3>\n<ul>\n<li>Mantenha o dKH entre 7,5\u20138,5 para favorecer o crescimento bacteriano.<\/li>\n<li>Em aqu\u00e1rios novos, introduza peixes\/corais ap\u00f3s 10\u201314 dias de matura\u00e7\u00e3o e estabilidade.<\/li>\n<\/ul>\n<hr \/>\n<h3><strong>Salinidade recomendada por tipo de aqu\u00e1rio<\/strong><\/h3>\n<p><img decoding=\"async\" class=\"alignnone wp-image-2819 size-full\" src=\"https:\/\/aquaforest.eu\/wp-content\/uploads\/2024\/06\/Hybrid-Pro-Salt_tabelka_1_709x200.png\" alt=\"\" width=\"709\" height=\"218\" srcset=\"https:\/\/aquaforest.eu\/wp-content\/uploads\/2024\/06\/Hybrid-Pro-Salt_tabelka_1_709x200.png 709w, https:\/\/aquaforest.eu\/wp-content\/uploads\/2024\/06\/Hybrid-Pro-Salt_tabelka_1_709x200-300x92.png 300w, https:\/\/aquaforest.eu\/wp-content\/uploads\/2024\/06\/Hybrid-Pro-Salt_tabelka_1_709x200-600x184.png 600w\" sizes=\"(max-width: 709px) 100vw, 709px\" \/><\/p>\n<hr \/>\n<h3><strong>N\u00edveis de macro e micro elementos conforme salinidade:<\/strong><\/h3>\n<p><img decoding=\"async\" class=\"alignnone wp-image-2820 size-full\" src=\"https:\/\/aquaforest.eu\/wp-content\/uploads\/2024\/06\/Hybrid-Pro-Salt_tabelka_2_709x200.png\" alt=\"\" width=\"709\" height=\"218\" srcset=\"https:\/\/aquaforest.eu\/wp-content\/uploads\/2024\/06\/Hybrid-Pro-Salt_tabelka_2_709x200.png 709w, https:\/\/aquaforest.eu\/wp-content\/uploads\/2024\/06\/Hybrid-Pro-Salt_tabelka_2_709x200-300x92.png 300w, https:\/\/aquaforest.eu\/wp-content\/uploads\/2024\/06\/Hybrid-Pro-Salt_tabelka_2_709x200-600x184.png 600w\" sizes=\"(max-width: 709px) 100vw, 709px\" \/><\/p>\n","protected":false},"excerpt":{"rendered":"<p>Sal enriquecido com probi\u00f3ticos para reduzir os n\u00edveis de nutrientes. Sal quimicamente puro, produzido em laborat\u00f3rio com flocos de sal marinho natural.<\/p>\n","protected":false},"featured_media":23310,"template":"","meta":{"_acf_changed":false,"content-type":""},"product_brand":[],"product_cat":[1704,1686],"product_tag":[1671,1705,1652,1658],"class_list":{"0":"post-23308","1":"product","2":"type-product","3":"status-publish","4":"has-post-thumbnail","6":"product_cat-marine-salts-pt","7":"product_cat-probiotic-method-pt","8":"product_tag-aquaforest-pt","9":"product_tag-marine-salts-pt","10":"product_tag-seawater-aquatic-pt","11":"product_tag-variable-pt","13":"first","14":"instock","15":"taxable","16":"shipping-taxable","17":"purchasable","18":"product-type-variable","19":"has-default-attributes"},"acf":[],"yoast_head":"<!-- This site is optimized with the Yoast SEO plugin v27.1.1 - https:\/\/yoast.com\/product\/yoast-seo-wordpress\/ -->\n<title>Hybrid Pro Salt - Aquaforest<\/title>\n<meta name=\"description\" content=\"The most advanced formula of aquarium salt: Hybrid Pro Salt combines the advantages of natural sea water and pure laboratory salt. Enriched with probiotic bacteria, it provides optimal conditions for modern aquariums and delicate marine organisms.\" \/>\n<meta name=\"robots\" content=\"index, follow, max-snippet:-1, max-image-preview:large, max-video-preview:-1\" \/>\n<link rel=\"canonical\" href=\"https:\/\/aquaforest.eu\/pt\/products\/seawater-pt\/probiotic-method-pt\/hybrid-pro-salt\/\" \/>\n<meta property=\"og:locale\" content=\"pt_PT\" \/>\n<meta property=\"og:type\" content=\"article\" \/>\n<meta property=\"og:title\" content=\"Hybrid Pro Salt - Aquaforest\" \/>\n<meta property=\"og:description\" content=\"The most advanced formula of aquarium salt: Hybrid Pro Salt combines the advantages of natural sea water and pure laboratory salt. Enriched with probiotic bacteria, it provides optimal conditions for modern aquariums and delicate marine organisms.\" \/>\n<meta property=\"og:url\" content=\"https:\/\/aquaforest.eu\/pt\/products\/seawater-pt\/probiotic-method-pt\/hybrid-pro-salt\/\" \/>\n<meta property=\"og:site_name\" content=\"Aquaforest\" \/>\n<meta property=\"article:publisher\" content=\"https:\/\/www.facebook.com\/Aquaforest\/\" \/>\n<meta property=\"article:modified_time\" content=\"2026-05-04T12:05:13+00:00\" \/>\n<meta property=\"og:image\" content=\"https:\/\/aquaforest.eu\/wp-content\/uploads\/2024\/06\/Hybrid-Pro-Salt-22kg.png\" \/>\n\t<meta property=\"og:image:width\" content=\"1800\" \/>\n\t<meta property=\"og:image:height\" content=\"1800\" \/>\n\t<meta property=\"og:image:type\" content=\"image\/png\" \/>\n<meta name=\"twitter:card\" content=\"summary_large_image\" \/>\n<meta name=\"twitter:label1\" content=\"Tempo estimado de leitura\" \/>\n\t<meta name=\"twitter:data1\" content=\"3 minutos\" \/>\n<script type=\"application\/ld+json\" class=\"yoast-schema-graph\">{\"@context\":\"https:\/\/schema.org\",\"@graph\":[{\"@type\":\"WebPage\",\"@id\":\"https:\/\/aquaforest.eu\/pt\/products\/seawater-pt\/probiotic-method-pt\/hybrid-pro-salt\/\",\"url\":\"https:\/\/aquaforest.eu\/pt\/products\/seawater-pt\/probiotic-method-pt\/hybrid-pro-salt\/\",\"name\":\"Hybrid Pro Salt - Aquaforest\",\"isPartOf\":{\"@id\":\"https:\/\/aquaforest.eu\/pt\/#website\"},\"primaryImageOfPage\":{\"@id\":\"https:\/\/aquaforest.eu\/pt\/products\/seawater-pt\/probiotic-method-pt\/hybrid-pro-salt\/#primaryimage\"},\"image\":{\"@id\":\"https:\/\/aquaforest.eu\/pt\/products\/seawater-pt\/probiotic-method-pt\/hybrid-pro-salt\/#primaryimage\"},\"thumbnailUrl\":\"https:\/\/aquaforest.eu\/wp-content\/uploads\/2024\/06\/Hybrid-Pro-Salt-22kg.png\",\"datePublished\":\"2024-06-26T22:21:57+00:00\",\"dateModified\":\"2026-05-04T12:05:13+00:00\",\"description\":\"The most advanced formula of aquarium salt: Hybrid Pro Salt combines the advantages of natural sea water and pure laboratory salt. Enriched with probiotic bacteria, it provides optimal conditions for modern aquariums and delicate marine organisms.\",\"breadcrumb\":{\"@id\":\"https:\/\/aquaforest.eu\/pt\/products\/seawater-pt\/probiotic-method-pt\/hybrid-pro-salt\/#breadcrumb\"},\"inLanguage\":\"pt-PT\",\"potentialAction\":[{\"@type\":\"ReadAction\",\"target\":[\"https:\/\/aquaforest.eu\/pt\/products\/seawater-pt\/probiotic-method-pt\/hybrid-pro-salt\/\"]}]},{\"@type\":\"ImageObject\",\"inLanguage\":\"pt-PT\",\"@id\":\"https:\/\/aquaforest.eu\/pt\/products\/seawater-pt\/probiotic-method-pt\/hybrid-pro-salt\/#primaryimage\",\"url\":\"https:\/\/aquaforest.eu\/wp-content\/uploads\/2024\/06\/Hybrid-Pro-Salt-22kg.png\",\"contentUrl\":\"https:\/\/aquaforest.eu\/wp-content\/uploads\/2024\/06\/Hybrid-Pro-Salt-22kg.png\",\"width\":1800,\"height\":1800},{\"@type\":\"BreadcrumbList\",\"@id\":\"https:\/\/aquaforest.eu\/pt\/products\/seawater-pt\/probiotic-method-pt\/hybrid-pro-salt\/#breadcrumb\",\"itemListElement\":[{\"@type\":\"ListItem\",\"position\":1,\"name\":\"Home\",\"item\":\"https:\/\/aquaforest.eu\/pt\/\"},{\"@type\":\"ListItem\",\"position\":2,\"name\":\"Produtos\",\"item\":\"https:\/\/aquaforest.eu\/pt\/produtos\/\"},{\"@type\":\"ListItem\",\"position\":3,\"name\":\"Hybrid Pro Salt\"}]},{\"@type\":\"WebSite\",\"@id\":\"https:\/\/aquaforest.eu\/pt\/#website\",\"url\":\"https:\/\/aquaforest.eu\/pt\/\",\"name\":\"Aquaforest\",\"description\":\"\",\"publisher\":{\"@id\":\"https:\/\/aquaforest.eu\/pt\/#organization\"},\"potentialAction\":[{\"@type\":\"SearchAction\",\"target\":{\"@type\":\"EntryPoint\",\"urlTemplate\":\"https:\/\/aquaforest.eu\/pt\/?s={search_term_string}\"},\"query-input\":{\"@type\":\"PropertyValueSpecification\",\"valueRequired\":true,\"valueName\":\"search_term_string\"}}],\"inLanguage\":\"pt-PT\"},{\"@type\":\"Organization\",\"@id\":\"https:\/\/aquaforest.eu\/pt\/#organization\",\"name\":\"Aquaforest\",\"url\":\"https:\/\/aquaforest.eu\/pt\/\",\"logo\":{\"@type\":\"ImageObject\",\"inLanguage\":\"pt-PT\",\"@id\":\"https:\/\/aquaforest.eu\/pt\/#\/schema\/logo\/image\/\",\"url\":\"https:\/\/aquaforest.eu\/wp-content\/uploads\/2024\/05\/logotyp-aquaforest.svg\",\"contentUrl\":\"https:\/\/aquaforest.eu\/wp-content\/uploads\/2024\/05\/logotyp-aquaforest.svg\",\"width\":170,\"height\":22,\"caption\":\"Aquaforest\"},\"image\":{\"@id\":\"https:\/\/aquaforest.eu\/pt\/#\/schema\/logo\/image\/\"},\"sameAs\":[\"https:\/\/www.facebook.com\/Aquaforest\/\",\"https:\/\/www.instagram.com\/aquaforest.eu\/\"]}]}<\/script>\n<!-- \/ Yoast SEO plugin. -->","yoast_head_json":{"title":"Hybrid Pro Salt - Aquaforest","description":"The most advanced formula of aquarium salt: Hybrid Pro Salt combines the advantages of natural sea water and pure laboratory salt. Enriched with probiotic bacteria, it provides optimal conditions for modern aquariums and delicate marine organisms.","robots":{"index":"index","follow":"follow","max-snippet":"max-snippet:-1","max-image-preview":"max-image-preview:large","max-video-preview":"max-video-preview:-1"},"canonical":"https:\/\/aquaforest.eu\/pt\/products\/seawater-pt\/probiotic-method-pt\/hybrid-pro-salt\/","og_locale":"pt_PT","og_type":"article","og_title":"Hybrid Pro Salt - Aquaforest","og_description":"The most advanced formula of aquarium salt: Hybrid Pro Salt combines the advantages of natural sea water and pure laboratory salt. Enriched with probiotic bacteria, it provides optimal conditions for modern aquariums and delicate marine organisms.","og_url":"https:\/\/aquaforest.eu\/pt\/products\/seawater-pt\/probiotic-method-pt\/hybrid-pro-salt\/","og_site_name":"Aquaforest","article_publisher":"https:\/\/www.facebook.com\/Aquaforest\/","article_modified_time":"2026-05-04T12:05:13+00:00","og_image":[{"width":1800,"height":1800,"url":"https:\/\/aquaforest.eu\/wp-content\/uploads\/2024\/06\/Hybrid-Pro-Salt-22kg.png","type":"image\/png"}],"twitter_card":"summary_large_image","twitter_misc":{"Tempo estimado de leitura":"3 minutos"},"schema":{"@context":"https:\/\/schema.org","@graph":[{"@type":"WebPage","@id":"https:\/\/aquaforest.eu\/pt\/products\/seawater-pt\/probiotic-method-pt\/hybrid-pro-salt\/","url":"https:\/\/aquaforest.eu\/pt\/products\/seawater-pt\/probiotic-method-pt\/hybrid-pro-salt\/","name":"Hybrid Pro Salt - Aquaforest","isPartOf":{"@id":"https:\/\/aquaforest.eu\/pt\/#website"},"primaryImageOfPage":{"@id":"https:\/\/aquaforest.eu\/pt\/products\/seawater-pt\/probiotic-method-pt\/hybrid-pro-salt\/#primaryimage"},"image":{"@id":"https:\/\/aquaforest.eu\/pt\/products\/seawater-pt\/probiotic-method-pt\/hybrid-pro-salt\/#primaryimage"},"thumbnailUrl":"https:\/\/aquaforest.eu\/wp-content\/uploads\/2024\/06\/Hybrid-Pro-Salt-22kg.png","datePublished":"2024-06-26T22:21:57+00:00","dateModified":"2026-05-04T12:05:13+00:00","description":"The most advanced formula of aquarium salt: Hybrid Pro Salt combines the advantages of natural sea water and pure laboratory salt. Enriched with probiotic bacteria, it provides optimal conditions for modern aquariums and delicate marine organisms.","breadcrumb":{"@id":"https:\/\/aquaforest.eu\/pt\/products\/seawater-pt\/probiotic-method-pt\/hybrid-pro-salt\/#breadcrumb"},"inLanguage":"pt-PT","potentialAction":[{"@type":"ReadAction","target":["https:\/\/aquaforest.eu\/pt\/products\/seawater-pt\/probiotic-method-pt\/hybrid-pro-salt\/"]}]},{"@type":"ImageObject","inLanguage":"pt-PT","@id":"https:\/\/aquaforest.eu\/pt\/products\/seawater-pt\/probiotic-method-pt\/hybrid-pro-salt\/#primaryimage","url":"https:\/\/aquaforest.eu\/wp-content\/uploads\/2024\/06\/Hybrid-Pro-Salt-22kg.png","contentUrl":"https:\/\/aquaforest.eu\/wp-content\/uploads\/2024\/06\/Hybrid-Pro-Salt-22kg.png","width":1800,"height":1800},{"@type":"BreadcrumbList","@id":"https:\/\/aquaforest.eu\/pt\/products\/seawater-pt\/probiotic-method-pt\/hybrid-pro-salt\/#breadcrumb","itemListElement":[{"@type":"ListItem","position":1,"name":"Home","item":"https:\/\/aquaforest.eu\/pt\/"},{"@type":"ListItem","position":2,"name":"Produtos","item":"https:\/\/aquaforest.eu\/pt\/produtos\/"},{"@type":"ListItem","position":3,"name":"Hybrid Pro Salt"}]},{"@type":"WebSite","@id":"https:\/\/aquaforest.eu\/pt\/#website","url":"https:\/\/aquaforest.eu\/pt\/","name":"Aquaforest","description":"","publisher":{"@id":"https:\/\/aquaforest.eu\/pt\/#organization"},"potentialAction":[{"@type":"SearchAction","target":{"@type":"EntryPoint","urlTemplate":"https:\/\/aquaforest.eu\/pt\/?s={search_term_string}"},"query-input":{"@type":"PropertyValueSpecification","valueRequired":true,"valueName":"search_term_string"}}],"inLanguage":"pt-PT"},{"@type":"Organization","@id":"https:\/\/aquaforest.eu\/pt\/#organization","name":"Aquaforest","url":"https:\/\/aquaforest.eu\/pt\/","logo":{"@type":"ImageObject","inLanguage":"pt-PT","@id":"https:\/\/aquaforest.eu\/pt\/#\/schema\/logo\/image\/","url":"https:\/\/aquaforest.eu\/wp-content\/uploads\/2024\/05\/logotyp-aquaforest.svg","contentUrl":"https:\/\/aquaforest.eu\/wp-content\/uploads\/2024\/05\/logotyp-aquaforest.svg","width":170,"height":22,"caption":"Aquaforest"},"image":{"@id":"https:\/\/aquaforest.eu\/pt\/#\/schema\/logo\/image\/"},"sameAs":["https:\/\/www.facebook.com\/Aquaforest\/","https:\/\/www.instagram.com\/aquaforest.eu\/"]}]}},"_links":{"self":[{"href":"https:\/\/aquaforest.eu\/pt\/wp-json\/wp\/v2\/product\/23308","targetHints":{"allow":["GET"]}}],"collection":[{"href":"https:\/\/aquaforest.eu\/pt\/wp-json\/wp\/v2\/product"}],"about":[{"href":"https:\/\/aquaforest.eu\/pt\/wp-json\/wp\/v2\/types\/product"}],"version-history":[{"count":3,"href":"https:\/\/aquaforest.eu\/pt\/wp-json\/wp\/v2\/product\/23308\/revisions"}],"predecessor-version":[{"id":31529,"href":"https:\/\/aquaforest.eu\/pt\/wp-json\/wp\/v2\/product\/23308\/revisions\/31529"}],"wp:featuredmedia":[{"embeddable":true,"href":"https:\/\/aquaforest.eu\/pt\/wp-json\/wp\/v2\/media\/23310"}],"wp:attachment":[{"href":"https:\/\/aquaforest.eu\/pt\/wp-json\/wp\/v2\/media?parent=23308"}],"wp:term":[{"taxonomy":"product_brand","embeddable":true,"href":"https:\/\/aquaforest.eu\/pt\/wp-json\/wp\/v2\/product_brand?post=23308"},{"taxonomy":"product_cat","embeddable":true,"href":"https:\/\/aquaforest.eu\/pt\/wp-json\/wp\/v2\/product_cat?post=23308"},{"taxonomy":"product_tag","embeddable":true,"href":"https:\/\/aquaforest.eu\/pt\/wp-json\/wp\/v2\/product_tag?post=23308"}],"curies":[{"name":"wp","href":"https:\/\/api.w.org\/{rel}","templated":true}]}}