{"id":23314,"date":"2024-06-27T00:21:57","date_gmt":"2024-06-26T22:21:57","guid":{"rendered":"https:\/\/aquaforest.eu\/products\/sem%20categoria\/testpro-pack\/"},"modified":"2025-07-14T15:27:00","modified_gmt":"2025-07-14T13:27:00","slug":"testpro-pack","status":"publish","type":"product","link":"https:\/\/aquaforest.eu\/pt\/products\/seawater-pt\/water-tests-pt\/testpro-pack\/","title":{"rendered":"Testpro Pack"},"content":{"rendered":"<ul>\n<li><span class=\"hiddenSpellError\">Aquaforest<\/span>\u00a0 TestPro Ca foi desenvolvido para medir rapidamente o teor de c\u00e1lcio em aqu\u00e1rios marinhos, aqu\u00e1rios de \u00e1gua doce, lagos ou reservat\u00f3rios. Para garantir o funcionamento adequado do aqu\u00e1rio marinho, os n\u00edveis de c\u00e1lcio devem ser mantidos entre 380-460 mg\/l (ppm). O kit cont\u00e9m reagentes suficientes para realizar entre 55 e 65 testes de c\u00e1lcio.<\/li>\n<li>Aquaforest TestPro KH foi desenvolvido para medir rapidamente a dureza de carbonatos em aqu\u00e1rios marinhos. Para garantir o funcionamento adequado do aqu\u00e1rio marinho, a alcalinidade deve variar entre 6,5-8,0 dKH em sistemas com nutrientes ultrabaixos (ULNS). Valores mais altos s\u00e3o permitidos em aqu\u00e1rios com maior presen\u00e7a de nutrientes. O kit cont\u00e9m reagentes suficientes para realizar entre 78 e 100 testes de dureza de carbonatos.\n<\/li>\n<li>Aquaforest TestPro Magnesium foi desenvolvido para medir rapidamente a concentra\u00e7\u00e3o de magn\u00e9sio (Mg) na \u00e1gua marinha. O magn\u00e9sio desempenha um papel importante em muitos processos biol\u00f3gicos, por exemplo, participa da forma\u00e7\u00e3o do esqueleto de carbonato de c\u00e1lcio dos corais duros. Devido \u00e0s suas propriedades qu\u00edmicas \u00fanicas, tem impacto significativo na capacidade de tamponamento da \u00e1gua do mar e tamb\u00e9m evita a precipita\u00e7\u00e3o excessiva de carbonato de c\u00e1lcio nos equipamentos do aqu\u00e1rio. Um n\u00edvel adequado de magn\u00e9sio \u00e9 essencial para manter o equil\u00edbrio adequado de c\u00e1lcio e alcalinidade em aqu\u00e1rios de recife. Os n\u00edveis de Mg devem ser analisados regularmente junto com outros par\u00e2metros cr\u00edticos, como c\u00e1lcio e alcalinidade. A concentra\u00e7\u00e3o de magn\u00e9sio na \u00e1gua do mar natural varia entre 1260-1460 mg\/l (ppm). O kit cont\u00e9m reagentes suficientes para realizar aproximadamente entre 55 e 60 testes dentro desse intervalo.<\/li>\n<\/ul>\n<p>Manter fora do alcance de crian\u00e7as. Produto para uso exclusivo em aqu\u00e1rios. N\u00e3o \u00e9 adequado para consumo humano. Armazenar em local fresco, seco e longe da luz direta.<\/p>\n","protected":false},"excerpt":{"rendered":"<p>Multipack de testes por gotejamento para determinar os n\u00edveis dos par\u00e2metros mais importantes, como Ca, KH e Mg.<\/p>\n","protected":false},"featured_media":23315,"template":"","meta":{"_acf_changed":false,"content-type":""},"product_brand":[],"product_cat":[1713],"product_tag":[1671,1652,1653,1714],"class_list":{"0":"post-23314","1":"product","2":"type-product","3":"status-publish","4":"has-post-thumbnail","6":"product_cat-water-tests-pt","7":"product_tag-aquaforest-pt","8":"product_tag-seawater-aquatic-pt","9":"product_tag-simple-pt","10":"product_tag-water-tests-pt","12":"first","13":"instock","14":"taxable","15":"shipping-taxable","16":"purchasable","17":"product-type-simple"},"acf":[],"yoast_head":"<!-- This site is optimized with the Yoast SEO plugin v27.1.1 - https:\/\/yoast.com\/product\/yoast-seo-wordpress\/ -->\n<title>Testpro Pack - Aquaforest<\/title>\n<meta name=\"description\" content=\"Control and correct parameters with the best Aquaforest aquarium water tests. Easy to use and super accurate tests. Reference fluids and quality certificate included.\" \/>\n<meta name=\"robots\" content=\"index, follow, max-snippet:-1, max-image-preview:large, max-video-preview:-1\" \/>\n<link rel=\"canonical\" href=\"https:\/\/aquaforest.eu\/pt\/products\/seawater-pt\/water-tests-pt\/testpro-pack\/\" \/>\n<meta property=\"og:locale\" content=\"pt_PT\" \/>\n<meta property=\"og:type\" content=\"article\" \/>\n<meta property=\"og:title\" content=\"Testpro Pack - Aquaforest\" \/>\n<meta property=\"og:description\" content=\"Control and correct parameters with the best Aquaforest aquarium water tests. Easy to use and super accurate tests. Reference fluids and quality certificate included.\" \/>\n<meta property=\"og:url\" content=\"https:\/\/aquaforest.eu\/pt\/products\/seawater-pt\/water-tests-pt\/testpro-pack\/\" \/>\n<meta property=\"og:site_name\" content=\"Aquaforest\" \/>\n<meta property=\"article:publisher\" content=\"https:\/\/www.facebook.com\/Aquaforest\/\" \/>\n<meta property=\"article:modified_time\" content=\"2025-07-14T13:27:00+00:00\" \/>\n<meta property=\"og:image\" content=\"https:\/\/aquaforest.eu\/wp-content\/uploads\/2024\/06\/AF-TestPro.png\" \/>\n\t<meta property=\"og:image:width\" content=\"417\" \/>\n\t<meta property=\"og:image:height\" content=\"600\" \/>\n\t<meta property=\"og:image:type\" content=\"image\/png\" \/>\n<meta name=\"twitter:card\" content=\"summary_large_image\" \/>\n<meta name=\"twitter:label1\" content=\"Tempo estimado de leitura\" \/>\n\t<meta name=\"twitter:data1\" content=\"2 minutos\" \/>\n<script type=\"application\/ld+json\" class=\"yoast-schema-graph\">{\"@context\":\"https:\/\/schema.org\",\"@graph\":[{\"@type\":\"WebPage\",\"@id\":\"https:\/\/aquaforest.eu\/pt\/products\/seawater-pt\/water-tests-pt\/testpro-pack\/\",\"url\":\"https:\/\/aquaforest.eu\/pt\/products\/seawater-pt\/water-tests-pt\/testpro-pack\/\",\"name\":\"Testpro Pack - Aquaforest\",\"isPartOf\":{\"@id\":\"https:\/\/aquaforest.eu\/pt\/#website\"},\"primaryImageOfPage\":{\"@id\":\"https:\/\/aquaforest.eu\/pt\/products\/seawater-pt\/water-tests-pt\/testpro-pack\/#primaryimage\"},\"image\":{\"@id\":\"https:\/\/aquaforest.eu\/pt\/products\/seawater-pt\/water-tests-pt\/testpro-pack\/#primaryimage\"},\"thumbnailUrl\":\"https:\/\/aquaforest.eu\/wp-content\/uploads\/2024\/06\/AF-TestPro.png\",\"datePublished\":\"2024-06-26T22:21:57+00:00\",\"dateModified\":\"2025-07-14T13:27:00+00:00\",\"description\":\"Control and correct parameters with the best Aquaforest aquarium water tests. Easy to use and super accurate tests. Reference fluids and quality certificate included.\",\"breadcrumb\":{\"@id\":\"https:\/\/aquaforest.eu\/pt\/products\/seawater-pt\/water-tests-pt\/testpro-pack\/#breadcrumb\"},\"inLanguage\":\"pt-PT\",\"potentialAction\":[{\"@type\":\"ReadAction\",\"target\":[\"https:\/\/aquaforest.eu\/pt\/products\/seawater-pt\/water-tests-pt\/testpro-pack\/\"]}]},{\"@type\":\"ImageObject\",\"inLanguage\":\"pt-PT\",\"@id\":\"https:\/\/aquaforest.eu\/pt\/products\/seawater-pt\/water-tests-pt\/testpro-pack\/#primaryimage\",\"url\":\"https:\/\/aquaforest.eu\/wp-content\/uploads\/2024\/06\/AF-TestPro.png\",\"contentUrl\":\"https:\/\/aquaforest.eu\/wp-content\/uploads\/2024\/06\/AF-TestPro.png\",\"width\":417,\"height\":600},{\"@type\":\"BreadcrumbList\",\"@id\":\"https:\/\/aquaforest.eu\/pt\/products\/seawater-pt\/water-tests-pt\/testpro-pack\/#breadcrumb\",\"itemListElement\":[{\"@type\":\"ListItem\",\"position\":1,\"name\":\"Home\",\"item\":\"https:\/\/aquaforest.eu\/pt\/\"},{\"@type\":\"ListItem\",\"position\":2,\"name\":\"Produtos\",\"item\":\"https:\/\/aquaforest.eu\/pt\/produtos\/\"},{\"@type\":\"ListItem\",\"position\":3,\"name\":\"Testpro Pack\"}]},{\"@type\":\"WebSite\",\"@id\":\"https:\/\/aquaforest.eu\/pt\/#website\",\"url\":\"https:\/\/aquaforest.eu\/pt\/\",\"name\":\"Aquaforest\",\"description\":\"\",\"publisher\":{\"@id\":\"https:\/\/aquaforest.eu\/pt\/#organization\"},\"potentialAction\":[{\"@type\":\"SearchAction\",\"target\":{\"@type\":\"EntryPoint\",\"urlTemplate\":\"https:\/\/aquaforest.eu\/pt\/?s={search_term_string}\"},\"query-input\":{\"@type\":\"PropertyValueSpecification\",\"valueRequired\":true,\"valueName\":\"search_term_string\"}}],\"inLanguage\":\"pt-PT\"},{\"@type\":\"Organization\",\"@id\":\"https:\/\/aquaforest.eu\/pt\/#organization\",\"name\":\"Aquaforest\",\"url\":\"https:\/\/aquaforest.eu\/pt\/\",\"logo\":{\"@type\":\"ImageObject\",\"inLanguage\":\"pt-PT\",\"@id\":\"https:\/\/aquaforest.eu\/pt\/#\/schema\/logo\/image\/\",\"url\":\"https:\/\/aquaforest.eu\/wp-content\/uploads\/2024\/05\/logotyp-aquaforest.svg\",\"contentUrl\":\"https:\/\/aquaforest.eu\/wp-content\/uploads\/2024\/05\/logotyp-aquaforest.svg\",\"width\":170,\"height\":22,\"caption\":\"Aquaforest\"},\"image\":{\"@id\":\"https:\/\/aquaforest.eu\/pt\/#\/schema\/logo\/image\/\"},\"sameAs\":[\"https:\/\/www.facebook.com\/Aquaforest\/\",\"https:\/\/www.instagram.com\/aquaforest.eu\/\"]}]}<\/script>\n<!-- \/ Yoast SEO plugin. -->","yoast_head_json":{"title":"Testpro Pack - Aquaforest","description":"Control and correct parameters with the best Aquaforest aquarium water tests. Easy to use and super accurate tests. Reference fluids and quality certificate included.","robots":{"index":"index","follow":"follow","max-snippet":"max-snippet:-1","max-image-preview":"max-image-preview:large","max-video-preview":"max-video-preview:-1"},"canonical":"https:\/\/aquaforest.eu\/pt\/products\/seawater-pt\/water-tests-pt\/testpro-pack\/","og_locale":"pt_PT","og_type":"article","og_title":"Testpro Pack - Aquaforest","og_description":"Control and correct parameters with the best Aquaforest aquarium water tests. Easy to use and super accurate tests. Reference fluids and quality certificate included.","og_url":"https:\/\/aquaforest.eu\/pt\/products\/seawater-pt\/water-tests-pt\/testpro-pack\/","og_site_name":"Aquaforest","article_publisher":"https:\/\/www.facebook.com\/Aquaforest\/","article_modified_time":"2025-07-14T13:27:00+00:00","og_image":[{"width":417,"height":600,"url":"https:\/\/aquaforest.eu\/wp-content\/uploads\/2024\/06\/AF-TestPro.png","type":"image\/png"}],"twitter_card":"summary_large_image","twitter_misc":{"Tempo estimado de leitura":"2 minutos"},"schema":{"@context":"https:\/\/schema.org","@graph":[{"@type":"WebPage","@id":"https:\/\/aquaforest.eu\/pt\/products\/seawater-pt\/water-tests-pt\/testpro-pack\/","url":"https:\/\/aquaforest.eu\/pt\/products\/seawater-pt\/water-tests-pt\/testpro-pack\/","name":"Testpro Pack - Aquaforest","isPartOf":{"@id":"https:\/\/aquaforest.eu\/pt\/#website"},"primaryImageOfPage":{"@id":"https:\/\/aquaforest.eu\/pt\/products\/seawater-pt\/water-tests-pt\/testpro-pack\/#primaryimage"},"image":{"@id":"https:\/\/aquaforest.eu\/pt\/products\/seawater-pt\/water-tests-pt\/testpro-pack\/#primaryimage"},"thumbnailUrl":"https:\/\/aquaforest.eu\/wp-content\/uploads\/2024\/06\/AF-TestPro.png","datePublished":"2024-06-26T22:21:57+00:00","dateModified":"2025-07-14T13:27:00+00:00","description":"Control and correct parameters with the best Aquaforest aquarium water tests. Easy to use and super accurate tests. Reference fluids and quality certificate included.","breadcrumb":{"@id":"https:\/\/aquaforest.eu\/pt\/products\/seawater-pt\/water-tests-pt\/testpro-pack\/#breadcrumb"},"inLanguage":"pt-PT","potentialAction":[{"@type":"ReadAction","target":["https:\/\/aquaforest.eu\/pt\/products\/seawater-pt\/water-tests-pt\/testpro-pack\/"]}]},{"@type":"ImageObject","inLanguage":"pt-PT","@id":"https:\/\/aquaforest.eu\/pt\/products\/seawater-pt\/water-tests-pt\/testpro-pack\/#primaryimage","url":"https:\/\/aquaforest.eu\/wp-content\/uploads\/2024\/06\/AF-TestPro.png","contentUrl":"https:\/\/aquaforest.eu\/wp-content\/uploads\/2024\/06\/AF-TestPro.png","width":417,"height":600},{"@type":"BreadcrumbList","@id":"https:\/\/aquaforest.eu\/pt\/products\/seawater-pt\/water-tests-pt\/testpro-pack\/#breadcrumb","itemListElement":[{"@type":"ListItem","position":1,"name":"Home","item":"https:\/\/aquaforest.eu\/pt\/"},{"@type":"ListItem","position":2,"name":"Produtos","item":"https:\/\/aquaforest.eu\/pt\/produtos\/"},{"@type":"ListItem","position":3,"name":"Testpro Pack"}]},{"@type":"WebSite","@id":"https:\/\/aquaforest.eu\/pt\/#website","url":"https:\/\/aquaforest.eu\/pt\/","name":"Aquaforest","description":"","publisher":{"@id":"https:\/\/aquaforest.eu\/pt\/#organization"},"potentialAction":[{"@type":"SearchAction","target":{"@type":"EntryPoint","urlTemplate":"https:\/\/aquaforest.eu\/pt\/?s={search_term_string}"},"query-input":{"@type":"PropertyValueSpecification","valueRequired":true,"valueName":"search_term_string"}}],"inLanguage":"pt-PT"},{"@type":"Organization","@id":"https:\/\/aquaforest.eu\/pt\/#organization","name":"Aquaforest","url":"https:\/\/aquaforest.eu\/pt\/","logo":{"@type":"ImageObject","inLanguage":"pt-PT","@id":"https:\/\/aquaforest.eu\/pt\/#\/schema\/logo\/image\/","url":"https:\/\/aquaforest.eu\/wp-content\/uploads\/2024\/05\/logotyp-aquaforest.svg","contentUrl":"https:\/\/aquaforest.eu\/wp-content\/uploads\/2024\/05\/logotyp-aquaforest.svg","width":170,"height":22,"caption":"Aquaforest"},"image":{"@id":"https:\/\/aquaforest.eu\/pt\/#\/schema\/logo\/image\/"},"sameAs":["https:\/\/www.facebook.com\/Aquaforest\/","https:\/\/www.instagram.com\/aquaforest.eu\/"]}]}},"_links":{"self":[{"href":"https:\/\/aquaforest.eu\/pt\/wp-json\/wp\/v2\/product\/23314","targetHints":{"allow":["GET"]}}],"collection":[{"href":"https:\/\/aquaforest.eu\/pt\/wp-json\/wp\/v2\/product"}],"about":[{"href":"https:\/\/aquaforest.eu\/pt\/wp-json\/wp\/v2\/types\/product"}],"version-history":[{"count":1,"href":"https:\/\/aquaforest.eu\/pt\/wp-json\/wp\/v2\/product\/23314\/revisions"}],"predecessor-version":[{"id":24120,"href":"https:\/\/aquaforest.eu\/pt\/wp-json\/wp\/v2\/product\/23314\/revisions\/24120"}],"wp:featuredmedia":[{"embeddable":true,"href":"https:\/\/aquaforest.eu\/pt\/wp-json\/wp\/v2\/media\/23315"}],"wp:attachment":[{"href":"https:\/\/aquaforest.eu\/pt\/wp-json\/wp\/v2\/media?parent=23314"}],"wp:term":[{"taxonomy":"product_brand","embeddable":true,"href":"https:\/\/aquaforest.eu\/pt\/wp-json\/wp\/v2\/product_brand?post=23314"},{"taxonomy":"product_cat","embeddable":true,"href":"https:\/\/aquaforest.eu\/pt\/wp-json\/wp\/v2\/product_cat?post=23314"},{"taxonomy":"product_tag","embeddable":true,"href":"https:\/\/aquaforest.eu\/pt\/wp-json\/wp\/v2\/product_tag?post=23314"}],"curies":[{"name":"wp","href":"https:\/\/api.w.org\/{rel}","templated":true}]}}