{"id":23342,"date":"2024-06-26T02:18:24","date_gmt":"2024-06-26T00:18:24","guid":{"rendered":"https:\/\/aquaforest.eu\/products\/sem%20categoria\/iron\/"},"modified":"2025-07-14T14:50:40","modified_gmt":"2025-07-14T12:50:40","slug":"iron","status":"publish","type":"product","link":"https:\/\/aquaforest.eu\/pt\/products\/seawater-pt\/water-treatment-pt\/iron\/","title":{"rendered":"Iron"},"content":{"rendered":"<p>Suplemento com alta concentra\u00e7\u00e3o de ferro.<br \/>\n O ferro \u00e9 um micronutriente essencial absorvido por corais e an\u00eamonas-do-mar.<br \/>\n A suplementa\u00e7\u00e3o regular e equilibrada de ferro melhora significativamente a colora\u00e7\u00e3o verde nos corais.<br \/>\n O ferro tem papel fundamental no processo de fotoss\u00edntese, portanto, sua adi\u00e7\u00e3o melhora a nutri\u00e7\u00e3o dos corais.<br \/>\n \u00c9 especialmente eficaz para real\u00e7ar a colora\u00e7\u00e3o verde em Acroporas e outros corais SPS.<br \/>\n&nbsp;<\/p>\n<hr \/>\n<p>&nbsp;<\/p>\n<p><strong>Dosagem:<\/strong>\u00a0 1 gota por 100 litros (27 gal\u00f5es americanos) por dia.<br \/>\n O n\u00edvel recomendado de ferro em aqu\u00e1rios de recife \u00e9 de 0,006\u20130,012 mg\/l (ppm).<br \/>\n 1 ml de Iron (~15 gotas) em 100 l de \u00e1gua aumenta o n\u00edvel de ferro em 0,005 ppm (5 \u03bcg\/l).<br \/>\n Cada aqu\u00e1rio \u00e9 \u00fanico, ent\u00e3o a dosagem deve ser adaptada conforme a quantidade e o tipo de corais<\/p>\n","protected":false},"excerpt":{"rendered":"<p>A suplementa\u00e7\u00e3o regular e equilibrada de ferro proporciona uma colora\u00e7\u00e3o verde intensa nos corais.<\/p>\n","protected":false},"featured_media":23343,"template":"","meta":{"_acf_changed":false,"content-type":""},"product_brand":[],"product_cat":[1651],"product_tag":[1671,1652,1653,1657],"class_list":{"0":"post-23342","1":"product","2":"type-product","3":"status-publish","4":"has-post-thumbnail","6":"product_cat-water-treatment-pt","7":"product_tag-aquaforest-pt","8":"product_tag-seawater-aquatic-pt","9":"product_tag-simple-pt","10":"product_tag-water-treatment-pt","12":"first","13":"instock","14":"taxable","15":"shipping-taxable","16":"purchasable","17":"product-type-simple"},"acf":[],"yoast_head":"<!-- This site is optimized with the Yoast SEO plugin v27.1.1 - https:\/\/yoast.com\/product\/yoast-seo-wordpress\/ -->\n<title>Iron - Aquaforest<\/title>\n<meta name=\"description\" content=\"Iron by Aquaforest: a preparation for raising iron levels in the aquarium, supporting healthy plant growth and intensive coral coloration.\" \/>\n<meta name=\"robots\" content=\"index, follow, max-snippet:-1, max-image-preview:large, max-video-preview:-1\" \/>\n<link rel=\"canonical\" href=\"https:\/\/aquaforest.eu\/pt\/products\/seawater-pt\/water-treatment-pt\/iron\/\" \/>\n<meta property=\"og:locale\" content=\"pt_PT\" \/>\n<meta property=\"og:type\" content=\"article\" \/>\n<meta property=\"og:title\" content=\"Iron - Aquaforest\" \/>\n<meta property=\"og:description\" content=\"Iron by Aquaforest: a preparation for raising iron levels in the aquarium, supporting healthy plant growth and intensive coral coloration.\" \/>\n<meta property=\"og:url\" content=\"https:\/\/aquaforest.eu\/pt\/products\/seawater-pt\/water-treatment-pt\/iron\/\" \/>\n<meta property=\"og:site_name\" content=\"Aquaforest\" \/>\n<meta property=\"article:publisher\" content=\"https:\/\/www.facebook.com\/Aquaforest\/\" \/>\n<meta property=\"article:modified_time\" content=\"2025-07-14T12:50:40+00:00\" \/>\n<meta property=\"og:image\" content=\"https:\/\/aquaforest.eu\/wp-content\/uploads\/2024\/06\/Iron.png\" \/>\n\t<meta property=\"og:image:width\" content=\"323\" \/>\n\t<meta property=\"og:image:height\" content=\"600\" \/>\n\t<meta property=\"og:image:type\" content=\"image\/png\" \/>\n<meta name=\"twitter:card\" content=\"summary_large_image\" \/>\n<meta name=\"twitter:label1\" content=\"Tempo estimado de leitura\" \/>\n\t<meta name=\"twitter:data1\" content=\"1 minuto\" \/>\n<script type=\"application\/ld+json\" class=\"yoast-schema-graph\">{\"@context\":\"https:\/\/schema.org\",\"@graph\":[{\"@type\":\"WebPage\",\"@id\":\"https:\/\/aquaforest.eu\/pt\/products\/seawater-pt\/water-treatment-pt\/iron\/\",\"url\":\"https:\/\/aquaforest.eu\/pt\/products\/seawater-pt\/water-treatment-pt\/iron\/\",\"name\":\"Iron - Aquaforest\",\"isPartOf\":{\"@id\":\"https:\/\/aquaforest.eu\/pt\/#website\"},\"primaryImageOfPage\":{\"@id\":\"https:\/\/aquaforest.eu\/pt\/products\/seawater-pt\/water-treatment-pt\/iron\/#primaryimage\"},\"image\":{\"@id\":\"https:\/\/aquaforest.eu\/pt\/products\/seawater-pt\/water-treatment-pt\/iron\/#primaryimage\"},\"thumbnailUrl\":\"https:\/\/aquaforest.eu\/wp-content\/uploads\/2024\/06\/Iron.png\",\"datePublished\":\"2024-06-26T00:18:24+00:00\",\"dateModified\":\"2025-07-14T12:50:40+00:00\",\"description\":\"Iron by Aquaforest: a preparation for raising iron levels in the aquarium, supporting healthy plant growth and intensive coral coloration.\",\"breadcrumb\":{\"@id\":\"https:\/\/aquaforest.eu\/pt\/products\/seawater-pt\/water-treatment-pt\/iron\/#breadcrumb\"},\"inLanguage\":\"pt-PT\",\"potentialAction\":[{\"@type\":\"ReadAction\",\"target\":[\"https:\/\/aquaforest.eu\/pt\/products\/seawater-pt\/water-treatment-pt\/iron\/\"]}]},{\"@type\":\"ImageObject\",\"inLanguage\":\"pt-PT\",\"@id\":\"https:\/\/aquaforest.eu\/pt\/products\/seawater-pt\/water-treatment-pt\/iron\/#primaryimage\",\"url\":\"https:\/\/aquaforest.eu\/wp-content\/uploads\/2024\/06\/Iron.png\",\"contentUrl\":\"https:\/\/aquaforest.eu\/wp-content\/uploads\/2024\/06\/Iron.png\",\"width\":323,\"height\":600},{\"@type\":\"BreadcrumbList\",\"@id\":\"https:\/\/aquaforest.eu\/pt\/products\/seawater-pt\/water-treatment-pt\/iron\/#breadcrumb\",\"itemListElement\":[{\"@type\":\"ListItem\",\"position\":1,\"name\":\"Home\",\"item\":\"https:\/\/aquaforest.eu\/pt\/\"},{\"@type\":\"ListItem\",\"position\":2,\"name\":\"Produtos\",\"item\":\"https:\/\/aquaforest.eu\/pt\/produtos\/\"},{\"@type\":\"ListItem\",\"position\":3,\"name\":\"Iron\"}]},{\"@type\":\"WebSite\",\"@id\":\"https:\/\/aquaforest.eu\/pt\/#website\",\"url\":\"https:\/\/aquaforest.eu\/pt\/\",\"name\":\"Aquaforest\",\"description\":\"\",\"publisher\":{\"@id\":\"https:\/\/aquaforest.eu\/pt\/#organization\"},\"potentialAction\":[{\"@type\":\"SearchAction\",\"target\":{\"@type\":\"EntryPoint\",\"urlTemplate\":\"https:\/\/aquaforest.eu\/pt\/?s={search_term_string}\"},\"query-input\":{\"@type\":\"PropertyValueSpecification\",\"valueRequired\":true,\"valueName\":\"search_term_string\"}}],\"inLanguage\":\"pt-PT\"},{\"@type\":\"Organization\",\"@id\":\"https:\/\/aquaforest.eu\/pt\/#organization\",\"name\":\"Aquaforest\",\"url\":\"https:\/\/aquaforest.eu\/pt\/\",\"logo\":{\"@type\":\"ImageObject\",\"inLanguage\":\"pt-PT\",\"@id\":\"https:\/\/aquaforest.eu\/pt\/#\/schema\/logo\/image\/\",\"url\":\"https:\/\/aquaforest.eu\/wp-content\/uploads\/2024\/05\/logotyp-aquaforest.svg\",\"contentUrl\":\"https:\/\/aquaforest.eu\/wp-content\/uploads\/2024\/05\/logotyp-aquaforest.svg\",\"width\":170,\"height\":22,\"caption\":\"Aquaforest\"},\"image\":{\"@id\":\"https:\/\/aquaforest.eu\/pt\/#\/schema\/logo\/image\/\"},\"sameAs\":[\"https:\/\/www.facebook.com\/Aquaforest\/\",\"https:\/\/www.instagram.com\/aquaforest.eu\/\"]}]}<\/script>\n<!-- \/ Yoast SEO plugin. -->","yoast_head_json":{"title":"Iron - Aquaforest","description":"Iron by Aquaforest: a preparation for raising iron levels in the aquarium, supporting healthy plant growth and intensive coral coloration.","robots":{"index":"index","follow":"follow","max-snippet":"max-snippet:-1","max-image-preview":"max-image-preview:large","max-video-preview":"max-video-preview:-1"},"canonical":"https:\/\/aquaforest.eu\/pt\/products\/seawater-pt\/water-treatment-pt\/iron\/","og_locale":"pt_PT","og_type":"article","og_title":"Iron - Aquaforest","og_description":"Iron by Aquaforest: a preparation for raising iron levels in the aquarium, supporting healthy plant growth and intensive coral coloration.","og_url":"https:\/\/aquaforest.eu\/pt\/products\/seawater-pt\/water-treatment-pt\/iron\/","og_site_name":"Aquaforest","article_publisher":"https:\/\/www.facebook.com\/Aquaforest\/","article_modified_time":"2025-07-14T12:50:40+00:00","og_image":[{"width":323,"height":600,"url":"https:\/\/aquaforest.eu\/wp-content\/uploads\/2024\/06\/Iron.png","type":"image\/png"}],"twitter_card":"summary_large_image","twitter_misc":{"Tempo estimado de leitura":"1 minuto"},"schema":{"@context":"https:\/\/schema.org","@graph":[{"@type":"WebPage","@id":"https:\/\/aquaforest.eu\/pt\/products\/seawater-pt\/water-treatment-pt\/iron\/","url":"https:\/\/aquaforest.eu\/pt\/products\/seawater-pt\/water-treatment-pt\/iron\/","name":"Iron - Aquaforest","isPartOf":{"@id":"https:\/\/aquaforest.eu\/pt\/#website"},"primaryImageOfPage":{"@id":"https:\/\/aquaforest.eu\/pt\/products\/seawater-pt\/water-treatment-pt\/iron\/#primaryimage"},"image":{"@id":"https:\/\/aquaforest.eu\/pt\/products\/seawater-pt\/water-treatment-pt\/iron\/#primaryimage"},"thumbnailUrl":"https:\/\/aquaforest.eu\/wp-content\/uploads\/2024\/06\/Iron.png","datePublished":"2024-06-26T00:18:24+00:00","dateModified":"2025-07-14T12:50:40+00:00","description":"Iron by Aquaforest: a preparation for raising iron levels in the aquarium, supporting healthy plant growth and intensive coral coloration.","breadcrumb":{"@id":"https:\/\/aquaforest.eu\/pt\/products\/seawater-pt\/water-treatment-pt\/iron\/#breadcrumb"},"inLanguage":"pt-PT","potentialAction":[{"@type":"ReadAction","target":["https:\/\/aquaforest.eu\/pt\/products\/seawater-pt\/water-treatment-pt\/iron\/"]}]},{"@type":"ImageObject","inLanguage":"pt-PT","@id":"https:\/\/aquaforest.eu\/pt\/products\/seawater-pt\/water-treatment-pt\/iron\/#primaryimage","url":"https:\/\/aquaforest.eu\/wp-content\/uploads\/2024\/06\/Iron.png","contentUrl":"https:\/\/aquaforest.eu\/wp-content\/uploads\/2024\/06\/Iron.png","width":323,"height":600},{"@type":"BreadcrumbList","@id":"https:\/\/aquaforest.eu\/pt\/products\/seawater-pt\/water-treatment-pt\/iron\/#breadcrumb","itemListElement":[{"@type":"ListItem","position":1,"name":"Home","item":"https:\/\/aquaforest.eu\/pt\/"},{"@type":"ListItem","position":2,"name":"Produtos","item":"https:\/\/aquaforest.eu\/pt\/produtos\/"},{"@type":"ListItem","position":3,"name":"Iron"}]},{"@type":"WebSite","@id":"https:\/\/aquaforest.eu\/pt\/#website","url":"https:\/\/aquaforest.eu\/pt\/","name":"Aquaforest","description":"","publisher":{"@id":"https:\/\/aquaforest.eu\/pt\/#organization"},"potentialAction":[{"@type":"SearchAction","target":{"@type":"EntryPoint","urlTemplate":"https:\/\/aquaforest.eu\/pt\/?s={search_term_string}"},"query-input":{"@type":"PropertyValueSpecification","valueRequired":true,"valueName":"search_term_string"}}],"inLanguage":"pt-PT"},{"@type":"Organization","@id":"https:\/\/aquaforest.eu\/pt\/#organization","name":"Aquaforest","url":"https:\/\/aquaforest.eu\/pt\/","logo":{"@type":"ImageObject","inLanguage":"pt-PT","@id":"https:\/\/aquaforest.eu\/pt\/#\/schema\/logo\/image\/","url":"https:\/\/aquaforest.eu\/wp-content\/uploads\/2024\/05\/logotyp-aquaforest.svg","contentUrl":"https:\/\/aquaforest.eu\/wp-content\/uploads\/2024\/05\/logotyp-aquaforest.svg","width":170,"height":22,"caption":"Aquaforest"},"image":{"@id":"https:\/\/aquaforest.eu\/pt\/#\/schema\/logo\/image\/"},"sameAs":["https:\/\/www.facebook.com\/Aquaforest\/","https:\/\/www.instagram.com\/aquaforest.eu\/"]}]}},"_links":{"self":[{"href":"https:\/\/aquaforest.eu\/pt\/wp-json\/wp\/v2\/product\/23342","targetHints":{"allow":["GET"]}}],"collection":[{"href":"https:\/\/aquaforest.eu\/pt\/wp-json\/wp\/v2\/product"}],"about":[{"href":"https:\/\/aquaforest.eu\/pt\/wp-json\/wp\/v2\/types\/product"}],"version-history":[{"count":1,"href":"https:\/\/aquaforest.eu\/pt\/wp-json\/wp\/v2\/product\/23342\/revisions"}],"predecessor-version":[{"id":24013,"href":"https:\/\/aquaforest.eu\/pt\/wp-json\/wp\/v2\/product\/23342\/revisions\/24013"}],"wp:featuredmedia":[{"embeddable":true,"href":"https:\/\/aquaforest.eu\/pt\/wp-json\/wp\/v2\/media\/23343"}],"wp:attachment":[{"href":"https:\/\/aquaforest.eu\/pt\/wp-json\/wp\/v2\/media?parent=23342"}],"wp:term":[{"taxonomy":"product_brand","embeddable":true,"href":"https:\/\/aquaforest.eu\/pt\/wp-json\/wp\/v2\/product_brand?post=23342"},{"taxonomy":"product_cat","embeddable":true,"href":"https:\/\/aquaforest.eu\/pt\/wp-json\/wp\/v2\/product_cat?post=23342"},{"taxonomy":"product_tag","embeddable":true,"href":"https:\/\/aquaforest.eu\/pt\/wp-json\/wp\/v2\/product_tag?post=23342"}],"curies":[{"name":"wp","href":"https:\/\/api.w.org\/{rel}","templated":true}]}}