{"id":23361,"date":"2024-06-26T02:18:21","date_gmt":"2024-06-26T00:18:21","guid":{"rendered":"https:\/\/aquaforest.eu\/products\/sem%20categoria\/af-calanidae-clip\/"},"modified":"2025-07-14T11:39:07","modified_gmt":"2025-07-14T09:39:07","slug":"af-calanidae-clip","status":"publish","type":"product","link":"https:\/\/aquaforest.eu\/pt\/products\/seawater-pt\/foods-and-supplementation-pt\/af-calanidae-clip\/","title":{"rendered":"AF Calanidae Clip"},"content":{"rendered":"<p><span style=\"color: #000000;\">Alimento rico em nutrientes no formato de disco com clipe, especialmente desenvolvido para pequenos peixes marinhos. Possui alto teor de \u00e1cidos graxos EPA, DHA e SDA. A adi\u00e7\u00e3o de algas garante que os peixes fiquem bem nutridos, apresentem colora\u00e7\u00e3o intensa e se desenvolvam adequadamente.<br \/>\n<\/span><\/p>\n<p><span style=\"color: #000000;\">Cont\u00e9m extrato liofilizado de Calanus finmarchicus, rico em amino\u00e1cidos, promovendo um crescimento r\u00e1pido e saud\u00e1vel. Fornece prote\u00ednas e amino\u00e1cidos essenciais, al\u00e9m de pigmentos naturais que intensificam a colora\u00e7\u00e3o.<br \/>\n<\/span><\/p>\n<p><span style=\"color: #000000;\">O produto tamb\u00e9m inclui um clipe especial para f\u00e1cil fixa\u00e7\u00e3o no vidro do aqu\u00e1rio, permitindo acesso eficiente ao alimento por todos os peixes.<\/span><\/p>\n<p>&nbsp;<\/p>\n<p><strong>Di\u00e2metro:<\/strong>3 cm<\/p>\n<p>&nbsp;<\/p>\n<hr \/>\n<p>&nbsp;<\/p>\n<p><span style=\"color: #000000;\"><strong>Diferenciais do produto:<\/strong><\/span><\/p>\n<ul>\n<li><span style=\"color: #000000;\">Ra\u00e7\u00e3o com clipe para peixes ornamentais<\/span><\/li>\n<li><span style=\"color: #000000;\">Rica em vitaminas, amino\u00e1cidos e prote\u00ednas<\/span><\/li>\n<li><span style=\"color: #000000;\">Composi\u00e7\u00e3o natural<\/span><\/li>\n<li><span style=\"color: #000000;\">N\u00e3o contamina a \u00e1gua nem deixa res\u00edduos<br \/>\n<\/span><\/li>\n<li><span style=\"color: #000000;\">Ajuda na adapta\u00e7\u00e3o dos peixes \u00e0 ra\u00e7\u00e3o seca<br \/>\n<\/span><\/li>\n<li><span style=\"color: #000000;\">Inclui clipe de f\u00e1cil instala\u00e7\u00e3o<br \/>\n<\/span><\/li>\n<li><span style=\"color: #000000;\">Favorece o crescimento e real\u00e7a a colora\u00e7\u00e3o<\/span><\/li>\n<\/ul>\n<p>&nbsp;<\/p>\n<hr \/>\n<p>&nbsp;<\/p>\n<p>&nbsp;<\/p>\n<hr \/>\n<h4 data-fontsize=\"16\" data-lineheight=\"24px\"><\/h4>\n<h4 class=\"fusion-tab-heading fusion-responsive-typography-calculated\" data-fontsize=\"16\" data-lineheight=\"24px\"><span style=\"color: #000000;\">Ingredients &amp; Usage<\/span><\/h4>\n<p><span style=\"color: #000000;\"><strong>Composi\u00e7\u00e3o:<\/strong>Calanus finmarchicus, algas marinhas, crust\u00e1ceos e moluscos, peixe e derivados, prote\u00ednas vegetais, \u00f3leos e gorduras.<\/span><\/p>\n<p><span style=\"color: #000000;\"><strong>Aditivos:<\/strong>vitamina A 15.000 UI\/kg, vitamina D3 3.000 UI\/kg, vitamina E 1.000 UI\/kg, vitamina C 1.000 mg\/kg.<\/span><\/p>\n<p><span style=\"color: #000000;\"><strong>Componentes anal\u00edticos:<\/strong>prote\u00edna m\u00e1x. 20,00%, gordura m\u00edn. 12,20%, fibra m\u00e1x. 0,40%, cinzas m\u00e1x. 11,20%, umidade m\u00e1x. 21,50%, c\u00e1lcio m\u00edn. 0,95%, f\u00f3sforo 0,37%<\/span><\/p>\n<p><span style=\"color: #000000;\"><strong>Modo de uso:\u00a0<\/strong>coloque o alimento no clipe incluso e fixe-o no local desejado dentro do aqu\u00e1rio.<br \/>\n<\/span><\/p>\n","protected":false},"excerpt":{"rendered":"<p>Ra\u00e7\u00e3o para peixes com clipe para fixa\u00e7\u00e3o no vidro. Alto teor de \u00e1cidos graxos como EPA, DHA e SDA.<\/p>\n","protected":false},"featured_media":23362,"template":"","meta":{"_acf_changed":false,"content-type":""},"product_brand":[],"product_cat":[1668],"product_tag":[1671,1669,1652,1653],"class_list":{"0":"post-23361","1":"product","2":"type-product","3":"status-publish","4":"has-post-thumbnail","6":"product_cat-foods-and-supplementation-pt","7":"product_tag-aquaforest-pt","8":"product_tag-foods-and-supplementation-pt","9":"product_tag-seawater-aquatic-pt","10":"product_tag-simple-pt","12":"first","13":"instock","14":"taxable","15":"shipping-taxable","16":"purchasable","17":"product-type-simple"},"acf":[],"yoast_head":"<!-- This site is optimized with the Yoast SEO plugin v27.1.1 - https:\/\/yoast.com\/product\/yoast-seo-wordpress\/ -->\n<title>AF Calanidae Clip - Aquaforest<\/title>\n<meta name=\"description\" content=\"AF Calanidae Clip: Innovative clip for attaching calanoid food to the aquarium. Unique formula for easy feeding and healthy growth of fish.\" \/>\n<meta name=\"robots\" content=\"index, follow, max-snippet:-1, max-image-preview:large, max-video-preview:-1\" \/>\n<link rel=\"canonical\" href=\"https:\/\/aquaforest.eu\/pt\/products\/seawater-pt\/foods-and-supplementation-pt\/af-calanidae-clip\/\" \/>\n<meta property=\"og:locale\" content=\"pt_PT\" \/>\n<meta property=\"og:type\" content=\"article\" \/>\n<meta property=\"og:title\" content=\"AF Calanidae Clip - Aquaforest\" \/>\n<meta property=\"og:description\" content=\"AF Calanidae Clip: Innovative clip for attaching calanoid food to the aquarium. Unique formula for easy feeding and healthy growth of fish.\" \/>\n<meta property=\"og:url\" content=\"https:\/\/aquaforest.eu\/pt\/products\/seawater-pt\/foods-and-supplementation-pt\/af-calanidae-clip\/\" \/>\n<meta property=\"og:site_name\" content=\"Aquaforest\" \/>\n<meta property=\"article:publisher\" content=\"https:\/\/www.facebook.com\/Aquaforest\/\" \/>\n<meta property=\"article:modified_time\" content=\"2025-07-14T09:39:07+00:00\" \/>\n<meta property=\"og:image\" content=\"https:\/\/aquaforest.eu\/wp-content\/uploads\/2024\/06\/AF-Calanidae-Clip.png\" \/>\n\t<meta property=\"og:image:width\" content=\"462\" \/>\n\t<meta property=\"og:image:height\" content=\"600\" \/>\n\t<meta property=\"og:image:type\" content=\"image\/png\" \/>\n<meta name=\"twitter:card\" content=\"summary_large_image\" \/>\n<meta name=\"twitter:label1\" content=\"Tempo estimado de leitura\" \/>\n\t<meta name=\"twitter:data1\" content=\"2 minutos\" \/>\n<script type=\"application\/ld+json\" class=\"yoast-schema-graph\">{\"@context\":\"https:\/\/schema.org\",\"@graph\":[{\"@type\":\"WebPage\",\"@id\":\"https:\/\/aquaforest.eu\/pt\/products\/seawater-pt\/foods-and-supplementation-pt\/af-calanidae-clip\/\",\"url\":\"https:\/\/aquaforest.eu\/pt\/products\/seawater-pt\/foods-and-supplementation-pt\/af-calanidae-clip\/\",\"name\":\"AF Calanidae Clip - Aquaforest\",\"isPartOf\":{\"@id\":\"https:\/\/aquaforest.eu\/pt\/#website\"},\"primaryImageOfPage\":{\"@id\":\"https:\/\/aquaforest.eu\/pt\/products\/seawater-pt\/foods-and-supplementation-pt\/af-calanidae-clip\/#primaryimage\"},\"image\":{\"@id\":\"https:\/\/aquaforest.eu\/pt\/products\/seawater-pt\/foods-and-supplementation-pt\/af-calanidae-clip\/#primaryimage\"},\"thumbnailUrl\":\"https:\/\/aquaforest.eu\/wp-content\/uploads\/2024\/06\/AF-Calanidae-Clip.png\",\"datePublished\":\"2024-06-26T00:18:21+00:00\",\"dateModified\":\"2025-07-14T09:39:07+00:00\",\"description\":\"AF Calanidae Clip: Innovative clip for attaching calanoid food to the aquarium. Unique formula for easy feeding and healthy growth of fish.\",\"breadcrumb\":{\"@id\":\"https:\/\/aquaforest.eu\/pt\/products\/seawater-pt\/foods-and-supplementation-pt\/af-calanidae-clip\/#breadcrumb\"},\"inLanguage\":\"pt-PT\",\"potentialAction\":[{\"@type\":\"ReadAction\",\"target\":[\"https:\/\/aquaforest.eu\/pt\/products\/seawater-pt\/foods-and-supplementation-pt\/af-calanidae-clip\/\"]}]},{\"@type\":\"ImageObject\",\"inLanguage\":\"pt-PT\",\"@id\":\"https:\/\/aquaforest.eu\/pt\/products\/seawater-pt\/foods-and-supplementation-pt\/af-calanidae-clip\/#primaryimage\",\"url\":\"https:\/\/aquaforest.eu\/wp-content\/uploads\/2024\/06\/AF-Calanidae-Clip.png\",\"contentUrl\":\"https:\/\/aquaforest.eu\/wp-content\/uploads\/2024\/06\/AF-Calanidae-Clip.png\",\"width\":462,\"height\":600},{\"@type\":\"BreadcrumbList\",\"@id\":\"https:\/\/aquaforest.eu\/pt\/products\/seawater-pt\/foods-and-supplementation-pt\/af-calanidae-clip\/#breadcrumb\",\"itemListElement\":[{\"@type\":\"ListItem\",\"position\":1,\"name\":\"Home\",\"item\":\"https:\/\/aquaforest.eu\/pt\/\"},{\"@type\":\"ListItem\",\"position\":2,\"name\":\"Produtos\",\"item\":\"https:\/\/aquaforest.eu\/pt\/produtos\/\"},{\"@type\":\"ListItem\",\"position\":3,\"name\":\"AF Calanidae Clip\"}]},{\"@type\":\"WebSite\",\"@id\":\"https:\/\/aquaforest.eu\/pt\/#website\",\"url\":\"https:\/\/aquaforest.eu\/pt\/\",\"name\":\"Aquaforest\",\"description\":\"\",\"publisher\":{\"@id\":\"https:\/\/aquaforest.eu\/pt\/#organization\"},\"potentialAction\":[{\"@type\":\"SearchAction\",\"target\":{\"@type\":\"EntryPoint\",\"urlTemplate\":\"https:\/\/aquaforest.eu\/pt\/?s={search_term_string}\"},\"query-input\":{\"@type\":\"PropertyValueSpecification\",\"valueRequired\":true,\"valueName\":\"search_term_string\"}}],\"inLanguage\":\"pt-PT\"},{\"@type\":\"Organization\",\"@id\":\"https:\/\/aquaforest.eu\/pt\/#organization\",\"name\":\"Aquaforest\",\"url\":\"https:\/\/aquaforest.eu\/pt\/\",\"logo\":{\"@type\":\"ImageObject\",\"inLanguage\":\"pt-PT\",\"@id\":\"https:\/\/aquaforest.eu\/pt\/#\/schema\/logo\/image\/\",\"url\":\"https:\/\/aquaforest.eu\/wp-content\/uploads\/2024\/05\/logotyp-aquaforest.svg\",\"contentUrl\":\"https:\/\/aquaforest.eu\/wp-content\/uploads\/2024\/05\/logotyp-aquaforest.svg\",\"width\":170,\"height\":22,\"caption\":\"Aquaforest\"},\"image\":{\"@id\":\"https:\/\/aquaforest.eu\/pt\/#\/schema\/logo\/image\/\"},\"sameAs\":[\"https:\/\/www.facebook.com\/Aquaforest\/\",\"https:\/\/www.instagram.com\/aquaforest.eu\/\"]}]}<\/script>\n<!-- \/ Yoast SEO plugin. -->","yoast_head_json":{"title":"AF Calanidae Clip - Aquaforest","description":"AF Calanidae Clip: Innovative clip for attaching calanoid food to the aquarium. Unique formula for easy feeding and healthy growth of fish.","robots":{"index":"index","follow":"follow","max-snippet":"max-snippet:-1","max-image-preview":"max-image-preview:large","max-video-preview":"max-video-preview:-1"},"canonical":"https:\/\/aquaforest.eu\/pt\/products\/seawater-pt\/foods-and-supplementation-pt\/af-calanidae-clip\/","og_locale":"pt_PT","og_type":"article","og_title":"AF Calanidae Clip - Aquaforest","og_description":"AF Calanidae Clip: Innovative clip for attaching calanoid food to the aquarium. Unique formula for easy feeding and healthy growth of fish.","og_url":"https:\/\/aquaforest.eu\/pt\/products\/seawater-pt\/foods-and-supplementation-pt\/af-calanidae-clip\/","og_site_name":"Aquaforest","article_publisher":"https:\/\/www.facebook.com\/Aquaforest\/","article_modified_time":"2025-07-14T09:39:07+00:00","og_image":[{"width":462,"height":600,"url":"https:\/\/aquaforest.eu\/wp-content\/uploads\/2024\/06\/AF-Calanidae-Clip.png","type":"image\/png"}],"twitter_card":"summary_large_image","twitter_misc":{"Tempo estimado de leitura":"2 minutos"},"schema":{"@context":"https:\/\/schema.org","@graph":[{"@type":"WebPage","@id":"https:\/\/aquaforest.eu\/pt\/products\/seawater-pt\/foods-and-supplementation-pt\/af-calanidae-clip\/","url":"https:\/\/aquaforest.eu\/pt\/products\/seawater-pt\/foods-and-supplementation-pt\/af-calanidae-clip\/","name":"AF Calanidae Clip - Aquaforest","isPartOf":{"@id":"https:\/\/aquaforest.eu\/pt\/#website"},"primaryImageOfPage":{"@id":"https:\/\/aquaforest.eu\/pt\/products\/seawater-pt\/foods-and-supplementation-pt\/af-calanidae-clip\/#primaryimage"},"image":{"@id":"https:\/\/aquaforest.eu\/pt\/products\/seawater-pt\/foods-and-supplementation-pt\/af-calanidae-clip\/#primaryimage"},"thumbnailUrl":"https:\/\/aquaforest.eu\/wp-content\/uploads\/2024\/06\/AF-Calanidae-Clip.png","datePublished":"2024-06-26T00:18:21+00:00","dateModified":"2025-07-14T09:39:07+00:00","description":"AF Calanidae Clip: Innovative clip for attaching calanoid food to the aquarium. Unique formula for easy feeding and healthy growth of fish.","breadcrumb":{"@id":"https:\/\/aquaforest.eu\/pt\/products\/seawater-pt\/foods-and-supplementation-pt\/af-calanidae-clip\/#breadcrumb"},"inLanguage":"pt-PT","potentialAction":[{"@type":"ReadAction","target":["https:\/\/aquaforest.eu\/pt\/products\/seawater-pt\/foods-and-supplementation-pt\/af-calanidae-clip\/"]}]},{"@type":"ImageObject","inLanguage":"pt-PT","@id":"https:\/\/aquaforest.eu\/pt\/products\/seawater-pt\/foods-and-supplementation-pt\/af-calanidae-clip\/#primaryimage","url":"https:\/\/aquaforest.eu\/wp-content\/uploads\/2024\/06\/AF-Calanidae-Clip.png","contentUrl":"https:\/\/aquaforest.eu\/wp-content\/uploads\/2024\/06\/AF-Calanidae-Clip.png","width":462,"height":600},{"@type":"BreadcrumbList","@id":"https:\/\/aquaforest.eu\/pt\/products\/seawater-pt\/foods-and-supplementation-pt\/af-calanidae-clip\/#breadcrumb","itemListElement":[{"@type":"ListItem","position":1,"name":"Home","item":"https:\/\/aquaforest.eu\/pt\/"},{"@type":"ListItem","position":2,"name":"Produtos","item":"https:\/\/aquaforest.eu\/pt\/produtos\/"},{"@type":"ListItem","position":3,"name":"AF Calanidae Clip"}]},{"@type":"WebSite","@id":"https:\/\/aquaforest.eu\/pt\/#website","url":"https:\/\/aquaforest.eu\/pt\/","name":"Aquaforest","description":"","publisher":{"@id":"https:\/\/aquaforest.eu\/pt\/#organization"},"potentialAction":[{"@type":"SearchAction","target":{"@type":"EntryPoint","urlTemplate":"https:\/\/aquaforest.eu\/pt\/?s={search_term_string}"},"query-input":{"@type":"PropertyValueSpecification","valueRequired":true,"valueName":"search_term_string"}}],"inLanguage":"pt-PT"},{"@type":"Organization","@id":"https:\/\/aquaforest.eu\/pt\/#organization","name":"Aquaforest","url":"https:\/\/aquaforest.eu\/pt\/","logo":{"@type":"ImageObject","inLanguage":"pt-PT","@id":"https:\/\/aquaforest.eu\/pt\/#\/schema\/logo\/image\/","url":"https:\/\/aquaforest.eu\/wp-content\/uploads\/2024\/05\/logotyp-aquaforest.svg","contentUrl":"https:\/\/aquaforest.eu\/wp-content\/uploads\/2024\/05\/logotyp-aquaforest.svg","width":170,"height":22,"caption":"Aquaforest"},"image":{"@id":"https:\/\/aquaforest.eu\/pt\/#\/schema\/logo\/image\/"},"sameAs":["https:\/\/www.facebook.com\/Aquaforest\/","https:\/\/www.instagram.com\/aquaforest.eu\/"]}]}},"_links":{"self":[{"href":"https:\/\/aquaforest.eu\/pt\/wp-json\/wp\/v2\/product\/23361","targetHints":{"allow":["GET"]}}],"collection":[{"href":"https:\/\/aquaforest.eu\/pt\/wp-json\/wp\/v2\/product"}],"about":[{"href":"https:\/\/aquaforest.eu\/pt\/wp-json\/wp\/v2\/types\/product"}],"version-history":[{"count":2,"href":"https:\/\/aquaforest.eu\/pt\/wp-json\/wp\/v2\/product\/23361\/revisions"}],"predecessor-version":[{"id":23658,"href":"https:\/\/aquaforest.eu\/pt\/wp-json\/wp\/v2\/product\/23361\/revisions\/23658"}],"wp:featuredmedia":[{"embeddable":true,"href":"https:\/\/aquaforest.eu\/pt\/wp-json\/wp\/v2\/media\/23362"}],"wp:attachment":[{"href":"https:\/\/aquaforest.eu\/pt\/wp-json\/wp\/v2\/media?parent=23361"}],"wp:term":[{"taxonomy":"product_brand","embeddable":true,"href":"https:\/\/aquaforest.eu\/pt\/wp-json\/wp\/v2\/product_brand?post=23361"},{"taxonomy":"product_cat","embeddable":true,"href":"https:\/\/aquaforest.eu\/pt\/wp-json\/wp\/v2\/product_cat?post=23361"},{"taxonomy":"product_tag","embeddable":true,"href":"https:\/\/aquaforest.eu\/pt\/wp-json\/wp\/v2\/product_tag?post=23361"}],"curies":[{"name":"wp","href":"https:\/\/api.w.org\/{rel}","templated":true}]}}