{"id":23377,"date":"2024-06-26T02:18:20","date_gmt":"2024-06-26T00:18:20","guid":{"rendered":"https:\/\/aquaforest.eu\/products\/sem%20categoria\/af-color-up\/"},"modified":"2025-07-14T11:43:12","modified_gmt":"2025-07-14T09:43:12","slug":"af-color-up","status":"publish","type":"product","link":"https:\/\/aquaforest.eu\/pt\/products\/seawater-pt\/foods-and-supplementation-pt\/af-color-up\/","title":{"rendered":"AF Color Up"},"content":{"rendered":"<p><span style=\"color: #000000;\">Ra\u00e7\u00e3o elaborada com ingredientes naturais, como peixes, moluscos, crust\u00e1ceos e produtos vegetais, resultando em alto teor de prote\u00ednas, \u00e1cidos graxos e vitaminas, que contribuem para o crescimento e imunidade dos peixes.<\/b><\/span><\/p>\n<p><span style=\"color: #000000;\">Com carotenoides naturais, a ra\u00e7\u00e3o estimula e mant\u00e9m a intensidade das cores dos peixes de aqu\u00e1rio, al\u00e9m de refor\u00e7ar a resist\u00eancia e promover o desenvolvimento saud\u00e1vel.<br \/>\n<\/span><\/p>\n<p><span style=\"color: #000000;\">O teor de fibras ajuda a regular a digest\u00e3o e fortalece o sistema digestivo.<br \/>\n<\/span><\/p>\n<p>&nbsp;<\/p>\n<p><strong>Tamanho do gr\u00e2nulo:<\/strong>3 mm<\/p>\n<p>&nbsp;<\/p>\n<hr \/>\n<p>&nbsp;<\/p>\n<p><span style=\"color: #000000;\"><b>Diferenciais do produto:<br \/>\n<\/b><\/span><\/p>\n<ul>\n<li><span style=\"color: #000000;\">Ra\u00e7\u00e3o seca em pellets para peixes ornamentais<br \/>\n<\/span><\/li>\n<li><span style=\"color: #000000;\">F\u00f3rmula com ingredientes naturais<\/span><\/li>\n<li><span style=\"color: #000000;\">Alto teor de prote\u00ednas, vitaminas e carotenoides para crescimento e colora\u00e7\u00e3o<br \/>\n<\/span><\/li>\n<li><span style=\"color: #000000;\">N\u00e3o se desintegra na \u00e1gua<\/span><\/li>\n<li><span style=\"color: #000000;\">Excelente fonte de prote\u00edna e \u00e1cidos graxos<\/span><\/li>\n<li><span style=\"color: #000000;\">Melhora a digest\u00e3o<\/span><\/li>\n<li><span style=\"color: #000000;\">Refor\u00e7a o sistema imunol\u00f3gico<\/span><\/li>\n<\/ul>\n<p>&nbsp;<\/p>\n<hr \/>\n<p>&nbsp;<\/p>\n<p>&nbsp;<\/p>\n<hr \/>\n<h4 data-fontsize=\"16\" data-lineheight=\"24px\"><\/h4>\n<h4 class=\"fusion-tab-heading fusion-responsive-typography-calculated\" data-fontsize=\"16\" data-lineheight=\"24px\"><span style=\"color: #000000;\">Ingredientes &amp; Dosagem<\/span><\/h4>\n<p><span style=\"color: #000000;\"><strong>Dosagem:<\/strong>Alimentar v\u00e1rias vezes ao dia em pequenas por\u00e7\u00f5es. Para melhor nutri\u00e7\u00e3o dos peixes, recomenda-se alternar o uso de AF Color Up com outras ra\u00e7\u00f5es da Aquaforest.<\/span><\/p>\n<p><span style=\"color: #000000;\"><strong>Ingredientes:<\/strong>\u00a0 Peixes e derivados, cereais, extratos vegetais proteicos, moluscos e crust\u00e1ceos, produtos de origem animal e vegetal (incluindo extrato de p\u00e1prica 4.200 mg\/kg \u2013 fonte de carotenoides), algas, leveduras, gordura bruta, minerais.<br \/>\n<\/span><\/p>\n<p><span style=\"color: #000000;\"><strong>Aditivos:<\/strong> Vit. A 21.000 UI\/kg, Vit. D3 1.250 UI\/kg, Vit. E 80 mg\/kg, Vit. C 3.000 mg\/kg, Ferro 21 mg\/kg, Zinco 6 mg\/kg, Mangan\u00eas 4,5 mg\/kg, Cobre 1,1 mg\/kg, Iodo 0,1 mg\/kg, Sel\u00eanio 0,1 mg\/kg, Molibd\u00eanio 0,03 mg\/kg. Antioxidantes.<\/span><\/p>\n<p><span style=\"color: #000000;\"><strong>Composi\u00e7\u00e3o anal\u00edtica:<\/strong>\u00a0Prote\u00edna bruta 46,0%, gordura bruta 6,0%, fibra bruta 2,5%, umidade 8,0%, extrato mineral 8,5%, f\u00f3sforo 0,8%.<\/span><\/p>\n","protected":false},"excerpt":{"rendered":"<p>Ra\u00e7\u00e3o que intensifica a colora\u00e7\u00e3o dos peixes. Cont\u00e9m carotenoides naturais, estimula e mant\u00e9m a intensidade das cores.<\/p>\n","protected":false},"featured_media":23378,"template":"","meta":{"_acf_changed":false,"content-type":""},"product_brand":[],"product_cat":[1668],"product_tag":[1671,1669,1652,1653],"class_list":{"0":"post-23377","1":"product","2":"type-product","3":"status-publish","4":"has-post-thumbnail","6":"product_cat-foods-and-supplementation-pt","7":"product_tag-aquaforest-pt","8":"product_tag-foods-and-supplementation-pt","9":"product_tag-seawater-aquatic-pt","10":"product_tag-simple-pt","12":"first","13":"instock","14":"taxable","15":"shipping-taxable","16":"purchasable","17":"product-type-simple"},"acf":[],"yoast_head":"<!-- This site is optimized with the Yoast SEO plugin v27.1.1 - https:\/\/yoast.com\/product\/yoast-seo-wordpress\/ -->\n<title>AF Color Up - Aquaforest<\/title>\n<meta name=\"description\" content=\"AF Color Up: Supplement to enhance the color of fish, enriched with natural pigments and vitamins. Unique formula for intense and healthy colors.\" \/>\n<meta name=\"robots\" content=\"index, follow, max-snippet:-1, max-image-preview:large, max-video-preview:-1\" \/>\n<link rel=\"canonical\" href=\"https:\/\/aquaforest.eu\/pt\/products\/seawater-pt\/foods-and-supplementation-pt\/af-color-up\/\" \/>\n<meta property=\"og:locale\" content=\"pt_PT\" \/>\n<meta property=\"og:type\" content=\"article\" \/>\n<meta property=\"og:title\" content=\"AF Color Up - Aquaforest\" \/>\n<meta property=\"og:description\" content=\"AF Color Up: Supplement to enhance the color of fish, enriched with natural pigments and vitamins. Unique formula for intense and healthy colors.\" \/>\n<meta property=\"og:url\" content=\"https:\/\/aquaforest.eu\/pt\/products\/seawater-pt\/foods-and-supplementation-pt\/af-color-up\/\" \/>\n<meta property=\"og:site_name\" content=\"Aquaforest\" \/>\n<meta property=\"article:publisher\" content=\"https:\/\/www.facebook.com\/Aquaforest\/\" \/>\n<meta property=\"article:modified_time\" content=\"2025-07-14T09:43:12+00:00\" \/>\n<meta property=\"og:image\" content=\"https:\/\/aquaforest.eu\/wp-content\/uploads\/2024\/06\/AF-Color-Up.png\" \/>\n\t<meta property=\"og:image:width\" content=\"469\" \/>\n\t<meta property=\"og:image:height\" content=\"600\" \/>\n\t<meta property=\"og:image:type\" content=\"image\/png\" \/>\n<meta name=\"twitter:card\" content=\"summary_large_image\" \/>\n<meta name=\"twitter:label1\" content=\"Tempo estimado de leitura\" \/>\n\t<meta name=\"twitter:data1\" content=\"2 minutos\" \/>\n<script type=\"application\/ld+json\" class=\"yoast-schema-graph\">{\"@context\":\"https:\/\/schema.org\",\"@graph\":[{\"@type\":\"WebPage\",\"@id\":\"https:\/\/aquaforest.eu\/pt\/products\/seawater-pt\/foods-and-supplementation-pt\/af-color-up\/\",\"url\":\"https:\/\/aquaforest.eu\/pt\/products\/seawater-pt\/foods-and-supplementation-pt\/af-color-up\/\",\"name\":\"AF Color Up - Aquaforest\",\"isPartOf\":{\"@id\":\"https:\/\/aquaforest.eu\/pt\/#website\"},\"primaryImageOfPage\":{\"@id\":\"https:\/\/aquaforest.eu\/pt\/products\/seawater-pt\/foods-and-supplementation-pt\/af-color-up\/#primaryimage\"},\"image\":{\"@id\":\"https:\/\/aquaforest.eu\/pt\/products\/seawater-pt\/foods-and-supplementation-pt\/af-color-up\/#primaryimage\"},\"thumbnailUrl\":\"https:\/\/aquaforest.eu\/wp-content\/uploads\/2024\/06\/AF-Color-Up.png\",\"datePublished\":\"2024-06-26T00:18:20+00:00\",\"dateModified\":\"2025-07-14T09:43:12+00:00\",\"description\":\"AF Color Up: Supplement to enhance the color of fish, enriched with natural pigments and vitamins. Unique formula for intense and healthy colors.\",\"breadcrumb\":{\"@id\":\"https:\/\/aquaforest.eu\/pt\/products\/seawater-pt\/foods-and-supplementation-pt\/af-color-up\/#breadcrumb\"},\"inLanguage\":\"pt-PT\",\"potentialAction\":[{\"@type\":\"ReadAction\",\"target\":[\"https:\/\/aquaforest.eu\/pt\/products\/seawater-pt\/foods-and-supplementation-pt\/af-color-up\/\"]}]},{\"@type\":\"ImageObject\",\"inLanguage\":\"pt-PT\",\"@id\":\"https:\/\/aquaforest.eu\/pt\/products\/seawater-pt\/foods-and-supplementation-pt\/af-color-up\/#primaryimage\",\"url\":\"https:\/\/aquaforest.eu\/wp-content\/uploads\/2024\/06\/AF-Color-Up.png\",\"contentUrl\":\"https:\/\/aquaforest.eu\/wp-content\/uploads\/2024\/06\/AF-Color-Up.png\",\"width\":469,\"height\":600},{\"@type\":\"BreadcrumbList\",\"@id\":\"https:\/\/aquaforest.eu\/pt\/products\/seawater-pt\/foods-and-supplementation-pt\/af-color-up\/#breadcrumb\",\"itemListElement\":[{\"@type\":\"ListItem\",\"position\":1,\"name\":\"Home\",\"item\":\"https:\/\/aquaforest.eu\/pt\/\"},{\"@type\":\"ListItem\",\"position\":2,\"name\":\"Produtos\",\"item\":\"https:\/\/aquaforest.eu\/pt\/produtos\/\"},{\"@type\":\"ListItem\",\"position\":3,\"name\":\"AF Color Up\"}]},{\"@type\":\"WebSite\",\"@id\":\"https:\/\/aquaforest.eu\/pt\/#website\",\"url\":\"https:\/\/aquaforest.eu\/pt\/\",\"name\":\"Aquaforest\",\"description\":\"\",\"publisher\":{\"@id\":\"https:\/\/aquaforest.eu\/pt\/#organization\"},\"potentialAction\":[{\"@type\":\"SearchAction\",\"target\":{\"@type\":\"EntryPoint\",\"urlTemplate\":\"https:\/\/aquaforest.eu\/pt\/?s={search_term_string}\"},\"query-input\":{\"@type\":\"PropertyValueSpecification\",\"valueRequired\":true,\"valueName\":\"search_term_string\"}}],\"inLanguage\":\"pt-PT\"},{\"@type\":\"Organization\",\"@id\":\"https:\/\/aquaforest.eu\/pt\/#organization\",\"name\":\"Aquaforest\",\"url\":\"https:\/\/aquaforest.eu\/pt\/\",\"logo\":{\"@type\":\"ImageObject\",\"inLanguage\":\"pt-PT\",\"@id\":\"https:\/\/aquaforest.eu\/pt\/#\/schema\/logo\/image\/\",\"url\":\"https:\/\/aquaforest.eu\/wp-content\/uploads\/2024\/05\/logotyp-aquaforest.svg\",\"contentUrl\":\"https:\/\/aquaforest.eu\/wp-content\/uploads\/2024\/05\/logotyp-aquaforest.svg\",\"width\":170,\"height\":22,\"caption\":\"Aquaforest\"},\"image\":{\"@id\":\"https:\/\/aquaforest.eu\/pt\/#\/schema\/logo\/image\/\"},\"sameAs\":[\"https:\/\/www.facebook.com\/Aquaforest\/\",\"https:\/\/www.instagram.com\/aquaforest.eu\/\"]}]}<\/script>\n<!-- \/ Yoast SEO plugin. -->","yoast_head_json":{"title":"AF Color Up - Aquaforest","description":"AF Color Up: Supplement to enhance the color of fish, enriched with natural pigments and vitamins. Unique formula for intense and healthy colors.","robots":{"index":"index","follow":"follow","max-snippet":"max-snippet:-1","max-image-preview":"max-image-preview:large","max-video-preview":"max-video-preview:-1"},"canonical":"https:\/\/aquaforest.eu\/pt\/products\/seawater-pt\/foods-and-supplementation-pt\/af-color-up\/","og_locale":"pt_PT","og_type":"article","og_title":"AF Color Up - Aquaforest","og_description":"AF Color Up: Supplement to enhance the color of fish, enriched with natural pigments and vitamins. Unique formula for intense and healthy colors.","og_url":"https:\/\/aquaforest.eu\/pt\/products\/seawater-pt\/foods-and-supplementation-pt\/af-color-up\/","og_site_name":"Aquaforest","article_publisher":"https:\/\/www.facebook.com\/Aquaforest\/","article_modified_time":"2025-07-14T09:43:12+00:00","og_image":[{"width":469,"height":600,"url":"https:\/\/aquaforest.eu\/wp-content\/uploads\/2024\/06\/AF-Color-Up.png","type":"image\/png"}],"twitter_card":"summary_large_image","twitter_misc":{"Tempo estimado de leitura":"2 minutos"},"schema":{"@context":"https:\/\/schema.org","@graph":[{"@type":"WebPage","@id":"https:\/\/aquaforest.eu\/pt\/products\/seawater-pt\/foods-and-supplementation-pt\/af-color-up\/","url":"https:\/\/aquaforest.eu\/pt\/products\/seawater-pt\/foods-and-supplementation-pt\/af-color-up\/","name":"AF Color Up - Aquaforest","isPartOf":{"@id":"https:\/\/aquaforest.eu\/pt\/#website"},"primaryImageOfPage":{"@id":"https:\/\/aquaforest.eu\/pt\/products\/seawater-pt\/foods-and-supplementation-pt\/af-color-up\/#primaryimage"},"image":{"@id":"https:\/\/aquaforest.eu\/pt\/products\/seawater-pt\/foods-and-supplementation-pt\/af-color-up\/#primaryimage"},"thumbnailUrl":"https:\/\/aquaforest.eu\/wp-content\/uploads\/2024\/06\/AF-Color-Up.png","datePublished":"2024-06-26T00:18:20+00:00","dateModified":"2025-07-14T09:43:12+00:00","description":"AF Color Up: Supplement to enhance the color of fish, enriched with natural pigments and vitamins. Unique formula for intense and healthy colors.","breadcrumb":{"@id":"https:\/\/aquaforest.eu\/pt\/products\/seawater-pt\/foods-and-supplementation-pt\/af-color-up\/#breadcrumb"},"inLanguage":"pt-PT","potentialAction":[{"@type":"ReadAction","target":["https:\/\/aquaforest.eu\/pt\/products\/seawater-pt\/foods-and-supplementation-pt\/af-color-up\/"]}]},{"@type":"ImageObject","inLanguage":"pt-PT","@id":"https:\/\/aquaforest.eu\/pt\/products\/seawater-pt\/foods-and-supplementation-pt\/af-color-up\/#primaryimage","url":"https:\/\/aquaforest.eu\/wp-content\/uploads\/2024\/06\/AF-Color-Up.png","contentUrl":"https:\/\/aquaforest.eu\/wp-content\/uploads\/2024\/06\/AF-Color-Up.png","width":469,"height":600},{"@type":"BreadcrumbList","@id":"https:\/\/aquaforest.eu\/pt\/products\/seawater-pt\/foods-and-supplementation-pt\/af-color-up\/#breadcrumb","itemListElement":[{"@type":"ListItem","position":1,"name":"Home","item":"https:\/\/aquaforest.eu\/pt\/"},{"@type":"ListItem","position":2,"name":"Produtos","item":"https:\/\/aquaforest.eu\/pt\/produtos\/"},{"@type":"ListItem","position":3,"name":"AF Color Up"}]},{"@type":"WebSite","@id":"https:\/\/aquaforest.eu\/pt\/#website","url":"https:\/\/aquaforest.eu\/pt\/","name":"Aquaforest","description":"","publisher":{"@id":"https:\/\/aquaforest.eu\/pt\/#organization"},"potentialAction":[{"@type":"SearchAction","target":{"@type":"EntryPoint","urlTemplate":"https:\/\/aquaforest.eu\/pt\/?s={search_term_string}"},"query-input":{"@type":"PropertyValueSpecification","valueRequired":true,"valueName":"search_term_string"}}],"inLanguage":"pt-PT"},{"@type":"Organization","@id":"https:\/\/aquaforest.eu\/pt\/#organization","name":"Aquaforest","url":"https:\/\/aquaforest.eu\/pt\/","logo":{"@type":"ImageObject","inLanguage":"pt-PT","@id":"https:\/\/aquaforest.eu\/pt\/#\/schema\/logo\/image\/","url":"https:\/\/aquaforest.eu\/wp-content\/uploads\/2024\/05\/logotyp-aquaforest.svg","contentUrl":"https:\/\/aquaforest.eu\/wp-content\/uploads\/2024\/05\/logotyp-aquaforest.svg","width":170,"height":22,"caption":"Aquaforest"},"image":{"@id":"https:\/\/aquaforest.eu\/pt\/#\/schema\/logo\/image\/"},"sameAs":["https:\/\/www.facebook.com\/Aquaforest\/","https:\/\/www.instagram.com\/aquaforest.eu\/"]}]}},"_links":{"self":[{"href":"https:\/\/aquaforest.eu\/pt\/wp-json\/wp\/v2\/product\/23377","targetHints":{"allow":["GET"]}}],"collection":[{"href":"https:\/\/aquaforest.eu\/pt\/wp-json\/wp\/v2\/product"}],"about":[{"href":"https:\/\/aquaforest.eu\/pt\/wp-json\/wp\/v2\/types\/product"}],"version-history":[{"count":1,"href":"https:\/\/aquaforest.eu\/pt\/wp-json\/wp\/v2\/product\/23377\/revisions"}],"predecessor-version":[{"id":23669,"href":"https:\/\/aquaforest.eu\/pt\/wp-json\/wp\/v2\/product\/23377\/revisions\/23669"}],"wp:featuredmedia":[{"embeddable":true,"href":"https:\/\/aquaforest.eu\/pt\/wp-json\/wp\/v2\/media\/23378"}],"wp:attachment":[{"href":"https:\/\/aquaforest.eu\/pt\/wp-json\/wp\/v2\/media?parent=23377"}],"wp:term":[{"taxonomy":"product_brand","embeddable":true,"href":"https:\/\/aquaforest.eu\/pt\/wp-json\/wp\/v2\/product_brand?post=23377"},{"taxonomy":"product_cat","embeddable":true,"href":"https:\/\/aquaforest.eu\/pt\/wp-json\/wp\/v2\/product_cat?post=23377"},{"taxonomy":"product_tag","embeddable":true,"href":"https:\/\/aquaforest.eu\/pt\/wp-json\/wp\/v2\/product_tag?post=23377"}],"curies":[{"name":"wp","href":"https:\/\/api.w.org\/{rel}","templated":true}]}}