{"id":23385,"date":"2024-06-26T02:18:18","date_gmt":"2024-06-26T00:18:18","guid":{"rendered":"https:\/\/aquaforest.eu\/products\/sem%20categoria\/af-phyto-mix\/"},"modified":"2025-07-14T13:19:12","modified_gmt":"2025-07-14T11:19:12","slug":"af-phyto-mix","status":"publish","type":"product","link":"https:\/\/aquaforest.eu\/pt\/products\/seawater-pt\/foods-and-supplementation-pt\/af-phyto-mix\/","title":{"rendered":"AF Phyto Mix"},"content":{"rendered":"<h3 class=\"fusion-responsive-typography-calculated\" data-fontsize=\"22\" data-lineheight=\"27.5px\"><span style=\"color: #000000;\">Alimento l\u00edquido ideal para corais moles e gorg\u00f4nias.<\/span><\/h3>\n<p><span style=\"color: #000000;\">Alimento l\u00edquido desenvolvido especialmente para corais moles, gorg\u00f4nias e corais n\u00e3o fotossint\u00e9ticos. Gra\u00e7as ao equil\u00edbrio perfeito entre fitopl\u00e2ncton e zoopl\u00e2ncton, a f\u00f3rmula fornece aos corais todos os nutrientes essenciais, como prote\u00ednas, gorduras e carboidratos.<br \/>\n<\/span><\/p>\n<p>&nbsp;<\/p>\n<hr \/>\n<h3 data-fontsize=\"22\" data-lineheight=\"27.5px\"><\/h3>\n<h3 class=\"fusion-responsive-typography-calculated\" data-fontsize=\"22\" data-lineheight=\"27.5px\"><span style=\"color: #000000;\">Garante crescimento saud\u00e1vel e colora\u00e7\u00e3o vibrante dos corais.<\/span><\/h3>\n<p><span style=\"color: #000000;\">Para satisfazer todas as necessidades nutricionais, o AF Phyto Mix cont\u00e9m aditivos de origem animal de alt\u00edssima qualidade. A f\u00f3rmula foi enriquecida com moluscos ricos em prote\u00ednas altamente assimil\u00e1veis. Devido ao excelente equil\u00edbrio nutricional, o AF Phyto Mix tamb\u00e9m \u00e9 bem aceito por peixes pequenos como anthias e pode ser absorvido da \u00e1gua por corais LPS. O uso regular garante crescimento saud\u00e1vel, intenso e excelente colora\u00e7\u00e3o nos corais.<br \/>\n<\/span><\/p>\n<p>&nbsp;<\/p>\n<hr \/>\n<h3 data-fontsize=\"22\" data-lineheight=\"27.5px\"><\/h3>\n<h3 class=\"fusion-responsive-typography-calculated\" data-fontsize=\"22\" data-lineheight=\"27.5px\"><span style=\"color: #000000;\">Equil\u00edbrio nutricional perfeito.<\/span><\/h3>\n<p><span style=\"color: #000000;\"><strong>Dosagem:<\/strong>\u00a010 gotas para cada 100 litros (27 gal\u00f5es americanos) de \u00e1gua em dias alternados, para aqu\u00e1rios com carga m\u00e9dia de corais. N\u00e3o diluir. N\u00e3o misturar com outros produtos no mesmo recipiente. Ap\u00f3s aberto, conservar na geladeira. Todos os suplementos possuem dose recomendada, mas cada aqu\u00e1rio \u00e9 \u00fanico e a dosagem pode variar. Recomendamos iniciar com metade (ou at\u00e9 \u00bc) da dose e observar a rea\u00e7\u00e3o dos corais. Se n\u00e3o houver sinais de excesso, aumentar gradualmente. Para melhor absor\u00e7\u00e3o, SPS e LPS devem ser alimentados ap\u00f3s o desligamento da luz. Corais como Zoanthus, Ricordea e outros moles devem ser alimentados durante o dia. Para melhor absor\u00e7\u00e3o, aplique os suplementos diretamente no aqu\u00e1rio. Durante a alimenta\u00e7\u00e3o, recomenda-se desligar o skimmer por cerca de uma hora. N\u00e3o aperte demais a tampa para evitar danos.<\/span><\/p>\n","protected":false},"excerpt":{"rendered":"<p>Mistura de fitopl\u00e2ncton de alta qualidade, dedicada principalmente a corais moles, gorg\u00f4nias e corais n\u00e3o fotossint\u00e9ticos.<\/p>\n","protected":false},"featured_media":23386,"template":"","meta":{"_acf_changed":false,"content-type":""},"product_brand":[],"product_cat":[1668],"product_tag":[1671,1669,1652,1653],"class_list":{"0":"post-23385","1":"product","2":"type-product","3":"status-publish","4":"has-post-thumbnail","6":"product_cat-foods-and-supplementation-pt","7":"product_tag-aquaforest-pt","8":"product_tag-foods-and-supplementation-pt","9":"product_tag-seawater-aquatic-pt","10":"product_tag-simple-pt","12":"first","13":"instock","14":"taxable","15":"shipping-taxable","16":"purchasable","17":"product-type-simple"},"acf":[],"yoast_head":"<!-- This site is optimized with the Yoast SEO plugin v27.1.1 - https:\/\/yoast.com\/product\/yoast-seo-wordpress\/ -->\n<title>AF Phyto Mix - Aquaforest<\/title>\n<meta name=\"description\" content=\"AF Phyto Mix: a mixture of high-quality phytoplankton for corals and invertebrates. Reliable formula supporting health, growth and intense colors.\" \/>\n<meta name=\"robots\" content=\"index, follow, max-snippet:-1, max-image-preview:large, max-video-preview:-1\" \/>\n<link rel=\"canonical\" href=\"https:\/\/aquaforest.eu\/pt\/products\/seawater-pt\/foods-and-supplementation-pt\/af-phyto-mix\/\" \/>\n<meta property=\"og:locale\" content=\"pt_PT\" \/>\n<meta property=\"og:type\" content=\"article\" \/>\n<meta property=\"og:title\" content=\"AF Phyto Mix - Aquaforest\" \/>\n<meta property=\"og:description\" content=\"AF Phyto Mix: a mixture of high-quality phytoplankton for corals and invertebrates. Reliable formula supporting health, growth and intense colors.\" \/>\n<meta property=\"og:url\" content=\"https:\/\/aquaforest.eu\/pt\/products\/seawater-pt\/foods-and-supplementation-pt\/af-phyto-mix\/\" \/>\n<meta property=\"og:site_name\" content=\"Aquaforest\" \/>\n<meta property=\"article:publisher\" content=\"https:\/\/www.facebook.com\/Aquaforest\/\" \/>\n<meta property=\"article:modified_time\" content=\"2025-07-14T11:19:12+00:00\" \/>\n<meta property=\"og:image\" content=\"https:\/\/aquaforest.eu\/wp-content\/uploads\/2024\/06\/AF-Phyto-MIx.png\" \/>\n\t<meta property=\"og:image:width\" content=\"262\" \/>\n\t<meta property=\"og:image:height\" content=\"600\" \/>\n\t<meta property=\"og:image:type\" content=\"image\/png\" \/>\n<meta name=\"twitter:card\" content=\"summary_large_image\" \/>\n<meta name=\"twitter:label1\" content=\"Tempo estimado de leitura\" \/>\n\t<meta name=\"twitter:data1\" content=\"2 minutos\" \/>\n<script type=\"application\/ld+json\" class=\"yoast-schema-graph\">{\"@context\":\"https:\/\/schema.org\",\"@graph\":[{\"@type\":\"WebPage\",\"@id\":\"https:\/\/aquaforest.eu\/pt\/products\/seawater-pt\/foods-and-supplementation-pt\/af-phyto-mix\/\",\"url\":\"https:\/\/aquaforest.eu\/pt\/products\/seawater-pt\/foods-and-supplementation-pt\/af-phyto-mix\/\",\"name\":\"AF Phyto Mix - Aquaforest\",\"isPartOf\":{\"@id\":\"https:\/\/aquaforest.eu\/pt\/#website\"},\"primaryImageOfPage\":{\"@id\":\"https:\/\/aquaforest.eu\/pt\/products\/seawater-pt\/foods-and-supplementation-pt\/af-phyto-mix\/#primaryimage\"},\"image\":{\"@id\":\"https:\/\/aquaforest.eu\/pt\/products\/seawater-pt\/foods-and-supplementation-pt\/af-phyto-mix\/#primaryimage\"},\"thumbnailUrl\":\"https:\/\/aquaforest.eu\/wp-content\/uploads\/2024\/06\/AF-Phyto-MIx.png\",\"datePublished\":\"2024-06-26T00:18:18+00:00\",\"dateModified\":\"2025-07-14T11:19:12+00:00\",\"description\":\"AF Phyto Mix: a mixture of high-quality phytoplankton for corals and invertebrates. Reliable formula supporting health, growth and intense colors.\",\"breadcrumb\":{\"@id\":\"https:\/\/aquaforest.eu\/pt\/products\/seawater-pt\/foods-and-supplementation-pt\/af-phyto-mix\/#breadcrumb\"},\"inLanguage\":\"pt-PT\",\"potentialAction\":[{\"@type\":\"ReadAction\",\"target\":[\"https:\/\/aquaforest.eu\/pt\/products\/seawater-pt\/foods-and-supplementation-pt\/af-phyto-mix\/\"]}]},{\"@type\":\"ImageObject\",\"inLanguage\":\"pt-PT\",\"@id\":\"https:\/\/aquaforest.eu\/pt\/products\/seawater-pt\/foods-and-supplementation-pt\/af-phyto-mix\/#primaryimage\",\"url\":\"https:\/\/aquaforest.eu\/wp-content\/uploads\/2024\/06\/AF-Phyto-MIx.png\",\"contentUrl\":\"https:\/\/aquaforest.eu\/wp-content\/uploads\/2024\/06\/AF-Phyto-MIx.png\",\"width\":262,\"height\":600},{\"@type\":\"BreadcrumbList\",\"@id\":\"https:\/\/aquaforest.eu\/pt\/products\/seawater-pt\/foods-and-supplementation-pt\/af-phyto-mix\/#breadcrumb\",\"itemListElement\":[{\"@type\":\"ListItem\",\"position\":1,\"name\":\"Home\",\"item\":\"https:\/\/aquaforest.eu\/pt\/\"},{\"@type\":\"ListItem\",\"position\":2,\"name\":\"Produtos\",\"item\":\"https:\/\/aquaforest.eu\/pt\/produtos\/\"},{\"@type\":\"ListItem\",\"position\":3,\"name\":\"AF Phyto Mix\"}]},{\"@type\":\"WebSite\",\"@id\":\"https:\/\/aquaforest.eu\/pt\/#website\",\"url\":\"https:\/\/aquaforest.eu\/pt\/\",\"name\":\"Aquaforest\",\"description\":\"\",\"publisher\":{\"@id\":\"https:\/\/aquaforest.eu\/pt\/#organization\"},\"potentialAction\":[{\"@type\":\"SearchAction\",\"target\":{\"@type\":\"EntryPoint\",\"urlTemplate\":\"https:\/\/aquaforest.eu\/pt\/?s={search_term_string}\"},\"query-input\":{\"@type\":\"PropertyValueSpecification\",\"valueRequired\":true,\"valueName\":\"search_term_string\"}}],\"inLanguage\":\"pt-PT\"},{\"@type\":\"Organization\",\"@id\":\"https:\/\/aquaforest.eu\/pt\/#organization\",\"name\":\"Aquaforest\",\"url\":\"https:\/\/aquaforest.eu\/pt\/\",\"logo\":{\"@type\":\"ImageObject\",\"inLanguage\":\"pt-PT\",\"@id\":\"https:\/\/aquaforest.eu\/pt\/#\/schema\/logo\/image\/\",\"url\":\"https:\/\/aquaforest.eu\/wp-content\/uploads\/2024\/05\/logotyp-aquaforest.svg\",\"contentUrl\":\"https:\/\/aquaforest.eu\/wp-content\/uploads\/2024\/05\/logotyp-aquaforest.svg\",\"width\":170,\"height\":22,\"caption\":\"Aquaforest\"},\"image\":{\"@id\":\"https:\/\/aquaforest.eu\/pt\/#\/schema\/logo\/image\/\"},\"sameAs\":[\"https:\/\/www.facebook.com\/Aquaforest\/\",\"https:\/\/www.instagram.com\/aquaforest.eu\/\"]}]}<\/script>\n<!-- \/ Yoast SEO plugin. -->","yoast_head_json":{"title":"AF Phyto Mix - Aquaforest","description":"AF Phyto Mix: a mixture of high-quality phytoplankton for corals and invertebrates. Reliable formula supporting health, growth and intense colors.","robots":{"index":"index","follow":"follow","max-snippet":"max-snippet:-1","max-image-preview":"max-image-preview:large","max-video-preview":"max-video-preview:-1"},"canonical":"https:\/\/aquaforest.eu\/pt\/products\/seawater-pt\/foods-and-supplementation-pt\/af-phyto-mix\/","og_locale":"pt_PT","og_type":"article","og_title":"AF Phyto Mix - Aquaforest","og_description":"AF Phyto Mix: a mixture of high-quality phytoplankton for corals and invertebrates. Reliable formula supporting health, growth and intense colors.","og_url":"https:\/\/aquaforest.eu\/pt\/products\/seawater-pt\/foods-and-supplementation-pt\/af-phyto-mix\/","og_site_name":"Aquaforest","article_publisher":"https:\/\/www.facebook.com\/Aquaforest\/","article_modified_time":"2025-07-14T11:19:12+00:00","og_image":[{"width":262,"height":600,"url":"https:\/\/aquaforest.eu\/wp-content\/uploads\/2024\/06\/AF-Phyto-MIx.png","type":"image\/png"}],"twitter_card":"summary_large_image","twitter_misc":{"Tempo estimado de leitura":"2 minutos"},"schema":{"@context":"https:\/\/schema.org","@graph":[{"@type":"WebPage","@id":"https:\/\/aquaforest.eu\/pt\/products\/seawater-pt\/foods-and-supplementation-pt\/af-phyto-mix\/","url":"https:\/\/aquaforest.eu\/pt\/products\/seawater-pt\/foods-and-supplementation-pt\/af-phyto-mix\/","name":"AF Phyto Mix - Aquaforest","isPartOf":{"@id":"https:\/\/aquaforest.eu\/pt\/#website"},"primaryImageOfPage":{"@id":"https:\/\/aquaforest.eu\/pt\/products\/seawater-pt\/foods-and-supplementation-pt\/af-phyto-mix\/#primaryimage"},"image":{"@id":"https:\/\/aquaforest.eu\/pt\/products\/seawater-pt\/foods-and-supplementation-pt\/af-phyto-mix\/#primaryimage"},"thumbnailUrl":"https:\/\/aquaforest.eu\/wp-content\/uploads\/2024\/06\/AF-Phyto-MIx.png","datePublished":"2024-06-26T00:18:18+00:00","dateModified":"2025-07-14T11:19:12+00:00","description":"AF Phyto Mix: a mixture of high-quality phytoplankton for corals and invertebrates. Reliable formula supporting health, growth and intense colors.","breadcrumb":{"@id":"https:\/\/aquaforest.eu\/pt\/products\/seawater-pt\/foods-and-supplementation-pt\/af-phyto-mix\/#breadcrumb"},"inLanguage":"pt-PT","potentialAction":[{"@type":"ReadAction","target":["https:\/\/aquaforest.eu\/pt\/products\/seawater-pt\/foods-and-supplementation-pt\/af-phyto-mix\/"]}]},{"@type":"ImageObject","inLanguage":"pt-PT","@id":"https:\/\/aquaforest.eu\/pt\/products\/seawater-pt\/foods-and-supplementation-pt\/af-phyto-mix\/#primaryimage","url":"https:\/\/aquaforest.eu\/wp-content\/uploads\/2024\/06\/AF-Phyto-MIx.png","contentUrl":"https:\/\/aquaforest.eu\/wp-content\/uploads\/2024\/06\/AF-Phyto-MIx.png","width":262,"height":600},{"@type":"BreadcrumbList","@id":"https:\/\/aquaforest.eu\/pt\/products\/seawater-pt\/foods-and-supplementation-pt\/af-phyto-mix\/#breadcrumb","itemListElement":[{"@type":"ListItem","position":1,"name":"Home","item":"https:\/\/aquaforest.eu\/pt\/"},{"@type":"ListItem","position":2,"name":"Produtos","item":"https:\/\/aquaforest.eu\/pt\/produtos\/"},{"@type":"ListItem","position":3,"name":"AF Phyto Mix"}]},{"@type":"WebSite","@id":"https:\/\/aquaforest.eu\/pt\/#website","url":"https:\/\/aquaforest.eu\/pt\/","name":"Aquaforest","description":"","publisher":{"@id":"https:\/\/aquaforest.eu\/pt\/#organization"},"potentialAction":[{"@type":"SearchAction","target":{"@type":"EntryPoint","urlTemplate":"https:\/\/aquaforest.eu\/pt\/?s={search_term_string}"},"query-input":{"@type":"PropertyValueSpecification","valueRequired":true,"valueName":"search_term_string"}}],"inLanguage":"pt-PT"},{"@type":"Organization","@id":"https:\/\/aquaforest.eu\/pt\/#organization","name":"Aquaforest","url":"https:\/\/aquaforest.eu\/pt\/","logo":{"@type":"ImageObject","inLanguage":"pt-PT","@id":"https:\/\/aquaforest.eu\/pt\/#\/schema\/logo\/image\/","url":"https:\/\/aquaforest.eu\/wp-content\/uploads\/2024\/05\/logotyp-aquaforest.svg","contentUrl":"https:\/\/aquaforest.eu\/wp-content\/uploads\/2024\/05\/logotyp-aquaforest.svg","width":170,"height":22,"caption":"Aquaforest"},"image":{"@id":"https:\/\/aquaforest.eu\/pt\/#\/schema\/logo\/image\/"},"sameAs":["https:\/\/www.facebook.com\/Aquaforest\/","https:\/\/www.instagram.com\/aquaforest.eu\/"]}]}},"_links":{"self":[{"href":"https:\/\/aquaforest.eu\/pt\/wp-json\/wp\/v2\/product\/23385","targetHints":{"allow":["GET"]}}],"collection":[{"href":"https:\/\/aquaforest.eu\/pt\/wp-json\/wp\/v2\/product"}],"about":[{"href":"https:\/\/aquaforest.eu\/pt\/wp-json\/wp\/v2\/types\/product"}],"version-history":[{"count":2,"href":"https:\/\/aquaforest.eu\/pt\/wp-json\/wp\/v2\/product\/23385\/revisions"}],"predecessor-version":[{"id":23826,"href":"https:\/\/aquaforest.eu\/pt\/wp-json\/wp\/v2\/product\/23385\/revisions\/23826"}],"wp:featuredmedia":[{"embeddable":true,"href":"https:\/\/aquaforest.eu\/pt\/wp-json\/wp\/v2\/media\/23386"}],"wp:attachment":[{"href":"https:\/\/aquaforest.eu\/pt\/wp-json\/wp\/v2\/media?parent=23385"}],"wp:term":[{"taxonomy":"product_brand","embeddable":true,"href":"https:\/\/aquaforest.eu\/pt\/wp-json\/wp\/v2\/product_brand?post=23385"},{"taxonomy":"product_cat","embeddable":true,"href":"https:\/\/aquaforest.eu\/pt\/wp-json\/wp\/v2\/product_cat?post=23385"},{"taxonomy":"product_tag","embeddable":true,"href":"https:\/\/aquaforest.eu\/pt\/wp-json\/wp\/v2\/product_tag?post=23385"}],"curies":[{"name":"wp","href":"https:\/\/api.w.org\/{rel}","templated":true}]}}