{"id":23389,"date":"2024-06-26T02:18:18","date_gmt":"2024-06-26T00:18:18","guid":{"rendered":"https:\/\/aquaforest.eu\/products\/sem%20categoria\/af-marine-mix-m\/"},"modified":"2025-07-14T12:47:51","modified_gmt":"2025-07-14T10:47:51","slug":"af-marine-mix-m","status":"publish","type":"product","link":"https:\/\/aquaforest.eu\/pt\/products\/seawater-pt\/foods-and-supplementation-pt\/af-marine-mix-m\/","title":{"rendered":"AF Marine Mix M"},"content":{"rendered":"<p><span style=\"color: #000000;\">Ra\u00e7\u00e3o granulada de alta qualidade recomendada para peixes ornamentais carn\u00edvoros, especialmente da esp\u00e9cie Amphiprion (peixe-palha\u00e7o). Particularmente rica em pequenos crust\u00e1ceos, fornece prote\u00edna animal de alta qualidade, essencial para a forma\u00e7\u00e3o de tecidos, especialmente m\u00fasculos e pele. Com alto teor de prote\u00ednas, vitaminas A, C, E, D3, ferro, iodo, cobre, mangan\u00eas e zinco, garante excelente sa\u00fade para seus peixes. Al\u00e9m disso, \u00e9 enriquecida com \u00f3leo de alabote, ideal para peixes que exigem grande quantidade de prote\u00edna. \u00c9 uma composi\u00e7\u00e3o equilibrada que une os benef\u00edcios dos alimentos vegetais e de origem animal, com efeito positivo sobre o sistema nervoso. Dispon\u00edvel nos tamanhos S e M para adequar ao tamanho dos peixes.<\/span><\/p>\n<p>&nbsp;<\/p>\n<p><strong>Tamanho do gr\u00e2nulo:<\/strong>2 mm<\/p>\n<p>&nbsp;<\/p>\n<hr \/>\n<p>&nbsp;<\/p>\n<p><span style=\"color: #000000;\"><strong>O que torna este produto \u00fanico:<br \/>\n<\/strong><\/span><\/p>\n<ul>\n<li><span style=\"color: #000000;\">Mistura de alimento para peixes carn\u00edvoros e on\u00edvoros<\/span><\/li>\n<li><span style=\"color: #000000;\">Gr\u00e2nulos macios e f\u00e1ceis de ingerir<\/span><\/li>\n<li><span style=\"color: #000000;\">Ingredientes naturais<\/span><\/li>\n<li><span style=\"color: #000000;\">Composi\u00e7\u00e3o balanceada<\/span><\/li>\n<li><span style=\"color: #000000;\">Alto teor de prote\u00edna<\/span><\/li>\n<li><span style=\"color: #000000;\">Enriquecido com vitaminas e minerais<\/span><\/li>\n<li><span style=\"color: #000000;\">Fortalece a vis\u00e3o e protege a pele<\/span><\/li>\n<li><span style=\"color: #000000;\">N\u00e3o se desfaz na \u00e1gua<\/span><\/li>\n<li><span style=\"color: #000000;\">Garante excelente condi\u00e7\u00e3o geral<\/span><\/li>\n<\/ul>\n<p><span style=\"color: #000000;\">Produto de uso exclusivo em aqu\u00e1rios. Armazenar em local seco e fresco. Manter fora do alcance de crian\u00e7as.<\/span><\/p>\n<p>&nbsp;<\/p>\n<hr \/>\n<h4 data-fontsize=\"16\" data-lineheight=\"24px\"><\/h4>\n<h4 class=\"fusion-tab-heading fusion-responsive-typography-calculated\" data-fontsize=\"16\" data-lineheight=\"24px\"><span style=\"color: #000000;\">Ingredientes &amp; Dosagem<\/span><\/h4>\n<p><span style=\"color: #000000;\"><strong>Dosagem:\u00a0\u00a0<\/strong>Alimentar v\u00e1rias vezes ao dia em pequenas por\u00e7\u00f5es. Para diversificar a dieta, recomenda-se alternar AF Marine Mix M com outras ra\u00e7\u00f5es da Aquaforest.<\/span><\/p>\n<p><span style=\"color: #000000;\"><strong>Ingredientes: <\/strong>produtos de peixe, cereais, \u00f3leo de peixe, lecitina, levedura, antioxidantes.<\/span><\/p>\n<p><span style=\"color: #000000;\"><strong>Aditivos:<\/strong>vit. A 8640 UI\/kg, vit. C 432 mg\/kg, vit. E 173 mg\/kg, vit. D3 503 UI\/kg, ferro 51.8 mg\/kg, iodo 4.3 mg\/kg, cobre 4.3 mg\/kg, mangan\u00eas 17.3 mg\/kg, zinco 51.8 mg\/kg.<br \/>\n<\/span><\/p>\n<p><span style=\"color: #000000;\"><strong>Composi\u00e7\u00e3o anal\u00edtica:<\/strong>\u00a0prote\u00edna bruta 38.8%, gordura bruta 10.8%, fibra bruta 0.22%, cinzas 7.3%, umidade 31.2%.<\/span><\/p>\n","protected":false},"excerpt":{"rendered":"<p>Mistura alimentar completa para peixes de m\u00e9dio porte. Particularmente rica em pequenos crust\u00e1ceos.<\/p>\n","protected":false},"featured_media":23390,"template":"","meta":{"_acf_changed":false,"content-type":""},"product_brand":[],"product_cat":[1668],"product_tag":[1671,1669,1652,1653],"class_list":{"0":"post-23389","1":"product","2":"type-product","3":"status-publish","4":"has-post-thumbnail","6":"product_cat-foods-and-supplementation-pt","7":"product_tag-aquaforest-pt","8":"product_tag-foods-and-supplementation-pt","9":"product_tag-seawater-aquatic-pt","10":"product_tag-simple-pt","12":"first","13":"instock","14":"taxable","15":"shipping-taxable","16":"purchasable","17":"product-type-simple"},"acf":[],"yoast_head":"<!-- This site is optimized with the Yoast SEO plugin v27.1.1 - https:\/\/yoast.com\/product\/yoast-seo-wordpress\/ -->\n<title>AF Marine Mix M - Aquaforest<\/title>\n<meta name=\"description\" content=\"AF Marine Mix M by Aquaforest: comprehensive food mixture for medium-sized marine fish. Unique formula supporting health, condition and intense colors.\" \/>\n<meta name=\"robots\" content=\"index, follow, max-snippet:-1, max-image-preview:large, max-video-preview:-1\" \/>\n<link rel=\"canonical\" href=\"https:\/\/aquaforest.eu\/pt\/products\/seawater-pt\/foods-and-supplementation-pt\/af-marine-mix-m\/\" \/>\n<meta property=\"og:locale\" content=\"pt_PT\" \/>\n<meta property=\"og:type\" content=\"article\" \/>\n<meta property=\"og:title\" content=\"AF Marine Mix M - Aquaforest\" \/>\n<meta property=\"og:description\" content=\"AF Marine Mix M by Aquaforest: comprehensive food mixture for medium-sized marine fish. Unique formula supporting health, condition and intense colors.\" \/>\n<meta property=\"og:url\" content=\"https:\/\/aquaforest.eu\/pt\/products\/seawater-pt\/foods-and-supplementation-pt\/af-marine-mix-m\/\" \/>\n<meta property=\"og:site_name\" content=\"Aquaforest\" \/>\n<meta property=\"article:publisher\" content=\"https:\/\/www.facebook.com\/Aquaforest\/\" \/>\n<meta property=\"article:modified_time\" content=\"2025-07-14T10:47:51+00:00\" \/>\n<meta property=\"og:image\" content=\"https:\/\/aquaforest.eu\/wp-content\/uploads\/2024\/06\/AF-Marine-Mix-M.png\" \/>\n\t<meta property=\"og:image:width\" content=\"462\" \/>\n\t<meta property=\"og:image:height\" content=\"600\" \/>\n\t<meta property=\"og:image:type\" content=\"image\/png\" \/>\n<meta name=\"twitter:card\" content=\"summary_large_image\" \/>\n<meta name=\"twitter:label1\" content=\"Tempo estimado de leitura\" \/>\n\t<meta name=\"twitter:data1\" content=\"2 minutos\" \/>\n<script type=\"application\/ld+json\" class=\"yoast-schema-graph\">{\"@context\":\"https:\/\/schema.org\",\"@graph\":[{\"@type\":\"WebPage\",\"@id\":\"https:\/\/aquaforest.eu\/pt\/products\/seawater-pt\/foods-and-supplementation-pt\/af-marine-mix-m\/\",\"url\":\"https:\/\/aquaforest.eu\/pt\/products\/seawater-pt\/foods-and-supplementation-pt\/af-marine-mix-m\/\",\"name\":\"AF Marine Mix M - Aquaforest\",\"isPartOf\":{\"@id\":\"https:\/\/aquaforest.eu\/pt\/#website\"},\"primaryImageOfPage\":{\"@id\":\"https:\/\/aquaforest.eu\/pt\/products\/seawater-pt\/foods-and-supplementation-pt\/af-marine-mix-m\/#primaryimage\"},\"image\":{\"@id\":\"https:\/\/aquaforest.eu\/pt\/products\/seawater-pt\/foods-and-supplementation-pt\/af-marine-mix-m\/#primaryimage\"},\"thumbnailUrl\":\"https:\/\/aquaforest.eu\/wp-content\/uploads\/2024\/06\/AF-Marine-Mix-M.png\",\"datePublished\":\"2024-06-26T00:18:18+00:00\",\"dateModified\":\"2025-07-14T10:47:51+00:00\",\"description\":\"AF Marine Mix M by Aquaforest: comprehensive food mixture for medium-sized marine fish. Unique formula supporting health, condition and intense colors.\",\"breadcrumb\":{\"@id\":\"https:\/\/aquaforest.eu\/pt\/products\/seawater-pt\/foods-and-supplementation-pt\/af-marine-mix-m\/#breadcrumb\"},\"inLanguage\":\"pt-PT\",\"potentialAction\":[{\"@type\":\"ReadAction\",\"target\":[\"https:\/\/aquaforest.eu\/pt\/products\/seawater-pt\/foods-and-supplementation-pt\/af-marine-mix-m\/\"]}]},{\"@type\":\"ImageObject\",\"inLanguage\":\"pt-PT\",\"@id\":\"https:\/\/aquaforest.eu\/pt\/products\/seawater-pt\/foods-and-supplementation-pt\/af-marine-mix-m\/#primaryimage\",\"url\":\"https:\/\/aquaforest.eu\/wp-content\/uploads\/2024\/06\/AF-Marine-Mix-M.png\",\"contentUrl\":\"https:\/\/aquaforest.eu\/wp-content\/uploads\/2024\/06\/AF-Marine-Mix-M.png\",\"width\":462,\"height\":600},{\"@type\":\"BreadcrumbList\",\"@id\":\"https:\/\/aquaforest.eu\/pt\/products\/seawater-pt\/foods-and-supplementation-pt\/af-marine-mix-m\/#breadcrumb\",\"itemListElement\":[{\"@type\":\"ListItem\",\"position\":1,\"name\":\"Home\",\"item\":\"https:\/\/aquaforest.eu\/pt\/\"},{\"@type\":\"ListItem\",\"position\":2,\"name\":\"Produtos\",\"item\":\"https:\/\/aquaforest.eu\/pt\/produtos\/\"},{\"@type\":\"ListItem\",\"position\":3,\"name\":\"AF Marine Mix M\"}]},{\"@type\":\"WebSite\",\"@id\":\"https:\/\/aquaforest.eu\/pt\/#website\",\"url\":\"https:\/\/aquaforest.eu\/pt\/\",\"name\":\"Aquaforest\",\"description\":\"\",\"publisher\":{\"@id\":\"https:\/\/aquaforest.eu\/pt\/#organization\"},\"potentialAction\":[{\"@type\":\"SearchAction\",\"target\":{\"@type\":\"EntryPoint\",\"urlTemplate\":\"https:\/\/aquaforest.eu\/pt\/?s={search_term_string}\"},\"query-input\":{\"@type\":\"PropertyValueSpecification\",\"valueRequired\":true,\"valueName\":\"search_term_string\"}}],\"inLanguage\":\"pt-PT\"},{\"@type\":\"Organization\",\"@id\":\"https:\/\/aquaforest.eu\/pt\/#organization\",\"name\":\"Aquaforest\",\"url\":\"https:\/\/aquaforest.eu\/pt\/\",\"logo\":{\"@type\":\"ImageObject\",\"inLanguage\":\"pt-PT\",\"@id\":\"https:\/\/aquaforest.eu\/pt\/#\/schema\/logo\/image\/\",\"url\":\"https:\/\/aquaforest.eu\/wp-content\/uploads\/2024\/05\/logotyp-aquaforest.svg\",\"contentUrl\":\"https:\/\/aquaforest.eu\/wp-content\/uploads\/2024\/05\/logotyp-aquaforest.svg\",\"width\":170,\"height\":22,\"caption\":\"Aquaforest\"},\"image\":{\"@id\":\"https:\/\/aquaforest.eu\/pt\/#\/schema\/logo\/image\/\"},\"sameAs\":[\"https:\/\/www.facebook.com\/Aquaforest\/\",\"https:\/\/www.instagram.com\/aquaforest.eu\/\"]}]}<\/script>\n<!-- \/ Yoast SEO plugin. -->","yoast_head_json":{"title":"AF Marine Mix M - Aquaforest","description":"AF Marine Mix M by Aquaforest: comprehensive food mixture for medium-sized marine fish. Unique formula supporting health, condition and intense colors.","robots":{"index":"index","follow":"follow","max-snippet":"max-snippet:-1","max-image-preview":"max-image-preview:large","max-video-preview":"max-video-preview:-1"},"canonical":"https:\/\/aquaforest.eu\/pt\/products\/seawater-pt\/foods-and-supplementation-pt\/af-marine-mix-m\/","og_locale":"pt_PT","og_type":"article","og_title":"AF Marine Mix M - Aquaforest","og_description":"AF Marine Mix M by Aquaforest: comprehensive food mixture for medium-sized marine fish. Unique formula supporting health, condition and intense colors.","og_url":"https:\/\/aquaforest.eu\/pt\/products\/seawater-pt\/foods-and-supplementation-pt\/af-marine-mix-m\/","og_site_name":"Aquaforest","article_publisher":"https:\/\/www.facebook.com\/Aquaforest\/","article_modified_time":"2025-07-14T10:47:51+00:00","og_image":[{"width":462,"height":600,"url":"https:\/\/aquaforest.eu\/wp-content\/uploads\/2024\/06\/AF-Marine-Mix-M.png","type":"image\/png"}],"twitter_card":"summary_large_image","twitter_misc":{"Tempo estimado de leitura":"2 minutos"},"schema":{"@context":"https:\/\/schema.org","@graph":[{"@type":"WebPage","@id":"https:\/\/aquaforest.eu\/pt\/products\/seawater-pt\/foods-and-supplementation-pt\/af-marine-mix-m\/","url":"https:\/\/aquaforest.eu\/pt\/products\/seawater-pt\/foods-and-supplementation-pt\/af-marine-mix-m\/","name":"AF Marine Mix M - Aquaforest","isPartOf":{"@id":"https:\/\/aquaforest.eu\/pt\/#website"},"primaryImageOfPage":{"@id":"https:\/\/aquaforest.eu\/pt\/products\/seawater-pt\/foods-and-supplementation-pt\/af-marine-mix-m\/#primaryimage"},"image":{"@id":"https:\/\/aquaforest.eu\/pt\/products\/seawater-pt\/foods-and-supplementation-pt\/af-marine-mix-m\/#primaryimage"},"thumbnailUrl":"https:\/\/aquaforest.eu\/wp-content\/uploads\/2024\/06\/AF-Marine-Mix-M.png","datePublished":"2024-06-26T00:18:18+00:00","dateModified":"2025-07-14T10:47:51+00:00","description":"AF Marine Mix M by Aquaforest: comprehensive food mixture for medium-sized marine fish. Unique formula supporting health, condition and intense colors.","breadcrumb":{"@id":"https:\/\/aquaforest.eu\/pt\/products\/seawater-pt\/foods-and-supplementation-pt\/af-marine-mix-m\/#breadcrumb"},"inLanguage":"pt-PT","potentialAction":[{"@type":"ReadAction","target":["https:\/\/aquaforest.eu\/pt\/products\/seawater-pt\/foods-and-supplementation-pt\/af-marine-mix-m\/"]}]},{"@type":"ImageObject","inLanguage":"pt-PT","@id":"https:\/\/aquaforest.eu\/pt\/products\/seawater-pt\/foods-and-supplementation-pt\/af-marine-mix-m\/#primaryimage","url":"https:\/\/aquaforest.eu\/wp-content\/uploads\/2024\/06\/AF-Marine-Mix-M.png","contentUrl":"https:\/\/aquaforest.eu\/wp-content\/uploads\/2024\/06\/AF-Marine-Mix-M.png","width":462,"height":600},{"@type":"BreadcrumbList","@id":"https:\/\/aquaforest.eu\/pt\/products\/seawater-pt\/foods-and-supplementation-pt\/af-marine-mix-m\/#breadcrumb","itemListElement":[{"@type":"ListItem","position":1,"name":"Home","item":"https:\/\/aquaforest.eu\/pt\/"},{"@type":"ListItem","position":2,"name":"Produtos","item":"https:\/\/aquaforest.eu\/pt\/produtos\/"},{"@type":"ListItem","position":3,"name":"AF Marine Mix M"}]},{"@type":"WebSite","@id":"https:\/\/aquaforest.eu\/pt\/#website","url":"https:\/\/aquaforest.eu\/pt\/","name":"Aquaforest","description":"","publisher":{"@id":"https:\/\/aquaforest.eu\/pt\/#organization"},"potentialAction":[{"@type":"SearchAction","target":{"@type":"EntryPoint","urlTemplate":"https:\/\/aquaforest.eu\/pt\/?s={search_term_string}"},"query-input":{"@type":"PropertyValueSpecification","valueRequired":true,"valueName":"search_term_string"}}],"inLanguage":"pt-PT"},{"@type":"Organization","@id":"https:\/\/aquaforest.eu\/pt\/#organization","name":"Aquaforest","url":"https:\/\/aquaforest.eu\/pt\/","logo":{"@type":"ImageObject","inLanguage":"pt-PT","@id":"https:\/\/aquaforest.eu\/pt\/#\/schema\/logo\/image\/","url":"https:\/\/aquaforest.eu\/wp-content\/uploads\/2024\/05\/logotyp-aquaforest.svg","contentUrl":"https:\/\/aquaforest.eu\/wp-content\/uploads\/2024\/05\/logotyp-aquaforest.svg","width":170,"height":22,"caption":"Aquaforest"},"image":{"@id":"https:\/\/aquaforest.eu\/pt\/#\/schema\/logo\/image\/"},"sameAs":["https:\/\/www.facebook.com\/Aquaforest\/","https:\/\/www.instagram.com\/aquaforest.eu\/"]}]}},"_links":{"self":[{"href":"https:\/\/aquaforest.eu\/pt\/wp-json\/wp\/v2\/product\/23389","targetHints":{"allow":["GET"]}}],"collection":[{"href":"https:\/\/aquaforest.eu\/pt\/wp-json\/wp\/v2\/product"}],"about":[{"href":"https:\/\/aquaforest.eu\/pt\/wp-json\/wp\/v2\/types\/product"}],"version-history":[{"count":2,"href":"https:\/\/aquaforest.eu\/pt\/wp-json\/wp\/v2\/product\/23389\/revisions"}],"predecessor-version":[{"id":23733,"href":"https:\/\/aquaforest.eu\/pt\/wp-json\/wp\/v2\/product\/23389\/revisions\/23733"}],"wp:featuredmedia":[{"embeddable":true,"href":"https:\/\/aquaforest.eu\/pt\/wp-json\/wp\/v2\/media\/23390"}],"wp:attachment":[{"href":"https:\/\/aquaforest.eu\/pt\/wp-json\/wp\/v2\/media?parent=23389"}],"wp:term":[{"taxonomy":"product_brand","embeddable":true,"href":"https:\/\/aquaforest.eu\/pt\/wp-json\/wp\/v2\/product_brand?post=23389"},{"taxonomy":"product_cat","embeddable":true,"href":"https:\/\/aquaforest.eu\/pt\/wp-json\/wp\/v2\/product_cat?post=23389"},{"taxonomy":"product_tag","embeddable":true,"href":"https:\/\/aquaforest.eu\/pt\/wp-json\/wp\/v2\/product_tag?post=23389"}],"curies":[{"name":"wp","href":"https:\/\/api.w.org\/{rel}","templated":true}]}}