{"id":23391,"date":"2024-06-26T02:18:17","date_gmt":"2024-06-26T00:18:17","guid":{"rendered":"https:\/\/aquaforest.eu\/products\/sem%20categoria\/af-protein-power\/"},"modified":"2025-07-14T13:29:12","modified_gmt":"2025-07-14T11:29:12","slug":"af-protein-power","status":"publish","type":"product","link":"https:\/\/aquaforest.eu\/pt\/products\/seawater-pt\/foods-and-supplementation-pt\/af-protein-power\/","title":{"rendered":"AF Protein Power"},"content":{"rendered":"<p><span style=\"color: #000000;\">Ra\u00e7\u00e3o de alta qualidade em forma de gr\u00e2nulos macios e finos, especialmente desenvolvida para peixes ornamentais jovens.<\/b><\/span><\/p>\n<p><span style=\"color: #000000;\">Seu alto teor de prote\u00edna, um dos principais blocos de constru\u00e7\u00e3o dos organismos, permite um crescimento r\u00e1pido e saud\u00e1vel.<\/span><\/p>\n<p><span style=\"color: #000000;\">A lecitina, presente na f\u00f3rmula, atua positivamente no funcionamento do sistema nervoso, circulat\u00f3rio e digestivo.<\/span><\/p>\n<p><span style=\"color: #000000;\">A mistura equilibrada de ingredientes melhora a digest\u00e3o e a absor\u00e7\u00e3o dos nutrientes.<br \/>\n As vitaminas promovem o desenvolvimento adequado, fortalecem a imunidade e impactam positivamente o crescimento geral dos peixes.<\/p>\n<p><strong>Tamanho do gr\u00e2nulo:<\/strong>1mm<\/p>\n<p><\/span><\/p>\n<hr \/>\n<p>&nbsp;<\/p>\n<p><span style=\"color: #000000;\"><strong>O que torna este produto \u00fanico:<\/strong><\/span><\/p>\n<ul>\n<li><span style=\"color: #000000;\">Ra\u00e7\u00e3o completa para peixes jovens<\/span><\/li>\n<li><span style=\"color: #000000;\">Alto teor de prote\u00ednas e gorduras<\/span><\/li>\n<li><span style=\"color: #000000;\">Enriquecido com lecitina<\/span><\/li>\n<li><span style=\"color: #000000;\">Astaxantina para realce da colora\u00e7\u00e3o<\/span><\/li>\n<li><span style=\"color: #000000;\">Formulado com ingredientes naturais<\/span><\/li>\n<li><span style=\"color: #000000;\">Ra\u00e7\u00e3o em forma de pellets macios<\/span><\/li>\n<li><span style=\"color: #000000;\">Melhora a digest\u00e3o e a absor\u00e7\u00e3o dos nutrientes<\/span><\/li>\n<\/ul>\n<p>&nbsp;<\/p>\n<hr \/>\n<h4 data-fontsize=\"16\" data-lineheight=\"24px\"><\/h4>\n<h4 class=\"fusion-tab-heading fusion-responsive-typography-calculated\" data-fontsize=\"16\" data-lineheight=\"24px\"><span style=\"color: #000000;\">Ingredientes &amp; Dosagem<\/span><\/h4>\n<p><span style=\"color: #000000;\"><strong>Ingredientes:<\/strong>\u00a0derivados de peixe, cereais, \u00f3leo de peixe, lecitina, levedura, antioxidantes, corantes (astaxantina).<\/span><\/p>\n<p><span style=\"color: #000000;\"><strong>Aditivos:<\/strong>\u00a0Vit. A 11200 UI\/kg, Vit. C 560 mg\/kg, Vit. E 224 mg\/kg, Vit. D3 1300 UI\/kg, ferro 67,2 mg\/kg, iodo 5,6 mg\/kg, cobre 5,6 mg\/kg, mangan\u00eas 22,4 mg\/kg, zinco 67,2 mg\/kg.<\/span><\/p>\n<p><span style=\"color: #000000;\"><strong>Composi\u00e7\u00e3o anal\u00edtica:<\/strong>\u00a0prote\u00edna bruta: 42,4%, gordura bruta: 10,4%, fibra bruta: 0,2%, cinzas brutas: 8,4%, umidade: 24,2%<\/span><\/p>\n<p><span style=\"color: #000000;\"><strong>Dosagem:\u00a0<\/strong>Alimentar v\u00e1rias vezes ao dia em pequenas por\u00e7\u00f5es. Para uma dieta mais variada, recomenda-se alternar o uso de AF Protein Power com outros alimentos da marca Aquaforest.<\/span><\/p>\n<p>&nbsp;<\/p>\n<hr \/>\n<p>&nbsp;<\/p>\n<p><span style=\"color: #000000;\">Produto exclusivo para uso em aqu\u00e1rios. N\u00e3o \u00e9 adequado para consumo humano. Armazenar em local seco e fresco, fora do alcance de crian\u00e7as.<\/span><\/p>\n","protected":false},"excerpt":{"rendered":"<p>Gr\u00e2nulos macios com alto teor de prote\u00edna. A mistura equilibrada de ingredientes melhora a digest\u00e3o e a absor\u00e7\u00e3o de nutrientes.<\/p>\n","protected":false},"featured_media":23392,"template":"","meta":{"_acf_changed":false,"content-type":""},"product_brand":[],"product_cat":[1668],"product_tag":[1671,1669,1652,1653],"class_list":{"0":"post-23391","1":"product","2":"type-product","3":"status-publish","4":"has-post-thumbnail","6":"product_cat-foods-and-supplementation-pt","7":"product_tag-aquaforest-pt","8":"product_tag-foods-and-supplementation-pt","9":"product_tag-seawater-aquatic-pt","10":"product_tag-simple-pt","12":"first","13":"instock","14":"taxable","15":"shipping-taxable","16":"purchasable","17":"product-type-simple"},"acf":[],"yoast_head":"<!-- This site is optimized with the Yoast SEO plugin v27.1.1 - https:\/\/yoast.com\/product\/yoast-seo-wordpress\/ -->\n<title>AF Protein Power - Aquaforest<\/title>\n<meta name=\"description\" content=\"AF Protein Power: concentrated food rich in protein for fish, supporting their growth and regeneration. A unique formula for maximum condition and health.\" \/>\n<meta name=\"robots\" content=\"index, follow, max-snippet:-1, max-image-preview:large, max-video-preview:-1\" \/>\n<link rel=\"canonical\" href=\"https:\/\/aquaforest.eu\/pt\/products\/seawater-pt\/foods-and-supplementation-pt\/af-protein-power\/\" \/>\n<meta property=\"og:locale\" content=\"pt_PT\" \/>\n<meta property=\"og:type\" content=\"article\" \/>\n<meta property=\"og:title\" content=\"AF Protein Power - Aquaforest\" \/>\n<meta property=\"og:description\" content=\"AF Protein Power: concentrated food rich in protein for fish, supporting their growth and regeneration. A unique formula for maximum condition and health.\" \/>\n<meta property=\"og:url\" content=\"https:\/\/aquaforest.eu\/pt\/products\/seawater-pt\/foods-and-supplementation-pt\/af-protein-power\/\" \/>\n<meta property=\"og:site_name\" content=\"Aquaforest\" \/>\n<meta property=\"article:publisher\" content=\"https:\/\/www.facebook.com\/Aquaforest\/\" \/>\n<meta property=\"article:modified_time\" content=\"2025-07-14T11:29:12+00:00\" \/>\n<meta property=\"og:image\" content=\"https:\/\/aquaforest.eu\/wp-content\/uploads\/2024\/06\/AF-Protein-Power.png\" \/>\n\t<meta property=\"og:image:width\" content=\"385\" \/>\n\t<meta property=\"og:image:height\" content=\"500\" \/>\n\t<meta property=\"og:image:type\" content=\"image\/png\" \/>\n<meta name=\"twitter:card\" content=\"summary_large_image\" \/>\n<meta name=\"twitter:label1\" content=\"Tempo estimado de leitura\" \/>\n\t<meta name=\"twitter:data1\" content=\"2 minutos\" \/>\n<script type=\"application\/ld+json\" class=\"yoast-schema-graph\">{\"@context\":\"https:\/\/schema.org\",\"@graph\":[{\"@type\":\"WebPage\",\"@id\":\"https:\/\/aquaforest.eu\/pt\/products\/seawater-pt\/foods-and-supplementation-pt\/af-protein-power\/\",\"url\":\"https:\/\/aquaforest.eu\/pt\/products\/seawater-pt\/foods-and-supplementation-pt\/af-protein-power\/\",\"name\":\"AF Protein Power - Aquaforest\",\"isPartOf\":{\"@id\":\"https:\/\/aquaforest.eu\/pt\/#website\"},\"primaryImageOfPage\":{\"@id\":\"https:\/\/aquaforest.eu\/pt\/products\/seawater-pt\/foods-and-supplementation-pt\/af-protein-power\/#primaryimage\"},\"image\":{\"@id\":\"https:\/\/aquaforest.eu\/pt\/products\/seawater-pt\/foods-and-supplementation-pt\/af-protein-power\/#primaryimage\"},\"thumbnailUrl\":\"https:\/\/aquaforest.eu\/wp-content\/uploads\/2024\/06\/AF-Protein-Power.png\",\"datePublished\":\"2024-06-26T00:18:17+00:00\",\"dateModified\":\"2025-07-14T11:29:12+00:00\",\"description\":\"AF Protein Power: concentrated food rich in protein for fish, supporting their growth and regeneration. A unique formula for maximum condition and health.\",\"breadcrumb\":{\"@id\":\"https:\/\/aquaforest.eu\/pt\/products\/seawater-pt\/foods-and-supplementation-pt\/af-protein-power\/#breadcrumb\"},\"inLanguage\":\"pt-PT\",\"potentialAction\":[{\"@type\":\"ReadAction\",\"target\":[\"https:\/\/aquaforest.eu\/pt\/products\/seawater-pt\/foods-and-supplementation-pt\/af-protein-power\/\"]}]},{\"@type\":\"ImageObject\",\"inLanguage\":\"pt-PT\",\"@id\":\"https:\/\/aquaforest.eu\/pt\/products\/seawater-pt\/foods-and-supplementation-pt\/af-protein-power\/#primaryimage\",\"url\":\"https:\/\/aquaforest.eu\/wp-content\/uploads\/2024\/06\/AF-Protein-Power.png\",\"contentUrl\":\"https:\/\/aquaforest.eu\/wp-content\/uploads\/2024\/06\/AF-Protein-Power.png\",\"width\":385,\"height\":500},{\"@type\":\"BreadcrumbList\",\"@id\":\"https:\/\/aquaforest.eu\/pt\/products\/seawater-pt\/foods-and-supplementation-pt\/af-protein-power\/#breadcrumb\",\"itemListElement\":[{\"@type\":\"ListItem\",\"position\":1,\"name\":\"Home\",\"item\":\"https:\/\/aquaforest.eu\/pt\/\"},{\"@type\":\"ListItem\",\"position\":2,\"name\":\"Produtos\",\"item\":\"https:\/\/aquaforest.eu\/pt\/produtos\/\"},{\"@type\":\"ListItem\",\"position\":3,\"name\":\"AF Protein Power\"}]},{\"@type\":\"WebSite\",\"@id\":\"https:\/\/aquaforest.eu\/pt\/#website\",\"url\":\"https:\/\/aquaforest.eu\/pt\/\",\"name\":\"Aquaforest\",\"description\":\"\",\"publisher\":{\"@id\":\"https:\/\/aquaforest.eu\/pt\/#organization\"},\"potentialAction\":[{\"@type\":\"SearchAction\",\"target\":{\"@type\":\"EntryPoint\",\"urlTemplate\":\"https:\/\/aquaforest.eu\/pt\/?s={search_term_string}\"},\"query-input\":{\"@type\":\"PropertyValueSpecification\",\"valueRequired\":true,\"valueName\":\"search_term_string\"}}],\"inLanguage\":\"pt-PT\"},{\"@type\":\"Organization\",\"@id\":\"https:\/\/aquaforest.eu\/pt\/#organization\",\"name\":\"Aquaforest\",\"url\":\"https:\/\/aquaforest.eu\/pt\/\",\"logo\":{\"@type\":\"ImageObject\",\"inLanguage\":\"pt-PT\",\"@id\":\"https:\/\/aquaforest.eu\/pt\/#\/schema\/logo\/image\/\",\"url\":\"https:\/\/aquaforest.eu\/wp-content\/uploads\/2024\/05\/logotyp-aquaforest.svg\",\"contentUrl\":\"https:\/\/aquaforest.eu\/wp-content\/uploads\/2024\/05\/logotyp-aquaforest.svg\",\"width\":170,\"height\":22,\"caption\":\"Aquaforest\"},\"image\":{\"@id\":\"https:\/\/aquaforest.eu\/pt\/#\/schema\/logo\/image\/\"},\"sameAs\":[\"https:\/\/www.facebook.com\/Aquaforest\/\",\"https:\/\/www.instagram.com\/aquaforest.eu\/\"]}]}<\/script>\n<!-- \/ Yoast SEO plugin. -->","yoast_head_json":{"title":"AF Protein Power - Aquaforest","description":"AF Protein Power: concentrated food rich in protein for fish, supporting their growth and regeneration. A unique formula for maximum condition and health.","robots":{"index":"index","follow":"follow","max-snippet":"max-snippet:-1","max-image-preview":"max-image-preview:large","max-video-preview":"max-video-preview:-1"},"canonical":"https:\/\/aquaforest.eu\/pt\/products\/seawater-pt\/foods-and-supplementation-pt\/af-protein-power\/","og_locale":"pt_PT","og_type":"article","og_title":"AF Protein Power - Aquaforest","og_description":"AF Protein Power: concentrated food rich in protein for fish, supporting their growth and regeneration. A unique formula for maximum condition and health.","og_url":"https:\/\/aquaforest.eu\/pt\/products\/seawater-pt\/foods-and-supplementation-pt\/af-protein-power\/","og_site_name":"Aquaforest","article_publisher":"https:\/\/www.facebook.com\/Aquaforest\/","article_modified_time":"2025-07-14T11:29:12+00:00","og_image":[{"width":385,"height":500,"url":"https:\/\/aquaforest.eu\/wp-content\/uploads\/2024\/06\/AF-Protein-Power.png","type":"image\/png"}],"twitter_card":"summary_large_image","twitter_misc":{"Tempo estimado de leitura":"2 minutos"},"schema":{"@context":"https:\/\/schema.org","@graph":[{"@type":"WebPage","@id":"https:\/\/aquaforest.eu\/pt\/products\/seawater-pt\/foods-and-supplementation-pt\/af-protein-power\/","url":"https:\/\/aquaforest.eu\/pt\/products\/seawater-pt\/foods-and-supplementation-pt\/af-protein-power\/","name":"AF Protein Power - Aquaforest","isPartOf":{"@id":"https:\/\/aquaforest.eu\/pt\/#website"},"primaryImageOfPage":{"@id":"https:\/\/aquaforest.eu\/pt\/products\/seawater-pt\/foods-and-supplementation-pt\/af-protein-power\/#primaryimage"},"image":{"@id":"https:\/\/aquaforest.eu\/pt\/products\/seawater-pt\/foods-and-supplementation-pt\/af-protein-power\/#primaryimage"},"thumbnailUrl":"https:\/\/aquaforest.eu\/wp-content\/uploads\/2024\/06\/AF-Protein-Power.png","datePublished":"2024-06-26T00:18:17+00:00","dateModified":"2025-07-14T11:29:12+00:00","description":"AF Protein Power: concentrated food rich in protein for fish, supporting their growth and regeneration. A unique formula for maximum condition and health.","breadcrumb":{"@id":"https:\/\/aquaforest.eu\/pt\/products\/seawater-pt\/foods-and-supplementation-pt\/af-protein-power\/#breadcrumb"},"inLanguage":"pt-PT","potentialAction":[{"@type":"ReadAction","target":["https:\/\/aquaforest.eu\/pt\/products\/seawater-pt\/foods-and-supplementation-pt\/af-protein-power\/"]}]},{"@type":"ImageObject","inLanguage":"pt-PT","@id":"https:\/\/aquaforest.eu\/pt\/products\/seawater-pt\/foods-and-supplementation-pt\/af-protein-power\/#primaryimage","url":"https:\/\/aquaforest.eu\/wp-content\/uploads\/2024\/06\/AF-Protein-Power.png","contentUrl":"https:\/\/aquaforest.eu\/wp-content\/uploads\/2024\/06\/AF-Protein-Power.png","width":385,"height":500},{"@type":"BreadcrumbList","@id":"https:\/\/aquaforest.eu\/pt\/products\/seawater-pt\/foods-and-supplementation-pt\/af-protein-power\/#breadcrumb","itemListElement":[{"@type":"ListItem","position":1,"name":"Home","item":"https:\/\/aquaforest.eu\/pt\/"},{"@type":"ListItem","position":2,"name":"Produtos","item":"https:\/\/aquaforest.eu\/pt\/produtos\/"},{"@type":"ListItem","position":3,"name":"AF Protein Power"}]},{"@type":"WebSite","@id":"https:\/\/aquaforest.eu\/pt\/#website","url":"https:\/\/aquaforest.eu\/pt\/","name":"Aquaforest","description":"","publisher":{"@id":"https:\/\/aquaforest.eu\/pt\/#organization"},"potentialAction":[{"@type":"SearchAction","target":{"@type":"EntryPoint","urlTemplate":"https:\/\/aquaforest.eu\/pt\/?s={search_term_string}"},"query-input":{"@type":"PropertyValueSpecification","valueRequired":true,"valueName":"search_term_string"}}],"inLanguage":"pt-PT"},{"@type":"Organization","@id":"https:\/\/aquaforest.eu\/pt\/#organization","name":"Aquaforest","url":"https:\/\/aquaforest.eu\/pt\/","logo":{"@type":"ImageObject","inLanguage":"pt-PT","@id":"https:\/\/aquaforest.eu\/pt\/#\/schema\/logo\/image\/","url":"https:\/\/aquaforest.eu\/wp-content\/uploads\/2024\/05\/logotyp-aquaforest.svg","contentUrl":"https:\/\/aquaforest.eu\/wp-content\/uploads\/2024\/05\/logotyp-aquaforest.svg","width":170,"height":22,"caption":"Aquaforest"},"image":{"@id":"https:\/\/aquaforest.eu\/pt\/#\/schema\/logo\/image\/"},"sameAs":["https:\/\/www.facebook.com\/Aquaforest\/","https:\/\/www.instagram.com\/aquaforest.eu\/"]}]}},"_links":{"self":[{"href":"https:\/\/aquaforest.eu\/pt\/wp-json\/wp\/v2\/product\/23391","targetHints":{"allow":["GET"]}}],"collection":[{"href":"https:\/\/aquaforest.eu\/pt\/wp-json\/wp\/v2\/product"}],"about":[{"href":"https:\/\/aquaforest.eu\/pt\/wp-json\/wp\/v2\/types\/product"}],"version-history":[{"count":2,"href":"https:\/\/aquaforest.eu\/pt\/wp-json\/wp\/v2\/product\/23391\/revisions"}],"predecessor-version":[{"id":23845,"href":"https:\/\/aquaforest.eu\/pt\/wp-json\/wp\/v2\/product\/23391\/revisions\/23845"}],"wp:featuredmedia":[{"embeddable":true,"href":"https:\/\/aquaforest.eu\/pt\/wp-json\/wp\/v2\/media\/23392"}],"wp:attachment":[{"href":"https:\/\/aquaforest.eu\/pt\/wp-json\/wp\/v2\/media?parent=23391"}],"wp:term":[{"taxonomy":"product_brand","embeddable":true,"href":"https:\/\/aquaforest.eu\/pt\/wp-json\/wp\/v2\/product_brand?post=23391"},{"taxonomy":"product_cat","embeddable":true,"href":"https:\/\/aquaforest.eu\/pt\/wp-json\/wp\/v2\/product_cat?post=23391"},{"taxonomy":"product_tag","embeddable":true,"href":"https:\/\/aquaforest.eu\/pt\/wp-json\/wp\/v2\/product_tag?post=23391"}],"curies":[{"name":"wp","href":"https:\/\/api.w.org\/{rel}","templated":true}]}}