{"id":23395,"date":"2024-06-26T02:18:16","date_gmt":"2024-06-26T00:18:16","guid":{"rendered":"https:\/\/aquaforest.eu\/products\/sem%20categoria\/af-vege-clip\/"},"modified":"2025-07-14T13:48:36","modified_gmt":"2025-07-14T11:48:36","slug":"af-vege-clip","status":"publish","type":"product","link":"https:\/\/aquaforest.eu\/pt\/products\/seawater-pt\/foods-and-supplementation-pt\/af-vege-clip\/","title":{"rendered":"AF Vege Clip"},"content":{"rendered":"<p>Ra\u00e7\u00e3o dedicada para peixes herb\u00edvoros e on\u00edvoros, fornecendo vitaminas e minerais essenciais. As algas, principal componente, foram enriquecidas com fitopl\u00e2ncton, tornando esta ra\u00e7\u00e3o uma dieta completa, rica em gorduras saturadas e bem equilibrada para todos os tipos de peixes.<\/p>\n<p>A f\u00f3rmula da ra\u00e7\u00e3o \u00e9 aprimorada com um conjunto de vitaminas e minerais que ajudam a fortalecer o sistema imunol\u00f3gico e reduzem o risco de problemas no desenvolvimento de peixes jovens.<\/p>\n<p>Este produto melhora significativamente a sa\u00fade, imunidade e colora\u00e7\u00e3o dos peixes.<\/p>\n<p>Tamb\u00e9m acompanha um clipe especial para fixa\u00e7\u00e3o pr\u00e1tica e duradoura no vidro do aqu\u00e1rio, garantindo que todos os peixes tenham f\u00e1cil acesso ao alimento.<\/p>\n<p>&nbsp;<\/p>\n<p><strong>Di\u00e2metro:<\/strong> 3 cm<\/p>\n<p>&nbsp;<\/p>\n<hr \/>\n<p>&nbsp;<\/p>\n<p><strong>O que torna este produto \u00fanico:<\/strong><\/p>\n<ul>\n<li>Mistura de ra\u00e7\u00e3o para peixes herb\u00edvoros e on\u00edvoros<\/li>\n<li>Produto em formato de disco com clipe de fixa\u00e7\u00e3o<\/li>\n<li>Produzido com ingredientes naturais de alt\u00edssima qualidade<\/li>\n<li>Composi\u00e7\u00e3o balanceada e completa<\/li>\n<li>N\u00e3o se desintegra na \u00e1gua<\/li>\n<li>Enriquecido com vitaminas e minerais<\/li>\n<li>Reduz o risco de problemas de desenvolvimento em peixes jovens<\/li>\n<li>Acompanha clipe f\u00e1cil de instalar para fixar no vidro<\/li>\n<\/ul>\n<p>Produto de uso exclusivo para aqu\u00e1rios. Armazenar em local seco e fresco. Manter fora do alcance de crian\u00e7as.<\/p>\n<p>&nbsp;<\/p>\n<hr \/>\n<h4 data-fontsize=\"16\" data-lineheight=\"24px\"><\/h4>\n<h4 class=\"fusion-tab-heading fusion-responsive-typography-calculated\" data-fontsize=\"16\" data-lineheight=\"24px\">Ingredientes e uso<br \/>\n<\/h4>\n<p><strong>Armazenamento:\u00a0<\/strong>Manter bem fechado, em local seco e fora do alcance de crian\u00e7as.<\/p>\n<p><strong>Composi\u00e7\u00e3o:<\/strong>\u00a0algas, derivados de peixe, minerais, \u00f3leos e gorduras.<\/p>\n<p><strong>Aditivos:<\/strong>Vitamina A 15000 UI\/kg, vitamina D3 3000 UI\/kg, vitamina E 1000 UI\/kg, vitamina C 1000 mg\/kg.<\/p>\n<p><strong>Modo de uso:<\/strong>Coloque a ra\u00e7\u00e3o no clipe incluso e fixe no local desejado dentro do aqu\u00e1rio.<\/p>\n","protected":false},"excerpt":{"rendered":"<p>Ra\u00e7\u00e3o para peixes com clipe de fixa\u00e7\u00e3o no vidro. <\/p>\n","protected":false},"featured_media":23397,"template":"","meta":{"_acf_changed":false,"content-type":""},"product_brand":[],"product_cat":[1668],"product_tag":[1671,1669,1652,1653],"class_list":{"0":"post-23395","1":"product","2":"type-product","3":"status-publish","4":"has-post-thumbnail","6":"product_cat-foods-and-supplementation-pt","7":"product_tag-aquaforest-pt","8":"product_tag-foods-and-supplementation-pt","9":"product_tag-seawater-aquatic-pt","10":"product_tag-simple-pt","12":"first","13":"instock","14":"taxable","15":"shipping-taxable","16":"purchasable","17":"product-type-simple"},"acf":[],"yoast_head":"<!-- This site is optimized with the Yoast SEO plugin v27.1.1 - https:\/\/yoast.com\/product\/yoast-seo-wordpress\/ -->\n<title>AF Vege Clip - Aquaforest<\/title>\n<meta name=\"description\" content=\"AF Vege Clip by Aquaforest: an innovative clip for attaching plant foods to the aquarium. A reliable formula for easy feeding and healthy growth of fish.\" \/>\n<meta name=\"robots\" content=\"index, follow, max-snippet:-1, max-image-preview:large, max-video-preview:-1\" \/>\n<link rel=\"canonical\" href=\"https:\/\/aquaforest.eu\/pt\/products\/seawater-pt\/foods-and-supplementation-pt\/af-vege-clip\/\" \/>\n<meta property=\"og:locale\" content=\"pt_PT\" \/>\n<meta property=\"og:type\" content=\"article\" \/>\n<meta property=\"og:title\" content=\"AF Vege Clip - Aquaforest\" \/>\n<meta property=\"og:description\" content=\"AF Vege Clip by Aquaforest: an innovative clip for attaching plant foods to the aquarium. A reliable formula for easy feeding and healthy growth of fish.\" \/>\n<meta property=\"og:url\" content=\"https:\/\/aquaforest.eu\/pt\/products\/seawater-pt\/foods-and-supplementation-pt\/af-vege-clip\/\" \/>\n<meta property=\"og:site_name\" content=\"Aquaforest\" \/>\n<meta property=\"article:publisher\" content=\"https:\/\/www.facebook.com\/Aquaforest\/\" \/>\n<meta property=\"article:modified_time\" content=\"2025-07-14T11:48:36+00:00\" \/>\n<meta property=\"og:image\" content=\"https:\/\/aquaforest.eu\/wp-content\/uploads\/2024\/06\/AF-Vege-Clip.png\" \/>\n\t<meta property=\"og:image:width\" content=\"462\" \/>\n\t<meta property=\"og:image:height\" content=\"600\" \/>\n\t<meta property=\"og:image:type\" content=\"image\/png\" \/>\n<meta name=\"twitter:card\" content=\"summary_large_image\" \/>\n<meta name=\"twitter:label1\" content=\"Tempo estimado de leitura\" \/>\n\t<meta name=\"twitter:data1\" content=\"2 minutos\" \/>\n<script type=\"application\/ld+json\" class=\"yoast-schema-graph\">{\"@context\":\"https:\/\/schema.org\",\"@graph\":[{\"@type\":\"WebPage\",\"@id\":\"https:\/\/aquaforest.eu\/pt\/products\/seawater-pt\/foods-and-supplementation-pt\/af-vege-clip\/\",\"url\":\"https:\/\/aquaforest.eu\/pt\/products\/seawater-pt\/foods-and-supplementation-pt\/af-vege-clip\/\",\"name\":\"AF Vege Clip - Aquaforest\",\"isPartOf\":{\"@id\":\"https:\/\/aquaforest.eu\/pt\/#website\"},\"primaryImageOfPage\":{\"@id\":\"https:\/\/aquaforest.eu\/pt\/products\/seawater-pt\/foods-and-supplementation-pt\/af-vege-clip\/#primaryimage\"},\"image\":{\"@id\":\"https:\/\/aquaforest.eu\/pt\/products\/seawater-pt\/foods-and-supplementation-pt\/af-vege-clip\/#primaryimage\"},\"thumbnailUrl\":\"https:\/\/aquaforest.eu\/wp-content\/uploads\/2024\/06\/AF-Vege-Clip.png\",\"datePublished\":\"2024-06-26T00:18:16+00:00\",\"dateModified\":\"2025-07-14T11:48:36+00:00\",\"description\":\"AF Vege Clip by Aquaforest: an innovative clip for attaching plant foods to the aquarium. A reliable formula for easy feeding and healthy growth of fish.\",\"breadcrumb\":{\"@id\":\"https:\/\/aquaforest.eu\/pt\/products\/seawater-pt\/foods-and-supplementation-pt\/af-vege-clip\/#breadcrumb\"},\"inLanguage\":\"pt-PT\",\"potentialAction\":[{\"@type\":\"ReadAction\",\"target\":[\"https:\/\/aquaforest.eu\/pt\/products\/seawater-pt\/foods-and-supplementation-pt\/af-vege-clip\/\"]}]},{\"@type\":\"ImageObject\",\"inLanguage\":\"pt-PT\",\"@id\":\"https:\/\/aquaforest.eu\/pt\/products\/seawater-pt\/foods-and-supplementation-pt\/af-vege-clip\/#primaryimage\",\"url\":\"https:\/\/aquaforest.eu\/wp-content\/uploads\/2024\/06\/AF-Vege-Clip.png\",\"contentUrl\":\"https:\/\/aquaforest.eu\/wp-content\/uploads\/2024\/06\/AF-Vege-Clip.png\",\"width\":462,\"height\":600},{\"@type\":\"BreadcrumbList\",\"@id\":\"https:\/\/aquaforest.eu\/pt\/products\/seawater-pt\/foods-and-supplementation-pt\/af-vege-clip\/#breadcrumb\",\"itemListElement\":[{\"@type\":\"ListItem\",\"position\":1,\"name\":\"Home\",\"item\":\"https:\/\/aquaforest.eu\/pt\/\"},{\"@type\":\"ListItem\",\"position\":2,\"name\":\"Produtos\",\"item\":\"https:\/\/aquaforest.eu\/pt\/produtos\/\"},{\"@type\":\"ListItem\",\"position\":3,\"name\":\"AF Vege Clip\"}]},{\"@type\":\"WebSite\",\"@id\":\"https:\/\/aquaforest.eu\/pt\/#website\",\"url\":\"https:\/\/aquaforest.eu\/pt\/\",\"name\":\"Aquaforest\",\"description\":\"\",\"publisher\":{\"@id\":\"https:\/\/aquaforest.eu\/pt\/#organization\"},\"potentialAction\":[{\"@type\":\"SearchAction\",\"target\":{\"@type\":\"EntryPoint\",\"urlTemplate\":\"https:\/\/aquaforest.eu\/pt\/?s={search_term_string}\"},\"query-input\":{\"@type\":\"PropertyValueSpecification\",\"valueRequired\":true,\"valueName\":\"search_term_string\"}}],\"inLanguage\":\"pt-PT\"},{\"@type\":\"Organization\",\"@id\":\"https:\/\/aquaforest.eu\/pt\/#organization\",\"name\":\"Aquaforest\",\"url\":\"https:\/\/aquaforest.eu\/pt\/\",\"logo\":{\"@type\":\"ImageObject\",\"inLanguage\":\"pt-PT\",\"@id\":\"https:\/\/aquaforest.eu\/pt\/#\/schema\/logo\/image\/\",\"url\":\"https:\/\/aquaforest.eu\/wp-content\/uploads\/2024\/05\/logotyp-aquaforest.svg\",\"contentUrl\":\"https:\/\/aquaforest.eu\/wp-content\/uploads\/2024\/05\/logotyp-aquaforest.svg\",\"width\":170,\"height\":22,\"caption\":\"Aquaforest\"},\"image\":{\"@id\":\"https:\/\/aquaforest.eu\/pt\/#\/schema\/logo\/image\/\"},\"sameAs\":[\"https:\/\/www.facebook.com\/Aquaforest\/\",\"https:\/\/www.instagram.com\/aquaforest.eu\/\"]}]}<\/script>\n<!-- \/ Yoast SEO plugin. -->","yoast_head_json":{"title":"AF Vege Clip - Aquaforest","description":"AF Vege Clip by Aquaforest: an innovative clip for attaching plant foods to the aquarium. A reliable formula for easy feeding and healthy growth of fish.","robots":{"index":"index","follow":"follow","max-snippet":"max-snippet:-1","max-image-preview":"max-image-preview:large","max-video-preview":"max-video-preview:-1"},"canonical":"https:\/\/aquaforest.eu\/pt\/products\/seawater-pt\/foods-and-supplementation-pt\/af-vege-clip\/","og_locale":"pt_PT","og_type":"article","og_title":"AF Vege Clip - Aquaforest","og_description":"AF Vege Clip by Aquaforest: an innovative clip for attaching plant foods to the aquarium. A reliable formula for easy feeding and healthy growth of fish.","og_url":"https:\/\/aquaforest.eu\/pt\/products\/seawater-pt\/foods-and-supplementation-pt\/af-vege-clip\/","og_site_name":"Aquaforest","article_publisher":"https:\/\/www.facebook.com\/Aquaforest\/","article_modified_time":"2025-07-14T11:48:36+00:00","og_image":[{"width":462,"height":600,"url":"https:\/\/aquaforest.eu\/wp-content\/uploads\/2024\/06\/AF-Vege-Clip.png","type":"image\/png"}],"twitter_card":"summary_large_image","twitter_misc":{"Tempo estimado de leitura":"2 minutos"},"schema":{"@context":"https:\/\/schema.org","@graph":[{"@type":"WebPage","@id":"https:\/\/aquaforest.eu\/pt\/products\/seawater-pt\/foods-and-supplementation-pt\/af-vege-clip\/","url":"https:\/\/aquaforest.eu\/pt\/products\/seawater-pt\/foods-and-supplementation-pt\/af-vege-clip\/","name":"AF Vege Clip - Aquaforest","isPartOf":{"@id":"https:\/\/aquaforest.eu\/pt\/#website"},"primaryImageOfPage":{"@id":"https:\/\/aquaforest.eu\/pt\/products\/seawater-pt\/foods-and-supplementation-pt\/af-vege-clip\/#primaryimage"},"image":{"@id":"https:\/\/aquaforest.eu\/pt\/products\/seawater-pt\/foods-and-supplementation-pt\/af-vege-clip\/#primaryimage"},"thumbnailUrl":"https:\/\/aquaforest.eu\/wp-content\/uploads\/2024\/06\/AF-Vege-Clip.png","datePublished":"2024-06-26T00:18:16+00:00","dateModified":"2025-07-14T11:48:36+00:00","description":"AF Vege Clip by Aquaforest: an innovative clip for attaching plant foods to the aquarium. A reliable formula for easy feeding and healthy growth of fish.","breadcrumb":{"@id":"https:\/\/aquaforest.eu\/pt\/products\/seawater-pt\/foods-and-supplementation-pt\/af-vege-clip\/#breadcrumb"},"inLanguage":"pt-PT","potentialAction":[{"@type":"ReadAction","target":["https:\/\/aquaforest.eu\/pt\/products\/seawater-pt\/foods-and-supplementation-pt\/af-vege-clip\/"]}]},{"@type":"ImageObject","inLanguage":"pt-PT","@id":"https:\/\/aquaforest.eu\/pt\/products\/seawater-pt\/foods-and-supplementation-pt\/af-vege-clip\/#primaryimage","url":"https:\/\/aquaforest.eu\/wp-content\/uploads\/2024\/06\/AF-Vege-Clip.png","contentUrl":"https:\/\/aquaforest.eu\/wp-content\/uploads\/2024\/06\/AF-Vege-Clip.png","width":462,"height":600},{"@type":"BreadcrumbList","@id":"https:\/\/aquaforest.eu\/pt\/products\/seawater-pt\/foods-and-supplementation-pt\/af-vege-clip\/#breadcrumb","itemListElement":[{"@type":"ListItem","position":1,"name":"Home","item":"https:\/\/aquaforest.eu\/pt\/"},{"@type":"ListItem","position":2,"name":"Produtos","item":"https:\/\/aquaforest.eu\/pt\/produtos\/"},{"@type":"ListItem","position":3,"name":"AF Vege Clip"}]},{"@type":"WebSite","@id":"https:\/\/aquaforest.eu\/pt\/#website","url":"https:\/\/aquaforest.eu\/pt\/","name":"Aquaforest","description":"","publisher":{"@id":"https:\/\/aquaforest.eu\/pt\/#organization"},"potentialAction":[{"@type":"SearchAction","target":{"@type":"EntryPoint","urlTemplate":"https:\/\/aquaforest.eu\/pt\/?s={search_term_string}"},"query-input":{"@type":"PropertyValueSpecification","valueRequired":true,"valueName":"search_term_string"}}],"inLanguage":"pt-PT"},{"@type":"Organization","@id":"https:\/\/aquaforest.eu\/pt\/#organization","name":"Aquaforest","url":"https:\/\/aquaforest.eu\/pt\/","logo":{"@type":"ImageObject","inLanguage":"pt-PT","@id":"https:\/\/aquaforest.eu\/pt\/#\/schema\/logo\/image\/","url":"https:\/\/aquaforest.eu\/wp-content\/uploads\/2024\/05\/logotyp-aquaforest.svg","contentUrl":"https:\/\/aquaforest.eu\/wp-content\/uploads\/2024\/05\/logotyp-aquaforest.svg","width":170,"height":22,"caption":"Aquaforest"},"image":{"@id":"https:\/\/aquaforest.eu\/pt\/#\/schema\/logo\/image\/"},"sameAs":["https:\/\/www.facebook.com\/Aquaforest\/","https:\/\/www.instagram.com\/aquaforest.eu\/"]}]}},"_links":{"self":[{"href":"https:\/\/aquaforest.eu\/pt\/wp-json\/wp\/v2\/product\/23395","targetHints":{"allow":["GET"]}}],"collection":[{"href":"https:\/\/aquaforest.eu\/pt\/wp-json\/wp\/v2\/product"}],"about":[{"href":"https:\/\/aquaforest.eu\/pt\/wp-json\/wp\/v2\/types\/product"}],"version-history":[{"count":2,"href":"https:\/\/aquaforest.eu\/pt\/wp-json\/wp\/v2\/product\/23395\/revisions"}],"predecessor-version":[{"id":23882,"href":"https:\/\/aquaforest.eu\/pt\/wp-json\/wp\/v2\/product\/23395\/revisions\/23882"}],"wp:featuredmedia":[{"embeddable":true,"href":"https:\/\/aquaforest.eu\/pt\/wp-json\/wp\/v2\/media\/23397"}],"wp:attachment":[{"href":"https:\/\/aquaforest.eu\/pt\/wp-json\/wp\/v2\/media?parent=23395"}],"wp:term":[{"taxonomy":"product_brand","embeddable":true,"href":"https:\/\/aquaforest.eu\/pt\/wp-json\/wp\/v2\/product_brand?post=23395"},{"taxonomy":"product_cat","embeddable":true,"href":"https:\/\/aquaforest.eu\/pt\/wp-json\/wp\/v2\/product_cat?post=23395"},{"taxonomy":"product_tag","embeddable":true,"href":"https:\/\/aquaforest.eu\/pt\/wp-json\/wp\/v2\/product_tag?post=23395"}],"curies":[{"name":"wp","href":"https:\/\/api.w.org\/{rel}","templated":true}]}}