{"id":23398,"date":"2024-06-26T02:18:16","date_gmt":"2024-06-26T00:18:16","guid":{"rendered":"https:\/\/aquaforest.eu\/products\/sem%20categoria\/af-tiny-fish-feed\/"},"modified":"2025-07-14T13:40:59","modified_gmt":"2025-07-14T11:40:59","slug":"af-tiny-fish-feed","status":"publish","type":"product","link":"https:\/\/aquaforest.eu\/pt\/products\/seawater-pt\/foods-and-supplementation-pt\/af-tiny-fish-feed\/","title":{"rendered":"AF Tiny Fish Feed"},"content":{"rendered":"<p><span style=\"color: #000000;\">Ra\u00e7\u00e3o fundamental e equilibrada para peixes marinhos pequenos, em formato de pequenas part\u00edculas de 1 mm.<\/span><\/p>\n<p><span style=\"color: #000000;\">Esta ra\u00e7\u00e3o rica em prote\u00ednas estimula o crescimento saud\u00e1vel e fortalece a resist\u00eancia, reduzindo o risco de problemas de desenvolvimento.<\/span><\/p>\n<p><span style=\"color: #000000;\">O conte\u00fado de tapioca favorece o funcionamento adequado dos sistemas cardiovascular, muscular e nervoso.<\/span><\/p>\n<p><span style=\"color: #000000;\">Cont\u00e9m gorduras e \u00f3leos animais de alta qualidade, que fortalecem o sistema imunol\u00f3gico e apoiam fun\u00e7\u00f5es vitais do organismo.<\/span><\/p>\n<p>&nbsp;<\/p>\n<p><strong>Tamanho do gr\u00e2nulo:<\/strong>1 mm<\/p>\n<p>&nbsp;<\/p>\n<hr \/>\n<p>&nbsp;<\/p>\n<p><span style=\"color: #000000;\"><strong>O que torna este produto \u00fanico:<br \/>\n<\/strong><\/span><\/p>\n<ul>\n<li><span style=\"color: #000000;\">Ra\u00e7\u00e3o em pellet macio para pequenos peixes ornamentais<\/span><\/li>\n<li><span style=\"color: #000000;\">Composi\u00e7\u00e3o completa e de f\u00e1cil assimila\u00e7\u00e3o<\/span><\/li>\n<li><span style=\"color: #000000;\">Rica em vitaminas e minerais que promovem a sa\u00fade e imunidade<\/span><\/li>\n<li><span style=\"color: #000000;\">Pode ser usada como base da dieta<\/span><\/li>\n<li><span style=\"color: #000000;\">Formulada com ingredientes naturais<\/span><\/li>\n<li><span style=\"color: #000000;\">Suporta todos os processos fisiol\u00f3gicos do corpo<\/span><\/li>\n<li><span style=\"color: #000000;\">Refor\u00e7a o sistema imunol\u00f3gico<\/span><\/li>\n<li><span style=\"color: #000000;\">Ajuda no funcionamento adequado dos sistemas cardiovascular, muscular e nervoso<\/span><\/li>\n<li><span style=\"color: #000000;\">Reduz o risco de anomalias no desenvolvimento<\/span><\/li>\n<li><span style=\"color: #000000;\">Compat\u00edvel com alimentadores autom\u00e1ticos<\/span><\/li>\n<\/ul>\n<p><span style=\"color: #000000;\">Produto de uso exclusivo em aqu\u00e1rios. N\u00e3o indicado para consumo humano. Armazenar em local seco e fresco, fora do alcance de crian\u00e7as.<\/span><\/p>\n<p>&nbsp;<\/p>\n<hr \/>\n<h4 data-fontsize=\"16\" data-lineheight=\"24px\"><\/h4>\n<h4 class=\"fusion-tab-heading fusion-responsive-typography-calculated\" data-fontsize=\"16\" data-lineheight=\"24px\"><span style=\"color: #000000;\">Ingredientes e dosagem<\/span><\/h4>\n<p><span style=\"color: #000000;\"><strong> Ingredientes:<\/strong>\u00a0peixe e derivados, prote\u00edna vegetal, tapioca, \u00f3leo de peixe, antioxidantes.<\/span><\/p>\n<p><span style=\"color: #000000;\"><strong>Aditivos:<\/strong>vit. A 20.000 UI\/kg, vit. C 800 mg\/kg, vit. E 320 mg\/kg, vit. D3 1800 UI\/kg, ferro 46 mg\/kg, iodo 2 mg\/kg, cobre 4 mg\/kg, mangan\u00eas 29 mg\/kg, zinco 96 mg\/kg.<\/span><\/p>\n<p><span style=\"color: #000000;\"><strong>Componentes anal\u00edticos:<\/strong> prote\u00edna bruta 44%, gordura bruta 12,8%, fibra bruta 1,2%, cinzas brutas 6%, umidade 29,2%.<\/span><\/p>\n<p><span style=\"color: #000000;\"><strong>Dosagem:\u00a0<\/strong>alimentar v\u00e1rias vezes ao dia em pequenas por\u00e7\u00f5es. Para nutri\u00e7\u00e3o ideal, recomenda-se alternar com outras ra\u00e7\u00f5es da marca Aquaforest.<\/span><\/p>\n","protected":false},"excerpt":{"rendered":"<p>Ra\u00e7\u00e3o para peixes pequenos e filhotes. Esta ra\u00e7\u00e3o rica em prote\u00ednas estimula o crescimento adequado e fortalece o sistema imunol\u00f3gico<\/p>\n","protected":false},"featured_media":23399,"template":"","meta":{"_acf_changed":false,"content-type":""},"product_brand":[],"product_cat":[1668],"product_tag":[1671,1669,1652,1653],"class_list":{"0":"post-23398","1":"product","2":"type-product","3":"status-publish","4":"has-post-thumbnail","6":"product_cat-foods-and-supplementation-pt","7":"product_tag-aquaforest-pt","8":"product_tag-foods-and-supplementation-pt","9":"product_tag-seawater-aquatic-pt","10":"product_tag-simple-pt","12":"first","13":"instock","14":"taxable","15":"shipping-taxable","16":"purchasable","17":"product-type-simple"},"acf":[],"yoast_head":"<!-- This site is optimized with the Yoast SEO plugin v27.1.1 - https:\/\/yoast.com\/product\/yoast-seo-wordpress\/ -->\n<title>AF Tiny Fish Feed - Aquaforest<\/title>\n<meta name=\"description\" content=\"AF Tiny Fish Feed: tiny food for small fish and fry, enriched with protein and vitamins. A unique formula for healthy development and intense colors.\" \/>\n<meta name=\"robots\" content=\"index, follow, max-snippet:-1, max-image-preview:large, max-video-preview:-1\" \/>\n<link rel=\"canonical\" href=\"https:\/\/aquaforest.eu\/pt\/products\/seawater-pt\/foods-and-supplementation-pt\/af-tiny-fish-feed\/\" \/>\n<meta property=\"og:locale\" content=\"pt_PT\" \/>\n<meta property=\"og:type\" content=\"article\" \/>\n<meta property=\"og:title\" content=\"AF Tiny Fish Feed - Aquaforest\" \/>\n<meta property=\"og:description\" content=\"AF Tiny Fish Feed: tiny food for small fish and fry, enriched with protein and vitamins. A unique formula for healthy development and intense colors.\" \/>\n<meta property=\"og:url\" content=\"https:\/\/aquaforest.eu\/pt\/products\/seawater-pt\/foods-and-supplementation-pt\/af-tiny-fish-feed\/\" \/>\n<meta property=\"og:site_name\" content=\"Aquaforest\" \/>\n<meta property=\"article:publisher\" content=\"https:\/\/www.facebook.com\/Aquaforest\/\" \/>\n<meta property=\"article:modified_time\" content=\"2025-07-14T11:40:59+00:00\" \/>\n<meta property=\"og:image\" content=\"https:\/\/aquaforest.eu\/wp-content\/uploads\/2024\/06\/AF-Tiny-Fish-Feed.png\" \/>\n\t<meta property=\"og:image:width\" content=\"462\" \/>\n\t<meta property=\"og:image:height\" content=\"600\" \/>\n\t<meta property=\"og:image:type\" content=\"image\/png\" \/>\n<meta name=\"twitter:card\" content=\"summary_large_image\" \/>\n<meta name=\"twitter:label1\" content=\"Tempo estimado de leitura\" \/>\n\t<meta name=\"twitter:data1\" content=\"2 minutos\" \/>\n<script type=\"application\/ld+json\" class=\"yoast-schema-graph\">{\"@context\":\"https:\/\/schema.org\",\"@graph\":[{\"@type\":\"WebPage\",\"@id\":\"https:\/\/aquaforest.eu\/pt\/products\/seawater-pt\/foods-and-supplementation-pt\/af-tiny-fish-feed\/\",\"url\":\"https:\/\/aquaforest.eu\/pt\/products\/seawater-pt\/foods-and-supplementation-pt\/af-tiny-fish-feed\/\",\"name\":\"AF Tiny Fish Feed - Aquaforest\",\"isPartOf\":{\"@id\":\"https:\/\/aquaforest.eu\/pt\/#website\"},\"primaryImageOfPage\":{\"@id\":\"https:\/\/aquaforest.eu\/pt\/products\/seawater-pt\/foods-and-supplementation-pt\/af-tiny-fish-feed\/#primaryimage\"},\"image\":{\"@id\":\"https:\/\/aquaforest.eu\/pt\/products\/seawater-pt\/foods-and-supplementation-pt\/af-tiny-fish-feed\/#primaryimage\"},\"thumbnailUrl\":\"https:\/\/aquaforest.eu\/wp-content\/uploads\/2024\/06\/AF-Tiny-Fish-Feed.png\",\"datePublished\":\"2024-06-26T00:18:16+00:00\",\"dateModified\":\"2025-07-14T11:40:59+00:00\",\"description\":\"AF Tiny Fish Feed: tiny food for small fish and fry, enriched with protein and vitamins. A unique formula for healthy development and intense colors.\",\"breadcrumb\":{\"@id\":\"https:\/\/aquaforest.eu\/pt\/products\/seawater-pt\/foods-and-supplementation-pt\/af-tiny-fish-feed\/#breadcrumb\"},\"inLanguage\":\"pt-PT\",\"potentialAction\":[{\"@type\":\"ReadAction\",\"target\":[\"https:\/\/aquaforest.eu\/pt\/products\/seawater-pt\/foods-and-supplementation-pt\/af-tiny-fish-feed\/\"]}]},{\"@type\":\"ImageObject\",\"inLanguage\":\"pt-PT\",\"@id\":\"https:\/\/aquaforest.eu\/pt\/products\/seawater-pt\/foods-and-supplementation-pt\/af-tiny-fish-feed\/#primaryimage\",\"url\":\"https:\/\/aquaforest.eu\/wp-content\/uploads\/2024\/06\/AF-Tiny-Fish-Feed.png\",\"contentUrl\":\"https:\/\/aquaforest.eu\/wp-content\/uploads\/2024\/06\/AF-Tiny-Fish-Feed.png\",\"width\":462,\"height\":600},{\"@type\":\"BreadcrumbList\",\"@id\":\"https:\/\/aquaforest.eu\/pt\/products\/seawater-pt\/foods-and-supplementation-pt\/af-tiny-fish-feed\/#breadcrumb\",\"itemListElement\":[{\"@type\":\"ListItem\",\"position\":1,\"name\":\"Home\",\"item\":\"https:\/\/aquaforest.eu\/pt\/\"},{\"@type\":\"ListItem\",\"position\":2,\"name\":\"Produtos\",\"item\":\"https:\/\/aquaforest.eu\/pt\/produtos\/\"},{\"@type\":\"ListItem\",\"position\":3,\"name\":\"AF Tiny Fish Feed\"}]},{\"@type\":\"WebSite\",\"@id\":\"https:\/\/aquaforest.eu\/pt\/#website\",\"url\":\"https:\/\/aquaforest.eu\/pt\/\",\"name\":\"Aquaforest\",\"description\":\"\",\"publisher\":{\"@id\":\"https:\/\/aquaforest.eu\/pt\/#organization\"},\"potentialAction\":[{\"@type\":\"SearchAction\",\"target\":{\"@type\":\"EntryPoint\",\"urlTemplate\":\"https:\/\/aquaforest.eu\/pt\/?s={search_term_string}\"},\"query-input\":{\"@type\":\"PropertyValueSpecification\",\"valueRequired\":true,\"valueName\":\"search_term_string\"}}],\"inLanguage\":\"pt-PT\"},{\"@type\":\"Organization\",\"@id\":\"https:\/\/aquaforest.eu\/pt\/#organization\",\"name\":\"Aquaforest\",\"url\":\"https:\/\/aquaforest.eu\/pt\/\",\"logo\":{\"@type\":\"ImageObject\",\"inLanguage\":\"pt-PT\",\"@id\":\"https:\/\/aquaforest.eu\/pt\/#\/schema\/logo\/image\/\",\"url\":\"https:\/\/aquaforest.eu\/wp-content\/uploads\/2024\/05\/logotyp-aquaforest.svg\",\"contentUrl\":\"https:\/\/aquaforest.eu\/wp-content\/uploads\/2024\/05\/logotyp-aquaforest.svg\",\"width\":170,\"height\":22,\"caption\":\"Aquaforest\"},\"image\":{\"@id\":\"https:\/\/aquaforest.eu\/pt\/#\/schema\/logo\/image\/\"},\"sameAs\":[\"https:\/\/www.facebook.com\/Aquaforest\/\",\"https:\/\/www.instagram.com\/aquaforest.eu\/\"]}]}<\/script>\n<!-- \/ Yoast SEO plugin. -->","yoast_head_json":{"title":"AF Tiny Fish Feed - Aquaforest","description":"AF Tiny Fish Feed: tiny food for small fish and fry, enriched with protein and vitamins. A unique formula for healthy development and intense colors.","robots":{"index":"index","follow":"follow","max-snippet":"max-snippet:-1","max-image-preview":"max-image-preview:large","max-video-preview":"max-video-preview:-1"},"canonical":"https:\/\/aquaforest.eu\/pt\/products\/seawater-pt\/foods-and-supplementation-pt\/af-tiny-fish-feed\/","og_locale":"pt_PT","og_type":"article","og_title":"AF Tiny Fish Feed - Aquaforest","og_description":"AF Tiny Fish Feed: tiny food for small fish and fry, enriched with protein and vitamins. A unique formula for healthy development and intense colors.","og_url":"https:\/\/aquaforest.eu\/pt\/products\/seawater-pt\/foods-and-supplementation-pt\/af-tiny-fish-feed\/","og_site_name":"Aquaforest","article_publisher":"https:\/\/www.facebook.com\/Aquaforest\/","article_modified_time":"2025-07-14T11:40:59+00:00","og_image":[{"width":462,"height":600,"url":"https:\/\/aquaforest.eu\/wp-content\/uploads\/2024\/06\/AF-Tiny-Fish-Feed.png","type":"image\/png"}],"twitter_card":"summary_large_image","twitter_misc":{"Tempo estimado de leitura":"2 minutos"},"schema":{"@context":"https:\/\/schema.org","@graph":[{"@type":"WebPage","@id":"https:\/\/aquaforest.eu\/pt\/products\/seawater-pt\/foods-and-supplementation-pt\/af-tiny-fish-feed\/","url":"https:\/\/aquaforest.eu\/pt\/products\/seawater-pt\/foods-and-supplementation-pt\/af-tiny-fish-feed\/","name":"AF Tiny Fish Feed - Aquaforest","isPartOf":{"@id":"https:\/\/aquaforest.eu\/pt\/#website"},"primaryImageOfPage":{"@id":"https:\/\/aquaforest.eu\/pt\/products\/seawater-pt\/foods-and-supplementation-pt\/af-tiny-fish-feed\/#primaryimage"},"image":{"@id":"https:\/\/aquaforest.eu\/pt\/products\/seawater-pt\/foods-and-supplementation-pt\/af-tiny-fish-feed\/#primaryimage"},"thumbnailUrl":"https:\/\/aquaforest.eu\/wp-content\/uploads\/2024\/06\/AF-Tiny-Fish-Feed.png","datePublished":"2024-06-26T00:18:16+00:00","dateModified":"2025-07-14T11:40:59+00:00","description":"AF Tiny Fish Feed: tiny food for small fish and fry, enriched with protein and vitamins. A unique formula for healthy development and intense colors.","breadcrumb":{"@id":"https:\/\/aquaforest.eu\/pt\/products\/seawater-pt\/foods-and-supplementation-pt\/af-tiny-fish-feed\/#breadcrumb"},"inLanguage":"pt-PT","potentialAction":[{"@type":"ReadAction","target":["https:\/\/aquaforest.eu\/pt\/products\/seawater-pt\/foods-and-supplementation-pt\/af-tiny-fish-feed\/"]}]},{"@type":"ImageObject","inLanguage":"pt-PT","@id":"https:\/\/aquaforest.eu\/pt\/products\/seawater-pt\/foods-and-supplementation-pt\/af-tiny-fish-feed\/#primaryimage","url":"https:\/\/aquaforest.eu\/wp-content\/uploads\/2024\/06\/AF-Tiny-Fish-Feed.png","contentUrl":"https:\/\/aquaforest.eu\/wp-content\/uploads\/2024\/06\/AF-Tiny-Fish-Feed.png","width":462,"height":600},{"@type":"BreadcrumbList","@id":"https:\/\/aquaforest.eu\/pt\/products\/seawater-pt\/foods-and-supplementation-pt\/af-tiny-fish-feed\/#breadcrumb","itemListElement":[{"@type":"ListItem","position":1,"name":"Home","item":"https:\/\/aquaforest.eu\/pt\/"},{"@type":"ListItem","position":2,"name":"Produtos","item":"https:\/\/aquaforest.eu\/pt\/produtos\/"},{"@type":"ListItem","position":3,"name":"AF Tiny Fish Feed"}]},{"@type":"WebSite","@id":"https:\/\/aquaforest.eu\/pt\/#website","url":"https:\/\/aquaforest.eu\/pt\/","name":"Aquaforest","description":"","publisher":{"@id":"https:\/\/aquaforest.eu\/pt\/#organization"},"potentialAction":[{"@type":"SearchAction","target":{"@type":"EntryPoint","urlTemplate":"https:\/\/aquaforest.eu\/pt\/?s={search_term_string}"},"query-input":{"@type":"PropertyValueSpecification","valueRequired":true,"valueName":"search_term_string"}}],"inLanguage":"pt-PT"},{"@type":"Organization","@id":"https:\/\/aquaforest.eu\/pt\/#organization","name":"Aquaforest","url":"https:\/\/aquaforest.eu\/pt\/","logo":{"@type":"ImageObject","inLanguage":"pt-PT","@id":"https:\/\/aquaforest.eu\/pt\/#\/schema\/logo\/image\/","url":"https:\/\/aquaforest.eu\/wp-content\/uploads\/2024\/05\/logotyp-aquaforest.svg","contentUrl":"https:\/\/aquaforest.eu\/wp-content\/uploads\/2024\/05\/logotyp-aquaforest.svg","width":170,"height":22,"caption":"Aquaforest"},"image":{"@id":"https:\/\/aquaforest.eu\/pt\/#\/schema\/logo\/image\/"},"sameAs":["https:\/\/www.facebook.com\/Aquaforest\/","https:\/\/www.instagram.com\/aquaforest.eu\/"]}]}},"_links":{"self":[{"href":"https:\/\/aquaforest.eu\/pt\/wp-json\/wp\/v2\/product\/23398","targetHints":{"allow":["GET"]}}],"collection":[{"href":"https:\/\/aquaforest.eu\/pt\/wp-json\/wp\/v2\/product"}],"about":[{"href":"https:\/\/aquaforest.eu\/pt\/wp-json\/wp\/v2\/types\/product"}],"version-history":[{"count":2,"href":"https:\/\/aquaforest.eu\/pt\/wp-json\/wp\/v2\/product\/23398\/revisions"}],"predecessor-version":[{"id":23874,"href":"https:\/\/aquaforest.eu\/pt\/wp-json\/wp\/v2\/product\/23398\/revisions\/23874"}],"wp:featuredmedia":[{"embeddable":true,"href":"https:\/\/aquaforest.eu\/pt\/wp-json\/wp\/v2\/media\/23399"}],"wp:attachment":[{"href":"https:\/\/aquaforest.eu\/pt\/wp-json\/wp\/v2\/media?parent=23398"}],"wp:term":[{"taxonomy":"product_brand","embeddable":true,"href":"https:\/\/aquaforest.eu\/pt\/wp-json\/wp\/v2\/product_brand?post=23398"},{"taxonomy":"product_cat","embeddable":true,"href":"https:\/\/aquaforest.eu\/pt\/wp-json\/wp\/v2\/product_cat?post=23398"},{"taxonomy":"product_tag","embeddable":true,"href":"https:\/\/aquaforest.eu\/pt\/wp-json\/wp\/v2\/product_tag?post=23398"}],"curies":[{"name":"wp","href":"https:\/\/api.w.org\/{rel}","templated":true}]}}