{"id":23404,"date":"2024-06-26T02:18:15","date_gmt":"2024-06-26T00:18:15","guid":{"rendered":"https:\/\/aquaforest.eu\/products\/sem%20categoria\/af-zoa-food\/"},"modified":"2025-07-14T13:52:27","modified_gmt":"2025-07-14T11:52:27","slug":"af-zoa-food","status":"publish","type":"product","link":"https:\/\/aquaforest.eu\/pt\/products\/seawater-pt\/foods-and-supplementation-pt\/af-zoa-food\/","title":{"rendered":"AF Zoa Food"},"content":{"rendered":"<p>Alimento em p\u00f3 dedicado principalmente a Zoanthus, Ricordea, Rhodactis e outros corais do tipo \u201cmushroom\u201d. Mistura vegetal cuidadosamente selecionada, desenvolvida para atender todas as necessidades desses corais. AF Zoa Food \u00e9 enriquecido com um conjunto especial de vitaminas que atende perfeitamente \u00e0s necessidades desses organismos. Ao complementar a composi\u00e7\u00e3o com um blend vitam\u00ednico, AF Zoa Food promove crescimento saud\u00e1vel e intenso. Fornece os nutrientes mais importantes, melhorando a colora\u00e7\u00e3o e acelerando o desenvolvimento.<\/p>\n<p><strong>Dosagem:<\/strong>1 colher dosadora para cada 100 l (27 US gal) de \u00e1gua.<br \/>\n Encha um pequeno recipiente com aproximadamente 20 ml de \u00e1gua do aqu\u00e1rio, adicione uma colher de AF Zoa Food e misture por um minuto. Despeje a suspens\u00e3o diretamente no aqu\u00e1rio ou utilize uma pipeta para alimentar corais espec\u00edficos. Utilizar pelo menos uma vez por semana. Em aqu\u00e1rios maduros e densamente povoados, o produto pode ser usado com maior frequ\u00eancia, at\u00e9 mesmo diariamente.<\/p>\n<p>Todos os alimentos em p\u00f3 t\u00eam dosagem recomendada de 1 colher dosadora por 100 l de \u00e1gua, por\u00e9m, cada aqu\u00e1rio \u00e9 \u00fanico e a dosagem pode variar de acordo com os tipos de corais presentes. Recomendamos iniciar com metade da dose (ou at\u00e9 \u00bc) e observar a resposta dos corais. Se n\u00e3o houver sinais de excesso, aumentar gradualmente at\u00e9 atingir a dosagem completa. Corais como Zoanthus, Ricordea e outros do tipo &#8220;mushroom&#8221; devem ser alimentados durante o dia. Para facilitar a absor\u00e7\u00e3o, SPS e LPS devem ser alimentados ap\u00f3s apagar as luzes. Recomendamos desligar o skimmer por cerca de uma hora durante a alimenta\u00e7\u00e3o.<\/p>\n","protected":false},"excerpt":{"rendered":"<p>Mistura vegetal cuidadosamente selecionada, desenvolvida para atender todas as necessidades de Zoanthus e corais tipo \u201cmushroom\u201d.<\/p>\n","protected":false},"featured_media":23405,"template":"","meta":{"_acf_changed":false,"content-type":""},"product_brand":[],"product_cat":[1668],"product_tag":[1671,1669,1652,1653],"class_list":{"0":"post-23404","1":"product","2":"type-product","3":"status-publish","4":"has-post-thumbnail","6":"product_cat-foods-and-supplementation-pt","7":"product_tag-aquaforest-pt","8":"product_tag-foods-and-supplementation-pt","9":"product_tag-seawater-aquatic-pt","10":"product_tag-simple-pt","12":"first","13":"instock","14":"taxable","15":"shipping-taxable","16":"purchasable","17":"product-type-simple"},"acf":[],"yoast_head":"<!-- This site is optimized with the Yoast SEO plugin v27.1.1 - https:\/\/yoast.com\/product\/yoast-seo-wordpress\/ -->\n<title>AF Zoa Food - Aquaforest<\/title>\n<meta name=\"description\" content=\"AF Zoa Food by Aquaforest: specialist food for zoanthus and other corals, enriched with essential nutrients. Unique formula for healthy growth and intense coloring.\" \/>\n<meta name=\"robots\" content=\"index, follow, max-snippet:-1, max-image-preview:large, max-video-preview:-1\" \/>\n<link rel=\"canonical\" href=\"https:\/\/aquaforest.eu\/pt\/products\/seawater-pt\/foods-and-supplementation-pt\/af-zoa-food\/\" \/>\n<meta property=\"og:locale\" content=\"pt_PT\" \/>\n<meta property=\"og:type\" content=\"article\" \/>\n<meta property=\"og:title\" content=\"AF Zoa Food - Aquaforest\" \/>\n<meta property=\"og:description\" content=\"AF Zoa Food by Aquaforest: specialist food for zoanthus and other corals, enriched with essential nutrients. Unique formula for healthy growth and intense coloring.\" \/>\n<meta property=\"og:url\" content=\"https:\/\/aquaforest.eu\/pt\/products\/seawater-pt\/foods-and-supplementation-pt\/af-zoa-food\/\" \/>\n<meta property=\"og:site_name\" content=\"Aquaforest\" \/>\n<meta property=\"article:publisher\" content=\"https:\/\/www.facebook.com\/Aquaforest\/\" \/>\n<meta property=\"article:modified_time\" content=\"2025-07-14T11:52:27+00:00\" \/>\n<meta property=\"og:image\" content=\"https:\/\/aquaforest.eu\/wp-content\/uploads\/2024\/06\/AF-Zoa-Food.png\" \/>\n\t<meta property=\"og:image:width\" content=\"570\" \/>\n\t<meta property=\"og:image:height\" content=\"600\" \/>\n\t<meta property=\"og:image:type\" content=\"image\/png\" \/>\n<meta name=\"twitter:card\" content=\"summary_large_image\" \/>\n<meta name=\"twitter:label1\" content=\"Tempo estimado de leitura\" \/>\n\t<meta name=\"twitter:data1\" content=\"2 minutos\" \/>\n<script type=\"application\/ld+json\" class=\"yoast-schema-graph\">{\"@context\":\"https:\/\/schema.org\",\"@graph\":[{\"@type\":\"WebPage\",\"@id\":\"https:\/\/aquaforest.eu\/pt\/products\/seawater-pt\/foods-and-supplementation-pt\/af-zoa-food\/\",\"url\":\"https:\/\/aquaforest.eu\/pt\/products\/seawater-pt\/foods-and-supplementation-pt\/af-zoa-food\/\",\"name\":\"AF Zoa Food - Aquaforest\",\"isPartOf\":{\"@id\":\"https:\/\/aquaforest.eu\/pt\/#website\"},\"primaryImageOfPage\":{\"@id\":\"https:\/\/aquaforest.eu\/pt\/products\/seawater-pt\/foods-and-supplementation-pt\/af-zoa-food\/#primaryimage\"},\"image\":{\"@id\":\"https:\/\/aquaforest.eu\/pt\/products\/seawater-pt\/foods-and-supplementation-pt\/af-zoa-food\/#primaryimage\"},\"thumbnailUrl\":\"https:\/\/aquaforest.eu\/wp-content\/uploads\/2024\/06\/AF-Zoa-Food.png\",\"datePublished\":\"2024-06-26T00:18:15+00:00\",\"dateModified\":\"2025-07-14T11:52:27+00:00\",\"description\":\"AF Zoa Food by Aquaforest: specialist food for zoanthus and other corals, enriched with essential nutrients. Unique formula for healthy growth and intense coloring.\",\"breadcrumb\":{\"@id\":\"https:\/\/aquaforest.eu\/pt\/products\/seawater-pt\/foods-and-supplementation-pt\/af-zoa-food\/#breadcrumb\"},\"inLanguage\":\"pt-PT\",\"potentialAction\":[{\"@type\":\"ReadAction\",\"target\":[\"https:\/\/aquaforest.eu\/pt\/products\/seawater-pt\/foods-and-supplementation-pt\/af-zoa-food\/\"]}]},{\"@type\":\"ImageObject\",\"inLanguage\":\"pt-PT\",\"@id\":\"https:\/\/aquaforest.eu\/pt\/products\/seawater-pt\/foods-and-supplementation-pt\/af-zoa-food\/#primaryimage\",\"url\":\"https:\/\/aquaforest.eu\/wp-content\/uploads\/2024\/06\/AF-Zoa-Food.png\",\"contentUrl\":\"https:\/\/aquaforest.eu\/wp-content\/uploads\/2024\/06\/AF-Zoa-Food.png\",\"width\":570,\"height\":600},{\"@type\":\"BreadcrumbList\",\"@id\":\"https:\/\/aquaforest.eu\/pt\/products\/seawater-pt\/foods-and-supplementation-pt\/af-zoa-food\/#breadcrumb\",\"itemListElement\":[{\"@type\":\"ListItem\",\"position\":1,\"name\":\"Home\",\"item\":\"https:\/\/aquaforest.eu\/pt\/\"},{\"@type\":\"ListItem\",\"position\":2,\"name\":\"Produtos\",\"item\":\"https:\/\/aquaforest.eu\/pt\/produtos\/\"},{\"@type\":\"ListItem\",\"position\":3,\"name\":\"AF Zoa Food\"}]},{\"@type\":\"WebSite\",\"@id\":\"https:\/\/aquaforest.eu\/pt\/#website\",\"url\":\"https:\/\/aquaforest.eu\/pt\/\",\"name\":\"Aquaforest\",\"description\":\"\",\"publisher\":{\"@id\":\"https:\/\/aquaforest.eu\/pt\/#organization\"},\"potentialAction\":[{\"@type\":\"SearchAction\",\"target\":{\"@type\":\"EntryPoint\",\"urlTemplate\":\"https:\/\/aquaforest.eu\/pt\/?s={search_term_string}\"},\"query-input\":{\"@type\":\"PropertyValueSpecification\",\"valueRequired\":true,\"valueName\":\"search_term_string\"}}],\"inLanguage\":\"pt-PT\"},{\"@type\":\"Organization\",\"@id\":\"https:\/\/aquaforest.eu\/pt\/#organization\",\"name\":\"Aquaforest\",\"url\":\"https:\/\/aquaforest.eu\/pt\/\",\"logo\":{\"@type\":\"ImageObject\",\"inLanguage\":\"pt-PT\",\"@id\":\"https:\/\/aquaforest.eu\/pt\/#\/schema\/logo\/image\/\",\"url\":\"https:\/\/aquaforest.eu\/wp-content\/uploads\/2024\/05\/logotyp-aquaforest.svg\",\"contentUrl\":\"https:\/\/aquaforest.eu\/wp-content\/uploads\/2024\/05\/logotyp-aquaforest.svg\",\"width\":170,\"height\":22,\"caption\":\"Aquaforest\"},\"image\":{\"@id\":\"https:\/\/aquaforest.eu\/pt\/#\/schema\/logo\/image\/\"},\"sameAs\":[\"https:\/\/www.facebook.com\/Aquaforest\/\",\"https:\/\/www.instagram.com\/aquaforest.eu\/\"]}]}<\/script>\n<!-- \/ Yoast SEO plugin. -->","yoast_head_json":{"title":"AF Zoa Food - Aquaforest","description":"AF Zoa Food by Aquaforest: specialist food for zoanthus and other corals, enriched with essential nutrients. Unique formula for healthy growth and intense coloring.","robots":{"index":"index","follow":"follow","max-snippet":"max-snippet:-1","max-image-preview":"max-image-preview:large","max-video-preview":"max-video-preview:-1"},"canonical":"https:\/\/aquaforest.eu\/pt\/products\/seawater-pt\/foods-and-supplementation-pt\/af-zoa-food\/","og_locale":"pt_PT","og_type":"article","og_title":"AF Zoa Food - Aquaforest","og_description":"AF Zoa Food by Aquaforest: specialist food for zoanthus and other corals, enriched with essential nutrients. Unique formula for healthy growth and intense coloring.","og_url":"https:\/\/aquaforest.eu\/pt\/products\/seawater-pt\/foods-and-supplementation-pt\/af-zoa-food\/","og_site_name":"Aquaforest","article_publisher":"https:\/\/www.facebook.com\/Aquaforest\/","article_modified_time":"2025-07-14T11:52:27+00:00","og_image":[{"width":570,"height":600,"url":"https:\/\/aquaforest.eu\/wp-content\/uploads\/2024\/06\/AF-Zoa-Food.png","type":"image\/png"}],"twitter_card":"summary_large_image","twitter_misc":{"Tempo estimado de leitura":"2 minutos"},"schema":{"@context":"https:\/\/schema.org","@graph":[{"@type":"WebPage","@id":"https:\/\/aquaforest.eu\/pt\/products\/seawater-pt\/foods-and-supplementation-pt\/af-zoa-food\/","url":"https:\/\/aquaforest.eu\/pt\/products\/seawater-pt\/foods-and-supplementation-pt\/af-zoa-food\/","name":"AF Zoa Food - Aquaforest","isPartOf":{"@id":"https:\/\/aquaforest.eu\/pt\/#website"},"primaryImageOfPage":{"@id":"https:\/\/aquaforest.eu\/pt\/products\/seawater-pt\/foods-and-supplementation-pt\/af-zoa-food\/#primaryimage"},"image":{"@id":"https:\/\/aquaforest.eu\/pt\/products\/seawater-pt\/foods-and-supplementation-pt\/af-zoa-food\/#primaryimage"},"thumbnailUrl":"https:\/\/aquaforest.eu\/wp-content\/uploads\/2024\/06\/AF-Zoa-Food.png","datePublished":"2024-06-26T00:18:15+00:00","dateModified":"2025-07-14T11:52:27+00:00","description":"AF Zoa Food by Aquaforest: specialist food for zoanthus and other corals, enriched with essential nutrients. Unique formula for healthy growth and intense coloring.","breadcrumb":{"@id":"https:\/\/aquaforest.eu\/pt\/products\/seawater-pt\/foods-and-supplementation-pt\/af-zoa-food\/#breadcrumb"},"inLanguage":"pt-PT","potentialAction":[{"@type":"ReadAction","target":["https:\/\/aquaforest.eu\/pt\/products\/seawater-pt\/foods-and-supplementation-pt\/af-zoa-food\/"]}]},{"@type":"ImageObject","inLanguage":"pt-PT","@id":"https:\/\/aquaforest.eu\/pt\/products\/seawater-pt\/foods-and-supplementation-pt\/af-zoa-food\/#primaryimage","url":"https:\/\/aquaforest.eu\/wp-content\/uploads\/2024\/06\/AF-Zoa-Food.png","contentUrl":"https:\/\/aquaforest.eu\/wp-content\/uploads\/2024\/06\/AF-Zoa-Food.png","width":570,"height":600},{"@type":"BreadcrumbList","@id":"https:\/\/aquaforest.eu\/pt\/products\/seawater-pt\/foods-and-supplementation-pt\/af-zoa-food\/#breadcrumb","itemListElement":[{"@type":"ListItem","position":1,"name":"Home","item":"https:\/\/aquaforest.eu\/pt\/"},{"@type":"ListItem","position":2,"name":"Produtos","item":"https:\/\/aquaforest.eu\/pt\/produtos\/"},{"@type":"ListItem","position":3,"name":"AF Zoa Food"}]},{"@type":"WebSite","@id":"https:\/\/aquaforest.eu\/pt\/#website","url":"https:\/\/aquaforest.eu\/pt\/","name":"Aquaforest","description":"","publisher":{"@id":"https:\/\/aquaforest.eu\/pt\/#organization"},"potentialAction":[{"@type":"SearchAction","target":{"@type":"EntryPoint","urlTemplate":"https:\/\/aquaforest.eu\/pt\/?s={search_term_string}"},"query-input":{"@type":"PropertyValueSpecification","valueRequired":true,"valueName":"search_term_string"}}],"inLanguage":"pt-PT"},{"@type":"Organization","@id":"https:\/\/aquaforest.eu\/pt\/#organization","name":"Aquaforest","url":"https:\/\/aquaforest.eu\/pt\/","logo":{"@type":"ImageObject","inLanguage":"pt-PT","@id":"https:\/\/aquaforest.eu\/pt\/#\/schema\/logo\/image\/","url":"https:\/\/aquaforest.eu\/wp-content\/uploads\/2024\/05\/logotyp-aquaforest.svg","contentUrl":"https:\/\/aquaforest.eu\/wp-content\/uploads\/2024\/05\/logotyp-aquaforest.svg","width":170,"height":22,"caption":"Aquaforest"},"image":{"@id":"https:\/\/aquaforest.eu\/pt\/#\/schema\/logo\/image\/"},"sameAs":["https:\/\/www.facebook.com\/Aquaforest\/","https:\/\/www.instagram.com\/aquaforest.eu\/"]}]}},"_links":{"self":[{"href":"https:\/\/aquaforest.eu\/pt\/wp-json\/wp\/v2\/product\/23404","targetHints":{"allow":["GET"]}}],"collection":[{"href":"https:\/\/aquaforest.eu\/pt\/wp-json\/wp\/v2\/product"}],"about":[{"href":"https:\/\/aquaforest.eu\/pt\/wp-json\/wp\/v2\/types\/product"}],"version-history":[{"count":1,"href":"https:\/\/aquaforest.eu\/pt\/wp-json\/wp\/v2\/product\/23404\/revisions"}],"predecessor-version":[{"id":23897,"href":"https:\/\/aquaforest.eu\/pt\/wp-json\/wp\/v2\/product\/23404\/revisions\/23897"}],"wp:featuredmedia":[{"embeddable":true,"href":"https:\/\/aquaforest.eu\/pt\/wp-json\/wp\/v2\/media\/23405"}],"wp:attachment":[{"href":"https:\/\/aquaforest.eu\/pt\/wp-json\/wp\/v2\/media?parent=23404"}],"wp:term":[{"taxonomy":"product_brand","embeddable":true,"href":"https:\/\/aquaforest.eu\/pt\/wp-json\/wp\/v2\/product_brand?post=23404"},{"taxonomy":"product_cat","embeddable":true,"href":"https:\/\/aquaforest.eu\/pt\/wp-json\/wp\/v2\/product_cat?post=23404"},{"taxonomy":"product_tag","embeddable":true,"href":"https:\/\/aquaforest.eu\/pt\/wp-json\/wp\/v2\/product_tag?post=23404"}],"curies":[{"name":"wp","href":"https:\/\/api.w.org\/{rel}","templated":true}]}}