{"id":23422,"date":"2024-06-26T02:18:10","date_gmt":"2024-06-26T00:18:10","guid":{"rendered":"https:\/\/aquaforest.eu\/products\/sem%20categoria\/af130-media-reactor\/"},"modified":"2025-07-14T13:56:06","modified_gmt":"2025-07-14T11:56:06","slug":"af130-media-reactor","status":"publish","type":"product","link":"https:\/\/aquaforest.eu\/pt\/products\/seawater-pt\/aquarium-equipment\/af130-media-reactor\/","title":{"rendered":"AF130 Media Reactor"},"content":{"rendered":"<p>Filtro de fluidiza\u00e7\u00e3o universal de alt\u00edssima qualidade, desenvolvido para uso com diversos tipos de m\u00eddias filtrantes. Funciona com carv\u00e3o ativado, adsorventes de fosfato e ze\u00f3litas. Projetado por engenheiros e aquaristas, garante a filtragem mais eficiente mesmo nos aqu\u00e1rios marinhos mais exigentes. Seu design exclusivo e veda\u00e7\u00e3o superior permitem sua instala\u00e7\u00e3o tanto no sump quanto externamente ao aqu\u00e1rio. Isso o torna ideal mesmo quando n\u00e3o h\u00e1 espa\u00e7o no sump. Produzido com os melhores materiais, \u00e9 resistente a riscos e descolora\u00e7\u00e3o. O design ergon\u00f4mico e o sistema inteligente de abertura girat\u00f3ria garantem conforto no uso e troca de m\u00eddia f\u00e1cil e r\u00e1pida. As esponjas internas evitam que o meio filtrante escape para a \u00e1gua.<\/p>\n<p>Recomenda-se o uso com a mistura ideal de m\u00eddias Aquaforest (Carbon, Phosphate Minus, Zeo Mix).<\/p>\n<p><strong>Caracter\u00edsticas:<\/strong><\/p>\n<ul>\n<li>Abertura inteligente com sistema de giro<\/li>\n<li>Troca f\u00e1cil de m\u00eddia<\/li>\n<li>Altura dos filtros ajust\u00e1vel<\/li>\n<li>Totalmente vedado \u2013 pode ser usado fora do sump<\/li>\n<li>Conectores de mangueira inclu\u00eddos<\/li>\n<li>Resistente a riscos e desbotamento<\/li>\n<\/ul>\n<p><strong>Dimens\u00f5es:<\/strong><\/p>\n<p>Capacidade: 5000 ml (169 fl. oz.)<br \/>\nAltura: 45.5 cm (17.9\u2033)<br \/>\nDi\u00e2metro da base: 16.3 cm\u00a0 (6.4\u2033)<br \/>\n Di\u00e2metro do tubo acr\u00edlico:\u00a0 133 mm (5.2\u2033)<br \/>\nDi\u00e2metro das conex\u00f5es: 23 mm (1\u2033)<\/p>\n","protected":false},"excerpt":{"rendered":"<p>Filtro de fluidiza\u00e7\u00e3o da mais alta qualidade. Compat\u00edvel com carv\u00e3o ativado, adsorventes de fosfato e ze\u00f3litas.<\/p>\n","protected":false},"featured_media":23423,"template":"","meta":{"_acf_changed":false,"content-type":""},"product_brand":[],"product_cat":[1715],"product_tag":[1671,1716,1652,1653],"class_list":{"0":"post-23422","1":"product","2":"type-product","3":"status-publish","4":"has-post-thumbnail","6":"product_cat-aquarium-equipment","7":"product_tag-aquaforest-pt","8":"product_tag-aquarium-equipment-pt","9":"product_tag-seawater-aquatic-pt","10":"product_tag-simple-pt","12":"first","13":"instock","14":"taxable","15":"shipping-taxable","16":"purchasable","17":"product-type-simple"},"acf":[],"yoast_head":"<!-- This site is optimized with the Yoast SEO plugin v27.1.1 - https:\/\/yoast.com\/product\/yoast-seo-wordpress\/ -->\n<title>AF130 Media Reactor - Aquaforest<\/title>\n<meta name=\"description\" content=\"AF130 Media Reactor - The highest quality universal flow filter for use with various filter media.\" \/>\n<meta name=\"robots\" content=\"index, follow, max-snippet:-1, max-image-preview:large, max-video-preview:-1\" \/>\n<link rel=\"canonical\" href=\"https:\/\/aquaforest.eu\/pt\/products\/seawater-pt\/aquarium-equipment\/af130-media-reactor\/\" \/>\n<meta property=\"og:locale\" content=\"pt_PT\" \/>\n<meta property=\"og:type\" content=\"article\" \/>\n<meta property=\"og:title\" content=\"AF130 Media Reactor - Aquaforest\" \/>\n<meta property=\"og:description\" content=\"AF130 Media Reactor - The highest quality universal flow filter for use with various filter media.\" \/>\n<meta property=\"og:url\" content=\"https:\/\/aquaforest.eu\/pt\/products\/seawater-pt\/aquarium-equipment\/af130-media-reactor\/\" \/>\n<meta property=\"og:site_name\" content=\"Aquaforest\" \/>\n<meta property=\"article:publisher\" content=\"https:\/\/www.facebook.com\/Aquaforest\/\" \/>\n<meta property=\"article:modified_time\" content=\"2025-07-14T11:56:06+00:00\" \/>\n<meta property=\"og:image\" content=\"https:\/\/aquaforest.eu\/wp-content\/uploads\/2024\/06\/AF130_MEDIA.png\" \/>\n\t<meta property=\"og:image:width\" content=\"356\" \/>\n\t<meta property=\"og:image:height\" content=\"600\" \/>\n\t<meta property=\"og:image:type\" content=\"image\/png\" \/>\n<meta name=\"twitter:card\" content=\"summary_large_image\" \/>\n<meta name=\"twitter:label1\" content=\"Tempo estimado de leitura\" \/>\n\t<meta name=\"twitter:data1\" content=\"2 minutos\" \/>\n<script type=\"application\/ld+json\" class=\"yoast-schema-graph\">{\"@context\":\"https:\/\/schema.org\",\"@graph\":[{\"@type\":\"WebPage\",\"@id\":\"https:\/\/aquaforest.eu\/pt\/products\/seawater-pt\/aquarium-equipment\/af130-media-reactor\/\",\"url\":\"https:\/\/aquaforest.eu\/pt\/products\/seawater-pt\/aquarium-equipment\/af130-media-reactor\/\",\"name\":\"AF130 Media Reactor - Aquaforest\",\"isPartOf\":{\"@id\":\"https:\/\/aquaforest.eu\/pt\/#website\"},\"primaryImageOfPage\":{\"@id\":\"https:\/\/aquaforest.eu\/pt\/products\/seawater-pt\/aquarium-equipment\/af130-media-reactor\/#primaryimage\"},\"image\":{\"@id\":\"https:\/\/aquaforest.eu\/pt\/products\/seawater-pt\/aquarium-equipment\/af130-media-reactor\/#primaryimage\"},\"thumbnailUrl\":\"https:\/\/aquaforest.eu\/wp-content\/uploads\/2024\/06\/AF130_MEDIA.png\",\"datePublished\":\"2024-06-26T00:18:10+00:00\",\"dateModified\":\"2025-07-14T11:56:06+00:00\",\"description\":\"AF130 Media Reactor - The highest quality universal flow filter for use with various filter media.\",\"breadcrumb\":{\"@id\":\"https:\/\/aquaforest.eu\/pt\/products\/seawater-pt\/aquarium-equipment\/af130-media-reactor\/#breadcrumb\"},\"inLanguage\":\"pt-PT\",\"potentialAction\":[{\"@type\":\"ReadAction\",\"target\":[\"https:\/\/aquaforest.eu\/pt\/products\/seawater-pt\/aquarium-equipment\/af130-media-reactor\/\"]}]},{\"@type\":\"ImageObject\",\"inLanguage\":\"pt-PT\",\"@id\":\"https:\/\/aquaforest.eu\/pt\/products\/seawater-pt\/aquarium-equipment\/af130-media-reactor\/#primaryimage\",\"url\":\"https:\/\/aquaforest.eu\/wp-content\/uploads\/2024\/06\/AF130_MEDIA.png\",\"contentUrl\":\"https:\/\/aquaforest.eu\/wp-content\/uploads\/2024\/06\/AF130_MEDIA.png\",\"width\":356,\"height\":600},{\"@type\":\"BreadcrumbList\",\"@id\":\"https:\/\/aquaforest.eu\/pt\/products\/seawater-pt\/aquarium-equipment\/af130-media-reactor\/#breadcrumb\",\"itemListElement\":[{\"@type\":\"ListItem\",\"position\":1,\"name\":\"Home\",\"item\":\"https:\/\/aquaforest.eu\/pt\/\"},{\"@type\":\"ListItem\",\"position\":2,\"name\":\"Produtos\",\"item\":\"https:\/\/aquaforest.eu\/pt\/produtos\/\"},{\"@type\":\"ListItem\",\"position\":3,\"name\":\"AF130 Media Reactor\"}]},{\"@type\":\"WebSite\",\"@id\":\"https:\/\/aquaforest.eu\/pt\/#website\",\"url\":\"https:\/\/aquaforest.eu\/pt\/\",\"name\":\"Aquaforest\",\"description\":\"\",\"publisher\":{\"@id\":\"https:\/\/aquaforest.eu\/pt\/#organization\"},\"potentialAction\":[{\"@type\":\"SearchAction\",\"target\":{\"@type\":\"EntryPoint\",\"urlTemplate\":\"https:\/\/aquaforest.eu\/pt\/?s={search_term_string}\"},\"query-input\":{\"@type\":\"PropertyValueSpecification\",\"valueRequired\":true,\"valueName\":\"search_term_string\"}}],\"inLanguage\":\"pt-PT\"},{\"@type\":\"Organization\",\"@id\":\"https:\/\/aquaforest.eu\/pt\/#organization\",\"name\":\"Aquaforest\",\"url\":\"https:\/\/aquaforest.eu\/pt\/\",\"logo\":{\"@type\":\"ImageObject\",\"inLanguage\":\"pt-PT\",\"@id\":\"https:\/\/aquaforest.eu\/pt\/#\/schema\/logo\/image\/\",\"url\":\"https:\/\/aquaforest.eu\/wp-content\/uploads\/2024\/05\/logotyp-aquaforest.svg\",\"contentUrl\":\"https:\/\/aquaforest.eu\/wp-content\/uploads\/2024\/05\/logotyp-aquaforest.svg\",\"width\":170,\"height\":22,\"caption\":\"Aquaforest\"},\"image\":{\"@id\":\"https:\/\/aquaforest.eu\/pt\/#\/schema\/logo\/image\/\"},\"sameAs\":[\"https:\/\/www.facebook.com\/Aquaforest\/\",\"https:\/\/www.instagram.com\/aquaforest.eu\/\"]}]}<\/script>\n<!-- \/ Yoast SEO plugin. -->","yoast_head_json":{"title":"AF130 Media Reactor - Aquaforest","description":"AF130 Media Reactor - The highest quality universal flow filter for use with various filter media.","robots":{"index":"index","follow":"follow","max-snippet":"max-snippet:-1","max-image-preview":"max-image-preview:large","max-video-preview":"max-video-preview:-1"},"canonical":"https:\/\/aquaforest.eu\/pt\/products\/seawater-pt\/aquarium-equipment\/af130-media-reactor\/","og_locale":"pt_PT","og_type":"article","og_title":"AF130 Media Reactor - Aquaforest","og_description":"AF130 Media Reactor - The highest quality universal flow filter for use with various filter media.","og_url":"https:\/\/aquaforest.eu\/pt\/products\/seawater-pt\/aquarium-equipment\/af130-media-reactor\/","og_site_name":"Aquaforest","article_publisher":"https:\/\/www.facebook.com\/Aquaforest\/","article_modified_time":"2025-07-14T11:56:06+00:00","og_image":[{"width":356,"height":600,"url":"https:\/\/aquaforest.eu\/wp-content\/uploads\/2024\/06\/AF130_MEDIA.png","type":"image\/png"}],"twitter_card":"summary_large_image","twitter_misc":{"Tempo estimado de leitura":"2 minutos"},"schema":{"@context":"https:\/\/schema.org","@graph":[{"@type":"WebPage","@id":"https:\/\/aquaforest.eu\/pt\/products\/seawater-pt\/aquarium-equipment\/af130-media-reactor\/","url":"https:\/\/aquaforest.eu\/pt\/products\/seawater-pt\/aquarium-equipment\/af130-media-reactor\/","name":"AF130 Media Reactor - Aquaforest","isPartOf":{"@id":"https:\/\/aquaforest.eu\/pt\/#website"},"primaryImageOfPage":{"@id":"https:\/\/aquaforest.eu\/pt\/products\/seawater-pt\/aquarium-equipment\/af130-media-reactor\/#primaryimage"},"image":{"@id":"https:\/\/aquaforest.eu\/pt\/products\/seawater-pt\/aquarium-equipment\/af130-media-reactor\/#primaryimage"},"thumbnailUrl":"https:\/\/aquaforest.eu\/wp-content\/uploads\/2024\/06\/AF130_MEDIA.png","datePublished":"2024-06-26T00:18:10+00:00","dateModified":"2025-07-14T11:56:06+00:00","description":"AF130 Media Reactor - The highest quality universal flow filter for use with various filter media.","breadcrumb":{"@id":"https:\/\/aquaforest.eu\/pt\/products\/seawater-pt\/aquarium-equipment\/af130-media-reactor\/#breadcrumb"},"inLanguage":"pt-PT","potentialAction":[{"@type":"ReadAction","target":["https:\/\/aquaforest.eu\/pt\/products\/seawater-pt\/aquarium-equipment\/af130-media-reactor\/"]}]},{"@type":"ImageObject","inLanguage":"pt-PT","@id":"https:\/\/aquaforest.eu\/pt\/products\/seawater-pt\/aquarium-equipment\/af130-media-reactor\/#primaryimage","url":"https:\/\/aquaforest.eu\/wp-content\/uploads\/2024\/06\/AF130_MEDIA.png","contentUrl":"https:\/\/aquaforest.eu\/wp-content\/uploads\/2024\/06\/AF130_MEDIA.png","width":356,"height":600},{"@type":"BreadcrumbList","@id":"https:\/\/aquaforest.eu\/pt\/products\/seawater-pt\/aquarium-equipment\/af130-media-reactor\/#breadcrumb","itemListElement":[{"@type":"ListItem","position":1,"name":"Home","item":"https:\/\/aquaforest.eu\/pt\/"},{"@type":"ListItem","position":2,"name":"Produtos","item":"https:\/\/aquaforest.eu\/pt\/produtos\/"},{"@type":"ListItem","position":3,"name":"AF130 Media Reactor"}]},{"@type":"WebSite","@id":"https:\/\/aquaforest.eu\/pt\/#website","url":"https:\/\/aquaforest.eu\/pt\/","name":"Aquaforest","description":"","publisher":{"@id":"https:\/\/aquaforest.eu\/pt\/#organization"},"potentialAction":[{"@type":"SearchAction","target":{"@type":"EntryPoint","urlTemplate":"https:\/\/aquaforest.eu\/pt\/?s={search_term_string}"},"query-input":{"@type":"PropertyValueSpecification","valueRequired":true,"valueName":"search_term_string"}}],"inLanguage":"pt-PT"},{"@type":"Organization","@id":"https:\/\/aquaforest.eu\/pt\/#organization","name":"Aquaforest","url":"https:\/\/aquaforest.eu\/pt\/","logo":{"@type":"ImageObject","inLanguage":"pt-PT","@id":"https:\/\/aquaforest.eu\/pt\/#\/schema\/logo\/image\/","url":"https:\/\/aquaforest.eu\/wp-content\/uploads\/2024\/05\/logotyp-aquaforest.svg","contentUrl":"https:\/\/aquaforest.eu\/wp-content\/uploads\/2024\/05\/logotyp-aquaforest.svg","width":170,"height":22,"caption":"Aquaforest"},"image":{"@id":"https:\/\/aquaforest.eu\/pt\/#\/schema\/logo\/image\/"},"sameAs":["https:\/\/www.facebook.com\/Aquaforest\/","https:\/\/www.instagram.com\/aquaforest.eu\/"]}]}},"_links":{"self":[{"href":"https:\/\/aquaforest.eu\/pt\/wp-json\/wp\/v2\/product\/23422","targetHints":{"allow":["GET"]}}],"collection":[{"href":"https:\/\/aquaforest.eu\/pt\/wp-json\/wp\/v2\/product"}],"about":[{"href":"https:\/\/aquaforest.eu\/pt\/wp-json\/wp\/v2\/types\/product"}],"version-history":[{"count":1,"href":"https:\/\/aquaforest.eu\/pt\/wp-json\/wp\/v2\/product\/23422\/revisions"}],"predecessor-version":[{"id":23903,"href":"https:\/\/aquaforest.eu\/pt\/wp-json\/wp\/v2\/product\/23422\/revisions\/23903"}],"wp:featuredmedia":[{"embeddable":true,"href":"https:\/\/aquaforest.eu\/pt\/wp-json\/wp\/v2\/media\/23423"}],"wp:attachment":[{"href":"https:\/\/aquaforest.eu\/pt\/wp-json\/wp\/v2\/media?parent=23422"}],"wp:term":[{"taxonomy":"product_brand","embeddable":true,"href":"https:\/\/aquaforest.eu\/pt\/wp-json\/wp\/v2\/product_brand?post=23422"},{"taxonomy":"product_cat","embeddable":true,"href":"https:\/\/aquaforest.eu\/pt\/wp-json\/wp\/v2\/product_cat?post=23422"},{"taxonomy":"product_tag","embeddable":true,"href":"https:\/\/aquaforest.eu\/pt\/wp-json\/wp\/v2\/product_tag?post=23422"}],"curies":[{"name":"wp","href":"https:\/\/api.w.org\/{rel}","templated":true}]}}