{"id":23429,"date":"2024-06-26T02:18:10","date_gmt":"2024-06-26T00:18:10","guid":{"rendered":"https:\/\/aquaforest.eu\/products\/sem%20categoria\/af-poly-glue\/"},"modified":"2026-05-07T17:38:33","modified_gmt":"2026-05-07T15:38:33","slug":"af-poly-glue","status":"publish","type":"product","link":"https:\/\/aquaforest.eu\/pt\/products\/seawater-pt\/aquascaping\/af-poly-glue\/","title":{"rendered":"AF Poly Glue"},"content":{"rendered":"<p>AF Poly Glue \u00e9 uma cola granulado de pol\u00edmero desenvolvida para aqu\u00e1rios marinhos. Tamb\u00e9m pode ser usada com efic\u00e1cia em aqu\u00e1rios de \u00e1gua doce para fixar pequenos elementos.<br \/>\nEm aqu\u00e1rios marinhos, \u00e9 essencial para colar fragmentos de corais em rochas ou plugs. Permite posicionar rapidamente os corais de forma segura e permanente. N\u00e3o contamina a \u00e1gua e \u00e9 segura para todos os organismos aqu\u00e1ticos. Indicada para todos os tipos de corais.<br \/>\nEm aqu\u00e1rios de \u00e1gua doce, \u00e9 \u00fatil para criar estruturas complexas. Pode ser usada para unir troncos e pedras pequenas, ou fixar plantas ep\u00edfitas como anubias, bucephalandras e microsorum.<br \/>\n\u00c9 extremamente eficiente e f\u00e1cil de usar. O material n\u00e3o utilizado pode ser reaproveitado ap\u00f3s reaquecimento. Assim, o uso do AF Poly Glue pode ser 100% aproveitado.<\/p>\n<hr \/>\n<h3><strong>Principais caracter\u00edsticas:<\/strong><\/h3>\n<ul>\n<li aria-level=\"1\">Cola em gr\u00e2nulos para colar corais e decora\u00e7\u00e3o<\/li>\n<li aria-level=\"1\">Totalmente segura para os organismos aqu\u00e1ticos<\/li>\n<li aria-level=\"1\">N\u00e3o contamina a \u00e1gua e \u00e9 segura para recifes<\/li>\n<li aria-level=\"1\">Pode ser reutilizada ap\u00f3s aquecimento<\/li>\n<li aria-level=\"1\">Fixa\u00e7\u00e3o permanente de corais, ra\u00edzes e plantas de \u00e1gua doce<\/li>\n<\/ul>\n<hr \/>\n<h3><strong>Modo de uso:<\/strong><\/h3>\n<p>coloque os gr\u00e2nulos em \u00e1gua quente (~90\u202f\u00b0C). Ap\u00f3s alguns minutos, formar\u00e1 uma massa male\u00e1vel com excelente ader\u00eancia. A cola endurece completamente ao ser colocada no aqu\u00e1rio. Recomendamos colar fora da \u00e1gua. O coral pode ser introduzido na \u00e1gua ap\u00f3s 30 segundos. Res\u00edduos da massa podem ser reutilizados aquecendo novamente. Produto biodegrad\u00e1vel. Manter fora do alcance de crian\u00e7as. Produto exclusivo para uso em aqu\u00e1rios. N\u00e3o \u00e9 indicado para consumo humano.<\/p>\n","protected":false},"excerpt":{"rendered":"<p>Cola de pol\u00edmero para fragmentos de corais e rochas. Tamb\u00e9m indicada para aqu\u00e1rios de \u00e1gua doce.<\/p>\n","protected":false},"featured_media":23430,"template":"","meta":{"_acf_changed":false,"content-type":""},"product_brand":[],"product_cat":[1655],"product_tag":[1671,1656,1652,1653],"class_list":{"0":"post-23429","1":"product","2":"type-product","3":"status-publish","4":"has-post-thumbnail","6":"product_cat-aquascaping","7":"product_tag-aquaforest-pt","8":"product_tag-aquascaping-pt","9":"product_tag-seawater-aquatic-pt","10":"product_tag-simple-pt","12":"first","13":"instock","14":"taxable","15":"shipping-taxable","16":"purchasable","17":"product-type-simple"},"acf":[],"yoast_head":"<!-- This site is optimized with the Yoast SEO plugin v27.1.1 - https:\/\/yoast.com\/product\/yoast-seo-wordpress\/ -->\n<title>AF Poly Glue - Aquaforest<\/title>\n<meta name=\"description\" content=\"AF Poly Glue by Aquaforest: a unique polymer glue for permanently connecting elements in the aquarium. Reliable formula for strong connections and aesthetic arrangements.\" \/>\n<meta name=\"robots\" content=\"index, follow, max-snippet:-1, max-image-preview:large, max-video-preview:-1\" \/>\n<link rel=\"canonical\" href=\"https:\/\/aquaforest.eu\/pt\/products\/seawater-pt\/aquascaping\/af-poly-glue\/\" \/>\n<meta property=\"og:locale\" content=\"pt_PT\" \/>\n<meta property=\"og:type\" content=\"article\" \/>\n<meta property=\"og:title\" content=\"AF Poly Glue - Aquaforest\" \/>\n<meta property=\"og:description\" content=\"AF Poly Glue by Aquaforest: a unique polymer glue for permanently connecting elements in the aquarium. Reliable formula for strong connections and aesthetic arrangements.\" \/>\n<meta property=\"og:url\" content=\"https:\/\/aquaforest.eu\/pt\/products\/seawater-pt\/aquascaping\/af-poly-glue\/\" \/>\n<meta property=\"og:site_name\" content=\"Aquaforest\" \/>\n<meta property=\"article:publisher\" content=\"https:\/\/www.facebook.com\/Aquaforest\/\" \/>\n<meta property=\"article:modified_time\" content=\"2026-05-07T15:38:33+00:00\" \/>\n<meta property=\"og:image\" content=\"https:\/\/aquaforest.eu\/wp-content\/uploads\/2024\/06\/AF-Poly-Glue.png\" \/>\n\t<meta property=\"og:image:width\" content=\"462\" \/>\n\t<meta property=\"og:image:height\" content=\"600\" \/>\n\t<meta property=\"og:image:type\" content=\"image\/png\" \/>\n<meta name=\"twitter:card\" content=\"summary_large_image\" \/>\n<meta name=\"twitter:label1\" content=\"Tempo estimado de leitura\" \/>\n\t<meta name=\"twitter:data1\" content=\"2 minutos\" \/>\n<script type=\"application\/ld+json\" class=\"yoast-schema-graph\">{\"@context\":\"https:\/\/schema.org\",\"@graph\":[{\"@type\":\"WebPage\",\"@id\":\"https:\/\/aquaforest.eu\/pt\/products\/seawater-pt\/aquascaping\/af-poly-glue\/\",\"url\":\"https:\/\/aquaforest.eu\/pt\/products\/seawater-pt\/aquascaping\/af-poly-glue\/\",\"name\":\"AF Poly Glue - Aquaforest\",\"isPartOf\":{\"@id\":\"https:\/\/aquaforest.eu\/pt\/#website\"},\"primaryImageOfPage\":{\"@id\":\"https:\/\/aquaforest.eu\/pt\/products\/seawater-pt\/aquascaping\/af-poly-glue\/#primaryimage\"},\"image\":{\"@id\":\"https:\/\/aquaforest.eu\/pt\/products\/seawater-pt\/aquascaping\/af-poly-glue\/#primaryimage\"},\"thumbnailUrl\":\"https:\/\/aquaforest.eu\/wp-content\/uploads\/2024\/06\/AF-Poly-Glue.png\",\"datePublished\":\"2024-06-26T00:18:10+00:00\",\"dateModified\":\"2026-05-07T15:38:33+00:00\",\"description\":\"AF Poly Glue by Aquaforest: a unique polymer glue for permanently connecting elements in the aquarium. Reliable formula for strong connections and aesthetic arrangements.\",\"breadcrumb\":{\"@id\":\"https:\/\/aquaforest.eu\/pt\/products\/seawater-pt\/aquascaping\/af-poly-glue\/#breadcrumb\"},\"inLanguage\":\"pt-PT\",\"potentialAction\":[{\"@type\":\"ReadAction\",\"target\":[\"https:\/\/aquaforest.eu\/pt\/products\/seawater-pt\/aquascaping\/af-poly-glue\/\"]}]},{\"@type\":\"ImageObject\",\"inLanguage\":\"pt-PT\",\"@id\":\"https:\/\/aquaforest.eu\/pt\/products\/seawater-pt\/aquascaping\/af-poly-glue\/#primaryimage\",\"url\":\"https:\/\/aquaforest.eu\/wp-content\/uploads\/2024\/06\/AF-Poly-Glue.png\",\"contentUrl\":\"https:\/\/aquaforest.eu\/wp-content\/uploads\/2024\/06\/AF-Poly-Glue.png\",\"width\":462,\"height\":600},{\"@type\":\"BreadcrumbList\",\"@id\":\"https:\/\/aquaforest.eu\/pt\/products\/seawater-pt\/aquascaping\/af-poly-glue\/#breadcrumb\",\"itemListElement\":[{\"@type\":\"ListItem\",\"position\":1,\"name\":\"Home\",\"item\":\"https:\/\/aquaforest.eu\/pt\/\"},{\"@type\":\"ListItem\",\"position\":2,\"name\":\"Produtos\",\"item\":\"https:\/\/aquaforest.eu\/pt\/produtos\/\"},{\"@type\":\"ListItem\",\"position\":3,\"name\":\"AF Poly Glue\"}]},{\"@type\":\"WebSite\",\"@id\":\"https:\/\/aquaforest.eu\/pt\/#website\",\"url\":\"https:\/\/aquaforest.eu\/pt\/\",\"name\":\"Aquaforest\",\"description\":\"\",\"publisher\":{\"@id\":\"https:\/\/aquaforest.eu\/pt\/#organization\"},\"potentialAction\":[{\"@type\":\"SearchAction\",\"target\":{\"@type\":\"EntryPoint\",\"urlTemplate\":\"https:\/\/aquaforest.eu\/pt\/?s={search_term_string}\"},\"query-input\":{\"@type\":\"PropertyValueSpecification\",\"valueRequired\":true,\"valueName\":\"search_term_string\"}}],\"inLanguage\":\"pt-PT\"},{\"@type\":\"Organization\",\"@id\":\"https:\/\/aquaforest.eu\/pt\/#organization\",\"name\":\"Aquaforest\",\"url\":\"https:\/\/aquaforest.eu\/pt\/\",\"logo\":{\"@type\":\"ImageObject\",\"inLanguage\":\"pt-PT\",\"@id\":\"https:\/\/aquaforest.eu\/pt\/#\/schema\/logo\/image\/\",\"url\":\"https:\/\/aquaforest.eu\/wp-content\/uploads\/2024\/05\/logotyp-aquaforest.svg\",\"contentUrl\":\"https:\/\/aquaforest.eu\/wp-content\/uploads\/2024\/05\/logotyp-aquaforest.svg\",\"width\":170,\"height\":22,\"caption\":\"Aquaforest\"},\"image\":{\"@id\":\"https:\/\/aquaforest.eu\/pt\/#\/schema\/logo\/image\/\"},\"sameAs\":[\"https:\/\/www.facebook.com\/Aquaforest\/\",\"https:\/\/www.instagram.com\/aquaforest.eu\/\"]}]}<\/script>\n<!-- \/ Yoast SEO plugin. -->","yoast_head_json":{"title":"AF Poly Glue - Aquaforest","description":"AF Poly Glue by Aquaforest: a unique polymer glue for permanently connecting elements in the aquarium. Reliable formula for strong connections and aesthetic arrangements.","robots":{"index":"index","follow":"follow","max-snippet":"max-snippet:-1","max-image-preview":"max-image-preview:large","max-video-preview":"max-video-preview:-1"},"canonical":"https:\/\/aquaforest.eu\/pt\/products\/seawater-pt\/aquascaping\/af-poly-glue\/","og_locale":"pt_PT","og_type":"article","og_title":"AF Poly Glue - Aquaforest","og_description":"AF Poly Glue by Aquaforest: a unique polymer glue for permanently connecting elements in the aquarium. Reliable formula for strong connections and aesthetic arrangements.","og_url":"https:\/\/aquaforest.eu\/pt\/products\/seawater-pt\/aquascaping\/af-poly-glue\/","og_site_name":"Aquaforest","article_publisher":"https:\/\/www.facebook.com\/Aquaforest\/","article_modified_time":"2026-05-07T15:38:33+00:00","og_image":[{"width":462,"height":600,"url":"https:\/\/aquaforest.eu\/wp-content\/uploads\/2024\/06\/AF-Poly-Glue.png","type":"image\/png"}],"twitter_card":"summary_large_image","twitter_misc":{"Tempo estimado de leitura":"2 minutos"},"schema":{"@context":"https:\/\/schema.org","@graph":[{"@type":"WebPage","@id":"https:\/\/aquaforest.eu\/pt\/products\/seawater-pt\/aquascaping\/af-poly-glue\/","url":"https:\/\/aquaforest.eu\/pt\/products\/seawater-pt\/aquascaping\/af-poly-glue\/","name":"AF Poly Glue - Aquaforest","isPartOf":{"@id":"https:\/\/aquaforest.eu\/pt\/#website"},"primaryImageOfPage":{"@id":"https:\/\/aquaforest.eu\/pt\/products\/seawater-pt\/aquascaping\/af-poly-glue\/#primaryimage"},"image":{"@id":"https:\/\/aquaforest.eu\/pt\/products\/seawater-pt\/aquascaping\/af-poly-glue\/#primaryimage"},"thumbnailUrl":"https:\/\/aquaforest.eu\/wp-content\/uploads\/2024\/06\/AF-Poly-Glue.png","datePublished":"2024-06-26T00:18:10+00:00","dateModified":"2026-05-07T15:38:33+00:00","description":"AF Poly Glue by Aquaforest: a unique polymer glue for permanently connecting elements in the aquarium. Reliable formula for strong connections and aesthetic arrangements.","breadcrumb":{"@id":"https:\/\/aquaforest.eu\/pt\/products\/seawater-pt\/aquascaping\/af-poly-glue\/#breadcrumb"},"inLanguage":"pt-PT","potentialAction":[{"@type":"ReadAction","target":["https:\/\/aquaforest.eu\/pt\/products\/seawater-pt\/aquascaping\/af-poly-glue\/"]}]},{"@type":"ImageObject","inLanguage":"pt-PT","@id":"https:\/\/aquaforest.eu\/pt\/products\/seawater-pt\/aquascaping\/af-poly-glue\/#primaryimage","url":"https:\/\/aquaforest.eu\/wp-content\/uploads\/2024\/06\/AF-Poly-Glue.png","contentUrl":"https:\/\/aquaforest.eu\/wp-content\/uploads\/2024\/06\/AF-Poly-Glue.png","width":462,"height":600},{"@type":"BreadcrumbList","@id":"https:\/\/aquaforest.eu\/pt\/products\/seawater-pt\/aquascaping\/af-poly-glue\/#breadcrumb","itemListElement":[{"@type":"ListItem","position":1,"name":"Home","item":"https:\/\/aquaforest.eu\/pt\/"},{"@type":"ListItem","position":2,"name":"Produtos","item":"https:\/\/aquaforest.eu\/pt\/produtos\/"},{"@type":"ListItem","position":3,"name":"AF Poly Glue"}]},{"@type":"WebSite","@id":"https:\/\/aquaforest.eu\/pt\/#website","url":"https:\/\/aquaforest.eu\/pt\/","name":"Aquaforest","description":"","publisher":{"@id":"https:\/\/aquaforest.eu\/pt\/#organization"},"potentialAction":[{"@type":"SearchAction","target":{"@type":"EntryPoint","urlTemplate":"https:\/\/aquaforest.eu\/pt\/?s={search_term_string}"},"query-input":{"@type":"PropertyValueSpecification","valueRequired":true,"valueName":"search_term_string"}}],"inLanguage":"pt-PT"},{"@type":"Organization","@id":"https:\/\/aquaforest.eu\/pt\/#organization","name":"Aquaforest","url":"https:\/\/aquaforest.eu\/pt\/","logo":{"@type":"ImageObject","inLanguage":"pt-PT","@id":"https:\/\/aquaforest.eu\/pt\/#\/schema\/logo\/image\/","url":"https:\/\/aquaforest.eu\/wp-content\/uploads\/2024\/05\/logotyp-aquaforest.svg","contentUrl":"https:\/\/aquaforest.eu\/wp-content\/uploads\/2024\/05\/logotyp-aquaforest.svg","width":170,"height":22,"caption":"Aquaforest"},"image":{"@id":"https:\/\/aquaforest.eu\/pt\/#\/schema\/logo\/image\/"},"sameAs":["https:\/\/www.facebook.com\/Aquaforest\/","https:\/\/www.instagram.com\/aquaforest.eu\/"]}]}},"_links":{"self":[{"href":"https:\/\/aquaforest.eu\/pt\/wp-json\/wp\/v2\/product\/23429","targetHints":{"allow":["GET"]}}],"collection":[{"href":"https:\/\/aquaforest.eu\/pt\/wp-json\/wp\/v2\/product"}],"about":[{"href":"https:\/\/aquaforest.eu\/pt\/wp-json\/wp\/v2\/types\/product"}],"version-history":[{"count":3,"href":"https:\/\/aquaforest.eu\/pt\/wp-json\/wp\/v2\/product\/23429\/revisions"}],"predecessor-version":[{"id":31755,"href":"https:\/\/aquaforest.eu\/pt\/wp-json\/wp\/v2\/product\/23429\/revisions\/31755"}],"wp:featuredmedia":[{"embeddable":true,"href":"https:\/\/aquaforest.eu\/pt\/wp-json\/wp\/v2\/media\/23430"}],"wp:attachment":[{"href":"https:\/\/aquaforest.eu\/pt\/wp-json\/wp\/v2\/media?parent=23429"}],"wp:term":[{"taxonomy":"product_brand","embeddable":true,"href":"https:\/\/aquaforest.eu\/pt\/wp-json\/wp\/v2\/product_brand?post=23429"},{"taxonomy":"product_cat","embeddable":true,"href":"https:\/\/aquaforest.eu\/pt\/wp-json\/wp\/v2\/product_cat?post=23429"},{"taxonomy":"product_tag","embeddable":true,"href":"https:\/\/aquaforest.eu\/pt\/wp-json\/wp\/v2\/product_tag?post=23429"}],"curies":[{"name":"wp","href":"https:\/\/api.w.org\/{rel}","templated":true}]}}