{"id":23442,"date":"2024-06-26T02:18:09","date_gmt":"2024-06-26T00:18:09","guid":{"rendered":"https:\/\/aquaforest.eu\/products\/sem%20categoria\/af275-sump\/"},"modified":"2025-07-14T13:59:17","modified_gmt":"2025-07-14T11:59:17","slug":"af275-sump","status":"publish","type":"product","link":"https:\/\/aquaforest.eu\/pt\/products\/seawater-pt\/aquarium-equipment\/af275-sump\/","title":{"rendered":"AF275 Sump"},"content":{"rendered":"<p>Sump de PVC altamente resistente, desenvolvido mesmo para os aqu\u00e1rios mais exigentes. Projetado por aquaristas experientes, este sump garante uma filtragem extremamente eficiente, promovendo o crescimento saud\u00e1vel dos corais. As c\u00e2maras em cascata combinadas com grelhas de alta qualidade criam condi\u00e7\u00f5es ideais para um fluxo de \u00e1gua din\u00e2mico e extremamente silencioso. A c\u00e2mara para meias filtrantes permite a coloca\u00e7\u00e3o de dois filtros tipo sock (inclusos) com tampas redutoras de ru\u00eddo ou a substitui\u00e7\u00e3o por reatores de m\u00eddia. O sump Aquaforest \u00e9 o resultado da experi\u00eancia e colabora\u00e7\u00e3o entre os melhores designers, engenheiros e aquaristas. Este sistema inteligente de divis\u00f3rias e barreiras foi testado durante anos para assegurar o maior desempenho de filtragem. Sabendo que uma filtragem eficiente \u00e9 essencial para o sucesso no aquarismo de recife, cada detalhe foi cuidadosamente planejado. O conjunto de grelhas e c\u00e2maras reduz eficazmente ru\u00eddos indesejados. As soldas precisas garantem m\u00e1xima veda\u00e7\u00e3o. A mais confi\u00e1vel combina\u00e7\u00e3o de experi\u00eancia, tecnologia avan\u00e7ada e a melhor qualidade de fabrica\u00e7\u00e3o dispon\u00edvel no mercado.<\/p>\n<p>&nbsp;<\/p>\n<hr \/>\n<p>&nbsp;<\/p>\n<p><strong>O que torna este sump \u00fanico?<\/strong><\/p>\n<ul>\n<li>Compartimento para meias de filtragem \u2013 substitu\u00edvel por reatores de m\u00eddia<\/li>\n<li>C\u00e2mara para \u00e1gua de osmose reversa no sistema de reposi\u00e7\u00e3o autom\u00e1tica<\/li>\n<li>Marcas de n\u00edvel de \u00e1gua para facilitar o ajuste do skimmer<\/li>\n<li>Fluxo de \u00e1gua silencioso garantido por grelhas de alta qualidade<\/li>\n<li>Materiais dur\u00e1veis e resistentes a riscos<\/li>\n<\/ul>\n<p>&nbsp;<\/p>\n<hr \/>\n<p>&nbsp;<\/p>\n<p><strong>Dimens\u00f5es:\u00a0<\/strong><\/p>\n<p><img fetchpriority=\"high\" decoding=\"async\" class=\"wp-image-2770 alignright\" src=\"https:\/\/aquaforest.eu\/wp-content\/uploads\/2024\/06\/AF275_SUMP-DIM_S_2021-800x1052-1-228x300.png\" alt=\"\" width=\"406\" height=\"534\" srcset=\"https:\/\/aquaforest.eu\/wp-content\/uploads\/2024\/06\/AF275_SUMP-DIM_S_2021-800x1052-1-228x300.png 228w, https:\/\/aquaforest.eu\/wp-content\/uploads\/2024\/06\/AF275_SUMP-DIM_S_2021-800x1052-1-779x1024.png 779w, https:\/\/aquaforest.eu\/wp-content\/uploads\/2024\/06\/AF275_SUMP-DIM_S_2021-800x1052-1-768x1010.png 768w, https:\/\/aquaforest.eu\/wp-content\/uploads\/2024\/06\/AF275_SUMP-DIM_S_2021-800x1052-1-600x789.png 600w, https:\/\/aquaforest.eu\/wp-content\/uploads\/2024\/06\/AF275_SUMP-DIM_S_2021-800x1052-1.png 800w\" sizes=\"(max-width: 406px) 100vw, 406px\" \/><\/p>\n<p><strong> Largura:<\/strong>\u00a050 cm<br \/>\n<strong>Profundidade:<\/strong>\u00a041,5 cm<br \/>\n<strong>Altura:<\/strong>\u00a045,5 cm<\/p>\n<p style=\"text-align: right;\">Dimensions in millimeters:<\/p>\n","protected":false},"excerpt":{"rendered":"<p>Sump de PVC de alta qualidade com m\u00faltiplas c\u00e2maras. A filtragem mais eficiente para que os corais prosperem e cres\u00e7am com sa\u00fade.<\/p>\n","protected":false},"featured_media":23444,"template":"","meta":{"_acf_changed":false,"content-type":""},"product_brand":[],"product_cat":[1715],"product_tag":[1671,1716,1652,1653],"class_list":{"0":"post-23442","1":"product","2":"type-product","3":"status-publish","4":"has-post-thumbnail","6":"product_cat-aquarium-equipment","7":"product_tag-aquaforest-pt","8":"product_tag-aquarium-equipment-pt","9":"product_tag-seawater-aquatic-pt","10":"product_tag-simple-pt","12":"first","13":"instock","14":"taxable","15":"shipping-taxable","16":"purchasable","17":"product-type-simple"},"acf":[],"yoast_head":"<!-- This site is optimized with the Yoast SEO plugin v27.1.1 - https:\/\/yoast.com\/product\/yoast-seo-wordpress\/ -->\n<title>AF275 Sump - Aquaforest<\/title>\n<meta name=\"description\" content=\"This is the most reliable solution for every aquarium and the result of combining aquarium experience, advanced technology and workmanship with attention to every detail.\" \/>\n<meta name=\"robots\" content=\"index, follow, max-snippet:-1, max-image-preview:large, max-video-preview:-1\" \/>\n<link rel=\"canonical\" href=\"https:\/\/aquaforest.eu\/pt\/products\/seawater-pt\/aquarium-equipment\/af275-sump\/\" \/>\n<meta property=\"og:locale\" content=\"pt_PT\" \/>\n<meta property=\"og:type\" content=\"article\" \/>\n<meta property=\"og:title\" content=\"AF275 Sump - Aquaforest\" \/>\n<meta property=\"og:description\" content=\"This is the most reliable solution for every aquarium and the result of combining aquarium experience, advanced technology and workmanship with attention to every detail.\" \/>\n<meta property=\"og:url\" content=\"https:\/\/aquaforest.eu\/pt\/products\/seawater-pt\/aquarium-equipment\/af275-sump\/\" \/>\n<meta property=\"og:site_name\" content=\"Aquaforest\" \/>\n<meta property=\"article:publisher\" content=\"https:\/\/www.facebook.com\/Aquaforest\/\" \/>\n<meta property=\"article:modified_time\" content=\"2025-07-14T11:59:17+00:00\" \/>\n<meta property=\"og:image\" content=\"https:\/\/aquaforest.eu\/wp-content\/uploads\/2024\/06\/SUMP_AF275.png\" \/>\n\t<meta property=\"og:image:width\" content=\"600\" \/>\n\t<meta property=\"og:image:height\" content=\"600\" \/>\n\t<meta property=\"og:image:type\" content=\"image\/png\" \/>\n<meta name=\"twitter:card\" content=\"summary_large_image\" \/>\n<meta name=\"twitter:label1\" content=\"Tempo estimado de leitura\" \/>\n\t<meta name=\"twitter:data1\" content=\"2 minutos\" \/>\n<script type=\"application\/ld+json\" class=\"yoast-schema-graph\">{\"@context\":\"https:\/\/schema.org\",\"@graph\":[{\"@type\":\"WebPage\",\"@id\":\"https:\/\/aquaforest.eu\/pt\/products\/seawater-pt\/aquarium-equipment\/af275-sump\/\",\"url\":\"https:\/\/aquaforest.eu\/pt\/products\/seawater-pt\/aquarium-equipment\/af275-sump\/\",\"name\":\"AF275 Sump - Aquaforest\",\"isPartOf\":{\"@id\":\"https:\/\/aquaforest.eu\/pt\/#website\"},\"primaryImageOfPage\":{\"@id\":\"https:\/\/aquaforest.eu\/pt\/products\/seawater-pt\/aquarium-equipment\/af275-sump\/#primaryimage\"},\"image\":{\"@id\":\"https:\/\/aquaforest.eu\/pt\/products\/seawater-pt\/aquarium-equipment\/af275-sump\/#primaryimage\"},\"thumbnailUrl\":\"https:\/\/aquaforest.eu\/wp-content\/uploads\/2024\/06\/SUMP_AF275.png\",\"datePublished\":\"2024-06-26T00:18:09+00:00\",\"dateModified\":\"2025-07-14T11:59:17+00:00\",\"description\":\"This is the most reliable solution for every aquarium and the result of combining aquarium experience, advanced technology and workmanship with attention to every detail.\",\"breadcrumb\":{\"@id\":\"https:\/\/aquaforest.eu\/pt\/products\/seawater-pt\/aquarium-equipment\/af275-sump\/#breadcrumb\"},\"inLanguage\":\"pt-PT\",\"potentialAction\":[{\"@type\":\"ReadAction\",\"target\":[\"https:\/\/aquaforest.eu\/pt\/products\/seawater-pt\/aquarium-equipment\/af275-sump\/\"]}]},{\"@type\":\"ImageObject\",\"inLanguage\":\"pt-PT\",\"@id\":\"https:\/\/aquaforest.eu\/pt\/products\/seawater-pt\/aquarium-equipment\/af275-sump\/#primaryimage\",\"url\":\"https:\/\/aquaforest.eu\/wp-content\/uploads\/2024\/06\/SUMP_AF275.png\",\"contentUrl\":\"https:\/\/aquaforest.eu\/wp-content\/uploads\/2024\/06\/SUMP_AF275.png\",\"width\":600,\"height\":600},{\"@type\":\"BreadcrumbList\",\"@id\":\"https:\/\/aquaforest.eu\/pt\/products\/seawater-pt\/aquarium-equipment\/af275-sump\/#breadcrumb\",\"itemListElement\":[{\"@type\":\"ListItem\",\"position\":1,\"name\":\"Home\",\"item\":\"https:\/\/aquaforest.eu\/pt\/\"},{\"@type\":\"ListItem\",\"position\":2,\"name\":\"Produtos\",\"item\":\"https:\/\/aquaforest.eu\/pt\/produtos\/\"},{\"@type\":\"ListItem\",\"position\":3,\"name\":\"AF275 Sump\"}]},{\"@type\":\"WebSite\",\"@id\":\"https:\/\/aquaforest.eu\/pt\/#website\",\"url\":\"https:\/\/aquaforest.eu\/pt\/\",\"name\":\"Aquaforest\",\"description\":\"\",\"publisher\":{\"@id\":\"https:\/\/aquaforest.eu\/pt\/#organization\"},\"potentialAction\":[{\"@type\":\"SearchAction\",\"target\":{\"@type\":\"EntryPoint\",\"urlTemplate\":\"https:\/\/aquaforest.eu\/pt\/?s={search_term_string}\"},\"query-input\":{\"@type\":\"PropertyValueSpecification\",\"valueRequired\":true,\"valueName\":\"search_term_string\"}}],\"inLanguage\":\"pt-PT\"},{\"@type\":\"Organization\",\"@id\":\"https:\/\/aquaforest.eu\/pt\/#organization\",\"name\":\"Aquaforest\",\"url\":\"https:\/\/aquaforest.eu\/pt\/\",\"logo\":{\"@type\":\"ImageObject\",\"inLanguage\":\"pt-PT\",\"@id\":\"https:\/\/aquaforest.eu\/pt\/#\/schema\/logo\/image\/\",\"url\":\"https:\/\/aquaforest.eu\/wp-content\/uploads\/2024\/05\/logotyp-aquaforest.svg\",\"contentUrl\":\"https:\/\/aquaforest.eu\/wp-content\/uploads\/2024\/05\/logotyp-aquaforest.svg\",\"width\":170,\"height\":22,\"caption\":\"Aquaforest\"},\"image\":{\"@id\":\"https:\/\/aquaforest.eu\/pt\/#\/schema\/logo\/image\/\"},\"sameAs\":[\"https:\/\/www.facebook.com\/Aquaforest\/\",\"https:\/\/www.instagram.com\/aquaforest.eu\/\"]}]}<\/script>\n<!-- \/ Yoast SEO plugin. -->","yoast_head_json":{"title":"AF275 Sump - Aquaforest","description":"This is the most reliable solution for every aquarium and the result of combining aquarium experience, advanced technology and workmanship with attention to every detail.","robots":{"index":"index","follow":"follow","max-snippet":"max-snippet:-1","max-image-preview":"max-image-preview:large","max-video-preview":"max-video-preview:-1"},"canonical":"https:\/\/aquaforest.eu\/pt\/products\/seawater-pt\/aquarium-equipment\/af275-sump\/","og_locale":"pt_PT","og_type":"article","og_title":"AF275 Sump - Aquaforest","og_description":"This is the most reliable solution for every aquarium and the result of combining aquarium experience, advanced technology and workmanship with attention to every detail.","og_url":"https:\/\/aquaforest.eu\/pt\/products\/seawater-pt\/aquarium-equipment\/af275-sump\/","og_site_name":"Aquaforest","article_publisher":"https:\/\/www.facebook.com\/Aquaforest\/","article_modified_time":"2025-07-14T11:59:17+00:00","og_image":[{"width":600,"height":600,"url":"https:\/\/aquaforest.eu\/wp-content\/uploads\/2024\/06\/SUMP_AF275.png","type":"image\/png"}],"twitter_card":"summary_large_image","twitter_misc":{"Tempo estimado de leitura":"2 minutos"},"schema":{"@context":"https:\/\/schema.org","@graph":[{"@type":"WebPage","@id":"https:\/\/aquaforest.eu\/pt\/products\/seawater-pt\/aquarium-equipment\/af275-sump\/","url":"https:\/\/aquaforest.eu\/pt\/products\/seawater-pt\/aquarium-equipment\/af275-sump\/","name":"AF275 Sump - Aquaforest","isPartOf":{"@id":"https:\/\/aquaforest.eu\/pt\/#website"},"primaryImageOfPage":{"@id":"https:\/\/aquaforest.eu\/pt\/products\/seawater-pt\/aquarium-equipment\/af275-sump\/#primaryimage"},"image":{"@id":"https:\/\/aquaforest.eu\/pt\/products\/seawater-pt\/aquarium-equipment\/af275-sump\/#primaryimage"},"thumbnailUrl":"https:\/\/aquaforest.eu\/wp-content\/uploads\/2024\/06\/SUMP_AF275.png","datePublished":"2024-06-26T00:18:09+00:00","dateModified":"2025-07-14T11:59:17+00:00","description":"This is the most reliable solution for every aquarium and the result of combining aquarium experience, advanced technology and workmanship with attention to every detail.","breadcrumb":{"@id":"https:\/\/aquaforest.eu\/pt\/products\/seawater-pt\/aquarium-equipment\/af275-sump\/#breadcrumb"},"inLanguage":"pt-PT","potentialAction":[{"@type":"ReadAction","target":["https:\/\/aquaforest.eu\/pt\/products\/seawater-pt\/aquarium-equipment\/af275-sump\/"]}]},{"@type":"ImageObject","inLanguage":"pt-PT","@id":"https:\/\/aquaforest.eu\/pt\/products\/seawater-pt\/aquarium-equipment\/af275-sump\/#primaryimage","url":"https:\/\/aquaforest.eu\/wp-content\/uploads\/2024\/06\/SUMP_AF275.png","contentUrl":"https:\/\/aquaforest.eu\/wp-content\/uploads\/2024\/06\/SUMP_AF275.png","width":600,"height":600},{"@type":"BreadcrumbList","@id":"https:\/\/aquaforest.eu\/pt\/products\/seawater-pt\/aquarium-equipment\/af275-sump\/#breadcrumb","itemListElement":[{"@type":"ListItem","position":1,"name":"Home","item":"https:\/\/aquaforest.eu\/pt\/"},{"@type":"ListItem","position":2,"name":"Produtos","item":"https:\/\/aquaforest.eu\/pt\/produtos\/"},{"@type":"ListItem","position":3,"name":"AF275 Sump"}]},{"@type":"WebSite","@id":"https:\/\/aquaforest.eu\/pt\/#website","url":"https:\/\/aquaforest.eu\/pt\/","name":"Aquaforest","description":"","publisher":{"@id":"https:\/\/aquaforest.eu\/pt\/#organization"},"potentialAction":[{"@type":"SearchAction","target":{"@type":"EntryPoint","urlTemplate":"https:\/\/aquaforest.eu\/pt\/?s={search_term_string}"},"query-input":{"@type":"PropertyValueSpecification","valueRequired":true,"valueName":"search_term_string"}}],"inLanguage":"pt-PT"},{"@type":"Organization","@id":"https:\/\/aquaforest.eu\/pt\/#organization","name":"Aquaforest","url":"https:\/\/aquaforest.eu\/pt\/","logo":{"@type":"ImageObject","inLanguage":"pt-PT","@id":"https:\/\/aquaforest.eu\/pt\/#\/schema\/logo\/image\/","url":"https:\/\/aquaforest.eu\/wp-content\/uploads\/2024\/05\/logotyp-aquaforest.svg","contentUrl":"https:\/\/aquaforest.eu\/wp-content\/uploads\/2024\/05\/logotyp-aquaforest.svg","width":170,"height":22,"caption":"Aquaforest"},"image":{"@id":"https:\/\/aquaforest.eu\/pt\/#\/schema\/logo\/image\/"},"sameAs":["https:\/\/www.facebook.com\/Aquaforest\/","https:\/\/www.instagram.com\/aquaforest.eu\/"]}]}},"_links":{"self":[{"href":"https:\/\/aquaforest.eu\/pt\/wp-json\/wp\/v2\/product\/23442","targetHints":{"allow":["GET"]}}],"collection":[{"href":"https:\/\/aquaforest.eu\/pt\/wp-json\/wp\/v2\/product"}],"about":[{"href":"https:\/\/aquaforest.eu\/pt\/wp-json\/wp\/v2\/types\/product"}],"version-history":[{"count":2,"href":"https:\/\/aquaforest.eu\/pt\/wp-json\/wp\/v2\/product\/23442\/revisions"}],"predecessor-version":[{"id":23905,"href":"https:\/\/aquaforest.eu\/pt\/wp-json\/wp\/v2\/product\/23442\/revisions\/23905"}],"wp:featuredmedia":[{"embeddable":true,"href":"https:\/\/aquaforest.eu\/pt\/wp-json\/wp\/v2\/media\/23444"}],"wp:attachment":[{"href":"https:\/\/aquaforest.eu\/pt\/wp-json\/wp\/v2\/media?parent=23442"}],"wp:term":[{"taxonomy":"product_brand","embeddable":true,"href":"https:\/\/aquaforest.eu\/pt\/wp-json\/wp\/v2\/product_brand?post=23442"},{"taxonomy":"product_cat","embeddable":true,"href":"https:\/\/aquaforest.eu\/pt\/wp-json\/wp\/v2\/product_cat?post=23442"},{"taxonomy":"product_tag","embeddable":true,"href":"https:\/\/aquaforest.eu\/pt\/wp-json\/wp\/v2\/product_tag?post=23442"}],"curies":[{"name":"wp","href":"https:\/\/api.w.org\/{rel}","templated":true}]}}