{"id":23449,"date":"2024-06-26T02:18:08","date_gmt":"2024-06-26T00:18:08","guid":{"rendered":"https:\/\/aquaforest.eu\/products\/sem%20categoria\/af-air-scrubber\/"},"modified":"2025-07-14T11:13:38","modified_gmt":"2025-07-14T09:13:38","slug":"af-air-scrubber","status":"publish","type":"product","link":"https:\/\/aquaforest.eu\/pt\/products\/seawater-pt\/aquarium-equipment\/af-air-scrubber\/","title":{"rendered":"AF Air Scrubber"},"content":{"rendered":"<h3 class=\"fusion-responsive-typography-calculated\" data-fontsize=\"22\" data-lineheight=\"27.5px\">Manter a estabilidade do pH no aqu\u00e1rio<\/h3>\n<p>Os aqu\u00e1rios de recife s\u00e3o ecossistemas complexos e sens\u00edveis que precisam de estabilidade para prosperar.<\/p>\n<p> As flutua\u00e7\u00f5es di\u00e1rias de CO2 no ar, causadas por respira\u00e7\u00e3o, animais ou preparo de alimentos, podem afetar o pH do aqu\u00e1rio. Quanto mais CO2 \u00e9 puxado para dentro pelo skimmer, maior a acidifica\u00e7\u00e3o da \u00e1gua, o que resulta em queda do pH, instabilidade do dKH e calcifica\u00e7\u00e3o prejudicada nos corais. Com o tempo, isso pode levar ao estresse ou morte dos corais.<br \/>\n Durante o dia, a fotoss\u00edntese ajuda a estabilizar o pH. \u00c0 noite, o pH tende a cair com o aumento da demanda por oxig\u00eanio. Isso ocorre principalmente no outono e inverno, quando as janelas permanecem fechadas. O Aquaforest AF Air Scrubber \u00e9 ideal para manter o pH est\u00e1vel nesses casos.<\/p>\n<p>Um grande diferencial \u00e9 a base do filtro, com tr\u00eas esponjas que devem permanecer \u00famidas com \u00e1gua RO. Isso melhora a efici\u00eancia da m\u00eddia. Caso sequem, basta remov\u00ea-las, umedecer novamente e recolocar. Isso prolonga a vida \u00fatil da m\u00eddia.<\/p>\n<p>&nbsp;<\/p>\n<hr \/>\n<h3 data-fontsize=\"22\" data-lineheight=\"27.5px\"><\/h3>\n<h3 class=\"fusion-responsive-typography-calculated\" data-fontsize=\"22\" data-lineheight=\"27.5px\">Par\u00e2metros constantes e redu\u00e7\u00e3o de CO2<\/h3>\n<p> O ar entra pela base do reator, atravessando uma grade e o meio absorvente. As esponjas anti-poeira protegem a m\u00eddia. A tampa tem um sistema de fechamento inteligente e uma veda\u00e7\u00e3o que assegura o fluxo de ar de baixo para cima. Isso permite ver claramente a mudan\u00e7a de cor do meio, indicando quando \u00e9 hora de troc\u00e1-lo.<br \/>\nUma conex\u00e3o de mangueira de 10 mm \/ \u215c\u201d permite a liga\u00e7\u00e3o ao skimmer. Ap\u00f3s alguns dias, o pH aumentar\u00e1 gra\u00e7as \u00e0 remo\u00e7\u00e3o do CO2. De acordo com nossos testes, o AF Air Scrubber pode elevar o pH entre 0,2 e 0,4 graus, estabilizando-o entre 8,0 \u2013 8,4.<br \/>\nRecomenda-se o uso com AF Air Scrubber Media para m\u00e1xima efici\u00eancia.<\/p>\n<p>&nbsp;<\/p>\n<hr \/>\n<h3 data-fontsize=\"22\" data-lineheight=\"27.5px\"><\/h3>\n<h3 class=\"fusion-responsive-typography-calculated\" data-fontsize=\"22\" data-lineheight=\"27.5px\"><strong>Aquaforest AF Air Scrubber \u2013 principais caracter\u00edsticas<\/strong><\/h3>\n<ul>\n<li>Reduz o CO2 e aumenta o pH<\/li>\n<li>Estabiliza o pH entre dia e noite<\/li>\n<li>Evita varia\u00e7\u00f5es repentinas de dKH<\/li>\n<li>Grande capacidade \u2013 2,3 litros<\/li>\n<li>Tecnologia inovadora que aumenta a vida \u00fatil da m\u00eddia<\/li>\n<li>Compat\u00edvel com skimmers com mangueira de 10 mm \/ \u215c\u201d<\/li>\n<li>F\u00e1cil de usar<\/li>\n<li>Materiais de alta qualidade<\/li>\n<\/ul>\n<p>&nbsp;<\/p>\n<hr \/>\n<p>&nbsp;<\/p>\n<p><strong>Dimens\u00f5es<\/strong><\/p>\n<p>Altura: 35,5 cm + 3,5 cm (conectores) \/ 14\u2033 + 1,4\u2033<\/p>\n<p>Largura: 15,5 cm \/ 6,1\u2033<\/p>\n<p><strong>Importante<\/strong><\/p>\n<p>O cartucho de m\u00eddia n\u00e3o est\u00e1 inclu\u00eddo<\/p>\n<p>Sempre me\u00e7a o pH no mesmo hor\u00e1rio do dia.<\/p>\n<p>M\u00eddia gasta pode mudar de cor novamente, mas n\u00e3o \u00e9 mais eficaz<\/p>\n<p>Trocar a m\u00eddia em ambiente ventilado e usar luvas<\/p>\n<p>Pode ser usado com AF Air Scrubber Media e carv\u00e3o ativo<\/p>\n","protected":false},"excerpt":{"rendered":"<p>A solu\u00e7\u00e3o perfeita para aumentar o pH do seu aqu\u00e1rio. Estabiliza os n\u00edveis de pH entre dia e noite.<\/p>\n","protected":false},"featured_media":23450,"template":"","meta":{"_acf_changed":false,"content-type":""},"product_brand":[],"product_cat":[1715],"product_tag":[1671,1716,1652,1653],"class_list":{"0":"post-23449","1":"product","2":"type-product","3":"status-publish","4":"has-post-thumbnail","6":"product_cat-aquarium-equipment","7":"product_tag-aquaforest-pt","8":"product_tag-aquarium-equipment-pt","9":"product_tag-seawater-aquatic-pt","10":"product_tag-simple-pt","12":"first","13":"instock","14":"taxable","15":"shipping-taxable","16":"purchasable","17":"product-type-simple"},"acf":[],"yoast_head":"<!-- This site is optimized with the Yoast SEO plugin v27.1.1 - https:\/\/yoast.com\/product\/yoast-seo-wordpress\/ -->\n<title>AF Air Scrubber - Aquaforest<\/title>\n<meta name=\"description\" content=\"AF Air Scrubber da Aquaforest - A solu\u00e7\u00e3o perfeita para aumentar o pH do seu aqu\u00e1rio. Proporciona um ambiente saud\u00e1vel para os corais!\" \/>\n<meta name=\"robots\" content=\"index, follow, max-snippet:-1, max-image-preview:large, max-video-preview:-1\" \/>\n<link rel=\"canonical\" href=\"https:\/\/aquaforest.eu\/pt\/products\/seawater-pt\/aquarium-equipment\/af-air-scrubber\/\" \/>\n<meta property=\"og:locale\" content=\"pt_PT\" \/>\n<meta property=\"og:type\" content=\"article\" \/>\n<meta property=\"og:title\" content=\"AF Air Scrubber - Aquaforest\" \/>\n<meta property=\"og:description\" content=\"AF Air Scrubber da Aquaforest - A solu\u00e7\u00e3o perfeita para aumentar o pH do seu aqu\u00e1rio. Proporciona um ambiente saud\u00e1vel para os corais!\" \/>\n<meta property=\"og:url\" content=\"https:\/\/aquaforest.eu\/pt\/products\/seawater-pt\/aquarium-equipment\/af-air-scrubber\/\" \/>\n<meta property=\"og:site_name\" content=\"Aquaforest\" \/>\n<meta property=\"article:publisher\" content=\"https:\/\/www.facebook.com\/Aquaforest\/\" \/>\n<meta property=\"article:modified_time\" content=\"2025-07-14T09:13:38+00:00\" \/>\n<meta property=\"og:image\" content=\"https:\/\/aquaforest.eu\/wp-content\/uploads\/2024\/06\/AF-Air-Scrubber.png\" \/>\n\t<meta property=\"og:image:width\" content=\"377\" \/>\n\t<meta property=\"og:image:height\" content=\"600\" \/>\n\t<meta property=\"og:image:type\" content=\"image\/png\" \/>\n<meta name=\"twitter:card\" content=\"summary_large_image\" \/>\n<meta name=\"twitter:label1\" content=\"Tempo estimado de leitura\" \/>\n\t<meta name=\"twitter:data1\" content=\"4 minutos\" \/>\n<script type=\"application\/ld+json\" class=\"yoast-schema-graph\">{\"@context\":\"https:\/\/schema.org\",\"@graph\":[{\"@type\":\"WebPage\",\"@id\":\"https:\/\/aquaforest.eu\/pt\/products\/seawater-pt\/aquarium-equipment\/af-air-scrubber\/\",\"url\":\"https:\/\/aquaforest.eu\/pt\/products\/seawater-pt\/aquarium-equipment\/af-air-scrubber\/\",\"name\":\"AF Air Scrubber - Aquaforest\",\"isPartOf\":{\"@id\":\"https:\/\/aquaforest.eu\/pt\/#website\"},\"primaryImageOfPage\":{\"@id\":\"https:\/\/aquaforest.eu\/pt\/products\/seawater-pt\/aquarium-equipment\/af-air-scrubber\/#primaryimage\"},\"image\":{\"@id\":\"https:\/\/aquaforest.eu\/pt\/products\/seawater-pt\/aquarium-equipment\/af-air-scrubber\/#primaryimage\"},\"thumbnailUrl\":\"https:\/\/aquaforest.eu\/wp-content\/uploads\/2024\/06\/AF-Air-Scrubber.png\",\"datePublished\":\"2024-06-26T00:18:08+00:00\",\"dateModified\":\"2025-07-14T09:13:38+00:00\",\"description\":\"AF Air Scrubber da Aquaforest - A solu\u00e7\u00e3o perfeita para aumentar o pH do seu aqu\u00e1rio. Proporciona um ambiente saud\u00e1vel para os corais!\",\"breadcrumb\":{\"@id\":\"https:\/\/aquaforest.eu\/pt\/products\/seawater-pt\/aquarium-equipment\/af-air-scrubber\/#breadcrumb\"},\"inLanguage\":\"pt-PT\",\"potentialAction\":[{\"@type\":\"ReadAction\",\"target\":[\"https:\/\/aquaforest.eu\/pt\/products\/seawater-pt\/aquarium-equipment\/af-air-scrubber\/\"]}]},{\"@type\":\"ImageObject\",\"inLanguage\":\"pt-PT\",\"@id\":\"https:\/\/aquaforest.eu\/pt\/products\/seawater-pt\/aquarium-equipment\/af-air-scrubber\/#primaryimage\",\"url\":\"https:\/\/aquaforest.eu\/wp-content\/uploads\/2024\/06\/AF-Air-Scrubber.png\",\"contentUrl\":\"https:\/\/aquaforest.eu\/wp-content\/uploads\/2024\/06\/AF-Air-Scrubber.png\",\"width\":377,\"height\":600},{\"@type\":\"BreadcrumbList\",\"@id\":\"https:\/\/aquaforest.eu\/pt\/products\/seawater-pt\/aquarium-equipment\/af-air-scrubber\/#breadcrumb\",\"itemListElement\":[{\"@type\":\"ListItem\",\"position\":1,\"name\":\"Home\",\"item\":\"https:\/\/aquaforest.eu\/pt\/\"},{\"@type\":\"ListItem\",\"position\":2,\"name\":\"Produtos\",\"item\":\"https:\/\/aquaforest.eu\/pt\/produtos\/\"},{\"@type\":\"ListItem\",\"position\":3,\"name\":\"AF Air Scrubber\"}]},{\"@type\":\"WebSite\",\"@id\":\"https:\/\/aquaforest.eu\/pt\/#website\",\"url\":\"https:\/\/aquaforest.eu\/pt\/\",\"name\":\"Aquaforest\",\"description\":\"\",\"publisher\":{\"@id\":\"https:\/\/aquaforest.eu\/pt\/#organization\"},\"potentialAction\":[{\"@type\":\"SearchAction\",\"target\":{\"@type\":\"EntryPoint\",\"urlTemplate\":\"https:\/\/aquaforest.eu\/pt\/?s={search_term_string}\"},\"query-input\":{\"@type\":\"PropertyValueSpecification\",\"valueRequired\":true,\"valueName\":\"search_term_string\"}}],\"inLanguage\":\"pt-PT\"},{\"@type\":\"Organization\",\"@id\":\"https:\/\/aquaforest.eu\/pt\/#organization\",\"name\":\"Aquaforest\",\"url\":\"https:\/\/aquaforest.eu\/pt\/\",\"logo\":{\"@type\":\"ImageObject\",\"inLanguage\":\"pt-PT\",\"@id\":\"https:\/\/aquaforest.eu\/pt\/#\/schema\/logo\/image\/\",\"url\":\"https:\/\/aquaforest.eu\/wp-content\/uploads\/2024\/05\/logotyp-aquaforest.svg\",\"contentUrl\":\"https:\/\/aquaforest.eu\/wp-content\/uploads\/2024\/05\/logotyp-aquaforest.svg\",\"width\":170,\"height\":22,\"caption\":\"Aquaforest\"},\"image\":{\"@id\":\"https:\/\/aquaforest.eu\/pt\/#\/schema\/logo\/image\/\"},\"sameAs\":[\"https:\/\/www.facebook.com\/Aquaforest\/\",\"https:\/\/www.instagram.com\/aquaforest.eu\/\"]}]}<\/script>\n<!-- \/ Yoast SEO plugin. -->","yoast_head_json":{"title":"AF Air Scrubber - Aquaforest","description":"AF Air Scrubber da Aquaforest - A solu\u00e7\u00e3o perfeita para aumentar o pH do seu aqu\u00e1rio. Proporciona um ambiente saud\u00e1vel para os corais!","robots":{"index":"index","follow":"follow","max-snippet":"max-snippet:-1","max-image-preview":"max-image-preview:large","max-video-preview":"max-video-preview:-1"},"canonical":"https:\/\/aquaforest.eu\/pt\/products\/seawater-pt\/aquarium-equipment\/af-air-scrubber\/","og_locale":"pt_PT","og_type":"article","og_title":"AF Air Scrubber - Aquaforest","og_description":"AF Air Scrubber da Aquaforest - A solu\u00e7\u00e3o perfeita para aumentar o pH do seu aqu\u00e1rio. Proporciona um ambiente saud\u00e1vel para os corais!","og_url":"https:\/\/aquaforest.eu\/pt\/products\/seawater-pt\/aquarium-equipment\/af-air-scrubber\/","og_site_name":"Aquaforest","article_publisher":"https:\/\/www.facebook.com\/Aquaforest\/","article_modified_time":"2025-07-14T09:13:38+00:00","og_image":[{"width":377,"height":600,"url":"https:\/\/aquaforest.eu\/wp-content\/uploads\/2024\/06\/AF-Air-Scrubber.png","type":"image\/png"}],"twitter_card":"summary_large_image","twitter_misc":{"Tempo estimado de leitura":"4 minutos"},"schema":{"@context":"https:\/\/schema.org","@graph":[{"@type":"WebPage","@id":"https:\/\/aquaforest.eu\/pt\/products\/seawater-pt\/aquarium-equipment\/af-air-scrubber\/","url":"https:\/\/aquaforest.eu\/pt\/products\/seawater-pt\/aquarium-equipment\/af-air-scrubber\/","name":"AF Air Scrubber - Aquaforest","isPartOf":{"@id":"https:\/\/aquaforest.eu\/pt\/#website"},"primaryImageOfPage":{"@id":"https:\/\/aquaforest.eu\/pt\/products\/seawater-pt\/aquarium-equipment\/af-air-scrubber\/#primaryimage"},"image":{"@id":"https:\/\/aquaforest.eu\/pt\/products\/seawater-pt\/aquarium-equipment\/af-air-scrubber\/#primaryimage"},"thumbnailUrl":"https:\/\/aquaforest.eu\/wp-content\/uploads\/2024\/06\/AF-Air-Scrubber.png","datePublished":"2024-06-26T00:18:08+00:00","dateModified":"2025-07-14T09:13:38+00:00","description":"AF Air Scrubber da Aquaforest - A solu\u00e7\u00e3o perfeita para aumentar o pH do seu aqu\u00e1rio. Proporciona um ambiente saud\u00e1vel para os corais!","breadcrumb":{"@id":"https:\/\/aquaforest.eu\/pt\/products\/seawater-pt\/aquarium-equipment\/af-air-scrubber\/#breadcrumb"},"inLanguage":"pt-PT","potentialAction":[{"@type":"ReadAction","target":["https:\/\/aquaforest.eu\/pt\/products\/seawater-pt\/aquarium-equipment\/af-air-scrubber\/"]}]},{"@type":"ImageObject","inLanguage":"pt-PT","@id":"https:\/\/aquaforest.eu\/pt\/products\/seawater-pt\/aquarium-equipment\/af-air-scrubber\/#primaryimage","url":"https:\/\/aquaforest.eu\/wp-content\/uploads\/2024\/06\/AF-Air-Scrubber.png","contentUrl":"https:\/\/aquaforest.eu\/wp-content\/uploads\/2024\/06\/AF-Air-Scrubber.png","width":377,"height":600},{"@type":"BreadcrumbList","@id":"https:\/\/aquaforest.eu\/pt\/products\/seawater-pt\/aquarium-equipment\/af-air-scrubber\/#breadcrumb","itemListElement":[{"@type":"ListItem","position":1,"name":"Home","item":"https:\/\/aquaforest.eu\/pt\/"},{"@type":"ListItem","position":2,"name":"Produtos","item":"https:\/\/aquaforest.eu\/pt\/produtos\/"},{"@type":"ListItem","position":3,"name":"AF Air Scrubber"}]},{"@type":"WebSite","@id":"https:\/\/aquaforest.eu\/pt\/#website","url":"https:\/\/aquaforest.eu\/pt\/","name":"Aquaforest","description":"","publisher":{"@id":"https:\/\/aquaforest.eu\/pt\/#organization"},"potentialAction":[{"@type":"SearchAction","target":{"@type":"EntryPoint","urlTemplate":"https:\/\/aquaforest.eu\/pt\/?s={search_term_string}"},"query-input":{"@type":"PropertyValueSpecification","valueRequired":true,"valueName":"search_term_string"}}],"inLanguage":"pt-PT"},{"@type":"Organization","@id":"https:\/\/aquaforest.eu\/pt\/#organization","name":"Aquaforest","url":"https:\/\/aquaforest.eu\/pt\/","logo":{"@type":"ImageObject","inLanguage":"pt-PT","@id":"https:\/\/aquaforest.eu\/pt\/#\/schema\/logo\/image\/","url":"https:\/\/aquaforest.eu\/wp-content\/uploads\/2024\/05\/logotyp-aquaforest.svg","contentUrl":"https:\/\/aquaforest.eu\/wp-content\/uploads\/2024\/05\/logotyp-aquaforest.svg","width":170,"height":22,"caption":"Aquaforest"},"image":{"@id":"https:\/\/aquaforest.eu\/pt\/#\/schema\/logo\/image\/"},"sameAs":["https:\/\/www.facebook.com\/Aquaforest\/","https:\/\/www.instagram.com\/aquaforest.eu\/"]}]}},"_links":{"self":[{"href":"https:\/\/aquaforest.eu\/pt\/wp-json\/wp\/v2\/product\/23449","targetHints":{"allow":["GET"]}}],"collection":[{"href":"https:\/\/aquaforest.eu\/pt\/wp-json\/wp\/v2\/product"}],"about":[{"href":"https:\/\/aquaforest.eu\/pt\/wp-json\/wp\/v2\/types\/product"}],"version-history":[{"count":2,"href":"https:\/\/aquaforest.eu\/pt\/wp-json\/wp\/v2\/product\/23449\/revisions"}],"predecessor-version":[{"id":23645,"href":"https:\/\/aquaforest.eu\/pt\/wp-json\/wp\/v2\/product\/23449\/revisions\/23645"}],"wp:featuredmedia":[{"embeddable":true,"href":"https:\/\/aquaforest.eu\/pt\/wp-json\/wp\/v2\/media\/23450"}],"wp:attachment":[{"href":"https:\/\/aquaforest.eu\/pt\/wp-json\/wp\/v2\/media?parent=23449"}],"wp:term":[{"taxonomy":"product_brand","embeddable":true,"href":"https:\/\/aquaforest.eu\/pt\/wp-json\/wp\/v2\/product_brand?post=23449"},{"taxonomy":"product_cat","embeddable":true,"href":"https:\/\/aquaforest.eu\/pt\/wp-json\/wp\/v2\/product_cat?post=23449"},{"taxonomy":"product_tag","embeddable":true,"href":"https:\/\/aquaforest.eu\/pt\/wp-json\/wp\/v2\/product_tag?post=23449"}],"curies":[{"name":"wp","href":"https:\/\/api.w.org\/{rel}","templated":true}]}}