{"id":23474,"date":"2024-06-26T02:18:05","date_gmt":"2024-06-26T00:18:05","guid":{"rendered":"https:\/\/aquaforest.eu\/products\/sem%20categoria\/af-ultrascrape-l\/"},"modified":"2025-07-14T13:45:47","modified_gmt":"2025-07-14T11:45:47","slug":"af-ultrascrape-l","status":"publish","type":"product","link":"https:\/\/aquaforest.eu\/pt\/products\/seawater-pt\/aquarium-equipment\/af-ultrascrape-l\/","title":{"rendered":"AF Ultrascrape L"},"content":{"rendered":"<p>Vidros limpos s\u00e3o fundamentais para a est\u00e9tica do aqu\u00e1rio. Mesmo os corais mais raros e bonitos podem ser ofuscados por algas vis\u00edveis no vidro. \u00c9 nesse momento que o AF Ultrascrape L se torna essencial.<br \/>\nO AF Ultrascrape L \u00e9 feito com materiais dur\u00e1veis, tornando-o resistente tanto \u00e0 \u00e1gua doce quanto \u00e0 salgada. Seu formato minimalista e cor roxa garantem conforto no uso e um visual moderno. A parte externa possui revestimento macio, permitindo deslizar suavemente sobre o vidro sem arranh\u00f5es. A parte interna \u00e9 feita de tecido \u00e1spero que remove facilmente qualquer sujeira.<br \/>\nA l\u00e2mina de a\u00e7o inoxid\u00e1vel dur\u00e1vel elimina at\u00e9 as sujeiras mais dif\u00edceis, como algas calc\u00e1rias. A l\u00e2mina \u00e9 totalmente inoxid\u00e1vel e n\u00e3o perde o corte, mesmo se permanecer submersa por longos per\u00edodos.<br \/>\nA grande \u00e1rea ativa facilita o uso e aumenta a efic\u00e1cia. Im\u00e3s potentes evitam que o limpador se solte do vidro. Mesmo se isso acontecer, ele n\u00e3o afunda \u2014 flutua na superf\u00edcie da \u00e1gua, permitindo recoloc\u00e1-lo facilmente.<\/p>\n<p>&nbsp;<\/p>\n<hr \/>\n<p>&nbsp;<\/p>\n<p><strong>Principais caracter\u00edsticas:<\/strong><\/p>\n<ul>\n<li>Limpador magn\u00e9tico para aqu\u00e1rios de \u00e1gua doce e salgada<\/li>\n<li>Equipado com l\u00e2mina de a\u00e7o inoxid\u00e1vel<\/li>\n<li>Grande \u00e1rea ativa<\/li>\n<li>Remove at\u00e9 as sujeiras mais persistentes<\/li>\n<li>Para vidros com at\u00e9 16 mm de espessura<\/li>\n<li>N\u00e3o afunda<\/li>\n<li>Opera\u00e7\u00e3o suave e segura<\/li>\n<li>Design moderno<\/li>\n<li>Alta qualidade<\/li>\n<li>N\u00e3o libera subst\u00e2ncias nocivas<\/li>\n<li>Seguro para peixes e corais<\/li>\n<\/ul>\n","protected":false},"excerpt":{"rendered":"<p>Raspador magn\u00e9tico para limpeza eficaz dos vidros, feito com materiais dur\u00e1veis, resistente \u00e0 \u00e1gua doce e salgada.<\/p>\n","protected":false},"featured_media":23475,"template":"","meta":{"_acf_changed":false,"content-type":""},"product_brand":[],"product_cat":[1715],"product_tag":[1671,1716,1652,1653],"class_list":{"0":"post-23474","1":"product","2":"type-product","3":"status-publish","4":"has-post-thumbnail","6":"product_cat-aquarium-equipment","7":"product_tag-aquaforest-pt","8":"product_tag-aquarium-equipment-pt","9":"product_tag-seawater-aquatic-pt","10":"product_tag-simple-pt","12":"first","13":"instock","14":"taxable","15":"shipping-taxable","16":"purchasable","17":"product-type-simple"},"acf":[],"yoast_head":"<!-- This site is optimized with the Yoast SEO plugin v27.1.1 - https:\/\/yoast.com\/product\/yoast-seo-wordpress\/ -->\n<title>AF Ultrascrape L - Aquaforest<\/title>\n<meta name=\"description\" content=\"AF Ultrascrape L - an innovative tool for precise cutting in aquariums. Perfect for freshwater and coral care.\" \/>\n<meta name=\"robots\" content=\"index, follow, max-snippet:-1, max-image-preview:large, max-video-preview:-1\" \/>\n<link rel=\"canonical\" href=\"https:\/\/aquaforest.eu\/pt\/products\/seawater-pt\/aquarium-equipment\/af-ultrascrape-l\/\" \/>\n<meta property=\"og:locale\" content=\"pt_PT\" \/>\n<meta property=\"og:type\" content=\"article\" \/>\n<meta property=\"og:title\" content=\"AF Ultrascrape L - Aquaforest\" \/>\n<meta property=\"og:description\" content=\"AF Ultrascrape L - an innovative tool for precise cutting in aquariums. Perfect for freshwater and coral care.\" \/>\n<meta property=\"og:url\" content=\"https:\/\/aquaforest.eu\/pt\/products\/seawater-pt\/aquarium-equipment\/af-ultrascrape-l\/\" \/>\n<meta property=\"og:site_name\" content=\"Aquaforest\" \/>\n<meta property=\"article:publisher\" content=\"https:\/\/www.facebook.com\/Aquaforest\/\" \/>\n<meta property=\"article:modified_time\" content=\"2025-07-14T11:45:47+00:00\" \/>\n<meta property=\"og:image\" content=\"https:\/\/aquaforest.eu\/wp-content\/uploads\/2024\/06\/AF_UltraScrape_L.png\" \/>\n\t<meta property=\"og:image:width\" content=\"361\" \/>\n\t<meta property=\"og:image:height\" content=\"600\" \/>\n\t<meta property=\"og:image:type\" content=\"image\/png\" \/>\n<meta name=\"twitter:card\" content=\"summary_large_image\" \/>\n<meta name=\"twitter:label1\" content=\"Tempo estimado de leitura\" \/>\n\t<meta name=\"twitter:data1\" content=\"2 minutos\" \/>\n<script type=\"application\/ld+json\" class=\"yoast-schema-graph\">{\"@context\":\"https:\/\/schema.org\",\"@graph\":[{\"@type\":\"WebPage\",\"@id\":\"https:\/\/aquaforest.eu\/pt\/products\/seawater-pt\/aquarium-equipment\/af-ultrascrape-l\/\",\"url\":\"https:\/\/aquaforest.eu\/pt\/products\/seawater-pt\/aquarium-equipment\/af-ultrascrape-l\/\",\"name\":\"AF Ultrascrape L - Aquaforest\",\"isPartOf\":{\"@id\":\"https:\/\/aquaforest.eu\/pt\/#website\"},\"primaryImageOfPage\":{\"@id\":\"https:\/\/aquaforest.eu\/pt\/products\/seawater-pt\/aquarium-equipment\/af-ultrascrape-l\/#primaryimage\"},\"image\":{\"@id\":\"https:\/\/aquaforest.eu\/pt\/products\/seawater-pt\/aquarium-equipment\/af-ultrascrape-l\/#primaryimage\"},\"thumbnailUrl\":\"https:\/\/aquaforest.eu\/wp-content\/uploads\/2024\/06\/AF_UltraScrape_L.png\",\"datePublished\":\"2024-06-26T00:18:05+00:00\",\"dateModified\":\"2025-07-14T11:45:47+00:00\",\"description\":\"AF Ultrascrape L - an innovative tool for precise cutting in aquariums. Perfect for freshwater and coral care.\",\"breadcrumb\":{\"@id\":\"https:\/\/aquaforest.eu\/pt\/products\/seawater-pt\/aquarium-equipment\/af-ultrascrape-l\/#breadcrumb\"},\"inLanguage\":\"pt-PT\",\"potentialAction\":[{\"@type\":\"ReadAction\",\"target\":[\"https:\/\/aquaforest.eu\/pt\/products\/seawater-pt\/aquarium-equipment\/af-ultrascrape-l\/\"]}]},{\"@type\":\"ImageObject\",\"inLanguage\":\"pt-PT\",\"@id\":\"https:\/\/aquaforest.eu\/pt\/products\/seawater-pt\/aquarium-equipment\/af-ultrascrape-l\/#primaryimage\",\"url\":\"https:\/\/aquaforest.eu\/wp-content\/uploads\/2024\/06\/AF_UltraScrape_L.png\",\"contentUrl\":\"https:\/\/aquaforest.eu\/wp-content\/uploads\/2024\/06\/AF_UltraScrape_L.png\",\"width\":361,\"height\":600},{\"@type\":\"BreadcrumbList\",\"@id\":\"https:\/\/aquaforest.eu\/pt\/products\/seawater-pt\/aquarium-equipment\/af-ultrascrape-l\/#breadcrumb\",\"itemListElement\":[{\"@type\":\"ListItem\",\"position\":1,\"name\":\"Home\",\"item\":\"https:\/\/aquaforest.eu\/pt\/\"},{\"@type\":\"ListItem\",\"position\":2,\"name\":\"Produtos\",\"item\":\"https:\/\/aquaforest.eu\/pt\/produtos\/\"},{\"@type\":\"ListItem\",\"position\":3,\"name\":\"AF Ultrascrape L\"}]},{\"@type\":\"WebSite\",\"@id\":\"https:\/\/aquaforest.eu\/pt\/#website\",\"url\":\"https:\/\/aquaforest.eu\/pt\/\",\"name\":\"Aquaforest\",\"description\":\"\",\"publisher\":{\"@id\":\"https:\/\/aquaforest.eu\/pt\/#organization\"},\"potentialAction\":[{\"@type\":\"SearchAction\",\"target\":{\"@type\":\"EntryPoint\",\"urlTemplate\":\"https:\/\/aquaforest.eu\/pt\/?s={search_term_string}\"},\"query-input\":{\"@type\":\"PropertyValueSpecification\",\"valueRequired\":true,\"valueName\":\"search_term_string\"}}],\"inLanguage\":\"pt-PT\"},{\"@type\":\"Organization\",\"@id\":\"https:\/\/aquaforest.eu\/pt\/#organization\",\"name\":\"Aquaforest\",\"url\":\"https:\/\/aquaforest.eu\/pt\/\",\"logo\":{\"@type\":\"ImageObject\",\"inLanguage\":\"pt-PT\",\"@id\":\"https:\/\/aquaforest.eu\/pt\/#\/schema\/logo\/image\/\",\"url\":\"https:\/\/aquaforest.eu\/wp-content\/uploads\/2024\/05\/logotyp-aquaforest.svg\",\"contentUrl\":\"https:\/\/aquaforest.eu\/wp-content\/uploads\/2024\/05\/logotyp-aquaforest.svg\",\"width\":170,\"height\":22,\"caption\":\"Aquaforest\"},\"image\":{\"@id\":\"https:\/\/aquaforest.eu\/pt\/#\/schema\/logo\/image\/\"},\"sameAs\":[\"https:\/\/www.facebook.com\/Aquaforest\/\",\"https:\/\/www.instagram.com\/aquaforest.eu\/\"]}]}<\/script>\n<!-- \/ Yoast SEO plugin. -->","yoast_head_json":{"title":"AF Ultrascrape L - Aquaforest","description":"AF Ultrascrape L - an innovative tool for precise cutting in aquariums. Perfect for freshwater and coral care.","robots":{"index":"index","follow":"follow","max-snippet":"max-snippet:-1","max-image-preview":"max-image-preview:large","max-video-preview":"max-video-preview:-1"},"canonical":"https:\/\/aquaforest.eu\/pt\/products\/seawater-pt\/aquarium-equipment\/af-ultrascrape-l\/","og_locale":"pt_PT","og_type":"article","og_title":"AF Ultrascrape L - Aquaforest","og_description":"AF Ultrascrape L - an innovative tool for precise cutting in aquariums. Perfect for freshwater and coral care.","og_url":"https:\/\/aquaforest.eu\/pt\/products\/seawater-pt\/aquarium-equipment\/af-ultrascrape-l\/","og_site_name":"Aquaforest","article_publisher":"https:\/\/www.facebook.com\/Aquaforest\/","article_modified_time":"2025-07-14T11:45:47+00:00","og_image":[{"width":361,"height":600,"url":"https:\/\/aquaforest.eu\/wp-content\/uploads\/2024\/06\/AF_UltraScrape_L.png","type":"image\/png"}],"twitter_card":"summary_large_image","twitter_misc":{"Tempo estimado de leitura":"2 minutos"},"schema":{"@context":"https:\/\/schema.org","@graph":[{"@type":"WebPage","@id":"https:\/\/aquaforest.eu\/pt\/products\/seawater-pt\/aquarium-equipment\/af-ultrascrape-l\/","url":"https:\/\/aquaforest.eu\/pt\/products\/seawater-pt\/aquarium-equipment\/af-ultrascrape-l\/","name":"AF Ultrascrape L - Aquaforest","isPartOf":{"@id":"https:\/\/aquaforest.eu\/pt\/#website"},"primaryImageOfPage":{"@id":"https:\/\/aquaforest.eu\/pt\/products\/seawater-pt\/aquarium-equipment\/af-ultrascrape-l\/#primaryimage"},"image":{"@id":"https:\/\/aquaforest.eu\/pt\/products\/seawater-pt\/aquarium-equipment\/af-ultrascrape-l\/#primaryimage"},"thumbnailUrl":"https:\/\/aquaforest.eu\/wp-content\/uploads\/2024\/06\/AF_UltraScrape_L.png","datePublished":"2024-06-26T00:18:05+00:00","dateModified":"2025-07-14T11:45:47+00:00","description":"AF Ultrascrape L - an innovative tool for precise cutting in aquariums. Perfect for freshwater and coral care.","breadcrumb":{"@id":"https:\/\/aquaforest.eu\/pt\/products\/seawater-pt\/aquarium-equipment\/af-ultrascrape-l\/#breadcrumb"},"inLanguage":"pt-PT","potentialAction":[{"@type":"ReadAction","target":["https:\/\/aquaforest.eu\/pt\/products\/seawater-pt\/aquarium-equipment\/af-ultrascrape-l\/"]}]},{"@type":"ImageObject","inLanguage":"pt-PT","@id":"https:\/\/aquaforest.eu\/pt\/products\/seawater-pt\/aquarium-equipment\/af-ultrascrape-l\/#primaryimage","url":"https:\/\/aquaforest.eu\/wp-content\/uploads\/2024\/06\/AF_UltraScrape_L.png","contentUrl":"https:\/\/aquaforest.eu\/wp-content\/uploads\/2024\/06\/AF_UltraScrape_L.png","width":361,"height":600},{"@type":"BreadcrumbList","@id":"https:\/\/aquaforest.eu\/pt\/products\/seawater-pt\/aquarium-equipment\/af-ultrascrape-l\/#breadcrumb","itemListElement":[{"@type":"ListItem","position":1,"name":"Home","item":"https:\/\/aquaforest.eu\/pt\/"},{"@type":"ListItem","position":2,"name":"Produtos","item":"https:\/\/aquaforest.eu\/pt\/produtos\/"},{"@type":"ListItem","position":3,"name":"AF Ultrascrape L"}]},{"@type":"WebSite","@id":"https:\/\/aquaforest.eu\/pt\/#website","url":"https:\/\/aquaforest.eu\/pt\/","name":"Aquaforest","description":"","publisher":{"@id":"https:\/\/aquaforest.eu\/pt\/#organization"},"potentialAction":[{"@type":"SearchAction","target":{"@type":"EntryPoint","urlTemplate":"https:\/\/aquaforest.eu\/pt\/?s={search_term_string}"},"query-input":{"@type":"PropertyValueSpecification","valueRequired":true,"valueName":"search_term_string"}}],"inLanguage":"pt-PT"},{"@type":"Organization","@id":"https:\/\/aquaforest.eu\/pt\/#organization","name":"Aquaforest","url":"https:\/\/aquaforest.eu\/pt\/","logo":{"@type":"ImageObject","inLanguage":"pt-PT","@id":"https:\/\/aquaforest.eu\/pt\/#\/schema\/logo\/image\/","url":"https:\/\/aquaforest.eu\/wp-content\/uploads\/2024\/05\/logotyp-aquaforest.svg","contentUrl":"https:\/\/aquaforest.eu\/wp-content\/uploads\/2024\/05\/logotyp-aquaforest.svg","width":170,"height":22,"caption":"Aquaforest"},"image":{"@id":"https:\/\/aquaforest.eu\/pt\/#\/schema\/logo\/image\/"},"sameAs":["https:\/\/www.facebook.com\/Aquaforest\/","https:\/\/www.instagram.com\/aquaforest.eu\/"]}]}},"_links":{"self":[{"href":"https:\/\/aquaforest.eu\/pt\/wp-json\/wp\/v2\/product\/23474","targetHints":{"allow":["GET"]}}],"collection":[{"href":"https:\/\/aquaforest.eu\/pt\/wp-json\/wp\/v2\/product"}],"about":[{"href":"https:\/\/aquaforest.eu\/pt\/wp-json\/wp\/v2\/types\/product"}],"version-history":[{"count":1,"href":"https:\/\/aquaforest.eu\/pt\/wp-json\/wp\/v2\/product\/23474\/revisions"}],"predecessor-version":[{"id":23878,"href":"https:\/\/aquaforest.eu\/pt\/wp-json\/wp\/v2\/product\/23474\/revisions\/23878"}],"wp:featuredmedia":[{"embeddable":true,"href":"https:\/\/aquaforest.eu\/pt\/wp-json\/wp\/v2\/media\/23475"}],"wp:attachment":[{"href":"https:\/\/aquaforest.eu\/pt\/wp-json\/wp\/v2\/media?parent=23474"}],"wp:term":[{"taxonomy":"product_brand","embeddable":true,"href":"https:\/\/aquaforest.eu\/pt\/wp-json\/wp\/v2\/product_brand?post=23474"},{"taxonomy":"product_cat","embeddable":true,"href":"https:\/\/aquaforest.eu\/pt\/wp-json\/wp\/v2\/product_cat?post=23474"},{"taxonomy":"product_tag","embeddable":true,"href":"https:\/\/aquaforest.eu\/pt\/wp-json\/wp\/v2\/product_tag?post=23474"}],"curies":[{"name":"wp","href":"https:\/\/api.w.org\/{rel}","templated":true}]}}