{"id":23487,"date":"2024-06-25T01:56:00","date_gmt":"2024-06-24T23:56:00","guid":{"rendered":"https:\/\/aquaforest.eu\/products\/sem%20categoria\/af-shrimp-gh\/"},"modified":"2025-07-14T13:36:13","modified_gmt":"2025-07-14T11:36:13","slug":"af-shrimp-gh","status":"publish","type":"product","link":"https:\/\/aquaforest.eu\/pt\/products\/freshwater-pt\/watertreatment-pt\/af-shrimp-gh\/","title":{"rendered":"AF Shrimp GH+"},"content":{"rendered":"<h4><span style=\"color: #000000;\">INFORMA\u00c7\u00d5ES DO PRODUTO:<\/span><\/h4>\n<p><span style=\"color: #000000;\">Gra\u00e7as ao uso de ingredientes naturais, enriquece a \u00e1gua com todos os minerais necess\u00e1rios para os habitantes do aqu\u00e1rio e garante par\u00e2metros ideais da \u00e1gua. A f\u00f3rmula exclusiva foi enriquecida com ferro. Suplementa a \u00e1gua com c\u00e1lcio, magn\u00e9sio e pot\u00e1ssio na propor\u00e7\u00e3o perfeita. Evita n\u00edveis inadequados desses elementos que podem causar s\u00e9rios problemas de muda e reprodu\u00e7\u00e3o nos camar\u00f5es. A forma l\u00edquida oferece facilidade e praticidade no uso. A sele\u00e7\u00e3o precisa dos ingredientes deixa a \u00e1gua perfeitamente cristalina, sem turbidez ou colora\u00e7\u00e3o esbranqui\u00e7ada. Garante crescimento saud\u00e1vel dos camar\u00f5es e muda adequada. A correta mineraliza\u00e7\u00e3o da \u00e1gua permite que os camar\u00f5es absorvam todos os minerais essenciais diretamente da \u00e1gua, incluindo o c\u00e1lcio necess\u00e1rio para a forma\u00e7\u00e3o e endurecimento do exoesqueleto.<\/span><\/p>\n<p>&nbsp;<\/p>\n<hr \/>\n<h4><\/h4>\n<h4><span style=\"color: #000000;\"><strong>Como funciona?<\/strong><\/span><\/h4>\n<ul>\n<li><span style=\"color: #000000;\">O produto aumenta a dureza geral (GH), mantendo a dureza de carbonatos (KH) inalterada<\/span><\/li>\n<li><span style=\"color: #000000;\">Mineraliza \u00e1gua de osmose, deionizada e destilada<\/span><\/li>\n<li><span style=\"color: #000000;\">Fornece minerais essenciais<\/span><\/li>\n<li><span style=\"color: #000000;\">Garante par\u00e2metros ideais da \u00e1gua<\/span><\/li>\n<\/ul>\n<p>&nbsp;<\/p>\n<hr \/>\n<h4><\/h4>\n<h4><span style=\"color: #000000;\">Modo de uso:<\/span><\/h4>\n<ul>\n<li><span style=\"color: #000000;\">Para GH 5: 3 ml para cada 5 litros de \u00e1gua<\/span><\/li>\n<li><span style=\"color: #000000;\">Misture fora do aqu\u00e1rio<\/span><\/li>\n<li><span style=\"color: #000000;\">Ap\u00f3s a mistura, a \u00e1gua est\u00e1 pronta para uso imediato<\/span><\/li>\n<\/ul>\n<h4><span style=\"color: #000000;\"><strong>Importante<\/strong><\/span><\/h4>\n<p><span style=\"color: #000000;\"> Devido ao alto teor de minerais, pode aparecer sedimento no fundo do frasco, o que \u00e9 completamente natural e n\u00e3o indica defeito do produto. O sedimento tamb\u00e9m n\u00e3o afeta a clareza da \u00e1gua no aqu\u00e1rio.<\/span><\/p>\n","protected":false},"excerpt":{"rendered":"<p>Preparado profissional para mineralizar \u00e1gua de osmose reversa, desenvolvido especialmente para cria\u00e7\u00e3o de camar\u00f5es, especialmente esp\u00e9cies Bee e Crystal.<\/p>\n","protected":false},"featured_media":23488,"template":"","meta":{"_acf_changed":false,"content-type":""},"product_brand":[],"product_cat":[1673],"product_tag":[1671,1663,1658],"class_list":{"0":"post-23487","1":"product","2":"type-product","3":"status-publish","4":"has-post-thumbnail","6":"product_cat-watertreatment-pt","7":"product_tag-aquaforest-pt","8":"product_tag-freshwater-aquatics-pt","9":"product_tag-variable-pt","11":"first","12":"instock","13":"taxable","14":"shipping-taxable","15":"purchasable","16":"product-type-variable","17":"has-default-attributes"},"acf":[],"yoast_head":"<!-- This site is optimized with the Yoast SEO plugin v27.1.1 - https:\/\/yoast.com\/product\/yoast-seo-wordpress\/ -->\n<title>AF Shrimp GH+ - Aquaforest<\/title>\n<meta name=\"description\" content=\"An effective preparation for regulating water hardness for shrimps. A unique formula supporting the health and proper development of shrimps.\" \/>\n<meta name=\"robots\" content=\"index, follow, max-snippet:-1, max-image-preview:large, max-video-preview:-1\" \/>\n<link rel=\"canonical\" href=\"https:\/\/aquaforest.eu\/pt\/products\/freshwater-pt\/watertreatment-pt\/af-shrimp-gh\/\" \/>\n<meta property=\"og:locale\" content=\"pt_PT\" \/>\n<meta property=\"og:type\" content=\"article\" \/>\n<meta property=\"og:title\" content=\"AF Shrimp GH+ - Aquaforest\" \/>\n<meta property=\"og:description\" content=\"An effective preparation for regulating water hardness for shrimps. A unique formula supporting the health and proper development of shrimps.\" \/>\n<meta property=\"og:url\" content=\"https:\/\/aquaforest.eu\/pt\/products\/freshwater-pt\/watertreatment-pt\/af-shrimp-gh\/\" \/>\n<meta property=\"og:site_name\" content=\"Aquaforest\" \/>\n<meta property=\"article:publisher\" content=\"https:\/\/www.facebook.com\/Aquaforest\/\" \/>\n<meta property=\"article:modified_time\" content=\"2025-07-14T11:36:13+00:00\" \/>\n<meta property=\"og:image\" content=\"https:\/\/aquaforest.eu\/wp-content\/uploads\/2024\/06\/AF-Shrimp-GH.png\" \/>\n\t<meta property=\"og:image:width\" content=\"250\" \/>\n\t<meta property=\"og:image:height\" content=\"600\" \/>\n\t<meta property=\"og:image:type\" content=\"image\/png\" \/>\n<meta name=\"twitter:card\" content=\"summary_large_image\" \/>\n<meta name=\"twitter:label1\" content=\"Tempo estimado de leitura\" \/>\n\t<meta name=\"twitter:data1\" content=\"2 minutos\" \/>\n<script type=\"application\/ld+json\" class=\"yoast-schema-graph\">{\"@context\":\"https:\/\/schema.org\",\"@graph\":[{\"@type\":\"WebPage\",\"@id\":\"https:\/\/aquaforest.eu\/pt\/products\/freshwater-pt\/watertreatment-pt\/af-shrimp-gh\/\",\"url\":\"https:\/\/aquaforest.eu\/pt\/products\/freshwater-pt\/watertreatment-pt\/af-shrimp-gh\/\",\"name\":\"AF Shrimp GH+ - Aquaforest\",\"isPartOf\":{\"@id\":\"https:\/\/aquaforest.eu\/pt\/#website\"},\"primaryImageOfPage\":{\"@id\":\"https:\/\/aquaforest.eu\/pt\/products\/freshwater-pt\/watertreatment-pt\/af-shrimp-gh\/#primaryimage\"},\"image\":{\"@id\":\"https:\/\/aquaforest.eu\/pt\/products\/freshwater-pt\/watertreatment-pt\/af-shrimp-gh\/#primaryimage\"},\"thumbnailUrl\":\"https:\/\/aquaforest.eu\/wp-content\/uploads\/2024\/06\/AF-Shrimp-GH.png\",\"datePublished\":\"2024-06-24T23:56:00+00:00\",\"dateModified\":\"2025-07-14T11:36:13+00:00\",\"description\":\"An effective preparation for regulating water hardness for shrimps. A unique formula supporting the health and proper development of shrimps.\",\"breadcrumb\":{\"@id\":\"https:\/\/aquaforest.eu\/pt\/products\/freshwater-pt\/watertreatment-pt\/af-shrimp-gh\/#breadcrumb\"},\"inLanguage\":\"pt-PT\",\"potentialAction\":[{\"@type\":\"ReadAction\",\"target\":[\"https:\/\/aquaforest.eu\/pt\/products\/freshwater-pt\/watertreatment-pt\/af-shrimp-gh\/\"]}]},{\"@type\":\"ImageObject\",\"inLanguage\":\"pt-PT\",\"@id\":\"https:\/\/aquaforest.eu\/pt\/products\/freshwater-pt\/watertreatment-pt\/af-shrimp-gh\/#primaryimage\",\"url\":\"https:\/\/aquaforest.eu\/wp-content\/uploads\/2024\/06\/AF-Shrimp-GH.png\",\"contentUrl\":\"https:\/\/aquaforest.eu\/wp-content\/uploads\/2024\/06\/AF-Shrimp-GH.png\",\"width\":250,\"height\":600},{\"@type\":\"BreadcrumbList\",\"@id\":\"https:\/\/aquaforest.eu\/pt\/products\/freshwater-pt\/watertreatment-pt\/af-shrimp-gh\/#breadcrumb\",\"itemListElement\":[{\"@type\":\"ListItem\",\"position\":1,\"name\":\"Home\",\"item\":\"https:\/\/aquaforest.eu\/pt\/\"},{\"@type\":\"ListItem\",\"position\":2,\"name\":\"Produtos\",\"item\":\"https:\/\/aquaforest.eu\/pt\/produtos\/\"},{\"@type\":\"ListItem\",\"position\":3,\"name\":\"AF Shrimp GH+\"}]},{\"@type\":\"WebSite\",\"@id\":\"https:\/\/aquaforest.eu\/pt\/#website\",\"url\":\"https:\/\/aquaforest.eu\/pt\/\",\"name\":\"Aquaforest\",\"description\":\"\",\"publisher\":{\"@id\":\"https:\/\/aquaforest.eu\/pt\/#organization\"},\"potentialAction\":[{\"@type\":\"SearchAction\",\"target\":{\"@type\":\"EntryPoint\",\"urlTemplate\":\"https:\/\/aquaforest.eu\/pt\/?s={search_term_string}\"},\"query-input\":{\"@type\":\"PropertyValueSpecification\",\"valueRequired\":true,\"valueName\":\"search_term_string\"}}],\"inLanguage\":\"pt-PT\"},{\"@type\":\"Organization\",\"@id\":\"https:\/\/aquaforest.eu\/pt\/#organization\",\"name\":\"Aquaforest\",\"url\":\"https:\/\/aquaforest.eu\/pt\/\",\"logo\":{\"@type\":\"ImageObject\",\"inLanguage\":\"pt-PT\",\"@id\":\"https:\/\/aquaforest.eu\/pt\/#\/schema\/logo\/image\/\",\"url\":\"https:\/\/aquaforest.eu\/wp-content\/uploads\/2024\/05\/logotyp-aquaforest.svg\",\"contentUrl\":\"https:\/\/aquaforest.eu\/wp-content\/uploads\/2024\/05\/logotyp-aquaforest.svg\",\"width\":170,\"height\":22,\"caption\":\"Aquaforest\"},\"image\":{\"@id\":\"https:\/\/aquaforest.eu\/pt\/#\/schema\/logo\/image\/\"},\"sameAs\":[\"https:\/\/www.facebook.com\/Aquaforest\/\",\"https:\/\/www.instagram.com\/aquaforest.eu\/\"]}]}<\/script>\n<!-- \/ Yoast SEO plugin. -->","yoast_head_json":{"title":"AF Shrimp GH+ - Aquaforest","description":"An effective preparation for regulating water hardness for shrimps. A unique formula supporting the health and proper development of shrimps.","robots":{"index":"index","follow":"follow","max-snippet":"max-snippet:-1","max-image-preview":"max-image-preview:large","max-video-preview":"max-video-preview:-1"},"canonical":"https:\/\/aquaforest.eu\/pt\/products\/freshwater-pt\/watertreatment-pt\/af-shrimp-gh\/","og_locale":"pt_PT","og_type":"article","og_title":"AF Shrimp GH+ - Aquaforest","og_description":"An effective preparation for regulating water hardness for shrimps. A unique formula supporting the health and proper development of shrimps.","og_url":"https:\/\/aquaforest.eu\/pt\/products\/freshwater-pt\/watertreatment-pt\/af-shrimp-gh\/","og_site_name":"Aquaforest","article_publisher":"https:\/\/www.facebook.com\/Aquaforest\/","article_modified_time":"2025-07-14T11:36:13+00:00","og_image":[{"width":250,"height":600,"url":"https:\/\/aquaforest.eu\/wp-content\/uploads\/2024\/06\/AF-Shrimp-GH.png","type":"image\/png"}],"twitter_card":"summary_large_image","twitter_misc":{"Tempo estimado de leitura":"2 minutos"},"schema":{"@context":"https:\/\/schema.org","@graph":[{"@type":"WebPage","@id":"https:\/\/aquaforest.eu\/pt\/products\/freshwater-pt\/watertreatment-pt\/af-shrimp-gh\/","url":"https:\/\/aquaforest.eu\/pt\/products\/freshwater-pt\/watertreatment-pt\/af-shrimp-gh\/","name":"AF Shrimp GH+ - Aquaforest","isPartOf":{"@id":"https:\/\/aquaforest.eu\/pt\/#website"},"primaryImageOfPage":{"@id":"https:\/\/aquaforest.eu\/pt\/products\/freshwater-pt\/watertreatment-pt\/af-shrimp-gh\/#primaryimage"},"image":{"@id":"https:\/\/aquaforest.eu\/pt\/products\/freshwater-pt\/watertreatment-pt\/af-shrimp-gh\/#primaryimage"},"thumbnailUrl":"https:\/\/aquaforest.eu\/wp-content\/uploads\/2024\/06\/AF-Shrimp-GH.png","datePublished":"2024-06-24T23:56:00+00:00","dateModified":"2025-07-14T11:36:13+00:00","description":"An effective preparation for regulating water hardness for shrimps. A unique formula supporting the health and proper development of shrimps.","breadcrumb":{"@id":"https:\/\/aquaforest.eu\/pt\/products\/freshwater-pt\/watertreatment-pt\/af-shrimp-gh\/#breadcrumb"},"inLanguage":"pt-PT","potentialAction":[{"@type":"ReadAction","target":["https:\/\/aquaforest.eu\/pt\/products\/freshwater-pt\/watertreatment-pt\/af-shrimp-gh\/"]}]},{"@type":"ImageObject","inLanguage":"pt-PT","@id":"https:\/\/aquaforest.eu\/pt\/products\/freshwater-pt\/watertreatment-pt\/af-shrimp-gh\/#primaryimage","url":"https:\/\/aquaforest.eu\/wp-content\/uploads\/2024\/06\/AF-Shrimp-GH.png","contentUrl":"https:\/\/aquaforest.eu\/wp-content\/uploads\/2024\/06\/AF-Shrimp-GH.png","width":250,"height":600},{"@type":"BreadcrumbList","@id":"https:\/\/aquaforest.eu\/pt\/products\/freshwater-pt\/watertreatment-pt\/af-shrimp-gh\/#breadcrumb","itemListElement":[{"@type":"ListItem","position":1,"name":"Home","item":"https:\/\/aquaforest.eu\/pt\/"},{"@type":"ListItem","position":2,"name":"Produtos","item":"https:\/\/aquaforest.eu\/pt\/produtos\/"},{"@type":"ListItem","position":3,"name":"AF Shrimp GH+"}]},{"@type":"WebSite","@id":"https:\/\/aquaforest.eu\/pt\/#website","url":"https:\/\/aquaforest.eu\/pt\/","name":"Aquaforest","description":"","publisher":{"@id":"https:\/\/aquaforest.eu\/pt\/#organization"},"potentialAction":[{"@type":"SearchAction","target":{"@type":"EntryPoint","urlTemplate":"https:\/\/aquaforest.eu\/pt\/?s={search_term_string}"},"query-input":{"@type":"PropertyValueSpecification","valueRequired":true,"valueName":"search_term_string"}}],"inLanguage":"pt-PT"},{"@type":"Organization","@id":"https:\/\/aquaforest.eu\/pt\/#organization","name":"Aquaforest","url":"https:\/\/aquaforest.eu\/pt\/","logo":{"@type":"ImageObject","inLanguage":"pt-PT","@id":"https:\/\/aquaforest.eu\/pt\/#\/schema\/logo\/image\/","url":"https:\/\/aquaforest.eu\/wp-content\/uploads\/2024\/05\/logotyp-aquaforest.svg","contentUrl":"https:\/\/aquaforest.eu\/wp-content\/uploads\/2024\/05\/logotyp-aquaforest.svg","width":170,"height":22,"caption":"Aquaforest"},"image":{"@id":"https:\/\/aquaforest.eu\/pt\/#\/schema\/logo\/image\/"},"sameAs":["https:\/\/www.facebook.com\/Aquaforest\/","https:\/\/www.instagram.com\/aquaforest.eu\/"]}]}},"_links":{"self":[{"href":"https:\/\/aquaforest.eu\/pt\/wp-json\/wp\/v2\/product\/23487","targetHints":{"allow":["GET"]}}],"collection":[{"href":"https:\/\/aquaforest.eu\/pt\/wp-json\/wp\/v2\/product"}],"about":[{"href":"https:\/\/aquaforest.eu\/pt\/wp-json\/wp\/v2\/types\/product"}],"version-history":[{"count":2,"href":"https:\/\/aquaforest.eu\/pt\/wp-json\/wp\/v2\/product\/23487\/revisions"}],"predecessor-version":[{"id":23866,"href":"https:\/\/aquaforest.eu\/pt\/wp-json\/wp\/v2\/product\/23487\/revisions\/23866"}],"wp:featuredmedia":[{"embeddable":true,"href":"https:\/\/aquaforest.eu\/pt\/wp-json\/wp\/v2\/media\/23488"}],"wp:attachment":[{"href":"https:\/\/aquaforest.eu\/pt\/wp-json\/wp\/v2\/media?parent=23487"}],"wp:term":[{"taxonomy":"product_brand","embeddable":true,"href":"https:\/\/aquaforest.eu\/pt\/wp-json\/wp\/v2\/product_brand?post=23487"},{"taxonomy":"product_cat","embeddable":true,"href":"https:\/\/aquaforest.eu\/pt\/wp-json\/wp\/v2\/product_cat?post=23487"},{"taxonomy":"product_tag","embeddable":true,"href":"https:\/\/aquaforest.eu\/pt\/wp-json\/wp\/v2\/product_tag?post=23487"}],"curies":[{"name":"wp","href":"https:\/\/api.w.org\/{rel}","templated":true}]}}