{"id":23496,"date":"2024-06-25T01:47:30","date_gmt":"2024-06-24T23:47:30","guid":{"rendered":"https:\/\/aquaforest.eu\/products\/sem%20categoria\/af-minus-ph\/"},"modified":"2025-07-14T13:08:11","modified_gmt":"2025-07-14T11:08:11","slug":"af-minus-ph","status":"publish","type":"product","link":"https:\/\/aquaforest.eu\/pt\/products\/freshwater-pt\/watertreatment-pt\/af-minus-ph\/","title":{"rendered":"AF Minus Ph"},"content":{"rendered":"<h4><span style=\"color: #000000;\">INFORMA\u00c7\u00d5ES DO PRODUTO:<\/span><\/h4>\n<p><span style=\"color: #000000;\">Meio profissional para baixar o pH da \u00e1gua do aqu\u00e1rio. O pH da \u00e1gua determina o equil\u00edbrio biol\u00f3gico do aqu\u00e1rio, por isso deve ser o mais pr\u00f3ximo poss\u00edvel do ambiente natural. Esp\u00e9cies de peixes do rio Amazonas, onde o pH varia entre 5,5 e 6,5, preferem \u00e1guas levemente \u00e1cidas. Em muitos casos, a \u00e1gua da torneira requer redu\u00e7\u00e3o de pH para se adequar a essas esp\u00e9cies. AF Minus pH permite isso de forma r\u00e1pida e f\u00e1cil. Um pH ideal favorece a reprodu\u00e7\u00e3o e melhora a sa\u00fade geral dos peixes. As condi\u00e7\u00f5es perfeitas obtidas com o AF Minus pH ajudam a prevenir doen\u00e7as alcalinas perigosas. N\u00e3o cont\u00e9m fosfatos.<\/span><\/p>\n<p>&nbsp;<\/p>\n<hr \/>\n<h4><\/h4>\n<h4><span style=\"color: #000000;\">Modo de uso:<\/span><\/h4>\n<p><span style=\"color: #000000;\">Devido ao risco de superdosagem, este produto n\u00e3o deve ser adicionado diretamente no aqu\u00e1rio. AF Minus pH deve ser preparado fora do aqu\u00e1rio, na \u00e1gua que ser\u00e1 usada para a troca. Antes de aplicar, verifique o n\u00edvel de pH e adicione o produto somente at\u00e9 atingir o valor desejado. 1 ml de AF Minus pH por litro de \u00e1gua reduz o pH em 0,2. Devido aos riscos das mudan\u00e7as bruscas de pH, n\u00e3o reduza o pH da \u00e1gua do aqu\u00e1rio em mais de 0,5 por dia.<\/span><\/p>\n","protected":false},"excerpt":{"rendered":"<p>Condicionador profissional para reduzir o n\u00edvel de pH da \u00e1gua do aqu\u00e1rio. Especialmente indicado para esp\u00e9cies de peixes do rio Amazonas.<\/p>\n","protected":false},"featured_media":23497,"template":"","meta":{"_acf_changed":false,"content-type":""},"product_brand":[],"product_cat":[1673],"product_tag":[1671,1663,1658],"class_list":{"0":"post-23496","1":"product","2":"type-product","3":"status-publish","4":"has-post-thumbnail","6":"product_cat-watertreatment-pt","7":"product_tag-aquaforest-pt","8":"product_tag-freshwater-aquatics-pt","9":"product_tag-variable-pt","11":"first","12":"instock","13":"taxable","14":"shipping-taxable","15":"purchasable","16":"product-type-variable","17":"has-default-attributes"},"acf":[],"yoast_head":"<!-- This site is optimized with the Yoast SEO plugin v27.1.1 - https:\/\/yoast.com\/product\/yoast-seo-wordpress\/ -->\n<title>AF Minus Ph - Aquaforest<\/title>\n<meta name=\"description\" content=\"AF Minus pH: Effective preparation for lowering pH in freshwater aquariums. Reliable formula for precise regulation and stability of water parameters.\" \/>\n<meta name=\"robots\" content=\"index, follow, max-snippet:-1, max-image-preview:large, max-video-preview:-1\" \/>\n<link rel=\"canonical\" href=\"https:\/\/aquaforest.eu\/pt\/products\/freshwater-pt\/watertreatment-pt\/af-minus-ph\/\" \/>\n<meta property=\"og:locale\" content=\"pt_PT\" \/>\n<meta property=\"og:type\" content=\"article\" \/>\n<meta property=\"og:title\" content=\"AF Minus Ph - Aquaforest\" \/>\n<meta property=\"og:description\" content=\"AF Minus pH: Effective preparation for lowering pH in freshwater aquariums. Reliable formula for precise regulation and stability of water parameters.\" \/>\n<meta property=\"og:url\" content=\"https:\/\/aquaforest.eu\/pt\/products\/freshwater-pt\/watertreatment-pt\/af-minus-ph\/\" \/>\n<meta property=\"og:site_name\" content=\"Aquaforest\" \/>\n<meta property=\"article:publisher\" content=\"https:\/\/www.facebook.com\/Aquaforest\/\" \/>\n<meta property=\"article:modified_time\" content=\"2025-07-14T11:08:11+00:00\" \/>\n<meta property=\"og:image\" content=\"https:\/\/aquaforest.eu\/wp-content\/uploads\/2024\/06\/AF-Minus-pH.png\" \/>\n\t<meta property=\"og:image:width\" content=\"251\" \/>\n\t<meta property=\"og:image:height\" content=\"600\" \/>\n\t<meta property=\"og:image:type\" content=\"image\/png\" \/>\n<meta name=\"twitter:card\" content=\"summary_large_image\" \/>\n<meta name=\"twitter:label1\" content=\"Tempo estimado de leitura\" \/>\n\t<meta name=\"twitter:data1\" content=\"2 minutos\" \/>\n<script type=\"application\/ld+json\" class=\"yoast-schema-graph\">{\"@context\":\"https:\/\/schema.org\",\"@graph\":[{\"@type\":\"WebPage\",\"@id\":\"https:\/\/aquaforest.eu\/pt\/products\/freshwater-pt\/watertreatment-pt\/af-minus-ph\/\",\"url\":\"https:\/\/aquaforest.eu\/pt\/products\/freshwater-pt\/watertreatment-pt\/af-minus-ph\/\",\"name\":\"AF Minus Ph - Aquaforest\",\"isPartOf\":{\"@id\":\"https:\/\/aquaforest.eu\/pt\/#website\"},\"primaryImageOfPage\":{\"@id\":\"https:\/\/aquaforest.eu\/pt\/products\/freshwater-pt\/watertreatment-pt\/af-minus-ph\/#primaryimage\"},\"image\":{\"@id\":\"https:\/\/aquaforest.eu\/pt\/products\/freshwater-pt\/watertreatment-pt\/af-minus-ph\/#primaryimage\"},\"thumbnailUrl\":\"https:\/\/aquaforest.eu\/wp-content\/uploads\/2024\/06\/AF-Minus-pH.png\",\"datePublished\":\"2024-06-24T23:47:30+00:00\",\"dateModified\":\"2025-07-14T11:08:11+00:00\",\"description\":\"AF Minus pH: Effective preparation for lowering pH in freshwater aquariums. Reliable formula for precise regulation and stability of water parameters.\",\"breadcrumb\":{\"@id\":\"https:\/\/aquaforest.eu\/pt\/products\/freshwater-pt\/watertreatment-pt\/af-minus-ph\/#breadcrumb\"},\"inLanguage\":\"pt-PT\",\"potentialAction\":[{\"@type\":\"ReadAction\",\"target\":[\"https:\/\/aquaforest.eu\/pt\/products\/freshwater-pt\/watertreatment-pt\/af-minus-ph\/\"]}]},{\"@type\":\"ImageObject\",\"inLanguage\":\"pt-PT\",\"@id\":\"https:\/\/aquaforest.eu\/pt\/products\/freshwater-pt\/watertreatment-pt\/af-minus-ph\/#primaryimage\",\"url\":\"https:\/\/aquaforest.eu\/wp-content\/uploads\/2024\/06\/AF-Minus-pH.png\",\"contentUrl\":\"https:\/\/aquaforest.eu\/wp-content\/uploads\/2024\/06\/AF-Minus-pH.png\",\"width\":251,\"height\":600},{\"@type\":\"BreadcrumbList\",\"@id\":\"https:\/\/aquaforest.eu\/pt\/products\/freshwater-pt\/watertreatment-pt\/af-minus-ph\/#breadcrumb\",\"itemListElement\":[{\"@type\":\"ListItem\",\"position\":1,\"name\":\"Home\",\"item\":\"https:\/\/aquaforest.eu\/pt\/\"},{\"@type\":\"ListItem\",\"position\":2,\"name\":\"Produtos\",\"item\":\"https:\/\/aquaforest.eu\/pt\/produtos\/\"},{\"@type\":\"ListItem\",\"position\":3,\"name\":\"AF Minus Ph\"}]},{\"@type\":\"WebSite\",\"@id\":\"https:\/\/aquaforest.eu\/pt\/#website\",\"url\":\"https:\/\/aquaforest.eu\/pt\/\",\"name\":\"Aquaforest\",\"description\":\"\",\"publisher\":{\"@id\":\"https:\/\/aquaforest.eu\/pt\/#organization\"},\"potentialAction\":[{\"@type\":\"SearchAction\",\"target\":{\"@type\":\"EntryPoint\",\"urlTemplate\":\"https:\/\/aquaforest.eu\/pt\/?s={search_term_string}\"},\"query-input\":{\"@type\":\"PropertyValueSpecification\",\"valueRequired\":true,\"valueName\":\"search_term_string\"}}],\"inLanguage\":\"pt-PT\"},{\"@type\":\"Organization\",\"@id\":\"https:\/\/aquaforest.eu\/pt\/#organization\",\"name\":\"Aquaforest\",\"url\":\"https:\/\/aquaforest.eu\/pt\/\",\"logo\":{\"@type\":\"ImageObject\",\"inLanguage\":\"pt-PT\",\"@id\":\"https:\/\/aquaforest.eu\/pt\/#\/schema\/logo\/image\/\",\"url\":\"https:\/\/aquaforest.eu\/wp-content\/uploads\/2024\/05\/logotyp-aquaforest.svg\",\"contentUrl\":\"https:\/\/aquaforest.eu\/wp-content\/uploads\/2024\/05\/logotyp-aquaforest.svg\",\"width\":170,\"height\":22,\"caption\":\"Aquaforest\"},\"image\":{\"@id\":\"https:\/\/aquaforest.eu\/pt\/#\/schema\/logo\/image\/\"},\"sameAs\":[\"https:\/\/www.facebook.com\/Aquaforest\/\",\"https:\/\/www.instagram.com\/aquaforest.eu\/\"]}]}<\/script>\n<!-- \/ Yoast SEO plugin. -->","yoast_head_json":{"title":"AF Minus Ph - Aquaforest","description":"AF Minus pH: Effective preparation for lowering pH in freshwater aquariums. Reliable formula for precise regulation and stability of water parameters.","robots":{"index":"index","follow":"follow","max-snippet":"max-snippet:-1","max-image-preview":"max-image-preview:large","max-video-preview":"max-video-preview:-1"},"canonical":"https:\/\/aquaforest.eu\/pt\/products\/freshwater-pt\/watertreatment-pt\/af-minus-ph\/","og_locale":"pt_PT","og_type":"article","og_title":"AF Minus Ph - Aquaforest","og_description":"AF Minus pH: Effective preparation for lowering pH in freshwater aquariums. Reliable formula for precise regulation and stability of water parameters.","og_url":"https:\/\/aquaforest.eu\/pt\/products\/freshwater-pt\/watertreatment-pt\/af-minus-ph\/","og_site_name":"Aquaforest","article_publisher":"https:\/\/www.facebook.com\/Aquaforest\/","article_modified_time":"2025-07-14T11:08:11+00:00","og_image":[{"width":251,"height":600,"url":"https:\/\/aquaforest.eu\/wp-content\/uploads\/2024\/06\/AF-Minus-pH.png","type":"image\/png"}],"twitter_card":"summary_large_image","twitter_misc":{"Tempo estimado de leitura":"2 minutos"},"schema":{"@context":"https:\/\/schema.org","@graph":[{"@type":"WebPage","@id":"https:\/\/aquaforest.eu\/pt\/products\/freshwater-pt\/watertreatment-pt\/af-minus-ph\/","url":"https:\/\/aquaforest.eu\/pt\/products\/freshwater-pt\/watertreatment-pt\/af-minus-ph\/","name":"AF Minus Ph - Aquaforest","isPartOf":{"@id":"https:\/\/aquaforest.eu\/pt\/#website"},"primaryImageOfPage":{"@id":"https:\/\/aquaforest.eu\/pt\/products\/freshwater-pt\/watertreatment-pt\/af-minus-ph\/#primaryimage"},"image":{"@id":"https:\/\/aquaforest.eu\/pt\/products\/freshwater-pt\/watertreatment-pt\/af-minus-ph\/#primaryimage"},"thumbnailUrl":"https:\/\/aquaforest.eu\/wp-content\/uploads\/2024\/06\/AF-Minus-pH.png","datePublished":"2024-06-24T23:47:30+00:00","dateModified":"2025-07-14T11:08:11+00:00","description":"AF Minus pH: Effective preparation for lowering pH in freshwater aquariums. Reliable formula for precise regulation and stability of water parameters.","breadcrumb":{"@id":"https:\/\/aquaforest.eu\/pt\/products\/freshwater-pt\/watertreatment-pt\/af-minus-ph\/#breadcrumb"},"inLanguage":"pt-PT","potentialAction":[{"@type":"ReadAction","target":["https:\/\/aquaforest.eu\/pt\/products\/freshwater-pt\/watertreatment-pt\/af-minus-ph\/"]}]},{"@type":"ImageObject","inLanguage":"pt-PT","@id":"https:\/\/aquaforest.eu\/pt\/products\/freshwater-pt\/watertreatment-pt\/af-minus-ph\/#primaryimage","url":"https:\/\/aquaforest.eu\/wp-content\/uploads\/2024\/06\/AF-Minus-pH.png","contentUrl":"https:\/\/aquaforest.eu\/wp-content\/uploads\/2024\/06\/AF-Minus-pH.png","width":251,"height":600},{"@type":"BreadcrumbList","@id":"https:\/\/aquaforest.eu\/pt\/products\/freshwater-pt\/watertreatment-pt\/af-minus-ph\/#breadcrumb","itemListElement":[{"@type":"ListItem","position":1,"name":"Home","item":"https:\/\/aquaforest.eu\/pt\/"},{"@type":"ListItem","position":2,"name":"Produtos","item":"https:\/\/aquaforest.eu\/pt\/produtos\/"},{"@type":"ListItem","position":3,"name":"AF Minus Ph"}]},{"@type":"WebSite","@id":"https:\/\/aquaforest.eu\/pt\/#website","url":"https:\/\/aquaforest.eu\/pt\/","name":"Aquaforest","description":"","publisher":{"@id":"https:\/\/aquaforest.eu\/pt\/#organization"},"potentialAction":[{"@type":"SearchAction","target":{"@type":"EntryPoint","urlTemplate":"https:\/\/aquaforest.eu\/pt\/?s={search_term_string}"},"query-input":{"@type":"PropertyValueSpecification","valueRequired":true,"valueName":"search_term_string"}}],"inLanguage":"pt-PT"},{"@type":"Organization","@id":"https:\/\/aquaforest.eu\/pt\/#organization","name":"Aquaforest","url":"https:\/\/aquaforest.eu\/pt\/","logo":{"@type":"ImageObject","inLanguage":"pt-PT","@id":"https:\/\/aquaforest.eu\/pt\/#\/schema\/logo\/image\/","url":"https:\/\/aquaforest.eu\/wp-content\/uploads\/2024\/05\/logotyp-aquaforest.svg","contentUrl":"https:\/\/aquaforest.eu\/wp-content\/uploads\/2024\/05\/logotyp-aquaforest.svg","width":170,"height":22,"caption":"Aquaforest"},"image":{"@id":"https:\/\/aquaforest.eu\/pt\/#\/schema\/logo\/image\/"},"sameAs":["https:\/\/www.facebook.com\/Aquaforest\/","https:\/\/www.instagram.com\/aquaforest.eu\/"]}]}},"_links":{"self":[{"href":"https:\/\/aquaforest.eu\/pt\/wp-json\/wp\/v2\/product\/23496","targetHints":{"allow":["GET"]}}],"collection":[{"href":"https:\/\/aquaforest.eu\/pt\/wp-json\/wp\/v2\/product"}],"about":[{"href":"https:\/\/aquaforest.eu\/pt\/wp-json\/wp\/v2\/types\/product"}],"version-history":[{"count":2,"href":"https:\/\/aquaforest.eu\/pt\/wp-json\/wp\/v2\/product\/23496\/revisions"}],"predecessor-version":[{"id":23749,"href":"https:\/\/aquaforest.eu\/pt\/wp-json\/wp\/v2\/product\/23496\/revisions\/23749"}],"wp:featuredmedia":[{"embeddable":true,"href":"https:\/\/aquaforest.eu\/pt\/wp-json\/wp\/v2\/media\/23497"}],"wp:attachment":[{"href":"https:\/\/aquaforest.eu\/pt\/wp-json\/wp\/v2\/media?parent=23496"}],"wp:term":[{"taxonomy":"product_brand","embeddable":true,"href":"https:\/\/aquaforest.eu\/pt\/wp-json\/wp\/v2\/product_brand?post=23496"},{"taxonomy":"product_cat","embeddable":true,"href":"https:\/\/aquaforest.eu\/pt\/wp-json\/wp\/v2\/product_cat?post=23496"},{"taxonomy":"product_tag","embeddable":true,"href":"https:\/\/aquaforest.eu\/pt\/wp-json\/wp\/v2\/product_tag?post=23496"}],"curies":[{"name":"wp","href":"https:\/\/api.w.org\/{rel}","templated":true}]}}