{"id":23513,"date":"2024-06-25T01:17:35","date_gmt":"2024-06-24T23:17:35","guid":{"rendered":"https:\/\/aquaforest.eu\/products\/sem%20categoria\/af-carbon-boost\/"},"modified":"2025-07-14T11:40:38","modified_gmt":"2025-07-14T09:40:38","slug":"af-carbon-boost","status":"publish","type":"product","link":"https:\/\/aquaforest.eu\/pt\/products\/freshwater-pt\/supplements-and-fertilizers-pt\/af-carbon-boost\/","title":{"rendered":"AF Carbon Boost"},"content":{"rendered":"<h4>INFORMA\u00c7\u00d5ES DO PRODUTO:<\/h4>\n<p>AF Carbon Boost \u00e9 um fertilizante ideal para uso di\u00e1rio. Pode ser utilizado tanto como principal fonte de carbono quanto como suplemento em aqu\u00e1rios com sistema de CO2. O carbono \u00e9 a base de todos os compostos org\u00e2nicos e \u00e9 essencial para o crescimento intenso das plantas. Baixos n\u00edveis de carbono na \u00e1gua resultam na inibi\u00e7\u00e3o do crescimento e desenvolvimento das plantas. O uso regular do AF Carbon Boost fornece \u00e0s plantas a quantidade ideal de carbono na forma mais absorv\u00edvel, repondo eficazmente essa defici\u00eancia. AF Carbon Boost ajuda a manter o aqu\u00e1rio saud\u00e1vel e a garantir plantas com apar\u00eancia atraente e vigorosa. Devido \u00e0 sua capacidade de estabilizar o pH, tamb\u00e9m \u00e9 extremamente eficaz no combate \u00e0s algas. Especialmente recomendado para aqu\u00e1rios densamente plantados.<\/p>\n<h4>Modo de uso:<\/h4>\n<p>No aqu\u00e1rio: Para pequena quantidade de plantas: 1 ml de AF Carbon Boost por 100 litros de \u00e1gua por dia. Para quantidade m\u00e9dia: 1 ml por 50 litros por dia. Para grande quantidade: 1 ml por 25 litros por dia. Somente para uso aqu\u00e1tico. Proteger da luz solar. Manter em temperatura ambiente, em recipiente bem fechado e fora do alcance de crian\u00e7as.<\/p>\n","protected":false},"excerpt":{"rendered":"<p>Suplemento profissional de carbono facilmente assimil\u00e1vel destinado \u00e0s plantas de aqu\u00e1rio.<\/p>\n","protected":false},"featured_media":23514,"template":"","meta":{"_acf_changed":false,"content-type":""},"product_brand":[],"product_cat":[1676],"product_tag":[1671,1663,1658],"class_list":{"0":"post-23513","1":"product","2":"type-product","3":"status-publish","4":"has-post-thumbnail","6":"product_cat-supplements-and-fertilizers-pt","7":"product_tag-aquaforest-pt","8":"product_tag-freshwater-aquatics-pt","9":"product_tag-variable-pt","11":"first","12":"instock","13":"taxable","14":"shipping-taxable","15":"purchasable","16":"product-type-variable","17":"has-default-attributes"},"acf":[],"yoast_head":"<!-- This site is optimized with the Yoast SEO plugin v27.1.1 - https:\/\/yoast.com\/product\/yoast-seo-wordpress\/ -->\n<title>AF Carbon Boost - Aquaforest<\/title>\n<meta name=\"description\" content=\"AF Carbon Boost: Effective carbon supplement supporting plant growth in the aquarium. Reliable formula for better plant condition and health.\" \/>\n<meta name=\"robots\" content=\"index, follow, max-snippet:-1, max-image-preview:large, max-video-preview:-1\" \/>\n<link rel=\"canonical\" href=\"https:\/\/aquaforest.eu\/pt\/products\/freshwater-pt\/supplements-and-fertilizers-pt\/af-carbon-boost\/\" \/>\n<meta property=\"og:locale\" content=\"pt_PT\" \/>\n<meta property=\"og:type\" content=\"article\" \/>\n<meta property=\"og:title\" content=\"AF Carbon Boost - Aquaforest\" \/>\n<meta property=\"og:description\" content=\"AF Carbon Boost: Effective carbon supplement supporting plant growth in the aquarium. Reliable formula for better plant condition and health.\" \/>\n<meta property=\"og:url\" content=\"https:\/\/aquaforest.eu\/pt\/products\/freshwater-pt\/supplements-and-fertilizers-pt\/af-carbon-boost\/\" \/>\n<meta property=\"og:site_name\" content=\"Aquaforest\" \/>\n<meta property=\"article:publisher\" content=\"https:\/\/www.facebook.com\/Aquaforest\/\" \/>\n<meta property=\"article:modified_time\" content=\"2025-07-14T09:40:38+00:00\" \/>\n<meta property=\"og:image\" content=\"https:\/\/aquaforest.eu\/wp-content\/uploads\/2024\/06\/AF-Carbon-Boost.png\" \/>\n\t<meta property=\"og:image:width\" content=\"258\" \/>\n\t<meta property=\"og:image:height\" content=\"600\" \/>\n\t<meta property=\"og:image:type\" content=\"image\/png\" \/>\n<meta name=\"twitter:card\" content=\"summary_large_image\" \/>\n<meta name=\"twitter:label1\" content=\"Tempo estimado de leitura\" \/>\n\t<meta name=\"twitter:data1\" content=\"2 minutos\" \/>\n<script type=\"application\/ld+json\" class=\"yoast-schema-graph\">{\"@context\":\"https:\/\/schema.org\",\"@graph\":[{\"@type\":\"WebPage\",\"@id\":\"https:\/\/aquaforest.eu\/pt\/products\/freshwater-pt\/supplements-and-fertilizers-pt\/af-carbon-boost\/\",\"url\":\"https:\/\/aquaforest.eu\/pt\/products\/freshwater-pt\/supplements-and-fertilizers-pt\/af-carbon-boost\/\",\"name\":\"AF Carbon Boost - Aquaforest\",\"isPartOf\":{\"@id\":\"https:\/\/aquaforest.eu\/pt\/#website\"},\"primaryImageOfPage\":{\"@id\":\"https:\/\/aquaforest.eu\/pt\/products\/freshwater-pt\/supplements-and-fertilizers-pt\/af-carbon-boost\/#primaryimage\"},\"image\":{\"@id\":\"https:\/\/aquaforest.eu\/pt\/products\/freshwater-pt\/supplements-and-fertilizers-pt\/af-carbon-boost\/#primaryimage\"},\"thumbnailUrl\":\"https:\/\/aquaforest.eu\/wp-content\/uploads\/2024\/06\/AF-Carbon-Boost.png\",\"datePublished\":\"2024-06-24T23:17:35+00:00\",\"dateModified\":\"2025-07-14T09:40:38+00:00\",\"description\":\"AF Carbon Boost: Effective carbon supplement supporting plant growth in the aquarium. Reliable formula for better plant condition and health.\",\"breadcrumb\":{\"@id\":\"https:\/\/aquaforest.eu\/pt\/products\/freshwater-pt\/supplements-and-fertilizers-pt\/af-carbon-boost\/#breadcrumb\"},\"inLanguage\":\"pt-PT\",\"potentialAction\":[{\"@type\":\"ReadAction\",\"target\":[\"https:\/\/aquaforest.eu\/pt\/products\/freshwater-pt\/supplements-and-fertilizers-pt\/af-carbon-boost\/\"]}]},{\"@type\":\"ImageObject\",\"inLanguage\":\"pt-PT\",\"@id\":\"https:\/\/aquaforest.eu\/pt\/products\/freshwater-pt\/supplements-and-fertilizers-pt\/af-carbon-boost\/#primaryimage\",\"url\":\"https:\/\/aquaforest.eu\/wp-content\/uploads\/2024\/06\/AF-Carbon-Boost.png\",\"contentUrl\":\"https:\/\/aquaforest.eu\/wp-content\/uploads\/2024\/06\/AF-Carbon-Boost.png\",\"width\":258,\"height\":600},{\"@type\":\"BreadcrumbList\",\"@id\":\"https:\/\/aquaforest.eu\/pt\/products\/freshwater-pt\/supplements-and-fertilizers-pt\/af-carbon-boost\/#breadcrumb\",\"itemListElement\":[{\"@type\":\"ListItem\",\"position\":1,\"name\":\"Home\",\"item\":\"https:\/\/aquaforest.eu\/pt\/\"},{\"@type\":\"ListItem\",\"position\":2,\"name\":\"Produtos\",\"item\":\"https:\/\/aquaforest.eu\/pt\/produtos\/\"},{\"@type\":\"ListItem\",\"position\":3,\"name\":\"AF Carbon Boost\"}]},{\"@type\":\"WebSite\",\"@id\":\"https:\/\/aquaforest.eu\/pt\/#website\",\"url\":\"https:\/\/aquaforest.eu\/pt\/\",\"name\":\"Aquaforest\",\"description\":\"\",\"publisher\":{\"@id\":\"https:\/\/aquaforest.eu\/pt\/#organization\"},\"potentialAction\":[{\"@type\":\"SearchAction\",\"target\":{\"@type\":\"EntryPoint\",\"urlTemplate\":\"https:\/\/aquaforest.eu\/pt\/?s={search_term_string}\"},\"query-input\":{\"@type\":\"PropertyValueSpecification\",\"valueRequired\":true,\"valueName\":\"search_term_string\"}}],\"inLanguage\":\"pt-PT\"},{\"@type\":\"Organization\",\"@id\":\"https:\/\/aquaforest.eu\/pt\/#organization\",\"name\":\"Aquaforest\",\"url\":\"https:\/\/aquaforest.eu\/pt\/\",\"logo\":{\"@type\":\"ImageObject\",\"inLanguage\":\"pt-PT\",\"@id\":\"https:\/\/aquaforest.eu\/pt\/#\/schema\/logo\/image\/\",\"url\":\"https:\/\/aquaforest.eu\/wp-content\/uploads\/2024\/05\/logotyp-aquaforest.svg\",\"contentUrl\":\"https:\/\/aquaforest.eu\/wp-content\/uploads\/2024\/05\/logotyp-aquaforest.svg\",\"width\":170,\"height\":22,\"caption\":\"Aquaforest\"},\"image\":{\"@id\":\"https:\/\/aquaforest.eu\/pt\/#\/schema\/logo\/image\/\"},\"sameAs\":[\"https:\/\/www.facebook.com\/Aquaforest\/\",\"https:\/\/www.instagram.com\/aquaforest.eu\/\"]}]}<\/script>\n<!-- \/ Yoast SEO plugin. -->","yoast_head_json":{"title":"AF Carbon Boost - Aquaforest","description":"AF Carbon Boost: Effective carbon supplement supporting plant growth in the aquarium. Reliable formula for better plant condition and health.","robots":{"index":"index","follow":"follow","max-snippet":"max-snippet:-1","max-image-preview":"max-image-preview:large","max-video-preview":"max-video-preview:-1"},"canonical":"https:\/\/aquaforest.eu\/pt\/products\/freshwater-pt\/supplements-and-fertilizers-pt\/af-carbon-boost\/","og_locale":"pt_PT","og_type":"article","og_title":"AF Carbon Boost - Aquaforest","og_description":"AF Carbon Boost: Effective carbon supplement supporting plant growth in the aquarium. Reliable formula for better plant condition and health.","og_url":"https:\/\/aquaforest.eu\/pt\/products\/freshwater-pt\/supplements-and-fertilizers-pt\/af-carbon-boost\/","og_site_name":"Aquaforest","article_publisher":"https:\/\/www.facebook.com\/Aquaforest\/","article_modified_time":"2025-07-14T09:40:38+00:00","og_image":[{"width":258,"height":600,"url":"https:\/\/aquaforest.eu\/wp-content\/uploads\/2024\/06\/AF-Carbon-Boost.png","type":"image\/png"}],"twitter_card":"summary_large_image","twitter_misc":{"Tempo estimado de leitura":"2 minutos"},"schema":{"@context":"https:\/\/schema.org","@graph":[{"@type":"WebPage","@id":"https:\/\/aquaforest.eu\/pt\/products\/freshwater-pt\/supplements-and-fertilizers-pt\/af-carbon-boost\/","url":"https:\/\/aquaforest.eu\/pt\/products\/freshwater-pt\/supplements-and-fertilizers-pt\/af-carbon-boost\/","name":"AF Carbon Boost - Aquaforest","isPartOf":{"@id":"https:\/\/aquaforest.eu\/pt\/#website"},"primaryImageOfPage":{"@id":"https:\/\/aquaforest.eu\/pt\/products\/freshwater-pt\/supplements-and-fertilizers-pt\/af-carbon-boost\/#primaryimage"},"image":{"@id":"https:\/\/aquaforest.eu\/pt\/products\/freshwater-pt\/supplements-and-fertilizers-pt\/af-carbon-boost\/#primaryimage"},"thumbnailUrl":"https:\/\/aquaforest.eu\/wp-content\/uploads\/2024\/06\/AF-Carbon-Boost.png","datePublished":"2024-06-24T23:17:35+00:00","dateModified":"2025-07-14T09:40:38+00:00","description":"AF Carbon Boost: Effective carbon supplement supporting plant growth in the aquarium. Reliable formula for better plant condition and health.","breadcrumb":{"@id":"https:\/\/aquaforest.eu\/pt\/products\/freshwater-pt\/supplements-and-fertilizers-pt\/af-carbon-boost\/#breadcrumb"},"inLanguage":"pt-PT","potentialAction":[{"@type":"ReadAction","target":["https:\/\/aquaforest.eu\/pt\/products\/freshwater-pt\/supplements-and-fertilizers-pt\/af-carbon-boost\/"]}]},{"@type":"ImageObject","inLanguage":"pt-PT","@id":"https:\/\/aquaforest.eu\/pt\/products\/freshwater-pt\/supplements-and-fertilizers-pt\/af-carbon-boost\/#primaryimage","url":"https:\/\/aquaforest.eu\/wp-content\/uploads\/2024\/06\/AF-Carbon-Boost.png","contentUrl":"https:\/\/aquaforest.eu\/wp-content\/uploads\/2024\/06\/AF-Carbon-Boost.png","width":258,"height":600},{"@type":"BreadcrumbList","@id":"https:\/\/aquaforest.eu\/pt\/products\/freshwater-pt\/supplements-and-fertilizers-pt\/af-carbon-boost\/#breadcrumb","itemListElement":[{"@type":"ListItem","position":1,"name":"Home","item":"https:\/\/aquaforest.eu\/pt\/"},{"@type":"ListItem","position":2,"name":"Produtos","item":"https:\/\/aquaforest.eu\/pt\/produtos\/"},{"@type":"ListItem","position":3,"name":"AF Carbon Boost"}]},{"@type":"WebSite","@id":"https:\/\/aquaforest.eu\/pt\/#website","url":"https:\/\/aquaforest.eu\/pt\/","name":"Aquaforest","description":"","publisher":{"@id":"https:\/\/aquaforest.eu\/pt\/#organization"},"potentialAction":[{"@type":"SearchAction","target":{"@type":"EntryPoint","urlTemplate":"https:\/\/aquaforest.eu\/pt\/?s={search_term_string}"},"query-input":{"@type":"PropertyValueSpecification","valueRequired":true,"valueName":"search_term_string"}}],"inLanguage":"pt-PT"},{"@type":"Organization","@id":"https:\/\/aquaforest.eu\/pt\/#organization","name":"Aquaforest","url":"https:\/\/aquaforest.eu\/pt\/","logo":{"@type":"ImageObject","inLanguage":"pt-PT","@id":"https:\/\/aquaforest.eu\/pt\/#\/schema\/logo\/image\/","url":"https:\/\/aquaforest.eu\/wp-content\/uploads\/2024\/05\/logotyp-aquaforest.svg","contentUrl":"https:\/\/aquaforest.eu\/wp-content\/uploads\/2024\/05\/logotyp-aquaforest.svg","width":170,"height":22,"caption":"Aquaforest"},"image":{"@id":"https:\/\/aquaforest.eu\/pt\/#\/schema\/logo\/image\/"},"sameAs":["https:\/\/www.facebook.com\/Aquaforest\/","https:\/\/www.instagram.com\/aquaforest.eu\/"]}]}},"_links":{"self":[{"href":"https:\/\/aquaforest.eu\/pt\/wp-json\/wp\/v2\/product\/23513","targetHints":{"allow":["GET"]}}],"collection":[{"href":"https:\/\/aquaforest.eu\/pt\/wp-json\/wp\/v2\/product"}],"about":[{"href":"https:\/\/aquaforest.eu\/pt\/wp-json\/wp\/v2\/types\/product"}],"version-history":[{"count":1,"href":"https:\/\/aquaforest.eu\/pt\/wp-json\/wp\/v2\/product\/23513\/revisions"}],"predecessor-version":[{"id":23662,"href":"https:\/\/aquaforest.eu\/pt\/wp-json\/wp\/v2\/product\/23513\/revisions\/23662"}],"wp:featuredmedia":[{"embeddable":true,"href":"https:\/\/aquaforest.eu\/pt\/wp-json\/wp\/v2\/media\/23514"}],"wp:attachment":[{"href":"https:\/\/aquaforest.eu\/pt\/wp-json\/wp\/v2\/media?parent=23513"}],"wp:term":[{"taxonomy":"product_brand","embeddable":true,"href":"https:\/\/aquaforest.eu\/pt\/wp-json\/wp\/v2\/product_brand?post=23513"},{"taxonomy":"product_cat","embeddable":true,"href":"https:\/\/aquaforest.eu\/pt\/wp-json\/wp\/v2\/product_cat?post=23513"},{"taxonomy":"product_tag","embeddable":true,"href":"https:\/\/aquaforest.eu\/pt\/wp-json\/wp\/v2\/product_tag?post=23513"}],"curies":[{"name":"wp","href":"https:\/\/api.w.org\/{rel}","templated":true}]}}