{"id":23531,"date":"2024-06-25T00:59:33","date_gmt":"2024-06-24T22:59:33","guid":{"rendered":"https:\/\/aquaforest.eu\/products\/sem%20categoria\/af-macro\/"},"modified":"2025-08-19T11:29:17","modified_gmt":"2025-08-19T09:29:17","slug":"af-macro","status":"publish","type":"product","link":"https:\/\/aquaforest.eu\/pt\/products\/freshwater-pt\/supplements-and-fertilizers-pt\/af-macro\/","title":{"rendered":"AF Macro"},"content":{"rendered":"<h4>INFORMA\u00c7\u00d5ES DO PRODUTO:<\/h4>\n<p>AF Macro \u00e9 uma composi\u00e7\u00e3o cuidadosamente selecionada que cont\u00e9m nitrog\u00eanio, f\u00f3sforo e pot\u00e1ssio (NPK), enriquecida com magn\u00e9sio. O uso regular de AF Macro garante um crescimento r\u00e1pido e saud\u00e1vel das plantas e assegura uma colora\u00e7\u00e3o intensa e natural. A propor\u00e7\u00e3o perfeita de macronutrientes fornece todas as subst\u00e2ncias necess\u00e1rias que as plantas utilizam em seu ambiente natural. Os macroelementos participam da estrutura celular, do desenvolvimento de prote\u00ednas e enzimas, e tamb\u00e9m comp\u00f5em os \u00e1cidos nucleicos. AF Macro n\u00e3o \u00e9 apenas um bloco de constru\u00e7\u00e3o elementar, mas seus componentes tamb\u00e9m transportam e acumulam energia. A defici\u00eancia de macroelementos causa inibi\u00e7\u00e3o do crescimento, enfraquecimento dos brotos e descolora\u00e7\u00e3o das folhas. AF Macro \u00e9 ideal para aqu\u00e1rios densamente plantados com pequena quantidade de peixes.<\/p>\n<h4>Modo de uso:<\/h4>\n<p>5 ml de AF Macro para cada 100 l de \u00e1gua duas vezes por semana. Recomenda-se o uso paralelo com AF Micro e AF Carbon Boost. A suplementa\u00e7\u00e3o paralela com outras f\u00f3rmulas contendo macronutrientes n\u00e3o deve ser realizada devido ao risco de crescimento excessivo das plantas e prolifera\u00e7\u00e3o de algas. Absorventes como ze\u00f3lita e\/ou carv\u00e3o ativado podem reduzir a efic\u00e1cia da f\u00f3rmula. Em caso de maior demanda por qualquer macronutriente, podem ser utilizados adicionalmente AF N Boost, AF PO4 e AF K Boost.<\/p>\n<p><strong>1 ml em 10 l de \u00e1gua do aqu\u00e1rio aumentar\u00e1 os n\u00edveis de:<\/strong><\/p>\n<ul>\n<li data-start=\"46\" data-end=\"77\">\n<p data-start=\"48\" data-end=\"77\">NO3 Nitrog\u00eanio 5 mg\/l (ppm)<\/p>\n<\/li>\n<li data-start=\"78\" data-end=\"107\">\n<p data-start=\"80\" data-end=\"107\">P F\u00f3sforo 0,35 mg\/l (ppm)<\/p>\n<\/li>\n<li data-start=\"108\" data-end=\"137\">\n<p data-start=\"110\" data-end=\"137\">K Pot\u00e1ssio 2,5 mg\/l (ppm)<\/p>\n<\/li>\n<li data-start=\"138\" data-end=\"168\" data-is-last-node=\"\">\n<p data-start=\"140\" data-end=\"168\" data-is-last-node=\"\">Mg Magn\u00e9sio 1,2 mg\/l (ppm)<\/p>\n<\/li>\n<\/ul>\n","protected":false},"excerpt":{"rendered":"<p>Fertilizante b\u00e1sico altamente concentrado com um conjunto completo de macroelementos necess\u00e1rios para o crescimento intensivo das plantas.<\/p>\n","protected":false},"featured_media":23532,"template":"","meta":{"_acf_changed":false,"content-type":""},"product_brand":[],"product_cat":[1676],"product_tag":[1671,1663,1658],"class_list":{"0":"post-23531","1":"product","2":"type-product","3":"status-publish","4":"has-post-thumbnail","6":"product_cat-supplements-and-fertilizers-pt","7":"product_tag-aquaforest-pt","8":"product_tag-freshwater-aquatics-pt","9":"product_tag-variable-pt","11":"first","12":"instock","13":"taxable","14":"shipping-taxable","15":"purchasable","16":"product-type-variable","17":"has-default-attributes"},"acf":[],"yoast_head":"<!-- This site is optimized with the Yoast SEO plugin v27.1.1 - https:\/\/yoast.com\/product\/yoast-seo-wordpress\/ -->\n<title>AF Macro - Aquaforest<\/title>\n<meta name=\"description\" content=\"Effective macronutrient supplement for the health of plants in the aquarium. Reliable formula supporting growth and intense colors.\" \/>\n<meta name=\"robots\" content=\"index, follow, max-snippet:-1, max-image-preview:large, max-video-preview:-1\" \/>\n<link rel=\"canonical\" href=\"https:\/\/aquaforest.eu\/pt\/products\/freshwater-pt\/supplements-and-fertilizers-pt\/af-macro\/\" \/>\n<meta property=\"og:locale\" content=\"pt_PT\" \/>\n<meta property=\"og:type\" content=\"article\" \/>\n<meta property=\"og:title\" content=\"AF Macro - Aquaforest\" \/>\n<meta property=\"og:description\" content=\"Effective macronutrient supplement for the health of plants in the aquarium. Reliable formula supporting growth and intense colors.\" \/>\n<meta property=\"og:url\" content=\"https:\/\/aquaforest.eu\/pt\/products\/freshwater-pt\/supplements-and-fertilizers-pt\/af-macro\/\" \/>\n<meta property=\"og:site_name\" content=\"Aquaforest\" \/>\n<meta property=\"article:publisher\" content=\"https:\/\/www.facebook.com\/Aquaforest\/\" \/>\n<meta property=\"article:modified_time\" content=\"2025-08-19T09:29:17+00:00\" \/>\n<meta property=\"og:image\" content=\"https:\/\/aquaforest.eu\/wp-content\/uploads\/2024\/06\/AF-Macro.png\" \/>\n\t<meta property=\"og:image:width\" content=\"265\" \/>\n\t<meta property=\"og:image:height\" content=\"600\" \/>\n\t<meta property=\"og:image:type\" content=\"image\/png\" \/>\n<meta name=\"twitter:card\" content=\"summary_large_image\" \/>\n<meta name=\"twitter:label1\" content=\"Tempo estimado de leitura\" \/>\n\t<meta name=\"twitter:data1\" content=\"2 minutos\" \/>\n<script type=\"application\/ld+json\" class=\"yoast-schema-graph\">{\"@context\":\"https:\/\/schema.org\",\"@graph\":[{\"@type\":\"WebPage\",\"@id\":\"https:\/\/aquaforest.eu\/pt\/products\/freshwater-pt\/supplements-and-fertilizers-pt\/af-macro\/\",\"url\":\"https:\/\/aquaforest.eu\/pt\/products\/freshwater-pt\/supplements-and-fertilizers-pt\/af-macro\/\",\"name\":\"AF Macro - Aquaforest\",\"isPartOf\":{\"@id\":\"https:\/\/aquaforest.eu\/pt\/#website\"},\"primaryImageOfPage\":{\"@id\":\"https:\/\/aquaforest.eu\/pt\/products\/freshwater-pt\/supplements-and-fertilizers-pt\/af-macro\/#primaryimage\"},\"image\":{\"@id\":\"https:\/\/aquaforest.eu\/pt\/products\/freshwater-pt\/supplements-and-fertilizers-pt\/af-macro\/#primaryimage\"},\"thumbnailUrl\":\"https:\/\/aquaforest.eu\/wp-content\/uploads\/2024\/06\/AF-Macro.png\",\"datePublished\":\"2024-06-24T22:59:33+00:00\",\"dateModified\":\"2025-08-19T09:29:17+00:00\",\"description\":\"Effective macronutrient supplement for the health of plants in the aquarium. Reliable formula supporting growth and intense colors.\",\"breadcrumb\":{\"@id\":\"https:\/\/aquaforest.eu\/pt\/products\/freshwater-pt\/supplements-and-fertilizers-pt\/af-macro\/#breadcrumb\"},\"inLanguage\":\"pt-PT\",\"potentialAction\":[{\"@type\":\"ReadAction\",\"target\":[\"https:\/\/aquaforest.eu\/pt\/products\/freshwater-pt\/supplements-and-fertilizers-pt\/af-macro\/\"]}]},{\"@type\":\"ImageObject\",\"inLanguage\":\"pt-PT\",\"@id\":\"https:\/\/aquaforest.eu\/pt\/products\/freshwater-pt\/supplements-and-fertilizers-pt\/af-macro\/#primaryimage\",\"url\":\"https:\/\/aquaforest.eu\/wp-content\/uploads\/2024\/06\/AF-Macro.png\",\"contentUrl\":\"https:\/\/aquaforest.eu\/wp-content\/uploads\/2024\/06\/AF-Macro.png\",\"width\":265,\"height\":600},{\"@type\":\"BreadcrumbList\",\"@id\":\"https:\/\/aquaforest.eu\/pt\/products\/freshwater-pt\/supplements-and-fertilizers-pt\/af-macro\/#breadcrumb\",\"itemListElement\":[{\"@type\":\"ListItem\",\"position\":1,\"name\":\"Home\",\"item\":\"https:\/\/aquaforest.eu\/pt\/\"},{\"@type\":\"ListItem\",\"position\":2,\"name\":\"Produtos\",\"item\":\"https:\/\/aquaforest.eu\/pt\/produtos\/\"},{\"@type\":\"ListItem\",\"position\":3,\"name\":\"AF Macro\"}]},{\"@type\":\"WebSite\",\"@id\":\"https:\/\/aquaforest.eu\/pt\/#website\",\"url\":\"https:\/\/aquaforest.eu\/pt\/\",\"name\":\"Aquaforest\",\"description\":\"\",\"publisher\":{\"@id\":\"https:\/\/aquaforest.eu\/pt\/#organization\"},\"potentialAction\":[{\"@type\":\"SearchAction\",\"target\":{\"@type\":\"EntryPoint\",\"urlTemplate\":\"https:\/\/aquaforest.eu\/pt\/?s={search_term_string}\"},\"query-input\":{\"@type\":\"PropertyValueSpecification\",\"valueRequired\":true,\"valueName\":\"search_term_string\"}}],\"inLanguage\":\"pt-PT\"},{\"@type\":\"Organization\",\"@id\":\"https:\/\/aquaforest.eu\/pt\/#organization\",\"name\":\"Aquaforest\",\"url\":\"https:\/\/aquaforest.eu\/pt\/\",\"logo\":{\"@type\":\"ImageObject\",\"inLanguage\":\"pt-PT\",\"@id\":\"https:\/\/aquaforest.eu\/pt\/#\/schema\/logo\/image\/\",\"url\":\"https:\/\/aquaforest.eu\/wp-content\/uploads\/2024\/05\/logotyp-aquaforest.svg\",\"contentUrl\":\"https:\/\/aquaforest.eu\/wp-content\/uploads\/2024\/05\/logotyp-aquaforest.svg\",\"width\":170,\"height\":22,\"caption\":\"Aquaforest\"},\"image\":{\"@id\":\"https:\/\/aquaforest.eu\/pt\/#\/schema\/logo\/image\/\"},\"sameAs\":[\"https:\/\/www.facebook.com\/Aquaforest\/\",\"https:\/\/www.instagram.com\/aquaforest.eu\/\"]}]}<\/script>\n<!-- \/ Yoast SEO plugin. -->","yoast_head_json":{"title":"AF Macro - Aquaforest","description":"Effective macronutrient supplement for the health of plants in the aquarium. Reliable formula supporting growth and intense colors.","robots":{"index":"index","follow":"follow","max-snippet":"max-snippet:-1","max-image-preview":"max-image-preview:large","max-video-preview":"max-video-preview:-1"},"canonical":"https:\/\/aquaforest.eu\/pt\/products\/freshwater-pt\/supplements-and-fertilizers-pt\/af-macro\/","og_locale":"pt_PT","og_type":"article","og_title":"AF Macro - Aquaforest","og_description":"Effective macronutrient supplement for the health of plants in the aquarium. Reliable formula supporting growth and intense colors.","og_url":"https:\/\/aquaforest.eu\/pt\/products\/freshwater-pt\/supplements-and-fertilizers-pt\/af-macro\/","og_site_name":"Aquaforest","article_publisher":"https:\/\/www.facebook.com\/Aquaforest\/","article_modified_time":"2025-08-19T09:29:17+00:00","og_image":[{"width":265,"height":600,"url":"https:\/\/aquaforest.eu\/wp-content\/uploads\/2024\/06\/AF-Macro.png","type":"image\/png"}],"twitter_card":"summary_large_image","twitter_misc":{"Tempo estimado de leitura":"2 minutos"},"schema":{"@context":"https:\/\/schema.org","@graph":[{"@type":"WebPage","@id":"https:\/\/aquaforest.eu\/pt\/products\/freshwater-pt\/supplements-and-fertilizers-pt\/af-macro\/","url":"https:\/\/aquaforest.eu\/pt\/products\/freshwater-pt\/supplements-and-fertilizers-pt\/af-macro\/","name":"AF Macro - Aquaforest","isPartOf":{"@id":"https:\/\/aquaforest.eu\/pt\/#website"},"primaryImageOfPage":{"@id":"https:\/\/aquaforest.eu\/pt\/products\/freshwater-pt\/supplements-and-fertilizers-pt\/af-macro\/#primaryimage"},"image":{"@id":"https:\/\/aquaforest.eu\/pt\/products\/freshwater-pt\/supplements-and-fertilizers-pt\/af-macro\/#primaryimage"},"thumbnailUrl":"https:\/\/aquaforest.eu\/wp-content\/uploads\/2024\/06\/AF-Macro.png","datePublished":"2024-06-24T22:59:33+00:00","dateModified":"2025-08-19T09:29:17+00:00","description":"Effective macronutrient supplement for the health of plants in the aquarium. Reliable formula supporting growth and intense colors.","breadcrumb":{"@id":"https:\/\/aquaforest.eu\/pt\/products\/freshwater-pt\/supplements-and-fertilizers-pt\/af-macro\/#breadcrumb"},"inLanguage":"pt-PT","potentialAction":[{"@type":"ReadAction","target":["https:\/\/aquaforest.eu\/pt\/products\/freshwater-pt\/supplements-and-fertilizers-pt\/af-macro\/"]}]},{"@type":"ImageObject","inLanguage":"pt-PT","@id":"https:\/\/aquaforest.eu\/pt\/products\/freshwater-pt\/supplements-and-fertilizers-pt\/af-macro\/#primaryimage","url":"https:\/\/aquaforest.eu\/wp-content\/uploads\/2024\/06\/AF-Macro.png","contentUrl":"https:\/\/aquaforest.eu\/wp-content\/uploads\/2024\/06\/AF-Macro.png","width":265,"height":600},{"@type":"BreadcrumbList","@id":"https:\/\/aquaforest.eu\/pt\/products\/freshwater-pt\/supplements-and-fertilizers-pt\/af-macro\/#breadcrumb","itemListElement":[{"@type":"ListItem","position":1,"name":"Home","item":"https:\/\/aquaforest.eu\/pt\/"},{"@type":"ListItem","position":2,"name":"Produtos","item":"https:\/\/aquaforest.eu\/pt\/produtos\/"},{"@type":"ListItem","position":3,"name":"AF Macro"}]},{"@type":"WebSite","@id":"https:\/\/aquaforest.eu\/pt\/#website","url":"https:\/\/aquaforest.eu\/pt\/","name":"Aquaforest","description":"","publisher":{"@id":"https:\/\/aquaforest.eu\/pt\/#organization"},"potentialAction":[{"@type":"SearchAction","target":{"@type":"EntryPoint","urlTemplate":"https:\/\/aquaforest.eu\/pt\/?s={search_term_string}"},"query-input":{"@type":"PropertyValueSpecification","valueRequired":true,"valueName":"search_term_string"}}],"inLanguage":"pt-PT"},{"@type":"Organization","@id":"https:\/\/aquaforest.eu\/pt\/#organization","name":"Aquaforest","url":"https:\/\/aquaforest.eu\/pt\/","logo":{"@type":"ImageObject","inLanguage":"pt-PT","@id":"https:\/\/aquaforest.eu\/pt\/#\/schema\/logo\/image\/","url":"https:\/\/aquaforest.eu\/wp-content\/uploads\/2024\/05\/logotyp-aquaforest.svg","contentUrl":"https:\/\/aquaforest.eu\/wp-content\/uploads\/2024\/05\/logotyp-aquaforest.svg","width":170,"height":22,"caption":"Aquaforest"},"image":{"@id":"https:\/\/aquaforest.eu\/pt\/#\/schema\/logo\/image\/"},"sameAs":["https:\/\/www.facebook.com\/Aquaforest\/","https:\/\/www.instagram.com\/aquaforest.eu\/"]}]}},"_links":{"self":[{"href":"https:\/\/aquaforest.eu\/pt\/wp-json\/wp\/v2\/product\/23531","targetHints":{"allow":["GET"]}}],"collection":[{"href":"https:\/\/aquaforest.eu\/pt\/wp-json\/wp\/v2\/product"}],"about":[{"href":"https:\/\/aquaforest.eu\/pt\/wp-json\/wp\/v2\/types\/product"}],"version-history":[{"count":3,"href":"https:\/\/aquaforest.eu\/pt\/wp-json\/wp\/v2\/product\/23531\/revisions"}],"predecessor-version":[{"id":24722,"href":"https:\/\/aquaforest.eu\/pt\/wp-json\/wp\/v2\/product\/23531\/revisions\/24722"}],"wp:featuredmedia":[{"embeddable":true,"href":"https:\/\/aquaforest.eu\/pt\/wp-json\/wp\/v2\/media\/23532"}],"wp:attachment":[{"href":"https:\/\/aquaforest.eu\/pt\/wp-json\/wp\/v2\/media?parent=23531"}],"wp:term":[{"taxonomy":"product_brand","embeddable":true,"href":"https:\/\/aquaforest.eu\/pt\/wp-json\/wp\/v2\/product_brand?post=23531"},{"taxonomy":"product_cat","embeddable":true,"href":"https:\/\/aquaforest.eu\/pt\/wp-json\/wp\/v2\/product_cat?post=23531"},{"taxonomy":"product_tag","embeddable":true,"href":"https:\/\/aquaforest.eu\/pt\/wp-json\/wp\/v2\/product_tag?post=23531"}],"curies":[{"name":"wp","href":"https:\/\/api.w.org\/{rel}","templated":true}]}}