{"id":23555,"date":"2024-06-25T00:18:05","date_gmt":"2024-06-24T22:18:05","guid":{"rendered":"https:\/\/aquaforest.eu\/products\/sem%20categoria\/af-red-boost\/"},"modified":"2025-07-14T13:32:06","modified_gmt":"2025-07-14T11:32:06","slug":"af-red-boost","status":"publish","type":"product","link":"https:\/\/aquaforest.eu\/pt\/products\/freshwater-pt\/supplements-and-fertilizers-pt\/af-red-boost\/","title":{"rendered":"AF Red Boost"},"content":{"rendered":"<h4>INFORMA\u00c7\u00d5ES DO PRODUTO:<\/h4>\n<p> F\u00f3rmula profissional que cont\u00eam micronutrientes selecionados e fitohorm\u00f4nios para intensificar a colora\u00e7\u00e3o vermelha das plantas.<br \/>\n AF Red Boost real\u00e7a as cores das plantas vermelhas intensificando os tons de laranja, p\u00farpura e carmesim.<br \/>\n Plantas vermelhas, al\u00e9m de clorofila, cont\u00e9m pigmentos como xantofilas, carotenos, antocianinas e flavonoides, que determinam a colora\u00e7\u00e3o caracter\u00edstica.<br \/>\n AF Red Boost aumenta a concentra\u00e7\u00e3o natural desses pigmentos.<br \/>\n Os fitohorm\u00f4nios presentes na f\u00f3rmula tamb\u00e9m estimulam o crescimento e desenvolvimento das plantas, bem como a expans\u00e3o do sistema radicular.<br \/>\n A f\u00f3rmula cuidadosamente desenvolvida de AF Red Boost fornece todos os nutrientes essenciais para um visual saud\u00e1vel e cores intensas e vibrantes.<\/p>\n<h4>COMO USAR:<\/h4>\n<p> No aqu\u00e1rio: Para quantidade m\u00e9dia de plantas: 4 gotas por 100 litros de \u00e1gua por dia; Para grande quantidade de plantas: 8 gotas por 100 litros de \u00e1gua por dia. Recomenda-se o uso conjunto com AF Macro.<br \/>\nAbsorventes como ze\u00f3lita e\/ou carv\u00e3o ativado podem reduzir a efic\u00e1cia do produto.<br \/>\nUso exclusivo em aqu\u00e1rios. Proteger da luz solar. Armazenar em temperatura ambiente em recipiente bem fechado. Manter fora do alcance de crian\u00e7as.<\/p>\n<p><strong>1 ml em 10 l de \u00e1gua aumenta os n\u00edveis de:<\/strong><\/p>\n<p>Mg Magn\u00e9sio 0,28 mg\/l (ppm)<br \/>\nMn Mangan\u00eas: 0,24 mg\/l (ppm)<br \/>\nFe Ferro: 0,38 mg\/l (ppm)<br \/>\nMo Molibd\u00eanio: 0,6 \u00b5g\/l<\/p>\n","protected":false},"excerpt":{"rendered":"<p>F\u00f3rmula que cont\u00e9m micronutrientes selecionados e fitohorm\u00f4nios para intensificar a colora\u00e7\u00e3o vermelha das plantas.<\/p>\n","protected":false},"featured_media":23556,"template":"","meta":{"_acf_changed":false,"content-type":""},"product_brand":[],"product_cat":[1676],"product_tag":[1671,1663,1658],"class_list":{"0":"post-23555","1":"product","2":"type-product","3":"status-publish","4":"has-post-thumbnail","6":"product_cat-supplements-and-fertilizers-pt","7":"product_tag-aquaforest-pt","8":"product_tag-freshwater-aquatics-pt","9":"product_tag-variable-pt","11":"first","12":"instock","13":"taxable","14":"shipping-taxable","15":"purchasable","16":"product-type-variable","17":"has-default-attributes"},"acf":[],"yoast_head":"<!-- This site is optimized with the Yoast SEO plugin v27.1.1 - https:\/\/yoast.com\/product\/yoast-seo-wordpress\/ -->\n<title>AF Red Boost - Aquaforest<\/title>\n<meta name=\"description\" content=\"AF Red Boost: Specialized supplement for intensifying the red and orange coloration of plants.\" \/>\n<meta name=\"robots\" content=\"index, follow, max-snippet:-1, max-image-preview:large, max-video-preview:-1\" \/>\n<link rel=\"canonical\" href=\"https:\/\/aquaforest.eu\/pt\/products\/freshwater-pt\/supplements-and-fertilizers-pt\/af-red-boost\/\" \/>\n<meta property=\"og:locale\" content=\"pt_PT\" \/>\n<meta property=\"og:type\" content=\"article\" \/>\n<meta property=\"og:title\" content=\"AF Red Boost - Aquaforest\" \/>\n<meta property=\"og:description\" content=\"AF Red Boost: Specialized supplement for intensifying the red and orange coloration of plants.\" \/>\n<meta property=\"og:url\" content=\"https:\/\/aquaforest.eu\/pt\/products\/freshwater-pt\/supplements-and-fertilizers-pt\/af-red-boost\/\" \/>\n<meta property=\"og:site_name\" content=\"Aquaforest\" \/>\n<meta property=\"article:publisher\" content=\"https:\/\/www.facebook.com\/Aquaforest\/\" \/>\n<meta property=\"article:modified_time\" content=\"2025-07-14T11:32:06+00:00\" \/>\n<meta property=\"og:image\" content=\"https:\/\/aquaforest.eu\/wp-content\/uploads\/2024\/06\/AF-Red-Boost.png\" \/>\n\t<meta property=\"og:image:width\" content=\"262\" \/>\n\t<meta property=\"og:image:height\" content=\"600\" \/>\n\t<meta property=\"og:image:type\" content=\"image\/png\" \/>\n<meta name=\"twitter:card\" content=\"summary_large_image\" \/>\n<meta name=\"twitter:label1\" content=\"Tempo estimado de leitura\" \/>\n\t<meta name=\"twitter:data1\" content=\"2 minutos\" \/>\n<script type=\"application\/ld+json\" class=\"yoast-schema-graph\">{\"@context\":\"https:\/\/schema.org\",\"@graph\":[{\"@type\":\"WebPage\",\"@id\":\"https:\/\/aquaforest.eu\/pt\/products\/freshwater-pt\/supplements-and-fertilizers-pt\/af-red-boost\/\",\"url\":\"https:\/\/aquaforest.eu\/pt\/products\/freshwater-pt\/supplements-and-fertilizers-pt\/af-red-boost\/\",\"name\":\"AF Red Boost - Aquaforest\",\"isPartOf\":{\"@id\":\"https:\/\/aquaforest.eu\/pt\/#website\"},\"primaryImageOfPage\":{\"@id\":\"https:\/\/aquaforest.eu\/pt\/products\/freshwater-pt\/supplements-and-fertilizers-pt\/af-red-boost\/#primaryimage\"},\"image\":{\"@id\":\"https:\/\/aquaforest.eu\/pt\/products\/freshwater-pt\/supplements-and-fertilizers-pt\/af-red-boost\/#primaryimage\"},\"thumbnailUrl\":\"https:\/\/aquaforest.eu\/wp-content\/uploads\/2024\/06\/AF-Red-Boost.png\",\"datePublished\":\"2024-06-24T22:18:05+00:00\",\"dateModified\":\"2025-07-14T11:32:06+00:00\",\"description\":\"AF Red Boost: Specialized supplement for intensifying the red and orange coloration of plants.\",\"breadcrumb\":{\"@id\":\"https:\/\/aquaforest.eu\/pt\/products\/freshwater-pt\/supplements-and-fertilizers-pt\/af-red-boost\/#breadcrumb\"},\"inLanguage\":\"pt-PT\",\"potentialAction\":[{\"@type\":\"ReadAction\",\"target\":[\"https:\/\/aquaforest.eu\/pt\/products\/freshwater-pt\/supplements-and-fertilizers-pt\/af-red-boost\/\"]}]},{\"@type\":\"ImageObject\",\"inLanguage\":\"pt-PT\",\"@id\":\"https:\/\/aquaforest.eu\/pt\/products\/freshwater-pt\/supplements-and-fertilizers-pt\/af-red-boost\/#primaryimage\",\"url\":\"https:\/\/aquaforest.eu\/wp-content\/uploads\/2024\/06\/AF-Red-Boost.png\",\"contentUrl\":\"https:\/\/aquaforest.eu\/wp-content\/uploads\/2024\/06\/AF-Red-Boost.png\",\"width\":262,\"height\":600},{\"@type\":\"BreadcrumbList\",\"@id\":\"https:\/\/aquaforest.eu\/pt\/products\/freshwater-pt\/supplements-and-fertilizers-pt\/af-red-boost\/#breadcrumb\",\"itemListElement\":[{\"@type\":\"ListItem\",\"position\":1,\"name\":\"Home\",\"item\":\"https:\/\/aquaforest.eu\/pt\/\"},{\"@type\":\"ListItem\",\"position\":2,\"name\":\"Produtos\",\"item\":\"https:\/\/aquaforest.eu\/pt\/produtos\/\"},{\"@type\":\"ListItem\",\"position\":3,\"name\":\"AF Red Boost\"}]},{\"@type\":\"WebSite\",\"@id\":\"https:\/\/aquaforest.eu\/pt\/#website\",\"url\":\"https:\/\/aquaforest.eu\/pt\/\",\"name\":\"Aquaforest\",\"description\":\"\",\"publisher\":{\"@id\":\"https:\/\/aquaforest.eu\/pt\/#organization\"},\"potentialAction\":[{\"@type\":\"SearchAction\",\"target\":{\"@type\":\"EntryPoint\",\"urlTemplate\":\"https:\/\/aquaforest.eu\/pt\/?s={search_term_string}\"},\"query-input\":{\"@type\":\"PropertyValueSpecification\",\"valueRequired\":true,\"valueName\":\"search_term_string\"}}],\"inLanguage\":\"pt-PT\"},{\"@type\":\"Organization\",\"@id\":\"https:\/\/aquaforest.eu\/pt\/#organization\",\"name\":\"Aquaforest\",\"url\":\"https:\/\/aquaforest.eu\/pt\/\",\"logo\":{\"@type\":\"ImageObject\",\"inLanguage\":\"pt-PT\",\"@id\":\"https:\/\/aquaforest.eu\/pt\/#\/schema\/logo\/image\/\",\"url\":\"https:\/\/aquaforest.eu\/wp-content\/uploads\/2024\/05\/logotyp-aquaforest.svg\",\"contentUrl\":\"https:\/\/aquaforest.eu\/wp-content\/uploads\/2024\/05\/logotyp-aquaforest.svg\",\"width\":170,\"height\":22,\"caption\":\"Aquaforest\"},\"image\":{\"@id\":\"https:\/\/aquaforest.eu\/pt\/#\/schema\/logo\/image\/\"},\"sameAs\":[\"https:\/\/www.facebook.com\/Aquaforest\/\",\"https:\/\/www.instagram.com\/aquaforest.eu\/\"]}]}<\/script>\n<!-- \/ Yoast SEO plugin. -->","yoast_head_json":{"title":"AF Red Boost - Aquaforest","description":"AF Red Boost: Specialized supplement for intensifying the red and orange coloration of plants.","robots":{"index":"index","follow":"follow","max-snippet":"max-snippet:-1","max-image-preview":"max-image-preview:large","max-video-preview":"max-video-preview:-1"},"canonical":"https:\/\/aquaforest.eu\/pt\/products\/freshwater-pt\/supplements-and-fertilizers-pt\/af-red-boost\/","og_locale":"pt_PT","og_type":"article","og_title":"AF Red Boost - Aquaforest","og_description":"AF Red Boost: Specialized supplement for intensifying the red and orange coloration of plants.","og_url":"https:\/\/aquaforest.eu\/pt\/products\/freshwater-pt\/supplements-and-fertilizers-pt\/af-red-boost\/","og_site_name":"Aquaforest","article_publisher":"https:\/\/www.facebook.com\/Aquaforest\/","article_modified_time":"2025-07-14T11:32:06+00:00","og_image":[{"width":262,"height":600,"url":"https:\/\/aquaforest.eu\/wp-content\/uploads\/2024\/06\/AF-Red-Boost.png","type":"image\/png"}],"twitter_card":"summary_large_image","twitter_misc":{"Tempo estimado de leitura":"2 minutos"},"schema":{"@context":"https:\/\/schema.org","@graph":[{"@type":"WebPage","@id":"https:\/\/aquaforest.eu\/pt\/products\/freshwater-pt\/supplements-and-fertilizers-pt\/af-red-boost\/","url":"https:\/\/aquaforest.eu\/pt\/products\/freshwater-pt\/supplements-and-fertilizers-pt\/af-red-boost\/","name":"AF Red Boost - Aquaforest","isPartOf":{"@id":"https:\/\/aquaforest.eu\/pt\/#website"},"primaryImageOfPage":{"@id":"https:\/\/aquaforest.eu\/pt\/products\/freshwater-pt\/supplements-and-fertilizers-pt\/af-red-boost\/#primaryimage"},"image":{"@id":"https:\/\/aquaforest.eu\/pt\/products\/freshwater-pt\/supplements-and-fertilizers-pt\/af-red-boost\/#primaryimage"},"thumbnailUrl":"https:\/\/aquaforest.eu\/wp-content\/uploads\/2024\/06\/AF-Red-Boost.png","datePublished":"2024-06-24T22:18:05+00:00","dateModified":"2025-07-14T11:32:06+00:00","description":"AF Red Boost: Specialized supplement for intensifying the red and orange coloration of plants.","breadcrumb":{"@id":"https:\/\/aquaforest.eu\/pt\/products\/freshwater-pt\/supplements-and-fertilizers-pt\/af-red-boost\/#breadcrumb"},"inLanguage":"pt-PT","potentialAction":[{"@type":"ReadAction","target":["https:\/\/aquaforest.eu\/pt\/products\/freshwater-pt\/supplements-and-fertilizers-pt\/af-red-boost\/"]}]},{"@type":"ImageObject","inLanguage":"pt-PT","@id":"https:\/\/aquaforest.eu\/pt\/products\/freshwater-pt\/supplements-and-fertilizers-pt\/af-red-boost\/#primaryimage","url":"https:\/\/aquaforest.eu\/wp-content\/uploads\/2024\/06\/AF-Red-Boost.png","contentUrl":"https:\/\/aquaforest.eu\/wp-content\/uploads\/2024\/06\/AF-Red-Boost.png","width":262,"height":600},{"@type":"BreadcrumbList","@id":"https:\/\/aquaforest.eu\/pt\/products\/freshwater-pt\/supplements-and-fertilizers-pt\/af-red-boost\/#breadcrumb","itemListElement":[{"@type":"ListItem","position":1,"name":"Home","item":"https:\/\/aquaforest.eu\/pt\/"},{"@type":"ListItem","position":2,"name":"Produtos","item":"https:\/\/aquaforest.eu\/pt\/produtos\/"},{"@type":"ListItem","position":3,"name":"AF Red Boost"}]},{"@type":"WebSite","@id":"https:\/\/aquaforest.eu\/pt\/#website","url":"https:\/\/aquaforest.eu\/pt\/","name":"Aquaforest","description":"","publisher":{"@id":"https:\/\/aquaforest.eu\/pt\/#organization"},"potentialAction":[{"@type":"SearchAction","target":{"@type":"EntryPoint","urlTemplate":"https:\/\/aquaforest.eu\/pt\/?s={search_term_string}"},"query-input":{"@type":"PropertyValueSpecification","valueRequired":true,"valueName":"search_term_string"}}],"inLanguage":"pt-PT"},{"@type":"Organization","@id":"https:\/\/aquaforest.eu\/pt\/#organization","name":"Aquaforest","url":"https:\/\/aquaforest.eu\/pt\/","logo":{"@type":"ImageObject","inLanguage":"pt-PT","@id":"https:\/\/aquaforest.eu\/pt\/#\/schema\/logo\/image\/","url":"https:\/\/aquaforest.eu\/wp-content\/uploads\/2024\/05\/logotyp-aquaforest.svg","contentUrl":"https:\/\/aquaforest.eu\/wp-content\/uploads\/2024\/05\/logotyp-aquaforest.svg","width":170,"height":22,"caption":"Aquaforest"},"image":{"@id":"https:\/\/aquaforest.eu\/pt\/#\/schema\/logo\/image\/"},"sameAs":["https:\/\/www.facebook.com\/Aquaforest\/","https:\/\/www.instagram.com\/aquaforest.eu\/"]}]}},"_links":{"self":[{"href":"https:\/\/aquaforest.eu\/pt\/wp-json\/wp\/v2\/product\/23555","targetHints":{"allow":["GET"]}}],"collection":[{"href":"https:\/\/aquaforest.eu\/pt\/wp-json\/wp\/v2\/product"}],"about":[{"href":"https:\/\/aquaforest.eu\/pt\/wp-json\/wp\/v2\/types\/product"}],"version-history":[{"count":1,"href":"https:\/\/aquaforest.eu\/pt\/wp-json\/wp\/v2\/product\/23555\/revisions"}],"predecessor-version":[{"id":23854,"href":"https:\/\/aquaforest.eu\/pt\/wp-json\/wp\/v2\/product\/23555\/revisions\/23854"}],"wp:featuredmedia":[{"embeddable":true,"href":"https:\/\/aquaforest.eu\/pt\/wp-json\/wp\/v2\/media\/23556"}],"wp:attachment":[{"href":"https:\/\/aquaforest.eu\/pt\/wp-json\/wp\/v2\/media?parent=23555"}],"wp:term":[{"taxonomy":"product_brand","embeddable":true,"href":"https:\/\/aquaforest.eu\/pt\/wp-json\/wp\/v2\/product_brand?post=23555"},{"taxonomy":"product_cat","embeddable":true,"href":"https:\/\/aquaforest.eu\/pt\/wp-json\/wp\/v2\/product_cat?post=23555"},{"taxonomy":"product_tag","embeddable":true,"href":"https:\/\/aquaforest.eu\/pt\/wp-json\/wp\/v2\/product_tag?post=23555"}],"curies":[{"name":"wp","href":"https:\/\/api.w.org\/{rel}","templated":true}]}}