{"id":23561,"date":"2024-06-25T00:08:22","date_gmt":"2024-06-24T22:08:22","guid":{"rendered":"https:\/\/aquaforest.eu\/products\/sem%20categoria\/af-lava-soil\/"},"modified":"2025-07-14T12:26:23","modified_gmt":"2025-07-14T10:26:23","slug":"af-lava-soil","status":"publish","type":"product","link":"https:\/\/aquaforest.eu\/pt\/products\/freshwater-pt\/aquascaping_-pt\/af-lava-soil\/","title":{"rendered":"AF Lava Soil"},"content":{"rendered":"<h4><span style=\"color: #000000;\">INFORMA\u00c7\u00d5ES DO PRODUTO:<\/span><\/h4>\n<p><span style=\"color: #000000;\">Substrato natural marrom \u00e0 base de lava vulc\u00e2nica, ideal para qualquer aqu\u00e1rio de \u00e1gua doce. Para garantir condi\u00e7\u00f5es ideais para o crescimento das plantas, o AF Lava Soil foi enriquecido com minerais preciosos. Este substrato natural libera minerais gradualmente na \u00e1gua e, gra\u00e7as \u00e0 sua alta porosidade, favorece a multiplica\u00e7\u00e3o de microrganismos ben\u00e9ficos.<br \/>\nSua estrutura \u00fanica facilita o enraizamento das plantas aqu\u00e1ticas e evita a forma\u00e7\u00e3o de zonas anaer\u00f3bicas, onde bact\u00e9rias que produzem sulfeto de hidrog\u00eanio t\u00f3xico possam se desenvolver. Garante melhor circula\u00e7\u00e3o da \u00e1gua no substrato, promovendo distribui\u00e7\u00e3o equilibrada dos nutrientes e melhorando sua absor\u00e7\u00e3o pelas plantas.<br \/>\nO substrato \u00e9 cuidadosamente pr\u00e9-lavado, mas uma leve turbidez pode ocorrer logo ap\u00f3s o enchimento do aqu\u00e1rio. Essa turbidez \u00e9 natural, inofensiva e desaparece em cerca de 12 horas.<br \/>\nDevido ao alto teor de minerais, recomendamos limitar o uso de fertilizantes com micronutrientes durante os primeiros seis meses ap\u00f3s a montagem do aqu\u00e1rio, para evitar ac\u00famulo excessivo.<br \/>\n<\/span><\/p>\n<p>&nbsp;<\/p>\n<hr \/>\n<h4><\/h4>\n<h4><span style=\"color: #000000;\">COMO USAR:<\/span><\/h4>\n<p><span style=\"color: #000000;\">Coloque uma camada de aproximadamente 7 cm de AF Lava Soil no fundo do aqu\u00e1rio, encha com \u00e1gua at\u00e9 cerca de 10 cm, plante as plantas e depois complete o enchimento com \u00e1gua.<\/span><\/p>\n","protected":false},"excerpt":{"rendered":"<p>Solo natural marrom \u00e0 base de lava vulc\u00e2nica e enriquecido com minerais essenciais para as plantas.<\/p>\n","protected":false},"featured_media":23562,"template":"","meta":{"_acf_changed":false,"content-type":""},"product_brand":[],"product_cat":[1662],"product_tag":[1671,1663,1653],"class_list":{"0":"post-23561","1":"product","2":"type-product","3":"status-publish","4":"has-post-thumbnail","6":"product_cat-aquascaping_-pt","7":"product_tag-aquaforest-pt","8":"product_tag-freshwater-aquatics-pt","9":"product_tag-simple-pt","11":"first","12":"instock","13":"taxable","14":"shipping-taxable","15":"purchasable","16":"product-type-simple"},"acf":[],"yoast_head":"<!-- This site is optimized with the Yoast SEO plugin v27.1.1 - https:\/\/yoast.com\/product\/yoast-seo-wordpress\/ -->\n<title>AF Lava Soil - Aquaforest<\/title>\n<meta name=\"description\" content=\"AF Lava Soil: Natural volcanic substrate for the aquarium. Unique formula supporting healthy plant development and ecosystem stability.\" \/>\n<meta name=\"robots\" content=\"index, follow, max-snippet:-1, max-image-preview:large, max-video-preview:-1\" \/>\n<link rel=\"canonical\" href=\"https:\/\/aquaforest.eu\/pt\/products\/freshwater-pt\/aquascaping_-pt\/af-lava-soil\/\" \/>\n<meta property=\"og:locale\" content=\"pt_PT\" \/>\n<meta property=\"og:type\" content=\"article\" \/>\n<meta property=\"og:title\" content=\"AF Lava Soil - Aquaforest\" \/>\n<meta property=\"og:description\" content=\"AF Lava Soil: Natural volcanic substrate for the aquarium. Unique formula supporting healthy plant development and ecosystem stability.\" \/>\n<meta property=\"og:url\" content=\"https:\/\/aquaforest.eu\/pt\/products\/freshwater-pt\/aquascaping_-pt\/af-lava-soil\/\" \/>\n<meta property=\"og:site_name\" content=\"Aquaforest\" \/>\n<meta property=\"article:publisher\" content=\"https:\/\/www.facebook.com\/Aquaforest\/\" \/>\n<meta property=\"article:modified_time\" content=\"2025-07-14T10:26:23+00:00\" \/>\n<meta property=\"og:image\" content=\"https:\/\/aquaforest.eu\/wp-content\/uploads\/2024\/06\/AF_Lava-Soil.png\" \/>\n\t<meta property=\"og:image:width\" content=\"463\" \/>\n\t<meta property=\"og:image:height\" content=\"600\" \/>\n\t<meta property=\"og:image:type\" content=\"image\/png\" \/>\n<meta name=\"twitter:card\" content=\"summary_large_image\" \/>\n<meta name=\"twitter:label1\" content=\"Tempo estimado de leitura\" \/>\n\t<meta name=\"twitter:data1\" content=\"2 minutos\" \/>\n<script type=\"application\/ld+json\" class=\"yoast-schema-graph\">{\"@context\":\"https:\/\/schema.org\",\"@graph\":[{\"@type\":\"WebPage\",\"@id\":\"https:\/\/aquaforest.eu\/pt\/products\/freshwater-pt\/aquascaping_-pt\/af-lava-soil\/\",\"url\":\"https:\/\/aquaforest.eu\/pt\/products\/freshwater-pt\/aquascaping_-pt\/af-lava-soil\/\",\"name\":\"AF Lava Soil - Aquaforest\",\"isPartOf\":{\"@id\":\"https:\/\/aquaforest.eu\/pt\/#website\"},\"primaryImageOfPage\":{\"@id\":\"https:\/\/aquaforest.eu\/pt\/products\/freshwater-pt\/aquascaping_-pt\/af-lava-soil\/#primaryimage\"},\"image\":{\"@id\":\"https:\/\/aquaforest.eu\/pt\/products\/freshwater-pt\/aquascaping_-pt\/af-lava-soil\/#primaryimage\"},\"thumbnailUrl\":\"https:\/\/aquaforest.eu\/wp-content\/uploads\/2024\/06\/AF_Lava-Soil.png\",\"datePublished\":\"2024-06-24T22:08:22+00:00\",\"dateModified\":\"2025-07-14T10:26:23+00:00\",\"description\":\"AF Lava Soil: Natural volcanic substrate for the aquarium. Unique formula supporting healthy plant development and ecosystem stability.\",\"breadcrumb\":{\"@id\":\"https:\/\/aquaforest.eu\/pt\/products\/freshwater-pt\/aquascaping_-pt\/af-lava-soil\/#breadcrumb\"},\"inLanguage\":\"pt-PT\",\"potentialAction\":[{\"@type\":\"ReadAction\",\"target\":[\"https:\/\/aquaforest.eu\/pt\/products\/freshwater-pt\/aquascaping_-pt\/af-lava-soil\/\"]}]},{\"@type\":\"ImageObject\",\"inLanguage\":\"pt-PT\",\"@id\":\"https:\/\/aquaforest.eu\/pt\/products\/freshwater-pt\/aquascaping_-pt\/af-lava-soil\/#primaryimage\",\"url\":\"https:\/\/aquaforest.eu\/wp-content\/uploads\/2024\/06\/AF_Lava-Soil.png\",\"contentUrl\":\"https:\/\/aquaforest.eu\/wp-content\/uploads\/2024\/06\/AF_Lava-Soil.png\",\"width\":463,\"height\":600},{\"@type\":\"BreadcrumbList\",\"@id\":\"https:\/\/aquaforest.eu\/pt\/products\/freshwater-pt\/aquascaping_-pt\/af-lava-soil\/#breadcrumb\",\"itemListElement\":[{\"@type\":\"ListItem\",\"position\":1,\"name\":\"Home\",\"item\":\"https:\/\/aquaforest.eu\/pt\/\"},{\"@type\":\"ListItem\",\"position\":2,\"name\":\"Produtos\",\"item\":\"https:\/\/aquaforest.eu\/pt\/produtos\/\"},{\"@type\":\"ListItem\",\"position\":3,\"name\":\"AF Lava Soil\"}]},{\"@type\":\"WebSite\",\"@id\":\"https:\/\/aquaforest.eu\/pt\/#website\",\"url\":\"https:\/\/aquaforest.eu\/pt\/\",\"name\":\"Aquaforest\",\"description\":\"\",\"publisher\":{\"@id\":\"https:\/\/aquaforest.eu\/pt\/#organization\"},\"potentialAction\":[{\"@type\":\"SearchAction\",\"target\":{\"@type\":\"EntryPoint\",\"urlTemplate\":\"https:\/\/aquaforest.eu\/pt\/?s={search_term_string}\"},\"query-input\":{\"@type\":\"PropertyValueSpecification\",\"valueRequired\":true,\"valueName\":\"search_term_string\"}}],\"inLanguage\":\"pt-PT\"},{\"@type\":\"Organization\",\"@id\":\"https:\/\/aquaforest.eu\/pt\/#organization\",\"name\":\"Aquaforest\",\"url\":\"https:\/\/aquaforest.eu\/pt\/\",\"logo\":{\"@type\":\"ImageObject\",\"inLanguage\":\"pt-PT\",\"@id\":\"https:\/\/aquaforest.eu\/pt\/#\/schema\/logo\/image\/\",\"url\":\"https:\/\/aquaforest.eu\/wp-content\/uploads\/2024\/05\/logotyp-aquaforest.svg\",\"contentUrl\":\"https:\/\/aquaforest.eu\/wp-content\/uploads\/2024\/05\/logotyp-aquaforest.svg\",\"width\":170,\"height\":22,\"caption\":\"Aquaforest\"},\"image\":{\"@id\":\"https:\/\/aquaforest.eu\/pt\/#\/schema\/logo\/image\/\"},\"sameAs\":[\"https:\/\/www.facebook.com\/Aquaforest\/\",\"https:\/\/www.instagram.com\/aquaforest.eu\/\"]}]}<\/script>\n<!-- \/ Yoast SEO plugin. -->","yoast_head_json":{"title":"AF Lava Soil - Aquaforest","description":"AF Lava Soil: Natural volcanic substrate for the aquarium. Unique formula supporting healthy plant development and ecosystem stability.","robots":{"index":"index","follow":"follow","max-snippet":"max-snippet:-1","max-image-preview":"max-image-preview:large","max-video-preview":"max-video-preview:-1"},"canonical":"https:\/\/aquaforest.eu\/pt\/products\/freshwater-pt\/aquascaping_-pt\/af-lava-soil\/","og_locale":"pt_PT","og_type":"article","og_title":"AF Lava Soil - Aquaforest","og_description":"AF Lava Soil: Natural volcanic substrate for the aquarium. Unique formula supporting healthy plant development and ecosystem stability.","og_url":"https:\/\/aquaforest.eu\/pt\/products\/freshwater-pt\/aquascaping_-pt\/af-lava-soil\/","og_site_name":"Aquaforest","article_publisher":"https:\/\/www.facebook.com\/Aquaforest\/","article_modified_time":"2025-07-14T10:26:23+00:00","og_image":[{"width":463,"height":600,"url":"https:\/\/aquaforest.eu\/wp-content\/uploads\/2024\/06\/AF_Lava-Soil.png","type":"image\/png"}],"twitter_card":"summary_large_image","twitter_misc":{"Tempo estimado de leitura":"2 minutos"},"schema":{"@context":"https:\/\/schema.org","@graph":[{"@type":"WebPage","@id":"https:\/\/aquaforest.eu\/pt\/products\/freshwater-pt\/aquascaping_-pt\/af-lava-soil\/","url":"https:\/\/aquaforest.eu\/pt\/products\/freshwater-pt\/aquascaping_-pt\/af-lava-soil\/","name":"AF Lava Soil - Aquaforest","isPartOf":{"@id":"https:\/\/aquaforest.eu\/pt\/#website"},"primaryImageOfPage":{"@id":"https:\/\/aquaforest.eu\/pt\/products\/freshwater-pt\/aquascaping_-pt\/af-lava-soil\/#primaryimage"},"image":{"@id":"https:\/\/aquaforest.eu\/pt\/products\/freshwater-pt\/aquascaping_-pt\/af-lava-soil\/#primaryimage"},"thumbnailUrl":"https:\/\/aquaforest.eu\/wp-content\/uploads\/2024\/06\/AF_Lava-Soil.png","datePublished":"2024-06-24T22:08:22+00:00","dateModified":"2025-07-14T10:26:23+00:00","description":"AF Lava Soil: Natural volcanic substrate for the aquarium. Unique formula supporting healthy plant development and ecosystem stability.","breadcrumb":{"@id":"https:\/\/aquaforest.eu\/pt\/products\/freshwater-pt\/aquascaping_-pt\/af-lava-soil\/#breadcrumb"},"inLanguage":"pt-PT","potentialAction":[{"@type":"ReadAction","target":["https:\/\/aquaforest.eu\/pt\/products\/freshwater-pt\/aquascaping_-pt\/af-lava-soil\/"]}]},{"@type":"ImageObject","inLanguage":"pt-PT","@id":"https:\/\/aquaforest.eu\/pt\/products\/freshwater-pt\/aquascaping_-pt\/af-lava-soil\/#primaryimage","url":"https:\/\/aquaforest.eu\/wp-content\/uploads\/2024\/06\/AF_Lava-Soil.png","contentUrl":"https:\/\/aquaforest.eu\/wp-content\/uploads\/2024\/06\/AF_Lava-Soil.png","width":463,"height":600},{"@type":"BreadcrumbList","@id":"https:\/\/aquaforest.eu\/pt\/products\/freshwater-pt\/aquascaping_-pt\/af-lava-soil\/#breadcrumb","itemListElement":[{"@type":"ListItem","position":1,"name":"Home","item":"https:\/\/aquaforest.eu\/pt\/"},{"@type":"ListItem","position":2,"name":"Produtos","item":"https:\/\/aquaforest.eu\/pt\/produtos\/"},{"@type":"ListItem","position":3,"name":"AF Lava Soil"}]},{"@type":"WebSite","@id":"https:\/\/aquaforest.eu\/pt\/#website","url":"https:\/\/aquaforest.eu\/pt\/","name":"Aquaforest","description":"","publisher":{"@id":"https:\/\/aquaforest.eu\/pt\/#organization"},"potentialAction":[{"@type":"SearchAction","target":{"@type":"EntryPoint","urlTemplate":"https:\/\/aquaforest.eu\/pt\/?s={search_term_string}"},"query-input":{"@type":"PropertyValueSpecification","valueRequired":true,"valueName":"search_term_string"}}],"inLanguage":"pt-PT"},{"@type":"Organization","@id":"https:\/\/aquaforest.eu\/pt\/#organization","name":"Aquaforest","url":"https:\/\/aquaforest.eu\/pt\/","logo":{"@type":"ImageObject","inLanguage":"pt-PT","@id":"https:\/\/aquaforest.eu\/pt\/#\/schema\/logo\/image\/","url":"https:\/\/aquaforest.eu\/wp-content\/uploads\/2024\/05\/logotyp-aquaforest.svg","contentUrl":"https:\/\/aquaforest.eu\/wp-content\/uploads\/2024\/05\/logotyp-aquaforest.svg","width":170,"height":22,"caption":"Aquaforest"},"image":{"@id":"https:\/\/aquaforest.eu\/pt\/#\/schema\/logo\/image\/"},"sameAs":["https:\/\/www.facebook.com\/Aquaforest\/","https:\/\/www.instagram.com\/aquaforest.eu\/"]}]}},"_links":{"self":[{"href":"https:\/\/aquaforest.eu\/pt\/wp-json\/wp\/v2\/product\/23561","targetHints":{"allow":["GET"]}}],"collection":[{"href":"https:\/\/aquaforest.eu\/pt\/wp-json\/wp\/v2\/product"}],"about":[{"href":"https:\/\/aquaforest.eu\/pt\/wp-json\/wp\/v2\/types\/product"}],"version-history":[{"count":1,"href":"https:\/\/aquaforest.eu\/pt\/wp-json\/wp\/v2\/product\/23561\/revisions"}],"predecessor-version":[{"id":23695,"href":"https:\/\/aquaforest.eu\/pt\/wp-json\/wp\/v2\/product\/23561\/revisions\/23695"}],"wp:featuredmedia":[{"embeddable":true,"href":"https:\/\/aquaforest.eu\/pt\/wp-json\/wp\/v2\/media\/23562"}],"wp:attachment":[{"href":"https:\/\/aquaforest.eu\/pt\/wp-json\/wp\/v2\/media?parent=23561"}],"wp:term":[{"taxonomy":"product_brand","embeddable":true,"href":"https:\/\/aquaforest.eu\/pt\/wp-json\/wp\/v2\/product_brand?post=23561"},{"taxonomy":"product_cat","embeddable":true,"href":"https:\/\/aquaforest.eu\/pt\/wp-json\/wp\/v2\/product_cat?post=23561"},{"taxonomy":"product_tag","embeddable":true,"href":"https:\/\/aquaforest.eu\/pt\/wp-json\/wp\/v2\/product_tag?post=23561"}],"curies":[{"name":"wp","href":"https:\/\/api.w.org\/{rel}","templated":true}]}}