{"id":23577,"date":"2024-06-24T17:43:20","date_gmt":"2024-06-24T15:43:20","guid":{"rendered":"https:\/\/aquaforest.eu\/products\/sem%20categoria\/icp-test-1\/"},"modified":"2025-07-14T14:46:33","modified_gmt":"2025-07-14T12:46:33","slug":"icp-test-1","status":"publish","type":"product","link":"https:\/\/aquaforest.eu\/pt\/products\/lab-pt\/icp-tests-pt\/icp-test-1\/","title":{"rendered":"ICP Test 1"},"content":{"rendered":"<div class=\"custom-product-tabs\">\n<h2><span style=\"color: #000000;\">Descri\u00e7\u00e3o:<\/span><\/h2>\n<p><span style=\"color: #000000;\">O teste ICP-OES foi desenvolvido para an\u00e1lise detalhada dos par\u00e2metros da \u00e1gua salgada do seu aqu\u00e1rio ou da \u00e1gua de osmose reversa (RO).<br \/>\n O kit inclui 1 frasco de coleta, um c\u00f3digo de amostra exclusivo e um envelope para envio ao nosso laborat\u00f3rio.<br \/>\n Cada teste ICP-OES fornece resultados precisos para 39 par\u00e2metros.<br \/>\n Nosso laborat\u00f3rio analisa: Li, Si, I, Ba, Mo, Ni, Mn, Be, Cr, Co, Fe, V, Zn, Hg, Se, Cd, Sn, Sb, As, Al, Pb, Ti, Cu, La, Sc, W, Na, Ca, Mg, K, Br, B, Sr, S, P, PO4, salinidade, KH e NO3.<br \/>\n<\/span><\/p>\n<p><span style=\"color: #000000;\"><strong>O que \u00e9 o teste ICP-OES?<\/strong>\u00a0ICP-OES (Espectrometria de Emiss\u00e3o \u00d3ptica com Plasma Indutivamente Acoplado) \u00e9 uma t\u00e9cnica usada para analisar a composi\u00e7\u00e3o de diversos tipos de amostras l\u00edquidas, como \u00e1gua pot\u00e1vel, salmouras ou \u00e1gua do mar.<br \/>\n O Aquaforest Lab possui o espectr\u00f4metro com a mais alta resolu\u00e7\u00e3o do mercado, com um sistema \u00f3ptico patenteado e exclusivo com plasma horizontal e vertical.<br \/>\n Faixa de comprimento de onda: 130\u2013770 nm. A an\u00e1lise do espectro completo leva apenas 2 segundos, com frequ\u00eancia de leitura de at\u00e9 10 Hz.<br \/>\n<\/span><\/p>\n<p><span style=\"color: #000000;\"><strong>Por que escolher o Aquaforest Lab?<\/strong>\u00a0Possu\u00edmos n\u00e3o apenas um, mas dois espectr\u00f4metros ICP-OES de alt\u00edssima tecnologia, o que nos permite realizar testes com maior rapidez e fornecer resultados quase imediatamente ap\u00f3s o recebimento da amostra.<\/span><\/p>\n<h2><span style=\"color: #000000;\">Modo de uso:<\/span><\/h2>\n<\/div>\n<div class=\"tab-content\">\n<div id=\"fusion-tab-1\" class=\"tab-pane fade fusion-clearfix active in\">\n<ol>\n<li><span style=\"color: #000000;\">Enx\u00e1gue o frasco de amostra duas vezes com a \u00e1gua a ser analisada. Em seguida, encha e feche bem.<\/span><\/li>\n<li><span style=\"color: #000000;\">Acesse www.aquaforestlab.com, cadastre-se e registre sua amostra usando o c\u00f3digo do frasco.<\/span><\/li>\n<li><span style=\"color: #000000;\">Envie a(s) amostra(s) para o escrit\u00f3rio da SharkBR. Eles nos enviar\u00e3o as amostras se voc\u00ea estiver no Brasil.<\/span><\/li>\n<li><span style=\"color: #000000;\">Voc\u00ea receber\u00e1 um e-mail assim que os resultados estiverem dispon\u00edveis. Acesse sua conta para visualizar os relat\u00f3rios.<\/span><\/li>\n<\/ol>\n<\/div>\n<\/div>\n","protected":false},"excerpt":{"rendered":"<p>Teste preciso da \u00e1gua marinha para an\u00e1lise completa de par\u00e2metros. Cont\u00e9m 1 frasco de amostra e um c\u00f3digo de teste.<\/p>\n","protected":false},"featured_media":23579,"template":"","meta":{"_acf_changed":false,"content-type":""},"product_brand":[],"product_cat":[1720],"product_tag":[1721,1722,1653],"class_list":{"0":"post-23577","1":"product","2":"type-product","3":"status-publish","4":"has-post-thumbnail","6":"product_cat-icp-tests-pt","7":"product_tag-aquaforest-lab-pt","8":"product_tag-icp-tests-pt","9":"product_tag-simple-pt","11":"first","12":"instock","13":"taxable","14":"shipping-taxable","15":"purchasable","16":"product-type-simple"},"acf":[],"yoast_head":"<!-- This site is optimized with the Yoast SEO plugin v27.1.1 - https:\/\/yoast.com\/product\/yoast-seo-wordpress\/ -->\n<title>ICP Test 1 - Aquaforest<\/title>\n<meta name=\"description\" content=\"ICP Test 1: ICP-OES tests were created for the precise analysis of seawater and RO water parameters. The kit contains 1 test vial, a unique code and an envelope for sending the test to our laboratory.\" \/>\n<meta name=\"robots\" content=\"index, follow, max-snippet:-1, max-image-preview:large, max-video-preview:-1\" \/>\n<link rel=\"canonical\" href=\"https:\/\/aquaforest.eu\/pt\/products\/lab-pt\/icp-tests-pt\/icp-test-1\/\" \/>\n<meta property=\"og:locale\" content=\"pt_PT\" \/>\n<meta property=\"og:type\" content=\"article\" \/>\n<meta property=\"og:title\" content=\"ICP Test 1 - Aquaforest\" \/>\n<meta property=\"og:description\" content=\"ICP Test 1: ICP-OES tests were created for the precise analysis of seawater and RO water parameters. The kit contains 1 test vial, a unique code and an envelope for sending the test to our laboratory.\" \/>\n<meta property=\"og:url\" content=\"https:\/\/aquaforest.eu\/pt\/products\/lab-pt\/icp-tests-pt\/icp-test-1\/\" \/>\n<meta property=\"og:site_name\" content=\"Aquaforest\" \/>\n<meta property=\"article:publisher\" content=\"https:\/\/www.facebook.com\/Aquaforest\/\" \/>\n<meta property=\"article:modified_time\" content=\"2025-07-14T12:46:33+00:00\" \/>\n<meta property=\"og:image\" content=\"https:\/\/aquaforest.eu\/wp-content\/uploads\/2024\/06\/ICP-test1-no3-e1737376147233.png\" \/>\n\t<meta property=\"og:image:width\" content=\"1422\" \/>\n\t<meta property=\"og:image:height\" content=\"1293\" \/>\n\t<meta property=\"og:image:type\" content=\"image\/png\" \/>\n<meta name=\"twitter:card\" content=\"summary_large_image\" \/>\n<meta name=\"twitter:label1\" content=\"Tempo estimado de leitura\" \/>\n\t<meta name=\"twitter:data1\" content=\"2 minutos\" \/>\n<script type=\"application\/ld+json\" class=\"yoast-schema-graph\">{\"@context\":\"https:\/\/schema.org\",\"@graph\":[{\"@type\":\"WebPage\",\"@id\":\"https:\/\/aquaforest.eu\/pt\/products\/lab-pt\/icp-tests-pt\/icp-test-1\/\",\"url\":\"https:\/\/aquaforest.eu\/pt\/products\/lab-pt\/icp-tests-pt\/icp-test-1\/\",\"name\":\"ICP Test 1 - Aquaforest\",\"isPartOf\":{\"@id\":\"https:\/\/aquaforest.eu\/pt\/#website\"},\"primaryImageOfPage\":{\"@id\":\"https:\/\/aquaforest.eu\/pt\/products\/lab-pt\/icp-tests-pt\/icp-test-1\/#primaryimage\"},\"image\":{\"@id\":\"https:\/\/aquaforest.eu\/pt\/products\/lab-pt\/icp-tests-pt\/icp-test-1\/#primaryimage\"},\"thumbnailUrl\":\"https:\/\/aquaforest.eu\/wp-content\/uploads\/2024\/06\/ICP-test1-no3-e1737376147233.png\",\"datePublished\":\"2024-06-24T15:43:20+00:00\",\"dateModified\":\"2025-07-14T12:46:33+00:00\",\"description\":\"ICP Test 1: ICP-OES tests were created for the precise analysis of seawater and RO water parameters. The kit contains 1 test vial, a unique code and an envelope for sending the test to our laboratory.\",\"breadcrumb\":{\"@id\":\"https:\/\/aquaforest.eu\/pt\/products\/lab-pt\/icp-tests-pt\/icp-test-1\/#breadcrumb\"},\"inLanguage\":\"pt-PT\",\"potentialAction\":[{\"@type\":\"ReadAction\",\"target\":[\"https:\/\/aquaforest.eu\/pt\/products\/lab-pt\/icp-tests-pt\/icp-test-1\/\"]}]},{\"@type\":\"ImageObject\",\"inLanguage\":\"pt-PT\",\"@id\":\"https:\/\/aquaforest.eu\/pt\/products\/lab-pt\/icp-tests-pt\/icp-test-1\/#primaryimage\",\"url\":\"https:\/\/aquaforest.eu\/wp-content\/uploads\/2024\/06\/ICP-test1-no3-e1737376147233.png\",\"contentUrl\":\"https:\/\/aquaforest.eu\/wp-content\/uploads\/2024\/06\/ICP-test1-no3-e1737376147233.png\",\"width\":1422,\"height\":1293},{\"@type\":\"BreadcrumbList\",\"@id\":\"https:\/\/aquaforest.eu\/pt\/products\/lab-pt\/icp-tests-pt\/icp-test-1\/#breadcrumb\",\"itemListElement\":[{\"@type\":\"ListItem\",\"position\":1,\"name\":\"Home\",\"item\":\"https:\/\/aquaforest.eu\/pt\/\"},{\"@type\":\"ListItem\",\"position\":2,\"name\":\"Produtos\",\"item\":\"https:\/\/aquaforest.eu\/pt\/produtos\/\"},{\"@type\":\"ListItem\",\"position\":3,\"name\":\"ICP Test 1\"}]},{\"@type\":\"WebSite\",\"@id\":\"https:\/\/aquaforest.eu\/pt\/#website\",\"url\":\"https:\/\/aquaforest.eu\/pt\/\",\"name\":\"Aquaforest\",\"description\":\"\",\"publisher\":{\"@id\":\"https:\/\/aquaforest.eu\/pt\/#organization\"},\"potentialAction\":[{\"@type\":\"SearchAction\",\"target\":{\"@type\":\"EntryPoint\",\"urlTemplate\":\"https:\/\/aquaforest.eu\/pt\/?s={search_term_string}\"},\"query-input\":{\"@type\":\"PropertyValueSpecification\",\"valueRequired\":true,\"valueName\":\"search_term_string\"}}],\"inLanguage\":\"pt-PT\"},{\"@type\":\"Organization\",\"@id\":\"https:\/\/aquaforest.eu\/pt\/#organization\",\"name\":\"Aquaforest\",\"url\":\"https:\/\/aquaforest.eu\/pt\/\",\"logo\":{\"@type\":\"ImageObject\",\"inLanguage\":\"pt-PT\",\"@id\":\"https:\/\/aquaforest.eu\/pt\/#\/schema\/logo\/image\/\",\"url\":\"https:\/\/aquaforest.eu\/wp-content\/uploads\/2024\/05\/logotyp-aquaforest.svg\",\"contentUrl\":\"https:\/\/aquaforest.eu\/wp-content\/uploads\/2024\/05\/logotyp-aquaforest.svg\",\"width\":170,\"height\":22,\"caption\":\"Aquaforest\"},\"image\":{\"@id\":\"https:\/\/aquaforest.eu\/pt\/#\/schema\/logo\/image\/\"},\"sameAs\":[\"https:\/\/www.facebook.com\/Aquaforest\/\",\"https:\/\/www.instagram.com\/aquaforest.eu\/\"]}]}<\/script>\n<!-- \/ Yoast SEO plugin. -->","yoast_head_json":{"title":"ICP Test 1 - Aquaforest","description":"ICP Test 1: ICP-OES tests were created for the precise analysis of seawater and RO water parameters. The kit contains 1 test vial, a unique code and an envelope for sending the test to our laboratory.","robots":{"index":"index","follow":"follow","max-snippet":"max-snippet:-1","max-image-preview":"max-image-preview:large","max-video-preview":"max-video-preview:-1"},"canonical":"https:\/\/aquaforest.eu\/pt\/products\/lab-pt\/icp-tests-pt\/icp-test-1\/","og_locale":"pt_PT","og_type":"article","og_title":"ICP Test 1 - Aquaforest","og_description":"ICP Test 1: ICP-OES tests were created for the precise analysis of seawater and RO water parameters. The kit contains 1 test vial, a unique code and an envelope for sending the test to our laboratory.","og_url":"https:\/\/aquaforest.eu\/pt\/products\/lab-pt\/icp-tests-pt\/icp-test-1\/","og_site_name":"Aquaforest","article_publisher":"https:\/\/www.facebook.com\/Aquaforest\/","article_modified_time":"2025-07-14T12:46:33+00:00","og_image":[{"width":1422,"height":1293,"url":"https:\/\/aquaforest.eu\/wp-content\/uploads\/2024\/06\/ICP-test1-no3-e1737376147233.png","type":"image\/png"}],"twitter_card":"summary_large_image","twitter_misc":{"Tempo estimado de leitura":"2 minutos"},"schema":{"@context":"https:\/\/schema.org","@graph":[{"@type":"WebPage","@id":"https:\/\/aquaforest.eu\/pt\/products\/lab-pt\/icp-tests-pt\/icp-test-1\/","url":"https:\/\/aquaforest.eu\/pt\/products\/lab-pt\/icp-tests-pt\/icp-test-1\/","name":"ICP Test 1 - Aquaforest","isPartOf":{"@id":"https:\/\/aquaforest.eu\/pt\/#website"},"primaryImageOfPage":{"@id":"https:\/\/aquaforest.eu\/pt\/products\/lab-pt\/icp-tests-pt\/icp-test-1\/#primaryimage"},"image":{"@id":"https:\/\/aquaforest.eu\/pt\/products\/lab-pt\/icp-tests-pt\/icp-test-1\/#primaryimage"},"thumbnailUrl":"https:\/\/aquaforest.eu\/wp-content\/uploads\/2024\/06\/ICP-test1-no3-e1737376147233.png","datePublished":"2024-06-24T15:43:20+00:00","dateModified":"2025-07-14T12:46:33+00:00","description":"ICP Test 1: ICP-OES tests were created for the precise analysis of seawater and RO water parameters. The kit contains 1 test vial, a unique code and an envelope for sending the test to our laboratory.","breadcrumb":{"@id":"https:\/\/aquaforest.eu\/pt\/products\/lab-pt\/icp-tests-pt\/icp-test-1\/#breadcrumb"},"inLanguage":"pt-PT","potentialAction":[{"@type":"ReadAction","target":["https:\/\/aquaforest.eu\/pt\/products\/lab-pt\/icp-tests-pt\/icp-test-1\/"]}]},{"@type":"ImageObject","inLanguage":"pt-PT","@id":"https:\/\/aquaforest.eu\/pt\/products\/lab-pt\/icp-tests-pt\/icp-test-1\/#primaryimage","url":"https:\/\/aquaforest.eu\/wp-content\/uploads\/2024\/06\/ICP-test1-no3-e1737376147233.png","contentUrl":"https:\/\/aquaforest.eu\/wp-content\/uploads\/2024\/06\/ICP-test1-no3-e1737376147233.png","width":1422,"height":1293},{"@type":"BreadcrumbList","@id":"https:\/\/aquaforest.eu\/pt\/products\/lab-pt\/icp-tests-pt\/icp-test-1\/#breadcrumb","itemListElement":[{"@type":"ListItem","position":1,"name":"Home","item":"https:\/\/aquaforest.eu\/pt\/"},{"@type":"ListItem","position":2,"name":"Produtos","item":"https:\/\/aquaforest.eu\/pt\/produtos\/"},{"@type":"ListItem","position":3,"name":"ICP Test 1"}]},{"@type":"WebSite","@id":"https:\/\/aquaforest.eu\/pt\/#website","url":"https:\/\/aquaforest.eu\/pt\/","name":"Aquaforest","description":"","publisher":{"@id":"https:\/\/aquaforest.eu\/pt\/#organization"},"potentialAction":[{"@type":"SearchAction","target":{"@type":"EntryPoint","urlTemplate":"https:\/\/aquaforest.eu\/pt\/?s={search_term_string}"},"query-input":{"@type":"PropertyValueSpecification","valueRequired":true,"valueName":"search_term_string"}}],"inLanguage":"pt-PT"},{"@type":"Organization","@id":"https:\/\/aquaforest.eu\/pt\/#organization","name":"Aquaforest","url":"https:\/\/aquaforest.eu\/pt\/","logo":{"@type":"ImageObject","inLanguage":"pt-PT","@id":"https:\/\/aquaforest.eu\/pt\/#\/schema\/logo\/image\/","url":"https:\/\/aquaforest.eu\/wp-content\/uploads\/2024\/05\/logotyp-aquaforest.svg","contentUrl":"https:\/\/aquaforest.eu\/wp-content\/uploads\/2024\/05\/logotyp-aquaforest.svg","width":170,"height":22,"caption":"Aquaforest"},"image":{"@id":"https:\/\/aquaforest.eu\/pt\/#\/schema\/logo\/image\/"},"sameAs":["https:\/\/www.facebook.com\/Aquaforest\/","https:\/\/www.instagram.com\/aquaforest.eu\/"]}]}},"_links":{"self":[{"href":"https:\/\/aquaforest.eu\/pt\/wp-json\/wp\/v2\/product\/23577","targetHints":{"allow":["GET"]}}],"collection":[{"href":"https:\/\/aquaforest.eu\/pt\/wp-json\/wp\/v2\/product"}],"about":[{"href":"https:\/\/aquaforest.eu\/pt\/wp-json\/wp\/v2\/types\/product"}],"version-history":[{"count":1,"href":"https:\/\/aquaforest.eu\/pt\/wp-json\/wp\/v2\/product\/23577\/revisions"}],"predecessor-version":[{"id":24003,"href":"https:\/\/aquaforest.eu\/pt\/wp-json\/wp\/v2\/product\/23577\/revisions\/24003"}],"wp:featuredmedia":[{"embeddable":true,"href":"https:\/\/aquaforest.eu\/pt\/wp-json\/wp\/v2\/media\/23579"}],"wp:attachment":[{"href":"https:\/\/aquaforest.eu\/pt\/wp-json\/wp\/v2\/media?parent=23577"}],"wp:term":[{"taxonomy":"product_brand","embeddable":true,"href":"https:\/\/aquaforest.eu\/pt\/wp-json\/wp\/v2\/product_brand?post=23577"},{"taxonomy":"product_cat","embeddable":true,"href":"https:\/\/aquaforest.eu\/pt\/wp-json\/wp\/v2\/product_cat?post=23577"},{"taxonomy":"product_tag","embeddable":true,"href":"https:\/\/aquaforest.eu\/pt\/wp-json\/wp\/v2\/product_tag?post=23577"}],"curies":[{"name":"wp","href":"https:\/\/api.w.org\/{rel}","templated":true}]}}