{"id":23614,"date":"2024-06-24T16:43:11","date_gmt":"2024-06-24T14:43:11","guid":{"rendered":"https:\/\/aquaforest.eu\/products\/sem%20categoria\/components-pro\/"},"modified":"2025-07-14T14:39:29","modified_gmt":"2025-07-14T12:39:29","slug":"components-pro","status":"publish","type":"product","link":"https:\/\/aquaforest.eu\/pt\/products\/lab-pt\/macroelements-pt\/components-pro\/","title":{"rendered":"Components Pro"},"content":{"rendered":"<h3 class=\"fusion-responsive-typography-calculated\" data-fontsize=\"22\" data-lineheight=\"27.5px\">Cuidados avan\u00e7ados para aqu\u00e1rios: sa\u00fade dos corais com microelementos<\/h3>\n<p>A f\u00f3rmula do Components Pro foi desenvolvida por especialistas qualificados com base em muitos anos de experi\u00eancia. A dosagem regular dos l\u00edquidos fornece n\u00edveis adequados de dureza de carbonatos, magn\u00e9sio e c\u00e1lcio (KH 6.5\u20138.5, Ca 380\u2013460 ppm, Mg 1180\u20131460 ppm).<\/p>\n<p><strong>Dosagem:<\/strong>\u00a0Todos os l\u00edquidos devem ser dosados em partes iguais, com base no consumo de Ca, KH e Mg. Teste sua \u00e1gua regularmente e defina a dose ideal com base nos resultados. Com uma popula\u00e7\u00e3o m\u00e9dia de corais SPS, a dose recomendada de Components Pro \u00e9 de 12 ml por 100 litros de \u00e1gua por dia.<br \/>\n Se os par\u00e2metros da \u00e1gua estiverem fora do intervalo recomendado, utilize um dos aditivos da linha Aquaforest Lab (Ca Plus, Mg Plus, KH Plus) at\u00e9 alcan\u00e7ar os n\u00edveis desejados. Component 1 Pro: cont\u00e9m Ca, Sr, Fe, Mn, Cu, Zn, Ni, Cr, Co, Mo (25 ml \/ 100 l aumentam Ca em 9 ppm). Component 2 Pro: cont\u00e9m HCO\u2083\u207b, F, I (25 ml \/ 100 l aumentam KH em 1,3 dKH \u2013 Alcalinidade 0,46 meq\/l). Component 3 Pro: cont\u00e9m sais minerais, Mg, S, K, B, Sr, Li (25 ml \/ 100 l aumentam Mg em 0,76 ppm)<\/p>\n<p>Devido \u00e0 alta concentra\u00e7\u00e3o do produto, recomenda-se a manuten\u00e7\u00e3o regular das linhas de dosagem.<\/p>\n<p>&nbsp;<\/p>\n<hr \/>\n<h3 data-fontsize=\"22\" data-lineheight=\"27.5px\"><\/h3>\n<h3 class=\"fusion-responsive-typography-calculated\" data-fontsize=\"22\" data-lineheight=\"27.5px\">Estabiliza\u00e7\u00e3o do pH e equil\u00edbrio i\u00f4nico<\/h3>\n<p><strong>Caracter\u00edsticas do produto:<\/strong><\/p>\n<ul>\n<li>Conjunto de elementos essenciais com alt\u00edssima efici\u00eancia<\/li>\n<li>F\u00f3rmula desenvolvida com base em experi\u00eancia real<\/li>\n<li>Aumenta e estabiliza o pH<\/li>\n<li>Fluidos superconcentrados que atendem todas as necessidades do aqu\u00e1rio<\/li>\n<li>Garante o equil\u00edbrio i\u00f4nico<\/li>\n<\/ul>\n<p>&nbsp;<\/p>\n<hr \/>\n<p>&nbsp;<\/p>\n<p><strong>Importante saber:<\/strong>\u00a0Devido \u00e0 alta concentra\u00e7\u00e3o do produto, um precipitado branco e gelatinoso pode se formar quando o Component 2 Pro entra em contato com a \u00e1gua. Isso \u00e9 totalmente natural e seguro para os organismos aqu\u00e1ticos. Para facilitar a dissolu\u00e7\u00e3o, posicione a sa\u00edda da bomba de dosagem do Component 2 Pro em uma \u00e1rea com fluxo intenso de \u00e1gua. Para o bem-estar dos corais, recomenda-se dividir a dose di\u00e1ria em tantas pequenas por\u00e7\u00f5es quanto poss\u00edvel.<\/p>\n","protected":false},"excerpt":{"rendered":"<p>Conjunto de micro e macroelementos essenciais de maior efici\u00eancia. Garante o equil\u00edbrio i\u00f4nico e estabiliza o n\u00edvel de pH.<\/p>\n","protected":false},"featured_media":23615,"template":"","meta":{"_acf_changed":false,"content-type":""},"product_brand":[],"product_cat":[1725],"product_tag":[1721,1726,1653],"class_list":{"0":"post-23614","1":"product","2":"type-product","3":"status-publish","4":"has-post-thumbnail","6":"product_cat-macroelements-pt","7":"product_tag-aquaforest-lab-pt","8":"product_tag-macroelements-pt","9":"product_tag-simple-pt","11":"first","12":"instock","13":"taxable","14":"shipping-taxable","15":"purchasable","16":"product-type-simple"},"acf":[],"yoast_head":"<!-- This site is optimized with the Yoast SEO plugin v27.1.1 - https:\/\/yoast.com\/product\/yoast-seo-wordpress\/ -->\n<title>Components Pro - Aquaforest<\/title>\n<meta name=\"description\" content=\"Components Pro: Comprehensive set of ingredients for precise management of water parameters. Reliable formula for aquarium health and stability.\" \/>\n<meta name=\"robots\" content=\"index, follow, max-snippet:-1, max-image-preview:large, max-video-preview:-1\" \/>\n<link rel=\"canonical\" href=\"https:\/\/aquaforest.eu\/pt\/products\/lab-pt\/macroelements-pt\/components-pro\/\" \/>\n<meta property=\"og:locale\" content=\"pt_PT\" \/>\n<meta property=\"og:type\" content=\"article\" \/>\n<meta property=\"og:title\" content=\"Components Pro - Aquaforest\" \/>\n<meta property=\"og:description\" content=\"Components Pro: Comprehensive set of ingredients for precise management of water parameters. Reliable formula for aquarium health and stability.\" \/>\n<meta property=\"og:url\" content=\"https:\/\/aquaforest.eu\/pt\/products\/lab-pt\/macroelements-pt\/components-pro\/\" \/>\n<meta property=\"og:site_name\" content=\"Aquaforest\" \/>\n<meta property=\"article:publisher\" content=\"https:\/\/www.facebook.com\/Aquaforest\/\" \/>\n<meta property=\"article:modified_time\" content=\"2025-07-14T12:39:29+00:00\" \/>\n<meta property=\"og:image\" content=\"https:\/\/aquaforest.eu\/wp-content\/uploads\/2024\/06\/AF-Lab_Components-Pro.png\" \/>\n\t<meta property=\"og:image:width\" content=\"551\" \/>\n\t<meta property=\"og:image:height\" content=\"600\" \/>\n\t<meta property=\"og:image:type\" content=\"image\/png\" \/>\n<meta name=\"twitter:card\" content=\"summary_large_image\" \/>\n<meta name=\"twitter:label1\" content=\"Tempo estimado de leitura\" \/>\n\t<meta name=\"twitter:data1\" content=\"2 minutos\" \/>\n<script type=\"application\/ld+json\" class=\"yoast-schema-graph\">{\"@context\":\"https:\/\/schema.org\",\"@graph\":[{\"@type\":\"WebPage\",\"@id\":\"https:\/\/aquaforest.eu\/pt\/products\/lab-pt\/macroelements-pt\/components-pro\/\",\"url\":\"https:\/\/aquaforest.eu\/pt\/products\/lab-pt\/macroelements-pt\/components-pro\/\",\"name\":\"Components Pro - Aquaforest\",\"isPartOf\":{\"@id\":\"https:\/\/aquaforest.eu\/pt\/#website\"},\"primaryImageOfPage\":{\"@id\":\"https:\/\/aquaforest.eu\/pt\/products\/lab-pt\/macroelements-pt\/components-pro\/#primaryimage\"},\"image\":{\"@id\":\"https:\/\/aquaforest.eu\/pt\/products\/lab-pt\/macroelements-pt\/components-pro\/#primaryimage\"},\"thumbnailUrl\":\"https:\/\/aquaforest.eu\/wp-content\/uploads\/2024\/06\/AF-Lab_Components-Pro.png\",\"datePublished\":\"2024-06-24T14:43:11+00:00\",\"dateModified\":\"2025-07-14T12:39:29+00:00\",\"description\":\"Components Pro: Comprehensive set of ingredients for precise management of water parameters. Reliable formula for aquarium health and stability.\",\"breadcrumb\":{\"@id\":\"https:\/\/aquaforest.eu\/pt\/products\/lab-pt\/macroelements-pt\/components-pro\/#breadcrumb\"},\"inLanguage\":\"pt-PT\",\"potentialAction\":[{\"@type\":\"ReadAction\",\"target\":[\"https:\/\/aquaforest.eu\/pt\/products\/lab-pt\/macroelements-pt\/components-pro\/\"]}]},{\"@type\":\"ImageObject\",\"inLanguage\":\"pt-PT\",\"@id\":\"https:\/\/aquaforest.eu\/pt\/products\/lab-pt\/macroelements-pt\/components-pro\/#primaryimage\",\"url\":\"https:\/\/aquaforest.eu\/wp-content\/uploads\/2024\/06\/AF-Lab_Components-Pro.png\",\"contentUrl\":\"https:\/\/aquaforest.eu\/wp-content\/uploads\/2024\/06\/AF-Lab_Components-Pro.png\",\"width\":551,\"height\":600},{\"@type\":\"BreadcrumbList\",\"@id\":\"https:\/\/aquaforest.eu\/pt\/products\/lab-pt\/macroelements-pt\/components-pro\/#breadcrumb\",\"itemListElement\":[{\"@type\":\"ListItem\",\"position\":1,\"name\":\"Home\",\"item\":\"https:\/\/aquaforest.eu\/pt\/\"},{\"@type\":\"ListItem\",\"position\":2,\"name\":\"Produtos\",\"item\":\"https:\/\/aquaforest.eu\/pt\/produtos\/\"},{\"@type\":\"ListItem\",\"position\":3,\"name\":\"Components Pro\"}]},{\"@type\":\"WebSite\",\"@id\":\"https:\/\/aquaforest.eu\/pt\/#website\",\"url\":\"https:\/\/aquaforest.eu\/pt\/\",\"name\":\"Aquaforest\",\"description\":\"\",\"publisher\":{\"@id\":\"https:\/\/aquaforest.eu\/pt\/#organization\"},\"potentialAction\":[{\"@type\":\"SearchAction\",\"target\":{\"@type\":\"EntryPoint\",\"urlTemplate\":\"https:\/\/aquaforest.eu\/pt\/?s={search_term_string}\"},\"query-input\":{\"@type\":\"PropertyValueSpecification\",\"valueRequired\":true,\"valueName\":\"search_term_string\"}}],\"inLanguage\":\"pt-PT\"},{\"@type\":\"Organization\",\"@id\":\"https:\/\/aquaforest.eu\/pt\/#organization\",\"name\":\"Aquaforest\",\"url\":\"https:\/\/aquaforest.eu\/pt\/\",\"logo\":{\"@type\":\"ImageObject\",\"inLanguage\":\"pt-PT\",\"@id\":\"https:\/\/aquaforest.eu\/pt\/#\/schema\/logo\/image\/\",\"url\":\"https:\/\/aquaforest.eu\/wp-content\/uploads\/2024\/05\/logotyp-aquaforest.svg\",\"contentUrl\":\"https:\/\/aquaforest.eu\/wp-content\/uploads\/2024\/05\/logotyp-aquaforest.svg\",\"width\":170,\"height\":22,\"caption\":\"Aquaforest\"},\"image\":{\"@id\":\"https:\/\/aquaforest.eu\/pt\/#\/schema\/logo\/image\/\"},\"sameAs\":[\"https:\/\/www.facebook.com\/Aquaforest\/\",\"https:\/\/www.instagram.com\/aquaforest.eu\/\"]}]}<\/script>\n<!-- \/ Yoast SEO plugin. -->","yoast_head_json":{"title":"Components Pro - Aquaforest","description":"Components Pro: Comprehensive set of ingredients for precise management of water parameters. Reliable formula for aquarium health and stability.","robots":{"index":"index","follow":"follow","max-snippet":"max-snippet:-1","max-image-preview":"max-image-preview:large","max-video-preview":"max-video-preview:-1"},"canonical":"https:\/\/aquaforest.eu\/pt\/products\/lab-pt\/macroelements-pt\/components-pro\/","og_locale":"pt_PT","og_type":"article","og_title":"Components Pro - Aquaforest","og_description":"Components Pro: Comprehensive set of ingredients for precise management of water parameters. Reliable formula for aquarium health and stability.","og_url":"https:\/\/aquaforest.eu\/pt\/products\/lab-pt\/macroelements-pt\/components-pro\/","og_site_name":"Aquaforest","article_publisher":"https:\/\/www.facebook.com\/Aquaforest\/","article_modified_time":"2025-07-14T12:39:29+00:00","og_image":[{"width":551,"height":600,"url":"https:\/\/aquaforest.eu\/wp-content\/uploads\/2024\/06\/AF-Lab_Components-Pro.png","type":"image\/png"}],"twitter_card":"summary_large_image","twitter_misc":{"Tempo estimado de leitura":"2 minutos"},"schema":{"@context":"https:\/\/schema.org","@graph":[{"@type":"WebPage","@id":"https:\/\/aquaforest.eu\/pt\/products\/lab-pt\/macroelements-pt\/components-pro\/","url":"https:\/\/aquaforest.eu\/pt\/products\/lab-pt\/macroelements-pt\/components-pro\/","name":"Components Pro - Aquaforest","isPartOf":{"@id":"https:\/\/aquaforest.eu\/pt\/#website"},"primaryImageOfPage":{"@id":"https:\/\/aquaforest.eu\/pt\/products\/lab-pt\/macroelements-pt\/components-pro\/#primaryimage"},"image":{"@id":"https:\/\/aquaforest.eu\/pt\/products\/lab-pt\/macroelements-pt\/components-pro\/#primaryimage"},"thumbnailUrl":"https:\/\/aquaforest.eu\/wp-content\/uploads\/2024\/06\/AF-Lab_Components-Pro.png","datePublished":"2024-06-24T14:43:11+00:00","dateModified":"2025-07-14T12:39:29+00:00","description":"Components Pro: Comprehensive set of ingredients for precise management of water parameters. Reliable formula for aquarium health and stability.","breadcrumb":{"@id":"https:\/\/aquaforest.eu\/pt\/products\/lab-pt\/macroelements-pt\/components-pro\/#breadcrumb"},"inLanguage":"pt-PT","potentialAction":[{"@type":"ReadAction","target":["https:\/\/aquaforest.eu\/pt\/products\/lab-pt\/macroelements-pt\/components-pro\/"]}]},{"@type":"ImageObject","inLanguage":"pt-PT","@id":"https:\/\/aquaforest.eu\/pt\/products\/lab-pt\/macroelements-pt\/components-pro\/#primaryimage","url":"https:\/\/aquaforest.eu\/wp-content\/uploads\/2024\/06\/AF-Lab_Components-Pro.png","contentUrl":"https:\/\/aquaforest.eu\/wp-content\/uploads\/2024\/06\/AF-Lab_Components-Pro.png","width":551,"height":600},{"@type":"BreadcrumbList","@id":"https:\/\/aquaforest.eu\/pt\/products\/lab-pt\/macroelements-pt\/components-pro\/#breadcrumb","itemListElement":[{"@type":"ListItem","position":1,"name":"Home","item":"https:\/\/aquaforest.eu\/pt\/"},{"@type":"ListItem","position":2,"name":"Produtos","item":"https:\/\/aquaforest.eu\/pt\/produtos\/"},{"@type":"ListItem","position":3,"name":"Components Pro"}]},{"@type":"WebSite","@id":"https:\/\/aquaforest.eu\/pt\/#website","url":"https:\/\/aquaforest.eu\/pt\/","name":"Aquaforest","description":"","publisher":{"@id":"https:\/\/aquaforest.eu\/pt\/#organization"},"potentialAction":[{"@type":"SearchAction","target":{"@type":"EntryPoint","urlTemplate":"https:\/\/aquaforest.eu\/pt\/?s={search_term_string}"},"query-input":{"@type":"PropertyValueSpecification","valueRequired":true,"valueName":"search_term_string"}}],"inLanguage":"pt-PT"},{"@type":"Organization","@id":"https:\/\/aquaforest.eu\/pt\/#organization","name":"Aquaforest","url":"https:\/\/aquaforest.eu\/pt\/","logo":{"@type":"ImageObject","inLanguage":"pt-PT","@id":"https:\/\/aquaforest.eu\/pt\/#\/schema\/logo\/image\/","url":"https:\/\/aquaforest.eu\/wp-content\/uploads\/2024\/05\/logotyp-aquaforest.svg","contentUrl":"https:\/\/aquaforest.eu\/wp-content\/uploads\/2024\/05\/logotyp-aquaforest.svg","width":170,"height":22,"caption":"Aquaforest"},"image":{"@id":"https:\/\/aquaforest.eu\/pt\/#\/schema\/logo\/image\/"},"sameAs":["https:\/\/www.facebook.com\/Aquaforest\/","https:\/\/www.instagram.com\/aquaforest.eu\/"]}]}},"_links":{"self":[{"href":"https:\/\/aquaforest.eu\/pt\/wp-json\/wp\/v2\/product\/23614","targetHints":{"allow":["GET"]}}],"collection":[{"href":"https:\/\/aquaforest.eu\/pt\/wp-json\/wp\/v2\/product"}],"about":[{"href":"https:\/\/aquaforest.eu\/pt\/wp-json\/wp\/v2\/types\/product"}],"version-history":[{"count":2,"href":"https:\/\/aquaforest.eu\/pt\/wp-json\/wp\/v2\/product\/23614\/revisions"}],"predecessor-version":[{"id":23973,"href":"https:\/\/aquaforest.eu\/pt\/wp-json\/wp\/v2\/product\/23614\/revisions\/23973"}],"wp:featuredmedia":[{"embeddable":true,"href":"https:\/\/aquaforest.eu\/pt\/wp-json\/wp\/v2\/media\/23615"}],"wp:attachment":[{"href":"https:\/\/aquaforest.eu\/pt\/wp-json\/wp\/v2\/media?parent=23614"}],"wp:term":[{"taxonomy":"product_brand","embeddable":true,"href":"https:\/\/aquaforest.eu\/pt\/wp-json\/wp\/v2\/product_brand?post=23614"},{"taxonomy":"product_cat","embeddable":true,"href":"https:\/\/aquaforest.eu\/pt\/wp-json\/wp\/v2\/product_cat?post=23614"},{"taxonomy":"product_tag","embeddable":true,"href":"https:\/\/aquaforest.eu\/pt\/wp-json\/wp\/v2\/product_tag?post=23614"}],"curies":[{"name":"wp","href":"https:\/\/api.w.org\/{rel}","templated":true}]}}