{"id":23634,"date":"2024-06-24T16:19:50","date_gmt":"2024-06-24T14:19:50","guid":{"rendered":"https:\/\/aquaforest.eu\/products\/sem%20categoria\/mg-plus\/"},"modified":"2025-07-14T15:06:55","modified_gmt":"2025-07-14T13:06:55","slug":"mg-plus","status":"publish","type":"product","link":"https:\/\/aquaforest.eu\/pt\/products\/lab-pt\/macroelements-pt\/mg-plus\/","title":{"rendered":"Mg Plus"},"content":{"rendered":"<p>F\u00f3rmula concentrada para aumentar os n\u00edveis de magn\u00e9sio em aqu\u00e1rios marinhos. Mg Plus foi desenvolvido para corrigir defici\u00eancias e quedas repentinas nos n\u00edveis de magn\u00e9sio. O magn\u00e9sio \u00e9 essencial para o crescimento saud\u00e1vel e equilibrado dos corais. Um n\u00edvel adequado de magn\u00e9sio na \u00e1gua do aqu\u00e1rio melhora a absor\u00e7\u00e3o de c\u00e1lcio pelos corais. N\u00edveis reduzidos de magn\u00e9sio podem dificultar a manuten\u00e7\u00e3o de n\u00edveis apropriados de c\u00e1lcio e levar \u00e0 queda do pH. O n\u00edvel recomendado de magn\u00e9sio em aqu\u00e1rios de recife \u00e9 de 1180 \u2013 1460 mg\/l (ppm).<\/p>\n<p>&nbsp;<\/p>\n<hr \/>\n<p>&nbsp;<\/p>\n<p><strong>Dosagem<\/strong><\/p>\n<p>10 ml de Mg Plus aumentam o n\u00edvel de magn\u00e9sio em 10 mg\/l (ppm) em 100 litros (27 gal\u00f5es americanos) de \u00e1gua. A dosagem deve ser ajustada com base nos testes da \u00e1gua e no consumo di\u00e1rio dos corais. Lembre-se: a dose di\u00e1ria m\u00e1xima segura \u00e9 de 100 ml por 100 litros de \u00e1gua. Se for necess\u00e1rio aplicar uma dose maior, divida-a em v\u00e1rios dias. Antes de usar o Mg Plus, recomenda-se testar os n\u00edveis de magn\u00e9sio da \u00e1gua. N\u00e3o recomendamos elevar o magn\u00e9sio em mais de 100 ppm por dia. Certifique-se de que o n\u00edvel de magn\u00e9sio esteja dentro da faixa ideal antes de ajustar os n\u00edveis de c\u00e1lcio e alcalinidade.<\/p>\n","protected":false},"excerpt":{"rendered":"<p>Agente para elevar os n\u00edveis de magn\u00e9sio. Desenvolvido para corrigir defici\u00eancias e quedas repentinas de magn\u00e9sio.<\/p>\n","protected":false},"featured_media":29924,"template":"","meta":{"_acf_changed":false,"content-type":""},"product_brand":[],"product_cat":[1725],"product_tag":[1721,1726,1658],"class_list":{"0":"post-23634","1":"product","2":"type-product","3":"status-publish","4":"has-post-thumbnail","6":"product_cat-macroelements-pt","7":"product_tag-aquaforest-lab-pt","8":"product_tag-macroelements-pt","9":"product_tag-variable-pt","11":"first","12":"instock","13":"taxable","14":"shipping-taxable","15":"purchasable","16":"product-type-variable","17":"has-default-attributes"},"acf":[],"yoast_head":"<!-- This site is optimized with the Yoast SEO plugin v27.1.1 - https:\/\/yoast.com\/product\/yoast-seo-wordpress\/ -->\n<title>Mg Plus - Aquaforest<\/title>\n<meta name=\"description\" content=\"Mg Plus: Concentrated magnesium supplement to stabilize water parameters. Reliable formula for coral health and proper growth.\" \/>\n<meta name=\"robots\" content=\"index, follow, max-snippet:-1, max-image-preview:large, max-video-preview:-1\" \/>\n<link rel=\"canonical\" href=\"https:\/\/aquaforest.eu\/pt\/products\/lab-pt\/macroelements-pt\/mg-plus\/\" \/>\n<meta property=\"og:locale\" content=\"pt_PT\" \/>\n<meta property=\"og:type\" content=\"article\" \/>\n<meta property=\"og:title\" content=\"Mg Plus - Aquaforest\" \/>\n<meta property=\"og:description\" content=\"Mg Plus: Concentrated magnesium supplement to stabilize water parameters. Reliable formula for coral health and proper growth.\" \/>\n<meta property=\"og:url\" content=\"https:\/\/aquaforest.eu\/pt\/products\/lab-pt\/macroelements-pt\/mg-plus\/\" \/>\n<meta property=\"og:site_name\" content=\"Aquaforest\" \/>\n<meta property=\"article:publisher\" content=\"https:\/\/www.facebook.com\/Aquaforest\/\" \/>\n<meta property=\"article:modified_time\" content=\"2025-07-14T13:06:55+00:00\" \/>\n<meta property=\"og:image\" content=\"https:\/\/aquaforest.eu\/wp-content\/uploads\/2024\/12\/AF_Lab_Mg-Plus-1000-ml-e1736494388485.png\" \/>\n\t<meta property=\"og:image:width\" content=\"864\" \/>\n\t<meta property=\"og:image:height\" content=\"1149\" \/>\n\t<meta property=\"og:image:type\" content=\"image\/png\" \/>\n<meta name=\"twitter:card\" content=\"summary_large_image\" \/>\n<meta name=\"twitter:label1\" content=\"Tempo estimado de leitura\" \/>\n\t<meta name=\"twitter:data1\" content=\"2 minutos\" \/>\n<script type=\"application\/ld+json\" class=\"yoast-schema-graph\">{\"@context\":\"https:\/\/schema.org\",\"@graph\":[{\"@type\":\"WebPage\",\"@id\":\"https:\/\/aquaforest.eu\/pt\/products\/lab-pt\/macroelements-pt\/mg-plus\/\",\"url\":\"https:\/\/aquaforest.eu\/pt\/products\/lab-pt\/macroelements-pt\/mg-plus\/\",\"name\":\"Mg Plus - Aquaforest\",\"isPartOf\":{\"@id\":\"https:\/\/aquaforest.eu\/pt\/#website\"},\"primaryImageOfPage\":{\"@id\":\"https:\/\/aquaforest.eu\/pt\/products\/lab-pt\/macroelements-pt\/mg-plus\/#primaryimage\"},\"image\":{\"@id\":\"https:\/\/aquaforest.eu\/pt\/products\/lab-pt\/macroelements-pt\/mg-plus\/#primaryimage\"},\"thumbnailUrl\":\"https:\/\/aquaforest.eu\/wp-content\/uploads\/2024\/06\/mg-plus-1000-1.png\",\"datePublished\":\"2024-06-24T14:19:50+00:00\",\"dateModified\":\"2025-07-14T13:06:55+00:00\",\"description\":\"Mg Plus: Concentrated magnesium supplement to stabilize water parameters. Reliable formula for coral health and proper growth.\",\"breadcrumb\":{\"@id\":\"https:\/\/aquaforest.eu\/pt\/products\/lab-pt\/macroelements-pt\/mg-plus\/#breadcrumb\"},\"inLanguage\":\"pt-PT\",\"potentialAction\":[{\"@type\":\"ReadAction\",\"target\":[\"https:\/\/aquaforest.eu\/pt\/products\/lab-pt\/macroelements-pt\/mg-plus\/\"]}]},{\"@type\":\"ImageObject\",\"inLanguage\":\"pt-PT\",\"@id\":\"https:\/\/aquaforest.eu\/pt\/products\/lab-pt\/macroelements-pt\/mg-plus\/#primaryimage\",\"url\":\"https:\/\/aquaforest.eu\/wp-content\/uploads\/2024\/06\/mg-plus-1000-1.png\",\"contentUrl\":\"https:\/\/aquaforest.eu\/wp-content\/uploads\/2024\/06\/mg-plus-1000-1.png\",\"width\":519,\"height\":600},{\"@type\":\"BreadcrumbList\",\"@id\":\"https:\/\/aquaforest.eu\/pt\/products\/lab-pt\/macroelements-pt\/mg-plus\/#breadcrumb\",\"itemListElement\":[{\"@type\":\"ListItem\",\"position\":1,\"name\":\"Home\",\"item\":\"https:\/\/aquaforest.eu\/pt\/\"},{\"@type\":\"ListItem\",\"position\":2,\"name\":\"Produtos\",\"item\":\"https:\/\/aquaforest.eu\/pt\/produtos\/\"},{\"@type\":\"ListItem\",\"position\":3,\"name\":\"Mg Plus\"}]},{\"@type\":\"WebSite\",\"@id\":\"https:\/\/aquaforest.eu\/pt\/#website\",\"url\":\"https:\/\/aquaforest.eu\/pt\/\",\"name\":\"Aquaforest\",\"description\":\"\",\"publisher\":{\"@id\":\"https:\/\/aquaforest.eu\/pt\/#organization\"},\"potentialAction\":[{\"@type\":\"SearchAction\",\"target\":{\"@type\":\"EntryPoint\",\"urlTemplate\":\"https:\/\/aquaforest.eu\/pt\/?s={search_term_string}\"},\"query-input\":{\"@type\":\"PropertyValueSpecification\",\"valueRequired\":true,\"valueName\":\"search_term_string\"}}],\"inLanguage\":\"pt-PT\"},{\"@type\":\"Organization\",\"@id\":\"https:\/\/aquaforest.eu\/pt\/#organization\",\"name\":\"Aquaforest\",\"url\":\"https:\/\/aquaforest.eu\/pt\/\",\"logo\":{\"@type\":\"ImageObject\",\"inLanguage\":\"pt-PT\",\"@id\":\"https:\/\/aquaforest.eu\/pt\/#\/schema\/logo\/image\/\",\"url\":\"https:\/\/aquaforest.eu\/wp-content\/uploads\/2024\/05\/logotyp-aquaforest.svg\",\"contentUrl\":\"https:\/\/aquaforest.eu\/wp-content\/uploads\/2024\/05\/logotyp-aquaforest.svg\",\"width\":170,\"height\":22,\"caption\":\"Aquaforest\"},\"image\":{\"@id\":\"https:\/\/aquaforest.eu\/pt\/#\/schema\/logo\/image\/\"},\"sameAs\":[\"https:\/\/www.facebook.com\/Aquaforest\/\",\"https:\/\/www.instagram.com\/aquaforest.eu\/\"]}]}<\/script>\n<!-- \/ Yoast SEO plugin. -->","yoast_head_json":{"title":"Mg Plus - Aquaforest","description":"Mg Plus: Concentrated magnesium supplement to stabilize water parameters. Reliable formula for coral health and proper growth.","robots":{"index":"index","follow":"follow","max-snippet":"max-snippet:-1","max-image-preview":"max-image-preview:large","max-video-preview":"max-video-preview:-1"},"canonical":"https:\/\/aquaforest.eu\/pt\/products\/lab-pt\/macroelements-pt\/mg-plus\/","og_locale":"pt_PT","og_type":"article","og_title":"Mg Plus - Aquaforest","og_description":"Mg Plus: Concentrated magnesium supplement to stabilize water parameters. Reliable formula for coral health and proper growth.","og_url":"https:\/\/aquaforest.eu\/pt\/products\/lab-pt\/macroelements-pt\/mg-plus\/","og_site_name":"Aquaforest","article_publisher":"https:\/\/www.facebook.com\/Aquaforest\/","article_modified_time":"2025-07-14T13:06:55+00:00","og_image":[{"width":864,"height":1149,"url":"https:\/\/aquaforest.eu\/wp-content\/uploads\/2024\/12\/AF_Lab_Mg-Plus-1000-ml-e1736494388485.png","type":"image\/png"}],"twitter_card":"summary_large_image","twitter_misc":{"Tempo estimado de leitura":"2 minutos"},"schema":{"@context":"https:\/\/schema.org","@graph":[{"@type":"WebPage","@id":"https:\/\/aquaforest.eu\/pt\/products\/lab-pt\/macroelements-pt\/mg-plus\/","url":"https:\/\/aquaforest.eu\/pt\/products\/lab-pt\/macroelements-pt\/mg-plus\/","name":"Mg Plus - Aquaforest","isPartOf":{"@id":"https:\/\/aquaforest.eu\/pt\/#website"},"primaryImageOfPage":{"@id":"https:\/\/aquaforest.eu\/pt\/products\/lab-pt\/macroelements-pt\/mg-plus\/#primaryimage"},"image":{"@id":"https:\/\/aquaforest.eu\/pt\/products\/lab-pt\/macroelements-pt\/mg-plus\/#primaryimage"},"thumbnailUrl":"https:\/\/aquaforest.eu\/wp-content\/uploads\/2024\/06\/mg-plus-1000-1.png","datePublished":"2024-06-24T14:19:50+00:00","dateModified":"2025-07-14T13:06:55+00:00","description":"Mg Plus: Concentrated magnesium supplement to stabilize water parameters. Reliable formula for coral health and proper growth.","breadcrumb":{"@id":"https:\/\/aquaforest.eu\/pt\/products\/lab-pt\/macroelements-pt\/mg-plus\/#breadcrumb"},"inLanguage":"pt-PT","potentialAction":[{"@type":"ReadAction","target":["https:\/\/aquaforest.eu\/pt\/products\/lab-pt\/macroelements-pt\/mg-plus\/"]}]},{"@type":"ImageObject","inLanguage":"pt-PT","@id":"https:\/\/aquaforest.eu\/pt\/products\/lab-pt\/macroelements-pt\/mg-plus\/#primaryimage","url":"https:\/\/aquaforest.eu\/wp-content\/uploads\/2024\/06\/mg-plus-1000-1.png","contentUrl":"https:\/\/aquaforest.eu\/wp-content\/uploads\/2024\/06\/mg-plus-1000-1.png","width":519,"height":600},{"@type":"BreadcrumbList","@id":"https:\/\/aquaforest.eu\/pt\/products\/lab-pt\/macroelements-pt\/mg-plus\/#breadcrumb","itemListElement":[{"@type":"ListItem","position":1,"name":"Home","item":"https:\/\/aquaforest.eu\/pt\/"},{"@type":"ListItem","position":2,"name":"Produtos","item":"https:\/\/aquaforest.eu\/pt\/produtos\/"},{"@type":"ListItem","position":3,"name":"Mg Plus"}]},{"@type":"WebSite","@id":"https:\/\/aquaforest.eu\/pt\/#website","url":"https:\/\/aquaforest.eu\/pt\/","name":"Aquaforest","description":"","publisher":{"@id":"https:\/\/aquaforest.eu\/pt\/#organization"},"potentialAction":[{"@type":"SearchAction","target":{"@type":"EntryPoint","urlTemplate":"https:\/\/aquaforest.eu\/pt\/?s={search_term_string}"},"query-input":{"@type":"PropertyValueSpecification","valueRequired":true,"valueName":"search_term_string"}}],"inLanguage":"pt-PT"},{"@type":"Organization","@id":"https:\/\/aquaforest.eu\/pt\/#organization","name":"Aquaforest","url":"https:\/\/aquaforest.eu\/pt\/","logo":{"@type":"ImageObject","inLanguage":"pt-PT","@id":"https:\/\/aquaforest.eu\/pt\/#\/schema\/logo\/image\/","url":"https:\/\/aquaforest.eu\/wp-content\/uploads\/2024\/05\/logotyp-aquaforest.svg","contentUrl":"https:\/\/aquaforest.eu\/wp-content\/uploads\/2024\/05\/logotyp-aquaforest.svg","width":170,"height":22,"caption":"Aquaforest"},"image":{"@id":"https:\/\/aquaforest.eu\/pt\/#\/schema\/logo\/image\/"},"sameAs":["https:\/\/www.facebook.com\/Aquaforest\/","https:\/\/www.instagram.com\/aquaforest.eu\/"]}]}},"_links":{"self":[{"href":"https:\/\/aquaforest.eu\/pt\/wp-json\/wp\/v2\/product\/23634","targetHints":{"allow":["GET"]}}],"collection":[{"href":"https:\/\/aquaforest.eu\/pt\/wp-json\/wp\/v2\/product"}],"about":[{"href":"https:\/\/aquaforest.eu\/pt\/wp-json\/wp\/v2\/types\/product"}],"version-history":[{"count":1,"href":"https:\/\/aquaforest.eu\/pt\/wp-json\/wp\/v2\/product\/23634\/revisions"}],"predecessor-version":[{"id":24056,"href":"https:\/\/aquaforest.eu\/pt\/wp-json\/wp\/v2\/product\/23634\/revisions\/24056"}],"wp:featuredmedia":[{"embeddable":true,"href":"https:\/\/aquaforest.eu\/pt\/wp-json\/wp\/v2\/media\/29924"}],"wp:attachment":[{"href":"https:\/\/aquaforest.eu\/pt\/wp-json\/wp\/v2\/media?parent=23634"}],"wp:term":[{"taxonomy":"product_brand","embeddable":true,"href":"https:\/\/aquaforest.eu\/pt\/wp-json\/wp\/v2\/product_brand?post=23634"},{"taxonomy":"product_cat","embeddable":true,"href":"https:\/\/aquaforest.eu\/pt\/wp-json\/wp\/v2\/product_cat?post=23634"},{"taxonomy":"product_tag","embeddable":true,"href":"https:\/\/aquaforest.eu\/pt\/wp-json\/wp\/v2\/product_tag?post=23634"}],"curies":[{"name":"wp","href":"https:\/\/api.w.org\/{rel}","templated":true}]}}