{"id":25833,"date":"2025-10-02T12:05:29","date_gmt":"2025-10-02T10:05:29","guid":{"rendered":"https:\/\/aquaforest.eu\/?post_type=product&#038;p=25833"},"modified":"2026-04-30T11:50:24","modified_gmt":"2026-04-30T09:50:24","slug":"af-liquid-artemia-freshwater","status":"publish","type":"product","link":"https:\/\/aquaforest.eu\/pt\/products\/freshwater-pt\/supplements-and-fertilizers-pt\/af-liquid-artemia-freshwater\/","title":{"rendered":"AF Liquid Artemia Freshwater"},"content":{"rendered":"<h3 data-start=\"90\" data-end=\"547\"><strong data-start=\"90\" data-end=\"143\">Alimenta\u00e7\u00e3o R\u00e1pida com Comida L\u00edquida para Peixes<\/strong><\/h3>\n<p data-start=\"90\" data-end=\"547\">Liquid Artemia \u00e9 um alimento l\u00edquido pronto para uso \u00e0 base de <em data-start=\"209\" data-end=\"225\">Artemia salina<\/em>, que n\u00e3o precisa ser descongelado. N\u00e3o requer armazenamento no congelador e n\u00e3o libera odores desagrad\u00e1veis na geladeira, tornando-se extremamente pr\u00e1tico para o uso di\u00e1rio. Sua aplica\u00e7\u00e3o f\u00e1cil permite uma alimenta\u00e7\u00e3o r\u00e1pida, reduzindo o risco de contamina\u00e7\u00e3o da \u00e1gua e facilitando muito a manuten\u00e7\u00e3o di\u00e1ria do aqu\u00e1rio.<\/p>\n<h3 data-start=\"549\" data-end=\"1056\"><strong data-start=\"549\" data-end=\"622\">Melhor Crescimento e Imunidade Gra\u00e7as a Prote\u00ednas e Lip\u00eddios Naturais<\/strong><\/h3>\n<p data-start=\"549\" data-end=\"1056\">Rico em prote\u00ednas e lip\u00eddios de alta qualidade, Liquid Artemia favorece o crescimento, a regenera\u00e7\u00e3o dos tecidos e o desenvolvimento saud\u00e1vel de peixes jovens. Tamb\u00e9m fornece \u00e1cidos graxos essenciais \u00d4mega-3 e \u00d4mega-6 (DHA, EPA), que contribuem para o bom funcionamento do sistema nervoso, a sa\u00fade do cora\u00e7\u00e3o e o fortalecimento da imunidade. O uso regular melhora a condi\u00e7\u00e3o geral e aumenta a resist\u00eancia ao estresse e a doen\u00e7as.<\/p>\n<h3 data-start=\"1058\" data-end=\"1366\"><strong data-start=\"1058\" data-end=\"1101\">Cores Mais Vivas com Pigmentos Naturais<\/strong><\/h3>\n<p data-start=\"1058\" data-end=\"1366\">Gra\u00e7as aos caroten\u00f3ides naturais, o alimento intensifica a colora\u00e7\u00e3o dos peixes, especialmente em esp\u00e9cies com tons vermelhos, alaranjados e amarelos. Cores mais brilhantes e intensas fazem com que seus peixes se destaquem como verdadeiras estrelas do aqu\u00e1rio.<\/p>\n<h3 data-start=\"1368\" data-end=\"2018\"><strong data-start=\"1368\" data-end=\"1425\">Mais Apetite e Imunidade Refor\u00e7ada com Adi\u00e7\u00e3o de Alho<\/strong><\/h3>\n<p data-start=\"1368\" data-end=\"2018\">A adi\u00e7\u00e3o de alho natural atua como estimulante do sistema imunol\u00f3gico e do apetite. Os peixes se alimentam com mais vontade, o que \u00e9 especialmente importante para indiv\u00edduos sens\u00edveis, exigentes ou enfraquecidos. A f\u00f3rmula tamb\u00e9m \u00e9 enriquecida com vitaminas A, C, D, E e do complexo B, que fortalecem a imunidade, aceleram a recupera\u00e7\u00e3o ap\u00f3s doen\u00e7as e ajudam a reduzir o estresse. Liquid Artemia \u00e9 a solu\u00e7\u00e3o ideal para esp\u00e9cies exigentes que rejeitam ra\u00e7\u00f5es em flocos ou gr\u00e2nulos \u2013 sua textura e aroma naturais tornam o alimento altamente atrativo at\u00e9 mesmo para os peixes mais seletivos.<\/p>\n<h3 data-start=\"2020\" data-end=\"2355\"><strong data-start=\"2020\" data-end=\"2086\">Alimenta\u00e7\u00e3o Segura sem Qu\u00edmicos \u2013 Apenas Ingredientes Naturais<\/strong><\/h3>\n<p data-start=\"2020\" data-end=\"2355\">Livre de conservantes artificiais, Liquid Artemia \u00e9 formulado com ingredientes naturais, garantindo seguran\u00e7a para todos os tipos de aqu\u00e1rios. A aus\u00eancia de produtos qu\u00edmicos reduz o risco de irrita\u00e7\u00f5es e contribui para o equil\u00edbrio do microecossistema do aqu\u00e1rio.<\/p>\n<h3 data-start=\"2357\" data-end=\"2394\"><strong data-start=\"2357\" data-end=\"2392\">O Que Torna Este Produto \u00danico?<\/strong><\/h3>\n<ul data-start=\"2395\" data-end=\"2992\">\n<li data-start=\"2395\" data-end=\"2466\">\n<p data-start=\"2397\" data-end=\"2466\">Forma l\u00edquida pronta para uso \u2013 sem descongelar, sem perda de tempo<\/p>\n<\/li>\n<li data-start=\"2467\" data-end=\"2564\">\n<p data-start=\"2469\" data-end=\"2564\">Composi\u00e7\u00e3o natural de <em data-start=\"2491\" data-end=\"2507\">Artemia salina<\/em> \u2013 inspirada na dieta dos peixes em seu habitat natural<\/p>\n<\/li>\n<li data-start=\"2565\" data-end=\"2633\">\n<p data-start=\"2567\" data-end=\"2633\">Enriquecido com alho \u2013 melhora o apetite e fortalece a imunidade<\/p>\n<\/li>\n<li data-start=\"2634\" data-end=\"2682\">\n<p data-start=\"2636\" data-end=\"2682\">Com caroten\u00f3ides \u2013 para cores mais vibrantes<\/p>\n<\/li>\n<li data-start=\"2683\" data-end=\"2812\">\n<p data-start=\"2685\" data-end=\"2812\">Ideal para peixes predadores e on\u00edvoros que se alimentam naturalmente de zoopl\u00e2ncton, al\u00e9m de jovens, exigentes e debilitados<\/p>\n<\/li>\n<li data-start=\"2813\" data-end=\"2881\">\n<p data-start=\"2815\" data-end=\"2881\">F\u00f3rmula de f\u00e1cil digest\u00e3o \u2013 n\u00e3o sobrecarrega o sistema digestivo<\/p>\n<\/li>\n<li data-start=\"2882\" data-end=\"2938\">\n<p data-start=\"2884\" data-end=\"2938\">Sem conservantes artificiais \u2013 100% natural e seguro<\/p>\n<\/li>\n<li data-start=\"2939\" data-end=\"2992\">\n<p data-start=\"2941\" data-end=\"2992\">Ajuda a manter o aqu\u00e1rio limpo \u2013 n\u00e3o polui a \u00e1gua<\/p>\n<\/li>\n<\/ul>\n<h3 data-start=\"2994\" data-end=\"3139\"><strong data-start=\"2994\" data-end=\"3015\">Importante Saber:<\/strong><\/h3>\n<p data-start=\"2994\" data-end=\"3139\">Produto destinado exclusivamente \u00e0 aquariofilia. Manter fora do alcance de crian\u00e7as. N\u00e3o \u00e9 pr\u00f3prio para consumo humano.<\/p>\n","protected":false},"excerpt":{"rendered":"<p>Alimento l\u00edquido de alta qualidade \u00e0 base de <em data-start=\"734\" data-end=\"750\">Artemia salina<\/em>. Fornece prote\u00ednas, \u00e1cidos graxos e caroten\u00f3ides que promovem crescimento, imunidade e cores vibrantes nos peixes.<\/p>\n","protected":false},"featured_media":25819,"template":"","meta":{"_acf_changed":false,"content-type":""},"product_brand":[],"product_cat":[1676],"product_tag":[1663],"class_list":{"0":"post-25833","1":"product","2":"type-product","3":"status-publish","4":"has-post-thumbnail","6":"product_cat-supplements-and-fertilizers-pt","7":"product_tag-freshwater-aquatics-pt","9":"first","10":"instock","11":"taxable","12":"shipping-taxable","13":"purchasable","14":"product-type-variable","15":"has-default-attributes"},"acf":[],"yoast_head":"<!-- This site is optimized with the Yoast SEO plugin v27.1.1 - https:\/\/yoast.com\/product\/yoast-seo-wordpress\/ -->\n<title>AF Liquid Artemia Freshwater - Aquaforest<\/title>\n<meta name=\"robots\" content=\"index, follow, max-snippet:-1, max-image-preview:large, max-video-preview:-1\" \/>\n<link rel=\"canonical\" href=\"https:\/\/aquaforest.eu\/pt\/products\/freshwater-pt\/supplements-and-fertilizers-pt\/af-liquid-artemia-freshwater\/\" \/>\n<meta property=\"og:locale\" content=\"pt_PT\" \/>\n<meta property=\"og:type\" content=\"article\" \/>\n<meta property=\"og:title\" content=\"AF Liquid Artemia Freshwater - Aquaforest\" \/>\n<meta property=\"og:description\" content=\"Alimento l\u00edquido de alta qualidade \u00e0 base de Artemia salina. Fornece prote\u00ednas, \u00e1cidos graxos e caroten\u00f3ides que promovem crescimento, imunidade e cores vibrantes nos peixes.\" \/>\n<meta property=\"og:url\" content=\"https:\/\/aquaforest.eu\/pt\/products\/freshwater-pt\/supplements-and-fertilizers-pt\/af-liquid-artemia-freshwater\/\" \/>\n<meta property=\"og:site_name\" content=\"Aquaforest\" \/>\n<meta property=\"article:publisher\" content=\"https:\/\/www.facebook.com\/Aquaforest\/\" \/>\n<meta property=\"article:modified_time\" content=\"2026-04-30T09:50:24+00:00\" \/>\n<meta property=\"og:image\" content=\"https:\/\/aquaforest.eu\/wp-content\/uploads\/2025\/10\/AF-Liquid-Artemia-Freshwater-125ml-scaled.png\" \/>\n\t<meta property=\"og:image:width\" content=\"1920\" \/>\n\t<meta property=\"og:image:height\" content=\"2560\" \/>\n\t<meta property=\"og:image:type\" content=\"image\/png\" \/>\n<meta name=\"twitter:card\" content=\"summary_large_image\" \/>\n<meta name=\"twitter:label1\" content=\"Tempo estimado de leitura\" \/>\n\t<meta name=\"twitter:data1\" content=\"3 minutos\" \/>\n<script type=\"application\/ld+json\" class=\"yoast-schema-graph\">{\"@context\":\"https:\/\/schema.org\",\"@graph\":[{\"@type\":\"WebPage\",\"@id\":\"https:\/\/aquaforest.eu\/pt\/products\/freshwater-pt\/supplements-and-fertilizers-pt\/af-liquid-artemia-freshwater\/\",\"url\":\"https:\/\/aquaforest.eu\/pt\/products\/freshwater-pt\/supplements-and-fertilizers-pt\/af-liquid-artemia-freshwater\/\",\"name\":\"AF Liquid Artemia Freshwater - Aquaforest\",\"isPartOf\":{\"@id\":\"https:\/\/aquaforest.eu\/pt\/#website\"},\"primaryImageOfPage\":{\"@id\":\"https:\/\/aquaforest.eu\/pt\/products\/freshwater-pt\/supplements-and-fertilizers-pt\/af-liquid-artemia-freshwater\/#primaryimage\"},\"image\":{\"@id\":\"https:\/\/aquaforest.eu\/pt\/products\/freshwater-pt\/supplements-and-fertilizers-pt\/af-liquid-artemia-freshwater\/#primaryimage\"},\"thumbnailUrl\":\"https:\/\/aquaforest.eu\/wp-content\/uploads\/2025\/10\/AF-Liquid-Artemia-Freshwater-125ml-scaled.png\",\"datePublished\":\"2025-10-02T10:05:29+00:00\",\"dateModified\":\"2026-04-30T09:50:24+00:00\",\"breadcrumb\":{\"@id\":\"https:\/\/aquaforest.eu\/pt\/products\/freshwater-pt\/supplements-and-fertilizers-pt\/af-liquid-artemia-freshwater\/#breadcrumb\"},\"inLanguage\":\"pt-PT\",\"potentialAction\":[{\"@type\":\"ReadAction\",\"target\":[\"https:\/\/aquaforest.eu\/pt\/products\/freshwater-pt\/supplements-and-fertilizers-pt\/af-liquid-artemia-freshwater\/\"]}]},{\"@type\":\"ImageObject\",\"inLanguage\":\"pt-PT\",\"@id\":\"https:\/\/aquaforest.eu\/pt\/products\/freshwater-pt\/supplements-and-fertilizers-pt\/af-liquid-artemia-freshwater\/#primaryimage\",\"url\":\"https:\/\/aquaforest.eu\/wp-content\/uploads\/2025\/10\/AF-Liquid-Artemia-Freshwater-125ml-scaled.png\",\"contentUrl\":\"https:\/\/aquaforest.eu\/wp-content\/uploads\/2025\/10\/AF-Liquid-Artemia-Freshwater-125ml-scaled.png\",\"width\":1920,\"height\":2560},{\"@type\":\"BreadcrumbList\",\"@id\":\"https:\/\/aquaforest.eu\/pt\/products\/freshwater-pt\/supplements-and-fertilizers-pt\/af-liquid-artemia-freshwater\/#breadcrumb\",\"itemListElement\":[{\"@type\":\"ListItem\",\"position\":1,\"name\":\"Home\",\"item\":\"https:\/\/aquaforest.eu\/pt\/\"},{\"@type\":\"ListItem\",\"position\":2,\"name\":\"Produtos\",\"item\":\"https:\/\/aquaforest.eu\/pt\/produtos\/\"},{\"@type\":\"ListItem\",\"position\":3,\"name\":\"AF Liquid Artemia Freshwater\"}]},{\"@type\":\"WebSite\",\"@id\":\"https:\/\/aquaforest.eu\/pt\/#website\",\"url\":\"https:\/\/aquaforest.eu\/pt\/\",\"name\":\"Aquaforest\",\"description\":\"\",\"publisher\":{\"@id\":\"https:\/\/aquaforest.eu\/pt\/#organization\"},\"potentialAction\":[{\"@type\":\"SearchAction\",\"target\":{\"@type\":\"EntryPoint\",\"urlTemplate\":\"https:\/\/aquaforest.eu\/pt\/?s={search_term_string}\"},\"query-input\":{\"@type\":\"PropertyValueSpecification\",\"valueRequired\":true,\"valueName\":\"search_term_string\"}}],\"inLanguage\":\"pt-PT\"},{\"@type\":\"Organization\",\"@id\":\"https:\/\/aquaforest.eu\/pt\/#organization\",\"name\":\"Aquaforest\",\"url\":\"https:\/\/aquaforest.eu\/pt\/\",\"logo\":{\"@type\":\"ImageObject\",\"inLanguage\":\"pt-PT\",\"@id\":\"https:\/\/aquaforest.eu\/pt\/#\/schema\/logo\/image\/\",\"url\":\"https:\/\/aquaforest.eu\/wp-content\/uploads\/2024\/05\/logotyp-aquaforest.svg\",\"contentUrl\":\"https:\/\/aquaforest.eu\/wp-content\/uploads\/2024\/05\/logotyp-aquaforest.svg\",\"width\":170,\"height\":22,\"caption\":\"Aquaforest\"},\"image\":{\"@id\":\"https:\/\/aquaforest.eu\/pt\/#\/schema\/logo\/image\/\"},\"sameAs\":[\"https:\/\/www.facebook.com\/Aquaforest\/\",\"https:\/\/www.instagram.com\/aquaforest.eu\/\"]}]}<\/script>\n<!-- \/ Yoast SEO plugin. -->","yoast_head_json":{"title":"AF Liquid Artemia Freshwater - Aquaforest","robots":{"index":"index","follow":"follow","max-snippet":"max-snippet:-1","max-image-preview":"max-image-preview:large","max-video-preview":"max-video-preview:-1"},"canonical":"https:\/\/aquaforest.eu\/pt\/products\/freshwater-pt\/supplements-and-fertilizers-pt\/af-liquid-artemia-freshwater\/","og_locale":"pt_PT","og_type":"article","og_title":"AF Liquid Artemia Freshwater - Aquaforest","og_description":"Alimento l\u00edquido de alta qualidade \u00e0 base de Artemia salina. Fornece prote\u00ednas, \u00e1cidos graxos e caroten\u00f3ides que promovem crescimento, imunidade e cores vibrantes nos peixes.","og_url":"https:\/\/aquaforest.eu\/pt\/products\/freshwater-pt\/supplements-and-fertilizers-pt\/af-liquid-artemia-freshwater\/","og_site_name":"Aquaforest","article_publisher":"https:\/\/www.facebook.com\/Aquaforest\/","article_modified_time":"2026-04-30T09:50:24+00:00","og_image":[{"width":1920,"height":2560,"url":"https:\/\/aquaforest.eu\/wp-content\/uploads\/2025\/10\/AF-Liquid-Artemia-Freshwater-125ml-scaled.png","type":"image\/png"}],"twitter_card":"summary_large_image","twitter_misc":{"Tempo estimado de leitura":"3 minutos"},"schema":{"@context":"https:\/\/schema.org","@graph":[{"@type":"WebPage","@id":"https:\/\/aquaforest.eu\/pt\/products\/freshwater-pt\/supplements-and-fertilizers-pt\/af-liquid-artemia-freshwater\/","url":"https:\/\/aquaforest.eu\/pt\/products\/freshwater-pt\/supplements-and-fertilizers-pt\/af-liquid-artemia-freshwater\/","name":"AF Liquid Artemia Freshwater - Aquaforest","isPartOf":{"@id":"https:\/\/aquaforest.eu\/pt\/#website"},"primaryImageOfPage":{"@id":"https:\/\/aquaforest.eu\/pt\/products\/freshwater-pt\/supplements-and-fertilizers-pt\/af-liquid-artemia-freshwater\/#primaryimage"},"image":{"@id":"https:\/\/aquaforest.eu\/pt\/products\/freshwater-pt\/supplements-and-fertilizers-pt\/af-liquid-artemia-freshwater\/#primaryimage"},"thumbnailUrl":"https:\/\/aquaforest.eu\/wp-content\/uploads\/2025\/10\/AF-Liquid-Artemia-Freshwater-125ml-scaled.png","datePublished":"2025-10-02T10:05:29+00:00","dateModified":"2026-04-30T09:50:24+00:00","breadcrumb":{"@id":"https:\/\/aquaforest.eu\/pt\/products\/freshwater-pt\/supplements-and-fertilizers-pt\/af-liquid-artemia-freshwater\/#breadcrumb"},"inLanguage":"pt-PT","potentialAction":[{"@type":"ReadAction","target":["https:\/\/aquaforest.eu\/pt\/products\/freshwater-pt\/supplements-and-fertilizers-pt\/af-liquid-artemia-freshwater\/"]}]},{"@type":"ImageObject","inLanguage":"pt-PT","@id":"https:\/\/aquaforest.eu\/pt\/products\/freshwater-pt\/supplements-and-fertilizers-pt\/af-liquid-artemia-freshwater\/#primaryimage","url":"https:\/\/aquaforest.eu\/wp-content\/uploads\/2025\/10\/AF-Liquid-Artemia-Freshwater-125ml-scaled.png","contentUrl":"https:\/\/aquaforest.eu\/wp-content\/uploads\/2025\/10\/AF-Liquid-Artemia-Freshwater-125ml-scaled.png","width":1920,"height":2560},{"@type":"BreadcrumbList","@id":"https:\/\/aquaforest.eu\/pt\/products\/freshwater-pt\/supplements-and-fertilizers-pt\/af-liquid-artemia-freshwater\/#breadcrumb","itemListElement":[{"@type":"ListItem","position":1,"name":"Home","item":"https:\/\/aquaforest.eu\/pt\/"},{"@type":"ListItem","position":2,"name":"Produtos","item":"https:\/\/aquaforest.eu\/pt\/produtos\/"},{"@type":"ListItem","position":3,"name":"AF Liquid Artemia Freshwater"}]},{"@type":"WebSite","@id":"https:\/\/aquaforest.eu\/pt\/#website","url":"https:\/\/aquaforest.eu\/pt\/","name":"Aquaforest","description":"","publisher":{"@id":"https:\/\/aquaforest.eu\/pt\/#organization"},"potentialAction":[{"@type":"SearchAction","target":{"@type":"EntryPoint","urlTemplate":"https:\/\/aquaforest.eu\/pt\/?s={search_term_string}"},"query-input":{"@type":"PropertyValueSpecification","valueRequired":true,"valueName":"search_term_string"}}],"inLanguage":"pt-PT"},{"@type":"Organization","@id":"https:\/\/aquaforest.eu\/pt\/#organization","name":"Aquaforest","url":"https:\/\/aquaforest.eu\/pt\/","logo":{"@type":"ImageObject","inLanguage":"pt-PT","@id":"https:\/\/aquaforest.eu\/pt\/#\/schema\/logo\/image\/","url":"https:\/\/aquaforest.eu\/wp-content\/uploads\/2024\/05\/logotyp-aquaforest.svg","contentUrl":"https:\/\/aquaforest.eu\/wp-content\/uploads\/2024\/05\/logotyp-aquaforest.svg","width":170,"height":22,"caption":"Aquaforest"},"image":{"@id":"https:\/\/aquaforest.eu\/pt\/#\/schema\/logo\/image\/"},"sameAs":["https:\/\/www.facebook.com\/Aquaforest\/","https:\/\/www.instagram.com\/aquaforest.eu\/"]}]}},"_links":{"self":[{"href":"https:\/\/aquaforest.eu\/pt\/wp-json\/wp\/v2\/product\/25833","targetHints":{"allow":["GET"]}}],"collection":[{"href":"https:\/\/aquaforest.eu\/pt\/wp-json\/wp\/v2\/product"}],"about":[{"href":"https:\/\/aquaforest.eu\/pt\/wp-json\/wp\/v2\/types\/product"}],"version-history":[{"count":4,"href":"https:\/\/aquaforest.eu\/pt\/wp-json\/wp\/v2\/product\/25833\/revisions"}],"predecessor-version":[{"id":31231,"href":"https:\/\/aquaforest.eu\/pt\/wp-json\/wp\/v2\/product\/25833\/revisions\/31231"}],"wp:featuredmedia":[{"embeddable":true,"href":"https:\/\/aquaforest.eu\/pt\/wp-json\/wp\/v2\/media\/25819"}],"wp:attachment":[{"href":"https:\/\/aquaforest.eu\/pt\/wp-json\/wp\/v2\/media?parent=25833"}],"wp:term":[{"taxonomy":"product_brand","embeddable":true,"href":"https:\/\/aquaforest.eu\/pt\/wp-json\/wp\/v2\/product_brand?post=25833"},{"taxonomy":"product_cat","embeddable":true,"href":"https:\/\/aquaforest.eu\/pt\/wp-json\/wp\/v2\/product_cat?post=25833"},{"taxonomy":"product_tag","embeddable":true,"href":"https:\/\/aquaforest.eu\/pt\/wp-json\/wp\/v2\/product_tag?post=25833"}],"curies":[{"name":"wp","href":"https:\/\/api.w.org\/{rel}","templated":true}]}}