{"id":28871,"date":"2026-04-07T13:03:42","date_gmt":"2026-04-07T11:03:42","guid":{"rendered":"https:\/\/aquaforest.eu\/?post_type=product&#038;p=28871"},"modified":"2026-04-07T13:03:43","modified_gmt":"2026-04-07T11:03:43","slug":"new-no3","status":"publish","type":"product","link":"https:\/\/aquaforest.eu\/pt\/products\/lab-pt\/microelements-pt\/new-no3\/","title":{"rendered":"NEW No3"},"content":{"rendered":"<p>Em um ecossistema de aqu\u00e1rio fechado, varia\u00e7\u00f5es nos par\u00e2metros s\u00e3o comuns. Um sistema de filtragem muito eficiente ou o uso excessivo de m\u00eddias redutoras de nutrientes pode causar uma queda repentina nos n\u00edveis de nitrato. Concentra\u00e7\u00f5es muito baixas podem retardar o crescimento dos corais ou at\u00e9 causar danos permanentes.<br \/>\nAF NO3+ \u00e9 um produto que aumenta o n\u00edvel de nitrato em aqu\u00e1rios marinhos. O problema de NO3 muito baixo ocorre geralmente em aqu\u00e1rios com muitos corais e poucos peixes. AF NO3+ \u00e9 uma fonte de nitratos puros, cujo n\u00edvel adequado \u00e9 fundamental para o crescimento correto dos corais. A concentra\u00e7\u00e3o de nitratos est\u00e1 fortemente relacionada ao n\u00edvel de fosfatos na \u00e1gua. Antes de tentar elevar o NO3, verifique a concentra\u00e7\u00e3o de PO4. A propor\u00e7\u00e3o ideal de nitrog\u00eanio para f\u00f3sforo \u00e9 de 16:1. Manter essa propor\u00e7\u00e3o ajuda a manter o equil\u00edbrio qu\u00edmico no sistema e a evitar o crescimento excessivo de algas.<br \/>\nAF NO3+ \u00e9 um produto da linha Aquaforest Lab, criado para aquaristas que desejam ter controle total sobre os par\u00e2metros do aqu\u00e1rio. Antes de usar, recomendamos testar os n\u00edveis de NO3 e PO4, e dosar gradualmente at\u00e9 alcan\u00e7ar os n\u00edveis ideais de nitrato.<br \/>\nProduto em embalagem segura e pr\u00e1tica. Uso exclusivo em aqu\u00e1rios marinhos.<\/p>\n<p>&nbsp;<\/p>\n<hr \/>\n<p>&nbsp;<\/p>\n<p><strong>Dosagem:<\/strong><\/p>\n<ul>\n<li>1 ml de AF NO3+ adicionado em 100 litros de \u00e1gua, aumenta o n\u00edvel de nitratos em 1 mg\/l.<\/li>\n<li>Dose di\u00e1ria m\u00e1xima recomendada: 1 ml \/ 100 l de \u00e1gua<\/li>\n<li>Valor ideal de NO3 em aqu\u00e1rios de recife: 1\u20134 mg\/l (ppm)<\/li>\n<li>Verifique os n\u00edveis de nitrato com frequ\u00eancia e dose apenas quando estiverem baixos<\/li>\n<li>Certifique-se de usar um teste confi\u00e1vel e preciso para medir nitrato<\/li>\n<\/ul>\n","protected":false},"excerpt":{"rendered":"<p>Fonte de nitratos puros, cujo n\u00edvel adequado \u00e9 essencial para o crescimento saud\u00e1vel dos corais.<\/p>\n","protected":false},"featured_media":29783,"template":"","meta":{"_acf_changed":false,"content-type":""},"product_brand":[],"product_cat":[1727,1723],"product_tag":[],"class_list":{"0":"post-28871","1":"product","2":"type-product","3":"status-publish","4":"has-post-thumbnail","6":"product_cat-lab-pt","7":"product_cat-microelements-pt","9":"first","10":"instock","11":"taxable","12":"shipping-taxable","13":"purchasable","14":"product-type-variable","15":"has-default-attributes"},"acf":[],"yoast_head":"<!-- This site is optimized with the Yoast SEO plugin v27.1.1 - https:\/\/yoast.com\/product\/yoast-seo-wordpress\/ -->\n<title>NEW No3 - Aquaforest<\/title>\n<meta name=\"robots\" content=\"index, follow, max-snippet:-1, max-image-preview:large, max-video-preview:-1\" \/>\n<link rel=\"canonical\" href=\"https:\/\/aquaforest.eu\/pt\/products\/lab-pt\/microelements-pt\/new-no3\/\" \/>\n<meta property=\"og:locale\" content=\"pt_PT\" \/>\n<meta property=\"og:type\" content=\"article\" \/>\n<meta property=\"og:title\" content=\"NEW No3 - Aquaforest\" \/>\n<meta property=\"og:description\" content=\"Fonte de nitratos puros, cujo n\u00edvel adequado \u00e9 essencial para o crescimento saud\u00e1vel dos corais.\" \/>\n<meta property=\"og:url\" content=\"https:\/\/aquaforest.eu\/pt\/products\/lab-pt\/microelements-pt\/new-no3\/\" \/>\n<meta property=\"og:site_name\" content=\"Aquaforest\" \/>\n<meta property=\"article:publisher\" content=\"https:\/\/www.facebook.com\/Aquaforest\/\" \/>\n<meta property=\"article:modified_time\" content=\"2026-04-07T11:03:43+00:00\" \/>\n<meta property=\"og:image\" content=\"https:\/\/aquaforest.eu\/wp-content\/uploads\/2026\/03\/nitrate-200.png\" \/>\n\t<meta property=\"og:image:width\" content=\"269\" \/>\n\t<meta property=\"og:image:height\" content=\"600\" \/>\n\t<meta property=\"og:image:type\" content=\"image\/png\" \/>\n<meta name=\"twitter:card\" content=\"summary_large_image\" \/>\n<meta name=\"twitter:label1\" content=\"Tempo estimado de leitura\" \/>\n\t<meta name=\"twitter:data1\" content=\"2 minutos\" \/>\n<script type=\"application\/ld+json\" class=\"yoast-schema-graph\">{\"@context\":\"https:\/\/schema.org\",\"@graph\":[{\"@type\":\"WebPage\",\"@id\":\"https:\/\/aquaforest.eu\/pt\/products\/lab-pt\/microelements-pt\/new-no3\/\",\"url\":\"https:\/\/aquaforest.eu\/pt\/products\/lab-pt\/microelements-pt\/new-no3\/\",\"name\":\"NEW No3 - Aquaforest\",\"isPartOf\":{\"@id\":\"https:\/\/aquaforest.eu\/pt\/#website\"},\"primaryImageOfPage\":{\"@id\":\"https:\/\/aquaforest.eu\/pt\/products\/lab-pt\/microelements-pt\/new-no3\/#primaryimage\"},\"image\":{\"@id\":\"https:\/\/aquaforest.eu\/pt\/products\/lab-pt\/microelements-pt\/new-no3\/#primaryimage\"},\"thumbnailUrl\":\"https:\/\/aquaforest.eu\/wp-content\/uploads\/2026\/03\/nitrate-200.png\",\"datePublished\":\"2026-04-07T11:03:42+00:00\",\"dateModified\":\"2026-04-07T11:03:43+00:00\",\"breadcrumb\":{\"@id\":\"https:\/\/aquaforest.eu\/pt\/products\/lab-pt\/microelements-pt\/new-no3\/#breadcrumb\"},\"inLanguage\":\"pt-PT\",\"potentialAction\":[{\"@type\":\"ReadAction\",\"target\":[\"https:\/\/aquaforest.eu\/pt\/products\/lab-pt\/microelements-pt\/new-no3\/\"]}]},{\"@type\":\"ImageObject\",\"inLanguage\":\"pt-PT\",\"@id\":\"https:\/\/aquaforest.eu\/pt\/products\/lab-pt\/microelements-pt\/new-no3\/#primaryimage\",\"url\":\"https:\/\/aquaforest.eu\/wp-content\/uploads\/2026\/03\/nitrate-200.png\",\"contentUrl\":\"https:\/\/aquaforest.eu\/wp-content\/uploads\/2026\/03\/nitrate-200.png\",\"width\":269,\"height\":600},{\"@type\":\"BreadcrumbList\",\"@id\":\"https:\/\/aquaforest.eu\/pt\/products\/lab-pt\/microelements-pt\/new-no3\/#breadcrumb\",\"itemListElement\":[{\"@type\":\"ListItem\",\"position\":1,\"name\":\"Home\",\"item\":\"https:\/\/aquaforest.eu\/pt\/\"},{\"@type\":\"ListItem\",\"position\":2,\"name\":\"Produtos\",\"item\":\"https:\/\/aquaforest.eu\/pt\/produtos\/\"},{\"@type\":\"ListItem\",\"position\":3,\"name\":\"NEW No3\"}]},{\"@type\":\"WebSite\",\"@id\":\"https:\/\/aquaforest.eu\/pt\/#website\",\"url\":\"https:\/\/aquaforest.eu\/pt\/\",\"name\":\"Aquaforest\",\"description\":\"\",\"publisher\":{\"@id\":\"https:\/\/aquaforest.eu\/pt\/#organization\"},\"potentialAction\":[{\"@type\":\"SearchAction\",\"target\":{\"@type\":\"EntryPoint\",\"urlTemplate\":\"https:\/\/aquaforest.eu\/pt\/?s={search_term_string}\"},\"query-input\":{\"@type\":\"PropertyValueSpecification\",\"valueRequired\":true,\"valueName\":\"search_term_string\"}}],\"inLanguage\":\"pt-PT\"},{\"@type\":\"Organization\",\"@id\":\"https:\/\/aquaforest.eu\/pt\/#organization\",\"name\":\"Aquaforest\",\"url\":\"https:\/\/aquaforest.eu\/pt\/\",\"logo\":{\"@type\":\"ImageObject\",\"inLanguage\":\"pt-PT\",\"@id\":\"https:\/\/aquaforest.eu\/pt\/#\/schema\/logo\/image\/\",\"url\":\"https:\/\/aquaforest.eu\/wp-content\/uploads\/2024\/05\/logotyp-aquaforest.svg\",\"contentUrl\":\"https:\/\/aquaforest.eu\/wp-content\/uploads\/2024\/05\/logotyp-aquaforest.svg\",\"width\":170,\"height\":22,\"caption\":\"Aquaforest\"},\"image\":{\"@id\":\"https:\/\/aquaforest.eu\/pt\/#\/schema\/logo\/image\/\"},\"sameAs\":[\"https:\/\/www.facebook.com\/Aquaforest\/\",\"https:\/\/www.instagram.com\/aquaforest.eu\/\"]}]}<\/script>\n<!-- \/ Yoast SEO plugin. -->","yoast_head_json":{"title":"NEW No3 - Aquaforest","robots":{"index":"index","follow":"follow","max-snippet":"max-snippet:-1","max-image-preview":"max-image-preview:large","max-video-preview":"max-video-preview:-1"},"canonical":"https:\/\/aquaforest.eu\/pt\/products\/lab-pt\/microelements-pt\/new-no3\/","og_locale":"pt_PT","og_type":"article","og_title":"NEW No3 - Aquaforest","og_description":"Fonte de nitratos puros, cujo n\u00edvel adequado \u00e9 essencial para o crescimento saud\u00e1vel dos corais.","og_url":"https:\/\/aquaforest.eu\/pt\/products\/lab-pt\/microelements-pt\/new-no3\/","og_site_name":"Aquaforest","article_publisher":"https:\/\/www.facebook.com\/Aquaforest\/","article_modified_time":"2026-04-07T11:03:43+00:00","og_image":[{"width":269,"height":600,"url":"https:\/\/aquaforest.eu\/wp-content\/uploads\/2026\/03\/nitrate-200.png","type":"image\/png"}],"twitter_card":"summary_large_image","twitter_misc":{"Tempo estimado de leitura":"2 minutos"},"schema":{"@context":"https:\/\/schema.org","@graph":[{"@type":"WebPage","@id":"https:\/\/aquaforest.eu\/pt\/products\/lab-pt\/microelements-pt\/new-no3\/","url":"https:\/\/aquaforest.eu\/pt\/products\/lab-pt\/microelements-pt\/new-no3\/","name":"NEW No3 - Aquaforest","isPartOf":{"@id":"https:\/\/aquaforest.eu\/pt\/#website"},"primaryImageOfPage":{"@id":"https:\/\/aquaforest.eu\/pt\/products\/lab-pt\/microelements-pt\/new-no3\/#primaryimage"},"image":{"@id":"https:\/\/aquaforest.eu\/pt\/products\/lab-pt\/microelements-pt\/new-no3\/#primaryimage"},"thumbnailUrl":"https:\/\/aquaforest.eu\/wp-content\/uploads\/2026\/03\/nitrate-200.png","datePublished":"2026-04-07T11:03:42+00:00","dateModified":"2026-04-07T11:03:43+00:00","breadcrumb":{"@id":"https:\/\/aquaforest.eu\/pt\/products\/lab-pt\/microelements-pt\/new-no3\/#breadcrumb"},"inLanguage":"pt-PT","potentialAction":[{"@type":"ReadAction","target":["https:\/\/aquaforest.eu\/pt\/products\/lab-pt\/microelements-pt\/new-no3\/"]}]},{"@type":"ImageObject","inLanguage":"pt-PT","@id":"https:\/\/aquaforest.eu\/pt\/products\/lab-pt\/microelements-pt\/new-no3\/#primaryimage","url":"https:\/\/aquaforest.eu\/wp-content\/uploads\/2026\/03\/nitrate-200.png","contentUrl":"https:\/\/aquaforest.eu\/wp-content\/uploads\/2026\/03\/nitrate-200.png","width":269,"height":600},{"@type":"BreadcrumbList","@id":"https:\/\/aquaforest.eu\/pt\/products\/lab-pt\/microelements-pt\/new-no3\/#breadcrumb","itemListElement":[{"@type":"ListItem","position":1,"name":"Home","item":"https:\/\/aquaforest.eu\/pt\/"},{"@type":"ListItem","position":2,"name":"Produtos","item":"https:\/\/aquaforest.eu\/pt\/produtos\/"},{"@type":"ListItem","position":3,"name":"NEW No3"}]},{"@type":"WebSite","@id":"https:\/\/aquaforest.eu\/pt\/#website","url":"https:\/\/aquaforest.eu\/pt\/","name":"Aquaforest","description":"","publisher":{"@id":"https:\/\/aquaforest.eu\/pt\/#organization"},"potentialAction":[{"@type":"SearchAction","target":{"@type":"EntryPoint","urlTemplate":"https:\/\/aquaforest.eu\/pt\/?s={search_term_string}"},"query-input":{"@type":"PropertyValueSpecification","valueRequired":true,"valueName":"search_term_string"}}],"inLanguage":"pt-PT"},{"@type":"Organization","@id":"https:\/\/aquaforest.eu\/pt\/#organization","name":"Aquaforest","url":"https:\/\/aquaforest.eu\/pt\/","logo":{"@type":"ImageObject","inLanguage":"pt-PT","@id":"https:\/\/aquaforest.eu\/pt\/#\/schema\/logo\/image\/","url":"https:\/\/aquaforest.eu\/wp-content\/uploads\/2024\/05\/logotyp-aquaforest.svg","contentUrl":"https:\/\/aquaforest.eu\/wp-content\/uploads\/2024\/05\/logotyp-aquaforest.svg","width":170,"height":22,"caption":"Aquaforest"},"image":{"@id":"https:\/\/aquaforest.eu\/pt\/#\/schema\/logo\/image\/"},"sameAs":["https:\/\/www.facebook.com\/Aquaforest\/","https:\/\/www.instagram.com\/aquaforest.eu\/"]}]}},"_links":{"self":[{"href":"https:\/\/aquaforest.eu\/pt\/wp-json\/wp\/v2\/product\/28871","targetHints":{"allow":["GET"]}}],"collection":[{"href":"https:\/\/aquaforest.eu\/pt\/wp-json\/wp\/v2\/product"}],"about":[{"href":"https:\/\/aquaforest.eu\/pt\/wp-json\/wp\/v2\/types\/product"}],"version-history":[{"count":1,"href":"https:\/\/aquaforest.eu\/pt\/wp-json\/wp\/v2\/product\/28871\/revisions"}],"predecessor-version":[{"id":28872,"href":"https:\/\/aquaforest.eu\/pt\/wp-json\/wp\/v2\/product\/28871\/revisions\/28872"}],"wp:featuredmedia":[{"embeddable":true,"href":"https:\/\/aquaforest.eu\/pt\/wp-json\/wp\/v2\/media\/29783"}],"wp:attachment":[{"href":"https:\/\/aquaforest.eu\/pt\/wp-json\/wp\/v2\/media?parent=28871"}],"wp:term":[{"taxonomy":"product_brand","embeddable":true,"href":"https:\/\/aquaforest.eu\/pt\/wp-json\/wp\/v2\/product_brand?post=28871"},{"taxonomy":"product_cat","embeddable":true,"href":"https:\/\/aquaforest.eu\/pt\/wp-json\/wp\/v2\/product_cat?post=28871"},{"taxonomy":"product_tag","embeddable":true,"href":"https:\/\/aquaforest.eu\/pt\/wp-json\/wp\/v2\/product_tag?post=28871"}],"curies":[{"name":"wp","href":"https:\/\/api.w.org\/{rel}","templated":true}]}}