{"id":28894,"date":"2026-04-07T13:03:16","date_gmt":"2026-04-07T11:03:16","guid":{"rendered":"https:\/\/aquaforest.eu\/?post_type=product&#038;p=28894"},"modified":"2026-04-07T13:03:17","modified_gmt":"2026-04-07T11:03:17","slug":"new-strontium","status":"publish","type":"product","link":"https:\/\/aquaforest.eu\/pt\/products\/lab-pt\/microelements-pt\/new-strontium\/","title":{"rendered":"NEW Strontium"},"content":{"rendered":"<p>Suplemento contendo estr\u00f4ncio altamente concentrado. Ap\u00f3s o c\u00e1lcio e o magn\u00e9sio, o estr\u00f4ncio \u00e9 um dos elementos mais importantes para o crescimento de corais duros. Ele auxilia na forma\u00e7\u00e3o do tecido esquel\u00e9tico e melhora significativamente a absor\u00e7\u00e3o de c\u00e1lcio. Tamb\u00e9m contribui para o crescimento de corais moles.<br \/>\nEm sistemas de aqu\u00e1rio fechados, o skimmer e os meios de filtragem removem o estr\u00f4ncio da \u00e1gua, tornando necess\u00e1ria a sua suplementa\u00e7\u00e3o.<br \/>\nPara garantir condi\u00e7\u00f5es o mais pr\u00f3ximas poss\u00edvel do ambiente natural, a f\u00f3rmula foi enriquecida com b\u00e1rio \u2013 outro elemento presente e relevante na \u00e1gua do mar. Com propor\u00e7\u00f5es equilibradas, o suplemento de estr\u00f4ncio corrige eficientemente defici\u00eancias desse elemento na \u00e1gua do aqu\u00e1rio.<\/p>\n<p>&nbsp;<\/p>\n<hr \/>\n<p>&nbsp;<\/p>\n<p><strong>Dosagem<\/strong><\/p>\n<p>Suplemento cont\u00e9m estr\u00f4ncio concentrado. 10 ml do produto aumentam a concentra\u00e7\u00e3o de estr\u00f4ncio em 2 mg\/l em 100 litros de \u00e1gua. A concentra\u00e7\u00e3o recomendada de estr\u00f4ncio no aqu\u00e1rio \u00e9 5.00 \u2013 15.00 mg\/l.<br \/>\nDosagem recomendada: 0,5 ml por 100 litros (27 gal\u00f5es) de \u00e1gua por dia.<br \/>\nLembre-se: a dose di\u00e1ria segura m\u00e1xima \u00e9 de 5 ml por 100 litros de \u00e1gua. Se for necess\u00e1rio aplicar uma dose maior, divida-a em v\u00e1rios dias.<br \/>\nCada aqu\u00e1rio \u00e9 \u00fanico, e a dosagem final depender\u00e1 da popula\u00e7\u00e3o de corais e das necessidades espec\u00edficas do sistema. Tanto a defici\u00eancia quanto o excesso de micronutrientes podem afetar negativamente os organismos do aqu\u00e1rio \u2013 por isso, a dosagem deve ser ajustada com base em testes regulares da \u00e1gua feitos pelo Aquaforest Lab.<\/p>\n<p>Causa danos graves aos olhos. Manter fora do alcance das crian\u00e7as. Use prote\u00e7\u00e3o ocular. EM CASO DE CONTATO COM OS OLHOS: Enx\u00e1gue cuidadosamente com \u00e1gua por v\u00e1rios minutos. Remova as lentes de contato, se estiverem presentes e for f\u00e1cil faz\u00ea-lo. Continue enxaguando. Contate imediatamente um CENTRO DE CONTROLE DE INTOXICA\u00c7\u00d5ES ou m\u00e9dico. Descarte o conte\u00fado\/recipiente em recipientes de res\u00edduos devidamente identificados.<\/p>\n","protected":false},"excerpt":{"rendered":"<p>Suplemento de estr\u00f4ncio \u2013 um dos elementos mais importantes para o crescimento de corais duros. Melhora a absor\u00e7\u00e3o de c\u00e1lcio.<\/p>\n","protected":false},"featured_media":29795,"template":"","meta":{"_acf_changed":false,"content-type":""},"product_brand":[],"product_cat":[1727,1723],"product_tag":[1658],"class_list":{"0":"post-28894","1":"product","2":"type-product","3":"status-publish","4":"has-post-thumbnail","6":"product_cat-lab-pt","7":"product_cat-microelements-pt","8":"product_tag-variable-pt","10":"first","11":"instock","12":"taxable","13":"shipping-taxable","14":"purchasable","15":"product-type-variable"},"acf":[],"yoast_head":"<!-- This site is optimized with the Yoast SEO plugin v27.1.1 - https:\/\/yoast.com\/product\/yoast-seo-wordpress\/ -->\n<title>NEW Strontium - Aquaforest<\/title>\n<meta name=\"robots\" content=\"index, follow, max-snippet:-1, max-image-preview:large, max-video-preview:-1\" \/>\n<link rel=\"canonical\" href=\"https:\/\/aquaforest.eu\/pt\/products\/lab-pt\/microelements-pt\/new-strontium\/\" \/>\n<meta property=\"og:locale\" content=\"pt_PT\" \/>\n<meta property=\"og:type\" content=\"article\" \/>\n<meta property=\"og:title\" content=\"NEW Strontium - Aquaforest\" \/>\n<meta property=\"og:description\" content=\"Suplemento de estr\u00f4ncio \u2013 um dos elementos mais importantes para o crescimento de corais duros. Melhora a absor\u00e7\u00e3o de c\u00e1lcio.\" \/>\n<meta property=\"og:url\" content=\"https:\/\/aquaforest.eu\/pt\/products\/lab-pt\/microelements-pt\/new-strontium\/\" \/>\n<meta property=\"og:site_name\" content=\"Aquaforest\" \/>\n<meta property=\"article:publisher\" content=\"https:\/\/www.facebook.com\/Aquaforest\/\" \/>\n<meta property=\"article:modified_time\" content=\"2026-04-07T11:03:17+00:00\" \/>\n<meta property=\"og:image\" content=\"https:\/\/aquaforest.eu\/wp-content\/uploads\/2026\/03\/strontium-200.png\" \/>\n\t<meta property=\"og:image:width\" content=\"269\" \/>\n\t<meta property=\"og:image:height\" content=\"600\" \/>\n\t<meta property=\"og:image:type\" content=\"image\/png\" \/>\n<meta name=\"twitter:card\" content=\"summary_large_image\" \/>\n<meta name=\"twitter:label1\" content=\"Tempo estimado de leitura\" \/>\n\t<meta name=\"twitter:data1\" content=\"2 minutos\" \/>\n<script type=\"application\/ld+json\" class=\"yoast-schema-graph\">{\"@context\":\"https:\/\/schema.org\",\"@graph\":[{\"@type\":\"WebPage\",\"@id\":\"https:\/\/aquaforest.eu\/pt\/products\/lab-pt\/microelements-pt\/new-strontium\/\",\"url\":\"https:\/\/aquaforest.eu\/pt\/products\/lab-pt\/microelements-pt\/new-strontium\/\",\"name\":\"NEW Strontium - Aquaforest\",\"isPartOf\":{\"@id\":\"https:\/\/aquaforest.eu\/pt\/#website\"},\"primaryImageOfPage\":{\"@id\":\"https:\/\/aquaforest.eu\/pt\/products\/lab-pt\/microelements-pt\/new-strontium\/#primaryimage\"},\"image\":{\"@id\":\"https:\/\/aquaforest.eu\/pt\/products\/lab-pt\/microelements-pt\/new-strontium\/#primaryimage\"},\"thumbnailUrl\":\"https:\/\/aquaforest.eu\/wp-content\/uploads\/2026\/03\/strontium-200.png\",\"datePublished\":\"2026-04-07T11:03:16+00:00\",\"dateModified\":\"2026-04-07T11:03:17+00:00\",\"breadcrumb\":{\"@id\":\"https:\/\/aquaforest.eu\/pt\/products\/lab-pt\/microelements-pt\/new-strontium\/#breadcrumb\"},\"inLanguage\":\"pt-PT\",\"potentialAction\":[{\"@type\":\"ReadAction\",\"target\":[\"https:\/\/aquaforest.eu\/pt\/products\/lab-pt\/microelements-pt\/new-strontium\/\"]}]},{\"@type\":\"ImageObject\",\"inLanguage\":\"pt-PT\",\"@id\":\"https:\/\/aquaforest.eu\/pt\/products\/lab-pt\/microelements-pt\/new-strontium\/#primaryimage\",\"url\":\"https:\/\/aquaforest.eu\/wp-content\/uploads\/2026\/03\/strontium-200.png\",\"contentUrl\":\"https:\/\/aquaforest.eu\/wp-content\/uploads\/2026\/03\/strontium-200.png\",\"width\":269,\"height\":600},{\"@type\":\"BreadcrumbList\",\"@id\":\"https:\/\/aquaforest.eu\/pt\/products\/lab-pt\/microelements-pt\/new-strontium\/#breadcrumb\",\"itemListElement\":[{\"@type\":\"ListItem\",\"position\":1,\"name\":\"Home\",\"item\":\"https:\/\/aquaforest.eu\/pt\/\"},{\"@type\":\"ListItem\",\"position\":2,\"name\":\"Produtos\",\"item\":\"https:\/\/aquaforest.eu\/pt\/produtos\/\"},{\"@type\":\"ListItem\",\"position\":3,\"name\":\"NEW Strontium\"}]},{\"@type\":\"WebSite\",\"@id\":\"https:\/\/aquaforest.eu\/pt\/#website\",\"url\":\"https:\/\/aquaforest.eu\/pt\/\",\"name\":\"Aquaforest\",\"description\":\"\",\"publisher\":{\"@id\":\"https:\/\/aquaforest.eu\/pt\/#organization\"},\"potentialAction\":[{\"@type\":\"SearchAction\",\"target\":{\"@type\":\"EntryPoint\",\"urlTemplate\":\"https:\/\/aquaforest.eu\/pt\/?s={search_term_string}\"},\"query-input\":{\"@type\":\"PropertyValueSpecification\",\"valueRequired\":true,\"valueName\":\"search_term_string\"}}],\"inLanguage\":\"pt-PT\"},{\"@type\":\"Organization\",\"@id\":\"https:\/\/aquaforest.eu\/pt\/#organization\",\"name\":\"Aquaforest\",\"url\":\"https:\/\/aquaforest.eu\/pt\/\",\"logo\":{\"@type\":\"ImageObject\",\"inLanguage\":\"pt-PT\",\"@id\":\"https:\/\/aquaforest.eu\/pt\/#\/schema\/logo\/image\/\",\"url\":\"https:\/\/aquaforest.eu\/wp-content\/uploads\/2024\/05\/logotyp-aquaforest.svg\",\"contentUrl\":\"https:\/\/aquaforest.eu\/wp-content\/uploads\/2024\/05\/logotyp-aquaforest.svg\",\"width\":170,\"height\":22,\"caption\":\"Aquaforest\"},\"image\":{\"@id\":\"https:\/\/aquaforest.eu\/pt\/#\/schema\/logo\/image\/\"},\"sameAs\":[\"https:\/\/www.facebook.com\/Aquaforest\/\",\"https:\/\/www.instagram.com\/aquaforest.eu\/\"]}]}<\/script>\n<!-- \/ Yoast SEO plugin. -->","yoast_head_json":{"title":"NEW Strontium - Aquaforest","robots":{"index":"index","follow":"follow","max-snippet":"max-snippet:-1","max-image-preview":"max-image-preview:large","max-video-preview":"max-video-preview:-1"},"canonical":"https:\/\/aquaforest.eu\/pt\/products\/lab-pt\/microelements-pt\/new-strontium\/","og_locale":"pt_PT","og_type":"article","og_title":"NEW Strontium - Aquaforest","og_description":"Suplemento de estr\u00f4ncio \u2013 um dos elementos mais importantes para o crescimento de corais duros. Melhora a absor\u00e7\u00e3o de c\u00e1lcio.","og_url":"https:\/\/aquaforest.eu\/pt\/products\/lab-pt\/microelements-pt\/new-strontium\/","og_site_name":"Aquaforest","article_publisher":"https:\/\/www.facebook.com\/Aquaforest\/","article_modified_time":"2026-04-07T11:03:17+00:00","og_image":[{"width":269,"height":600,"url":"https:\/\/aquaforest.eu\/wp-content\/uploads\/2026\/03\/strontium-200.png","type":"image\/png"}],"twitter_card":"summary_large_image","twitter_misc":{"Tempo estimado de leitura":"2 minutos"},"schema":{"@context":"https:\/\/schema.org","@graph":[{"@type":"WebPage","@id":"https:\/\/aquaforest.eu\/pt\/products\/lab-pt\/microelements-pt\/new-strontium\/","url":"https:\/\/aquaforest.eu\/pt\/products\/lab-pt\/microelements-pt\/new-strontium\/","name":"NEW Strontium - Aquaforest","isPartOf":{"@id":"https:\/\/aquaforest.eu\/pt\/#website"},"primaryImageOfPage":{"@id":"https:\/\/aquaforest.eu\/pt\/products\/lab-pt\/microelements-pt\/new-strontium\/#primaryimage"},"image":{"@id":"https:\/\/aquaforest.eu\/pt\/products\/lab-pt\/microelements-pt\/new-strontium\/#primaryimage"},"thumbnailUrl":"https:\/\/aquaforest.eu\/wp-content\/uploads\/2026\/03\/strontium-200.png","datePublished":"2026-04-07T11:03:16+00:00","dateModified":"2026-04-07T11:03:17+00:00","breadcrumb":{"@id":"https:\/\/aquaforest.eu\/pt\/products\/lab-pt\/microelements-pt\/new-strontium\/#breadcrumb"},"inLanguage":"pt-PT","potentialAction":[{"@type":"ReadAction","target":["https:\/\/aquaforest.eu\/pt\/products\/lab-pt\/microelements-pt\/new-strontium\/"]}]},{"@type":"ImageObject","inLanguage":"pt-PT","@id":"https:\/\/aquaforest.eu\/pt\/products\/lab-pt\/microelements-pt\/new-strontium\/#primaryimage","url":"https:\/\/aquaforest.eu\/wp-content\/uploads\/2026\/03\/strontium-200.png","contentUrl":"https:\/\/aquaforest.eu\/wp-content\/uploads\/2026\/03\/strontium-200.png","width":269,"height":600},{"@type":"BreadcrumbList","@id":"https:\/\/aquaforest.eu\/pt\/products\/lab-pt\/microelements-pt\/new-strontium\/#breadcrumb","itemListElement":[{"@type":"ListItem","position":1,"name":"Home","item":"https:\/\/aquaforest.eu\/pt\/"},{"@type":"ListItem","position":2,"name":"Produtos","item":"https:\/\/aquaforest.eu\/pt\/produtos\/"},{"@type":"ListItem","position":3,"name":"NEW Strontium"}]},{"@type":"WebSite","@id":"https:\/\/aquaforest.eu\/pt\/#website","url":"https:\/\/aquaforest.eu\/pt\/","name":"Aquaforest","description":"","publisher":{"@id":"https:\/\/aquaforest.eu\/pt\/#organization"},"potentialAction":[{"@type":"SearchAction","target":{"@type":"EntryPoint","urlTemplate":"https:\/\/aquaforest.eu\/pt\/?s={search_term_string}"},"query-input":{"@type":"PropertyValueSpecification","valueRequired":true,"valueName":"search_term_string"}}],"inLanguage":"pt-PT"},{"@type":"Organization","@id":"https:\/\/aquaforest.eu\/pt\/#organization","name":"Aquaforest","url":"https:\/\/aquaforest.eu\/pt\/","logo":{"@type":"ImageObject","inLanguage":"pt-PT","@id":"https:\/\/aquaforest.eu\/pt\/#\/schema\/logo\/image\/","url":"https:\/\/aquaforest.eu\/wp-content\/uploads\/2024\/05\/logotyp-aquaforest.svg","contentUrl":"https:\/\/aquaforest.eu\/wp-content\/uploads\/2024\/05\/logotyp-aquaforest.svg","width":170,"height":22,"caption":"Aquaforest"},"image":{"@id":"https:\/\/aquaforest.eu\/pt\/#\/schema\/logo\/image\/"},"sameAs":["https:\/\/www.facebook.com\/Aquaforest\/","https:\/\/www.instagram.com\/aquaforest.eu\/"]}]}},"_links":{"self":[{"href":"https:\/\/aquaforest.eu\/pt\/wp-json\/wp\/v2\/product\/28894","targetHints":{"allow":["GET"]}}],"collection":[{"href":"https:\/\/aquaforest.eu\/pt\/wp-json\/wp\/v2\/product"}],"about":[{"href":"https:\/\/aquaforest.eu\/pt\/wp-json\/wp\/v2\/types\/product"}],"version-history":[{"count":2,"href":"https:\/\/aquaforest.eu\/pt\/wp-json\/wp\/v2\/product\/28894\/revisions"}],"predecessor-version":[{"id":28940,"href":"https:\/\/aquaforest.eu\/pt\/wp-json\/wp\/v2\/product\/28894\/revisions\/28940"}],"wp:featuredmedia":[{"embeddable":true,"href":"https:\/\/aquaforest.eu\/pt\/wp-json\/wp\/v2\/media\/29795"}],"wp:attachment":[{"href":"https:\/\/aquaforest.eu\/pt\/wp-json\/wp\/v2\/media?parent=28894"}],"wp:term":[{"taxonomy":"product_brand","embeddable":true,"href":"https:\/\/aquaforest.eu\/pt\/wp-json\/wp\/v2\/product_brand?post=28894"},{"taxonomy":"product_cat","embeddable":true,"href":"https:\/\/aquaforest.eu\/pt\/wp-json\/wp\/v2\/product_cat?post=28894"},{"taxonomy":"product_tag","embeddable":true,"href":"https:\/\/aquaforest.eu\/pt\/wp-json\/wp\/v2\/product_tag?post=28894"}],"curies":[{"name":"wp","href":"https:\/\/api.w.org\/{rel}","templated":true}]}}