{"id":29265,"date":"2026-03-24T12:36:50","date_gmt":"2026-03-24T11:36:50","guid":{"rendered":"https:\/\/aquaforest.eu\/?post_type=product&#038;p=29265"},"modified":"2026-04-30T01:17:30","modified_gmt":"2026-04-29T23:17:30","slug":"all-in-skim-150","status":"publish","type":"product","link":"https:\/\/aquaforest.eu\/pt\/products\/seawater-pt\/aquarium-equipment\/all-in-skim-150\/","title":{"rendered":"All-in Skim 150"},"content":{"rendered":"<h3 data-start=\"0\" data-end=\"318\"><strong>Novo n\u00edvel de filtragem<\/strong><\/h3>\n<p data-start=\"0\" data-end=\"318\">All-in Skim \u2013 o primeiro sistema de filtragem do mercado que combina um skimmer de prote\u00ednas de alto desempenho com filtragem de CO\u2082 integrada. Ideal para aqu\u00e1rios marinhos, ele simplifica a instala\u00e7\u00e3o dos equipamentos, economiza espa\u00e7o e resolve m\u00faltiplos problemas em um \u00fanico dispositivo inteligente e compacto.<\/p>\n<p data-start=\"320\" data-end=\"490\">O All-in Skim \u00e9 um dispositivo inovador 4 em 1 que integra as fun\u00e7\u00f5es de skimmer de prote\u00ednas, filtro de ar, filtro de CO\u2082 e filtro biol\u00f3gico em um \u00fanico design compacto.<\/p>\n<hr data-start=\"492\" data-end=\"495\" \/>\n<h3 data-section-id=\"u8p8bs\" data-start=\"497\" data-end=\"561\"><strong>Estabiliza\u00e7\u00e3o do pH e melhores condi\u00e7\u00f5es para a vida marinha<\/strong><\/h3>\n<p data-start=\"563\" data-end=\"929\">Gra\u00e7as aos filtros de ar e CO\u2082 integrados, o dispositivo estabiliza ativamente os n\u00edveis de pH ao reduzir a quantidade de di\u00f3xido de carbono prejudicial, melhorando assim as condi\u00e7\u00f5es de vida dos organismos marinhos. A possibilidade de operar em modo semiaberto ou fechado aumenta ainda mais a efici\u00eancia da filtragem e prolonga a vida \u00fatil dos materiais filtrantes.<\/p>\n<hr data-start=\"931\" data-end=\"934\" \/>\n<h3 data-section-id=\"1fwk5jy\" data-start=\"936\" data-end=\"977\"><strong>Maior efici\u00eancia na purifica\u00e7\u00e3o do ar<\/strong><\/h3>\n<p data-start=\"979\" data-end=\"1268\">O uso de um conector Venturi com m\u00faltiplas entradas permite a conex\u00e3o paralela de v\u00e1rios filtros de CO\u2082, aumentando a efici\u00eancia da purifica\u00e7\u00e3o do ar. Isso significa que ar melhor filtrado \u00e9 fornecido ao aqu\u00e1rio, melhorando a estabilidade do ecossistema e reduzindo o estresse dos animais.<\/p>\n<hr data-start=\"1270\" data-end=\"1273\" \/>\n<h3 data-section-id=\"drzou9\" data-start=\"1275\" data-end=\"1307\"><strong>Filtragem biol\u00f3gica avan\u00e7ada<\/strong><\/h3>\n<p data-start=\"1309\" data-end=\"1629\">O dispositivo tamb\u00e9m inclui uma c\u00e2mara biol\u00f3gica que favorece o crescimento de bact\u00e9rias nitrificantes respons\u00e1veis pela decomposi\u00e7\u00e3o de compostos nocivos de nitrog\u00eanio e f\u00f3sforo. O tempo prolongado de contato entre a \u00e1gua e o material biol\u00f3gico aumenta a efici\u00eancia da filtragem biol\u00f3gica e melhora a qualidade da \u00e1gua.<\/p>\n<hr data-start=\"1631\" data-end=\"1634\" \/>\n<h3 data-section-id=\"c6uvr5\" data-start=\"1636\" data-end=\"1671\"><strong>Redu\u00e7\u00e3o de odores desagrad\u00e1veis<\/strong><\/h3>\n<p data-start=\"1673\" data-end=\"1870\">Um filtro de ar adicional com carv\u00e3o ativado, localizado acima do copo do skimmer, ajuda a reduzir a emiss\u00e3o de odores desagrad\u00e1veis, melhorando significativamente o conforto no ambiente dom\u00e9stico.<\/p>\n<hr data-start=\"1872\" data-end=\"1875\" \/>\n<h3 data-section-id=\"dc0tt8\" data-start=\"1877\" data-end=\"1917\"><strong>Design de bomba flex\u00edvel e eficiente<\/strong><\/h3>\n<p data-start=\"1919\" data-end=\"2214\">A bomba de alta efici\u00eancia energ\u00e9tica oferece alto desempenho, controle preciso e a possibilidade de conex\u00e3o com controladores externos e sensores de n\u00edvel, facilitando a opera\u00e7\u00e3o e a automa\u00e7\u00e3o. Al\u00e9m disso, a bomba opera de forma extremamente silenciosa, preservando a tranquilidade do ambiente.<\/p>\n<hr data-start=\"2216\" data-end=\"2219\" \/>\n<h3 data-section-id=\"1cho0h9\" data-start=\"2221\" data-end=\"2276\"><strong>Suporte completo para condi\u00e7\u00f5es est\u00e1veis no aqu\u00e1rio<\/strong><\/h3>\n<p data-start=\"2278\" data-end=\"2486\">Ao combinar as fun\u00e7\u00f5es de skimmer com filtragem mec\u00e2nica, qu\u00edmica e biol\u00f3gica, al\u00e9m do controle de CO\u2082 e odores, o dispositivo oferece uma solu\u00e7\u00e3o completa para manter condi\u00e7\u00f5es est\u00e1veis em aqu\u00e1rios marinhos.<\/p>\n<hr data-start=\"2488\" data-end=\"2491\" \/>\n<h3 data-section-id=\"1ek1fz3\" data-start=\"2493\" data-end=\"2515\"><strong>Bomba &amp; Controlador<\/strong><\/h3>\n<p data-start=\"2517\" data-end=\"3302\"><strong data-start=\"2517\" data-end=\"2546\">Controle preciso de fluxo<\/strong> \u2013 pot\u00eancia ajust\u00e1vel com precis\u00e3o de 1%; garante condi\u00e7\u00f5es biol\u00f3gicas est\u00e1veis e um aqu\u00e1rio mais saud\u00e1vel.<br data-start=\"2653\" data-end=\"2656\" \/><strong data-start=\"2656\" data-end=\"2681\">Automa\u00e7\u00e3o &amp; seguran\u00e7a<\/strong> \u2013 compat\u00edvel com controladores externos e v\u00e1lvulas de boia; sensores integrados protegem contra funcionamento a seco, superaquecimento e falhas, com c\u00f3digos de erro para diagn\u00f3stico r\u00e1pido e opera\u00e7\u00e3o sem preocupa\u00e7\u00f5es.<br data-start=\"2899\" data-end=\"2902\" \/><strong data-start=\"2902\" data-end=\"2928\">Silencioso &amp; eficiente<\/strong> \u2013 baixo consumo de energia e opera\u00e7\u00e3o silenciosa; conforto para o aquarista e os habitantes do aqu\u00e1rio.<br data-start=\"3032\" data-end=\"3035\" \/><strong data-start=\"3035\" data-end=\"3055\">Modo alimenta\u00e7\u00e3o<\/strong> \u2013 program\u00e1vel com at\u00e9 3 intervalos de alimenta\u00e7\u00e3o; reduz temporariamente a pot\u00eancia do skimmer para preservar nutrientes e evitar transbordamentos.<br data-start=\"3203\" data-end=\"3206\" \/><strong data-start=\"3206\" data-end=\"3226\">F\u00e1cil manuten\u00e7\u00e3o<\/strong> \u2013 limpeza e manuten\u00e7\u00e3o simplificadas; mais tempo para aproveitar o aqu\u00e1rio.<\/p>\n<hr data-start=\"3304\" data-end=\"3307\" \/>\n<h3 data-section-id=\"qvg6fe\" data-start=\"3309\" data-end=\"3338\"><strong>O que acompanha o produto?<\/strong><\/h3>\n<ul data-start=\"3340\" data-end=\"3566\">\n<li data-section-id=\"y0b3wh\" data-start=\"3340\" data-end=\"3376\">Sistema de filtragem All-in Skim<\/li>\n<li data-section-id=\"aab0wk\" data-start=\"3377\" data-end=\"3415\">Bomba Reeflow 2300 com controlador<\/li>\n<li data-section-id=\"e7dxfb\" data-start=\"3416\" data-end=\"3464\">Conjunto de mangueiras flex\u00edveis de silicone<\/li>\n<li data-section-id=\"1r4n2yy\" data-start=\"3465\" data-end=\"3490\">5 esponjas filtrantes<\/li>\n<li data-section-id=\"12k391\" data-start=\"3491\" data-end=\"3516\">Scrubber Media 800 ml<\/li>\n<li data-section-id=\"1mwr0if\" data-start=\"3517\" data-end=\"3542\">Carv\u00e3o ativado 400 ml<\/li>\n<li data-section-id=\"486bng\" data-start=\"3543\" data-end=\"3566\">Life Bio Fil 400 ml<\/li>\n<\/ul>\n<hr data-start=\"3568\" data-end=\"3571\" \/>\n<h3 data-section-id=\"bt15lx\" data-start=\"3573\" data-end=\"3590\"><strong>Especifica\u00e7\u00f5es<\/strong><\/h3>\n<p data-start=\"3592\" data-end=\"3621\"><strong data-start=\"3592\" data-end=\"3603\">Modelo:<\/strong> All in Skim 150<\/p>\n<p data-start=\"3623\" data-end=\"3826\"><strong data-start=\"3623\" data-end=\"3645\">Dimens\u00f5es da base:<\/strong> 186 \u00d7 182 mm (7,32 \u00d7 7,17 pol)<br data-start=\"3676\" data-end=\"3679\" \/><strong data-start=\"3679\" data-end=\"3712\">Di\u00e2metro da c\u00e2mara de rea\u00e7\u00e3o:<\/strong> 150 mm (5,91 pol)<br data-start=\"3730\" data-end=\"3733\" \/><strong data-start=\"3733\" data-end=\"3743\">Bomba:<\/strong> Reeflow 2300<br data-start=\"3756\" data-end=\"3759\" \/><strong data-start=\"3759\" data-end=\"3777\">Inje\u00e7\u00e3o de ar:<\/strong> at\u00e9 620 l\/h<br data-start=\"3789\" data-end=\"3792\" \/><strong data-start=\"3792\" data-end=\"3815\">Consumo de energia:<\/strong> at\u00e9 28 W<\/p>\n<p data-start=\"3828\" data-end=\"4044\"><strong data-start=\"3828\" data-end=\"3877\">Capacidade do aqu\u00e1rio \u2013 alta carga biol\u00f3gica:<\/strong> at\u00e9 300 L (80 gal)<br data-start=\"3896\" data-end=\"3899\" \/><strong data-start=\"3899\" data-end=\"3949\">Capacidade do aqu\u00e1rio \u2013 carga biol\u00f3gica m\u00e9dia:<\/strong> at\u00e9 500 L (130 gal)<br data-start=\"3969\" data-end=\"3972\" \/><strong data-start=\"3972\" data-end=\"4022\">Capacidade do aqu\u00e1rio \u2013 baixa carga biol\u00f3gica:<\/strong> at\u00e9 750 L (185 gal)<\/p>\n<p data-start=\"4046\" data-end=\"4193\" data-is-last-node=\"\" data-is-only-node=\"\"><strong data-start=\"4046\" data-end=\"4073\">N\u00edvel de \u00e1gua \u2013 m\u00ednimo:<\/strong> 160 mm (6 1\/3 pol)<br data-start=\"4092\" data-end=\"4095\" \/><strong data-start=\"4095\" data-end=\"4122\">N\u00edvel de \u00e1gua \u2013 m\u00e1ximo:<\/strong> 210 mm (8 1\/4 pol)<br data-start=\"4141\" data-end=\"4144\" \/><strong data-start=\"4144\" data-end=\"4174\">N\u00edvel de \u00e1gua recomendado:<\/strong> 185 mm (7 1\/4 pol)<\/p>\n","protected":false},"excerpt":{"rendered":"<p>Novo n\u00edvel de filtragem All-in Skim \u2013 o primeiro sistema de filtragem do mercado que combina um skimmer de prote\u00ednas de alto desempenho com filtragem de CO\u2082 integrada. Ideal para aqu\u00e1rios marinhos, ele simplifica a instala\u00e7\u00e3o dos equipamentos, economiza espa\u00e7o e resolve m\u00faltiplos problemas em um \u00fanico dispositivo inteligente e compacto. O All-in Skim \u00e9 [&hellip;]<\/p>\n","protected":false},"featured_media":31116,"template":"","meta":{"_acf_changed":false,"content-type":""},"product_brand":[],"product_cat":[1931,1926],"product_tag":[],"class_list":{"0":"post-29265","1":"product","2":"type-product","3":"status-publish","4":"has-post-thumbnail","6":"product_cat-seawater","7":"product_cat-aquarium-equipment","9":"first","10":"instock","11":"taxable","12":"shipping-taxable","13":"purchasable","14":"product-type-variable"},"acf":[],"yoast_head":"<!-- This site is optimized with the Yoast SEO plugin v27.1.1 - https:\/\/yoast.com\/product\/yoast-seo-wordpress\/ -->\n<title>All-in Skim 150 - Aquaforest<\/title>\n<meta name=\"robots\" content=\"index, follow, max-snippet:-1, max-image-preview:large, max-video-preview:-1\" \/>\n<link rel=\"canonical\" href=\"https:\/\/aquaforest.eu\/pt\/products\/seawater-pt\/aquarium-equipment\/all-in-skim-150\/\" \/>\n<meta property=\"og:locale\" content=\"pt_PT\" \/>\n<meta property=\"og:type\" content=\"article\" \/>\n<meta property=\"og:title\" content=\"All-in Skim 150 - Aquaforest\" \/>\n<meta property=\"og:description\" content=\"Novo n\u00edvel de filtragem All-in Skim \u2013 o primeiro sistema de filtragem do mercado que combina um skimmer de prote\u00ednas de alto desempenho com filtragem de CO\u2082 integrada. Ideal para aqu\u00e1rios marinhos, ele simplifica a instala\u00e7\u00e3o dos equipamentos, economiza espa\u00e7o e resolve m\u00faltiplos problemas em um \u00fanico dispositivo inteligente e compacto. O All-in Skim \u00e9 [&hellip;]\" \/>\n<meta property=\"og:url\" content=\"https:\/\/aquaforest.eu\/pt\/products\/seawater-pt\/aquarium-equipment\/all-in-skim-150\/\" \/>\n<meta property=\"og:site_name\" content=\"Aquaforest\" \/>\n<meta property=\"article:publisher\" content=\"https:\/\/www.facebook.com\/Aquaforest\/\" \/>\n<meta property=\"article:modified_time\" content=\"2026-04-29T23:17:30+00:00\" \/>\n<meta property=\"og:image\" content=\"https:\/\/aquaforest.eu\/wp-content\/uploads\/2026\/03\/All-in-skim-1.png\" \/>\n\t<meta property=\"og:image:width\" content=\"2110\" \/>\n\t<meta property=\"og:image:height\" content=\"1584\" \/>\n\t<meta property=\"og:image:type\" content=\"image\/png\" \/>\n<meta name=\"twitter:card\" content=\"summary_large_image\" \/>\n<meta name=\"twitter:label1\" content=\"Tempo estimado de leitura\" \/>\n\t<meta name=\"twitter:data1\" content=\"3 minutos\" \/>\n<script type=\"application\/ld+json\" class=\"yoast-schema-graph\">{\"@context\":\"https:\/\/schema.org\",\"@graph\":[{\"@type\":\"WebPage\",\"@id\":\"https:\/\/aquaforest.eu\/pt\/products\/seawater-pt\/aquarium-equipment\/all-in-skim-150\/\",\"url\":\"https:\/\/aquaforest.eu\/pt\/products\/seawater-pt\/aquarium-equipment\/all-in-skim-150\/\",\"name\":\"All-in Skim 150 - Aquaforest\",\"isPartOf\":{\"@id\":\"https:\/\/aquaforest.eu\/pt\/#website\"},\"primaryImageOfPage\":{\"@id\":\"https:\/\/aquaforest.eu\/pt\/products\/seawater-pt\/aquarium-equipment\/all-in-skim-150\/#primaryimage\"},\"image\":{\"@id\":\"https:\/\/aquaforest.eu\/pt\/products\/seawater-pt\/aquarium-equipment\/all-in-skim-150\/#primaryimage\"},\"thumbnailUrl\":\"https:\/\/aquaforest.eu\/wp-content\/uploads\/2026\/03\/All-in-skim-1.png\",\"datePublished\":\"2026-03-24T11:36:50+00:00\",\"dateModified\":\"2026-04-29T23:17:30+00:00\",\"breadcrumb\":{\"@id\":\"https:\/\/aquaforest.eu\/pt\/products\/seawater-pt\/aquarium-equipment\/all-in-skim-150\/#breadcrumb\"},\"inLanguage\":\"pt-PT\",\"potentialAction\":[{\"@type\":\"ReadAction\",\"target\":[\"https:\/\/aquaforest.eu\/pt\/products\/seawater-pt\/aquarium-equipment\/all-in-skim-150\/\"]}]},{\"@type\":\"ImageObject\",\"inLanguage\":\"pt-PT\",\"@id\":\"https:\/\/aquaforest.eu\/pt\/products\/seawater-pt\/aquarium-equipment\/all-in-skim-150\/#primaryimage\",\"url\":\"https:\/\/aquaforest.eu\/wp-content\/uploads\/2026\/03\/All-in-skim-1.png\",\"contentUrl\":\"https:\/\/aquaforest.eu\/wp-content\/uploads\/2026\/03\/All-in-skim-1.png\",\"width\":2110,\"height\":1584},{\"@type\":\"BreadcrumbList\",\"@id\":\"https:\/\/aquaforest.eu\/pt\/products\/seawater-pt\/aquarium-equipment\/all-in-skim-150\/#breadcrumb\",\"itemListElement\":[{\"@type\":\"ListItem\",\"position\":1,\"name\":\"Home\",\"item\":\"https:\/\/aquaforest.eu\/pt\/\"},{\"@type\":\"ListItem\",\"position\":2,\"name\":\"Produtos\",\"item\":\"https:\/\/aquaforest.eu\/pt\/produtos\/\"},{\"@type\":\"ListItem\",\"position\":3,\"name\":\"All-in Skim 150\"}]},{\"@type\":\"WebSite\",\"@id\":\"https:\/\/aquaforest.eu\/pt\/#website\",\"url\":\"https:\/\/aquaforest.eu\/pt\/\",\"name\":\"Aquaforest\",\"description\":\"\",\"publisher\":{\"@id\":\"https:\/\/aquaforest.eu\/pt\/#organization\"},\"potentialAction\":[{\"@type\":\"SearchAction\",\"target\":{\"@type\":\"EntryPoint\",\"urlTemplate\":\"https:\/\/aquaforest.eu\/pt\/?s={search_term_string}\"},\"query-input\":{\"@type\":\"PropertyValueSpecification\",\"valueRequired\":true,\"valueName\":\"search_term_string\"}}],\"inLanguage\":\"pt-PT\"},{\"@type\":\"Organization\",\"@id\":\"https:\/\/aquaforest.eu\/pt\/#organization\",\"name\":\"Aquaforest\",\"url\":\"https:\/\/aquaforest.eu\/pt\/\",\"logo\":{\"@type\":\"ImageObject\",\"inLanguage\":\"pt-PT\",\"@id\":\"https:\/\/aquaforest.eu\/pt\/#\/schema\/logo\/image\/\",\"url\":\"https:\/\/aquaforest.eu\/wp-content\/uploads\/2024\/05\/logotyp-aquaforest.svg\",\"contentUrl\":\"https:\/\/aquaforest.eu\/wp-content\/uploads\/2024\/05\/logotyp-aquaforest.svg\",\"width\":170,\"height\":22,\"caption\":\"Aquaforest\"},\"image\":{\"@id\":\"https:\/\/aquaforest.eu\/pt\/#\/schema\/logo\/image\/\"},\"sameAs\":[\"https:\/\/www.facebook.com\/Aquaforest\/\",\"https:\/\/www.instagram.com\/aquaforest.eu\/\"]}]}<\/script>\n<!-- \/ Yoast SEO plugin. -->","yoast_head_json":{"title":"All-in Skim 150 - Aquaforest","robots":{"index":"index","follow":"follow","max-snippet":"max-snippet:-1","max-image-preview":"max-image-preview:large","max-video-preview":"max-video-preview:-1"},"canonical":"https:\/\/aquaforest.eu\/pt\/products\/seawater-pt\/aquarium-equipment\/all-in-skim-150\/","og_locale":"pt_PT","og_type":"article","og_title":"All-in Skim 150 - Aquaforest","og_description":"Novo n\u00edvel de filtragem All-in Skim \u2013 o primeiro sistema de filtragem do mercado que combina um skimmer de prote\u00ednas de alto desempenho com filtragem de CO\u2082 integrada. Ideal para aqu\u00e1rios marinhos, ele simplifica a instala\u00e7\u00e3o dos equipamentos, economiza espa\u00e7o e resolve m\u00faltiplos problemas em um \u00fanico dispositivo inteligente e compacto. O All-in Skim \u00e9 [&hellip;]","og_url":"https:\/\/aquaforest.eu\/pt\/products\/seawater-pt\/aquarium-equipment\/all-in-skim-150\/","og_site_name":"Aquaforest","article_publisher":"https:\/\/www.facebook.com\/Aquaforest\/","article_modified_time":"2026-04-29T23:17:30+00:00","og_image":[{"width":2110,"height":1584,"url":"https:\/\/aquaforest.eu\/wp-content\/uploads\/2026\/03\/All-in-skim-1.png","type":"image\/png"}],"twitter_card":"summary_large_image","twitter_misc":{"Tempo estimado de leitura":"3 minutos"},"schema":{"@context":"https:\/\/schema.org","@graph":[{"@type":"WebPage","@id":"https:\/\/aquaforest.eu\/pt\/products\/seawater-pt\/aquarium-equipment\/all-in-skim-150\/","url":"https:\/\/aquaforest.eu\/pt\/products\/seawater-pt\/aquarium-equipment\/all-in-skim-150\/","name":"All-in Skim 150 - Aquaforest","isPartOf":{"@id":"https:\/\/aquaforest.eu\/pt\/#website"},"primaryImageOfPage":{"@id":"https:\/\/aquaforest.eu\/pt\/products\/seawater-pt\/aquarium-equipment\/all-in-skim-150\/#primaryimage"},"image":{"@id":"https:\/\/aquaforest.eu\/pt\/products\/seawater-pt\/aquarium-equipment\/all-in-skim-150\/#primaryimage"},"thumbnailUrl":"https:\/\/aquaforest.eu\/wp-content\/uploads\/2026\/03\/All-in-skim-1.png","datePublished":"2026-03-24T11:36:50+00:00","dateModified":"2026-04-29T23:17:30+00:00","breadcrumb":{"@id":"https:\/\/aquaforest.eu\/pt\/products\/seawater-pt\/aquarium-equipment\/all-in-skim-150\/#breadcrumb"},"inLanguage":"pt-PT","potentialAction":[{"@type":"ReadAction","target":["https:\/\/aquaforest.eu\/pt\/products\/seawater-pt\/aquarium-equipment\/all-in-skim-150\/"]}]},{"@type":"ImageObject","inLanguage":"pt-PT","@id":"https:\/\/aquaforest.eu\/pt\/products\/seawater-pt\/aquarium-equipment\/all-in-skim-150\/#primaryimage","url":"https:\/\/aquaforest.eu\/wp-content\/uploads\/2026\/03\/All-in-skim-1.png","contentUrl":"https:\/\/aquaforest.eu\/wp-content\/uploads\/2026\/03\/All-in-skim-1.png","width":2110,"height":1584},{"@type":"BreadcrumbList","@id":"https:\/\/aquaforest.eu\/pt\/products\/seawater-pt\/aquarium-equipment\/all-in-skim-150\/#breadcrumb","itemListElement":[{"@type":"ListItem","position":1,"name":"Home","item":"https:\/\/aquaforest.eu\/pt\/"},{"@type":"ListItem","position":2,"name":"Produtos","item":"https:\/\/aquaforest.eu\/pt\/produtos\/"},{"@type":"ListItem","position":3,"name":"All-in Skim 150"}]},{"@type":"WebSite","@id":"https:\/\/aquaforest.eu\/pt\/#website","url":"https:\/\/aquaforest.eu\/pt\/","name":"Aquaforest","description":"","publisher":{"@id":"https:\/\/aquaforest.eu\/pt\/#organization"},"potentialAction":[{"@type":"SearchAction","target":{"@type":"EntryPoint","urlTemplate":"https:\/\/aquaforest.eu\/pt\/?s={search_term_string}"},"query-input":{"@type":"PropertyValueSpecification","valueRequired":true,"valueName":"search_term_string"}}],"inLanguage":"pt-PT"},{"@type":"Organization","@id":"https:\/\/aquaforest.eu\/pt\/#organization","name":"Aquaforest","url":"https:\/\/aquaforest.eu\/pt\/","logo":{"@type":"ImageObject","inLanguage":"pt-PT","@id":"https:\/\/aquaforest.eu\/pt\/#\/schema\/logo\/image\/","url":"https:\/\/aquaforest.eu\/wp-content\/uploads\/2024\/05\/logotyp-aquaforest.svg","contentUrl":"https:\/\/aquaforest.eu\/wp-content\/uploads\/2024\/05\/logotyp-aquaforest.svg","width":170,"height":22,"caption":"Aquaforest"},"image":{"@id":"https:\/\/aquaforest.eu\/pt\/#\/schema\/logo\/image\/"},"sameAs":["https:\/\/www.facebook.com\/Aquaforest\/","https:\/\/www.instagram.com\/aquaforest.eu\/"]}]}},"_links":{"self":[{"href":"https:\/\/aquaforest.eu\/pt\/wp-json\/wp\/v2\/product\/29265","targetHints":{"allow":["GET"]}}],"collection":[{"href":"https:\/\/aquaforest.eu\/pt\/wp-json\/wp\/v2\/product"}],"about":[{"href":"https:\/\/aquaforest.eu\/pt\/wp-json\/wp\/v2\/types\/product"}],"version-history":[{"count":3,"href":"https:\/\/aquaforest.eu\/pt\/wp-json\/wp\/v2\/product\/29265\/revisions"}],"predecessor-version":[{"id":31128,"href":"https:\/\/aquaforest.eu\/pt\/wp-json\/wp\/v2\/product\/29265\/revisions\/31128"}],"wp:featuredmedia":[{"embeddable":true,"href":"https:\/\/aquaforest.eu\/pt\/wp-json\/wp\/v2\/media\/31116"}],"wp:attachment":[{"href":"https:\/\/aquaforest.eu\/pt\/wp-json\/wp\/v2\/media?parent=29265"}],"wp:term":[{"taxonomy":"product_brand","embeddable":true,"href":"https:\/\/aquaforest.eu\/pt\/wp-json\/wp\/v2\/product_brand?post=29265"},{"taxonomy":"product_cat","embeddable":true,"href":"https:\/\/aquaforest.eu\/pt\/wp-json\/wp\/v2\/product_cat?post=29265"},{"taxonomy":"product_tag","embeddable":true,"href":"https:\/\/aquaforest.eu\/pt\/wp-json\/wp\/v2\/product_tag?post=29265"}],"curies":[{"name":"wp","href":"https:\/\/api.w.org\/{rel}","templated":true}]}}