{"id":29395,"date":"2026-03-30T14:31:35","date_gmt":"2026-03-30T12:31:35","guid":{"rendered":"https:\/\/aquaforest.eu\/?post_type=product&#038;p=29395"},"modified":"2026-03-31T14:54:22","modified_gmt":"2026-03-31T12:54:22","slug":"algae-strike","status":"publish","type":"product","link":"https:\/\/aquaforest.eu\/pt\/products\/pond\/solucoes-para-problemas\/algae-strike\/","title":{"rendered":"Algae Strike"},"content":{"rendered":"<p data-start=\"69\" data-end=\"207\"><strong data-start=\"69\" data-end=\"102\">Condicionador natural de \u00e1gua<\/strong> \u2013 reduz o risco de prolifera\u00e7\u00e3o de todos os tipos de algas ao melhorar a qualidade do ambiente aqu\u00e1tico.<\/p>\n<p data-start=\"209\" data-end=\"424\">A combina\u00e7\u00e3o \u00fanica de <strong data-start=\"231\" data-end=\"248\">Liquid Strike<\/strong> e <strong data-start=\"251\" data-end=\"268\">Powder Strike<\/strong> apoia os processos naturais de purifica\u00e7\u00e3o da \u00e1gua, melhora a oxigena\u00e7\u00e3o e promove o equil\u00edbrio biol\u00f3gico no lago. Seguro para peixes, camar\u00f5es e carac\u00f3is.<\/p>\n<p data-start=\"426\" data-end=\"806\">\u2022 <strong data-start=\"428\" data-end=\"455\">Liquid Strike (l\u00edquido)<\/strong> \u2013 atua diretamente sobre as algas, inibindo o seu crescimento e prevenindo a sua reapari\u00e7\u00e3o. Seguro para peixes, carac\u00f3is e camar\u00f5es.<br data-start=\"589\" data-end=\"592\" \/>\u2022 <strong data-start=\"594\" data-end=\"616\">Powder Strike (p\u00f3)<\/strong> \u2013 em contacto com a \u00e1gua liberta oxig\u00e9nio ativo, que decomp\u00f5e as algas mortas e as empurra para a superf\u00edcie. Assim, podem ser facilmente removidas e a \u00e1gua torna-se mais oxigenada e clara.<\/p>\n<h3 data-section-id=\"yqh34w\" data-start=\"808\" data-end=\"842\">Por que escolher Algae Strike?<\/h3>\n<p data-start=\"843\" data-end=\"1405\">\u2022 F\u00f3rmula de duas fases (Liquid Strike + Powder Strike) que garante a\u00e7\u00e3o completa \u2013 inibe o crescimento das algas e ajuda a remover os seus res\u00edduos<br data-start=\"991\" data-end=\"994\" \/>\u2022 Reduz o crescimento de algas e ajuda a manter a \u00e1gua limpa e cristalina<br data-start=\"1067\" data-end=\"1070\" \/>\u2022 Melhora a oxigena\u00e7\u00e3o da \u00e1gua e apoia o equil\u00edbrio biol\u00f3gico<br data-start=\"1131\" data-end=\"1134\" \/>\u2022 Apoia os processos naturais de purifica\u00e7\u00e3o da \u00e1gua, ajudando a restaurar um ecossistema est\u00e1vel<br data-start=\"1231\" data-end=\"1234\" \/>\u2022 Seguro para peixes e outros organismos aqu\u00e1ticos \u2013 n\u00e3o cont\u00e9m metais pesados nem biocidas<br data-start=\"1325\" data-end=\"1328\" \/>\u2022 Sistema de tratamento f\u00e1cil de utilizar com resultados r\u00e1pidos e vis\u00edveis<\/p>\n<h3 data-section-id=\"3837ir\" data-start=\"1407\" data-end=\"1429\">Modo de utiliza\u00e7\u00e3o<\/h3>\n<p data-start=\"1431\" data-end=\"1461\"><strong data-start=\"1431\" data-end=\"1459\">Passo 1 \u2013 Liquid Strike:<\/strong><\/p>\n<ol data-start=\"1462\" data-end=\"1701\">\n<li data-section-id=\"1tv70m1\" data-start=\"1462\" data-end=\"1512\">Medir 8 ml de l\u00edquido para cada 100 l de \u00e1gua<\/li>\n<li data-section-id=\"1ur02rn\" data-start=\"1513\" data-end=\"1605\">Distribuir uniformemente no lago, especialmente nas \u00e1reas com maior quantidade de algas<\/li>\n<li data-section-id=\"r00d3w\" data-start=\"1606\" data-end=\"1668\">Manter a filtragem e a aera\u00e7\u00e3o intensiva em funcionamento<\/li>\n<li data-section-id=\"nvnd32\" data-start=\"1669\" data-end=\"1701\">Deixar atuar durante 3 dias<\/li>\n<\/ol>\n<p data-start=\"1703\" data-end=\"1733\"><strong data-start=\"1703\" data-end=\"1731\">Passo 2 \u2013 Powder Strike:<\/strong><\/p>\n<ol data-start=\"1734\" data-end=\"1852\">\n<li data-section-id=\"xni4dh\" data-start=\"1734\" data-end=\"1795\">Ap\u00f3s 3 dias, adicionar 4 g de p\u00f3 para cada 100 l de \u00e1gua<\/li>\n<li data-section-id=\"6ww5ls\" data-start=\"1796\" data-end=\"1852\">Espalhar o p\u00f3 uniformemente pela superf\u00edcie do lago<\/li>\n<\/ol>\n<p data-start=\"1854\" data-end=\"1973\"><strong data-start=\"1854\" data-end=\"1884\">Continua\u00e7\u00e3o do tratamento:<\/strong><br data-start=\"1884\" data-end=\"1887\" \/>Aplicar alternadamente l\u00edquido e p\u00f3 a cada 3 dias at\u00e9 \u00e0 elimina\u00e7\u00e3o completa das algas.<\/p>\n<h3 data-section-id=\"1yvigo2\" data-start=\"1975\" data-end=\"2002\">Informa\u00e7\u00f5es importantes<\/h3>\n<p data-start=\"2003\" data-end=\"2488\">\u2022 Durante o tratamento desligar as l\u00e2mpadas UV e n\u00e3o utilizar carv\u00e3o ativado<br data-start=\"2079\" data-end=\"2082\" \/>\u2022 Ap\u00f3s o tratamento limpar o filtro dos res\u00edduos de algas mortas<br data-start=\"2146\" data-end=\"2149\" \/>\u2022 Ap\u00f3s concluir o tratamento utilizar <strong data-start=\"2187\" data-end=\"2205\">AF Carbon Pond<\/strong> para remover res\u00edduos qu\u00edmicos da \u00e1gua<br data-start=\"2244\" data-end=\"2247\" \/>\u2022 Durante a utiliza\u00e7\u00e3o observar o comportamento dos peixes \u2014 em caso de sinais de stress, reduzir a dose<br data-start=\"2351\" data-end=\"2354\" \/>\u2022 N\u00e3o combinar com outros produtos qu\u00edmicos com a\u00e7\u00e3o semelhante<br data-start=\"2417\" data-end=\"2420\" \/>\u2022 Ap\u00f3s o tratamento pode utilizar bact\u00e9rias de arranque para lagos<\/p>\n<h3 data-section-id=\"5f8le4\" data-start=\"2490\" data-end=\"2516\">Rendimento do conjunto<\/h3>\n<p data-start=\"2517\" data-end=\"2600\">2 l Liquid Strike + 1 kg Powder Strike suficiente para <strong data-start=\"2572\" data-end=\"2600\">25.000 l de \u00e1gua (25 m\u00b3)<\/strong><\/p>\n<h3 data-section-id=\"1ivny0e\" data-start=\"2602\" data-end=\"2628\">Informa\u00e7\u00f5es adicionais<\/h3>\n<p data-start=\"2629\" data-end=\"2745\" data-is-last-node=\"\" data-is-only-node=\"\">Produto destinado a lagos ornamentais. N\u00e3o ingerir. Manter fora do alcance das crian\u00e7as e armazenar em local fresco.<\/p>\n","protected":false},"excerpt":{"rendered":"<p>Prepara\u00e7\u00e3o completa para controlar algas e restaurar o equil\u00edbrio biol\u00f3gico no lago ornamental.<\/p>\n","protected":false},"featured_media":29386,"template":"","meta":{"_acf_changed":false,"content-type":""},"product_brand":[],"product_cat":[2050,2066],"product_tag":[],"class_list":{"0":"post-29395","1":"product","2":"type-product","3":"status-publish","4":"has-post-thumbnail","6":"product_cat-pond","7":"product_cat-solucoes-para-problemas","9":"first","10":"instock","11":"taxable","12":"shipping-taxable","13":"purchasable","14":"product-type-variable"},"acf":[],"yoast_head":"<!-- This site is optimized with the Yoast SEO plugin v27.1.1 - https:\/\/yoast.com\/product\/yoast-seo-wordpress\/ -->\n<title>Algae Strike - Aquaforest<\/title>\n<meta name=\"robots\" content=\"index, follow, max-snippet:-1, max-image-preview:large, max-video-preview:-1\" \/>\n<link rel=\"canonical\" href=\"https:\/\/aquaforest.eu\/pt\/products\/pond\/solucoes-para-problemas\/algae-strike\/\" \/>\n<meta property=\"og:locale\" content=\"pt_PT\" \/>\n<meta property=\"og:type\" content=\"article\" \/>\n<meta property=\"og:title\" content=\"Algae Strike - Aquaforest\" \/>\n<meta property=\"og:description\" content=\"Prepara\u00e7\u00e3o completa para controlar algas e restaurar o equil\u00edbrio biol\u00f3gico no lago ornamental.\" \/>\n<meta property=\"og:url\" content=\"https:\/\/aquaforest.eu\/pt\/products\/pond\/solucoes-para-problemas\/algae-strike\/\" \/>\n<meta property=\"og:site_name\" content=\"Aquaforest\" \/>\n<meta property=\"article:publisher\" content=\"https:\/\/www.facebook.com\/Aquaforest\/\" \/>\n<meta property=\"article:modified_time\" content=\"2026-03-31T12:54:22+00:00\" \/>\n<meta property=\"og:image\" content=\"https:\/\/aquaforest.eu\/wp-content\/uploads\/2026\/03\/Algae-strike.png\" \/>\n\t<meta property=\"og:image:width\" content=\"1800\" \/>\n\t<meta property=\"og:image:height\" content=\"1350\" \/>\n\t<meta property=\"og:image:type\" content=\"image\/png\" \/>\n<meta name=\"twitter:card\" content=\"summary_large_image\" \/>\n<meta name=\"twitter:label1\" content=\"Tempo estimado de leitura\" \/>\n\t<meta name=\"twitter:data1\" content=\"3 minutos\" \/>\n<script type=\"application\/ld+json\" class=\"yoast-schema-graph\">{\"@context\":\"https:\/\/schema.org\",\"@graph\":[{\"@type\":\"WebPage\",\"@id\":\"https:\/\/aquaforest.eu\/pt\/products\/pond\/solucoes-para-problemas\/algae-strike\/\",\"url\":\"https:\/\/aquaforest.eu\/pt\/products\/pond\/solucoes-para-problemas\/algae-strike\/\",\"name\":\"Algae Strike - Aquaforest\",\"isPartOf\":{\"@id\":\"https:\/\/aquaforest.eu\/pt\/#website\"},\"primaryImageOfPage\":{\"@id\":\"https:\/\/aquaforest.eu\/pt\/products\/pond\/solucoes-para-problemas\/algae-strike\/#primaryimage\"},\"image\":{\"@id\":\"https:\/\/aquaforest.eu\/pt\/products\/pond\/solucoes-para-problemas\/algae-strike\/#primaryimage\"},\"thumbnailUrl\":\"https:\/\/aquaforest.eu\/wp-content\/uploads\/2026\/03\/Algae-strike.png\",\"datePublished\":\"2026-03-30T12:31:35+00:00\",\"dateModified\":\"2026-03-31T12:54:22+00:00\",\"breadcrumb\":{\"@id\":\"https:\/\/aquaforest.eu\/pt\/products\/pond\/solucoes-para-problemas\/algae-strike\/#breadcrumb\"},\"inLanguage\":\"pt-PT\",\"potentialAction\":[{\"@type\":\"ReadAction\",\"target\":[\"https:\/\/aquaforest.eu\/pt\/products\/pond\/solucoes-para-problemas\/algae-strike\/\"]}]},{\"@type\":\"ImageObject\",\"inLanguage\":\"pt-PT\",\"@id\":\"https:\/\/aquaforest.eu\/pt\/products\/pond\/solucoes-para-problemas\/algae-strike\/#primaryimage\",\"url\":\"https:\/\/aquaforest.eu\/wp-content\/uploads\/2026\/03\/Algae-strike.png\",\"contentUrl\":\"https:\/\/aquaforest.eu\/wp-content\/uploads\/2026\/03\/Algae-strike.png\",\"width\":1800,\"height\":1350},{\"@type\":\"BreadcrumbList\",\"@id\":\"https:\/\/aquaforest.eu\/pt\/products\/pond\/solucoes-para-problemas\/algae-strike\/#breadcrumb\",\"itemListElement\":[{\"@type\":\"ListItem\",\"position\":1,\"name\":\"Home\",\"item\":\"https:\/\/aquaforest.eu\/pt\/\"},{\"@type\":\"ListItem\",\"position\":2,\"name\":\"Produtos\",\"item\":\"https:\/\/aquaforest.eu\/pt\/produtos\/\"},{\"@type\":\"ListItem\",\"position\":3,\"name\":\"Algae Strike\"}]},{\"@type\":\"WebSite\",\"@id\":\"https:\/\/aquaforest.eu\/pt\/#website\",\"url\":\"https:\/\/aquaforest.eu\/pt\/\",\"name\":\"Aquaforest\",\"description\":\"\",\"publisher\":{\"@id\":\"https:\/\/aquaforest.eu\/pt\/#organization\"},\"potentialAction\":[{\"@type\":\"SearchAction\",\"target\":{\"@type\":\"EntryPoint\",\"urlTemplate\":\"https:\/\/aquaforest.eu\/pt\/?s={search_term_string}\"},\"query-input\":{\"@type\":\"PropertyValueSpecification\",\"valueRequired\":true,\"valueName\":\"search_term_string\"}}],\"inLanguage\":\"pt-PT\"},{\"@type\":\"Organization\",\"@id\":\"https:\/\/aquaforest.eu\/pt\/#organization\",\"name\":\"Aquaforest\",\"url\":\"https:\/\/aquaforest.eu\/pt\/\",\"logo\":{\"@type\":\"ImageObject\",\"inLanguage\":\"pt-PT\",\"@id\":\"https:\/\/aquaforest.eu\/pt\/#\/schema\/logo\/image\/\",\"url\":\"https:\/\/aquaforest.eu\/wp-content\/uploads\/2024\/05\/logotyp-aquaforest.svg\",\"contentUrl\":\"https:\/\/aquaforest.eu\/wp-content\/uploads\/2024\/05\/logotyp-aquaforest.svg\",\"width\":170,\"height\":22,\"caption\":\"Aquaforest\"},\"image\":{\"@id\":\"https:\/\/aquaforest.eu\/pt\/#\/schema\/logo\/image\/\"},\"sameAs\":[\"https:\/\/www.facebook.com\/Aquaforest\/\",\"https:\/\/www.instagram.com\/aquaforest.eu\/\"]}]}<\/script>\n<!-- \/ Yoast SEO plugin. -->","yoast_head_json":{"title":"Algae Strike - Aquaforest","robots":{"index":"index","follow":"follow","max-snippet":"max-snippet:-1","max-image-preview":"max-image-preview:large","max-video-preview":"max-video-preview:-1"},"canonical":"https:\/\/aquaforest.eu\/pt\/products\/pond\/solucoes-para-problemas\/algae-strike\/","og_locale":"pt_PT","og_type":"article","og_title":"Algae Strike - Aquaforest","og_description":"Prepara\u00e7\u00e3o completa para controlar algas e restaurar o equil\u00edbrio biol\u00f3gico no lago ornamental.","og_url":"https:\/\/aquaforest.eu\/pt\/products\/pond\/solucoes-para-problemas\/algae-strike\/","og_site_name":"Aquaforest","article_publisher":"https:\/\/www.facebook.com\/Aquaforest\/","article_modified_time":"2026-03-31T12:54:22+00:00","og_image":[{"width":1800,"height":1350,"url":"https:\/\/aquaforest.eu\/wp-content\/uploads\/2026\/03\/Algae-strike.png","type":"image\/png"}],"twitter_card":"summary_large_image","twitter_misc":{"Tempo estimado de leitura":"3 minutos"},"schema":{"@context":"https:\/\/schema.org","@graph":[{"@type":"WebPage","@id":"https:\/\/aquaforest.eu\/pt\/products\/pond\/solucoes-para-problemas\/algae-strike\/","url":"https:\/\/aquaforest.eu\/pt\/products\/pond\/solucoes-para-problemas\/algae-strike\/","name":"Algae Strike - Aquaforest","isPartOf":{"@id":"https:\/\/aquaforest.eu\/pt\/#website"},"primaryImageOfPage":{"@id":"https:\/\/aquaforest.eu\/pt\/products\/pond\/solucoes-para-problemas\/algae-strike\/#primaryimage"},"image":{"@id":"https:\/\/aquaforest.eu\/pt\/products\/pond\/solucoes-para-problemas\/algae-strike\/#primaryimage"},"thumbnailUrl":"https:\/\/aquaforest.eu\/wp-content\/uploads\/2026\/03\/Algae-strike.png","datePublished":"2026-03-30T12:31:35+00:00","dateModified":"2026-03-31T12:54:22+00:00","breadcrumb":{"@id":"https:\/\/aquaforest.eu\/pt\/products\/pond\/solucoes-para-problemas\/algae-strike\/#breadcrumb"},"inLanguage":"pt-PT","potentialAction":[{"@type":"ReadAction","target":["https:\/\/aquaforest.eu\/pt\/products\/pond\/solucoes-para-problemas\/algae-strike\/"]}]},{"@type":"ImageObject","inLanguage":"pt-PT","@id":"https:\/\/aquaforest.eu\/pt\/products\/pond\/solucoes-para-problemas\/algae-strike\/#primaryimage","url":"https:\/\/aquaforest.eu\/wp-content\/uploads\/2026\/03\/Algae-strike.png","contentUrl":"https:\/\/aquaforest.eu\/wp-content\/uploads\/2026\/03\/Algae-strike.png","width":1800,"height":1350},{"@type":"BreadcrumbList","@id":"https:\/\/aquaforest.eu\/pt\/products\/pond\/solucoes-para-problemas\/algae-strike\/#breadcrumb","itemListElement":[{"@type":"ListItem","position":1,"name":"Home","item":"https:\/\/aquaforest.eu\/pt\/"},{"@type":"ListItem","position":2,"name":"Produtos","item":"https:\/\/aquaforest.eu\/pt\/produtos\/"},{"@type":"ListItem","position":3,"name":"Algae Strike"}]},{"@type":"WebSite","@id":"https:\/\/aquaforest.eu\/pt\/#website","url":"https:\/\/aquaforest.eu\/pt\/","name":"Aquaforest","description":"","publisher":{"@id":"https:\/\/aquaforest.eu\/pt\/#organization"},"potentialAction":[{"@type":"SearchAction","target":{"@type":"EntryPoint","urlTemplate":"https:\/\/aquaforest.eu\/pt\/?s={search_term_string}"},"query-input":{"@type":"PropertyValueSpecification","valueRequired":true,"valueName":"search_term_string"}}],"inLanguage":"pt-PT"},{"@type":"Organization","@id":"https:\/\/aquaforest.eu\/pt\/#organization","name":"Aquaforest","url":"https:\/\/aquaforest.eu\/pt\/","logo":{"@type":"ImageObject","inLanguage":"pt-PT","@id":"https:\/\/aquaforest.eu\/pt\/#\/schema\/logo\/image\/","url":"https:\/\/aquaforest.eu\/wp-content\/uploads\/2024\/05\/logotyp-aquaforest.svg","contentUrl":"https:\/\/aquaforest.eu\/wp-content\/uploads\/2024\/05\/logotyp-aquaforest.svg","width":170,"height":22,"caption":"Aquaforest"},"image":{"@id":"https:\/\/aquaforest.eu\/pt\/#\/schema\/logo\/image\/"},"sameAs":["https:\/\/www.facebook.com\/Aquaforest\/","https:\/\/www.instagram.com\/aquaforest.eu\/"]}]}},"_links":{"self":[{"href":"https:\/\/aquaforest.eu\/pt\/wp-json\/wp\/v2\/product\/29395","targetHints":{"allow":["GET"]}}],"collection":[{"href":"https:\/\/aquaforest.eu\/pt\/wp-json\/wp\/v2\/product"}],"about":[{"href":"https:\/\/aquaforest.eu\/pt\/wp-json\/wp\/v2\/types\/product"}],"version-history":[{"count":2,"href":"https:\/\/aquaforest.eu\/pt\/wp-json\/wp\/v2\/product\/29395\/revisions"}],"predecessor-version":[{"id":30060,"href":"https:\/\/aquaforest.eu\/pt\/wp-json\/wp\/v2\/product\/29395\/revisions\/30060"}],"wp:featuredmedia":[{"embeddable":true,"href":"https:\/\/aquaforest.eu\/pt\/wp-json\/wp\/v2\/media\/29386"}],"wp:attachment":[{"href":"https:\/\/aquaforest.eu\/pt\/wp-json\/wp\/v2\/media?parent=29395"}],"wp:term":[{"taxonomy":"product_brand","embeddable":true,"href":"https:\/\/aquaforest.eu\/pt\/wp-json\/wp\/v2\/product_brand?post=29395"},{"taxonomy":"product_cat","embeddable":true,"href":"https:\/\/aquaforest.eu\/pt\/wp-json\/wp\/v2\/product_cat?post=29395"},{"taxonomy":"product_tag","embeddable":true,"href":"https:\/\/aquaforest.eu\/pt\/wp-json\/wp\/v2\/product_tag?post=29395"}],"curies":[{"name":"wp","href":"https:\/\/api.w.org\/{rel}","templated":true}]}}