{"id":29513,"date":"2026-03-30T14:33:10","date_gmt":"2026-03-30T12:33:10","guid":{"rendered":"https:\/\/aquaforest.eu\/?post_type=product&#038;p=29513"},"modified":"2026-03-31T13:39:04","modified_gmt":"2026-03-31T11:39:04","slug":"carbon-2","status":"publish","type":"product","link":"https:\/\/aquaforest.eu\/pt\/products\/pond\/midias-filtrantes\/carbon-2\/","title":{"rendered":"Carbon"},"content":{"rendered":"<p data-start=\"57\" data-end=\"203\"><strong data-start=\"57\" data-end=\"72\">Carbon Pond<\/strong> \u00e9 carv\u00e3o ativado granular de alta qualidade, ativado a vapor, desenvolvido para a purifica\u00e7\u00e3o eficaz da \u00e1gua em lagos ornamentais.<\/p>\n<p data-start=\"205\" data-end=\"372\">Gra\u00e7as \u00e0 sua elevada porosidade e grande \u00e1rea de absor\u00e7\u00e3o, liga e remove uma ampla gama de contaminantes qu\u00edmicos, metais pesados, corantes e res\u00edduos de medicamentos.<\/p>\n<p data-start=\"374\" data-end=\"600\">A utiliza\u00e7\u00e3o do <strong data-start=\"390\" data-end=\"405\">Carbon Pond<\/strong> torna a \u00e1gua mais clara, elimina odores desagrad\u00e1veis e reduz a turva\u00e7\u00e3o. O produto tamb\u00e9m reduz compostos org\u00e2nicos, limitando o risco de prolifera\u00e7\u00e3o de algas e apoiando a filtragem biol\u00f3gica.<\/p>\n<h3 data-section-id=\"1ot62cu\" data-start=\"602\" data-end=\"641\">O que torna o AF Carbon Pond \u00fanico?<\/h3>\n<p data-start=\"642\" data-end=\"1103\">\u2022 Remove eficazmente toxinas, metais pesados e contaminantes qu\u00edmicos, melhorando a qualidade da \u00e1gua<br data-start=\"743\" data-end=\"746\" \/>\u2022 Elimina res\u00edduos de medicamentos e produtos qu\u00edmicos ap\u00f3s tratamentos, ajudando a restaurar um ambiente seguro para os peixes<br data-start=\"873\" data-end=\"876\" \/>\u2022 Melhora a clareza da \u00e1gua e reduz odores desagrad\u00e1veis<br data-start=\"932\" data-end=\"935\" \/>\u2022 Carv\u00e3o ativado de alta qualidade ativado a vapor com grande \u00e1rea de absor\u00e7\u00e3o para filtragem eficaz<br data-start=\"1035\" data-end=\"1038\" \/>\u2022 N\u00e3o liberta fosfatos na \u00e1gua, evitando o crescimento de algas<\/p>\n<h3 data-section-id=\"1k7j4q8\" data-start=\"1105\" data-end=\"1116\">Dosagem<\/h3>\n<p data-start=\"1117\" data-end=\"1158\">5 kg de Carbon Pond para 10.000 l de \u00e1gua<\/p>\n<h3 data-section-id=\"3837ir\" data-start=\"1160\" data-end=\"1182\">Modo de utiliza\u00e7\u00e3o<\/h3>\n<p data-start=\"1183\" data-end=\"1398\" data-is-last-node=\"\" data-is-only-node=\"\">Colocar o produto no cesto do filtro, na c\u00e2mara do filtro ou num saco filtrante durante 72 horas.<br data-start=\"1280\" data-end=\"1283\" \/>O Carbon Pond pode remover tamb\u00e9m elementos essenciais da \u00e1gua; por isso, n\u00e3o se recomenda a utiliza\u00e7\u00e3o prolongada.<\/p>\n","protected":false},"excerpt":{"rendered":"<p>Carv\u00e3o ativado de alta qualidade para purifica\u00e7\u00e3o eficaz da \u00e1gua em lagos ornamentais.<\/p>\n","protected":false},"featured_media":29499,"template":"","meta":{"_acf_changed":false,"content-type":""},"product_brand":[],"product_cat":[2062,2050],"product_tag":[1658],"class_list":{"0":"post-29513","1":"product","2":"type-product","3":"status-publish","4":"has-post-thumbnail","6":"product_cat-midias-filtrantes","7":"product_cat-pond","8":"product_tag-variable-pt","10":"first","11":"instock","12":"taxable","13":"shipping-taxable","14":"purchasable","15":"product-type-variable","16":"has-default-attributes"},"acf":[],"yoast_head":"<!-- This site is optimized with the Yoast SEO plugin v27.1.1 - https:\/\/yoast.com\/product\/yoast-seo-wordpress\/ -->\n<title>Carbon - Aquaforest<\/title>\n<meta name=\"robots\" content=\"index, follow, max-snippet:-1, max-image-preview:large, max-video-preview:-1\" \/>\n<link rel=\"canonical\" href=\"https:\/\/aquaforest.eu\/pt\/products\/pond\/midias-filtrantes\/carbon-2\/\" \/>\n<meta property=\"og:locale\" content=\"pt_PT\" \/>\n<meta property=\"og:type\" content=\"article\" \/>\n<meta property=\"og:title\" content=\"Carbon - Aquaforest\" \/>\n<meta property=\"og:description\" content=\"Carv\u00e3o ativado de alta qualidade para purifica\u00e7\u00e3o eficaz da \u00e1gua em lagos ornamentais.\" \/>\n<meta property=\"og:url\" content=\"https:\/\/aquaforest.eu\/pt\/products\/pond\/midias-filtrantes\/carbon-2\/\" \/>\n<meta property=\"og:site_name\" content=\"Aquaforest\" \/>\n<meta property=\"article:publisher\" content=\"https:\/\/www.facebook.com\/Aquaforest\/\" \/>\n<meta property=\"article:modified_time\" content=\"2026-03-31T11:39:04+00:00\" \/>\n<meta property=\"og:image\" content=\"https:\/\/aquaforest.eu\/wp-content\/uploads\/2026\/03\/Carbon-5L-1.png\" \/>\n\t<meta property=\"og:image:width\" content=\"2336\" \/>\n\t<meta property=\"og:image:height\" content=\"2336\" \/>\n\t<meta property=\"og:image:type\" content=\"image\/png\" \/>\n<meta name=\"twitter:card\" content=\"summary_large_image\" \/>\n<meta name=\"twitter:label1\" content=\"Tempo estimado de leitura\" \/>\n\t<meta name=\"twitter:data1\" content=\"2 minutos\" \/>\n<script type=\"application\/ld+json\" class=\"yoast-schema-graph\">{\"@context\":\"https:\/\/schema.org\",\"@graph\":[{\"@type\":\"WebPage\",\"@id\":\"https:\/\/aquaforest.eu\/pt\/products\/pond\/midias-filtrantes\/carbon-2\/\",\"url\":\"https:\/\/aquaforest.eu\/pt\/products\/pond\/midias-filtrantes\/carbon-2\/\",\"name\":\"Carbon - Aquaforest\",\"isPartOf\":{\"@id\":\"https:\/\/aquaforest.eu\/pt\/#website\"},\"primaryImageOfPage\":{\"@id\":\"https:\/\/aquaforest.eu\/pt\/products\/pond\/midias-filtrantes\/carbon-2\/#primaryimage\"},\"image\":{\"@id\":\"https:\/\/aquaforest.eu\/pt\/products\/pond\/midias-filtrantes\/carbon-2\/#primaryimage\"},\"thumbnailUrl\":\"https:\/\/aquaforest.eu\/wp-content\/uploads\/2026\/03\/Carbon-5L-1.png\",\"datePublished\":\"2026-03-30T12:33:10+00:00\",\"dateModified\":\"2026-03-31T11:39:04+00:00\",\"breadcrumb\":{\"@id\":\"https:\/\/aquaforest.eu\/pt\/products\/pond\/midias-filtrantes\/carbon-2\/#breadcrumb\"},\"inLanguage\":\"pt-PT\",\"potentialAction\":[{\"@type\":\"ReadAction\",\"target\":[\"https:\/\/aquaforest.eu\/pt\/products\/pond\/midias-filtrantes\/carbon-2\/\"]}]},{\"@type\":\"ImageObject\",\"inLanguage\":\"pt-PT\",\"@id\":\"https:\/\/aquaforest.eu\/pt\/products\/pond\/midias-filtrantes\/carbon-2\/#primaryimage\",\"url\":\"https:\/\/aquaforest.eu\/wp-content\/uploads\/2026\/03\/Carbon-5L-1.png\",\"contentUrl\":\"https:\/\/aquaforest.eu\/wp-content\/uploads\/2026\/03\/Carbon-5L-1.png\",\"width\":2336,\"height\":2336},{\"@type\":\"BreadcrumbList\",\"@id\":\"https:\/\/aquaforest.eu\/pt\/products\/pond\/midias-filtrantes\/carbon-2\/#breadcrumb\",\"itemListElement\":[{\"@type\":\"ListItem\",\"position\":1,\"name\":\"Home\",\"item\":\"https:\/\/aquaforest.eu\/pt\/\"},{\"@type\":\"ListItem\",\"position\":2,\"name\":\"Produtos\",\"item\":\"https:\/\/aquaforest.eu\/pt\/produtos\/\"},{\"@type\":\"ListItem\",\"position\":3,\"name\":\"Carbon\"}]},{\"@type\":\"WebSite\",\"@id\":\"https:\/\/aquaforest.eu\/pt\/#website\",\"url\":\"https:\/\/aquaforest.eu\/pt\/\",\"name\":\"Aquaforest\",\"description\":\"\",\"publisher\":{\"@id\":\"https:\/\/aquaforest.eu\/pt\/#organization\"},\"potentialAction\":[{\"@type\":\"SearchAction\",\"target\":{\"@type\":\"EntryPoint\",\"urlTemplate\":\"https:\/\/aquaforest.eu\/pt\/?s={search_term_string}\"},\"query-input\":{\"@type\":\"PropertyValueSpecification\",\"valueRequired\":true,\"valueName\":\"search_term_string\"}}],\"inLanguage\":\"pt-PT\"},{\"@type\":\"Organization\",\"@id\":\"https:\/\/aquaforest.eu\/pt\/#organization\",\"name\":\"Aquaforest\",\"url\":\"https:\/\/aquaforest.eu\/pt\/\",\"logo\":{\"@type\":\"ImageObject\",\"inLanguage\":\"pt-PT\",\"@id\":\"https:\/\/aquaforest.eu\/pt\/#\/schema\/logo\/image\/\",\"url\":\"https:\/\/aquaforest.eu\/wp-content\/uploads\/2024\/05\/logotyp-aquaforest.svg\",\"contentUrl\":\"https:\/\/aquaforest.eu\/wp-content\/uploads\/2024\/05\/logotyp-aquaforest.svg\",\"width\":170,\"height\":22,\"caption\":\"Aquaforest\"},\"image\":{\"@id\":\"https:\/\/aquaforest.eu\/pt\/#\/schema\/logo\/image\/\"},\"sameAs\":[\"https:\/\/www.facebook.com\/Aquaforest\/\",\"https:\/\/www.instagram.com\/aquaforest.eu\/\"]}]}<\/script>\n<!-- \/ Yoast SEO plugin. -->","yoast_head_json":{"title":"Carbon - Aquaforest","robots":{"index":"index","follow":"follow","max-snippet":"max-snippet:-1","max-image-preview":"max-image-preview:large","max-video-preview":"max-video-preview:-1"},"canonical":"https:\/\/aquaforest.eu\/pt\/products\/pond\/midias-filtrantes\/carbon-2\/","og_locale":"pt_PT","og_type":"article","og_title":"Carbon - Aquaforest","og_description":"Carv\u00e3o ativado de alta qualidade para purifica\u00e7\u00e3o eficaz da \u00e1gua em lagos ornamentais.","og_url":"https:\/\/aquaforest.eu\/pt\/products\/pond\/midias-filtrantes\/carbon-2\/","og_site_name":"Aquaforest","article_publisher":"https:\/\/www.facebook.com\/Aquaforest\/","article_modified_time":"2026-03-31T11:39:04+00:00","og_image":[{"width":2336,"height":2336,"url":"https:\/\/aquaforest.eu\/wp-content\/uploads\/2026\/03\/Carbon-5L-1.png","type":"image\/png"}],"twitter_card":"summary_large_image","twitter_misc":{"Tempo estimado de leitura":"2 minutos"},"schema":{"@context":"https:\/\/schema.org","@graph":[{"@type":"WebPage","@id":"https:\/\/aquaforest.eu\/pt\/products\/pond\/midias-filtrantes\/carbon-2\/","url":"https:\/\/aquaforest.eu\/pt\/products\/pond\/midias-filtrantes\/carbon-2\/","name":"Carbon - Aquaforest","isPartOf":{"@id":"https:\/\/aquaforest.eu\/pt\/#website"},"primaryImageOfPage":{"@id":"https:\/\/aquaforest.eu\/pt\/products\/pond\/midias-filtrantes\/carbon-2\/#primaryimage"},"image":{"@id":"https:\/\/aquaforest.eu\/pt\/products\/pond\/midias-filtrantes\/carbon-2\/#primaryimage"},"thumbnailUrl":"https:\/\/aquaforest.eu\/wp-content\/uploads\/2026\/03\/Carbon-5L-1.png","datePublished":"2026-03-30T12:33:10+00:00","dateModified":"2026-03-31T11:39:04+00:00","breadcrumb":{"@id":"https:\/\/aquaforest.eu\/pt\/products\/pond\/midias-filtrantes\/carbon-2\/#breadcrumb"},"inLanguage":"pt-PT","potentialAction":[{"@type":"ReadAction","target":["https:\/\/aquaforest.eu\/pt\/products\/pond\/midias-filtrantes\/carbon-2\/"]}]},{"@type":"ImageObject","inLanguage":"pt-PT","@id":"https:\/\/aquaforest.eu\/pt\/products\/pond\/midias-filtrantes\/carbon-2\/#primaryimage","url":"https:\/\/aquaforest.eu\/wp-content\/uploads\/2026\/03\/Carbon-5L-1.png","contentUrl":"https:\/\/aquaforest.eu\/wp-content\/uploads\/2026\/03\/Carbon-5L-1.png","width":2336,"height":2336},{"@type":"BreadcrumbList","@id":"https:\/\/aquaforest.eu\/pt\/products\/pond\/midias-filtrantes\/carbon-2\/#breadcrumb","itemListElement":[{"@type":"ListItem","position":1,"name":"Home","item":"https:\/\/aquaforest.eu\/pt\/"},{"@type":"ListItem","position":2,"name":"Produtos","item":"https:\/\/aquaforest.eu\/pt\/produtos\/"},{"@type":"ListItem","position":3,"name":"Carbon"}]},{"@type":"WebSite","@id":"https:\/\/aquaforest.eu\/pt\/#website","url":"https:\/\/aquaforest.eu\/pt\/","name":"Aquaforest","description":"","publisher":{"@id":"https:\/\/aquaforest.eu\/pt\/#organization"},"potentialAction":[{"@type":"SearchAction","target":{"@type":"EntryPoint","urlTemplate":"https:\/\/aquaforest.eu\/pt\/?s={search_term_string}"},"query-input":{"@type":"PropertyValueSpecification","valueRequired":true,"valueName":"search_term_string"}}],"inLanguage":"pt-PT"},{"@type":"Organization","@id":"https:\/\/aquaforest.eu\/pt\/#organization","name":"Aquaforest","url":"https:\/\/aquaforest.eu\/pt\/","logo":{"@type":"ImageObject","inLanguage":"pt-PT","@id":"https:\/\/aquaforest.eu\/pt\/#\/schema\/logo\/image\/","url":"https:\/\/aquaforest.eu\/wp-content\/uploads\/2024\/05\/logotyp-aquaforest.svg","contentUrl":"https:\/\/aquaforest.eu\/wp-content\/uploads\/2024\/05\/logotyp-aquaforest.svg","width":170,"height":22,"caption":"Aquaforest"},"image":{"@id":"https:\/\/aquaforest.eu\/pt\/#\/schema\/logo\/image\/"},"sameAs":["https:\/\/www.facebook.com\/Aquaforest\/","https:\/\/www.instagram.com\/aquaforest.eu\/"]}]}},"_links":{"self":[{"href":"https:\/\/aquaforest.eu\/pt\/wp-json\/wp\/v2\/product\/29513","targetHints":{"allow":["GET"]}}],"collection":[{"href":"https:\/\/aquaforest.eu\/pt\/wp-json\/wp\/v2\/product"}],"about":[{"href":"https:\/\/aquaforest.eu\/pt\/wp-json\/wp\/v2\/types\/product"}],"version-history":[{"count":2,"href":"https:\/\/aquaforest.eu\/pt\/wp-json\/wp\/v2\/product\/29513\/revisions"}],"predecessor-version":[{"id":30023,"href":"https:\/\/aquaforest.eu\/pt\/wp-json\/wp\/v2\/product\/29513\/revisions\/30023"}],"wp:featuredmedia":[{"embeddable":true,"href":"https:\/\/aquaforest.eu\/pt\/wp-json\/wp\/v2\/media\/29499"}],"wp:attachment":[{"href":"https:\/\/aquaforest.eu\/pt\/wp-json\/wp\/v2\/media?parent=29513"}],"wp:term":[{"taxonomy":"product_brand","embeddable":true,"href":"https:\/\/aquaforest.eu\/pt\/wp-json\/wp\/v2\/product_brand?post=29513"},{"taxonomy":"product_cat","embeddable":true,"href":"https:\/\/aquaforest.eu\/pt\/wp-json\/wp\/v2\/product_cat?post=29513"},{"taxonomy":"product_tag","embeddable":true,"href":"https:\/\/aquaforest.eu\/pt\/wp-json\/wp\/v2\/product_tag?post=29513"}],"curies":[{"name":"wp","href":"https:\/\/api.w.org\/{rel}","templated":true}]}}