{"id":29585,"date":"2026-03-30T13:47:58","date_gmt":"2026-03-30T11:47:58","guid":{"rendered":"https:\/\/aquaforest.eu\/?post_type=product&#038;p=29585"},"modified":"2026-03-31T15:28:11","modified_gmt":"2026-03-31T13:28:11","slug":"pond-booster","status":"publish","type":"product","link":"https:\/\/aquaforest.eu\/pt\/products\/pond\/parametros-da-agua\/pond-booster\/","title":{"rendered":"Pond Booster"},"content":{"rendered":"<div class=\"flex flex-col text-sm pb-25\">\n<section class=\"text-token-text-primary w-full focus:outline-none [--shadow-height:45px] has-data-writing-block:pointer-events-none has-data-writing-block:-mt-(--shadow-height) has-data-writing-block:pt-(--shadow-height) [&amp;:has([data-writing-block])&gt;*]:pointer-events-auto scroll-mt-[calc(var(--header-height)+min(200px,max(70px,20svh)))]\" dir=\"auto\" data-turn-id=\"request-69bbe053-be8c-8390-b6de-70d16efea0c5-10\" data-testid=\"conversation-turn-254\" data-scroll-anchor=\"true\" data-turn=\"assistant\">\n<div class=\"text-base my-auto mx-auto pb-10 [--thread-content-margin:var(--thread-content-margin-xs,calc(var(--spacing)*4))] @w-sm\/main:[--thread-content-margin:var(--thread-content-margin-sm,calc(var(--spacing)*6))] @w-lg\/main:[--thread-content-margin:var(--thread-content-margin-lg,calc(var(--spacing)*16))] px-(--thread-content-margin)\">\n<div class=\"[--thread-content-max-width:40rem] @w-lg\/main:[--thread-content-max-width:48rem] mx-auto max-w-(--thread-content-max-width) flex-1 group\/turn-messages focus-visible:outline-hidden relative flex w-full min-w-0 flex-col agent-turn\">\n<div class=\"flex max-w-full flex-col gap-4 grow\">\n<div class=\"min-h-8 text-message relative flex w-full flex-col items-end gap-2 text-start break-words whitespace-normal outline-none keyboard-focused:focus-ring [.text-message+&amp;]:mt-1\" dir=\"auto\" tabindex=\"0\" data-message-author-role=\"assistant\" data-message-id=\"89bb4ed5-b1c3-45c9-9cb3-58151d08db6d\" data-message-model-slug=\"gpt-5-3\" data-turn-start-message=\"true\">\n<div class=\"flex w-full flex-col gap-1 empty:hidden\">\n<div class=\"markdown prose dark:prose-invert w-full wrap-break-word light markdown-new-styling\">\n<p data-start=\"71\" data-end=\"217\"><strong data-start=\"71\" data-end=\"87\">Pond Booster<\/strong> \u00e9 um preparado mineral especializado criado para o suporte completo das plantas aqu\u00e1ticas em lagos ornamentais e lagos de jardim.<\/p>\n<p data-start=\"219\" data-end=\"376\">A f\u00f3rmula baseada em micro e macroelementos de f\u00e1cil assimila\u00e7\u00e3o rep\u00f5e eficazmente as defici\u00eancias nutricionais sem perturbar o equil\u00edbrio biol\u00f3gico do lago.<\/p>\n<p data-start=\"378\" data-end=\"610\">O produto cont\u00e9m, entre outros, pot\u00e1ssio, magn\u00e9sio, ferro, mangan\u00eas, zinco, cobre, boro, iodo, sel\u00e9nio, cobalto, molibd\u00e9nio, van\u00e1dio, fl\u00faor, l\u00edtio e n\u00edquel, que apoiam o crescimento adequado, a colora\u00e7\u00e3o e a sa\u00fade geral das plantas.<\/p>\n<p data-start=\"612\" data-end=\"774\">\u00c9 importante destacar que <strong data-start=\"638\" data-end=\"654\">Pond Booster<\/strong> n\u00e3o cont\u00e9m f\u00f3sforo nem azoto, pelo que n\u00e3o promove o crescimento excessivo de algas e ajuda a manter a \u00e1gua cristalina.<\/p>\n<h3 data-section-id=\"cxbi5c\" data-start=\"776\" data-end=\"811\">O que torna este produto \u00fanico?<\/h3>\n<p data-start=\"812\" data-end=\"1261\">\u2022 Apoia o crescimento saud\u00e1vel e vigoroso das plantas aqu\u00e1ticas, compensando defici\u00eancias minerais<br data-start=\"910\" data-end=\"913\" \/>\u2022 Melhora a colora\u00e7\u00e3o e a condi\u00e7\u00e3o geral das plantas<br data-start=\"965\" data-end=\"968\" \/>\u2022 Fortalece folhas e caules, reduzindo sintomas de defici\u00eancia e melhorando a resist\u00eancia das plantas<br data-start=\"1069\" data-end=\"1072\" \/>\u2022 Fornece micro e macroelementos em forma facilmente assimil\u00e1vel sem destabilizar o equil\u00edbrio biol\u00f3gico<br data-start=\"1176\" data-end=\"1179\" \/>\u2022 N\u00e3o cont\u00e9m f\u00f3sforo nem azoto, n\u00e3o estimulando o crescimento excessivo de algas<\/p>\n<h3 data-section-id=\"3837ir\" data-start=\"1263\" data-end=\"1285\">Modo de utiliza\u00e7\u00e3o<\/h3>\n<p data-start=\"1286\" data-end=\"1424\">Preparar uma solu\u00e7\u00e3o diluindo o produto em \u00e1gua na propor\u00e7\u00e3o <strong data-start=\"1347\" data-end=\"1355\">1:10<\/strong>. Em seguida, distribuir uniformemente por toda a superf\u00edcie do lago.<\/p>\n<p data-start=\"1426\" data-end=\"1674\">Ajustar a dosagem de acordo com as necessidades do lago ou com base na an\u00e1lise dos par\u00e2metros da \u00e1gua. Utilizar quando a temperatura da \u00e1gua for superior a <strong data-start=\"1582\" data-end=\"1590\">10\u00b0C<\/strong> e interromper a aplica\u00e7\u00e3o no outono quando a temperatura descer abaixo deste valor.<\/p>\n<h3 data-section-id=\"1k7j4q8\" data-start=\"1676\" data-end=\"1687\">Dosagem<\/h3>\n<p data-start=\"1688\" data-end=\"1721\">\u2022 <strong data-start=\"1690\" data-end=\"1721\">500 ml por 10.000 l de \u00e1gua<\/strong><\/p>\n<h3 data-section-id=\"1yvigo2\" data-start=\"1723\" data-end=\"1750\">Informa\u00e7\u00f5es importantes<\/h3>\n<p data-start=\"1751\" data-end=\"1878\" data-is-last-node=\"\" data-is-only-node=\"\">Produto destinado a lagos ornamentais. N\u00e3o ingerir. Manter fora do alcance das crian\u00e7as.<br data-start=\"1839\" data-end=\"1842\" \/>Armazenar longe da luz solar direta.<\/p>\n<\/div>\n<\/div>\n<\/div>\n<\/div>\n<div class=\"z-0 flex min-h-[46px] justify-start\"><\/div>\n<div class=\"mt-3 w-full empty:hidden\"><\/div>\n<\/div>\n<\/div>\n<\/section>\n<\/div>\n","protected":false},"excerpt":{"rendered":"<p data-start=\"0\" data-end=\"69\">Prepara\u00e7\u00e3o que apoia o crescimento saud\u00e1vel e a colora\u00e7\u00e3o das plantas aqu\u00e1ticas no lago ornamental.<\/p>\n<p data-start=\"71\" data-end=\"217\">\n","protected":false},"featured_media":29569,"template":"","meta":{"_acf_changed":false,"content-type":""},"product_brand":[],"product_cat":[2070,2050],"product_tag":[1658],"class_list":{"0":"post-29585","1":"product","2":"type-product","3":"status-publish","4":"has-post-thumbnail","6":"product_cat-parametros-da-agua","7":"product_cat-pond","8":"product_tag-variable-pt","10":"first","11":"instock","12":"taxable","13":"shipping-taxable","14":"purchasable","15":"product-type-variable"},"acf":[],"yoast_head":"<!-- This site is optimized with the Yoast SEO plugin v27.1.1 - https:\/\/yoast.com\/product\/yoast-seo-wordpress\/ -->\n<title>Pond Booster - Aquaforest<\/title>\n<meta name=\"robots\" content=\"index, follow, max-snippet:-1, max-image-preview:large, max-video-preview:-1\" \/>\n<link rel=\"canonical\" href=\"https:\/\/aquaforest.eu\/pt\/products\/pond\/parametros-da-agua\/pond-booster\/\" \/>\n<meta property=\"og:locale\" content=\"pt_PT\" \/>\n<meta property=\"og:type\" content=\"article\" \/>\n<meta property=\"og:title\" content=\"Pond Booster - Aquaforest\" \/>\n<meta property=\"og:description\" content=\"Prepara\u00e7\u00e3o que apoia o crescimento saud\u00e1vel e a colora\u00e7\u00e3o das plantas aqu\u00e1ticas no lago ornamental.\" \/>\n<meta property=\"og:url\" content=\"https:\/\/aquaforest.eu\/pt\/products\/pond\/parametros-da-agua\/pond-booster\/\" \/>\n<meta property=\"og:site_name\" content=\"Aquaforest\" \/>\n<meta property=\"article:publisher\" content=\"https:\/\/www.facebook.com\/Aquaforest\/\" \/>\n<meta property=\"article:modified_time\" content=\"2026-03-31T13:28:11+00:00\" \/>\n<meta property=\"og:image\" content=\"https:\/\/aquaforest.eu\/wp-content\/uploads\/2026\/03\/Pond-Booster-500ml-768x1024.png\" \/>\n\t<meta property=\"og:image:width\" content=\"768\" \/>\n\t<meta property=\"og:image:height\" content=\"1024\" \/>\n\t<meta property=\"og:image:type\" content=\"image\/png\" \/>\n<meta name=\"twitter:card\" content=\"summary_large_image\" \/>\n<meta name=\"twitter:label1\" content=\"Tempo estimado de leitura\" \/>\n\t<meta name=\"twitter:data1\" content=\"2 minutos\" \/>\n<script type=\"application\/ld+json\" class=\"yoast-schema-graph\">{\"@context\":\"https:\/\/schema.org\",\"@graph\":[{\"@type\":\"WebPage\",\"@id\":\"https:\/\/aquaforest.eu\/pt\/products\/pond\/parametros-da-agua\/pond-booster\/\",\"url\":\"https:\/\/aquaforest.eu\/pt\/products\/pond\/parametros-da-agua\/pond-booster\/\",\"name\":\"Pond Booster - Aquaforest\",\"isPartOf\":{\"@id\":\"https:\/\/aquaforest.eu\/pt\/#website\"},\"primaryImageOfPage\":{\"@id\":\"https:\/\/aquaforest.eu\/pt\/products\/pond\/parametros-da-agua\/pond-booster\/#primaryimage\"},\"image\":{\"@id\":\"https:\/\/aquaforest.eu\/pt\/products\/pond\/parametros-da-agua\/pond-booster\/#primaryimage\"},\"thumbnailUrl\":\"https:\/\/aquaforest.eu\/wp-content\/uploads\/2026\/03\/Pond-Booster-500ml-scaled.png\",\"datePublished\":\"2026-03-30T11:47:58+00:00\",\"dateModified\":\"2026-03-31T13:28:11+00:00\",\"breadcrumb\":{\"@id\":\"https:\/\/aquaforest.eu\/pt\/products\/pond\/parametros-da-agua\/pond-booster\/#breadcrumb\"},\"inLanguage\":\"pt-PT\",\"potentialAction\":[{\"@type\":\"ReadAction\",\"target\":[\"https:\/\/aquaforest.eu\/pt\/products\/pond\/parametros-da-agua\/pond-booster\/\"]}]},{\"@type\":\"ImageObject\",\"inLanguage\":\"pt-PT\",\"@id\":\"https:\/\/aquaforest.eu\/pt\/products\/pond\/parametros-da-agua\/pond-booster\/#primaryimage\",\"url\":\"https:\/\/aquaforest.eu\/wp-content\/uploads\/2026\/03\/Pond-Booster-500ml-scaled.png\",\"contentUrl\":\"https:\/\/aquaforest.eu\/wp-content\/uploads\/2026\/03\/Pond-Booster-500ml-scaled.png\",\"width\":1920,\"height\":2560},{\"@type\":\"BreadcrumbList\",\"@id\":\"https:\/\/aquaforest.eu\/pt\/products\/pond\/parametros-da-agua\/pond-booster\/#breadcrumb\",\"itemListElement\":[{\"@type\":\"ListItem\",\"position\":1,\"name\":\"Home\",\"item\":\"https:\/\/aquaforest.eu\/pt\/\"},{\"@type\":\"ListItem\",\"position\":2,\"name\":\"Produtos\",\"item\":\"https:\/\/aquaforest.eu\/pt\/produtos\/\"},{\"@type\":\"ListItem\",\"position\":3,\"name\":\"Pond Booster\"}]},{\"@type\":\"WebSite\",\"@id\":\"https:\/\/aquaforest.eu\/pt\/#website\",\"url\":\"https:\/\/aquaforest.eu\/pt\/\",\"name\":\"Aquaforest\",\"description\":\"\",\"publisher\":{\"@id\":\"https:\/\/aquaforest.eu\/pt\/#organization\"},\"potentialAction\":[{\"@type\":\"SearchAction\",\"target\":{\"@type\":\"EntryPoint\",\"urlTemplate\":\"https:\/\/aquaforest.eu\/pt\/?s={search_term_string}\"},\"query-input\":{\"@type\":\"PropertyValueSpecification\",\"valueRequired\":true,\"valueName\":\"search_term_string\"}}],\"inLanguage\":\"pt-PT\"},{\"@type\":\"Organization\",\"@id\":\"https:\/\/aquaforest.eu\/pt\/#organization\",\"name\":\"Aquaforest\",\"url\":\"https:\/\/aquaforest.eu\/pt\/\",\"logo\":{\"@type\":\"ImageObject\",\"inLanguage\":\"pt-PT\",\"@id\":\"https:\/\/aquaforest.eu\/pt\/#\/schema\/logo\/image\/\",\"url\":\"https:\/\/aquaforest.eu\/wp-content\/uploads\/2024\/05\/logotyp-aquaforest.svg\",\"contentUrl\":\"https:\/\/aquaforest.eu\/wp-content\/uploads\/2024\/05\/logotyp-aquaforest.svg\",\"width\":170,\"height\":22,\"caption\":\"Aquaforest\"},\"image\":{\"@id\":\"https:\/\/aquaforest.eu\/pt\/#\/schema\/logo\/image\/\"},\"sameAs\":[\"https:\/\/www.facebook.com\/Aquaforest\/\",\"https:\/\/www.instagram.com\/aquaforest.eu\/\"]}]}<\/script>\n<!-- \/ Yoast SEO plugin. -->","yoast_head_json":{"title":"Pond Booster - Aquaforest","robots":{"index":"index","follow":"follow","max-snippet":"max-snippet:-1","max-image-preview":"max-image-preview:large","max-video-preview":"max-video-preview:-1"},"canonical":"https:\/\/aquaforest.eu\/pt\/products\/pond\/parametros-da-agua\/pond-booster\/","og_locale":"pt_PT","og_type":"article","og_title":"Pond Booster - Aquaforest","og_description":"Prepara\u00e7\u00e3o que apoia o crescimento saud\u00e1vel e a colora\u00e7\u00e3o das plantas aqu\u00e1ticas no lago ornamental.","og_url":"https:\/\/aquaforest.eu\/pt\/products\/pond\/parametros-da-agua\/pond-booster\/","og_site_name":"Aquaforest","article_publisher":"https:\/\/www.facebook.com\/Aquaforest\/","article_modified_time":"2026-03-31T13:28:11+00:00","og_image":[{"width":768,"height":1024,"url":"https:\/\/aquaforest.eu\/wp-content\/uploads\/2026\/03\/Pond-Booster-500ml-768x1024.png","type":"image\/png"}],"twitter_card":"summary_large_image","twitter_misc":{"Tempo estimado de leitura":"2 minutos"},"schema":{"@context":"https:\/\/schema.org","@graph":[{"@type":"WebPage","@id":"https:\/\/aquaforest.eu\/pt\/products\/pond\/parametros-da-agua\/pond-booster\/","url":"https:\/\/aquaforest.eu\/pt\/products\/pond\/parametros-da-agua\/pond-booster\/","name":"Pond Booster - Aquaforest","isPartOf":{"@id":"https:\/\/aquaforest.eu\/pt\/#website"},"primaryImageOfPage":{"@id":"https:\/\/aquaforest.eu\/pt\/products\/pond\/parametros-da-agua\/pond-booster\/#primaryimage"},"image":{"@id":"https:\/\/aquaforest.eu\/pt\/products\/pond\/parametros-da-agua\/pond-booster\/#primaryimage"},"thumbnailUrl":"https:\/\/aquaforest.eu\/wp-content\/uploads\/2026\/03\/Pond-Booster-500ml-scaled.png","datePublished":"2026-03-30T11:47:58+00:00","dateModified":"2026-03-31T13:28:11+00:00","breadcrumb":{"@id":"https:\/\/aquaforest.eu\/pt\/products\/pond\/parametros-da-agua\/pond-booster\/#breadcrumb"},"inLanguage":"pt-PT","potentialAction":[{"@type":"ReadAction","target":["https:\/\/aquaforest.eu\/pt\/products\/pond\/parametros-da-agua\/pond-booster\/"]}]},{"@type":"ImageObject","inLanguage":"pt-PT","@id":"https:\/\/aquaforest.eu\/pt\/products\/pond\/parametros-da-agua\/pond-booster\/#primaryimage","url":"https:\/\/aquaforest.eu\/wp-content\/uploads\/2026\/03\/Pond-Booster-500ml-scaled.png","contentUrl":"https:\/\/aquaforest.eu\/wp-content\/uploads\/2026\/03\/Pond-Booster-500ml-scaled.png","width":1920,"height":2560},{"@type":"BreadcrumbList","@id":"https:\/\/aquaforest.eu\/pt\/products\/pond\/parametros-da-agua\/pond-booster\/#breadcrumb","itemListElement":[{"@type":"ListItem","position":1,"name":"Home","item":"https:\/\/aquaforest.eu\/pt\/"},{"@type":"ListItem","position":2,"name":"Produtos","item":"https:\/\/aquaforest.eu\/pt\/produtos\/"},{"@type":"ListItem","position":3,"name":"Pond Booster"}]},{"@type":"WebSite","@id":"https:\/\/aquaforest.eu\/pt\/#website","url":"https:\/\/aquaforest.eu\/pt\/","name":"Aquaforest","description":"","publisher":{"@id":"https:\/\/aquaforest.eu\/pt\/#organization"},"potentialAction":[{"@type":"SearchAction","target":{"@type":"EntryPoint","urlTemplate":"https:\/\/aquaforest.eu\/pt\/?s={search_term_string}"},"query-input":{"@type":"PropertyValueSpecification","valueRequired":true,"valueName":"search_term_string"}}],"inLanguage":"pt-PT"},{"@type":"Organization","@id":"https:\/\/aquaforest.eu\/pt\/#organization","name":"Aquaforest","url":"https:\/\/aquaforest.eu\/pt\/","logo":{"@type":"ImageObject","inLanguage":"pt-PT","@id":"https:\/\/aquaforest.eu\/pt\/#\/schema\/logo\/image\/","url":"https:\/\/aquaforest.eu\/wp-content\/uploads\/2024\/05\/logotyp-aquaforest.svg","contentUrl":"https:\/\/aquaforest.eu\/wp-content\/uploads\/2024\/05\/logotyp-aquaforest.svg","width":170,"height":22,"caption":"Aquaforest"},"image":{"@id":"https:\/\/aquaforest.eu\/pt\/#\/schema\/logo\/image\/"},"sameAs":["https:\/\/www.facebook.com\/Aquaforest\/","https:\/\/www.instagram.com\/aquaforest.eu\/"]}]}},"_links":{"self":[{"href":"https:\/\/aquaforest.eu\/pt\/wp-json\/wp\/v2\/product\/29585","targetHints":{"allow":["GET"]}}],"collection":[{"href":"https:\/\/aquaforest.eu\/pt\/wp-json\/wp\/v2\/product"}],"about":[{"href":"https:\/\/aquaforest.eu\/pt\/wp-json\/wp\/v2\/types\/product"}],"version-history":[{"count":2,"href":"https:\/\/aquaforest.eu\/pt\/wp-json\/wp\/v2\/product\/29585\/revisions"}],"predecessor-version":[{"id":30085,"href":"https:\/\/aquaforest.eu\/pt\/wp-json\/wp\/v2\/product\/29585\/revisions\/30085"}],"wp:featuredmedia":[{"embeddable":true,"href":"https:\/\/aquaforest.eu\/pt\/wp-json\/wp\/v2\/media\/29569"}],"wp:attachment":[{"href":"https:\/\/aquaforest.eu\/pt\/wp-json\/wp\/v2\/media?parent=29585"}],"wp:term":[{"taxonomy":"product_brand","embeddable":true,"href":"https:\/\/aquaforest.eu\/pt\/wp-json\/wp\/v2\/product_brand?post=29585"},{"taxonomy":"product_cat","embeddable":true,"href":"https:\/\/aquaforest.eu\/pt\/wp-json\/wp\/v2\/product_cat?post=29585"},{"taxonomy":"product_tag","embeddable":true,"href":"https:\/\/aquaforest.eu\/pt\/wp-json\/wp\/v2\/product_tag?post=29585"}],"curies":[{"name":"wp","href":"https:\/\/api.w.org\/{rel}","templated":true}]}}