{"id":29640,"date":"2026-03-30T14:32:53","date_gmt":"2026-03-30T12:32:53","guid":{"rendered":"https:\/\/aquaforest.eu\/?post_type=product&#038;p=29640"},"modified":"2026-03-31T14:36:42","modified_gmt":"2026-03-31T12:36:42","slug":"purify-pond","status":"publish","type":"product","link":"https:\/\/aquaforest.eu\/pt\/products\/pond\/solucoes-para-problemas\/purify-pond\/","title":{"rendered":"Purify Pond"},"content":{"rendered":"<p data-start=\"60\" data-end=\"322\">A doen\u00e7a dos pontos brancos \u00e9 uma das doen\u00e7as mais comuns em peixes de lago. O nosso preparado especializado foi desenvolvido para apoiar eficazmente os peixes no combate ao <strong data-start=\"234\" data-end=\"266\">Ichthyophthirius multifiliis<\/strong>, o parasita respons\u00e1vel pela doen\u00e7a dos pontos brancos.<\/p>\n<p data-start=\"324\" data-end=\"503\">O produto tamb\u00e9m \u00e9 ideal durante o per\u00edodo de recupera\u00e7\u00e3o ap\u00f3s infe\u00e7\u00f5es f\u00fangicas e outras infe\u00e7\u00f5es cut\u00e2neas, acelerando o processo de cicatriza\u00e7\u00e3o e apoiando o sistema imunit\u00e1rio.<\/p>\n<p data-start=\"505\" data-end=\"754\">Gra\u00e7as a compostos cuidadosamente selecionados, o preparado melhora o apetite dos peixes e apoia os seus mecanismos naturais de regenera\u00e7\u00e3o. A utiliza\u00e7\u00e3o regular ajuda a restaurar mais rapidamente a sa\u00fade, vitalidade e apar\u00eancia atrativa dos peixes.<\/p>\n<h3 data-section-id=\"cxbi5c\" data-start=\"756\" data-end=\"791\">O que torna este produto \u00fanico?<\/h3>\n<p data-start=\"792\" data-end=\"1284\">\u2022 Apoia os peixes no combate a infe\u00e7\u00f5es cut\u00e2neas, incluindo a doen\u00e7a dos pontos brancos<br data-start=\"879\" data-end=\"882\" \/>\u2022 Apoia a imunidade, regenera\u00e7\u00e3o e recupera\u00e7\u00e3o ap\u00f3s infe\u00e7\u00f5es bacterianas, f\u00fangicas e parasit\u00e1rias<br data-start=\"979\" data-end=\"982\" \/>\u2022 Melhora o apetite, vitalidade e condi\u00e7\u00e3o geral dos peixes<br data-start=\"1041\" data-end=\"1044\" \/>\u2022 Ajuda a reduzir o stress associado \u00e0 doen\u00e7a e recupera\u00e7\u00e3o<br data-start=\"1103\" data-end=\"1106\" \/>\u2022 Pode ser utilizado tanto em aqu\u00e1rio de quarentena como diretamente no lago, em pequenos e grandes sistemas<br data-start=\"1214\" data-end=\"1217\" \/>\u2022 Seguro para o ecossistema do lago quando utilizado corretamente<\/p>\n<h3 data-section-id=\"1k7j4q8\" data-start=\"1286\" data-end=\"1297\">Dosagem<\/h3>\n<p data-start=\"1298\" data-end=\"1462\">Se poss\u00edvel, recomendamos isolar os peixes doentes num aqu\u00e1rio de quarentena separado. Isto facilita o tratamento e evita a propaga\u00e7\u00e3o da doen\u00e7a para outros peixes.<\/p>\n<p data-start=\"1464\" data-end=\"1508\">\u2022 <strong data-start=\"1466\" data-end=\"1506\">Aqu\u00e1rio de quarentena (recomendado):<\/strong><\/p>\n<ul data-start=\"1509\" data-end=\"1694\">\n<li data-section-id=\"xa73re\" data-start=\"1509\" data-end=\"1550\">1 ml \/ 10 l de \u00e1gua durante 7\u201314 dias<\/li>\n<li data-section-id=\"1pe8okp\" data-start=\"1551\" data-end=\"1624\">Ap\u00f3s 3 dias, trocar 20% da \u00e1gua e complementar a dose \u2013 0,5 ml \/ 10 l<\/li>\n<li data-section-id=\"x842fv\" data-start=\"1625\" data-end=\"1657\">Repetir o ciclo mais 2 vezes<\/li>\n<li data-section-id=\"ayvext\" data-start=\"1658\" data-end=\"1694\">Temperatura recomendada: 27\u201330\u00b0C<\/li>\n<\/ul>\n<p data-start=\"1696\" data-end=\"1747\">\u2022 <strong data-start=\"1698\" data-end=\"1717\">Sem quarentena:<\/strong><br data-start=\"1717\" data-end=\"1720\" \/>500 ml \/ 10.000 l de \u00e1gua<\/p>\n<p data-start=\"1749\" data-end=\"1864\">Durante a utiliza\u00e7\u00e3o do produto, \u00e9 importante garantir uma boa aera\u00e7\u00e3o da \u00e1gua. N\u00e3o misturar com cloro ou oxig\u00e9nio.<\/p>\n<h3 data-section-id=\"1yvigo2\" data-start=\"1866\" data-end=\"1893\">Informa\u00e7\u00f5es importantes<\/h3>\n<p data-start=\"1894\" data-end=\"2060\" data-is-last-node=\"\" data-is-only-node=\"\">Produto destinado a lagos ornamentais. N\u00e3o ingerir. Armazenar em local fresco, fora do alcance das crian\u00e7as. Pode manchar decora\u00e7\u00f5es, cascalho e equipamentos do lago.<\/p>\n","protected":false},"excerpt":{"rendered":"<p>Prepara\u00e7\u00e3o que apoia os peixes no combate \u00e0 doen\u00e7a dos pontos brancos e infe\u00e7\u00f5es da pele.<\/p>\n","protected":false},"featured_media":29305,"template":"","meta":{"_acf_changed":false,"content-type":""},"product_brand":[],"product_cat":[2050,2066],"product_tag":[],"class_list":{"0":"post-29640","1":"product","2":"type-product","3":"status-publish","4":"has-post-thumbnail","6":"product_cat-pond","7":"product_cat-solucoes-para-problemas","9":"first","10":"instock","11":"taxable","12":"shipping-taxable","13":"purchasable","14":"product-type-variable"},"acf":[],"yoast_head":"<!-- This site is optimized with the Yoast SEO plugin v27.1.1 - https:\/\/yoast.com\/product\/yoast-seo-wordpress\/ -->\n<title>Purify Pond - Aquaforest<\/title>\n<meta name=\"robots\" content=\"index, follow, max-snippet:-1, max-image-preview:large, max-video-preview:-1\" \/>\n<link rel=\"canonical\" href=\"https:\/\/aquaforest.eu\/pt\/products\/pond\/solucoes-para-problemas\/purify-pond\/\" \/>\n<meta property=\"og:locale\" content=\"pt_PT\" \/>\n<meta property=\"og:type\" content=\"article\" \/>\n<meta property=\"og:title\" content=\"Purify Pond - Aquaforest\" \/>\n<meta property=\"og:description\" content=\"Prepara\u00e7\u00e3o que apoia os peixes no combate \u00e0 doen\u00e7a dos pontos brancos e infe\u00e7\u00f5es da pele.\" \/>\n<meta property=\"og:url\" content=\"https:\/\/aquaforest.eu\/pt\/products\/pond\/solucoes-para-problemas\/purify-pond\/\" \/>\n<meta property=\"og:site_name\" content=\"Aquaforest\" \/>\n<meta property=\"article:publisher\" content=\"https:\/\/www.facebook.com\/Aquaforest\/\" \/>\n<meta property=\"article:modified_time\" content=\"2026-03-31T12:36:42+00:00\" \/>\n<meta property=\"og:image\" content=\"https:\/\/aquaforest.eu\/wp-content\/uploads\/2026\/03\/Purify-Pond-500ml-scaled.png\" \/>\n\t<meta property=\"og:image:width\" content=\"1920\" \/>\n\t<meta property=\"og:image:height\" content=\"2560\" \/>\n\t<meta property=\"og:image:type\" content=\"image\/png\" \/>\n<meta name=\"twitter:card\" content=\"summary_large_image\" \/>\n<meta name=\"twitter:label1\" content=\"Tempo estimado de leitura\" \/>\n\t<meta name=\"twitter:data1\" content=\"2 minutos\" \/>\n<script type=\"application\/ld+json\" class=\"yoast-schema-graph\">{\"@context\":\"https:\/\/schema.org\",\"@graph\":[{\"@type\":\"WebPage\",\"@id\":\"https:\/\/aquaforest.eu\/pt\/products\/pond\/solucoes-para-problemas\/purify-pond\/\",\"url\":\"https:\/\/aquaforest.eu\/pt\/products\/pond\/solucoes-para-problemas\/purify-pond\/\",\"name\":\"Purify Pond - Aquaforest\",\"isPartOf\":{\"@id\":\"https:\/\/aquaforest.eu\/pt\/#website\"},\"primaryImageOfPage\":{\"@id\":\"https:\/\/aquaforest.eu\/pt\/products\/pond\/solucoes-para-problemas\/purify-pond\/#primaryimage\"},\"image\":{\"@id\":\"https:\/\/aquaforest.eu\/pt\/products\/pond\/solucoes-para-problemas\/purify-pond\/#primaryimage\"},\"thumbnailUrl\":\"https:\/\/aquaforest.eu\/wp-content\/uploads\/2026\/03\/Purify-Pond-500ml-scaled.png\",\"datePublished\":\"2026-03-30T12:32:53+00:00\",\"dateModified\":\"2026-03-31T12:36:42+00:00\",\"breadcrumb\":{\"@id\":\"https:\/\/aquaforest.eu\/pt\/products\/pond\/solucoes-para-problemas\/purify-pond\/#breadcrumb\"},\"inLanguage\":\"pt-PT\",\"potentialAction\":[{\"@type\":\"ReadAction\",\"target\":[\"https:\/\/aquaforest.eu\/pt\/products\/pond\/solucoes-para-problemas\/purify-pond\/\"]}]},{\"@type\":\"ImageObject\",\"inLanguage\":\"pt-PT\",\"@id\":\"https:\/\/aquaforest.eu\/pt\/products\/pond\/solucoes-para-problemas\/purify-pond\/#primaryimage\",\"url\":\"https:\/\/aquaforest.eu\/wp-content\/uploads\/2026\/03\/Purify-Pond-500ml-scaled.png\",\"contentUrl\":\"https:\/\/aquaforest.eu\/wp-content\/uploads\/2026\/03\/Purify-Pond-500ml-scaled.png\",\"width\":1920,\"height\":2560},{\"@type\":\"BreadcrumbList\",\"@id\":\"https:\/\/aquaforest.eu\/pt\/products\/pond\/solucoes-para-problemas\/purify-pond\/#breadcrumb\",\"itemListElement\":[{\"@type\":\"ListItem\",\"position\":1,\"name\":\"Home\",\"item\":\"https:\/\/aquaforest.eu\/pt\/\"},{\"@type\":\"ListItem\",\"position\":2,\"name\":\"Produtos\",\"item\":\"https:\/\/aquaforest.eu\/pt\/produtos\/\"},{\"@type\":\"ListItem\",\"position\":3,\"name\":\"Purify Pond\"}]},{\"@type\":\"WebSite\",\"@id\":\"https:\/\/aquaforest.eu\/pt\/#website\",\"url\":\"https:\/\/aquaforest.eu\/pt\/\",\"name\":\"Aquaforest\",\"description\":\"\",\"publisher\":{\"@id\":\"https:\/\/aquaforest.eu\/pt\/#organization\"},\"potentialAction\":[{\"@type\":\"SearchAction\",\"target\":{\"@type\":\"EntryPoint\",\"urlTemplate\":\"https:\/\/aquaforest.eu\/pt\/?s={search_term_string}\"},\"query-input\":{\"@type\":\"PropertyValueSpecification\",\"valueRequired\":true,\"valueName\":\"search_term_string\"}}],\"inLanguage\":\"pt-PT\"},{\"@type\":\"Organization\",\"@id\":\"https:\/\/aquaforest.eu\/pt\/#organization\",\"name\":\"Aquaforest\",\"url\":\"https:\/\/aquaforest.eu\/pt\/\",\"logo\":{\"@type\":\"ImageObject\",\"inLanguage\":\"pt-PT\",\"@id\":\"https:\/\/aquaforest.eu\/pt\/#\/schema\/logo\/image\/\",\"url\":\"https:\/\/aquaforest.eu\/wp-content\/uploads\/2024\/05\/logotyp-aquaforest.svg\",\"contentUrl\":\"https:\/\/aquaforest.eu\/wp-content\/uploads\/2024\/05\/logotyp-aquaforest.svg\",\"width\":170,\"height\":22,\"caption\":\"Aquaforest\"},\"image\":{\"@id\":\"https:\/\/aquaforest.eu\/pt\/#\/schema\/logo\/image\/\"},\"sameAs\":[\"https:\/\/www.facebook.com\/Aquaforest\/\",\"https:\/\/www.instagram.com\/aquaforest.eu\/\"]}]}<\/script>\n<!-- \/ Yoast SEO plugin. -->","yoast_head_json":{"title":"Purify Pond - Aquaforest","robots":{"index":"index","follow":"follow","max-snippet":"max-snippet:-1","max-image-preview":"max-image-preview:large","max-video-preview":"max-video-preview:-1"},"canonical":"https:\/\/aquaforest.eu\/pt\/products\/pond\/solucoes-para-problemas\/purify-pond\/","og_locale":"pt_PT","og_type":"article","og_title":"Purify Pond - Aquaforest","og_description":"Prepara\u00e7\u00e3o que apoia os peixes no combate \u00e0 doen\u00e7a dos pontos brancos e infe\u00e7\u00f5es da pele.","og_url":"https:\/\/aquaforest.eu\/pt\/products\/pond\/solucoes-para-problemas\/purify-pond\/","og_site_name":"Aquaforest","article_publisher":"https:\/\/www.facebook.com\/Aquaforest\/","article_modified_time":"2026-03-31T12:36:42+00:00","og_image":[{"width":1920,"height":2560,"url":"https:\/\/aquaforest.eu\/wp-content\/uploads\/2026\/03\/Purify-Pond-500ml-scaled.png","type":"image\/png"}],"twitter_card":"summary_large_image","twitter_misc":{"Tempo estimado de leitura":"2 minutos"},"schema":{"@context":"https:\/\/schema.org","@graph":[{"@type":"WebPage","@id":"https:\/\/aquaforest.eu\/pt\/products\/pond\/solucoes-para-problemas\/purify-pond\/","url":"https:\/\/aquaforest.eu\/pt\/products\/pond\/solucoes-para-problemas\/purify-pond\/","name":"Purify Pond - Aquaforest","isPartOf":{"@id":"https:\/\/aquaforest.eu\/pt\/#website"},"primaryImageOfPage":{"@id":"https:\/\/aquaforest.eu\/pt\/products\/pond\/solucoes-para-problemas\/purify-pond\/#primaryimage"},"image":{"@id":"https:\/\/aquaforest.eu\/pt\/products\/pond\/solucoes-para-problemas\/purify-pond\/#primaryimage"},"thumbnailUrl":"https:\/\/aquaforest.eu\/wp-content\/uploads\/2026\/03\/Purify-Pond-500ml-scaled.png","datePublished":"2026-03-30T12:32:53+00:00","dateModified":"2026-03-31T12:36:42+00:00","breadcrumb":{"@id":"https:\/\/aquaforest.eu\/pt\/products\/pond\/solucoes-para-problemas\/purify-pond\/#breadcrumb"},"inLanguage":"pt-PT","potentialAction":[{"@type":"ReadAction","target":["https:\/\/aquaforest.eu\/pt\/products\/pond\/solucoes-para-problemas\/purify-pond\/"]}]},{"@type":"ImageObject","inLanguage":"pt-PT","@id":"https:\/\/aquaforest.eu\/pt\/products\/pond\/solucoes-para-problemas\/purify-pond\/#primaryimage","url":"https:\/\/aquaforest.eu\/wp-content\/uploads\/2026\/03\/Purify-Pond-500ml-scaled.png","contentUrl":"https:\/\/aquaforest.eu\/wp-content\/uploads\/2026\/03\/Purify-Pond-500ml-scaled.png","width":1920,"height":2560},{"@type":"BreadcrumbList","@id":"https:\/\/aquaforest.eu\/pt\/products\/pond\/solucoes-para-problemas\/purify-pond\/#breadcrumb","itemListElement":[{"@type":"ListItem","position":1,"name":"Home","item":"https:\/\/aquaforest.eu\/pt\/"},{"@type":"ListItem","position":2,"name":"Produtos","item":"https:\/\/aquaforest.eu\/pt\/produtos\/"},{"@type":"ListItem","position":3,"name":"Purify Pond"}]},{"@type":"WebSite","@id":"https:\/\/aquaforest.eu\/pt\/#website","url":"https:\/\/aquaforest.eu\/pt\/","name":"Aquaforest","description":"","publisher":{"@id":"https:\/\/aquaforest.eu\/pt\/#organization"},"potentialAction":[{"@type":"SearchAction","target":{"@type":"EntryPoint","urlTemplate":"https:\/\/aquaforest.eu\/pt\/?s={search_term_string}"},"query-input":{"@type":"PropertyValueSpecification","valueRequired":true,"valueName":"search_term_string"}}],"inLanguage":"pt-PT"},{"@type":"Organization","@id":"https:\/\/aquaforest.eu\/pt\/#organization","name":"Aquaforest","url":"https:\/\/aquaforest.eu\/pt\/","logo":{"@type":"ImageObject","inLanguage":"pt-PT","@id":"https:\/\/aquaforest.eu\/pt\/#\/schema\/logo\/image\/","url":"https:\/\/aquaforest.eu\/wp-content\/uploads\/2024\/05\/logotyp-aquaforest.svg","contentUrl":"https:\/\/aquaforest.eu\/wp-content\/uploads\/2024\/05\/logotyp-aquaforest.svg","width":170,"height":22,"caption":"Aquaforest"},"image":{"@id":"https:\/\/aquaforest.eu\/pt\/#\/schema\/logo\/image\/"},"sameAs":["https:\/\/www.facebook.com\/Aquaforest\/","https:\/\/www.instagram.com\/aquaforest.eu\/"]}]}},"_links":{"self":[{"href":"https:\/\/aquaforest.eu\/pt\/wp-json\/wp\/v2\/product\/29640","targetHints":{"allow":["GET"]}}],"collection":[{"href":"https:\/\/aquaforest.eu\/pt\/wp-json\/wp\/v2\/product"}],"about":[{"href":"https:\/\/aquaforest.eu\/pt\/wp-json\/wp\/v2\/types\/product"}],"version-history":[{"count":4,"href":"https:\/\/aquaforest.eu\/pt\/wp-json\/wp\/v2\/product\/29640\/revisions"}],"predecessor-version":[{"id":30038,"href":"https:\/\/aquaforest.eu\/pt\/wp-json\/wp\/v2\/product\/29640\/revisions\/30038"}],"wp:featuredmedia":[{"embeddable":true,"href":"https:\/\/aquaforest.eu\/pt\/wp-json\/wp\/v2\/media\/29305"}],"wp:attachment":[{"href":"https:\/\/aquaforest.eu\/pt\/wp-json\/wp\/v2\/media?parent=29640"}],"wp:term":[{"taxonomy":"product_brand","embeddable":true,"href":"https:\/\/aquaforest.eu\/pt\/wp-json\/wp\/v2\/product_brand?post=29640"},{"taxonomy":"product_cat","embeddable":true,"href":"https:\/\/aquaforest.eu\/pt\/wp-json\/wp\/v2\/product_cat?post=29640"},{"taxonomy":"product_tag","embeddable":true,"href":"https:\/\/aquaforest.eu\/pt\/wp-json\/wp\/v2\/product_tag?post=29640"}],"curies":[{"name":"wp","href":"https:\/\/api.w.org\/{rel}","templated":true}]}}