{"id":30569,"date":"2026-04-23T15:52:56","date_gmt":"2026-04-23T13:52:56","guid":{"rendered":"https:\/\/aquaforest.eu\/?post_type=product&#038;p=30569"},"modified":"2026-04-24T11:51:50","modified_gmt":"2026-04-24T09:51:50","slug":"reference-solution","status":"publish","type":"product","link":"https:\/\/aquaforest.eu\/pt\/products\/seawater-pt\/reference-solution\/","title":{"rendered":"Reference Solution"},"content":{"rendered":"<p>AF Reference Solution \u00e9 uma solu\u00e7\u00e3o padr\u00e3o profissional que permite a calibra\u00e7\u00e3o confi\u00e1vel de dispositivos de medi\u00e7\u00e3o e a verifica\u00e7\u00e3o da precis\u00e3o de testes de gotas. Gra\u00e7as aos valores de par\u00e2metros cuidadosamente selecionados, o produto \u00e9 uma ferramenta essencial no controle da qualidade da \u00e1gua.<\/p>\n<p><strong>Por que usar o AF Reference Solution?<\/strong><\/p>\n<ul>\n<li>Permite verificar a precis\u00e3o de testes de gotas caseiros (KH, Ca, Mg, K, Sr).<\/li>\n<li>Possibilita a calibra\u00e7\u00e3o e verifica\u00e7\u00e3o do desempenho de dispositivos de medi\u00e7\u00e3o.<\/li>\n<li>Ajuda a identificar se os problemas s\u00e3o causados pelos par\u00e2metros da \u00e1gua ou pelos equipamentos de medi\u00e7\u00e3o.<\/li>\n<li>Aumenta a confian\u00e7a na tomada de decis\u00f5es sobre o cuidado do aqu\u00e1rio marinho.<\/li>\n<\/ul>\n<p><strong>Modo de uso<\/strong><br \/>\nFeche sempre bem o frasco ap\u00f3s o uso. N\u00e3o deixe o recipiente aberto por mais tempo do que o necess\u00e1rio. Armazene o produto em local sombreado, a uma temperatura n\u00e3o superior a 25 \u00b0C. A evapora\u00e7\u00e3o afeta os par\u00e2metros; use a solu\u00e7\u00e3o dentro de 3 meses ap\u00f3s a abertura.<\/p>\n<p><strong data-start=\"0\" data-end=\"28\" data-is-only-node=\"\">Par\u00e2metros de refer\u00eancia<\/strong><\/p>\n<ul>\n<li>Salinidade: 35 ppt<\/li>\n<li>KH: 7,3 dKH<\/li>\n<li>Ca: 425 mg\/l<\/li>\n<li>Mg: 1310 mg\/l<\/li>\n<li>K: 400 mg\/l<\/li>\n<li>Sr: 8 mg\/l<\/li>\n<\/ul>\n","protected":false},"excerpt":{"rendered":"<p>Uma solu\u00e7\u00e3o de refer\u00eancia profissional para a calibra\u00e7\u00e3o de equipamentos e verifica\u00e7\u00e3o da precis\u00e3o de testes por gotejamento.<\/p>\n","protected":false},"featured_media":30560,"template":"","meta":{"_acf_changed":false,"content-type":""},"product_brand":[],"product_cat":[1654],"product_tag":[],"class_list":{"0":"post-30569","1":"product","2":"type-product","3":"status-publish","4":"has-post-thumbnail","6":"product_cat-seawater-pt","8":"first","9":"instock","10":"taxable","11":"shipping-taxable","12":"purchasable","13":"product-type-variable"},"acf":[],"yoast_head":"<!-- This site is optimized with the Yoast SEO plugin v27.1.1 - https:\/\/yoast.com\/product\/yoast-seo-wordpress\/ -->\n<title>Reference Solution - Aquaforest<\/title>\n<meta name=\"robots\" content=\"index, follow, max-snippet:-1, max-image-preview:large, max-video-preview:-1\" \/>\n<link rel=\"canonical\" href=\"https:\/\/aquaforest.eu\/pt\/products\/seawater-pt\/reference-solution\/\" \/>\n<meta property=\"og:locale\" content=\"pt_PT\" \/>\n<meta property=\"og:type\" content=\"article\" \/>\n<meta property=\"og:title\" content=\"Reference Solution - Aquaforest\" \/>\n<meta property=\"og:description\" content=\"Uma solu\u00e7\u00e3o de refer\u00eancia profissional para a calibra\u00e7\u00e3o de equipamentos e verifica\u00e7\u00e3o da precis\u00e3o de testes por gotejamento.\" \/>\n<meta property=\"og:url\" content=\"https:\/\/aquaforest.eu\/pt\/products\/seawater-pt\/reference-solution\/\" \/>\n<meta property=\"og:site_name\" content=\"Aquaforest\" \/>\n<meta property=\"article:publisher\" content=\"https:\/\/www.facebook.com\/Aquaforest\/\" \/>\n<meta property=\"article:modified_time\" content=\"2026-04-24T09:51:50+00:00\" \/>\n<meta property=\"og:image\" content=\"https:\/\/aquaforest.eu\/wp-content\/uploads\/2026\/04\/AF-Reference-Solution-scaled.png\" \/>\n\t<meta property=\"og:image:width\" content=\"2560\" \/>\n\t<meta property=\"og:image:height\" content=\"2560\" \/>\n\t<meta property=\"og:image:type\" content=\"image\/png\" \/>\n<meta name=\"twitter:card\" content=\"summary_large_image\" \/>\n<meta name=\"twitter:label1\" content=\"Tempo estimado de leitura\" \/>\n\t<meta name=\"twitter:data1\" content=\"1 minuto\" \/>\n<script type=\"application\/ld+json\" class=\"yoast-schema-graph\">{\"@context\":\"https:\/\/schema.org\",\"@graph\":[{\"@type\":\"WebPage\",\"@id\":\"https:\/\/aquaforest.eu\/pt\/products\/seawater-pt\/reference-solution\/\",\"url\":\"https:\/\/aquaforest.eu\/pt\/products\/seawater-pt\/reference-solution\/\",\"name\":\"Reference Solution - Aquaforest\",\"isPartOf\":{\"@id\":\"https:\/\/aquaforest.eu\/pt\/#website\"},\"primaryImageOfPage\":{\"@id\":\"https:\/\/aquaforest.eu\/pt\/products\/seawater-pt\/reference-solution\/#primaryimage\"},\"image\":{\"@id\":\"https:\/\/aquaforest.eu\/pt\/products\/seawater-pt\/reference-solution\/#primaryimage\"},\"thumbnailUrl\":\"https:\/\/aquaforest.eu\/wp-content\/uploads\/2026\/04\/AF-Reference-Solution-scaled.png\",\"datePublished\":\"2026-04-23T13:52:56+00:00\",\"dateModified\":\"2026-04-24T09:51:50+00:00\",\"breadcrumb\":{\"@id\":\"https:\/\/aquaforest.eu\/pt\/products\/seawater-pt\/reference-solution\/#breadcrumb\"},\"inLanguage\":\"pt-PT\",\"potentialAction\":[{\"@type\":\"ReadAction\",\"target\":[\"https:\/\/aquaforest.eu\/pt\/products\/seawater-pt\/reference-solution\/\"]}]},{\"@type\":\"ImageObject\",\"inLanguage\":\"pt-PT\",\"@id\":\"https:\/\/aquaforest.eu\/pt\/products\/seawater-pt\/reference-solution\/#primaryimage\",\"url\":\"https:\/\/aquaforest.eu\/wp-content\/uploads\/2026\/04\/AF-Reference-Solution-scaled.png\",\"contentUrl\":\"https:\/\/aquaforest.eu\/wp-content\/uploads\/2026\/04\/AF-Reference-Solution-scaled.png\",\"width\":2560,\"height\":2560},{\"@type\":\"BreadcrumbList\",\"@id\":\"https:\/\/aquaforest.eu\/pt\/products\/seawater-pt\/reference-solution\/#breadcrumb\",\"itemListElement\":[{\"@type\":\"ListItem\",\"position\":1,\"name\":\"Home\",\"item\":\"https:\/\/aquaforest.eu\/pt\/\"},{\"@type\":\"ListItem\",\"position\":2,\"name\":\"Produtos\",\"item\":\"https:\/\/aquaforest.eu\/pt\/produtos\/\"},{\"@type\":\"ListItem\",\"position\":3,\"name\":\"Reference Solution\"}]},{\"@type\":\"WebSite\",\"@id\":\"https:\/\/aquaforest.eu\/pt\/#website\",\"url\":\"https:\/\/aquaforest.eu\/pt\/\",\"name\":\"Aquaforest\",\"description\":\"\",\"publisher\":{\"@id\":\"https:\/\/aquaforest.eu\/pt\/#organization\"},\"potentialAction\":[{\"@type\":\"SearchAction\",\"target\":{\"@type\":\"EntryPoint\",\"urlTemplate\":\"https:\/\/aquaforest.eu\/pt\/?s={search_term_string}\"},\"query-input\":{\"@type\":\"PropertyValueSpecification\",\"valueRequired\":true,\"valueName\":\"search_term_string\"}}],\"inLanguage\":\"pt-PT\"},{\"@type\":\"Organization\",\"@id\":\"https:\/\/aquaforest.eu\/pt\/#organization\",\"name\":\"Aquaforest\",\"url\":\"https:\/\/aquaforest.eu\/pt\/\",\"logo\":{\"@type\":\"ImageObject\",\"inLanguage\":\"pt-PT\",\"@id\":\"https:\/\/aquaforest.eu\/pt\/#\/schema\/logo\/image\/\",\"url\":\"https:\/\/aquaforest.eu\/wp-content\/uploads\/2024\/05\/logotyp-aquaforest.svg\",\"contentUrl\":\"https:\/\/aquaforest.eu\/wp-content\/uploads\/2024\/05\/logotyp-aquaforest.svg\",\"width\":170,\"height\":22,\"caption\":\"Aquaforest\"},\"image\":{\"@id\":\"https:\/\/aquaforest.eu\/pt\/#\/schema\/logo\/image\/\"},\"sameAs\":[\"https:\/\/www.facebook.com\/Aquaforest\/\",\"https:\/\/www.instagram.com\/aquaforest.eu\/\"]}]}<\/script>\n<!-- \/ Yoast SEO plugin. -->","yoast_head_json":{"title":"Reference Solution - Aquaforest","robots":{"index":"index","follow":"follow","max-snippet":"max-snippet:-1","max-image-preview":"max-image-preview:large","max-video-preview":"max-video-preview:-1"},"canonical":"https:\/\/aquaforest.eu\/pt\/products\/seawater-pt\/reference-solution\/","og_locale":"pt_PT","og_type":"article","og_title":"Reference Solution - Aquaforest","og_description":"Uma solu\u00e7\u00e3o de refer\u00eancia profissional para a calibra\u00e7\u00e3o de equipamentos e verifica\u00e7\u00e3o da precis\u00e3o de testes por gotejamento.","og_url":"https:\/\/aquaforest.eu\/pt\/products\/seawater-pt\/reference-solution\/","og_site_name":"Aquaforest","article_publisher":"https:\/\/www.facebook.com\/Aquaforest\/","article_modified_time":"2026-04-24T09:51:50+00:00","og_image":[{"width":2560,"height":2560,"url":"https:\/\/aquaforest.eu\/wp-content\/uploads\/2026\/04\/AF-Reference-Solution-scaled.png","type":"image\/png"}],"twitter_card":"summary_large_image","twitter_misc":{"Tempo estimado de leitura":"1 minuto"},"schema":{"@context":"https:\/\/schema.org","@graph":[{"@type":"WebPage","@id":"https:\/\/aquaforest.eu\/pt\/products\/seawater-pt\/reference-solution\/","url":"https:\/\/aquaforest.eu\/pt\/products\/seawater-pt\/reference-solution\/","name":"Reference Solution - Aquaforest","isPartOf":{"@id":"https:\/\/aquaforest.eu\/pt\/#website"},"primaryImageOfPage":{"@id":"https:\/\/aquaforest.eu\/pt\/products\/seawater-pt\/reference-solution\/#primaryimage"},"image":{"@id":"https:\/\/aquaforest.eu\/pt\/products\/seawater-pt\/reference-solution\/#primaryimage"},"thumbnailUrl":"https:\/\/aquaforest.eu\/wp-content\/uploads\/2026\/04\/AF-Reference-Solution-scaled.png","datePublished":"2026-04-23T13:52:56+00:00","dateModified":"2026-04-24T09:51:50+00:00","breadcrumb":{"@id":"https:\/\/aquaforest.eu\/pt\/products\/seawater-pt\/reference-solution\/#breadcrumb"},"inLanguage":"pt-PT","potentialAction":[{"@type":"ReadAction","target":["https:\/\/aquaforest.eu\/pt\/products\/seawater-pt\/reference-solution\/"]}]},{"@type":"ImageObject","inLanguage":"pt-PT","@id":"https:\/\/aquaforest.eu\/pt\/products\/seawater-pt\/reference-solution\/#primaryimage","url":"https:\/\/aquaforest.eu\/wp-content\/uploads\/2026\/04\/AF-Reference-Solution-scaled.png","contentUrl":"https:\/\/aquaforest.eu\/wp-content\/uploads\/2026\/04\/AF-Reference-Solution-scaled.png","width":2560,"height":2560},{"@type":"BreadcrumbList","@id":"https:\/\/aquaforest.eu\/pt\/products\/seawater-pt\/reference-solution\/#breadcrumb","itemListElement":[{"@type":"ListItem","position":1,"name":"Home","item":"https:\/\/aquaforest.eu\/pt\/"},{"@type":"ListItem","position":2,"name":"Produtos","item":"https:\/\/aquaforest.eu\/pt\/produtos\/"},{"@type":"ListItem","position":3,"name":"Reference Solution"}]},{"@type":"WebSite","@id":"https:\/\/aquaforest.eu\/pt\/#website","url":"https:\/\/aquaforest.eu\/pt\/","name":"Aquaforest","description":"","publisher":{"@id":"https:\/\/aquaforest.eu\/pt\/#organization"},"potentialAction":[{"@type":"SearchAction","target":{"@type":"EntryPoint","urlTemplate":"https:\/\/aquaforest.eu\/pt\/?s={search_term_string}"},"query-input":{"@type":"PropertyValueSpecification","valueRequired":true,"valueName":"search_term_string"}}],"inLanguage":"pt-PT"},{"@type":"Organization","@id":"https:\/\/aquaforest.eu\/pt\/#organization","name":"Aquaforest","url":"https:\/\/aquaforest.eu\/pt\/","logo":{"@type":"ImageObject","inLanguage":"pt-PT","@id":"https:\/\/aquaforest.eu\/pt\/#\/schema\/logo\/image\/","url":"https:\/\/aquaforest.eu\/wp-content\/uploads\/2024\/05\/logotyp-aquaforest.svg","contentUrl":"https:\/\/aquaforest.eu\/wp-content\/uploads\/2024\/05\/logotyp-aquaforest.svg","width":170,"height":22,"caption":"Aquaforest"},"image":{"@id":"https:\/\/aquaforest.eu\/pt\/#\/schema\/logo\/image\/"},"sameAs":["https:\/\/www.facebook.com\/Aquaforest\/","https:\/\/www.instagram.com\/aquaforest.eu\/"]}]}},"_links":{"self":[{"href":"https:\/\/aquaforest.eu\/pt\/wp-json\/wp\/v2\/product\/30569","targetHints":{"allow":["GET"]}}],"collection":[{"href":"https:\/\/aquaforest.eu\/pt\/wp-json\/wp\/v2\/product"}],"about":[{"href":"https:\/\/aquaforest.eu\/pt\/wp-json\/wp\/v2\/types\/product"}],"version-history":[{"count":3,"href":"https:\/\/aquaforest.eu\/pt\/wp-json\/wp\/v2\/product\/30569\/revisions"}],"predecessor-version":[{"id":30710,"href":"https:\/\/aquaforest.eu\/pt\/wp-json\/wp\/v2\/product\/30569\/revisions\/30710"}],"wp:featuredmedia":[{"embeddable":true,"href":"https:\/\/aquaforest.eu\/pt\/wp-json\/wp\/v2\/media\/30560"}],"wp:attachment":[{"href":"https:\/\/aquaforest.eu\/pt\/wp-json\/wp\/v2\/media?parent=30569"}],"wp:term":[{"taxonomy":"product_brand","embeddable":true,"href":"https:\/\/aquaforest.eu\/pt\/wp-json\/wp\/v2\/product_brand?post=30569"},{"taxonomy":"product_cat","embeddable":true,"href":"https:\/\/aquaforest.eu\/pt\/wp-json\/wp\/v2\/product_cat?post=30569"},{"taxonomy":"product_tag","embeddable":true,"href":"https:\/\/aquaforest.eu\/pt\/wp-json\/wp\/v2\/product_tag?post=30569"}],"curies":[{"name":"wp","href":"https:\/\/api.w.org\/{rel}","templated":true}]}}