{"id":30595,"date":"2026-04-23T15:59:39","date_gmt":"2026-04-23T13:59:39","guid":{"rendered":"https:\/\/aquaforest.eu\/?post_type=product&#038;p=30595"},"modified":"2026-04-24T11:31:46","modified_gmt":"2026-04-24T09:31:46","slug":"reeflow-4500","status":"publish","type":"product","link":"https:\/\/aquaforest.eu\/pt\/products\/seawater-pt\/aquarium-equipment\/reeflow-4500\/","title":{"rendered":"Reeflow 4500"},"content":{"rendered":"<h1 data-start=\"91\" data-end=\"401\"><strong>Reeflow 4500 \u2013 bomba de recircula\u00e7\u00e3o energeticamente eficiente com controle inteligente<\/strong><\/h1>\n<p data-start=\"91\" data-end=\"401\">A Reeflow 4500 \u00e9 uma bomba de nova gera\u00e7\u00e3o desenvolvida para aquaristas exigentes que procuram fiabilidade, funcionamento silencioso e flexibilidade. Combina alto desempenho com efici\u00eancia energ\u00e9tica, oferecendo um fluxo de \u00e1gua impressionante com consumo de energia muito reduzido e opera\u00e7\u00e3o ultra silenciosa.<\/p>\n<p data-start=\"403\" data-end=\"787\">A Reeflow 4500 permite a substitui\u00e7\u00e3o do rotor padr\u00e3o por um rotor de agulhas. Em combina\u00e7\u00e3o com o nosso conector Venturi patenteado, a bomba pode aspirar mais de 30% de ar em compara\u00e7\u00e3o com outras bombas da mesma pot\u00eancia. Gra\u00e7as a isso, a Reeflow 4500 pode funcionar tanto como bomba de circula\u00e7\u00e3o quanto como bomba para escumador de prote\u00ednas \u2013 um \u00fanico investimento, duas fun\u00e7\u00f5es.<\/p>\n<h2 data-start=\"789\" data-end=\"859\"><strong data-start=\"789\" data-end=\"859\">Controlador inteligente \u2013 controlo total do funcionamento da bomba<\/strong><\/h2>\n<p data-start=\"861\" data-end=\"961\">O controlador integrado \u00e9 o cora\u00e7\u00e3o do sistema Reeflow 4500, garantindo m\u00e1ximo conforto e seguran\u00e7a:<\/p>\n<ul data-start=\"963\" data-end=\"1766\">\n<li data-section-id=\"11hmo1e\" data-start=\"963\" data-end=\"1110\">Ajuste preciso do fluxo de 0\u2013100% em incrementos de 1% \u2013 permite adaptar a circula\u00e7\u00e3o da \u00e1gua a qualquer aqu\u00e1rio, seja marinho ou de \u00e1gua doce.<\/li>\n<li data-section-id=\"11v85l6\" data-start=\"1111\" data-end=\"1233\">Ecr\u00e3 claro \u2013 apresenta os par\u00e2metros de funcionamento em tempo real, permitindo detetar rapidamente quaisquer desvios.<\/li>\n<li data-section-id=\"1871les\" data-start=\"1234\" data-end=\"1421\">Modo de alimenta\u00e7\u00e3o \u2013 com um bot\u00e3o, o fluxo pode ser temporariamente reduzido ou interrompido para evitar a perda de alimento; a bomba retoma automaticamente as defini\u00e7\u00f5es anteriores.<\/li>\n<li data-section-id=\"1j8g8j1\" data-start=\"1422\" data-end=\"1621\">Seguran\u00e7a do sistema \u2013 possibilidade de liga\u00e7\u00e3o de sensores de n\u00edvel para evitar funcionamento a seco e transbordo da sump; sistemas de prote\u00e7\u00e3o integrados previnem sobreaquecimento e sobrecarga.<\/li>\n<li data-section-id=\"1hqhzvp\" data-start=\"1622\" data-end=\"1766\">Automa\u00e7\u00e3o e tranquilidade \u2013 mant\u00e9m condi\u00e7\u00f5es est\u00e1veis no aqu\u00e1rio sem necessidade de monitoriza\u00e7\u00e3o di\u00e1ria, mesmo durante aus\u00eancias prolongadas.<\/li>\n<\/ul>\n<h2 data-start=\"1768\" data-end=\"1799\"><strong data-start=\"1768\" data-end=\"1799\">Benef\u00edcios para aquaristas:<\/strong><\/h2>\n<ul data-start=\"1801\" data-end=\"2126\">\n<li data-section-id=\"1vgrxvg\" data-start=\"1801\" data-end=\"1863\">Redu\u00e7\u00e3o dos custos de energia gra\u00e7as \u00e0 elevada efici\u00eancia.<\/li>\n<li data-section-id=\"16ft71p\" data-start=\"1864\" data-end=\"1937\">Condi\u00e7\u00f5es est\u00e1veis e seguras que promovem a sa\u00fade de corais e peixes.<\/li>\n<li data-section-id=\"1mjzdv2\" data-start=\"1938\" data-end=\"1996\">F\u00e1cil expans\u00e3o e adapta\u00e7\u00e3o \u00e0s necessidades do aqu\u00e1rio.<\/li>\n<li data-section-id=\"6adfpf\" data-start=\"1997\" data-end=\"2064\">Funcionamento silencioso que n\u00e3o perturba o ambiente dom\u00e9stico.<\/li>\n<li data-section-id=\"3sa6ru\" data-start=\"2065\" data-end=\"2126\">Manuten\u00e7\u00e3o r\u00e1pida e simples sem necessidade de ferramentas.<\/li>\n<\/ul>\n<h2 data-start=\"2128\" data-end=\"2156\"><strong data-start=\"2128\" data-end=\"2156\">Especifica\u00e7\u00f5es t\u00e9cnicas:<\/strong><\/h2>\n<ul data-start=\"2158\" data-end=\"2334\" data-is-last-node=\"\" data-is-only-node=\"\">\n<li data-section-id=\"1sanzp0\" data-start=\"2158\" data-end=\"2185\">Tens\u00e3o: 24 V DC, 2,75 A<\/li>\n<li data-section-id=\"gvgr32\" data-start=\"2186\" data-end=\"2224\">Caudal: at\u00e9 4500 l\/h (1190 US gal)<\/li>\n<li data-section-id=\"1f8qkv1\" data-start=\"2225\" data-end=\"2249\">Altura m\u00e1xima: 4,4 m<\/li>\n<li data-section-id=\"1rp5tzr\" data-start=\"2250\" data-end=\"2278\">Consumo de energia: 53 W<\/li>\n<li data-section-id=\"1ro70ix\" data-start=\"2279\" data-end=\"2303\">Entrada\/Sa\u00edda: 25 mm<\/li>\n<li data-section-id=\"xe7gi5\" data-start=\"2304\" data-end=\"2334\" data-is-last-node=\"\">Dimens\u00f5es: 180 \u00d7 95 \u00d7 155 mm<\/li>\n<\/ul>\n","protected":false},"excerpt":{"rendered":"<p>Uma bomba de aqu\u00e1rio avan\u00e7ada e energeticamente eficiente, com controlo inteligente, que oferece alto desempenho, funcionamento silencioso e grande versatilidade.<\/p>\n","protected":false},"featured_media":30680,"template":"","meta":{"_acf_changed":false,"content-type":""},"product_brand":[],"product_cat":[1654,1715],"product_tag":[],"class_list":{"0":"post-30595","1":"product","2":"type-product","3":"status-publish","4":"has-post-thumbnail","6":"product_cat-seawater-pt","7":"product_cat-aquarium-equipment","9":"first","10":"instock","11":"taxable","12":"shipping-taxable","13":"purchasable","14":"product-type-variable"},"acf":[],"yoast_head":"<!-- This site is optimized with the Yoast SEO plugin v27.1.1 - https:\/\/yoast.com\/product\/yoast-seo-wordpress\/ -->\n<title>Reeflow 4500 - Aquaforest<\/title>\n<meta name=\"robots\" content=\"index, follow, max-snippet:-1, max-image-preview:large, max-video-preview:-1\" \/>\n<link rel=\"canonical\" href=\"https:\/\/aquaforest.eu\/pt\/products\/seawater-pt\/aquarium-equipment\/reeflow-4500\/\" \/>\n<meta property=\"og:locale\" content=\"pt_PT\" \/>\n<meta property=\"og:type\" content=\"article\" \/>\n<meta property=\"og:title\" content=\"Reeflow 4500 - Aquaforest\" \/>\n<meta property=\"og:description\" content=\"Uma bomba de aqu\u00e1rio avan\u00e7ada e energeticamente eficiente, com controlo inteligente, que oferece alto desempenho, funcionamento silencioso e grande versatilidade.\" \/>\n<meta property=\"og:url\" content=\"https:\/\/aquaforest.eu\/pt\/products\/seawater-pt\/aquarium-equipment\/reeflow-4500\/\" \/>\n<meta property=\"og:site_name\" content=\"Aquaforest\" \/>\n<meta property=\"article:publisher\" content=\"https:\/\/www.facebook.com\/Aquaforest\/\" \/>\n<meta property=\"article:modified_time\" content=\"2026-04-24T09:31:46+00:00\" \/>\n<meta property=\"og:image\" content=\"https:\/\/aquaforest.eu\/wp-content\/uploads\/2026\/04\/reeflow-4500-1.png\" \/>\n\t<meta property=\"og:image:width\" content=\"2000\" \/>\n\t<meta property=\"og:image:height\" content=\"2000\" \/>\n\t<meta property=\"og:image:type\" content=\"image\/png\" \/>\n<meta name=\"twitter:card\" content=\"summary_large_image\" \/>\n<meta name=\"twitter:label1\" content=\"Tempo estimado de leitura\" \/>\n\t<meta name=\"twitter:data1\" content=\"2 minutos\" \/>\n<script type=\"application\/ld+json\" class=\"yoast-schema-graph\">{\"@context\":\"https:\/\/schema.org\",\"@graph\":[{\"@type\":\"WebPage\",\"@id\":\"https:\/\/aquaforest.eu\/pt\/products\/seawater-pt\/aquarium-equipment\/reeflow-4500\/\",\"url\":\"https:\/\/aquaforest.eu\/pt\/products\/seawater-pt\/aquarium-equipment\/reeflow-4500\/\",\"name\":\"Reeflow 4500 - Aquaforest\",\"isPartOf\":{\"@id\":\"https:\/\/aquaforest.eu\/pt\/#website\"},\"primaryImageOfPage\":{\"@id\":\"https:\/\/aquaforest.eu\/pt\/products\/seawater-pt\/aquarium-equipment\/reeflow-4500\/#primaryimage\"},\"image\":{\"@id\":\"https:\/\/aquaforest.eu\/pt\/products\/seawater-pt\/aquarium-equipment\/reeflow-4500\/#primaryimage\"},\"thumbnailUrl\":\"https:\/\/aquaforest.eu\/wp-content\/uploads\/2026\/04\/reeflow-4500-1.png\",\"datePublished\":\"2026-04-23T13:59:39+00:00\",\"dateModified\":\"2026-04-24T09:31:46+00:00\",\"breadcrumb\":{\"@id\":\"https:\/\/aquaforest.eu\/pt\/products\/seawater-pt\/aquarium-equipment\/reeflow-4500\/#breadcrumb\"},\"inLanguage\":\"pt-PT\",\"potentialAction\":[{\"@type\":\"ReadAction\",\"target\":[\"https:\/\/aquaforest.eu\/pt\/products\/seawater-pt\/aquarium-equipment\/reeflow-4500\/\"]}]},{\"@type\":\"ImageObject\",\"inLanguage\":\"pt-PT\",\"@id\":\"https:\/\/aquaforest.eu\/pt\/products\/seawater-pt\/aquarium-equipment\/reeflow-4500\/#primaryimage\",\"url\":\"https:\/\/aquaforest.eu\/wp-content\/uploads\/2026\/04\/reeflow-4500-1.png\",\"contentUrl\":\"https:\/\/aquaforest.eu\/wp-content\/uploads\/2026\/04\/reeflow-4500-1.png\",\"width\":2000,\"height\":2000},{\"@type\":\"BreadcrumbList\",\"@id\":\"https:\/\/aquaforest.eu\/pt\/products\/seawater-pt\/aquarium-equipment\/reeflow-4500\/#breadcrumb\",\"itemListElement\":[{\"@type\":\"ListItem\",\"position\":1,\"name\":\"Home\",\"item\":\"https:\/\/aquaforest.eu\/pt\/\"},{\"@type\":\"ListItem\",\"position\":2,\"name\":\"Produtos\",\"item\":\"https:\/\/aquaforest.eu\/pt\/produtos\/\"},{\"@type\":\"ListItem\",\"position\":3,\"name\":\"Reeflow 4500\"}]},{\"@type\":\"WebSite\",\"@id\":\"https:\/\/aquaforest.eu\/pt\/#website\",\"url\":\"https:\/\/aquaforest.eu\/pt\/\",\"name\":\"Aquaforest\",\"description\":\"\",\"publisher\":{\"@id\":\"https:\/\/aquaforest.eu\/pt\/#organization\"},\"potentialAction\":[{\"@type\":\"SearchAction\",\"target\":{\"@type\":\"EntryPoint\",\"urlTemplate\":\"https:\/\/aquaforest.eu\/pt\/?s={search_term_string}\"},\"query-input\":{\"@type\":\"PropertyValueSpecification\",\"valueRequired\":true,\"valueName\":\"search_term_string\"}}],\"inLanguage\":\"pt-PT\"},{\"@type\":\"Organization\",\"@id\":\"https:\/\/aquaforest.eu\/pt\/#organization\",\"name\":\"Aquaforest\",\"url\":\"https:\/\/aquaforest.eu\/pt\/\",\"logo\":{\"@type\":\"ImageObject\",\"inLanguage\":\"pt-PT\",\"@id\":\"https:\/\/aquaforest.eu\/pt\/#\/schema\/logo\/image\/\",\"url\":\"https:\/\/aquaforest.eu\/wp-content\/uploads\/2024\/05\/logotyp-aquaforest.svg\",\"contentUrl\":\"https:\/\/aquaforest.eu\/wp-content\/uploads\/2024\/05\/logotyp-aquaforest.svg\",\"width\":170,\"height\":22,\"caption\":\"Aquaforest\"},\"image\":{\"@id\":\"https:\/\/aquaforest.eu\/pt\/#\/schema\/logo\/image\/\"},\"sameAs\":[\"https:\/\/www.facebook.com\/Aquaforest\/\",\"https:\/\/www.instagram.com\/aquaforest.eu\/\"]}]}<\/script>\n<!-- \/ Yoast SEO plugin. -->","yoast_head_json":{"title":"Reeflow 4500 - Aquaforest","robots":{"index":"index","follow":"follow","max-snippet":"max-snippet:-1","max-image-preview":"max-image-preview:large","max-video-preview":"max-video-preview:-1"},"canonical":"https:\/\/aquaforest.eu\/pt\/products\/seawater-pt\/aquarium-equipment\/reeflow-4500\/","og_locale":"pt_PT","og_type":"article","og_title":"Reeflow 4500 - Aquaforest","og_description":"Uma bomba de aqu\u00e1rio avan\u00e7ada e energeticamente eficiente, com controlo inteligente, que oferece alto desempenho, funcionamento silencioso e grande versatilidade.","og_url":"https:\/\/aquaforest.eu\/pt\/products\/seawater-pt\/aquarium-equipment\/reeflow-4500\/","og_site_name":"Aquaforest","article_publisher":"https:\/\/www.facebook.com\/Aquaforest\/","article_modified_time":"2026-04-24T09:31:46+00:00","og_image":[{"width":2000,"height":2000,"url":"https:\/\/aquaforest.eu\/wp-content\/uploads\/2026\/04\/reeflow-4500-1.png","type":"image\/png"}],"twitter_card":"summary_large_image","twitter_misc":{"Tempo estimado de leitura":"2 minutos"},"schema":{"@context":"https:\/\/schema.org","@graph":[{"@type":"WebPage","@id":"https:\/\/aquaforest.eu\/pt\/products\/seawater-pt\/aquarium-equipment\/reeflow-4500\/","url":"https:\/\/aquaforest.eu\/pt\/products\/seawater-pt\/aquarium-equipment\/reeflow-4500\/","name":"Reeflow 4500 - Aquaforest","isPartOf":{"@id":"https:\/\/aquaforest.eu\/pt\/#website"},"primaryImageOfPage":{"@id":"https:\/\/aquaforest.eu\/pt\/products\/seawater-pt\/aquarium-equipment\/reeflow-4500\/#primaryimage"},"image":{"@id":"https:\/\/aquaforest.eu\/pt\/products\/seawater-pt\/aquarium-equipment\/reeflow-4500\/#primaryimage"},"thumbnailUrl":"https:\/\/aquaforest.eu\/wp-content\/uploads\/2026\/04\/reeflow-4500-1.png","datePublished":"2026-04-23T13:59:39+00:00","dateModified":"2026-04-24T09:31:46+00:00","breadcrumb":{"@id":"https:\/\/aquaforest.eu\/pt\/products\/seawater-pt\/aquarium-equipment\/reeflow-4500\/#breadcrumb"},"inLanguage":"pt-PT","potentialAction":[{"@type":"ReadAction","target":["https:\/\/aquaforest.eu\/pt\/products\/seawater-pt\/aquarium-equipment\/reeflow-4500\/"]}]},{"@type":"ImageObject","inLanguage":"pt-PT","@id":"https:\/\/aquaforest.eu\/pt\/products\/seawater-pt\/aquarium-equipment\/reeflow-4500\/#primaryimage","url":"https:\/\/aquaforest.eu\/wp-content\/uploads\/2026\/04\/reeflow-4500-1.png","contentUrl":"https:\/\/aquaforest.eu\/wp-content\/uploads\/2026\/04\/reeflow-4500-1.png","width":2000,"height":2000},{"@type":"BreadcrumbList","@id":"https:\/\/aquaforest.eu\/pt\/products\/seawater-pt\/aquarium-equipment\/reeflow-4500\/#breadcrumb","itemListElement":[{"@type":"ListItem","position":1,"name":"Home","item":"https:\/\/aquaforest.eu\/pt\/"},{"@type":"ListItem","position":2,"name":"Produtos","item":"https:\/\/aquaforest.eu\/pt\/produtos\/"},{"@type":"ListItem","position":3,"name":"Reeflow 4500"}]},{"@type":"WebSite","@id":"https:\/\/aquaforest.eu\/pt\/#website","url":"https:\/\/aquaforest.eu\/pt\/","name":"Aquaforest","description":"","publisher":{"@id":"https:\/\/aquaforest.eu\/pt\/#organization"},"potentialAction":[{"@type":"SearchAction","target":{"@type":"EntryPoint","urlTemplate":"https:\/\/aquaforest.eu\/pt\/?s={search_term_string}"},"query-input":{"@type":"PropertyValueSpecification","valueRequired":true,"valueName":"search_term_string"}}],"inLanguage":"pt-PT"},{"@type":"Organization","@id":"https:\/\/aquaforest.eu\/pt\/#organization","name":"Aquaforest","url":"https:\/\/aquaforest.eu\/pt\/","logo":{"@type":"ImageObject","inLanguage":"pt-PT","@id":"https:\/\/aquaforest.eu\/pt\/#\/schema\/logo\/image\/","url":"https:\/\/aquaforest.eu\/wp-content\/uploads\/2024\/05\/logotyp-aquaforest.svg","contentUrl":"https:\/\/aquaforest.eu\/wp-content\/uploads\/2024\/05\/logotyp-aquaforest.svg","width":170,"height":22,"caption":"Aquaforest"},"image":{"@id":"https:\/\/aquaforest.eu\/pt\/#\/schema\/logo\/image\/"},"sameAs":["https:\/\/www.facebook.com\/Aquaforest\/","https:\/\/www.instagram.com\/aquaforest.eu\/"]}]}},"_links":{"self":[{"href":"https:\/\/aquaforest.eu\/pt\/wp-json\/wp\/v2\/product\/30595","targetHints":{"allow":["GET"]}}],"collection":[{"href":"https:\/\/aquaforest.eu\/pt\/wp-json\/wp\/v2\/product"}],"about":[{"href":"https:\/\/aquaforest.eu\/pt\/wp-json\/wp\/v2\/types\/product"}],"version-history":[{"count":3,"href":"https:\/\/aquaforest.eu\/pt\/wp-json\/wp\/v2\/product\/30595\/revisions"}],"predecessor-version":[{"id":30694,"href":"https:\/\/aquaforest.eu\/pt\/wp-json\/wp\/v2\/product\/30595\/revisions\/30694"}],"wp:featuredmedia":[{"embeddable":true,"href":"https:\/\/aquaforest.eu\/pt\/wp-json\/wp\/v2\/media\/30680"}],"wp:attachment":[{"href":"https:\/\/aquaforest.eu\/pt\/wp-json\/wp\/v2\/media?parent=30595"}],"wp:term":[{"taxonomy":"product_brand","embeddable":true,"href":"https:\/\/aquaforest.eu\/pt\/wp-json\/wp\/v2\/product_brand?post=30595"},{"taxonomy":"product_cat","embeddable":true,"href":"https:\/\/aquaforest.eu\/pt\/wp-json\/wp\/v2\/product_cat?post=30595"},{"taxonomy":"product_tag","embeddable":true,"href":"https:\/\/aquaforest.eu\/pt\/wp-json\/wp\/v2\/product_tag?post=30595"}],"curies":[{"name":"wp","href":"https:\/\/api.w.org\/{rel}","templated":true}]}}