{"id":30623,"date":"2026-04-27T15:05:18","date_gmt":"2026-04-27T13:05:18","guid":{"rendered":"https:\/\/aquaforest.eu\/?post_type=product&#038;p=30623"},"modified":"2026-04-28T11:04:10","modified_gmt":"2026-04-28T09:04:10","slug":"mix-bites-s","status":"publish","type":"product","link":"https:\/\/aquaforest.eu\/pt\/products\/pond\/mix-bites-s\/","title":{"rendered":"Mix Bites S"},"content":{"rendered":"<h3 data-start=\"132\" data-end=\"437\"><strong>Alimento completo para a alimenta\u00e7\u00e3o di\u00e1ria de peixes em lagos e lagos ornamentais<\/strong><\/h3>\n<p data-start=\"132\" data-end=\"437\">Aquaforest Mix Bites \u00e9 um alimento vers\u00e1til para uso di\u00e1rio, concebido para uma alimenta\u00e7\u00e3o est\u00e1vel durante todo o ano de peixes ornamentais. A sua f\u00f3rmula combina tr\u00eas tipos de granulados numa mistura variada, fornecendo um amplo espectro de nutrientes sem a necessidade de alternar diferentes alimentos.<\/p>\n<p data-start=\"439\" data-end=\"798\">Uma composi\u00e7\u00e3o equilibrada de ingredientes de origem vegetal e animal garante um fornecimento adequado de prote\u00ednas, energia e micronutrientes, apoiando o crescimento, a regenera\u00e7\u00e3o e a condi\u00e7\u00e3o geral dos peixes. A adi\u00e7\u00e3o de spirulina, algas e pigmentos naturais promove uma colora\u00e7\u00e3o intensa e saud\u00e1vel, ao mesmo tempo que refor\u00e7a a imunidade e a vitalidade.<\/p>\n<p data-start=\"800\" data-end=\"1123\">A f\u00f3rmula \u00e9 enriquecida com g\u00e9rmen de trigo, que melhora a digestibilidade, sendo especialmente importante em condi\u00e7\u00f5es de varia\u00e7\u00f5es de temperatura da \u00e1gua. Gra\u00e7as a isso, o Mix Bites \u00e9 adequado tanto para per\u00edodos de maior atividade como para fases mais frias, sendo ideal para a manuten\u00e7\u00e3o do lago ao longo de todo o ano.<\/p>\n<h3 data-start=\"1125\" data-end=\"1472\"><strong data-start=\"1125\" data-end=\"1156\">Por que escolher Mix Bites?<\/strong><\/h3>\n<ul>\n<li data-start=\"1125\" data-end=\"1472\">Nutri\u00e7\u00e3o di\u00e1ria equilibrada para peixes de lago<\/li>\n<li data-start=\"1125\" data-end=\"1472\">Cores naturalmente intensas gra\u00e7as \u00e0 astaxantina<\/li>\n<li data-start=\"1125\" data-end=\"1472\">Suporte \u00e0 imunidade e vitalidade (spirulina, algas)<\/li>\n<li data-start=\"1125\" data-end=\"1472\">F\u00f3rmula de f\u00e1cil digest\u00e3o com g\u00e9rmen de trigo<\/li>\n<li data-start=\"1125\" data-end=\"1472\">Prote\u00edna de alta qualidade, incluindo farinha de insetos<\/li>\n<li data-start=\"1125\" data-end=\"1472\">Um \u00fanico alimento para toda a esta\u00e7\u00e3o<\/li>\n<\/ul>\n<h3 data-start=\"1474\" data-end=\"1690\"><strong data-start=\"1474\" data-end=\"1488\">Composi\u00e7\u00e3o<\/strong><\/h3>\n<p data-start=\"1474\" data-end=\"1690\">Produtos de origem vegetal (incluindo g\u00e9rmen de trigo, p\u00f3 de beterraba), peixes e derivados de peixe, \u00f3leos de peixe, cereais, spirulina, farinha de insetos, algas, curcuma, leveduras, antioxidantes.<\/p>\n<h3 data-start=\"1692\" data-end=\"1914\"><strong data-start=\"1692\" data-end=\"1704\">Aditivos<\/strong><\/h3>\n<p data-start=\"1692\" data-end=\"1914\"><br data-start=\"1704\" data-end=\"1707\" \/>Vitamina A 10.669 UI\/kg, Vitamina D3 2.957 UI\/kg<br data-start=\"1755\" data-end=\"1758\" \/>Oligoelementos: ferro 40,2 mg\/kg, iodo 3,4 mg\/kg, cobre 3,4 mg\/kg, mangan\u00eas 15,1 mg\/kg, zinco 40,2 mg\/kg, sel\u00e9nio 0,2 mg\/kg<br data-start=\"1881\" data-end=\"1884\" \/>Corante: astaxantina 1 mg\/kg<\/p>\n<h3><strong data-start=\"1916\" data-end=\"1942\">Componentes anal\u00edticos<\/strong><\/h3>\n<ul>\n<li>Prote\u00edna: 32%<\/li>\n<li>Gordura bruta: 6%<\/li>\n<li>Fibra bruta: 2%<\/li>\n<li>Cinzas brutas: 10,7%<\/li>\n<\/ul>\n<h3 data-start=\"2023\" data-end=\"2369\"><strong data-start=\"2023\" data-end=\"2034\">Dosagem<\/strong><\/h3>\n<p data-start=\"2023\" data-end=\"2369\">Alimentar 2\u20134 vezes por dia, dependendo do tamanho dos peixes e da temperatura da \u00e1gua. Fornecer apenas a quantidade que os peixes conseguem consumir em at\u00e9 5 minutos.<br data-start=\"2204\" data-end=\"2207\" \/>A temperaturas abaixo de 10\u00b0C, reduzir a alimenta\u00e7\u00e3o para algumas vezes por semana.<br data-start=\"2290\" data-end=\"2293\" \/>N\u00e3o alimentar os peixes quando a temperatura da \u00e1gua descer abaixo de 6\u00b0C.<\/p>\n<h3 data-start=\"2371\" data-end=\"2419\"><strong data-start=\"2371\" data-end=\"2395\">Tamanhos dispon\u00edveis<\/strong><\/h3>\n<p data-start=\"2371\" data-end=\"2419\">S \u2013 3 mm<br data-start=\"2406\" data-end=\"2409\" \/>M \u2013 6 mm<\/p>\n<p data-start=\"2421\" data-end=\"2526\" data-is-last-node=\"\" data-is-only-node=\"\">N\u00e3o destinado ao consumo humano. Armazenar em local seco e \u00e0 sombra. Manter fora do alcance das crian\u00e7as.<\/p>\n","protected":false},"excerpt":{"rendered":"<p data-start=\"0\" data-end=\"130\">Um alimento completo para todo o ano, desenvolvido para apoiar a sa\u00fade, a colora\u00e7\u00e3o e o sistema imunit\u00e1rio dos peixes de lago.<\/p>\n","protected":false},"featured_media":30612,"template":"","meta":{"_acf_changed":false,"content-type":""},"product_brand":[],"product_cat":[2050],"product_tag":[],"class_list":{"0":"post-30623","1":"product","2":"type-product","3":"status-publish","4":"has-post-thumbnail","6":"product_cat-pond","8":"first","9":"instock","10":"taxable","11":"shipping-taxable","12":"purchasable","13":"product-type-variable"},"acf":[],"yoast_head":"<!-- This site is optimized with the Yoast SEO plugin v27.1.1 - https:\/\/yoast.com\/product\/yoast-seo-wordpress\/ -->\n<title>Mix Bites S - Aquaforest<\/title>\n<meta name=\"robots\" content=\"index, follow, max-snippet:-1, max-image-preview:large, max-video-preview:-1\" \/>\n<link rel=\"canonical\" href=\"https:\/\/aquaforest.eu\/pt\/products\/pond\/mix-bites-s\/\" \/>\n<meta property=\"og:locale\" content=\"pt_PT\" \/>\n<meta property=\"og:type\" content=\"article\" \/>\n<meta property=\"og:title\" content=\"Mix Bites S - Aquaforest\" \/>\n<meta property=\"og:description\" content=\"Um alimento completo para todo o ano, desenvolvido para apoiar a sa\u00fade, a colora\u00e7\u00e3o e o sistema imunit\u00e1rio dos peixes de lago.\" \/>\n<meta property=\"og:url\" content=\"https:\/\/aquaforest.eu\/pt\/products\/pond\/mix-bites-s\/\" \/>\n<meta property=\"og:site_name\" content=\"Aquaforest\" \/>\n<meta property=\"article:publisher\" content=\"https:\/\/www.facebook.com\/Aquaforest\/\" \/>\n<meta property=\"article:modified_time\" content=\"2026-04-28T09:04:10+00:00\" \/>\n<meta property=\"og:image\" content=\"https:\/\/aquaforest.eu\/wp-content\/uploads\/2026\/04\/Mix-Bites-S.png\" \/>\n\t<meta property=\"og:image:width\" content=\"2336\" \/>\n\t<meta property=\"og:image:height\" content=\"2336\" \/>\n\t<meta property=\"og:image:type\" content=\"image\/png\" \/>\n<meta name=\"twitter:card\" content=\"summary_large_image\" \/>\n<meta name=\"twitter:label1\" content=\"Tempo estimado de leitura\" \/>\n\t<meta name=\"twitter:data1\" content=\"2 minutos\" \/>\n<script type=\"application\/ld+json\" class=\"yoast-schema-graph\">{\"@context\":\"https:\/\/schema.org\",\"@graph\":[{\"@type\":\"WebPage\",\"@id\":\"https:\/\/aquaforest.eu\/pt\/products\/pond\/mix-bites-s\/\",\"url\":\"https:\/\/aquaforest.eu\/pt\/products\/pond\/mix-bites-s\/\",\"name\":\"Mix Bites S - Aquaforest\",\"isPartOf\":{\"@id\":\"https:\/\/aquaforest.eu\/pt\/#website\"},\"primaryImageOfPage\":{\"@id\":\"https:\/\/aquaforest.eu\/pt\/products\/pond\/mix-bites-s\/#primaryimage\"},\"image\":{\"@id\":\"https:\/\/aquaforest.eu\/pt\/products\/pond\/mix-bites-s\/#primaryimage\"},\"thumbnailUrl\":\"https:\/\/aquaforest.eu\/wp-content\/uploads\/2026\/04\/Mix-Bites-S.png\",\"datePublished\":\"2026-04-27T13:05:18+00:00\",\"dateModified\":\"2026-04-28T09:04:10+00:00\",\"breadcrumb\":{\"@id\":\"https:\/\/aquaforest.eu\/pt\/products\/pond\/mix-bites-s\/#breadcrumb\"},\"inLanguage\":\"pt-PT\",\"potentialAction\":[{\"@type\":\"ReadAction\",\"target\":[\"https:\/\/aquaforest.eu\/pt\/products\/pond\/mix-bites-s\/\"]}]},{\"@type\":\"ImageObject\",\"inLanguage\":\"pt-PT\",\"@id\":\"https:\/\/aquaforest.eu\/pt\/products\/pond\/mix-bites-s\/#primaryimage\",\"url\":\"https:\/\/aquaforest.eu\/wp-content\/uploads\/2026\/04\/Mix-Bites-S.png\",\"contentUrl\":\"https:\/\/aquaforest.eu\/wp-content\/uploads\/2026\/04\/Mix-Bites-S.png\",\"width\":2336,\"height\":2336},{\"@type\":\"BreadcrumbList\",\"@id\":\"https:\/\/aquaforest.eu\/pt\/products\/pond\/mix-bites-s\/#breadcrumb\",\"itemListElement\":[{\"@type\":\"ListItem\",\"position\":1,\"name\":\"Home\",\"item\":\"https:\/\/aquaforest.eu\/pt\/\"},{\"@type\":\"ListItem\",\"position\":2,\"name\":\"Produtos\",\"item\":\"https:\/\/aquaforest.eu\/pt\/produtos\/\"},{\"@type\":\"ListItem\",\"position\":3,\"name\":\"Mix Bites S\"}]},{\"@type\":\"WebSite\",\"@id\":\"https:\/\/aquaforest.eu\/pt\/#website\",\"url\":\"https:\/\/aquaforest.eu\/pt\/\",\"name\":\"Aquaforest\",\"description\":\"\",\"publisher\":{\"@id\":\"https:\/\/aquaforest.eu\/pt\/#organization\"},\"potentialAction\":[{\"@type\":\"SearchAction\",\"target\":{\"@type\":\"EntryPoint\",\"urlTemplate\":\"https:\/\/aquaforest.eu\/pt\/?s={search_term_string}\"},\"query-input\":{\"@type\":\"PropertyValueSpecification\",\"valueRequired\":true,\"valueName\":\"search_term_string\"}}],\"inLanguage\":\"pt-PT\"},{\"@type\":\"Organization\",\"@id\":\"https:\/\/aquaforest.eu\/pt\/#organization\",\"name\":\"Aquaforest\",\"url\":\"https:\/\/aquaforest.eu\/pt\/\",\"logo\":{\"@type\":\"ImageObject\",\"inLanguage\":\"pt-PT\",\"@id\":\"https:\/\/aquaforest.eu\/pt\/#\/schema\/logo\/image\/\",\"url\":\"https:\/\/aquaforest.eu\/wp-content\/uploads\/2024\/05\/logotyp-aquaforest.svg\",\"contentUrl\":\"https:\/\/aquaforest.eu\/wp-content\/uploads\/2024\/05\/logotyp-aquaforest.svg\",\"width\":170,\"height\":22,\"caption\":\"Aquaforest\"},\"image\":{\"@id\":\"https:\/\/aquaforest.eu\/pt\/#\/schema\/logo\/image\/\"},\"sameAs\":[\"https:\/\/www.facebook.com\/Aquaforest\/\",\"https:\/\/www.instagram.com\/aquaforest.eu\/\"]}]}<\/script>\n<!-- \/ Yoast SEO plugin. -->","yoast_head_json":{"title":"Mix Bites S - Aquaforest","robots":{"index":"index","follow":"follow","max-snippet":"max-snippet:-1","max-image-preview":"max-image-preview:large","max-video-preview":"max-video-preview:-1"},"canonical":"https:\/\/aquaforest.eu\/pt\/products\/pond\/mix-bites-s\/","og_locale":"pt_PT","og_type":"article","og_title":"Mix Bites S - Aquaforest","og_description":"Um alimento completo para todo o ano, desenvolvido para apoiar a sa\u00fade, a colora\u00e7\u00e3o e o sistema imunit\u00e1rio dos peixes de lago.","og_url":"https:\/\/aquaforest.eu\/pt\/products\/pond\/mix-bites-s\/","og_site_name":"Aquaforest","article_publisher":"https:\/\/www.facebook.com\/Aquaforest\/","article_modified_time":"2026-04-28T09:04:10+00:00","og_image":[{"width":2336,"height":2336,"url":"https:\/\/aquaforest.eu\/wp-content\/uploads\/2026\/04\/Mix-Bites-S.png","type":"image\/png"}],"twitter_card":"summary_large_image","twitter_misc":{"Tempo estimado de leitura":"2 minutos"},"schema":{"@context":"https:\/\/schema.org","@graph":[{"@type":"WebPage","@id":"https:\/\/aquaforest.eu\/pt\/products\/pond\/mix-bites-s\/","url":"https:\/\/aquaforest.eu\/pt\/products\/pond\/mix-bites-s\/","name":"Mix Bites S - Aquaforest","isPartOf":{"@id":"https:\/\/aquaforest.eu\/pt\/#website"},"primaryImageOfPage":{"@id":"https:\/\/aquaforest.eu\/pt\/products\/pond\/mix-bites-s\/#primaryimage"},"image":{"@id":"https:\/\/aquaforest.eu\/pt\/products\/pond\/mix-bites-s\/#primaryimage"},"thumbnailUrl":"https:\/\/aquaforest.eu\/wp-content\/uploads\/2026\/04\/Mix-Bites-S.png","datePublished":"2026-04-27T13:05:18+00:00","dateModified":"2026-04-28T09:04:10+00:00","breadcrumb":{"@id":"https:\/\/aquaforest.eu\/pt\/products\/pond\/mix-bites-s\/#breadcrumb"},"inLanguage":"pt-PT","potentialAction":[{"@type":"ReadAction","target":["https:\/\/aquaforest.eu\/pt\/products\/pond\/mix-bites-s\/"]}]},{"@type":"ImageObject","inLanguage":"pt-PT","@id":"https:\/\/aquaforest.eu\/pt\/products\/pond\/mix-bites-s\/#primaryimage","url":"https:\/\/aquaforest.eu\/wp-content\/uploads\/2026\/04\/Mix-Bites-S.png","contentUrl":"https:\/\/aquaforest.eu\/wp-content\/uploads\/2026\/04\/Mix-Bites-S.png","width":2336,"height":2336},{"@type":"BreadcrumbList","@id":"https:\/\/aquaforest.eu\/pt\/products\/pond\/mix-bites-s\/#breadcrumb","itemListElement":[{"@type":"ListItem","position":1,"name":"Home","item":"https:\/\/aquaforest.eu\/pt\/"},{"@type":"ListItem","position":2,"name":"Produtos","item":"https:\/\/aquaforest.eu\/pt\/produtos\/"},{"@type":"ListItem","position":3,"name":"Mix Bites S"}]},{"@type":"WebSite","@id":"https:\/\/aquaforest.eu\/pt\/#website","url":"https:\/\/aquaforest.eu\/pt\/","name":"Aquaforest","description":"","publisher":{"@id":"https:\/\/aquaforest.eu\/pt\/#organization"},"potentialAction":[{"@type":"SearchAction","target":{"@type":"EntryPoint","urlTemplate":"https:\/\/aquaforest.eu\/pt\/?s={search_term_string}"},"query-input":{"@type":"PropertyValueSpecification","valueRequired":true,"valueName":"search_term_string"}}],"inLanguage":"pt-PT"},{"@type":"Organization","@id":"https:\/\/aquaforest.eu\/pt\/#organization","name":"Aquaforest","url":"https:\/\/aquaforest.eu\/pt\/","logo":{"@type":"ImageObject","inLanguage":"pt-PT","@id":"https:\/\/aquaforest.eu\/pt\/#\/schema\/logo\/image\/","url":"https:\/\/aquaforest.eu\/wp-content\/uploads\/2024\/05\/logotyp-aquaforest.svg","contentUrl":"https:\/\/aquaforest.eu\/wp-content\/uploads\/2024\/05\/logotyp-aquaforest.svg","width":170,"height":22,"caption":"Aquaforest"},"image":{"@id":"https:\/\/aquaforest.eu\/pt\/#\/schema\/logo\/image\/"},"sameAs":["https:\/\/www.facebook.com\/Aquaforest\/","https:\/\/www.instagram.com\/aquaforest.eu\/"]}]}},"_links":{"self":[{"href":"https:\/\/aquaforest.eu\/pt\/wp-json\/wp\/v2\/product\/30623","targetHints":{"allow":["GET"]}}],"collection":[{"href":"https:\/\/aquaforest.eu\/pt\/wp-json\/wp\/v2\/product"}],"about":[{"href":"https:\/\/aquaforest.eu\/pt\/wp-json\/wp\/v2\/types\/product"}],"version-history":[{"count":6,"href":"https:\/\/aquaforest.eu\/pt\/wp-json\/wp\/v2\/product\/30623\/revisions"}],"predecessor-version":[{"id":31006,"href":"https:\/\/aquaforest.eu\/pt\/wp-json\/wp\/v2\/product\/30623\/revisions\/31006"}],"wp:featuredmedia":[{"embeddable":true,"href":"https:\/\/aquaforest.eu\/pt\/wp-json\/wp\/v2\/media\/30612"}],"wp:attachment":[{"href":"https:\/\/aquaforest.eu\/pt\/wp-json\/wp\/v2\/media?parent=30623"}],"wp:term":[{"taxonomy":"product_brand","embeddable":true,"href":"https:\/\/aquaforest.eu\/pt\/wp-json\/wp\/v2\/product_brand?post=30623"},{"taxonomy":"product_cat","embeddable":true,"href":"https:\/\/aquaforest.eu\/pt\/wp-json\/wp\/v2\/product_cat?post=30623"},{"taxonomy":"product_tag","embeddable":true,"href":"https:\/\/aquaforest.eu\/pt\/wp-json\/wp\/v2\/product_tag?post=30623"}],"curies":[{"name":"wp","href":"https:\/\/api.w.org\/{rel}","templated":true}]}}